{"id":45196,"date":"2025-01-18T14:20:13","date_gmt":"2025-01-18T20:20:13","guid":{"rendered":"https:\/\/everybrainmatters.org\/capitulo-estatal-de-idaho\/"},"modified":"2025-10-16T08:33:41","modified_gmt":"2025-10-16T13:33:41","slug":"capitulo-estatal-de-idaho","status":"publish","type":"page","link":"https:\/\/everybrainmatters.org\/es\/capitulo-estatal-de-idaho\/","title":{"rendered":"Cap\u00edtulo estatal de Idaho"},"content":{"rendered":"\n<p>El cap\u00edtulo estatal de Every Brain Matters en Idaho est\u00e1 compuesto por l\u00edderes familiares con experiencia personal que apoyan a familias que lidian con el abuso de sustancias, problemas de salud mental o problemas relacionados con el consumo de cannabis. Conectan a las familias con los recursos apropiados y abogan por oportunidades educativas, prevenci\u00f3n y esfuerzos de recuperaci\u00f3n para mejorar la salud y la seguridad de la comunidad. Su objetivo es reducir los da\u00f1os asociados con la marihuana industrial.  <\/p>\n\n<p>Para obtener m\u00e1s informaci\u00f3n, env\u00ede un correo electr\u00f3nico a los l\u00edderes que se enumeran a continuaci\u00f3n y considere proteger a los habitantes de Idaho de los da\u00f1os de la marihuana industrializada <a href=\"https:\/\/givebutter.com\/everybrainmattersidaho\"><strong>donando en este enlace.<\/strong><\/a><\/p>\n\n<div class=\"wp-block-columns is-layout-flex wp-container-core-columns-is-layout-9d6595d7 wp-block-columns-is-layout-flex\">\n<div class=\"wp-block-column is-layout-flow wp-block-column-is-layout-flow\">\n<figure class=\"wp-block-image size-large\"><a href=\"https:\/\/everybrainmatters.org\/wp-content\/uploads\/Mary-Maas-welcome-to-team-1.png\"><img loading=\"lazy\" decoding=\"async\" width=\"1024\" height=\"1024\" src=\"https:\/\/everybrainmatters.org\/wp-content\/uploads\/Mary-Maas-welcome-to-team-1-1024x1024.png\" alt=\"\" class=\"wp-image-37061\" srcset=\"https:\/\/everybrainmatters.org\/wp-content\/uploads\/Mary-Maas-welcome-to-team-1-1024x1024.png 1024w, https:\/\/everybrainmatters.org\/wp-content\/uploads\/Mary-Maas-welcome-to-team-1-300x300.png 300w, https:\/\/everybrainmatters.org\/wp-content\/uploads\/Mary-Maas-welcome-to-team-1-150x150.png 150w, https:\/\/everybrainmatters.org\/wp-content\/uploads\/Mary-Maas-welcome-to-team-1-768x768.png 768w, https:\/\/everybrainmatters.org\/wp-content\/uploads\/Mary-Maas-welcome-to-team-1-600x600.png 600w, https:\/\/everybrainmatters.org\/wp-content\/uploads\/Mary-Maas-welcome-to-team-1-100x100.png 100w, https:\/\/everybrainmatters.org\/wp-content\/uploads\/Mary-Maas-welcome-to-team-1.png 1080w\" sizes=\"auto, (max-width: 1024px) 100vw, 1024px\" \/><\/a><\/figure>\n<\/div>\n\n\n\n<div class=\"wp-block-column is-layout-flow wp-block-column-is-layout-flow\">\n<figure class=\"wp-block-image size-large\"><a href=\"https:\/\/everybrainmatters.org\/wp-content\/uploads\/Kally-McFee-welcome-to-team-3.png\"><img loading=\"lazy\" decoding=\"async\" width=\"1024\" height=\"1024\" src=\"https:\/\/everybrainmatters.org\/wp-content\/uploads\/Kally-McFee-welcome-to-team-3-1024x1024.png\" alt=\"\" class=\"wp-image-37062\" srcset=\"https:\/\/everybrainmatters.org\/wp-content\/uploads\/Kally-McFee-welcome-to-team-3-1024x1024.png 1024w, https:\/\/everybrainmatters.org\/wp-content\/uploads\/Kally-McFee-welcome-to-team-3-300x300.png 300w, https:\/\/everybrainmatters.org\/wp-content\/uploads\/Kally-McFee-welcome-to-team-3-150x150.png 150w, https:\/\/everybrainmatters.org\/wp-content\/uploads\/Kally-McFee-welcome-to-team-3-768x768.png 768w, https:\/\/everybrainmatters.org\/wp-content\/uploads\/Kally-McFee-welcome-to-team-3-600x600.png 600w, https:\/\/everybrainmatters.org\/wp-content\/uploads\/Kally-McFee-welcome-to-team-3-100x100.png 100w, https:\/\/everybrainmatters.org\/wp-content\/uploads\/Kally-McFee-welcome-to-team-3.png 1080w\" sizes=\"auto, (max-width: 1024px) 100vw, 1024px\" \/><\/a><\/figure>\n<\/div>\n\n\n\n<div class=\"wp-block-column is-layout-flow wp-block-column-is-layout-flow\">\n<figure class=\"wp-block-image size-large\"><a href=\"https:\/\/everybrainmatters.org\/wp-content\/uploads\/Kally-McFee-welcome-to-team-2.png\"><img loading=\"lazy\" decoding=\"async\" width=\"1024\" height=\"1024\" src=\"https:\/\/everybrainmatters.org\/wp-content\/uploads\/Kally-McFee-welcome-to-team-2-1024x1024.png\" alt=\"\" class=\"wp-image-37045\" srcset=\"https:\/\/everybrainmatters.org\/wp-content\/uploads\/Kally-McFee-welcome-to-team-2-1024x1024.png 1024w, https:\/\/everybrainmatters.org\/wp-content\/uploads\/Kally-McFee-welcome-to-team-2-300x300.png 300w, https:\/\/everybrainmatters.org\/wp-content\/uploads\/Kally-McFee-welcome-to-team-2-150x150.png 150w, https:\/\/everybrainmatters.org\/wp-content\/uploads\/Kally-McFee-welcome-to-team-2-768x768.png 768w, https:\/\/everybrainmatters.org\/wp-content\/uploads\/Kally-McFee-welcome-to-team-2-600x600.png 600w, https:\/\/everybrainmatters.org\/wp-content\/uploads\/Kally-McFee-welcome-to-team-2-100x100.png 100w, https:\/\/everybrainmatters.org\/wp-content\/uploads\/Kally-McFee-welcome-to-team-2.png 1080w\" sizes=\"auto, (max-width: 1024px) 100vw, 1024px\" \/><\/a><\/figure>\n<\/div>\n<\/div>\n\n<div style=\"height:57px\" aria-hidden=\"true\" class=\"wp-block-spacer\"><\/div>\n\n<div class=\"wp-block-columns is-layout-flex wp-container-core-columns-is-layout-9d6595d7 wp-block-columns-is-layout-flex\">\n<div class=\"wp-block-column is-layout-flow wp-block-column-is-layout-flow\" style=\"flex-basis:66.66%\">\n<div class=\"wp-block-buttons is-layout-flex wp-block-buttons-is-layout-flex\">\n<div class=\"wp-block-button has-custom-width wp-block-button__width-100\"><a class=\"wp-block-button__link has-white-color has-gray-4-background-color has-text-color has-background has-link-color has-text-align-center wp-element-button\" href=\"https:\/\/givebutter.com\/everybrainmattersidaho\">Contribuya al cap\u00edtulo estatal de EBM en Idaho para apoyar la educaci\u00f3n cr\u00edtica asociada con el cannabis.<\/a><\/div>\n<\/div>\n<\/div>\n\n\n\n<div class=\"wp-block-column is-layout-flow wp-block-column-is-layout-flow\" style=\"flex-basis:33.33%\"><div class=\"wp-block-image\">\n<figure class=\"alignleft size-full is-resized\"><a href=\"https:\/\/everybrainmatters.org\/wp-content\/uploads\/qr-code.png\"><img loading=\"lazy\" decoding=\"async\" width=\"288\" height=\"288\" src=\"https:\/\/everybrainmatters.org\/wp-content\/uploads\/qr-code.png\" alt=\"\" class=\"wp-image-37055\" style=\"width:183px;height:auto\" srcset=\"https:\/\/everybrainmatters.org\/wp-content\/uploads\/qr-code.png 288w, https:\/\/everybrainmatters.org\/wp-content\/uploads\/qr-code-150x150.png 150w, https:\/\/everybrainmatters.org\/wp-content\/uploads\/qr-code-100x100.png 100w\" sizes=\"auto, (max-width: 288px) 100vw, 288px\" \/><\/a><\/figure><\/div><\/div>\n<\/div>\n\n<p><strong>Recursos de Idaho<\/strong><\/p>\n\n<p><\/p>\n","protected":false},"excerpt":{"rendered":"<p>El cap\u00edtulo estatal de Every Brain Matters en Idaho est\u00e1 compuesto por l\u00edderes familiares con experiencia personal que apoyan a&#8230;<\/p>\n","protected":false},"author":11,"featured_media":45200,"parent":0,"menu_order":0,"comment_status":"closed","ping_status":"closed","template":"","meta":{"_acf_changed":false,"_editorskit_title_hidden":false,"_editorskit_reading_time":0,"_editorskit_is_block_options_detached":false,"_editorskit_block_options_position":"{}","footnotes":""},"class_list":["post-45196","page","type-page","status-publish","has-post-thumbnail","hentry"],"acf":[],"yoast_head":"<!-- This site is optimized with the Yoast SEO plugin v26.1.1 - https:\/\/yoast.com\/wordpress\/plugins\/seo\/ -->\n<title>Cap\u00edtulo estatal de Idaho - Every Brain Matters<\/title>\n<meta name=\"robots\" content=\"index, follow, max-snippet:-1, max-image-preview:large, max-video-preview:-1\" \/>\n<link rel=\"canonical\" href=\"https:\/\/everybrainmatters.org\/es\/capitulo-estatal-de-idaho\/\" \/>\n<meta property=\"og:locale\" content=\"es_ES\" \/>\n<meta property=\"og:type\" content=\"article\" \/>\n<meta property=\"og:title\" content=\"Cap\u00edtulo estatal de Idaho - Every Brain Matters\" \/>\n<meta property=\"og:description\" content=\"El cap\u00edtulo estatal de Every Brain Matters en Idaho est\u00e1 compuesto por l\u00edderes familiares con experiencia personal que apoyan a...\" \/>\n<meta property=\"og:url\" content=\"https:\/\/everybrainmatters.org\/es\/capitulo-estatal-de-idaho\/\" \/>\n<meta property=\"og:site_name\" content=\"Every Brain Matters\" \/>\n<meta property=\"article:modified_time\" content=\"2025-10-16T13:33:41+00:00\" \/>\n<meta property=\"og:image\" content=\"https:\/\/everybrainmatters.org\/wp-content\/uploads\/Idaho-State-Chapter-2.png\" \/>\n\t<meta property=\"og:image:width\" content=\"1080\" \/>\n\t<meta property=\"og:image:height\" content=\"1080\" \/>\n\t<meta property=\"og:image:type\" content=\"image\/png\" \/>\n<meta name=\"twitter:card\" content=\"summary_large_image\" \/>\n<meta name=\"twitter:label1\" content=\"Est. reading time\" \/>\n\t<meta name=\"twitter:data1\" content=\"1 minuto\" \/>\n<script type=\"application\/ld+json\" class=\"yoast-schema-graph\">{\"@context\":\"https:\/\/schema.org\",\"@graph\":[{\"@type\":\"WebPage\",\"@id\":\"https:\/\/everybrainmatters.org\/es\/capitulo-estatal-de-idaho\/\",\"url\":\"https:\/\/everybrainmatters.org\/es\/capitulo-estatal-de-idaho\/\",\"name\":\"Cap\u00edtulo estatal de Idaho - Every Brain Matters\",\"isPartOf\":{\"@id\":\"https:\/\/everybrainmatters.org\/es\/#website\"},\"primaryImageOfPage\":{\"@id\":\"https:\/\/everybrainmatters.org\/es\/capitulo-estatal-de-idaho\/#primaryimage\"},\"image\":{\"@id\":\"https:\/\/everybrainmatters.org\/es\/capitulo-estatal-de-idaho\/#primaryimage\"},\"thumbnailUrl\":\"https:\/\/everybrainmatters.org\/wp-content\/uploads\/Idaho-State-Chapter-2.png\",\"datePublished\":\"2025-01-18T20:20:13+00:00\",\"dateModified\":\"2025-10-16T13:33:41+00:00\",\"breadcrumb\":{\"@id\":\"https:\/\/everybrainmatters.org\/es\/capitulo-estatal-de-idaho\/#breadcrumb\"},\"inLanguage\":\"es-ES\",\"potentialAction\":[{\"@type\":\"ReadAction\",\"target\":[\"https:\/\/everybrainmatters.org\/es\/capitulo-estatal-de-idaho\/\"]}]},{\"@type\":\"ImageObject\",\"inLanguage\":\"es-ES\",\"@id\":\"https:\/\/everybrainmatters.org\/es\/capitulo-estatal-de-idaho\/#primaryimage\",\"url\":\"https:\/\/everybrainmatters.org\/wp-content\/uploads\/Idaho-State-Chapter-2.png\",\"contentUrl\":\"https:\/\/everybrainmatters.org\/wp-content\/uploads\/Idaho-State-Chapter-2.png\",\"width\":1080,\"height\":1080},{\"@type\":\"BreadcrumbList\",\"@id\":\"https:\/\/everybrainmatters.org\/es\/capitulo-estatal-de-idaho\/#breadcrumb\",\"itemListElement\":[{\"@type\":\"ListItem\",\"position\":1,\"name\":\"Home\",\"item\":\"https:\/\/everybrainmatters.org\/es\/\"},{\"@type\":\"ListItem\",\"position\":2,\"name\":\"Cap\u00edtulo estatal de Idaho\"}]},{\"@type\":\"WebSite\",\"@id\":\"https:\/\/everybrainmatters.org\/es\/#website\",\"url\":\"https:\/\/everybrainmatters.org\/es\/\",\"name\":\"Every Brain Matters\",\"description\":\"\",\"publisher\":{\"@id\":\"https:\/\/everybrainmatters.org\/es\/#organization\"},\"potentialAction\":[{\"@type\":\"SearchAction\",\"target\":{\"@type\":\"EntryPoint\",\"urlTemplate\":\"https:\/\/everybrainmatters.org\/es\/?s={search_term_string}\"},\"query-input\":{\"@type\":\"PropertyValueSpecification\",\"valueRequired\":true,\"valueName\":\"search_term_string\"}}],\"inLanguage\":\"es-ES\"},{\"@type\":\"Organization\",\"@id\":\"https:\/\/everybrainmatters.org\/es\/#organization\",\"name\":\"Every Brain Matters\",\"url\":\"https:\/\/everybrainmatters.org\/es\/\",\"logo\":{\"@type\":\"ImageObject\",\"inLanguage\":\"es-ES\",\"@id\":\"https:\/\/everybrainmatters.org\/es\/#\/schema\/logo\/image\/\",\"url\":\"https:\/\/everybrainmatters.org\/wp-content\/uploads\/AllBrains_3.jpg\",\"contentUrl\":\"https:\/\/everybrainmatters.org\/wp-content\/uploads\/AllBrains_3.jpg\",\"width\":1000,\"height\":1087,\"caption\":\"Every Brain Matters\"},\"image\":{\"@id\":\"https:\/\/everybrainmatters.org\/es\/#\/schema\/logo\/image\/\"}}]}<\/script>\n<!-- \/ Yoast SEO plugin. -->","yoast_head_json":{"title":"Cap\u00edtulo estatal de Idaho - Every Brain Matters","robots":{"index":"index","follow":"follow","max-snippet":"max-snippet:-1","max-image-preview":"max-image-preview:large","max-video-preview":"max-video-preview:-1"},"canonical":"https:\/\/everybrainmatters.org\/es\/capitulo-estatal-de-idaho\/","og_locale":"es_ES","og_type":"article","og_title":"Cap\u00edtulo estatal de Idaho - Every Brain Matters","og_description":"El cap\u00edtulo estatal de Every Brain Matters en Idaho est\u00e1 compuesto por l\u00edderes familiares con experiencia personal que apoyan a...","og_url":"https:\/\/everybrainmatters.org\/es\/capitulo-estatal-de-idaho\/","og_site_name":"Every Brain Matters","article_modified_time":"2025-10-16T13:33:41+00:00","og_image":[{"width":1080,"height":1080,"url":"https:\/\/everybrainmatters.org\/wp-content\/uploads\/Idaho-State-Chapter-2.png","type":"image\/png"}],"twitter_card":"summary_large_image","twitter_misc":{"Est. reading time":"1 minuto"},"schema":{"@context":"https:\/\/schema.org","@graph":[{"@type":"WebPage","@id":"https:\/\/everybrainmatters.org\/es\/capitulo-estatal-de-idaho\/","url":"https:\/\/everybrainmatters.org\/es\/capitulo-estatal-de-idaho\/","name":"Cap\u00edtulo estatal de Idaho - Every Brain Matters","isPartOf":{"@id":"https:\/\/everybrainmatters.org\/es\/#website"},"primaryImageOfPage":{"@id":"https:\/\/everybrainmatters.org\/es\/capitulo-estatal-de-idaho\/#primaryimage"},"image":{"@id":"https:\/\/everybrainmatters.org\/es\/capitulo-estatal-de-idaho\/#primaryimage"},"thumbnailUrl":"https:\/\/everybrainmatters.org\/wp-content\/uploads\/Idaho-State-Chapter-2.png","datePublished":"2025-01-18T20:20:13+00:00","dateModified":"2025-10-16T13:33:41+00:00","breadcrumb":{"@id":"https:\/\/everybrainmatters.org\/es\/capitulo-estatal-de-idaho\/#breadcrumb"},"inLanguage":"es-ES","potentialAction":[{"@type":"ReadAction","target":["https:\/\/everybrainmatters.org\/es\/capitulo-estatal-de-idaho\/"]}]},{"@type":"ImageObject","inLanguage":"es-ES","@id":"https:\/\/everybrainmatters.org\/es\/capitulo-estatal-de-idaho\/#primaryimage","url":"https:\/\/everybrainmatters.org\/wp-content\/uploads\/Idaho-State-Chapter-2.png","contentUrl":"https:\/\/everybrainmatters.org\/wp-content\/uploads\/Idaho-State-Chapter-2.png","width":1080,"height":1080},{"@type":"BreadcrumbList","@id":"https:\/\/everybrainmatters.org\/es\/capitulo-estatal-de-idaho\/#breadcrumb","itemListElement":[{"@type":"ListItem","position":1,"name":"Home","item":"https:\/\/everybrainmatters.org\/es\/"},{"@type":"ListItem","position":2,"name":"Cap\u00edtulo estatal de Idaho"}]},{"@type":"WebSite","@id":"https:\/\/everybrainmatters.org\/es\/#website","url":"https:\/\/everybrainmatters.org\/es\/","name":"Every Brain Matters","description":"","publisher":{"@id":"https:\/\/everybrainmatters.org\/es\/#organization"},"potentialAction":[{"@type":"SearchAction","target":{"@type":"EntryPoint","urlTemplate":"https:\/\/everybrainmatters.org\/es\/?s={search_term_string}"},"query-input":{"@type":"PropertyValueSpecification","valueRequired":true,"valueName":"search_term_string"}}],"inLanguage":"es-ES"},{"@type":"Organization","@id":"https:\/\/everybrainmatters.org\/es\/#organization","name":"Every Brain Matters","url":"https:\/\/everybrainmatters.org\/es\/","logo":{"@type":"ImageObject","inLanguage":"es-ES","@id":"https:\/\/everybrainmatters.org\/es\/#\/schema\/logo\/image\/","url":"https:\/\/everybrainmatters.org\/wp-content\/uploads\/AllBrains_3.jpg","contentUrl":"https:\/\/everybrainmatters.org\/wp-content\/uploads\/AllBrains_3.jpg","width":1000,"height":1087,"caption":"Every Brain Matters"},"image":{"@id":"https:\/\/everybrainmatters.org\/es\/#\/schema\/logo\/image\/"}}]}},"_links":{"self":[{"href":"https:\/\/everybrainmatters.org\/es\/wp-json\/wp\/v2\/pages\/45196","targetHints":{"allow":["GET"]}}],"collection":[{"href":"https:\/\/everybrainmatters.org\/es\/wp-json\/wp\/v2\/pages"}],"about":[{"href":"https:\/\/everybrainmatters.org\/es\/wp-json\/wp\/v2\/types\/page"}],"author":[{"embeddable":true,"href":"https:\/\/everybrainmatters.org\/es\/wp-json\/wp\/v2\/users\/11"}],"replies":[{"embeddable":true,"href":"https:\/\/everybrainmatters.org\/es\/wp-json\/wp\/v2\/comments?post=45196"}],"version-history":[{"count":0,"href":"https:\/\/everybrainmatters.org\/es\/wp-json\/wp\/v2\/pages\/45196\/revisions"}],"wp:featuredmedia":[{"embeddable":true,"href":"https:\/\/everybrainmatters.org\/es\/wp-json\/wp\/v2\/media\/45200"}],"wp:attachment":[{"href":"https:\/\/everybrainmatters.org\/es\/wp-json\/wp\/v2\/media?parent=45196"}],"curies":[{"name":"wp","href":"https:\/\/api.w.org\/{rel}","templated":true}]}}