{"id":45203,"date":"2025-01-18T14:35:10","date_gmt":"2025-01-18T20:35:10","guid":{"rendered":"https:\/\/everybrainmatters.org\/capitulos-estatales\/"},"modified":"2026-02-19T18:44:15","modified_gmt":"2026-02-20T00:44:15","slug":"capitulos-estatales","status":"publish","type":"page","link":"https:\/\/everybrainmatters.org\/es\/capitulos-estatales\/","title":{"rendered":"Cap\u00edtulos estatales"},"content":{"rendered":"\n<p>Bienvenido a la p\u00e1gina de Cap\u00edtulos Estatales de Every Brain Matters (EBM). <\/p>\n\n<p>Los cap\u00edtulos estatales de EMB estar\u00e1n compuestos por l\u00edderes familiares con experiencia vivida que pueden ofrecer apoyo a las familias afectadas por el abuso de sustancias, los problemas de salud mental u otros comportamientos da\u00f1inos relacionados con el consumo de cannabis.<\/p>\n\n<p>Estos l\u00edderes conectan a las familias con los recursos apropiados y las iniciativas de apoyo centradas en la prevenci\u00f3n, la educaci\u00f3n y la recuperaci\u00f3n para mejorar la salud y la seguridad de la comunidad. El objetivo es reducir los da\u00f1os asociados con la industria comercial de la marihuana. <\/p>\n\n<hr class=\"wp-block-separator has-alpha-channel-opacity\"\/>\n\n<p>Consulte este <a href=\"https:\/\/everybrainmatters.org\/wp-content\/uploads\/EBM-State-Chapers-Info-1.pdf\">documento para conocer nuestros proyectos en curso.<\/a><\/p>\n\n<p><\/p>\n\n<p>Visite estas p\u00e1ginas para conectar con los l\u00edderes estatales e informaci\u00f3n de EBM. <\/p>\n\n<p><\/p>\n\n<h2 class=\"wp-block-heading\"><a href=\"https:\/\/everybrainmatters.org\/es\/capitulo-estatal-de-idaho\/\">Idaho<\/a><\/h2>\n\n<h2 class=\"wp-block-heading\"><a href=\"https:\/\/www.safehealthytexas.org\/\">Texas<\/a><\/h2>\n\n<p><\/p>\n\n<p><\/p>\n","protected":false},"excerpt":{"rendered":"<p>Bienvenido a la p\u00e1gina de Cap\u00edtulos Estatales de Every Brain Matters (EBM). Los cap\u00edtulos estatales de EMB estar\u00e1n compuestos por&#8230;<\/p>\n","protected":false},"author":11,"featured_media":0,"parent":0,"menu_order":0,"comment_status":"closed","ping_status":"closed","template":"","meta":{"_acf_changed":false,"_editorskit_title_hidden":false,"_editorskit_reading_time":0,"_editorskit_is_block_options_detached":false,"_editorskit_block_options_position":"{}","footnotes":""},"class_list":["post-45203","page","type-page","status-publish","hentry"],"acf":[],"yoast_head":"<!-- This site is optimized with the Yoast SEO plugin v26.1.1 - https:\/\/yoast.com\/wordpress\/plugins\/seo\/ -->\n<title>Cap\u00edtulos estatales - Every Brain Matters<\/title>\n<meta name=\"robots\" content=\"index, follow, max-snippet:-1, max-image-preview:large, max-video-preview:-1\" \/>\n<link rel=\"canonical\" href=\"https:\/\/everybrainmatters.org\/es\/capitulos-estatales\/\" \/>\n<meta property=\"og:locale\" content=\"es_ES\" \/>\n<meta property=\"og:type\" content=\"article\" \/>\n<meta property=\"og:title\" content=\"Cap\u00edtulos estatales - Every Brain Matters\" \/>\n<meta property=\"og:description\" content=\"Bienvenido a la p\u00e1gina de Cap\u00edtulos Estatales de Every Brain Matters (EBM). Los cap\u00edtulos estatales de EMB estar\u00e1n compuestos por...\" \/>\n<meta property=\"og:url\" content=\"https:\/\/everybrainmatters.org\/es\/capitulos-estatales\/\" \/>\n<meta property=\"og:site_name\" content=\"Every Brain Matters\" \/>\n<meta property=\"article:modified_time\" content=\"2026-02-20T00:44:15+00:00\" \/>\n<meta property=\"og:image\" content=\"https:\/\/everybrainmatters.org\/wp-content\/uploads\/AllBrains_3.jpg\" \/>\n\t<meta property=\"og:image:width\" content=\"1000\" \/>\n\t<meta property=\"og:image:height\" content=\"1087\" \/>\n\t<meta property=\"og:image:type\" content=\"image\/jpeg\" \/>\n<meta name=\"twitter:card\" content=\"summary_large_image\" \/>\n<meta name=\"twitter:label1\" content=\"Est. reading time\" \/>\n\t<meta name=\"twitter:data1\" content=\"1 minuto\" \/>\n<script type=\"application\/ld+json\" class=\"yoast-schema-graph\">{\"@context\":\"https:\/\/schema.org\",\"@graph\":[{\"@type\":\"WebPage\",\"@id\":\"https:\/\/everybrainmatters.org\/es\/capitulos-estatales\/\",\"url\":\"https:\/\/everybrainmatters.org\/es\/capitulos-estatales\/\",\"name\":\"Cap\u00edtulos estatales - Every Brain Matters\",\"isPartOf\":{\"@id\":\"https:\/\/everybrainmatters.org\/es\/#website\"},\"datePublished\":\"2025-01-18T20:35:10+00:00\",\"dateModified\":\"2026-02-20T00:44:15+00:00\",\"breadcrumb\":{\"@id\":\"https:\/\/everybrainmatters.org\/es\/capitulos-estatales\/#breadcrumb\"},\"inLanguage\":\"es-ES\",\"potentialAction\":[{\"@type\":\"ReadAction\",\"target\":[\"https:\/\/everybrainmatters.org\/es\/capitulos-estatales\/\"]}]},{\"@type\":\"BreadcrumbList\",\"@id\":\"https:\/\/everybrainmatters.org\/es\/capitulos-estatales\/#breadcrumb\",\"itemListElement\":[{\"@type\":\"ListItem\",\"position\":1,\"name\":\"Home\",\"item\":\"https:\/\/everybrainmatters.org\/es\/\"},{\"@type\":\"ListItem\",\"position\":2,\"name\":\"Cap\u00edtulos estatales\"}]},{\"@type\":\"WebSite\",\"@id\":\"https:\/\/everybrainmatters.org\/es\/#website\",\"url\":\"https:\/\/everybrainmatters.org\/es\/\",\"name\":\"Every Brain Matters\",\"description\":\"\",\"publisher\":{\"@id\":\"https:\/\/everybrainmatters.org\/es\/#organization\"},\"potentialAction\":[{\"@type\":\"SearchAction\",\"target\":{\"@type\":\"EntryPoint\",\"urlTemplate\":\"https:\/\/everybrainmatters.org\/es\/?s={search_term_string}\"},\"query-input\":{\"@type\":\"PropertyValueSpecification\",\"valueRequired\":true,\"valueName\":\"search_term_string\"}}],\"inLanguage\":\"es-ES\"},{\"@type\":\"Organization\",\"@id\":\"https:\/\/everybrainmatters.org\/es\/#organization\",\"name\":\"Every Brain Matters\",\"url\":\"https:\/\/everybrainmatters.org\/es\/\",\"logo\":{\"@type\":\"ImageObject\",\"inLanguage\":\"es-ES\",\"@id\":\"https:\/\/everybrainmatters.org\/es\/#\/schema\/logo\/image\/\",\"url\":\"https:\/\/everybrainmatters.org\/wp-content\/uploads\/AllBrains_3.jpg\",\"contentUrl\":\"https:\/\/everybrainmatters.org\/wp-content\/uploads\/AllBrains_3.jpg\",\"width\":1000,\"height\":1087,\"caption\":\"Every Brain Matters\"},\"image\":{\"@id\":\"https:\/\/everybrainmatters.org\/es\/#\/schema\/logo\/image\/\"}}]}<\/script>\n<!-- \/ Yoast SEO plugin. -->","yoast_head_json":{"title":"Cap\u00edtulos estatales - Every Brain Matters","robots":{"index":"index","follow":"follow","max-snippet":"max-snippet:-1","max-image-preview":"max-image-preview:large","max-video-preview":"max-video-preview:-1"},"canonical":"https:\/\/everybrainmatters.org\/es\/capitulos-estatales\/","og_locale":"es_ES","og_type":"article","og_title":"Cap\u00edtulos estatales - Every Brain Matters","og_description":"Bienvenido a la p\u00e1gina de Cap\u00edtulos Estatales de Every Brain Matters (EBM). Los cap\u00edtulos estatales de EMB estar\u00e1n compuestos por...","og_url":"https:\/\/everybrainmatters.org\/es\/capitulos-estatales\/","og_site_name":"Every Brain Matters","article_modified_time":"2026-02-20T00:44:15+00:00","og_image":[{"width":1000,"height":1087,"url":"https:\/\/everybrainmatters.org\/wp-content\/uploads\/AllBrains_3.jpg","type":"image\/jpeg"}],"twitter_card":"summary_large_image","twitter_misc":{"Est. reading time":"1 minuto"},"schema":{"@context":"https:\/\/schema.org","@graph":[{"@type":"WebPage","@id":"https:\/\/everybrainmatters.org\/es\/capitulos-estatales\/","url":"https:\/\/everybrainmatters.org\/es\/capitulos-estatales\/","name":"Cap\u00edtulos estatales - Every Brain Matters","isPartOf":{"@id":"https:\/\/everybrainmatters.org\/es\/#website"},"datePublished":"2025-01-18T20:35:10+00:00","dateModified":"2026-02-20T00:44:15+00:00","breadcrumb":{"@id":"https:\/\/everybrainmatters.org\/es\/capitulos-estatales\/#breadcrumb"},"inLanguage":"es-ES","potentialAction":[{"@type":"ReadAction","target":["https:\/\/everybrainmatters.org\/es\/capitulos-estatales\/"]}]},{"@type":"BreadcrumbList","@id":"https:\/\/everybrainmatters.org\/es\/capitulos-estatales\/#breadcrumb","itemListElement":[{"@type":"ListItem","position":1,"name":"Home","item":"https:\/\/everybrainmatters.org\/es\/"},{"@type":"ListItem","position":2,"name":"Cap\u00edtulos estatales"}]},{"@type":"WebSite","@id":"https:\/\/everybrainmatters.org\/es\/#website","url":"https:\/\/everybrainmatters.org\/es\/","name":"Every Brain Matters","description":"","publisher":{"@id":"https:\/\/everybrainmatters.org\/es\/#organization"},"potentialAction":[{"@type":"SearchAction","target":{"@type":"EntryPoint","urlTemplate":"https:\/\/everybrainmatters.org\/es\/?s={search_term_string}"},"query-input":{"@type":"PropertyValueSpecification","valueRequired":true,"valueName":"search_term_string"}}],"inLanguage":"es-ES"},{"@type":"Organization","@id":"https:\/\/everybrainmatters.org\/es\/#organization","name":"Every Brain Matters","url":"https:\/\/everybrainmatters.org\/es\/","logo":{"@type":"ImageObject","inLanguage":"es-ES","@id":"https:\/\/everybrainmatters.org\/es\/#\/schema\/logo\/image\/","url":"https:\/\/everybrainmatters.org\/wp-content\/uploads\/AllBrains_3.jpg","contentUrl":"https:\/\/everybrainmatters.org\/wp-content\/uploads\/AllBrains_3.jpg","width":1000,"height":1087,"caption":"Every Brain Matters"},"image":{"@id":"https:\/\/everybrainmatters.org\/es\/#\/schema\/logo\/image\/"}}]}},"_links":{"self":[{"href":"https:\/\/everybrainmatters.org\/es\/wp-json\/wp\/v2\/pages\/45203","targetHints":{"allow":["GET"]}}],"collection":[{"href":"https:\/\/everybrainmatters.org\/es\/wp-json\/wp\/v2\/pages"}],"about":[{"href":"https:\/\/everybrainmatters.org\/es\/wp-json\/wp\/v2\/types\/page"}],"author":[{"embeddable":true,"href":"https:\/\/everybrainmatters.org\/es\/wp-json\/wp\/v2\/users\/11"}],"replies":[{"embeddable":true,"href":"https:\/\/everybrainmatters.org\/es\/wp-json\/wp\/v2\/comments?post=45203"}],"version-history":[{"count":2,"href":"https:\/\/everybrainmatters.org\/es\/wp-json\/wp\/v2\/pages\/45203\/revisions"}],"predecessor-version":[{"id":54445,"href":"https:\/\/everybrainmatters.org\/es\/wp-json\/wp\/v2\/pages\/45203\/revisions\/54445"}],"wp:attachment":[{"href":"https:\/\/everybrainmatters.org\/es\/wp-json\/wp\/v2\/media?parent=45203"}],"curies":[{"name":"wp","href":"https:\/\/api.w.org\/{rel}","templated":true}]}}