{"id":46192,"date":"2020-09-04T14:01:11","date_gmt":"2020-09-04T19:01:11","guid":{"rendered":"https:\/\/everybrainmatters.org\/demandas-contra-la-industria-de-la-marihuana\/"},"modified":"2026-02-18T22:27:02","modified_gmt":"2026-02-19T04:27:02","slug":"demandas-contra-la-industria-de-la-marihuana","status":"publish","type":"page","link":"https:\/\/everybrainmatters.org\/es\/demandas-contra-la-industria-de-la-marihuana\/","title":{"rendered":"Demandas contra la industria de la marihuana"},"content":{"rendered":"\n<p class=\"has-text-align-center has-huge-font-size\"><strong>Juicios en desarrollo<\/strong><\/p>\n\n<p>Si tu familia ha sufrido da\u00f1os f\u00edsicos, emocionales o de comportamiento tras consumir cannabis, sabes que el da\u00f1o es real. La crisis no surgi\u00f3 de la nada &#8211; y no \u00abocurri\u00f3\u00bb sin m\u00e1s. <\/p>\n\n<p>Cuando las empresas anteponen los beneficios a la seguridad, las familias pagan el precio.<\/p>\n\n<p>No est\u00e1s sola. Y no careces de opciones. Cuando el da\u00f1o es previsible, evitable y est\u00e1 directamente relacionado con las pr\u00e1cticas de la industria, la ley ofrece una v\u00eda para la rendici\u00f3n de cuentas. La industria del cannabis debe responder de las consecuencias de sus productos y su marketing.   <\/p>\n\n<p>Hemos elaborado una <a href=\"https:\/\/everybrainmatters.org\/wp-content\/uploads\/Legal-action-criteria-for-families-harmed-by-cannabis-1.2.2025.pdf\">gu\u00eda clara, paso a paso, que explica c\u00f3mo las familias y los abogados eval\u00faan las posibles reclamaciones legales <\/a>, incluidas las pruebas que pueden demostrar lo que ocurri\u00f3 y por qu\u00e9 nunca debi\u00f3 ocurrir.<\/p>\n\n<p>Despl\u00e1zate por esta p\u00e1gina para ver una presentaci\u00f3n de abogados experimentados, informarte sobre demandas pendientes y explorar recursos adicionales dise\u00f1ados para ayudar a las familias a comprender sus derechos.<\/p>\n\n<p>Si tu familia ha sufrido da\u00f1os, el tiempo importa. Las pruebas importan. La responsabilidad importa. Ponte en contacto con nosotros en <strong>infro@everybrainmatters<\/strong> para ponerte en contacto con abogados y obtener m\u00e1s informaci\u00f3n sobre tus opciones legales. Da hoy el primer paso hacia la justicia. La rendici\u00f3n de cuentas protege a las familias. Tomar medidas legales puede ayudar a detener pr\u00e1cticas peligrosas y evitar que otras familias sufran el mismo da\u00f1o.      <\/p>\n\n<hr class=\"wp-block-separator has-alpha-channel-opacity\"\/>\n\n<div class=\"wp-block-columns is-layout-flex wp-container-core-columns-is-layout-9d6595d7 wp-block-columns-is-layout-flex\">\n<div class=\"wp-block-column is-layout-flow wp-block-column-is-layout-flow\">\n<h6 class=\"wp-block-heading\">Enfrentarse a la industria del cannabis y ganar  <\/h6>\n\n\n\n<p>\u00a1Se acab\u00f3 ignorar los da\u00f1os causados por la industria del cannabis! Acomp\u00e1\u00f1anos en este hist\u00f3rico seminario web para saber c\u00f3mo Patrick Kennenally, de McHenry, Illinois, demand\u00f3 con \u00e9xito a la industria del cannabis y sac\u00f3 a la luz sus pr\u00e1cticas de marketing enga\u00f1osas. <\/p>\n<\/div>\n\n\n\n<div class=\"wp-block-column is-layout-flow wp-block-column-is-layout-flow\">\n<h6 class=\"wp-block-heading\">V\u00edctimas de la industria de la marihuana en busca de justicia, un seminario web hist\u00f3rico<\/h6>\n\n\n\n<p>V\u00edas para que las v\u00edctimas de la industria de la marihuana presenten demandas judiciales. Este hist\u00f3rico seminario web es el primero de este tipo. \u00danete a la comunidad Every Brain Matters para un debate imprescindible sobre las v\u00edas para presentar demandas contra la industria de la marihuana y las florecientes demandas colectivas contra ella.  <\/p>\n<\/div>\n<\/div>\n\n<div class=\"wp-block-columns is-layout-flex wp-container-core-columns-is-layout-9d6595d7 wp-block-columns-is-layout-flex\">\n<div class=\"wp-block-column is-layout-flow wp-block-column-is-layout-flow\">\n<figure class=\"wp-block-embed is-type-video is-provider-youtube wp-block-embed-youtube wp-embed-aspect-16-9 wp-has-aspect-ratio\"><div class=\"wp-block-embed__wrapper\">\n<iframe loading=\"lazy\" title=\"Taking On the Cannabis Industry and Winning - Patrick D. Kenneally\" width=\"500\" height=\"281\" src=\"https:\/\/www.youtube.com\/embed\/OnyZN5o76gY?feature=oembed\" frameborder=\"0\" allow=\"accelerometer; autoplay; clipboard-write; encrypted-media; gyroscope; picture-in-picture; web-share\" referrerpolicy=\"strict-origin-when-cross-origin\" allowfullscreen><\/iframe>\n<\/div><\/figure>\n<\/div>\n\n\n\n<div class=\"wp-block-column is-layout-flow wp-block-column-is-layout-flow\">\n<figure class=\"wp-block-embed is-type-video is-provider-youtube wp-block-embed-youtube wp-embed-aspect-16-9 wp-has-aspect-ratio\"><div class=\"wp-block-embed__wrapper\">\n<iframe loading=\"lazy\" title=\"Marijuana Industry Victims Seeking Justice, A Historic Webinar\" width=\"500\" height=\"281\" src=\"https:\/\/www.youtube.com\/embed\/Jax9gxZHTNM?feature=oembed\" frameborder=\"0\" allow=\"accelerometer; autoplay; clipboard-write; encrypted-media; gyroscope; picture-in-picture; web-share\" referrerpolicy=\"strict-origin-when-cross-origin\" allowfullscreen><\/iframe>\n<\/div><\/figure>\n<\/div>\n<\/div>\n\n<hr class=\"wp-block-separator has-alpha-channel-opacity\"\/>\n\n<p><strong>Arizona<\/strong><\/p>\n\n<p><a href=\"https:\/\/www.classaction.org\/news\/trulieve-facing-class-action-lawsuit-over-thc-content-in-dispensarys-edibles\">Watt contra Trulieve Holdings, Inc. y otros <\/a> Archivado: 21 de marzo de 2025 \u25c6\u00a7<a href=\"https:\/\/www.classaction.org\/news\/trulieve-facing-class-action-lawsuit-over-thc-content-in-dispensarys-edibles#embedded-document\">2:25-cv-00962<\/a><\/p>\n\n<hr class=\"wp-block-separator has-alpha-channel-opacity\"\/>\n\n<p>Una demanda colectiva acusa a Trulieve de comercializar y vender productos comestibles con infusi\u00f3n de marihuana con niveles de THC que superan los l\u00edmites legales en Arizona y Florida.<\/p>\n\n<p class=\"has-medium-font-size\"><strong>California<\/strong><\/p>\n\n<p><a href=\"https:\/\/www.lieffcabraser.com\/injury\/cannabis-teen-psychosis\/\">STIIIZY IP, LLC Litigio sobre Psicosis Adolescente por Cannabis:<\/a> Nueva demanda presentada contra el fabricante de cannabis STIIZY IP LLC. <a href=\"https:\/\/www.lieffcabraser.com\/pdf\/STIIIZY_complaint_stamped_20240531.pdf\">Lee la demanda completa aqu\u00ed.<\/a><\/p>\n\n<p><a href=\"https:\/\/www.losangelesduiattorneyblog.com\/marijuana-use-and-domestic-violence-is-there-a-connection\/\" target=\"_blank\" rel=\"noreferrer noopener\">Kraut Law Group<\/a><\/p>\n\n<hr class=\"wp-block-separator has-alpha-channel-opacity\"\/>\n\n<p class=\"has-medium-font-size\"><strong>Colorado  <\/strong><\/p>\n\n<p><strong>Estamos buscando m\u00e1s demandantes principales para una Demanda Colectiva en Colorado que cumplan los siguientes criterios:<\/strong> Haber sido diagnosticado en los dos \u00faltimos a\u00f1os de trastorno por consumo de cannabis, psicosis inducida por cannabis o s\u00edndrome de hiper\u00e9mesis cannabinoide causada por cualquier producto de cannabis que contenga THC (no CBD) adquirido en un dispensario minorista legal de Colorado, sin antecedentes de enfermedad mental (ni problemas digestivos) y que ya no consuma productos de cannabis de ning\u00fan tipo (incluido el CBD). Para m\u00e1s informaci\u00f3n, puedes ponerte en contacto con Aaron Cress en aaron@latenightlaw.com. <\/p>\n\n<p><a href=\"https:\/\/latenightlaw.com\/\" target=\"_blank\" rel=\"noreferrer noopener\">Ley de trasnoche<\/a><\/p>\n\n<hr class=\"wp-block-separator has-alpha-channel-opacity\"\/>\n\n<p class=\"has-medium-font-size\"><strong>Illinois<\/strong><\/p>\n\n<p><strong>Se est\u00e1 formando una demanda colectiva en Illinois.<em> <\/em><\/strong>Si t\u00fa o un ser querido os hab\u00e9is visto afectados negativamente por alg\u00fan producto de cannabis comprado en una tienda del estado de Illinois en los \u00faltimos dos a\u00f1os, ponte en contacto con Nick Villicana en <a href=\"mailto:villicananick44@gmail.com\" target=\"_blank\" rel=\"noreferrer noopener\">villicananick44@gmail.com<\/a><strong>.<\/strong><\/p>\n\n<hr class=\"wp-block-separator has-alpha-channel-opacity\"\/>\n\n<p><strong>Florida<\/strong><\/p>\n\n<p><a href=\"https:\/\/drugandalcoholattorneys.com\/\" target=\"_blank\" rel=\"noreferrer noopener\">DAA Abogados de drogas y alcohol<\/a><\/p>\n\n<p><a href=\"https:\/\/www.classaction.org\/news\/trulieve-facing-class-action-lawsuit-over-thc-content-in-dispensarys-edibles\">Watt contra Trulieve Holdings, Inc. y otros <\/a> Archivado: 21 de marzo de 2025 \u25c6\u00a7<a href=\"https:\/\/www.classaction.org\/news\/trulieve-facing-class-action-lawsuit-over-thc-content-in-dispensarys-edibles#embedded-document\">2:25-cv-00962<\/a><\/p>\n\n<hr class=\"wp-block-separator has-alpha-channel-opacity\"\/>\n\n<p class=\"has-medium-font-size\"><strong>Nebraska<\/strong><\/p>\n\n<p>El Fiscal General de Nebraska, Hilgers, presenta otras cuatro demandas contra tiendas de THC en Norfolk por productos mal etiquetados y venta a menores Las cuatro nuevas demandas son contra Smokin&#8217; Deals, situado en 101 W. Norfolk Avenue, en Norfolk. Smokes R. Less, situado en 701 S. 25th Avenue en Norfolk.Vapor Hutt, situado en 902 W. Omaha Avenue, en Norfolk.NP Mart es un gran conglomerado con dos locales en Norfolk y otros en Omaha, Lincoln, Wahoo, Nebraska City, Arlington, Columbus, Fremont y Valley. Puedes obtener m\u00e1s informaci\u00f3n sobre las demandas de Nebraska <a href=\"https:\/\/ago.nebraska.gov\/news\/nebraska-attorney-general-hilgers-files-four-additional-lawsuits-against-thc-shops-norfolk\" target=\"_blank\" rel=\"noreferrer noopener\">aqu\u00ed<\/a>.  <\/p>\n\n<hr class=\"wp-block-separator has-alpha-channel-opacity\"\/>\n\n<p><strong>Nuevo M\u00e9xico<\/strong><\/p>\n\n<p><a href=\"https:\/\/latenightlaw.com\/\" target=\"_blank\" rel=\"noreferrer noopener\">Ley de trasnoche<\/a><\/p>\n\n<hr class=\"wp-block-separator has-alpha-channel-opacity\"\/>\n\n<p><strong>Nueva York<\/strong><\/p>\n\n<p><a href=\"https:\/\/www.hritzlaw.com\/\" target=\"_blank\" rel=\"noreferrer noopener\">Ley Hritz<\/a><\/p>\n\n<hr class=\"wp-block-separator has-alpha-channel-opacity\"\/>\n\n<p><strong>Texas<\/strong><\/p>\n\n<p><\/p>\n\n<hr class=\"wp-block-separator has-alpha-channel-opacity\"\/>\n\n<p><strong>EEUU &#8211; Nacional<\/strong><\/p>\n\n<p><strong>Se buscan demandantes principales adicionales para un pleito que hayan comprado cannabis de uso adulto (sin tarjeta m\u00e9dica) bas\u00e1ndose en falsas afirmaciones de beneficios para la salud en cualquier cadena de dispensarios importante y que hayan estado expuestos al marketing por Internet o hayan hecho un pedido anticipado por Internet.<\/strong>Para m\u00e1s informaci\u00f3n, ponte en contacto con el Dr. Ken Finn en Kfinn@springsrehab.net.<\/p>\n\n<p>Si los productos de la industria de la marihuana te han lesionado a ti o a un ser querido y quieres saber m\u00e1s, no dudes en ponerte en contacto con seniorcounsel@civel.org.  <a href=\"https:\/\/www.civel.org\/\" target=\"_blank\" rel=\"noreferrer noopener\">Haz clic aqu\u00ed para obtener m\u00e1s informaci\u00f3n.<\/a><\/p>\n\n<figure class=\"wp-block-image size-full\"><a href=\"https:\/\/www.civel.org\/\"><img loading=\"lazy\" decoding=\"async\" width=\"557\" height=\"777\" src=\"https:\/\/everybrainmatters.org\/wp-content\/uploads\/Civil-Ad.png\" alt=\"\" class=\"wp-image-36868\" srcset=\"https:\/\/everybrainmatters.org\/wp-content\/uploads\/Civil-Ad.png 557w, https:\/\/everybrainmatters.org\/wp-content\/uploads\/Civil-Ad-215x300.png 215w\" sizes=\"auto, (max-width: 557px) 100vw, 557px\" \/><\/a><\/figure>\n\n<hr class=\"wp-block-separator has-alpha-channel-opacity\"\/>\n\n<p><\/p>\n\n<p>5-2024 &#8211;<a href=\"https:\/\/scholarship.law.ufl.edu\/cgi\/viewcontent.cgi?article=2285&amp;context=facultypub\"> <strong><em>Aturdido y Confuso&#8230; y&#8230; \u00bfPsic\u00f3tico?<\/em><\/strong><\/a><strong><em> <\/em><\/strong>Facultad de Derecho Levin de la Universidad de Florida<\/p>\n\n<ul class=\"wp-block-list\">\n<li>Este art\u00edculo es de acceso libre y gratuito gracias al Repositorio de Becas de la Facultad de Derecho de la UF<br\/>. Ha sido aceptado para su inclusi\u00f3n en UF Law Faculty Publications por un administrador autorizado de UF<br\/>Law Scholarship Repository. Para m\u00e1s informaci\u00f3n, ponte en contacto con rachel@law.ufl.edu.  <\/li>\n<\/ul>\n\n<p><\/p>\n\n<hr class=\"wp-block-separator has-alpha-channel-opacity\"\/>\n\n<p><strong>Otros pleitos anteriores<\/strong><\/p>\n\n<p>Demandan a West Amwell por la aprobaci\u00f3n de una granja de marihuana por supuesto conflicto de intereses.<\/p>\n\n<p>18 de octubre de 2022<\/p>\n\n<p>WEST AMWELL &#8211; Un agricultor ha presentado una demanda contra la Junta de Planificaci\u00f3n del municipio, impugnando <a href=\"https:\/\/www.mycentraljersey.com\/story\/news\/local\/hunterdon-county\/2022\/07\/19\/nj-legal-weed-west-amwell-marijuana-grow\/65376066007\/\">su aprobaci\u00f3n este verano de una instalaci\u00f3n de cultivo de cannabis en una iglesia vac\u00eda.<\/a><\/p>\n\n<p><a href=\"https:\/\/www.mycentraljersey.com\/story\/news\/local\/courts\/2022\/10\/18\/nj-marijuana-west-amwell-lawsuit\/69568258007\/\">https:\/\/www.mycentraljersey.com\/story\/news\/local\/courts\/2022\/10\/18\/nj-marijuana-west-amwell-lawsuit\/69568258007\/<\/a><\/p>\n\n<hr class=\"wp-block-separator has-alpha-channel-opacity is-style-wide\"\/>\n\n<p><strong><a aria-label=\"Marijuana company Curaleaf sued by man who says he unwittingly took THC-laced CBD drops (opens in a new tab)\" href=\"https:\/\/www.oregonlive.com\/business\/2021\/09\/marijuana-company-curaleaf-sued-by-man-who-says-he-unwittingly-took-thc-laced-cbd-drops.html\" target=\"_blank\" rel=\"noreferrer noopener\" class=\"ek-link\">La empresa de marihuana Curaleaf demandada por un hombre que dice que tom\u00f3 sin saberlo gotas de CBD mezcladas con THC<\/a><\/strong><\/p>\n\n<p>30 de septiembre de 2021<\/p>\n\n<p>Un hombre de Idaho present\u00f3 el mi\u00e9rcoles una demanda federal contra Curaleaf, una de las mayores empresas de marihuana del pa\u00eds, alegando que tom\u00f3 lo que cre\u00eda que eran gotas de CBD para el bienestar, pero que<a href=\"https:\/\/www.oregonlive.com\/business\/2021\/09\/cannabis-manufacturer-select-mixed-up-thc-and-cbd-products-oregon-says-and-thats-why-unsuspecting-consumers-got-high.html\"> en realidad conten\u00edan el ingrediente psicoactivo THC<\/a>.<\/p>\n\n<p><a href=\"https:\/\/www.oregonlive.com\/business\/2021\/09\/marijuana-company-curaleaf-sued-by-man-who-says-he-unwittingly-took-thc-laced-cbd-drops.html\">https:\/\/www.oregonlive.com\/business\/2021\/09\/marijuana-company-curaleaf-sued-by-man-who-says-he-unwittingly-took-thc-laced-cbd-drops.html<\/a><\/p>\n\n<hr class=\"wp-block-separator has-alpha-channel-opacity is-style-wide\"\/>\n\n<p><strong>La demanda por homicidio imprudente de Kushy Punch plantea cuestiones de responsabilidad<\/strong><\/p>\n\n<p>3 de noviembre de 2020<\/p>\n\n<p><\/p><h6>Steele era una mujer preocupada por su salud que rara vez beb\u00eda alcohol, seg\u00fan la demanda, y s\u00f3lo hab\u00eda probado la marihuana unas pocas veces. Trabajaba como azafata de vuelo cuando prob\u00f3 las gominolas Kushy Punch, seg\u00fan la demanda, porque se anunciaban enga\u00f1osamente como un producto seguro y sano. <\/h6>\n\n<p>\u00abContrariamente a las tergiversaciones de los demandados\u00bb, afirma la demanda, las gominolas acabaron con la vida de Steele \u00abdespu\u00e9s de que las ingiriera y experimentara s\u00edntomas agudos graves que duraron horas, incluidos s\u00edntomas cardiovasculares, respiratorios, psiqui\u00e1tricos y disf\u00f3ricos que se manifestaron como movimientos incontrolables, aceleraci\u00f3n aterradora del coraz\u00f3n, problemas para respirar y arrebatos mentales y f\u00edsicos no caracter\u00edsticos y ataques de p\u00e1nico graves.\u00bb<\/p>\n\n<p><a href=\"https:\/\/www.weedweek.net\/stories\/kushy-punch-wrongful-death-suit-raises-liability\/?mc_cid=3d4f41cdde&amp;mc_eid=2d8bc37949\">https:\/\/www.weedweek.net\/stories\/kushy-punch-wrongful-death-suit-raises-liability\/?mc_cid=3d4f41cdde&amp;mc_eid=2d8bc37949<\/a><\/p>\n\n<hr class=\"wp-block-separator has-alpha-channel-opacity is-style-wide\"\/>\n\n<p><strong><a href=\"https:\/\/therichardrosereport.com\/cbd-co-hit-with-proposed-class-action-over-data-breaches\/\" target=\"_blank\" rel=\"noreferrer noopener\" class=\"ek-link\">CBD Co. se enfrenta a una demanda colectiva por la filtraci\u00f3n de datos <\/a><\/strong><\/p>\n\n<p>13 de octubre de 2020<\/p>\n\n<p>La empresa de productos de <strong>c\u00e1\u00f1amo<\/strong> cbdMD Inc. ha sido acusada en una demanda colectiva propuesta de no proteger adecuadamente la informaci\u00f3n de las tarjetas de d\u00e9bito y cr\u00e9dito de sus clientes despu\u00e9s de que la empresa sufriera dos violaciones de datos a principios de este a\u00f1o.  <\/p>\n\n<hr class=\"wp-block-separator has-alpha-channel-opacity is-style-wide\"\/>\n\n<p><\/p>\n","protected":false},"excerpt":{"rendered":"<p>Juicios en desarrollo Si tu familia ha sufrido da\u00f1os f\u00edsicos, emocionales o de comportamiento tras consumir cannabis, sabes que el&#8230;<\/p>\n","protected":false},"author":12,"featured_media":54360,"parent":0,"menu_order":0,"comment_status":"closed","ping_status":"closed","template":"","meta":{"_acf_changed":false,"_editorskit_title_hidden":false,"_editorskit_reading_time":0,"_editorskit_is_block_options_detached":false,"_editorskit_block_options_position":"{}","footnotes":""},"class_list":["post-46192","page","type-page","status-publish","has-post-thumbnail","hentry"],"acf":[],"yoast_head":"<!-- This site is optimized with the Yoast SEO plugin v26.1.1 - https:\/\/yoast.com\/wordpress\/plugins\/seo\/ -->\n<title>Demandas contra la industria de la marihuana - Every Brain Matters<\/title>\n<meta name=\"robots\" content=\"index, follow, max-snippet:-1, max-image-preview:large, max-video-preview:-1\" \/>\n<link rel=\"canonical\" href=\"https:\/\/everybrainmatters.org\/es\/demandas-contra-la-industria-de-la-marihuana\/\" \/>\n<meta property=\"og:locale\" content=\"es_ES\" \/>\n<meta property=\"og:type\" content=\"article\" \/>\n<meta property=\"og:title\" content=\"Demandas contra la industria de la marihuana - Every Brain Matters\" \/>\n<meta property=\"og:description\" content=\"Juicios en desarrollo Si tu familia ha sufrido da\u00f1os f\u00edsicos, emocionales o de comportamiento tras consumir cannabis, sabes que el...\" \/>\n<meta property=\"og:url\" content=\"https:\/\/everybrainmatters.org\/es\/demandas-contra-la-industria-de-la-marihuana\/\" \/>\n<meta property=\"og:site_name\" content=\"Every Brain Matters\" \/>\n<meta property=\"article:modified_time\" content=\"2026-02-19T04:27:02+00:00\" \/>\n<meta property=\"og:image\" content=\"https:\/\/everybrainmatters.org\/wp-content\/uploads\/final-Legal-website--1024x683.png\" \/>\n\t<meta property=\"og:image:width\" content=\"1024\" \/>\n\t<meta property=\"og:image:height\" content=\"683\" \/>\n\t<meta property=\"og:image:type\" content=\"image\/png\" \/>\n<meta name=\"twitter:card\" content=\"summary_large_image\" \/>\n<meta name=\"twitter:label1\" content=\"Est. reading time\" \/>\n\t<meta name=\"twitter:data1\" content=\"7 minutos\" \/>\n<script type=\"application\/ld+json\" class=\"yoast-schema-graph\">{\"@context\":\"https:\/\/schema.org\",\"@graph\":[{\"@type\":\"WebPage\",\"@id\":\"https:\/\/everybrainmatters.org\/es\/demandas-contra-la-industria-de-la-marihuana\/\",\"url\":\"https:\/\/everybrainmatters.org\/es\/demandas-contra-la-industria-de-la-marihuana\/\",\"name\":\"Demandas contra la industria de la marihuana - Every Brain Matters\",\"isPartOf\":{\"@id\":\"https:\/\/everybrainmatters.org\/es\/#website\"},\"primaryImageOfPage\":{\"@id\":\"https:\/\/everybrainmatters.org\/es\/demandas-contra-la-industria-de-la-marihuana\/#primaryimage\"},\"image\":{\"@id\":\"https:\/\/everybrainmatters.org\/es\/demandas-contra-la-industria-de-la-marihuana\/#primaryimage\"},\"thumbnailUrl\":\"https:\/\/everybrainmatters.org\/wp-content\/uploads\/final-Legal-website-.png\",\"datePublished\":\"2020-09-04T19:01:11+00:00\",\"dateModified\":\"2026-02-19T04:27:02+00:00\",\"breadcrumb\":{\"@id\":\"https:\/\/everybrainmatters.org\/es\/demandas-contra-la-industria-de-la-marihuana\/#breadcrumb\"},\"inLanguage\":\"es-ES\",\"potentialAction\":[{\"@type\":\"ReadAction\",\"target\":[\"https:\/\/everybrainmatters.org\/es\/demandas-contra-la-industria-de-la-marihuana\/\"]}]},{\"@type\":\"ImageObject\",\"inLanguage\":\"es-ES\",\"@id\":\"https:\/\/everybrainmatters.org\/es\/demandas-contra-la-industria-de-la-marihuana\/#primaryimage\",\"url\":\"https:\/\/everybrainmatters.org\/wp-content\/uploads\/final-Legal-website-.png\",\"contentUrl\":\"https:\/\/everybrainmatters.org\/wp-content\/uploads\/final-Legal-website-.png\",\"width\":1536,\"height\":1024},{\"@type\":\"BreadcrumbList\",\"@id\":\"https:\/\/everybrainmatters.org\/es\/demandas-contra-la-industria-de-la-marihuana\/#breadcrumb\",\"itemListElement\":[{\"@type\":\"ListItem\",\"position\":1,\"name\":\"Home\",\"item\":\"https:\/\/everybrainmatters.org\/es\/\"},{\"@type\":\"ListItem\",\"position\":2,\"name\":\"Demandas contra la industria de la marihuana\"}]},{\"@type\":\"WebSite\",\"@id\":\"https:\/\/everybrainmatters.org\/es\/#website\",\"url\":\"https:\/\/everybrainmatters.org\/es\/\",\"name\":\"Every Brain Matters\",\"description\":\"\",\"publisher\":{\"@id\":\"https:\/\/everybrainmatters.org\/es\/#organization\"},\"potentialAction\":[{\"@type\":\"SearchAction\",\"target\":{\"@type\":\"EntryPoint\",\"urlTemplate\":\"https:\/\/everybrainmatters.org\/es\/?s={search_term_string}\"},\"query-input\":{\"@type\":\"PropertyValueSpecification\",\"valueRequired\":true,\"valueName\":\"search_term_string\"}}],\"inLanguage\":\"es-ES\"},{\"@type\":\"Organization\",\"@id\":\"https:\/\/everybrainmatters.org\/es\/#organization\",\"name\":\"Every Brain Matters\",\"url\":\"https:\/\/everybrainmatters.org\/es\/\",\"logo\":{\"@type\":\"ImageObject\",\"inLanguage\":\"es-ES\",\"@id\":\"https:\/\/everybrainmatters.org\/es\/#\/schema\/logo\/image\/\",\"url\":\"https:\/\/everybrainmatters.org\/wp-content\/uploads\/AllBrains_3.jpg\",\"contentUrl\":\"https:\/\/everybrainmatters.org\/wp-content\/uploads\/AllBrains_3.jpg\",\"width\":1000,\"height\":1087,\"caption\":\"Every Brain Matters\"},\"image\":{\"@id\":\"https:\/\/everybrainmatters.org\/es\/#\/schema\/logo\/image\/\"}}]}<\/script>\n<!-- \/ Yoast SEO plugin. -->","yoast_head_json":{"title":"Demandas contra la industria de la marihuana - Every Brain Matters","robots":{"index":"index","follow":"follow","max-snippet":"max-snippet:-1","max-image-preview":"max-image-preview:large","max-video-preview":"max-video-preview:-1"},"canonical":"https:\/\/everybrainmatters.org\/es\/demandas-contra-la-industria-de-la-marihuana\/","og_locale":"es_ES","og_type":"article","og_title":"Demandas contra la industria de la marihuana - Every Brain Matters","og_description":"Juicios en desarrollo Si tu familia ha sufrido da\u00f1os f\u00edsicos, emocionales o de comportamiento tras consumir cannabis, sabes que el...","og_url":"https:\/\/everybrainmatters.org\/es\/demandas-contra-la-industria-de-la-marihuana\/","og_site_name":"Every Brain Matters","article_modified_time":"2026-02-19T04:27:02+00:00","og_image":[{"width":1024,"height":683,"url":"https:\/\/everybrainmatters.org\/wp-content\/uploads\/final-Legal-website--1024x683.png","type":"image\/png"}],"twitter_card":"summary_large_image","twitter_misc":{"Est. reading time":"7 minutos"},"schema":{"@context":"https:\/\/schema.org","@graph":[{"@type":"WebPage","@id":"https:\/\/everybrainmatters.org\/es\/demandas-contra-la-industria-de-la-marihuana\/","url":"https:\/\/everybrainmatters.org\/es\/demandas-contra-la-industria-de-la-marihuana\/","name":"Demandas contra la industria de la marihuana - Every Brain Matters","isPartOf":{"@id":"https:\/\/everybrainmatters.org\/es\/#website"},"primaryImageOfPage":{"@id":"https:\/\/everybrainmatters.org\/es\/demandas-contra-la-industria-de-la-marihuana\/#primaryimage"},"image":{"@id":"https:\/\/everybrainmatters.org\/es\/demandas-contra-la-industria-de-la-marihuana\/#primaryimage"},"thumbnailUrl":"https:\/\/everybrainmatters.org\/wp-content\/uploads\/final-Legal-website-.png","datePublished":"2020-09-04T19:01:11+00:00","dateModified":"2026-02-19T04:27:02+00:00","breadcrumb":{"@id":"https:\/\/everybrainmatters.org\/es\/demandas-contra-la-industria-de-la-marihuana\/#breadcrumb"},"inLanguage":"es-ES","potentialAction":[{"@type":"ReadAction","target":["https:\/\/everybrainmatters.org\/es\/demandas-contra-la-industria-de-la-marihuana\/"]}]},{"@type":"ImageObject","inLanguage":"es-ES","@id":"https:\/\/everybrainmatters.org\/es\/demandas-contra-la-industria-de-la-marihuana\/#primaryimage","url":"https:\/\/everybrainmatters.org\/wp-content\/uploads\/final-Legal-website-.png","contentUrl":"https:\/\/everybrainmatters.org\/wp-content\/uploads\/final-Legal-website-.png","width":1536,"height":1024},{"@type":"BreadcrumbList","@id":"https:\/\/everybrainmatters.org\/es\/demandas-contra-la-industria-de-la-marihuana\/#breadcrumb","itemListElement":[{"@type":"ListItem","position":1,"name":"Home","item":"https:\/\/everybrainmatters.org\/es\/"},{"@type":"ListItem","position":2,"name":"Demandas contra la industria de la marihuana"}]},{"@type":"WebSite","@id":"https:\/\/everybrainmatters.org\/es\/#website","url":"https:\/\/everybrainmatters.org\/es\/","name":"Every Brain Matters","description":"","publisher":{"@id":"https:\/\/everybrainmatters.org\/es\/#organization"},"potentialAction":[{"@type":"SearchAction","target":{"@type":"EntryPoint","urlTemplate":"https:\/\/everybrainmatters.org\/es\/?s={search_term_string}"},"query-input":{"@type":"PropertyValueSpecification","valueRequired":true,"valueName":"search_term_string"}}],"inLanguage":"es-ES"},{"@type":"Organization","@id":"https:\/\/everybrainmatters.org\/es\/#organization","name":"Every Brain Matters","url":"https:\/\/everybrainmatters.org\/es\/","logo":{"@type":"ImageObject","inLanguage":"es-ES","@id":"https:\/\/everybrainmatters.org\/es\/#\/schema\/logo\/image\/","url":"https:\/\/everybrainmatters.org\/wp-content\/uploads\/AllBrains_3.jpg","contentUrl":"https:\/\/everybrainmatters.org\/wp-content\/uploads\/AllBrains_3.jpg","width":1000,"height":1087,"caption":"Every Brain Matters"},"image":{"@id":"https:\/\/everybrainmatters.org\/es\/#\/schema\/logo\/image\/"}}]}},"_links":{"self":[{"href":"https:\/\/everybrainmatters.org\/es\/wp-json\/wp\/v2\/pages\/46192","targetHints":{"allow":["GET"]}}],"collection":[{"href":"https:\/\/everybrainmatters.org\/es\/wp-json\/wp\/v2\/pages"}],"about":[{"href":"https:\/\/everybrainmatters.org\/es\/wp-json\/wp\/v2\/types\/page"}],"author":[{"embeddable":true,"href":"https:\/\/everybrainmatters.org\/es\/wp-json\/wp\/v2\/users\/12"}],"replies":[{"embeddable":true,"href":"https:\/\/everybrainmatters.org\/es\/wp-json\/wp\/v2\/comments?post=46192"}],"version-history":[{"count":5,"href":"https:\/\/everybrainmatters.org\/es\/wp-json\/wp\/v2\/pages\/46192\/revisions"}],"predecessor-version":[{"id":54346,"href":"https:\/\/everybrainmatters.org\/es\/wp-json\/wp\/v2\/pages\/46192\/revisions\/54346"}],"wp:featuredmedia":[{"embeddable":true,"href":"https:\/\/everybrainmatters.org\/es\/wp-json\/wp\/v2\/media\/54360"}],"wp:attachment":[{"href":"https:\/\/everybrainmatters.org\/es\/wp-json\/wp\/v2\/media?parent=46192"}],"curies":[{"name":"wp","href":"https:\/\/api.w.org\/{rel}","templated":true}]}}