{"id":46197,"date":"2020-09-04T14:00:45","date_gmt":"2020-09-04T19:00:45","guid":{"rendered":"https:\/\/everybrainmatters.org\/mercado-negro-de-marihuana\/"},"modified":"2025-10-21T08:53:06","modified_gmt":"2025-10-21T13:53:06","slug":"mercado-negro-de-marihuana","status":"publish","type":"page","link":"https:\/\/everybrainmatters.org\/es\/la-ciencia\/mercado-negro-de-marihuana\/","title":{"rendered":"Mercado negro de marihuana"},"content":{"rendered":"\n<ul class=\"wp-block-list\" style=\"font-size:17px\"><li><a href=\"https:\/\/www.thenmi.org\/wp-content\/uploads\/2021\/09\/RMHIDTA-Marijuana-Report-2021.pdf\" class=\"ek-link\">La Legalizaci\u00f3n de la Marihuana en Colorado: El impacto<\/a>, 2021, septiembre<\/li><li><a href=\"https:\/\/www.ijpr.org\/law-and-justice\/2021-09-23\/report-southern-oregon-hemp-testing-reveals-large-amounts-of-illicit-marijuana\" class=\"ek-link\">Los an\u00e1lisis del c\u00e1\u00f1amo del sur de Oreg\u00f3n revelan grandes cantidades de marihuana il\u00edcita<\/a>, 2021, 23 de septiembre.<\/li><li><a href=\"https:\/\/www.cbsnews.com\/video\/marijuana-in-california-how-legalization-of-weed-has-not-destroyed-the-black-market-60-minutes-2020-08-02\/\" class=\"ek-link\">Marihuana en California: C\u00f3mo la legalizaci\u00f3n de la hierba en el estado no ha destruido el mercado negro<\/a>, 2020, 2 de agosto<\/li><li><a href=\"https:\/\/www.dea.gov\/sites\/default\/files\/2020-01\/2019-NDTA-final-01-14-2020_Low_Web-DIR-007-20_2019.pdf\" class=\"ek-link\">Evaluaci\u00f3n nacional de la amenaza de las drogas, <\/a>2019, diciembre<br\/><\/li><\/ul>\n\n<hr class=\"wp-block-separator has-alpha-channel-opacity\"\/>\n\n<div class=\"wp-block-columns is-layout-flex wp-container-core-columns-is-layout-9d6595d7 wp-block-columns-is-layout-flex\">\n<div class=\"wp-block-column is-layout-flow wp-block-column-is-layout-flow\">\n<p style=\"font-size:16px\"><a href=\"https:\/\/www.cbsnews.com\/video\/marijuana-in-california-how-legalization-of-weed-has-not-destroyed-the-black-market-60-minutes-2020-08-02\/\" class=\"ek-link\">Marihuana en California: C\u00f3mo la legalizaci\u00f3n de la hierba en el estado no ha destruido el mercado negro<\/a><br\/>Rocky Mountain High Intensity Drug Trafficking Area, 2020, 2 de agosto<\/p>\n\n\n\n<p style=\"font-size:16px\">Los Grupos Especiales sobre Drogas de RMHIDTA en Colorado (10) llevaron a cabo 294 investigaciones sobre el mercado negro de la marihuana en Colorado que dieron como resultado:<br\/>-168 detenciones por delitos graves<br\/>-5.54 toneladas de marihuana incautadas<br\/>-86.502 plantas de marihuana incautadas<br\/>-21 estados diferentes a los que iba destinada la marihuana<br\/>&#8211; Las incautaciones de marihuana comunicadas al Centro de Inteligencia de El Paso (EPIC) en Colorado<br\/>aumentaron un 48%, pasando de una media de 174 paquetes (2009-2012) cuando la marihuana se<br\/>comercializaba a una media de 257 paquetes (2013-2020) durante el tiempo en que la marihuana<br\/>recreativa se legaliz\u00f3&#8230;<\/p>\n<\/div>\n\n\n\n<div class=\"wp-block-column is-layout-flow wp-block-column-is-layout-flow\">\n<p style=\"font-size:16px\"><a href=\"https:\/\/www.ijpr.org\/law-and-justice\/2021-09-23\/report-southern-oregon-hemp-testing-reveals-large-amounts-of-illicit-marijuana\" class=\"ek-link\">Los an\u00e1lisis del c\u00e1\u00f1amo del sur de Oreg\u00f3n revelan grandes cantidades de marihuana il\u00edcita<\/a><br\/>Jefferson Public Radio Por <a href=\"https:\/\/www.ijpr.org\/people\/erik-neumann\">Erik Neumann2021<\/a>, 23 de septiembre<\/p>\n\n\n\n<p style=\"font-size:16px\">Se descubri\u00f3 que el 54% de las granjas con licencia para cultivar c\u00e1\u00f1amo que fueron inspeccionadas por funcionarios estatales cultivaban marihuana ilegal, seg\u00fan Richard Evans, director senior de licencias y cumplimiento de la OLCC, que present\u00f3 informaci\u00f3n a la comisi\u00f3n&#8230;<\/p>\n<\/div>\n<\/div>\n\n<hr class=\"wp-block-separator has-alpha-channel-opacity\"\/>\n\n<div class=\"wp-block-columns is-layout-flex wp-container-core-columns-is-layout-9d6595d7 wp-block-columns-is-layout-flex\">\n<div class=\"wp-block-column is-layout-flow wp-block-column-is-layout-flow\">\n<p style=\"font-size:16px\"><a href=\"https:\/\/www.cbsnews.com\/video\/marijuana-in-california-how-legalization-of-weed-has-not-destroyed-the-black-market-60-minutes-2020-08-02\/\" class=\"ek-link\">Marihuana en California: C\u00f3mo la legalizaci\u00f3n de la hierba en el estado no ha destruido el mercado negro<\/a><br\/>CBS News, 2020, 2 de agosto<\/p>\n\n\n\n<p style=\"font-size:16px\">Cuando los votantes legalizaron la marihuana hace tres a\u00f1os, sus defensores dijeron que se expulsar\u00eda a las operaciones ilegales y que el estado obtendr\u00eda cientos de millones en ingresos fiscales. Hasta ahora, esos sue\u00f1os no se han cumplido&#8230; <\/p>\n<\/div>\n\n\n\n<div class=\"wp-block-column is-layout-flow wp-block-column-is-layout-flow\">\n<p style=\"font-size:16px\"><a href=\"https:\/\/www.dea.gov\/sites\/default\/files\/2020-01\/2019-NDTA-final-01-14-2020_Low_Web-DIR-007-20_2019.pdf\" class=\"ek-link\">Evaluaci\u00f3n Nacional de la Amenaza de las Drogas<\/a>, <br\/>Administraci\u00f3n para el Control de Drogas, 2019, diciembre<br\/>P\u00e1ginas 77-89<\/p>\n\n\n\n<p style=\"font-size:16px\">La marihuana es la droga il\u00edcita<br\/>m\u00e1s consumida en Estados Unidos. La popularidad del consumo de marihuana, la demanda de marihuana y productos derivados cada vez m\u00e1s potentes, la posibilidad de obtener beneficios sustanciales y la percepci\u00f3n de poco riesgo atraen a diversos traficantes y organizaciones delictivas a cultivar y distribuir marihuana ilegal por todo Estados Unidos&#8230;. <\/p>\n<\/div>\n<\/div>\n","protected":false},"excerpt":{"rendered":"<p>La Legalizaci\u00f3n de la Marihuana en Colorado: El impacto, 2021, septiembre Los an\u00e1lisis del c\u00e1\u00f1amo del sur de Oreg\u00f3n revelan&#8230;<\/p>\n","protected":false},"author":12,"featured_media":0,"parent":46247,"menu_order":0,"comment_status":"closed","ping_status":"closed","template":"","meta":{"_acf_changed":false,"_editorskit_title_hidden":false,"_editorskit_reading_time":0,"_editorskit_is_block_options_detached":false,"_editorskit_block_options_position":"{}","footnotes":""},"class_list":["post-46197","page","type-page","status-publish","hentry"],"acf":[],"yoast_head":"<!-- This site is optimized with the Yoast SEO plugin v26.1.1 - https:\/\/yoast.com\/wordpress\/plugins\/seo\/ -->\n<title>Mercado negro de marihuana - Every Brain Matters<\/title>\n<meta name=\"robots\" content=\"index, follow, max-snippet:-1, max-image-preview:large, max-video-preview:-1\" \/>\n<link rel=\"canonical\" href=\"https:\/\/everybrainmatters.org\/es\/la-ciencia\/mercado-negro-de-marihuana\/\" \/>\n<meta property=\"og:locale\" content=\"es_ES\" \/>\n<meta property=\"og:type\" content=\"article\" \/>\n<meta property=\"og:title\" content=\"Mercado negro de marihuana - Every Brain Matters\" \/>\n<meta property=\"og:description\" content=\"La Legalizaci\u00f3n de la Marihuana en Colorado: El impacto, 2021, septiembre Los an\u00e1lisis del c\u00e1\u00f1amo del sur de Oreg\u00f3n revelan...\" \/>\n<meta property=\"og:url\" content=\"https:\/\/everybrainmatters.org\/es\/la-ciencia\/mercado-negro-de-marihuana\/\" \/>\n<meta property=\"og:site_name\" content=\"Every Brain Matters\" \/>\n<meta property=\"article:modified_time\" content=\"2025-10-21T13:53:06+00:00\" \/>\n<meta property=\"og:image\" content=\"https:\/\/everybrainmatters.org\/wp-content\/uploads\/AllBrains_3.jpg\" \/>\n\t<meta property=\"og:image:width\" content=\"1000\" \/>\n\t<meta property=\"og:image:height\" content=\"1087\" \/>\n\t<meta property=\"og:image:type\" content=\"image\/jpeg\" \/>\n<meta name=\"twitter:card\" content=\"summary_large_image\" \/>\n<meta name=\"twitter:label1\" content=\"Est. reading time\" \/>\n\t<meta name=\"twitter:data1\" content=\"2 minutos\" \/>\n<script type=\"application\/ld+json\" class=\"yoast-schema-graph\">{\"@context\":\"https:\/\/schema.org\",\"@graph\":[{\"@type\":\"WebPage\",\"@id\":\"https:\/\/everybrainmatters.org\/es\/la-ciencia\/mercado-negro-de-marihuana\/\",\"url\":\"https:\/\/everybrainmatters.org\/es\/la-ciencia\/mercado-negro-de-marihuana\/\",\"name\":\"Mercado negro de marihuana - Every Brain Matters\",\"isPartOf\":{\"@id\":\"https:\/\/everybrainmatters.org\/es\/#website\"},\"datePublished\":\"2020-09-04T19:00:45+00:00\",\"dateModified\":\"2025-10-21T13:53:06+00:00\",\"breadcrumb\":{\"@id\":\"https:\/\/everybrainmatters.org\/es\/la-ciencia\/mercado-negro-de-marihuana\/#breadcrumb\"},\"inLanguage\":\"es-ES\",\"potentialAction\":[{\"@type\":\"ReadAction\",\"target\":[\"https:\/\/everybrainmatters.org\/es\/la-ciencia\/mercado-negro-de-marihuana\/\"]}]},{\"@type\":\"BreadcrumbList\",\"@id\":\"https:\/\/everybrainmatters.org\/es\/la-ciencia\/mercado-negro-de-marihuana\/#breadcrumb\",\"itemListElement\":[{\"@type\":\"ListItem\",\"position\":1,\"name\":\"Home\",\"item\":\"https:\/\/everybrainmatters.org\/es\/\"},{\"@type\":\"ListItem\",\"position\":2,\"name\":\"La ciencia\",\"item\":\"https:\/\/everybrainmatters.org\/es\/la-ciencia\/\"},{\"@type\":\"ListItem\",\"position\":3,\"name\":\"Mercado negro de marihuana\"}]},{\"@type\":\"WebSite\",\"@id\":\"https:\/\/everybrainmatters.org\/es\/#website\",\"url\":\"https:\/\/everybrainmatters.org\/es\/\",\"name\":\"Every Brain Matters\",\"description\":\"\",\"publisher\":{\"@id\":\"https:\/\/everybrainmatters.org\/es\/#organization\"},\"potentialAction\":[{\"@type\":\"SearchAction\",\"target\":{\"@type\":\"EntryPoint\",\"urlTemplate\":\"https:\/\/everybrainmatters.org\/es\/?s={search_term_string}\"},\"query-input\":{\"@type\":\"PropertyValueSpecification\",\"valueRequired\":true,\"valueName\":\"search_term_string\"}}],\"inLanguage\":\"es-ES\"},{\"@type\":\"Organization\",\"@id\":\"https:\/\/everybrainmatters.org\/es\/#organization\",\"name\":\"Every Brain Matters\",\"url\":\"https:\/\/everybrainmatters.org\/es\/\",\"logo\":{\"@type\":\"ImageObject\",\"inLanguage\":\"es-ES\",\"@id\":\"https:\/\/everybrainmatters.org\/es\/#\/schema\/logo\/image\/\",\"url\":\"https:\/\/everybrainmatters.org\/wp-content\/uploads\/AllBrains_3.jpg\",\"contentUrl\":\"https:\/\/everybrainmatters.org\/wp-content\/uploads\/AllBrains_3.jpg\",\"width\":1000,\"height\":1087,\"caption\":\"Every Brain Matters\"},\"image\":{\"@id\":\"https:\/\/everybrainmatters.org\/es\/#\/schema\/logo\/image\/\"}}]}<\/script>\n<!-- \/ Yoast SEO plugin. -->","yoast_head_json":{"title":"Mercado negro de marihuana - Every Brain Matters","robots":{"index":"index","follow":"follow","max-snippet":"max-snippet:-1","max-image-preview":"max-image-preview:large","max-video-preview":"max-video-preview:-1"},"canonical":"https:\/\/everybrainmatters.org\/es\/la-ciencia\/mercado-negro-de-marihuana\/","og_locale":"es_ES","og_type":"article","og_title":"Mercado negro de marihuana - Every Brain Matters","og_description":"La Legalizaci\u00f3n de la Marihuana en Colorado: El impacto, 2021, septiembre Los an\u00e1lisis del c\u00e1\u00f1amo del sur de Oreg\u00f3n revelan...","og_url":"https:\/\/everybrainmatters.org\/es\/la-ciencia\/mercado-negro-de-marihuana\/","og_site_name":"Every Brain Matters","article_modified_time":"2025-10-21T13:53:06+00:00","og_image":[{"width":1000,"height":1087,"url":"https:\/\/everybrainmatters.org\/wp-content\/uploads\/AllBrains_3.jpg","type":"image\/jpeg"}],"twitter_card":"summary_large_image","twitter_misc":{"Est. reading time":"2 minutos"},"schema":{"@context":"https:\/\/schema.org","@graph":[{"@type":"WebPage","@id":"https:\/\/everybrainmatters.org\/es\/la-ciencia\/mercado-negro-de-marihuana\/","url":"https:\/\/everybrainmatters.org\/es\/la-ciencia\/mercado-negro-de-marihuana\/","name":"Mercado negro de marihuana - Every Brain Matters","isPartOf":{"@id":"https:\/\/everybrainmatters.org\/es\/#website"},"datePublished":"2020-09-04T19:00:45+00:00","dateModified":"2025-10-21T13:53:06+00:00","breadcrumb":{"@id":"https:\/\/everybrainmatters.org\/es\/la-ciencia\/mercado-negro-de-marihuana\/#breadcrumb"},"inLanguage":"es-ES","potentialAction":[{"@type":"ReadAction","target":["https:\/\/everybrainmatters.org\/es\/la-ciencia\/mercado-negro-de-marihuana\/"]}]},{"@type":"BreadcrumbList","@id":"https:\/\/everybrainmatters.org\/es\/la-ciencia\/mercado-negro-de-marihuana\/#breadcrumb","itemListElement":[{"@type":"ListItem","position":1,"name":"Home","item":"https:\/\/everybrainmatters.org\/es\/"},{"@type":"ListItem","position":2,"name":"La ciencia","item":"https:\/\/everybrainmatters.org\/es\/la-ciencia\/"},{"@type":"ListItem","position":3,"name":"Mercado negro de marihuana"}]},{"@type":"WebSite","@id":"https:\/\/everybrainmatters.org\/es\/#website","url":"https:\/\/everybrainmatters.org\/es\/","name":"Every Brain Matters","description":"","publisher":{"@id":"https:\/\/everybrainmatters.org\/es\/#organization"},"potentialAction":[{"@type":"SearchAction","target":{"@type":"EntryPoint","urlTemplate":"https:\/\/everybrainmatters.org\/es\/?s={search_term_string}"},"query-input":{"@type":"PropertyValueSpecification","valueRequired":true,"valueName":"search_term_string"}}],"inLanguage":"es-ES"},{"@type":"Organization","@id":"https:\/\/everybrainmatters.org\/es\/#organization","name":"Every Brain Matters","url":"https:\/\/everybrainmatters.org\/es\/","logo":{"@type":"ImageObject","inLanguage":"es-ES","@id":"https:\/\/everybrainmatters.org\/es\/#\/schema\/logo\/image\/","url":"https:\/\/everybrainmatters.org\/wp-content\/uploads\/AllBrains_3.jpg","contentUrl":"https:\/\/everybrainmatters.org\/wp-content\/uploads\/AllBrains_3.jpg","width":1000,"height":1087,"caption":"Every Brain Matters"},"image":{"@id":"https:\/\/everybrainmatters.org\/es\/#\/schema\/logo\/image\/"}}]}},"_links":{"self":[{"href":"https:\/\/everybrainmatters.org\/es\/wp-json\/wp\/v2\/pages\/46197","targetHints":{"allow":["GET"]}}],"collection":[{"href":"https:\/\/everybrainmatters.org\/es\/wp-json\/wp\/v2\/pages"}],"about":[{"href":"https:\/\/everybrainmatters.org\/es\/wp-json\/wp\/v2\/types\/page"}],"author":[{"embeddable":true,"href":"https:\/\/everybrainmatters.org\/es\/wp-json\/wp\/v2\/users\/12"}],"replies":[{"embeddable":true,"href":"https:\/\/everybrainmatters.org\/es\/wp-json\/wp\/v2\/comments?post=46197"}],"version-history":[{"count":0,"href":"https:\/\/everybrainmatters.org\/es\/wp-json\/wp\/v2\/pages\/46197\/revisions"}],"up":[{"embeddable":true,"href":"https:\/\/everybrainmatters.org\/es\/wp-json\/wp\/v2\/pages\/46247"}],"wp:attachment":[{"href":"https:\/\/everybrainmatters.org\/es\/wp-json\/wp\/v2\/media?parent=46197"}],"curies":[{"name":"wp","href":"https:\/\/api.w.org\/{rel}","templated":true}]}}