{"id":46205,"date":"2020-09-04T13:59:21","date_gmt":"2020-09-04T18:59:21","guid":{"rendered":"https:\/\/everybrainmatters.org\/adiccion-trastorno-por-consumo-de-cannabis\/"},"modified":"2025-10-21T08:53:10","modified_gmt":"2025-10-21T13:53:10","slug":"adiccion-trastorno-por-consumo-de-cannabis","status":"publish","type":"page","link":"https:\/\/everybrainmatters.org\/es\/la-ciencia\/adiccion-trastorno-por-consumo-de-cannabis\/","title":{"rendered":"Adicci\u00f3n\/Trastorno por consumo de cannabis"},"content":{"rendered":"\n<p>La <a href=\"https:\/\/everybrainmatters.org\/wp-content\/uploads\/CUD-2.png\" class=\"ek-link\">Adicci\u00f3n a la Marihuana o Trastorno por Consumo de<\/a> Cannabis (TCA) se conoce como una adicci\u00f3n o dependencia del THC (Tetrahidrocannabinol), una sustancia qu\u00edmica de la planta de la marihuana. La Adicci\u00f3n a la Marihuana o Trastorno por Consumo de Cannabis es un diagn\u00f3stico DSM IV que se da en el 9% de los adultos y el 17% de los adolescentes que consumen marihuana. Los consumidores cr\u00f3nicos de marihuana tienen m\u00e1s probabilidades de desarrollar adicci\u00f3n, entre un 25 y un 50%. Los j\u00f3venes que consumen marihuana tienen entre 4 y 7 veces m\u00e1s probabilidades que los adultos de desarrollar un trastorno por consumo de cannabis.   <\/p>\n\n<ul class=\"wp-block-list\">\n<li><a href=\"https:\/\/www.nejm.org\/doi\/full\/10.1056\/NEJMra2212152\" target=\"_blank\" rel=\"noreferrer noopener\">Trastornos y efectos t\u00f3xicos relacionados con el cannabis<\/a>, 2023, 14 de diciembre<\/li>\n\n\n\n<li><a href=\"https:\/\/everybrainmatters.org\/wp-content\/uploads\/Chronic-pain-cannabis-legalization-and-cannabis-use-disorder-among-patients-in-VA-2005-to-2029-Lancet-Psych-2023-Hasin.pdf\" class=\"ek-link\">Dolor cr\u00f3nico, legalizaci\u00f3n del cannabis y trastorno por consumo de cannabis entre los pacientes del sistema de la Administraci\u00f3n de Salud de Veteranos de EE.UU.<\/a>, 2005 a 2019: un estudio transversal repetido, 2023, 11 de octubre.<\/li>\n\n\n\n<li><a href=\"https:\/\/jamanetwork.com\/journals\/jamasurgery\/fullarticle\/2806774\" target=\"_blank\" rel=\"noreferrer noopener\">Trastorno por consumo de cannabis y complicaciones perioperatorias<\/a>, 2023, 5 de julio<\/li>\n\n\n\n<li><a href=\"https:\/\/jamanetwork.com\/journals\/jamanetworkopen\/fullarticle\/2804450#.ZFlZZ22BJRQ\" target=\"_blank\" rel=\"noreferrer noopener\">el consumo de cannabis no desordenado fue aproximadamente 4 veces m\u00e1s prevalente que el CUD del a\u00f1o anterior, con todos los efectos psicosociales adversos tan prevalentes como el CUD del a\u00f1o anterior<\/a>, 2023, Mayo<\/li>\n\n\n\n<li><a href=\"https:\/\/onlinelibrary.wiley.com\/doi\/abs\/10.1111\/ajad.13390\" target=\"_blank\" rel=\"noreferrer noopener\">Ver para creer: C\u00f3mo se asocia la exposici\u00f3n al marketing del cannabis con las actitudes y el comportamiento de consumo de cannabis en un entorno de pol\u00edtica permisiva de cannabis medicinal<\/a>, 2023, 10 de marzo<\/li>\n\n\n\n<li><a href=\"https:\/\/pubmed.ncbi.nlm.nih.gov\/36960460\/\" class=\"ek-link\">Desarrollo del trastorno por consumo de cannabis en consumidores de cannabis medicinal: Un seguimiento de 9 meses de un ensayo cl\u00ednico aleatorizado que eval\u00faa los efectos de la posesi\u00f3n de la tarjeta de cannabis medicinal<\/a> 2023, 7 de marzo<\/li>\n\n\n\n<li><a href=\"https:\/\/everybrainmatters.us2.list-manage.com\/track\/click?u=48b9823948bbc89ff72aadb89&amp;id=028d5858a1&amp;e=e7ecee06b9\" target=\"_blank\" rel=\"noreferrer noopener\">Legalizaci\u00f3n estatal del cannabis y trastorno por consumo de cannabis en la Administraci\u00f3n Sanitaria de Veteranos de EE.UU., 2005 a 2019<\/a> 2023, 1 de marzo<\/li>\n\n\n\n<li><a aria-label=\"  (opens in a new tab)\" href=\"https:\/\/nida.nih.gov\/publications\/research-reports\/marijuana\/marijuana-addictive\" target=\"_blank\" rel=\"noreferrer noopener\" class=\"ek-link\">\u00bfEs adictiva la marihuana?<\/a>  2021, 13 de abril<\/li>\n\n\n\n<li><a aria-label=\" (opens in a new tab)\" href=\"https:\/\/newsinhealth.nih.gov\/2015\/10\/biology-addiction\" target=\"_blank\" rel=\"noreferrer noopener\" class=\"ek-link\">Biolog\u00eda de la adicci\u00f3n<\/a>, 2015, octubre<\/li>\n\n\n\n<li><a aria-label=\"Association of cannabis potency with mental ill health and addiction: a systematic review (opens in a new tab)\" href=\"https:\/\/www.thelancet.com\/journals\/lanpsy\/article\/PIIS2215-0366(22)00161-4\/fulltext?rss=yes\" target=\"_blank\" rel=\"noreferrer noopener\" class=\"ek-link\">Asociaci\u00f3n de la potencia del cannabis con la mala salud mental y la adicci\u00f3n: una revisi\u00f3n sistem\u00e1tica<\/a>, 2022, julio<\/li>\n\n\n\n<li><a aria-label=\"Data and Statistics (opens in a new tab)\" href=\"https:\/\/www.cdc.gov\/marijuana\/data-statistics.htm\" target=\"_blank\" rel=\"noreferrer noopener\" class=\"ek-link\">Datos y estad\u00edsticas<\/a>, 2021, junio<\/li>\n<\/ul>\n\n<hr class=\"wp-block-separator has-css-opacity\"\/>\n\n<div class=\"wp-block-columns is-layout-flex wp-container-core-columns-is-layout-9d6595d7 wp-block-columns-is-layout-flex\">\n<div class=\"wp-block-column is-layout-flow wp-block-column-is-layout-flow\">\n<p><a href=\"https:\/\/www.thelancet.com\/journals\/lanpsy\/article\/PIIS2215-0366(22)00161-4\/fulltext?rss=yes\" target=\"_blank\" aria-label=\"Association of cannabis potency with mental ill health and addiction: a systematic review (opens in a new tab)\" rel=\"noreferrer noopener\" class=\"ek-link\">Asociaci\u00f3n de la potencia del cannabis con la mala salud mental y la adicci\u00f3n: una revisi\u00f3n sistem\u00e1tica<\/a><\/p>\n\n\n\n<p>En general, el consumo de cannabis de mayor potencia, en comparaci\u00f3n con el de menor potencia, se asoci\u00f3 con un mayor riesgo de psicosis y CUD. Las pruebas variaron para la depresi\u00f3n y la ansiedad. La asociaci\u00f3n de la potencia del cannabis con el CUD y la psicosis pone de relieve su relevancia en los entornos sanitarios, y para las directrices y pol\u00edticas de salud p\u00fablica sobre la venta de cannabis. Es necesario estandarizar las medidas de exposici\u00f3n y los dise\u00f1os longitudinales para reforzar las pruebas de esta asociaci\u00f3n.   <\/p>\n<\/div>\n\n\n\n<div class=\"wp-block-column is-layout-flow wp-block-column-is-layout-flow\">\n<p><a href=\"https:\/\/www.cdc.gov\/marijuana\/data-statistics.htm\" target=\"_blank\" aria-label=\"Data and Statistics (opens in a new tab)\" rel=\"noreferrer noopener\" class=\"ek-link\">Datos y estad\u00edsticas<\/a><\/p>\n\n\n\n<p>Datos principales<\/p>\n\n\n\n<ul class=\"wp-block-list\">\n<li>La marihuana es la droga federalmente ilegal m\u00e1s consumida en Estados Unidos; 48,2 millones de personas, o aproximadamente el 18% de los estadounidenses, la consumieron al menos una vez en 2019<sup>.1<\/sup><\/li>\n\n\n\n<li>Investigaciones recientes estiman que aproximadamente 3 de cada 10 personas que consumen marihuana padecen un trastorno por consumo de marihuana<sup>.2 <\/sup>Para las personas que empiezan a consumir marihuana antes de los 18 a\u00f1os, el riesgo de desarrollar un trastorno por consumo de marihuana es a\u00fan mayor<sup>.3<\/sup><\/li>\n<\/ul>\n<\/div>\n<\/div>\n\n<div class=\"wp-block-columns is-layout-flex wp-container-core-columns-is-layout-9d6595d7 wp-block-columns-is-layout-flex\">\n<div class=\"wp-block-column is-layout-flow wp-block-column-is-layout-flow\">\n<p style=\"font-size:16px\"><a href=\"https:\/\/nida.nih.gov\/publications\/research-reports\/marijuana\/marijuana-addictive\" target=\"_blank\" aria-label=\"  (opens in a new tab)\" rel=\"noreferrer noopener\" class=\"ek-link\">\u00bfEs adictiva la marihuana?  <\/a><br\/>NIDA. 2021, 13 de abril <\/p>\n\n\n\n<p style=\"font-size:16px\">El consumo de marihuana puede conducir al desarrollo de un consumo problem\u00e1tico, conocido como trastorno por consumo de marihuana, que adopta la forma de adicci\u00f3n en los casos graves. Datos recientes sugieren que el 30% de las personas que consumen marihuana pueden padecer alg\u00fan grado de trastorno por consumo de marihuana.<g id=\"gid_0\"><g id=\"gid_1\">18<\/g><\/g> Las personas que empiezan a consumir marihuana antes de los 18 a\u00f1os tienen entre cuatro y siete veces m\u00e1s probabilidades de desarrollar un trastorno por consumo de marihuana que los adultos.<g id=\"gid_2\"><g id=\"gid_3\">19<\/g><\/g> Los trastornos por consumo de marihuana suelen estar asociados a la <g id=\"gid_4\">dependencia<\/g>, en la que la persona siente s\u00edntomas de abstinencia cuando no toma la droga. Las personas que consumen marihuana con frecuencia suelen manifestar irritabilidad, dificultades en el estado de \u00e1nimo y el sue\u00f1o, disminuci\u00f3n del apetito, antojos, inquietud y\/o diversas formas de malestar f\u00edsico que alcanzan su punto \u00e1lgido en la primera semana tras dejar de consumirla y duran hasta 2 semanas.<sup><a href=\"https:\/\/nida.nih.gov\/publications\/research-reports\/marijuana\/references\" class=\"ek-link\">20,21<\/a><\/sup> La dependencia de la marihuana se produce ..  <\/p>\n<\/div>\n\n\n\n<div class=\"wp-block-column is-layout-flow wp-block-column-is-layout-flow\">\n<p style=\"font-size:16px\"><a href=\"https:\/\/newsinhealth.nih.gov\/2015\/10\/biology-addiction\" target=\"_blank\" aria-label=\" (opens in a new tab)\" rel=\"noreferrer noopener\" class=\"ek-link\">Biolog\u00eda de la adicci\u00f3n<\/a><br\/>NIH Noticias en Salud 2015, octubre<\/p>\n\n\n\n<p style=\"font-size:16px\">Las personas con adicci\u00f3n pierden el control sobre sus actos. Ans\u00edan y buscan drogas, alcohol u otras sustancias cueste lo que cueste, incluso a riesgo de da\u00f1ar amistades, herir a la familia o perder el trabajo.   <br\/>Un cerebro sano recompensa los comportamientos saludables, como hacer ejercicio, comer o establecer v\u00ednculos con los seres queridos. Lo hace activando circuitos cerebrales que te hacen sentir de maravilla, lo que te motiva a repetir esos comportamientos. En cambio, cuando est\u00e1s en peligro, un cerebro sano empuja a tu cuerpo a reaccionar r\u00e1pidamente con miedo o alarma, para que te alejes del peligro. Si te sientes tentado por algo cuestionable -como comer helado antes de cenar o comprar cosas que no puedes permitirte-, las regiones frontales de tu cerebro pueden ayudarte a decidir si las consecuencias merecen la pena.   <\/p>\n<\/div>\n<\/div>\n\n<hr class=\"wp-block-separator has-css-opacity\"\/>\n\n<p><\/p>\n\n<div class=\"wp-block-buttons is-horizontal is-content-justification-center is-layout-flex wp-container-core-buttons-is-layout-499968f5 wp-block-buttons-is-layout-flex\"><\/div>\n","protected":false},"excerpt":{"rendered":"<p>La Adicci\u00f3n a la Marihuana o Trastorno por Consumo de Cannabis (TCA) se conoce como una adicci\u00f3n o dependencia del&#8230;<\/p>\n","protected":false},"author":12,"featured_media":0,"parent":46247,"menu_order":0,"comment_status":"closed","ping_status":"closed","template":"","meta":{"_acf_changed":false,"_editorskit_title_hidden":false,"_editorskit_reading_time":0,"_editorskit_is_block_options_detached":false,"_editorskit_block_options_position":"{}","footnotes":""},"class_list":["post-46205","page","type-page","status-publish","hentry"],"acf":[],"yoast_head":"<!-- This site is optimized with the Yoast SEO plugin v26.1.1 - https:\/\/yoast.com\/wordpress\/plugins\/seo\/ -->\n<title>Adicci\u00f3n\/Trastorno por consumo de cannabis - Every Brain Matters<\/title>\n<meta name=\"robots\" content=\"index, follow, max-snippet:-1, max-image-preview:large, max-video-preview:-1\" \/>\n<link rel=\"canonical\" href=\"https:\/\/everybrainmatters.org\/es\/la-ciencia\/adiccion-trastorno-por-consumo-de-cannabis\/\" \/>\n<meta property=\"og:locale\" content=\"es_ES\" \/>\n<meta property=\"og:type\" content=\"article\" \/>\n<meta property=\"og:title\" content=\"Adicci\u00f3n\/Trastorno por consumo de cannabis - Every Brain Matters\" \/>\n<meta property=\"og:description\" content=\"La Adicci\u00f3n a la Marihuana o Trastorno por Consumo de Cannabis (TCA) se conoce como una adicci\u00f3n o dependencia del...\" \/>\n<meta property=\"og:url\" content=\"https:\/\/everybrainmatters.org\/es\/la-ciencia\/adiccion-trastorno-por-consumo-de-cannabis\/\" \/>\n<meta property=\"og:site_name\" content=\"Every Brain Matters\" \/>\n<meta property=\"article:modified_time\" content=\"2025-10-21T13:53:10+00:00\" \/>\n<meta property=\"og:image\" content=\"https:\/\/everybrainmatters.org\/wp-content\/uploads\/AllBrains_3.jpg\" \/>\n\t<meta property=\"og:image:width\" content=\"1000\" \/>\n\t<meta property=\"og:image:height\" content=\"1087\" \/>\n\t<meta property=\"og:image:type\" content=\"image\/jpeg\" \/>\n<meta name=\"twitter:card\" content=\"summary_large_image\" \/>\n<meta name=\"twitter:label1\" content=\"Est. reading time\" \/>\n\t<meta name=\"twitter:data1\" content=\"4 minutos\" \/>\n<script type=\"application\/ld+json\" class=\"yoast-schema-graph\">{\"@context\":\"https:\/\/schema.org\",\"@graph\":[{\"@type\":\"WebPage\",\"@id\":\"https:\/\/everybrainmatters.org\/es\/la-ciencia\/adiccion-trastorno-por-consumo-de-cannabis\/\",\"url\":\"https:\/\/everybrainmatters.org\/es\/la-ciencia\/adiccion-trastorno-por-consumo-de-cannabis\/\",\"name\":\"Adicci\u00f3n\/Trastorno por consumo de cannabis - Every Brain Matters\",\"isPartOf\":{\"@id\":\"https:\/\/everybrainmatters.org\/es\/#website\"},\"datePublished\":\"2020-09-04T18:59:21+00:00\",\"dateModified\":\"2025-10-21T13:53:10+00:00\",\"breadcrumb\":{\"@id\":\"https:\/\/everybrainmatters.org\/es\/la-ciencia\/adiccion-trastorno-por-consumo-de-cannabis\/#breadcrumb\"},\"inLanguage\":\"es-ES\",\"potentialAction\":[{\"@type\":\"ReadAction\",\"target\":[\"https:\/\/everybrainmatters.org\/es\/la-ciencia\/adiccion-trastorno-por-consumo-de-cannabis\/\"]}]},{\"@type\":\"BreadcrumbList\",\"@id\":\"https:\/\/everybrainmatters.org\/es\/la-ciencia\/adiccion-trastorno-por-consumo-de-cannabis\/#breadcrumb\",\"itemListElement\":[{\"@type\":\"ListItem\",\"position\":1,\"name\":\"Home\",\"item\":\"https:\/\/everybrainmatters.org\/es\/\"},{\"@type\":\"ListItem\",\"position\":2,\"name\":\"Adicci\u00f3n\/Trastorno por consumo de cannabis\"}]},{\"@type\":\"WebSite\",\"@id\":\"https:\/\/everybrainmatters.org\/es\/#website\",\"url\":\"https:\/\/everybrainmatters.org\/es\/\",\"name\":\"Every Brain Matters\",\"description\":\"\",\"publisher\":{\"@id\":\"https:\/\/everybrainmatters.org\/es\/#organization\"},\"potentialAction\":[{\"@type\":\"SearchAction\",\"target\":{\"@type\":\"EntryPoint\",\"urlTemplate\":\"https:\/\/everybrainmatters.org\/es\/?s={search_term_string}\"},\"query-input\":{\"@type\":\"PropertyValueSpecification\",\"valueRequired\":true,\"valueName\":\"search_term_string\"}}],\"inLanguage\":\"es-ES\"},{\"@type\":\"Organization\",\"@id\":\"https:\/\/everybrainmatters.org\/es\/#organization\",\"name\":\"Every Brain Matters\",\"url\":\"https:\/\/everybrainmatters.org\/es\/\",\"logo\":{\"@type\":\"ImageObject\",\"inLanguage\":\"es-ES\",\"@id\":\"https:\/\/everybrainmatters.org\/es\/#\/schema\/logo\/image\/\",\"url\":\"https:\/\/everybrainmatters.org\/wp-content\/uploads\/AllBrains_3.jpg\",\"contentUrl\":\"https:\/\/everybrainmatters.org\/wp-content\/uploads\/AllBrains_3.jpg\",\"width\":1000,\"height\":1087,\"caption\":\"Every Brain Matters\"},\"image\":{\"@id\":\"https:\/\/everybrainmatters.org\/es\/#\/schema\/logo\/image\/\"}}]}<\/script>\n<!-- \/ Yoast SEO plugin. -->","yoast_head_json":{"title":"Adicci\u00f3n\/Trastorno por consumo de cannabis - Every Brain Matters","robots":{"index":"index","follow":"follow","max-snippet":"max-snippet:-1","max-image-preview":"max-image-preview:large","max-video-preview":"max-video-preview:-1"},"canonical":"https:\/\/everybrainmatters.org\/es\/la-ciencia\/adiccion-trastorno-por-consumo-de-cannabis\/","og_locale":"es_ES","og_type":"article","og_title":"Adicci\u00f3n\/Trastorno por consumo de cannabis - Every Brain Matters","og_description":"La Adicci\u00f3n a la Marihuana o Trastorno por Consumo de Cannabis (TCA) se conoce como una adicci\u00f3n o dependencia del...","og_url":"https:\/\/everybrainmatters.org\/es\/la-ciencia\/adiccion-trastorno-por-consumo-de-cannabis\/","og_site_name":"Every Brain Matters","article_modified_time":"2025-10-21T13:53:10+00:00","og_image":[{"width":1000,"height":1087,"url":"https:\/\/everybrainmatters.org\/wp-content\/uploads\/AllBrains_3.jpg","type":"image\/jpeg"}],"twitter_card":"summary_large_image","twitter_misc":{"Est. reading time":"4 minutos"},"schema":{"@context":"https:\/\/schema.org","@graph":[{"@type":"WebPage","@id":"https:\/\/everybrainmatters.org\/es\/la-ciencia\/adiccion-trastorno-por-consumo-de-cannabis\/","url":"https:\/\/everybrainmatters.org\/es\/la-ciencia\/adiccion-trastorno-por-consumo-de-cannabis\/","name":"Adicci\u00f3n\/Trastorno por consumo de cannabis - Every Brain Matters","isPartOf":{"@id":"https:\/\/everybrainmatters.org\/es\/#website"},"datePublished":"2020-09-04T18:59:21+00:00","dateModified":"2025-10-21T13:53:10+00:00","breadcrumb":{"@id":"https:\/\/everybrainmatters.org\/es\/la-ciencia\/adiccion-trastorno-por-consumo-de-cannabis\/#breadcrumb"},"inLanguage":"es-ES","potentialAction":[{"@type":"ReadAction","target":["https:\/\/everybrainmatters.org\/es\/la-ciencia\/adiccion-trastorno-por-consumo-de-cannabis\/"]}]},{"@type":"BreadcrumbList","@id":"https:\/\/everybrainmatters.org\/es\/la-ciencia\/adiccion-trastorno-por-consumo-de-cannabis\/#breadcrumb","itemListElement":[{"@type":"ListItem","position":1,"name":"Home","item":"https:\/\/everybrainmatters.org\/es\/"},{"@type":"ListItem","position":2,"name":"Adicci\u00f3n\/Trastorno por consumo de cannabis"}]},{"@type":"WebSite","@id":"https:\/\/everybrainmatters.org\/es\/#website","url":"https:\/\/everybrainmatters.org\/es\/","name":"Every Brain Matters","description":"","publisher":{"@id":"https:\/\/everybrainmatters.org\/es\/#organization"},"potentialAction":[{"@type":"SearchAction","target":{"@type":"EntryPoint","urlTemplate":"https:\/\/everybrainmatters.org\/es\/?s={search_term_string}"},"query-input":{"@type":"PropertyValueSpecification","valueRequired":true,"valueName":"search_term_string"}}],"inLanguage":"es-ES"},{"@type":"Organization","@id":"https:\/\/everybrainmatters.org\/es\/#organization","name":"Every Brain Matters","url":"https:\/\/everybrainmatters.org\/es\/","logo":{"@type":"ImageObject","inLanguage":"es-ES","@id":"https:\/\/everybrainmatters.org\/es\/#\/schema\/logo\/image\/","url":"https:\/\/everybrainmatters.org\/wp-content\/uploads\/AllBrains_3.jpg","contentUrl":"https:\/\/everybrainmatters.org\/wp-content\/uploads\/AllBrains_3.jpg","width":1000,"height":1087,"caption":"Every Brain Matters"},"image":{"@id":"https:\/\/everybrainmatters.org\/es\/#\/schema\/logo\/image\/"}}]}},"_links":{"self":[{"href":"https:\/\/everybrainmatters.org\/es\/wp-json\/wp\/v2\/pages\/46205","targetHints":{"allow":["GET"]}}],"collection":[{"href":"https:\/\/everybrainmatters.org\/es\/wp-json\/wp\/v2\/pages"}],"about":[{"href":"https:\/\/everybrainmatters.org\/es\/wp-json\/wp\/v2\/types\/page"}],"author":[{"embeddable":true,"href":"https:\/\/everybrainmatters.org\/es\/wp-json\/wp\/v2\/users\/12"}],"replies":[{"embeddable":true,"href":"https:\/\/everybrainmatters.org\/es\/wp-json\/wp\/v2\/comments?post=46205"}],"version-history":[{"count":0,"href":"https:\/\/everybrainmatters.org\/es\/wp-json\/wp\/v2\/pages\/46205\/revisions"}],"up":[{"embeddable":true,"href":"https:\/\/everybrainmatters.org\/es\/wp-json\/wp\/v2\/pages\/46247"}],"wp:attachment":[{"href":"https:\/\/everybrainmatters.org\/es\/wp-json\/wp\/v2\/media?parent=46205"}],"curies":[{"name":"wp","href":"https:\/\/api.w.org\/{rel}","templated":true}]}}