{"id":46220,"date":"2020-09-04T14:00:10","date_gmt":"2020-09-04T19:00:10","guid":{"rendered":"https:\/\/everybrainmatters.org\/marihuana-y-personas-sin-hogar\/"},"modified":"2025-10-21T08:53:03","modified_gmt":"2025-10-21T13:53:03","slug":"marihuana-y-personas-sin-hogar","status":"publish","type":"page","link":"https:\/\/everybrainmatters.org\/es\/la-ciencia\/marihuana-y-personas-sin-hogar\/","title":{"rendered":"Marihuana y personas sin hogar"},"content":{"rendered":"\n<ul class=\"wp-block-list\"><li><a href=\"https:\/\/tigerprints.clemson.edu\/cgi\/viewcontent.cgi?article=4760&amp;context=all_theses#:~:text=In%20states%20with%20RCL%20adoption,10%209%20(Sabet%202018).\" class=\"ek-link\">Legalizaci\u00f3n del Cannabis Recreativo y Personas sin Hogar en EE.UU: Un an\u00e1lisis cuasi experimental de la pol\u00edtica nacional<\/a> 2022 Mayo<\/li><li><a href=\"https:\/\/www.usich.gov\/homelessness-statistics\">Los estados con marihuana recreativa tienen mayores tasas de personas sin hogar<\/a> 2021 octubre<\/li><li><a href=\"https:\/\/www.domesticpreparedness.com\/healthcare\/drugs-homelessness-a-growing-public-health-disaster\/?fbclid=IwAR3fomPj4Edv5edjY4G3xY_zh9JTvsiIkuWRgneziccXZW00BWnoqQTshRY\" class=\"ek-link\">Drogas, personas sin hogar y una creciente cat\u00e1strofe de salud p\u00fablica<\/a> 2019 11 de diciembre<\/li><li><a href=\"https:\/\/www.capolicylab.org\/wp-content\/uploads\/2019\/10\/Health-Conditions-Among-Unsheltered-Adults-in-the-U.S.pdf\" class=\"ek-link\">Estado de salud de los adultos sin techo en EE.UU.<\/a> 2019 Octubre<\/li><\/ul>\n\n<hr class=\"wp-block-separator has-alpha-channel-opacity\"\/>\n\n<div class=\"wp-block-columns is-layout-flex wp-container-core-columns-is-layout-9d6595d7 wp-block-columns-is-layout-flex\">\n<div class=\"wp-block-column is-layout-flow wp-block-column-is-layout-flow\">\n<p style=\"font-size:16px\"><a href=\"https:\/\/tigerprints.clemson.edu\/cgi\/viewcontent.cgi?article=4760&amp;context=all_theses#:~:text=In%20states%20with%20RCL%20adoption,10%209%20(Sabet%202018).\" class=\"ek-link\">La Legalizaci\u00f3n del Cannabis Recreativo y los Sin Techo en EE.UU: A Quasi-Experimental National Policy Analysis<\/a> <br\/>James A. Sanderson All Tesis 2022, Mayo<\/p>\n\n\n\n<p style=\"font-size:16px\">Al analizar el aumento del n\u00famero de personas sin hogar en todo el pa\u00eds, una comparaci\u00f3n de las pol\u00edticas estatales<br\/>descubri\u00f3 una tendencia: muchos estados que fueron los primeros en adoptar la ley sobre el cannabis recreativo para uso de adultos<br\/>tambi\u00e9n presentaban una alta incidencia de personas sin hogar. Dado que la legalizaci\u00f3n del cannabis afecta sin duda al<br\/>n\u00famero de consumidores de sustancias que est\u00e1n encarcelados, estos cambios en la pol\u00edtica de aplicaci\u00f3n de la ley sobre drogas pueden<br\/>estar afectando tambi\u00e9n a las poblaciones sin hogar. Ahora bien, existen numerosas investigaciones sobre la relaci\u00f3n<br\/>entre el encarcelamiento y la falta de vivienda, y sobre los problemas concurrentes de salud mental y consumo de sustancias<br\/>que se sabe que prevalecen entre estas poblaciones. A pesar de estas similitudes, y de las<br\/>repercusiones de la legalizaci\u00f3n del cannabis recreativo en las poblaciones carcelarias, apenas existen investigaciones emp\u00edricas<br\/>sobre su posible impacto en las personas sin hogar&#8230;   <\/p>\n<\/div>\n\n\n\n<div class=\"wp-block-column is-layout-flow wp-block-column-is-layout-flow\">\n<p style=\"font-size:16px\"><a href=\"https:\/\/www.usich.gov\/homelessness-statistics\" class=\"ek-link\">Los estados con marihuana recreativa tienen mayores tasas de personas sin hogar<\/a> <br\/><em> Consejo Interinstitucional de EE.UU. sobre las Personas sin Hogar (USICH)<\/em> 2021 Octubre<\/p>\n\n\n<div class=\"wp-block-image\">\n<figure class=\"aligncenter size-large\"><a href=\"https:\/\/everybrainmatters.org\/wp-content\/uploads\/rate-of-homeless-2019-legal-vs-non-legal-cannabis.jpg\"><img loading=\"lazy\" decoding=\"async\" width=\"1024\" height=\"735\" src=\"https:\/\/everybrainmatters.org\/wp-content\/uploads\/rate-of-homeless-2019-legal-vs-non-legal-cannabis-1024x735.jpg\" alt=\"\" class=\"wp-image-19977\" srcset=\"https:\/\/everybrainmatters.org\/wp-content\/uploads\/rate-of-homeless-2019-legal-vs-non-legal-cannabis-1024x735.jpg 1024w, https:\/\/everybrainmatters.org\/wp-content\/uploads\/rate-of-homeless-2019-legal-vs-non-legal-cannabis-300x215.jpg 300w, https:\/\/everybrainmatters.org\/wp-content\/uploads\/rate-of-homeless-2019-legal-vs-non-legal-cannabis-768x552.jpg 768w, https:\/\/everybrainmatters.org\/wp-content\/uploads\/rate-of-homeless-2019-legal-vs-non-legal-cannabis-600x431.jpg 600w, https:\/\/everybrainmatters.org\/wp-content\/uploads\/rate-of-homeless-2019-legal-vs-non-legal-cannabis.jpg 1203w\" sizes=\"auto, (max-width: 1024px) 100vw, 1024px\" \/><\/a><\/figure><\/div><\/div>\n<\/div>\n\n<hr class=\"wp-block-separator has-alpha-channel-opacity\"\/>\n\n<div class=\"wp-block-columns is-layout-flex wp-container-core-columns-is-layout-9d6595d7 wp-block-columns-is-layout-flex\">\n<div class=\"wp-block-column is-layout-flow wp-block-column-is-layout-flow\">\n<p style=\"font-size:16px\"><a href=\"https:\/\/www.domesticpreparedness.com\/healthcare\/drugs-homelessness-a-growing-public-health-disaster\/?fbclid=IwAR3fomPj4Edv5edjY4G3xY_zh9JTvsiIkuWRgneziccXZW00BWnoqQTshRY\" class=\"ek-link\">Drogas, personas sin hogar y una creciente cat\u00e1strofe de salud p\u00fablica<\/a> <br\/><em>Preparaci\u00f3n dom\u00e9stica<\/em> 2019 11 de diciembre<\/p>\n\n\n\n<p style=\"font-size:16px\">Las condiciones de miseria, que pueden encontrarse en un asentamiento de refugiados o en las calles de un pa\u00eds del tercer mundo, parecen estar aumentando r\u00e1pidamente en ciertos lugares de Estados Unidos en los \u00faltimos a\u00f1os. Este fen\u00f3meno es evidente no s\u00f3lo en un n\u00famero creciente de ciudades de California -como San Francisco, Oakland, San Jos\u00e9, Los \u00c1ngeles y San Diego-, sino tambi\u00e9n en ciudades de Oreg\u00f3n, el estado de Washington, Colorado y otros lugares. Durante los \u00faltimos a\u00f1os, tambi\u00e9n se han hecho cada vez m\u00e1s evidentes signos similares de deterioro de las condiciones en Nueva York y Washington, D.C&#8230;  <\/p>\n<\/div>\n\n\n\n<div class=\"wp-block-column is-layout-flow wp-block-column-is-layout-flow\">\n<p style=\"font-size:16px\"><a href=\"https:\/\/www.capolicylab.org\/wp-content\/uploads\/2019\/10\/Health-Conditions-Among-Unsheltered-Adults-in-the-U.S.pdf\" class=\"ek-link\">Condiciones de salud entre los adultos sin techo en EE.UU.<\/a> <br\/><em>California Policy Lab<\/em> 2019 Octubre<\/p>\n\n\n<div class=\"wp-block-image\">\n<figure class=\"aligncenter size-large\"><a href=\"https:\/\/everybrainmatters.org\/wp-content\/uploads\/image-1.png\"><img loading=\"lazy\" decoding=\"async\" width=\"777\" height=\"1024\" src=\"https:\/\/everybrainmatters.org\/wp-content\/uploads\/image-1-777x1024.png\" alt=\"\" class=\"wp-image-19976\" srcset=\"https:\/\/everybrainmatters.org\/wp-content\/uploads\/image-1-777x1024.png 777w, https:\/\/everybrainmatters.org\/wp-content\/uploads\/image-1-228x300.png 228w, https:\/\/everybrainmatters.org\/wp-content\/uploads\/image-1-768x1012.png 768w, https:\/\/everybrainmatters.org\/wp-content\/uploads\/image-1-1165x1536.png 1165w, https:\/\/everybrainmatters.org\/wp-content\/uploads\/image-1-1554x2048.png 1554w, https:\/\/everybrainmatters.org\/wp-content\/uploads\/image-1-600x791.png 600w\" sizes=\"auto, (max-width: 777px) 100vw, 777px\" \/><\/a><\/figure><\/div><\/div>\n<\/div>\n","protected":false},"excerpt":{"rendered":"<p>Legalizaci\u00f3n del Cannabis Recreativo y Personas sin Hogar en EE.UU: Un an\u00e1lisis cuasi experimental de la pol\u00edtica nacional 2022 Mayo&#8230;<\/p>\n","protected":false},"author":12,"featured_media":0,"parent":46247,"menu_order":0,"comment_status":"closed","ping_status":"closed","template":"","meta":{"_acf_changed":false,"_editorskit_title_hidden":false,"_editorskit_reading_time":0,"_editorskit_is_block_options_detached":false,"_editorskit_block_options_position":"{}","footnotes":""},"class_list":["post-46220","page","type-page","status-publish","hentry"],"acf":[],"yoast_head":"<!-- This site is optimized with the Yoast SEO plugin v26.1.1 - https:\/\/yoast.com\/wordpress\/plugins\/seo\/ -->\n<title>Marihuana y personas sin hogar - Every Brain Matters<\/title>\n<meta name=\"robots\" content=\"index, follow, max-snippet:-1, max-image-preview:large, max-video-preview:-1\" \/>\n<link rel=\"canonical\" href=\"https:\/\/everybrainmatters.org\/es\/la-ciencia\/marihuana-y-personas-sin-hogar\/\" \/>\n<meta property=\"og:locale\" content=\"es_ES\" \/>\n<meta property=\"og:type\" content=\"article\" \/>\n<meta property=\"og:title\" content=\"Marihuana y personas sin hogar - Every Brain Matters\" \/>\n<meta property=\"og:description\" content=\"Legalizaci\u00f3n del Cannabis Recreativo y Personas sin Hogar en EE.UU: Un an\u00e1lisis cuasi experimental de la pol\u00edtica nacional 2022 Mayo...\" \/>\n<meta property=\"og:url\" content=\"https:\/\/everybrainmatters.org\/es\/la-ciencia\/marihuana-y-personas-sin-hogar\/\" \/>\n<meta property=\"og:site_name\" content=\"Every Brain Matters\" \/>\n<meta property=\"article:modified_time\" content=\"2025-10-21T13:53:03+00:00\" \/>\n<meta property=\"og:image\" content=\"https:\/\/everybrainmatters.org\/wp-content\/uploads\/rate-of-homeless-2019-legal-vs-non-legal-cannabis.jpg\" \/>\n\t<meta property=\"og:image:width\" content=\"1203\" \/>\n\t<meta property=\"og:image:height\" content=\"864\" \/>\n\t<meta property=\"og:image:type\" content=\"image\/jpeg\" \/>\n<meta name=\"twitter:card\" content=\"summary_large_image\" \/>\n<meta name=\"twitter:label1\" content=\"Est. reading time\" \/>\n\t<meta name=\"twitter:data1\" content=\"2 minutos\" \/>\n<script type=\"application\/ld+json\" class=\"yoast-schema-graph\">{\"@context\":\"https:\/\/schema.org\",\"@graph\":[{\"@type\":\"WebPage\",\"@id\":\"https:\/\/everybrainmatters.org\/es\/la-ciencia\/marihuana-y-personas-sin-hogar\/\",\"url\":\"https:\/\/everybrainmatters.org\/es\/la-ciencia\/marihuana-y-personas-sin-hogar\/\",\"name\":\"Marihuana y personas sin hogar - Every Brain Matters\",\"isPartOf\":{\"@id\":\"https:\/\/everybrainmatters.org\/es\/#website\"},\"primaryImageOfPage\":{\"@id\":\"https:\/\/everybrainmatters.org\/es\/la-ciencia\/marihuana-y-personas-sin-hogar\/#primaryimage\"},\"image\":{\"@id\":\"https:\/\/everybrainmatters.org\/es\/la-ciencia\/marihuana-y-personas-sin-hogar\/#primaryimage\"},\"thumbnailUrl\":\"https:\/\/everybrainmatters.org\/wp-content\/uploads\/rate-of-homeless-2019-legal-vs-non-legal-cannabis-1024x735.jpg\",\"datePublished\":\"2020-09-04T19:00:10+00:00\",\"dateModified\":\"2025-10-21T13:53:03+00:00\",\"breadcrumb\":{\"@id\":\"https:\/\/everybrainmatters.org\/es\/la-ciencia\/marihuana-y-personas-sin-hogar\/#breadcrumb\"},\"inLanguage\":\"es-ES\",\"potentialAction\":[{\"@type\":\"ReadAction\",\"target\":[\"https:\/\/everybrainmatters.org\/es\/la-ciencia\/marihuana-y-personas-sin-hogar\/\"]}]},{\"@type\":\"ImageObject\",\"inLanguage\":\"es-ES\",\"@id\":\"https:\/\/everybrainmatters.org\/es\/la-ciencia\/marihuana-y-personas-sin-hogar\/#primaryimage\",\"url\":\"https:\/\/everybrainmatters.org\/wp-content\/uploads\/rate-of-homeless-2019-legal-vs-non-legal-cannabis-1024x735.jpg\",\"contentUrl\":\"https:\/\/everybrainmatters.org\/wp-content\/uploads\/rate-of-homeless-2019-legal-vs-non-legal-cannabis-1024x735.jpg\"},{\"@type\":\"BreadcrumbList\",\"@id\":\"https:\/\/everybrainmatters.org\/es\/la-ciencia\/marihuana-y-personas-sin-hogar\/#breadcrumb\",\"itemListElement\":[{\"@type\":\"ListItem\",\"position\":1,\"name\":\"Home\",\"item\":\"https:\/\/everybrainmatters.org\/es\/\"},{\"@type\":\"ListItem\",\"position\":2,\"name\":\"La ciencia\",\"item\":\"https:\/\/everybrainmatters.org\/es\/la-ciencia\/\"},{\"@type\":\"ListItem\",\"position\":3,\"name\":\"Marihuana y personas sin hogar\"}]},{\"@type\":\"WebSite\",\"@id\":\"https:\/\/everybrainmatters.org\/es\/#website\",\"url\":\"https:\/\/everybrainmatters.org\/es\/\",\"name\":\"Every Brain Matters\",\"description\":\"\",\"publisher\":{\"@id\":\"https:\/\/everybrainmatters.org\/es\/#organization\"},\"potentialAction\":[{\"@type\":\"SearchAction\",\"target\":{\"@type\":\"EntryPoint\",\"urlTemplate\":\"https:\/\/everybrainmatters.org\/es\/?s={search_term_string}\"},\"query-input\":{\"@type\":\"PropertyValueSpecification\",\"valueRequired\":true,\"valueName\":\"search_term_string\"}}],\"inLanguage\":\"es-ES\"},{\"@type\":\"Organization\",\"@id\":\"https:\/\/everybrainmatters.org\/es\/#organization\",\"name\":\"Every Brain Matters\",\"url\":\"https:\/\/everybrainmatters.org\/es\/\",\"logo\":{\"@type\":\"ImageObject\",\"inLanguage\":\"es-ES\",\"@id\":\"https:\/\/everybrainmatters.org\/es\/#\/schema\/logo\/image\/\",\"url\":\"https:\/\/everybrainmatters.org\/wp-content\/uploads\/AllBrains_3.jpg\",\"contentUrl\":\"https:\/\/everybrainmatters.org\/wp-content\/uploads\/AllBrains_3.jpg\",\"width\":1000,\"height\":1087,\"caption\":\"Every Brain Matters\"},\"image\":{\"@id\":\"https:\/\/everybrainmatters.org\/es\/#\/schema\/logo\/image\/\"}}]}<\/script>\n<!-- \/ Yoast SEO plugin. -->","yoast_head_json":{"title":"Marihuana y personas sin hogar - Every Brain Matters","robots":{"index":"index","follow":"follow","max-snippet":"max-snippet:-1","max-image-preview":"max-image-preview:large","max-video-preview":"max-video-preview:-1"},"canonical":"https:\/\/everybrainmatters.org\/es\/la-ciencia\/marihuana-y-personas-sin-hogar\/","og_locale":"es_ES","og_type":"article","og_title":"Marihuana y personas sin hogar - Every Brain Matters","og_description":"Legalizaci\u00f3n del Cannabis Recreativo y Personas sin Hogar en EE.UU: Un an\u00e1lisis cuasi experimental de la pol\u00edtica nacional 2022 Mayo...","og_url":"https:\/\/everybrainmatters.org\/es\/la-ciencia\/marihuana-y-personas-sin-hogar\/","og_site_name":"Every Brain Matters","article_modified_time":"2025-10-21T13:53:03+00:00","og_image":[{"width":1203,"height":864,"url":"https:\/\/everybrainmatters.org\/wp-content\/uploads\/rate-of-homeless-2019-legal-vs-non-legal-cannabis.jpg","type":"image\/jpeg"}],"twitter_card":"summary_large_image","twitter_misc":{"Est. reading time":"2 minutos"},"schema":{"@context":"https:\/\/schema.org","@graph":[{"@type":"WebPage","@id":"https:\/\/everybrainmatters.org\/es\/la-ciencia\/marihuana-y-personas-sin-hogar\/","url":"https:\/\/everybrainmatters.org\/es\/la-ciencia\/marihuana-y-personas-sin-hogar\/","name":"Marihuana y personas sin hogar - Every Brain Matters","isPartOf":{"@id":"https:\/\/everybrainmatters.org\/es\/#website"},"primaryImageOfPage":{"@id":"https:\/\/everybrainmatters.org\/es\/la-ciencia\/marihuana-y-personas-sin-hogar\/#primaryimage"},"image":{"@id":"https:\/\/everybrainmatters.org\/es\/la-ciencia\/marihuana-y-personas-sin-hogar\/#primaryimage"},"thumbnailUrl":"https:\/\/everybrainmatters.org\/wp-content\/uploads\/rate-of-homeless-2019-legal-vs-non-legal-cannabis-1024x735.jpg","datePublished":"2020-09-04T19:00:10+00:00","dateModified":"2025-10-21T13:53:03+00:00","breadcrumb":{"@id":"https:\/\/everybrainmatters.org\/es\/la-ciencia\/marihuana-y-personas-sin-hogar\/#breadcrumb"},"inLanguage":"es-ES","potentialAction":[{"@type":"ReadAction","target":["https:\/\/everybrainmatters.org\/es\/la-ciencia\/marihuana-y-personas-sin-hogar\/"]}]},{"@type":"ImageObject","inLanguage":"es-ES","@id":"https:\/\/everybrainmatters.org\/es\/la-ciencia\/marihuana-y-personas-sin-hogar\/#primaryimage","url":"https:\/\/everybrainmatters.org\/wp-content\/uploads\/rate-of-homeless-2019-legal-vs-non-legal-cannabis-1024x735.jpg","contentUrl":"https:\/\/everybrainmatters.org\/wp-content\/uploads\/rate-of-homeless-2019-legal-vs-non-legal-cannabis-1024x735.jpg"},{"@type":"BreadcrumbList","@id":"https:\/\/everybrainmatters.org\/es\/la-ciencia\/marihuana-y-personas-sin-hogar\/#breadcrumb","itemListElement":[{"@type":"ListItem","position":1,"name":"Home","item":"https:\/\/everybrainmatters.org\/es\/"},{"@type":"ListItem","position":2,"name":"La ciencia","item":"https:\/\/everybrainmatters.org\/es\/la-ciencia\/"},{"@type":"ListItem","position":3,"name":"Marihuana y personas sin hogar"}]},{"@type":"WebSite","@id":"https:\/\/everybrainmatters.org\/es\/#website","url":"https:\/\/everybrainmatters.org\/es\/","name":"Every Brain Matters","description":"","publisher":{"@id":"https:\/\/everybrainmatters.org\/es\/#organization"},"potentialAction":[{"@type":"SearchAction","target":{"@type":"EntryPoint","urlTemplate":"https:\/\/everybrainmatters.org\/es\/?s={search_term_string}"},"query-input":{"@type":"PropertyValueSpecification","valueRequired":true,"valueName":"search_term_string"}}],"inLanguage":"es-ES"},{"@type":"Organization","@id":"https:\/\/everybrainmatters.org\/es\/#organization","name":"Every Brain Matters","url":"https:\/\/everybrainmatters.org\/es\/","logo":{"@type":"ImageObject","inLanguage":"es-ES","@id":"https:\/\/everybrainmatters.org\/es\/#\/schema\/logo\/image\/","url":"https:\/\/everybrainmatters.org\/wp-content\/uploads\/AllBrains_3.jpg","contentUrl":"https:\/\/everybrainmatters.org\/wp-content\/uploads\/AllBrains_3.jpg","width":1000,"height":1087,"caption":"Every Brain Matters"},"image":{"@id":"https:\/\/everybrainmatters.org\/es\/#\/schema\/logo\/image\/"}}]}},"_links":{"self":[{"href":"https:\/\/everybrainmatters.org\/es\/wp-json\/wp\/v2\/pages\/46220","targetHints":{"allow":["GET"]}}],"collection":[{"href":"https:\/\/everybrainmatters.org\/es\/wp-json\/wp\/v2\/pages"}],"about":[{"href":"https:\/\/everybrainmatters.org\/es\/wp-json\/wp\/v2\/types\/page"}],"author":[{"embeddable":true,"href":"https:\/\/everybrainmatters.org\/es\/wp-json\/wp\/v2\/users\/12"}],"replies":[{"embeddable":true,"href":"https:\/\/everybrainmatters.org\/es\/wp-json\/wp\/v2\/comments?post=46220"}],"version-history":[{"count":0,"href":"https:\/\/everybrainmatters.org\/es\/wp-json\/wp\/v2\/pages\/46220\/revisions"}],"up":[{"embeddable":true,"href":"https:\/\/everybrainmatters.org\/es\/wp-json\/wp\/v2\/pages\/46247"}],"wp:attachment":[{"href":"https:\/\/everybrainmatters.org\/es\/wp-json\/wp\/v2\/media?parent=46220"}],"curies":[{"name":"wp","href":"https:\/\/api.w.org\/{rel}","templated":true}]}}