{"id":46247,"date":"2020-09-04T13:57:46","date_gmt":"2020-09-04T18:57:46","guid":{"rendered":"https:\/\/everybrainmatters.org\/la-ciencia\/"},"modified":"2025-10-21T08:53:16","modified_gmt":"2025-10-21T13:53:16","slug":"la-ciencia","status":"publish","type":"page","link":"https:\/\/everybrainmatters.org\/es\/la-ciencia\/","title":{"rendered":"La ciencia"},"content":{"rendered":"\n<div class=\"wp-block-group py-5 is-style-width-full has-blue-color has-white-background-color has-text-color has-background\"><div class=\"wp-block-group__inner-container is-layout-flow wp-block-group-is-layout-flow\">\n<div class=\"wp-block-columns is-layout-flex wp-container-core-columns-is-layout-9d6595d7 wp-block-columns-is-layout-flex\">\n<div class=\"wp-block-column align-self-center is-layout-flow wp-block-column-is-layout-flow\" style=\"flex-basis:58%\">\n<h3 class=\"wp-block-heading\">No es s\u00f3lo marihuana.  <\/h3>\n\n\n\n<p>Por favor, lee y utiliza estos recursos basados en pruebas para educar y defender:<\/p>\n\n\n\n<p><\/p>\n\n\n\n<ul class=\"wp-block-list\">\n<li><a href=\"https:\/\/everybrainmatters.org\/what-is-marijuana\/\" target=\"_blank\" rel=\"noreferrer noopener\" class=\"ek-link\">\u00bfQu\u00e9 es la marihuana?<\/a><\/li>\n\n\n\n<li><a aria-label=\"Cannabis Use Disorder (Addiction to Marijuana-THC) (opens in a new tab)\" href=\"https:\/\/everybrainmatters.org\/es\/la-ciencia\/adiccion-trastorno-por-consumo-de-cannabis\/\" target=\"_blank\" rel=\"noreferrer noopener\" class=\"ek-link\">Adicci\u00f3n a la Marihuana\/THC o Trastorno por Consumo de Cannabis<\/a><\/li>\n\n\n\n<li><a href=\"https:\/\/www.cannabisclinicians.org\/2015\/03\/01\/cannabis-sativa-the-unconventional-weed-allergen\/\" class=\"ek-link\">Alergias a la marihuana<\/a><\/li>\n\n\n\n<li><a href=\"https:\/\/everybrainmatters.org\/cannabis-related-to-anxiety\/\" class=\"ek-link\">Ansiedad  <\/a><\/li>\n\n\n\n<li><a aria-label=\"Autism (opens in a new tab)\" href=\"https:\/\/everybrainmatters.org\/autism\/\" target=\"_blank\" rel=\"noreferrer noopener\" class=\"ek-link\">Autismo<\/a><\/li>\n\n\n\n<li><a href=\"https:\/\/everybrainmatters.org\/birth-defects\/\" target=\"_blank\" rel=\"noreferrer noopener\" class=\"ek-link\">Defectos cong\u00e9nitos<\/a><\/li>\n\n\n\n<li><a aria-label=\"Brain Effects (opens in a new tab)\" href=\"https:\/\/everybrainmatters.org\/brain-effects\/\" target=\"_blank\" rel=\"noreferrer noopener\" class=\"ek-link\">Efectos cerebrales<\/a><\/li>\n\n\n\n<li><a href=\"https:\/\/everybrainmatters.org\/es\/la-ciencia\/mercado-negro-de-marihuana\/\" target=\"_blank\" rel=\"noreferrer noopener\" class=\"ek-link\">Mercado negro de marihuana<\/a><\/li>\n\n\n\n<li><a aria-label=\"Cancer (opens in a new tab)\" href=\"https:\/\/everybrainmatters.org\/cannabis-cancer-marijuana\/\" target=\"_blank\" rel=\"noreferrer noopener\" class=\"ek-link\">C\u00e1ncer<\/a><\/li>\n\n\n\n<li><a aria-label=\"Cannabis in Medicine (opens in a new tab)\" href=\"https:\/\/everybrainmatters.org\/cannabis-science\/medical-marijuana-cannabis-in-medicine\/\" target=\"_blank\" rel=\"noreferrer noopener\" class=\"ek-link\">El cannabis en medicina<\/a><\/li>\n\n\n\n<li><a href=\"https:\/\/everybrainmatters.org\/cannabis-science\/cbd\/\" target=\"_blank\" rel=\"noreferrer noopener\" class=\"ek-link\">CBD<\/a><\/li>\n\n\n\n<li><a href=\"https:\/\/everybrainmatters.org\/cannabinoid-hyperemesis-syndrome\/\" target=\"_blank\" rel=\"noreferrer noopener\" class=\"ek-link\">S\u00edndrome de hiper\u00e9mesis cannabinoide<\/a><\/li>\n\n\n\n<li><a href=\"https:\/\/everybrainmatters.org\/cardiac-and-heat-disease-with-marijuana\/\" class=\"ek-link\">Card\u00edaco\/Coraz\u00f3n  <\/a><\/li>\n\n\n\n<li><a aria-label=\"Child Deaths from Abuse and Neglect (opens in a new tab)\" href=\"https:\/\/everybrainmatters.org\/marijuana-child-neglect-and-abuse\/\" target=\"_blank\" rel=\"noreferrer noopener\" class=\"ek-link\">Muertes infantiles por maltrato y abandono<\/a><\/li>\n\n\n\n<li><a aria-label=\"Corporate and Individual Cannabis Investors (opens in a new tab)\" href=\"https:\/\/everybrainmatters.org\/corporate-and-individual-cannabis-investors\/\" target=\"_blank\" rel=\"noreferrer noopener\" class=\"ek-link\">Inversores corporativos y particulares en cannabis<\/a><\/li>\n\n\n\n<li><a aria-label=\"Costs of Legalization (opens in a new tab)\" href=\"https:\/\/everybrainmatters.org\/costs-of-amarijuana-legalization\/\" target=\"_blank\" rel=\"noreferrer noopener\" class=\"ek-link\">Costes de la legalizaci\u00f3n<\/a><\/li>\n\n\n\n<li><a aria-label=\"Covid-19 (opens in a new tab)\" href=\"https:\/\/everybrainmatters.org\/marijuana-covid-19\/\" target=\"_blank\" rel=\"noreferrer noopener\" class=\"ek-link\">Covid-19<\/a><\/li>\n\n\n\n<li><a aria-label=\"Dabbing (opens in a new tab)\" href=\"https:\/\/everybrainmatters.org\/cannabis-dabbing\/\" target=\"_blank\" rel=\"noreferrer noopener\" class=\"ek-link\">Dabbing<\/a><\/li>\n\n\n\n<li><a aria-label=\"Delta 8-THC, Delta 10-THC, THC-O (THC Variants) (opens in a new tab)\" href=\"https:\/\/everybrainmatters.org\/hemp-thc-variants-delta-8-delta-10-thc-o\/\" target=\"_blank\" rel=\"noreferrer noopener\" class=\"ek-link\">Delta 8-THC, Delta 10-THC, THC-O (Variantes del THC)<\/a><\/li>\n\n\n\n<li><a href=\"https:\/\/everybrainmatters.org\/dose-effects-smoked-vs-ingestion\/\" target=\"_blank\" aria-label=\"Dose effects (smoked vs ingestion) (opens in a new tab)\" rel=\"noreferrer noopener\" class=\"ek-link\">Efectos de la dosis (fumada frente a ingerida)<\/a><\/li>\n\n\n\n<li><a aria-label=\"Drug-drug interactions with THC and\/or CBD (opens in a new tab)\" href=\"https:\/\/everybrainmatters.org\/drug-drug-interations-with-thc-and-or-cbd\/\" target=\"_blank\" rel=\"noreferrer noopener\" class=\"ek-link\">Interacciones medicamentosas con el THC y\/o el CBD<\/a><\/li>\n\n\n\n<li><a href=\"https:\/\/everybrainmatters.org\/2023\/03\/12\/marijuana-edibles\/\" target=\"_blank\" aria-label=\"Edibles (opens in a new tab)\" rel=\"noreferrer noopener\" class=\"ek-link\">Comestibles<\/a><\/li>\n\n\n\n<li><a aria-label=\"Effects of THC on Adults (opens in a new tab)\" href=\"https:\/\/everybrainmatters.org\/effects-of-thc-on-adults\/\" target=\"_blank\" rel=\"noreferrer noopener\" class=\"ek-link\">Efectos del THC en los adultos<\/a><\/li>\n\n\n\n<li><a aria-label=\"Effects of THC on Youth (opens in a new tab)\" href=\"https:\/\/everybrainmatters.org\/es\/la-ciencia\/efectos-de-la-marihuana-thc-en-los-jovenes\/\" target=\"_blank\" rel=\"noreferrer noopener\" class=\"ek-link\">Efectos del THC en los j\u00f3venes<\/a><\/li>\n\n\n\n<li><a aria-label=\"Environmental Impact (opens in a new tab)\" href=\"https:\/\/everybrainmatters.org\/es\/la-ciencia\/impactos-medioambientales-de-la-marihuana\/\" target=\"_blank\" rel=\"noreferrer noopener\" class=\"ek-link\">Impacto medioambiental<\/a><\/li>\n\n\n\n<li><a aria-label=\"Emergency Room (opens in a new tab)\" href=\"https:\/\/everybrainmatters.org\/emergency-room-results\/\" target=\"_blank\" rel=\"noreferrer noopener\" class=\"ek-link\">Urgencias<\/a><\/li>\n\n\n\n<li><a href=\"https:\/\/everybrainmatters.org\/marijuana-poly-substance-use-gateway-companion-drug\/\" target=\"_blank\" rel=\"noreferrer noopener\" class=\"ek-link\">Pasarela o f\u00e1rmaco complementario<\/a><\/li>\n\n\n\n<li><a aria-label=\"Genetic damage (opens in a new tab)\" href=\"https:\/\/everybrainmatters.org\/cannabis-genetic-damage\/\" target=\"_blank\" rel=\"noreferrer noopener\" class=\"ek-link\">Da\u00f1os gen\u00e9ticos<\/a><\/li>\n\n\n\n<li><a aria-label=\"Hemp (opens in a new tab)\" href=\"https:\/\/everybrainmatters.org\/hemp-2\/\" target=\"_blank\" rel=\"noreferrer noopener\" class=\"ek-link\">C\u00e1\u00f1amo<\/a><\/li>\n\n\n\n<li><a aria-label=\"Homelessness (opens in a new tab)\" href=\"https:\/\/everybrainmatters.org\/es\/la-ciencia\/marihuana-y-personas-sin-hogar\/\" target=\"_blank\" rel=\"noreferrer noopener\" class=\"ek-link\">Personas sin hogar<\/a><\/li>\n\n\n\n<li><a aria-label=\"Inaccurate Labeling (opens in a new tab)\" href=\"https:\/\/everybrainmatters.org\/inaccurate-labeling-of-marijuana-and-hemp\/\" target=\"_blank\" rel=\"noreferrer noopener\" class=\"ek-link\">Etiquetado inexacto<\/a><\/li>\n\n\n\n<li><a aria-label=\"Impaired Driving (opens in a new tab)\" href=\"https:\/\/everybrainmatters.org\/science\/marijuana-dui\/\" target=\"_blank\" rel=\"noreferrer noopener\" class=\"ek-link\">Conducci\u00f3n bajo los efectos del alcohol<\/a><\/li>\n\n\n\n<li><a aria-label=\"Lungs\/respiratory system (opens in a new tab)\" href=\"https:\/\/everybrainmatters.org\/effects-of-marijuana-on-the-lungs-respiratory-system\/\" target=\"_blank\" rel=\"noreferrer noopener\" class=\"ek-link\">Pulmones\/sistema respiratorio<\/a><\/li>\n\n\n\n<li><a aria-label=\"Medical Marijuana (opens in a new tab)\" href=\"https:\/\/everybrainmatters.org\/cannabis-science\/medical-marijuana-cannabis-in-medicine\/\" target=\"_blank\" rel=\"noreferrer noopener\" class=\"ek-link\">Marihuana medicinal<\/a><\/li>\n\n\n\n<li><a aria-label=\"Mental Health (opens in a new tab)\" href=\"https:\/\/everybrainmatters.org\/mental-health\/\" target=\"_blank\" rel=\"noreferrer noopener\" class=\"ek-link\">Salud mental<\/a><\/li>\n\n\n\n<li><a aria-label=\"Opioids (opens in a new tab)\" href=\"https:\/\/everybrainmatters.org\/opioids\/\" target=\"_blank\" rel=\"noreferrer noopener\" class=\"ek-link\">Opi\u00e1ceos<\/a><\/li>\n\n\n\n<li><a href=\"https:\/\/everybrainmatters.org\/overdoses\/\" target=\"_blank\" rel=\"noreferrer noopener\" class=\"ek-link\">Sobredosis o muertes<\/a><\/li>\n\n\n\n<li><a href=\"https:\/\/everybrainmatters.org\/pain\/\" class=\"ek-link\">Dolor<\/a><\/li>\n\n\n\n<li><a href=\"https:\/\/everybrainmatters.org\/paranoia-dysphoria-with-marijuana-use\/\" class=\"ek-link\">Paranoia \/ disforia<\/a><\/li>\n\n\n\n<li><a aria-label=\"Pediatric Poisoning (opens in a new tab)\" href=\"https:\/\/everybrainmatters.org\/pediatric-poisoning\/\" target=\"_blank\" rel=\"noreferrer noopener\" class=\"ek-link\">Intoxicaci\u00f3n pedi\u00e1trica<\/a><\/li>\n\n\n\n<li><a aria-label=\"Perceived Risk and Availability (opens in a new tab)\" href=\"https:\/\/everybrainmatters.org\/marijuana-perceived-risk-and-availability\/\" target=\"_blank\" rel=\"noreferrer noopener\" class=\"ek-link\">Riesgo percibido<\/a><\/li>\n\n\n\n<li><a href=\"https:\/\/everybrainmatters.org\/poly-substance-use-associated-with-marijuana\/\" class=\"ek-link\">Politoxicoman\u00eda<\/a><\/li>\n\n\n\n<li><a aria-label=\"Potency - Marijuana Concentrates (opens in a new tab)\" href=\"https:\/\/everybrainmatters.org\/potency-marijuana-concentrates\/\" target=\"_blank\" rel=\"noreferrer noopener\" class=\"ek-link\">Potencia &#8211; Concentrados de marihuana  <\/a><\/li>\n\n\n\n<li><a aria-label=\"Pregnancy and Breastfeeding (opens in a new tab)\" href=\"https:\/\/everybrainmatters.org\/marijuana-pregnancy-breastfeeding\/\" target=\"_blank\" rel=\"noreferrer noopener\" class=\"ek-link\">Embarazo y lactancia<\/a><\/li>\n\n\n\n<li><a aria-label=\"Psychedelics (opens in a new tab)\" href=\"https:\/\/everybrainmatters.org\/psychedelics\/\" target=\"_blank\" rel=\"noreferrer noopener\" class=\"ek-link\">Psicod\u00e9licos<\/a><\/li>\n\n\n\n<li><a href=\"https:\/\/everybrainmatters.org\/es\/la-ciencia\/psicosis-esquizofrenia\/\" target=\"_blank\" rel=\"noreferrer noopener\" class=\"ek-link\">Psicosis\/esquizofrenia<\/a><\/li>\n\n\n\n<li><a aria-label=\"PTSD or Post-Traumatic Stress Disorder (opens in a new tab)\" href=\"https:\/\/everybrainmatters.org\/marijuana-post-traumatic-stress-disorder-or-ptsd\/\" target=\"_blank\" rel=\"noreferrer noopener\" class=\"ek-link\">TEPT o Trastorno de Estr\u00e9s Postraum\u00e1tico<\/a><\/li>\n\n\n\n<li><a aria-label=\"Reintoxication-THC (opens in a new tab)\" href=\"https:\/\/everybrainmatters.org\/reintoxication-of-thc-tetrahydrocannabinol\/\" target=\"_blank\" rel=\"noreferrer noopener\" class=\"ek-link\">Reintoxicaci\u00f3n-THC<\/a><\/li>\n\n\n\n<li><a href=\"https:\/\/everybrainmatters.org\/cannabis-reproductive-issues\/\" target=\"_blank\" aria-label=\"Reproductive Issues (opens in a new tab)\" rel=\"noreferrer noopener\" class=\"ek-link\">Cuestiones reproductivas<\/a><\/li>\n\n\n\n<li><a aria-label=\"Schedule 1 (opens in a new tab)\" href=\"https:\/\/everybrainmatters.org\/marijuana-schedule-1\/\" target=\"_blank\" rel=\"noreferrer noopener\" class=\"ek-link\">Anexo 1<\/a><\/li>\n\n\n\n<li><a aria-label=\"Second Hand Smoke (opens in a new tab)\" href=\"https:\/\/everybrainmatters.org\/second-hand-cannabis-smoke\/\" target=\"_blank\" rel=\"noreferrer noopener\" class=\"ek-link\">Humo de segunda mano<\/a><\/li>\n\n\n\n<li><a aria-label=\"Social Injustice (opens in a new tab)\" href=\"https:\/\/everybrainmatters.org\/cannabis-social-injustice\/\" target=\"_blank\" rel=\"noreferrer noopener\" class=\"ek-link\">Injusticia social<\/a><\/li>\n\n\n\n<li><a aria-label=\"Sperm and Erectile Function (opens in a new tab)\" href=\"https:\/\/everybrainmatters.org\/marijuana-sperm-and-erectile-function\/\" target=\"_blank\" rel=\"noreferrer noopener\" class=\"ek-link\">Esperma y funci\u00f3n er\u00e9ctil<\/a><\/li>\n\n\n\n<li><a href=\"https:\/\/everybrainmatters.org\/es\/la-ciencia\/suicidio\/\" target=\"_blank\" rel=\"noreferrer noopener\">Suicidios<\/a><\/li>\n\n\n\n<li><a href=\"https:\/\/everybrainmatters.org\/the-surgeon-generals-advisory-marijuana\/\" target=\"_blank\" rel=\"noreferrer noopener\" class=\"ek-link\">Aviso del Cirujano General sobre la marihuana<\/a><\/li>\n\n\n\n<li><a href=\"https:\/\/everybrainmatters.org\/teen-use\/\" class=\"ek-link\">Uso por adolescentes<\/a><\/li>\n\n\n\n<li><a href=\"https:\/\/everybrainmatters.org\/marijuana-thc-effects\/\" target=\"_blank\" aria-label=\"THC - Tetrahydrocannabinol (opens in a new tab)\" rel=\"noreferrer noopener\" class=\"ek-link\">THC &#8211; Tetrahidrocannabinol<\/a><\/li>\n\n\n\n<li><a aria-label=\"Testing for cannabinoids (opens in a new tab)\" href=\"https:\/\/everybrainmatters.org\/testing-for-cannabinoids\/\" target=\"_blank\" rel=\"noreferrer noopener\" class=\"ek-link\">An\u00e1lisis de cannabinoides<\/a><\/li>\n\n\n\n<li><a aria-label=\"Toxicity (opens in a new tab)\" href=\"https:\/\/everybrainmatters.org\/toxicity\/\" target=\"_blank\" rel=\"noreferrer noopener\" class=\"ek-link\">Toxicidad<\/a><\/li>\n\n\n\n<li><a aria-label=\"Use Rates (opens in a new tab)\" href=\"https:\/\/everybrainmatters.org\/marijuana-use-rates\/\" target=\"_blank\" rel=\"noreferrer noopener\" class=\"ek-link\">Tarifas de uso<\/a><\/li>\n\n\n\n<li><a href=\"https:\/\/everybrainmatters.org\/es\/la-ciencia\/violencia\/\" target=\"_blank\" rel=\"noreferrer noopener\" class=\"ek-link\">Violencia<\/a><\/li>\n\n\n\n<li><a href=\"https:\/\/everybrainmatters.org\/science-vaping-evali\/\" target=\"_blank\" rel=\"noreferrer noopener\">Vaping-EVALI<\/a><\/li>\n\n\n\n<li><a aria-label=\"Use Rates (opens in a new tab)\" href=\"https:\/\/everybrainmatters.org\/marijuana-use-rates\/\" target=\"_blank\" rel=\"noreferrer noopener\" class=\"ek-link\">Tarifas de uso<\/a><\/li>\n\n\n\n<li><a aria-label=\"Work Place Safety (opens in a new tab)\" href=\"https:\/\/everybrainmatters.org\/work-place-safety-marijuana\/\" target=\"_blank\" rel=\"noreferrer noopener\" class=\"ek-link\">Seguridad en el trabajo<\/a><\/li>\n<\/ul>\n<\/div>\n\n\n\n<div class=\"wp-block-column is-layout-flow wp-block-column-is-layout-flow\" style=\"flex-basis:42%\">\n<div style=\"height:100px\" aria-hidden=\"true\" class=\"wp-block-spacer\"><\/div>\n\n\n<div class=\"wp-block-image\">\n<figure class=\"aligncenter size-large is-resized\"><img loading=\"lazy\" decoding=\"async\" width=\"300\" height=\"450\" src=\"https:\/\/everybrainmatters.org\/wp-content\/uploads\/networking.jpg\" alt=\"\" class=\"wp-image-17382\" style=\"width:259px;height:389px\" srcset=\"https:\/\/everybrainmatters.org\/wp-content\/uploads\/networking.jpg 300w, https:\/\/everybrainmatters.org\/wp-content\/uploads\/networking-200x300.jpg 200w\" sizes=\"auto, (max-width: 300px) 100vw, 300px\" \/><\/figure><\/div>\n\n\n<div style=\"height:100px\" aria-hidden=\"true\" class=\"wp-block-spacer\"><\/div>\n\n\n\n<figure class=\"wp-block-image size-large\"><a href=\"https:\/\/iasic1.org\/\" target=\"_blank\" rel=\"noopener\"><img loading=\"lazy\" decoding=\"async\" width=\"1024\" height=\"450\" src=\"https:\/\/everybrainmatters.org\/wp-content\/uploads\/smaller-IASIC.png\" alt=\"\" class=\"wp-image-20339\" srcset=\"https:\/\/everybrainmatters.org\/wp-content\/uploads\/smaller-IASIC.png 1024w, https:\/\/everybrainmatters.org\/wp-content\/uploads\/smaller-IASIC-300x132.png 300w, https:\/\/everybrainmatters.org\/wp-content\/uploads\/smaller-IASIC-768x338.png 768w, https:\/\/everybrainmatters.org\/wp-content\/uploads\/smaller-IASIC-600x264.png 600w\" sizes=\"auto, (max-width: 1024px) 100vw, 1024px\" \/><\/a><figcaption class=\"wp-element-caption\"><a href=\"https:\/\/iasic1.org\/\" target=\"_blank\" rel=\"noreferrer noopener\">ACADEMIA INTERNACIONAL SOBRE LA CIENCIA Y EL IMPACTO DEL CANNABIS<\/a><br\/><br\/>DOCTORES QUE EDUCAN SOBRE LA MARIHUANA<br\/>El IASIC contrarresta la percepci\u00f3n err\u00f3nea generalizada sobre la seguridad de la marihuana mediante expertos internacionales que aportan ciencia, datos y experiencia cl\u00ednica. Este grupo no partidista ni pol\u00edtico est\u00e1 desarrollado, organizado y dirigido por m\u00e9dicos. IASIC espera que la ciencia gu\u00ede pol\u00edticas que protejan al p\u00fablico y creen una toma de decisiones informada.  <\/figcaption><\/figure>\n\n\n\n<div style=\"height:191px\" aria-hidden=\"true\" class=\"wp-block-spacer\"><\/div>\n\n\n\n<p class=\"has-text-align-center\">Recurso:<\/p>\n\n\n<div class=\"wp-block-image\">\n<figure class=\"aligncenter size-large is-resized\"><a href=\"https:\/\/www.springer.com\/gp\/book\/9783030459673\"><img loading=\"lazy\" decoding=\"async\" width=\"128\" height=\"195\" src=\"https:\/\/everybrainmatters.org\/wp-content\/uploads\/Cannabis-in-Medicine.jpg\" alt=\"\" class=\"wp-image-17543\" style=\"width:158px;height:241px\"\/><\/a><figcaption class=\"wp-element-caption\"><a href=\"https:\/\/learnaboutsam.org\/toolkit\/\" class=\"ek-link\">Cannabas en Medicina<\/a><\/figcaption><\/figure><\/div><\/div>\n<\/div>\n<\/div><\/div>\n","protected":false},"excerpt":{"rendered":"<p>No es s\u00f3lo marihuana. Por favor, lee y utiliza estos recursos basados en pruebas para educar y defender: Recurso:<\/p>\n","protected":false},"author":12,"featured_media":0,"parent":0,"menu_order":0,"comment_status":"closed","ping_status":"closed","template":"","meta":{"_acf_changed":false,"_editorskit_title_hidden":false,"_editorskit_reading_time":0,"_editorskit_is_block_options_detached":false,"_editorskit_block_options_position":"{}","footnotes":""},"class_list":["post-46247","page","type-page","status-publish","hentry"],"acf":[],"yoast_head":"<!-- This site is optimized with the Yoast SEO plugin v26.1.1 - https:\/\/yoast.com\/wordpress\/plugins\/seo\/ -->\n<title>La ciencia - Every Brain Matters<\/title>\n<meta name=\"robots\" content=\"index, follow, max-snippet:-1, max-image-preview:large, max-video-preview:-1\" \/>\n<link rel=\"canonical\" href=\"https:\/\/everybrainmatters.org\/es\/la-ciencia\/\" \/>\n<meta property=\"og:locale\" content=\"es_ES\" \/>\n<meta property=\"og:type\" content=\"article\" \/>\n<meta property=\"og:title\" content=\"La ciencia - Every Brain Matters\" \/>\n<meta property=\"og:description\" content=\"No es s\u00f3lo marihuana. Por favor, lee y utiliza estos recursos basados en pruebas para educar y defender: Recurso:\" \/>\n<meta property=\"og:url\" content=\"https:\/\/everybrainmatters.org\/es\/la-ciencia\/\" \/>\n<meta property=\"og:site_name\" content=\"Every Brain Matters\" \/>\n<meta property=\"article:modified_time\" content=\"2025-10-21T13:53:16+00:00\" \/>\n<meta property=\"og:image\" content=\"https:\/\/everybrainmatters.org\/wp-content\/uploads\/networking.jpg\" \/>\n\t<meta property=\"og:image:width\" content=\"300\" \/>\n\t<meta property=\"og:image:height\" content=\"450\" \/>\n\t<meta property=\"og:image:type\" content=\"image\/jpeg\" \/>\n<meta name=\"twitter:card\" content=\"summary_large_image\" \/>\n<meta name=\"twitter:label1\" content=\"Est. reading time\" \/>\n\t<meta name=\"twitter:data1\" content=\"2 minutos\" \/>\n<script type=\"application\/ld+json\" class=\"yoast-schema-graph\">{\"@context\":\"https:\/\/schema.org\",\"@graph\":[{\"@type\":\"WebPage\",\"@id\":\"https:\/\/everybrainmatters.org\/es\/la-ciencia\/\",\"url\":\"https:\/\/everybrainmatters.org\/es\/la-ciencia\/\",\"name\":\"La ciencia - Every Brain Matters\",\"isPartOf\":{\"@id\":\"https:\/\/everybrainmatters.org\/es\/#website\"},\"primaryImageOfPage\":{\"@id\":\"https:\/\/everybrainmatters.org\/es\/la-ciencia\/#primaryimage\"},\"image\":{\"@id\":\"https:\/\/everybrainmatters.org\/es\/la-ciencia\/#primaryimage\"},\"thumbnailUrl\":\"https:\/\/everybrainmatters.org\/wp-content\/uploads\/networking.jpg\",\"datePublished\":\"2020-09-04T18:57:46+00:00\",\"dateModified\":\"2025-10-21T13:53:16+00:00\",\"breadcrumb\":{\"@id\":\"https:\/\/everybrainmatters.org\/es\/la-ciencia\/#breadcrumb\"},\"inLanguage\":\"es-ES\",\"potentialAction\":[{\"@type\":\"ReadAction\",\"target\":[\"https:\/\/everybrainmatters.org\/es\/la-ciencia\/\"]}]},{\"@type\":\"ImageObject\",\"inLanguage\":\"es-ES\",\"@id\":\"https:\/\/everybrainmatters.org\/es\/la-ciencia\/#primaryimage\",\"url\":\"https:\/\/everybrainmatters.org\/wp-content\/uploads\/networking.jpg\",\"contentUrl\":\"https:\/\/everybrainmatters.org\/wp-content\/uploads\/networking.jpg\"},{\"@type\":\"BreadcrumbList\",\"@id\":\"https:\/\/everybrainmatters.org\/es\/la-ciencia\/#breadcrumb\",\"itemListElement\":[{\"@type\":\"ListItem\",\"position\":1,\"name\":\"Home\",\"item\":\"https:\/\/everybrainmatters.org\/es\/\"},{\"@type\":\"ListItem\",\"position\":2,\"name\":\"La ciencia\"}]},{\"@type\":\"WebSite\",\"@id\":\"https:\/\/everybrainmatters.org\/es\/#website\",\"url\":\"https:\/\/everybrainmatters.org\/es\/\",\"name\":\"Every Brain Matters\",\"description\":\"\",\"publisher\":{\"@id\":\"https:\/\/everybrainmatters.org\/es\/#organization\"},\"potentialAction\":[{\"@type\":\"SearchAction\",\"target\":{\"@type\":\"EntryPoint\",\"urlTemplate\":\"https:\/\/everybrainmatters.org\/es\/?s={search_term_string}\"},\"query-input\":{\"@type\":\"PropertyValueSpecification\",\"valueRequired\":true,\"valueName\":\"search_term_string\"}}],\"inLanguage\":\"es-ES\"},{\"@type\":\"Organization\",\"@id\":\"https:\/\/everybrainmatters.org\/es\/#organization\",\"name\":\"Every Brain Matters\",\"url\":\"https:\/\/everybrainmatters.org\/es\/\",\"logo\":{\"@type\":\"ImageObject\",\"inLanguage\":\"es-ES\",\"@id\":\"https:\/\/everybrainmatters.org\/es\/#\/schema\/logo\/image\/\",\"url\":\"https:\/\/everybrainmatters.org\/wp-content\/uploads\/AllBrains_3.jpg\",\"contentUrl\":\"https:\/\/everybrainmatters.org\/wp-content\/uploads\/AllBrains_3.jpg\",\"width\":1000,\"height\":1087,\"caption\":\"Every Brain Matters\"},\"image\":{\"@id\":\"https:\/\/everybrainmatters.org\/es\/#\/schema\/logo\/image\/\"}}]}<\/script>\n<!-- \/ Yoast SEO plugin. -->","yoast_head_json":{"title":"La ciencia - Every Brain Matters","robots":{"index":"index","follow":"follow","max-snippet":"max-snippet:-1","max-image-preview":"max-image-preview:large","max-video-preview":"max-video-preview:-1"},"canonical":"https:\/\/everybrainmatters.org\/es\/la-ciencia\/","og_locale":"es_ES","og_type":"article","og_title":"La ciencia - Every Brain Matters","og_description":"No es s\u00f3lo marihuana. Por favor, lee y utiliza estos recursos basados en pruebas para educar y defender: Recurso:","og_url":"https:\/\/everybrainmatters.org\/es\/la-ciencia\/","og_site_name":"Every Brain Matters","article_modified_time":"2025-10-21T13:53:16+00:00","og_image":[{"width":300,"height":450,"url":"https:\/\/everybrainmatters.org\/wp-content\/uploads\/networking.jpg","type":"image\/jpeg"}],"twitter_card":"summary_large_image","twitter_misc":{"Est. reading time":"2 minutos"},"schema":{"@context":"https:\/\/schema.org","@graph":[{"@type":"WebPage","@id":"https:\/\/everybrainmatters.org\/es\/la-ciencia\/","url":"https:\/\/everybrainmatters.org\/es\/la-ciencia\/","name":"La ciencia - Every Brain Matters","isPartOf":{"@id":"https:\/\/everybrainmatters.org\/es\/#website"},"primaryImageOfPage":{"@id":"https:\/\/everybrainmatters.org\/es\/la-ciencia\/#primaryimage"},"image":{"@id":"https:\/\/everybrainmatters.org\/es\/la-ciencia\/#primaryimage"},"thumbnailUrl":"https:\/\/everybrainmatters.org\/wp-content\/uploads\/networking.jpg","datePublished":"2020-09-04T18:57:46+00:00","dateModified":"2025-10-21T13:53:16+00:00","breadcrumb":{"@id":"https:\/\/everybrainmatters.org\/es\/la-ciencia\/#breadcrumb"},"inLanguage":"es-ES","potentialAction":[{"@type":"ReadAction","target":["https:\/\/everybrainmatters.org\/es\/la-ciencia\/"]}]},{"@type":"ImageObject","inLanguage":"es-ES","@id":"https:\/\/everybrainmatters.org\/es\/la-ciencia\/#primaryimage","url":"https:\/\/everybrainmatters.org\/wp-content\/uploads\/networking.jpg","contentUrl":"https:\/\/everybrainmatters.org\/wp-content\/uploads\/networking.jpg"},{"@type":"BreadcrumbList","@id":"https:\/\/everybrainmatters.org\/es\/la-ciencia\/#breadcrumb","itemListElement":[{"@type":"ListItem","position":1,"name":"Home","item":"https:\/\/everybrainmatters.org\/es\/"},{"@type":"ListItem","position":2,"name":"La ciencia"}]},{"@type":"WebSite","@id":"https:\/\/everybrainmatters.org\/es\/#website","url":"https:\/\/everybrainmatters.org\/es\/","name":"Every Brain Matters","description":"","publisher":{"@id":"https:\/\/everybrainmatters.org\/es\/#organization"},"potentialAction":[{"@type":"SearchAction","target":{"@type":"EntryPoint","urlTemplate":"https:\/\/everybrainmatters.org\/es\/?s={search_term_string}"},"query-input":{"@type":"PropertyValueSpecification","valueRequired":true,"valueName":"search_term_string"}}],"inLanguage":"es-ES"},{"@type":"Organization","@id":"https:\/\/everybrainmatters.org\/es\/#organization","name":"Every Brain Matters","url":"https:\/\/everybrainmatters.org\/es\/","logo":{"@type":"ImageObject","inLanguage":"es-ES","@id":"https:\/\/everybrainmatters.org\/es\/#\/schema\/logo\/image\/","url":"https:\/\/everybrainmatters.org\/wp-content\/uploads\/AllBrains_3.jpg","contentUrl":"https:\/\/everybrainmatters.org\/wp-content\/uploads\/AllBrains_3.jpg","width":1000,"height":1087,"caption":"Every Brain Matters"},"image":{"@id":"https:\/\/everybrainmatters.org\/es\/#\/schema\/logo\/image\/"}}]}},"_links":{"self":[{"href":"https:\/\/everybrainmatters.org\/es\/wp-json\/wp\/v2\/pages\/46247","targetHints":{"allow":["GET"]}}],"collection":[{"href":"https:\/\/everybrainmatters.org\/es\/wp-json\/wp\/v2\/pages"}],"about":[{"href":"https:\/\/everybrainmatters.org\/es\/wp-json\/wp\/v2\/types\/page"}],"author":[{"embeddable":true,"href":"https:\/\/everybrainmatters.org\/es\/wp-json\/wp\/v2\/users\/12"}],"replies":[{"embeddable":true,"href":"https:\/\/everybrainmatters.org\/es\/wp-json\/wp\/v2\/comments?post=46247"}],"version-history":[{"count":0,"href":"https:\/\/everybrainmatters.org\/es\/wp-json\/wp\/v2\/pages\/46247\/revisions"}],"wp:attachment":[{"href":"https:\/\/everybrainmatters.org\/es\/wp-json\/wp\/v2\/media?parent=46247"}],"curies":[{"name":"wp","href":"https:\/\/api.w.org\/{rel}","templated":true}]}}