{"id":46261,"date":"2020-09-04T13:55:28","date_gmt":"2020-09-04T18:55:28","guid":{"rendered":"https:\/\/everybrainmatters.org\/como-compartir-tu-historia\/"},"modified":"2025-10-21T08:53:46","modified_gmt":"2025-10-21T13:53:46","slug":"como-compartir-tu-historia","status":"publish","type":"page","link":"https:\/\/everybrainmatters.org\/es\/46263-2\/como-compartir-tu-historia\/","title":{"rendered":"C\u00f3mo compartir tu historia"},"content":{"rendered":"\n<h4 class=\"wp-block-heading\">Taller de testimonios de Corinne y Sally<\/h4>\n\n<p>Escucha nuestro taller de testimonios con Corinne Gasper y Sally Schindel, que se han convertido en oradoras y defensoras inspiradoras tras la p\u00e9rdida de sus hijos por los efectos de la marihuana. Este taller es para cualquier persona dispuesta a compartir sus testimonios sobre c\u00f3mo la marihuana afect\u00f3 a sus vidas, pero que no sabe c\u00f3mo dar los primeros pasos. <\/p>\n\n<p>Los efectos de la marihuana y otras drogas son reales y van en aumento. El p\u00fablico en general no comprende los efectos devastadores. Muchas veces nos resulta dif\u00edcil compartir honestamente c\u00f3mo la marihuana actual, m\u00e1s potente y peligrosa, ha afectado a nuestras vidas y familias. Entendemos que compartir tu testimonio puede ser doloroso y sentirse abrumador. Este taller te proporcionar\u00e1 apoyo, \u00e1nimo, anonimato y las herramientas para dar pasos sencillos para concienciar.    <\/p>\n\n<p>Corinne Gasper es la directora de <a aria-label=\"Jennifer&#x2019;s Messengers (opens in a new tab)\" href=\"https:\/\/www.youtube.com\/redirect?event=video_description&amp;redir_token=QUFFLUhqazgxUlJSWlE4M2lOUkFOTXIyTEQzUjhpY0swd3xBQ3Jtc0tsZmIxaGJ4c0JOb3BFYzdidmpxSzVSWXhPTW9GMXRYMVpJRU5hUVRfQlV5c0I3U3BjdEZBODdIeTRJTS1tWHpUREFkSHg3SFlGZ3hNNFUxRTVVM0NCUndwamI4R0I1M0puQTZ3V0MxNlEycXY3dkg0OA&amp;q=https%3A%2F%2Fjennifersmessengers.org%2F\" rel=\"noreferrer noopener\" target=\"_blank\" class=\"ek-link\">Jennifer&#8217;s Messengers<\/a>, organizaci\u00f3n dedicada a honrar a su hija Jennifer y a otras personas muertas por conductores bajo los efectos de la marihuana. Corinne ha recibido recientemente el Premio Moxie 2021 de la Fundaci\u00f3n Drug Free America.   <\/p>\n\n<p>Sally Schindel, es la fundadora de <a aria-label=\"Marijuana Victims Alliance (opens in a new tab)\" href=\"https:\/\/www.youtube.com\/redirect?event=video_description&amp;redir_token=QUFFLUhqbktzd0RoTHBERjJOc2paUUhleC15X1BDaDI0QXxBQ3Jtc0tuN0xTc21VUWVjUU1hQ1pSbU9lU3psNXRrMWJldmJLYmFra1hsZi1HODJCOVQ1SEdERW02OGFxcUFzY1VMT1JaMkd0QkxkM0E2Q0ZodjE5c3NTYnJjNDdYR085TFNUdWU1Q3hNaG82MWlEQVktYk92UQ&amp;q=https%3A%2F%2Fwww.mvaa.info%2F\" rel=\"noreferrer noopener\" target=\"_blank\" class=\"ek-link\">Marijuana Victims Alliance<\/a> y forma parte de la <a aria-label=\"National Marijuana Initiative Speakers Bureau (opens in a new tab)\" href=\"https:\/\/www.youtube.com\/redirect?event=video_description&amp;redir_token=QUFFLUhqblVmRGp1c01vcVk3LVNwTElTNzBFdUNpUWtzQXxBQ3Jtc0tuUl84UDdtNklGTW1Bd0VLUERXMEsyTmlKbFdJcUNaemt4eVlQem1tR05RLXk3dzVtYTB4LTdLWU5KVFFEbERrbllTbXBpeEF2ck42TGJJOENMbHhCZTg5Q0U2akdTdjZDZkV5YjRWM2NvYTRMa3haRQ&amp;q=https%3A%2F%2Fwww.thenmi.org%2F\" rel=\"noreferrer noopener\" target=\"_blank\" class=\"ek-link\">National Marijuana Initiative Speakers Bureau <\/a>y es asesora y voluntaria de m\u00faltiples organizaciones, entre ellas <a aria-label=\"Every Brain Matters (opens in a new tab)\" href=\"https:\/\/www.youtube.com\/redirect?event=video_description&amp;redir_token=QUFFLUhqbWlKOWc5RGR1a01zb2J2b00tLS1YYVpnUGhmUXxBQ3Jtc0ttSklDNVJVd0dTR1lhbThWRDF4ZWI0SkFJWF9hUEtUangtWlJ0NTFjbGZWNy1JM1lwUENERGVSSXVKZjNSNmFYRC1yNGRhZWkyUlNFdUk1NVBGdEN5Znl2VWI2UVRvdE9DNVpwQTRhX1EwUzlWd245NA&amp;q=https%3A%2F%2Feverybrainmatters.org%2F\" rel=\"noreferrer noopener\" target=\"_blank\" class=\"ek-link\">Every Brain Matters<\/a>. Su hijo, Andy, muri\u00f3 en 2014. La muerte por suicidio de Andy est\u00e1 relacionada con la adicci\u00f3n a la marihuana. Dej\u00f3 un poderoso mensaje que Sally quiere que todos conozcan. Andy dijo: \u00abLa marihuana mat\u00f3 mi alma + arruin\u00f3 mi cerebro\u00bb.      <\/p>\n\n<div class=\"wp-block-buttons is-layout-flex wp-block-buttons-is-layout-flex\">\n<div class=\"wp-block-button\"><a class=\"wp-block-button__link has-blue-color has-green-background-color has-text-color has-background\" href=\"https:\/\/everybrainmatters.org\/testimony-form\/\" target=\"_blank\" rel=\"noreferrer noopener\">Env\u00eda aqu\u00ed tu testimonio<\/a><\/div>\n<\/div>\n\n<div style=\"height:100px\" aria-hidden=\"true\" class=\"wp-block-spacer\"><\/div>\n\n<figure class=\"wp-block-embed is-type-video is-provider-youtube wp-block-embed-youtube wp-embed-aspect-16-9 wp-has-aspect-ratio\"><div class=\"wp-block-embed__wrapper\">\n<iframe loading=\"lazy\" title=\"Corinne and Sally\u2019s Testimony Workshop\" width=\"500\" height=\"281\" src=\"https:\/\/www.youtube.com\/embed\/t2vMYjtw9mg?feature=oembed\" frameborder=\"0\" allow=\"accelerometer; autoplay; clipboard-write; encrypted-media; gyroscope; picture-in-picture; web-share\" referrerpolicy=\"strict-origin-when-cross-origin\" allowfullscreen><\/iframe>\n<\/div><\/figure>\n\n<div style=\"height:100px\" aria-hidden=\"true\" class=\"wp-block-spacer\"><\/div>\n\n<div class=\"wp-block-columns is-layout-flex wp-container-core-columns-is-layout-9d6595d7 wp-block-columns-is-layout-flex\">\n<div class=\"wp-block-column is-layout-flow wp-block-column-is-layout-flow\">\n<h4 class=\"wp-block-heading\">Te invitamos a compartir tu testimonio.<\/h4>\n\n\n\n<p>Tu testimonio es importante y ayudar\u00e1 a concienciar y posiblemente a salvar vidas. Comprendemos que compartir tu testimonio puede ser doloroso y abrumador. Considera la posibilidad de utilizar nuestros esquemas y consejos para empezar.    <\/p>\n\n\n\n<p>Habla con el coraz\u00f3n, s\u00e9 sincera, t\u00f3mate tu tiempo y busca nuestro apoyo. info@everybrainmatters.org <\/p>\n\n\n\n<p>Empieza con 4 p\u00e1rrafos. Tu testimonio no tiene por qu\u00e9 pertenecer.   <\/p>\n\n\n\n<p>Esquema para un testimonio escrito o en v\u00eddeo:<\/p>\n\n\n\n<p>1. <span style=\"font-size: revert; color: initial;\">\u00bfC\u00f3mo era tu ser querido antes de consumir marihuana? <\/span>Pon 3 ejemplos con frases de apoyo.  <\/p>\n\n\n\n<p>2. <span style=\"font-size: revert; color: initial;\">Describe tu vida y c\u00f3mo le afect\u00f3 a tu ser querido consumir marihuana o estar expuesto a ella. <\/span> <\/p>\n\n\n\n<p><span style=\"font-size: revert; color: initial;\">3. Describe c\u00f3mo es tu vida ahora.  <\/span> <\/p>\n\n\n\n<p>4. Por qu\u00e9 te manifiestas.  <\/p>\n<\/div>\n\n\n\n<div class=\"wp-block-column is-layout-flow wp-block-column-is-layout-flow\">\n<figure class=\"wp-block-image size-large is-style-default\"><a href=\"https:\/\/everybrainmatters.org\/wp-content\/uploads\/sharing-testimony-4-scaled.jpg\"><img loading=\"lazy\" decoding=\"async\" width=\"1024\" height=\"765\" src=\"https:\/\/everybrainmatters.org\/wp-content\/uploads\/sharing-testimony-4-1024x765.jpg\" alt=\"\" class=\"wp-image-17504\" srcset=\"https:\/\/everybrainmatters.org\/wp-content\/uploads\/sharing-testimony-4-1024x765.jpg 1024w, https:\/\/everybrainmatters.org\/wp-content\/uploads\/sharing-testimony-4-scaled-600x448.jpg 600w, https:\/\/everybrainmatters.org\/wp-content\/uploads\/sharing-testimony-4-300x224.jpg 300w, https:\/\/everybrainmatters.org\/wp-content\/uploads\/sharing-testimony-4-768x574.jpg 768w, https:\/\/everybrainmatters.org\/wp-content\/uploads\/sharing-testimony-4-1536x1147.jpg 1536w, https:\/\/everybrainmatters.org\/wp-content\/uploads\/sharing-testimony-4-2048x1529.jpg 2048w\" sizes=\"auto, (max-width: 1024px) 100vw, 1024px\" \/><\/a><\/figure>\n\n\n\n<div class=\"wp-block-buttons is-layout-flex wp-block-buttons-is-layout-flex\">\n<div class=\"wp-block-button\"><a class=\"wp-block-button__link has-blue-color has-green-background-color has-text-color has-background\" href=\"https:\/\/everybrainmatters.org\/es\/46263-2\/como-compartir-tu-historia\/\" target=\"_blank\" rel=\"noreferrer noopener\">Env\u00eda tu testimonio aqu\u00ed, te indicamos los pasos a seguir.<\/a><\/div>\n<\/div>\n<\/div>\n<\/div>\n\n<hr class=\"wp-block-separator is-style-wide\"\/>\n\n<p><\/p>\n","protected":false},"excerpt":{"rendered":"<p>Taller de testimonios de Corinne y Sally Escucha nuestro taller de testimonios con Corinne Gasper y Sally Schindel, que se&#8230;<\/p>\n","protected":false},"author":12,"featured_media":0,"parent":46263,"menu_order":0,"comment_status":"closed","ping_status":"closed","template":"","meta":{"_acf_changed":false,"_editorskit_title_hidden":false,"_editorskit_reading_time":0,"_editorskit_is_block_options_detached":false,"_editorskit_block_options_position":"{}","footnotes":""},"class_list":["post-46261","page","type-page","status-publish","hentry"],"acf":[],"yoast_head":"<!-- This site is optimized with the Yoast SEO plugin v26.1.1 - https:\/\/yoast.com\/wordpress\/plugins\/seo\/ -->\n<title>C\u00f3mo compartir tu historia - Every Brain Matters<\/title>\n<meta name=\"robots\" content=\"index, follow, max-snippet:-1, max-image-preview:large, max-video-preview:-1\" \/>\n<link rel=\"canonical\" href=\"https:\/\/everybrainmatters.org\/es\/46263-2\/como-compartir-tu-historia\/\" \/>\n<meta property=\"og:locale\" content=\"es_ES\" \/>\n<meta property=\"og:type\" content=\"article\" \/>\n<meta property=\"og:title\" content=\"C\u00f3mo compartir tu historia - Every Brain Matters\" \/>\n<meta property=\"og:description\" content=\"Taller de testimonios de Corinne y Sally Escucha nuestro taller de testimonios con Corinne Gasper y Sally Schindel, que se...\" \/>\n<meta property=\"og:url\" content=\"https:\/\/everybrainmatters.org\/es\/46263-2\/como-compartir-tu-historia\/\" \/>\n<meta property=\"og:site_name\" content=\"Every Brain Matters\" \/>\n<meta property=\"article:modified_time\" content=\"2025-10-21T13:53:46+00:00\" \/>\n<meta property=\"og:image\" content=\"https:\/\/everybrainmatters.org\/wp-content\/uploads\/sharing-testimony-4-scaled.jpg\" \/>\n\t<meta property=\"og:image:width\" content=\"2560\" \/>\n\t<meta property=\"og:image:height\" content=\"1912\" \/>\n\t<meta property=\"og:image:type\" content=\"image\/jpeg\" \/>\n<meta name=\"twitter:card\" content=\"summary_large_image\" \/>\n<meta name=\"twitter:label1\" content=\"Est. reading time\" \/>\n\t<meta name=\"twitter:data1\" content=\"2 minutos\" \/>\n<script type=\"application\/ld+json\" class=\"yoast-schema-graph\">{\"@context\":\"https:\/\/schema.org\",\"@graph\":[{\"@type\":\"WebPage\",\"@id\":\"https:\/\/everybrainmatters.org\/es\/46263-2\/como-compartir-tu-historia\/\",\"url\":\"https:\/\/everybrainmatters.org\/es\/46263-2\/como-compartir-tu-historia\/\",\"name\":\"C\u00f3mo compartir tu historia - Every Brain Matters\",\"isPartOf\":{\"@id\":\"https:\/\/everybrainmatters.org\/es\/#website\"},\"primaryImageOfPage\":{\"@id\":\"https:\/\/everybrainmatters.org\/es\/46263-2\/como-compartir-tu-historia\/#primaryimage\"},\"image\":{\"@id\":\"https:\/\/everybrainmatters.org\/es\/46263-2\/como-compartir-tu-historia\/#primaryimage\"},\"thumbnailUrl\":\"https:\/\/everybrainmatters.org\/wp-content\/uploads\/sharing-testimony-4-1024x765.jpg\",\"datePublished\":\"2020-09-04T18:55:28+00:00\",\"dateModified\":\"2025-10-21T13:53:46+00:00\",\"breadcrumb\":{\"@id\":\"https:\/\/everybrainmatters.org\/es\/46263-2\/como-compartir-tu-historia\/#breadcrumb\"},\"inLanguage\":\"es-ES\",\"potentialAction\":[{\"@type\":\"ReadAction\",\"target\":[\"https:\/\/everybrainmatters.org\/es\/46263-2\/como-compartir-tu-historia\/\"]}]},{\"@type\":\"ImageObject\",\"inLanguage\":\"es-ES\",\"@id\":\"https:\/\/everybrainmatters.org\/es\/46263-2\/como-compartir-tu-historia\/#primaryimage\",\"url\":\"https:\/\/everybrainmatters.org\/wp-content\/uploads\/sharing-testimony-4-1024x765.jpg\",\"contentUrl\":\"https:\/\/everybrainmatters.org\/wp-content\/uploads\/sharing-testimony-4-1024x765.jpg\"},{\"@type\":\"BreadcrumbList\",\"@id\":\"https:\/\/everybrainmatters.org\/es\/46263-2\/como-compartir-tu-historia\/#breadcrumb\",\"itemListElement\":[{\"@type\":\"ListItem\",\"position\":1,\"name\":\"Home\",\"item\":\"https:\/\/everybrainmatters.org\/es\/\"},{\"@type\":\"ListItem\",\"position\":2,\"name\":\"C\u00f3mo compartir tu historia\"}]},{\"@type\":\"WebSite\",\"@id\":\"https:\/\/everybrainmatters.org\/es\/#website\",\"url\":\"https:\/\/everybrainmatters.org\/es\/\",\"name\":\"Every Brain Matters\",\"description\":\"\",\"publisher\":{\"@id\":\"https:\/\/everybrainmatters.org\/es\/#organization\"},\"potentialAction\":[{\"@type\":\"SearchAction\",\"target\":{\"@type\":\"EntryPoint\",\"urlTemplate\":\"https:\/\/everybrainmatters.org\/es\/?s={search_term_string}\"},\"query-input\":{\"@type\":\"PropertyValueSpecification\",\"valueRequired\":true,\"valueName\":\"search_term_string\"}}],\"inLanguage\":\"es-ES\"},{\"@type\":\"Organization\",\"@id\":\"https:\/\/everybrainmatters.org\/es\/#organization\",\"name\":\"Every Brain Matters\",\"url\":\"https:\/\/everybrainmatters.org\/es\/\",\"logo\":{\"@type\":\"ImageObject\",\"inLanguage\":\"es-ES\",\"@id\":\"https:\/\/everybrainmatters.org\/es\/#\/schema\/logo\/image\/\",\"url\":\"https:\/\/everybrainmatters.org\/wp-content\/uploads\/AllBrains_3.jpg\",\"contentUrl\":\"https:\/\/everybrainmatters.org\/wp-content\/uploads\/AllBrains_3.jpg\",\"width\":1000,\"height\":1087,\"caption\":\"Every Brain Matters\"},\"image\":{\"@id\":\"https:\/\/everybrainmatters.org\/es\/#\/schema\/logo\/image\/\"}}]}<\/script>\n<!-- \/ Yoast SEO plugin. -->","yoast_head_json":{"title":"C\u00f3mo compartir tu historia - Every Brain Matters","robots":{"index":"index","follow":"follow","max-snippet":"max-snippet:-1","max-image-preview":"max-image-preview:large","max-video-preview":"max-video-preview:-1"},"canonical":"https:\/\/everybrainmatters.org\/es\/46263-2\/como-compartir-tu-historia\/","og_locale":"es_ES","og_type":"article","og_title":"C\u00f3mo compartir tu historia - Every Brain Matters","og_description":"Taller de testimonios de Corinne y Sally Escucha nuestro taller de testimonios con Corinne Gasper y Sally Schindel, que se...","og_url":"https:\/\/everybrainmatters.org\/es\/46263-2\/como-compartir-tu-historia\/","og_site_name":"Every Brain Matters","article_modified_time":"2025-10-21T13:53:46+00:00","og_image":[{"width":2560,"height":1912,"url":"https:\/\/everybrainmatters.org\/wp-content\/uploads\/sharing-testimony-4-scaled.jpg","type":"image\/jpeg"}],"twitter_card":"summary_large_image","twitter_misc":{"Est. reading time":"2 minutos"},"schema":{"@context":"https:\/\/schema.org","@graph":[{"@type":"WebPage","@id":"https:\/\/everybrainmatters.org\/es\/46263-2\/como-compartir-tu-historia\/","url":"https:\/\/everybrainmatters.org\/es\/46263-2\/como-compartir-tu-historia\/","name":"C\u00f3mo compartir tu historia - Every Brain Matters","isPartOf":{"@id":"https:\/\/everybrainmatters.org\/es\/#website"},"primaryImageOfPage":{"@id":"https:\/\/everybrainmatters.org\/es\/46263-2\/como-compartir-tu-historia\/#primaryimage"},"image":{"@id":"https:\/\/everybrainmatters.org\/es\/46263-2\/como-compartir-tu-historia\/#primaryimage"},"thumbnailUrl":"https:\/\/everybrainmatters.org\/wp-content\/uploads\/sharing-testimony-4-1024x765.jpg","datePublished":"2020-09-04T18:55:28+00:00","dateModified":"2025-10-21T13:53:46+00:00","breadcrumb":{"@id":"https:\/\/everybrainmatters.org\/es\/46263-2\/como-compartir-tu-historia\/#breadcrumb"},"inLanguage":"es-ES","potentialAction":[{"@type":"ReadAction","target":["https:\/\/everybrainmatters.org\/es\/46263-2\/como-compartir-tu-historia\/"]}]},{"@type":"ImageObject","inLanguage":"es-ES","@id":"https:\/\/everybrainmatters.org\/es\/46263-2\/como-compartir-tu-historia\/#primaryimage","url":"https:\/\/everybrainmatters.org\/wp-content\/uploads\/sharing-testimony-4-1024x765.jpg","contentUrl":"https:\/\/everybrainmatters.org\/wp-content\/uploads\/sharing-testimony-4-1024x765.jpg"},{"@type":"BreadcrumbList","@id":"https:\/\/everybrainmatters.org\/es\/46263-2\/como-compartir-tu-historia\/#breadcrumb","itemListElement":[{"@type":"ListItem","position":1,"name":"Home","item":"https:\/\/everybrainmatters.org\/es\/"},{"@type":"ListItem","position":2,"name":"C\u00f3mo compartir tu historia"}]},{"@type":"WebSite","@id":"https:\/\/everybrainmatters.org\/es\/#website","url":"https:\/\/everybrainmatters.org\/es\/","name":"Every Brain Matters","description":"","publisher":{"@id":"https:\/\/everybrainmatters.org\/es\/#organization"},"potentialAction":[{"@type":"SearchAction","target":{"@type":"EntryPoint","urlTemplate":"https:\/\/everybrainmatters.org\/es\/?s={search_term_string}"},"query-input":{"@type":"PropertyValueSpecification","valueRequired":true,"valueName":"search_term_string"}}],"inLanguage":"es-ES"},{"@type":"Organization","@id":"https:\/\/everybrainmatters.org\/es\/#organization","name":"Every Brain Matters","url":"https:\/\/everybrainmatters.org\/es\/","logo":{"@type":"ImageObject","inLanguage":"es-ES","@id":"https:\/\/everybrainmatters.org\/es\/#\/schema\/logo\/image\/","url":"https:\/\/everybrainmatters.org\/wp-content\/uploads\/AllBrains_3.jpg","contentUrl":"https:\/\/everybrainmatters.org\/wp-content\/uploads\/AllBrains_3.jpg","width":1000,"height":1087,"caption":"Every Brain Matters"},"image":{"@id":"https:\/\/everybrainmatters.org\/es\/#\/schema\/logo\/image\/"}}]}},"_links":{"self":[{"href":"https:\/\/everybrainmatters.org\/es\/wp-json\/wp\/v2\/pages\/46261","targetHints":{"allow":["GET"]}}],"collection":[{"href":"https:\/\/everybrainmatters.org\/es\/wp-json\/wp\/v2\/pages"}],"about":[{"href":"https:\/\/everybrainmatters.org\/es\/wp-json\/wp\/v2\/types\/page"}],"author":[{"embeddable":true,"href":"https:\/\/everybrainmatters.org\/es\/wp-json\/wp\/v2\/users\/12"}],"replies":[{"embeddable":true,"href":"https:\/\/everybrainmatters.org\/es\/wp-json\/wp\/v2\/comments?post=46261"}],"version-history":[{"count":0,"href":"https:\/\/everybrainmatters.org\/es\/wp-json\/wp\/v2\/pages\/46261\/revisions"}],"up":[{"embeddable":true,"href":"https:\/\/everybrainmatters.org\/es\/wp-json\/wp\/v2\/pages\/46263"}],"wp:attachment":[{"href":"https:\/\/everybrainmatters.org\/es\/wp-json\/wp\/v2\/media?parent=46261"}],"curies":[{"name":"wp","href":"https:\/\/api.w.org\/{rel}","templated":true}]}}