{"id":46348,"date":"2021-07-02T13:37:48","date_gmt":"2021-07-02T18:37:48","guid":{"rendered":"https:\/\/everybrainmatters.org\/codigo-rojo-de-los-medicos-de-pueblo-20-de-octubre-de-2016\/"},"modified":"2025-10-21T08:54:17","modified_gmt":"2025-10-21T13:54:17","slug":"codigo-rojo-de-los-medicos-de-pueblo-20-de-octubre-de-2016","status":"publish","type":"page","link":"https:\/\/everybrainmatters.org\/es\/codigo-rojo-de-los-medicos-de-pueblo-20-de-octubre-de-2016\/","title":{"rendered":"C\u00f3digo Rojo de los M\u00e9dicos de Pueblo: 20 de octubre de 2016"},"content":{"rendered":"\n<p>El jueves 20 de octubre de 2016, miembros de la comunidad m\u00e9dica de Pueblo se reunieron en una conferencia de prensa para advertir a los funcionarios p\u00fablicos y al pueblo de Pueblo de que hay grandes motivos de preocupaci\u00f3n en relaci\u00f3n con el hecho de que la industria de la marihuana siga operando en este condado.<\/p>\n\n<figure class=\"wp-block-embed is-type-video is-provider-youtube wp-block-embed-youtube wp-embed-aspect-16-9 wp-has-aspect-ratio\"><div class=\"wp-block-embed__wrapper\">\n<iframe loading=\"lazy\" title=\"Physician&#039;s Press Conference Trailer\" width=\"500\" height=\"281\" src=\"https:\/\/www.youtube.com\/embed\/xLUrhxzLMW4?feature=oembed\" frameborder=\"0\" allow=\"accelerometer; autoplay; clipboard-write; encrypted-media; gyroscope; picture-in-picture; web-share\" referrerpolicy=\"strict-origin-when-cross-origin\" allowfullscreen><\/iframe>\n<\/div><figcaption class=\"wp-element-caption\">Tr\u00e1iler de la rueda de prensa del m\u00e9dico<\/figcaption><\/figure>\n\n<div class=\"wp-block-columns is-layout-flex wp-container-core-columns-is-layout-9d6595d7 wp-block-columns-is-layout-flex\">\n<div class=\"wp-block-column is-layout-flow wp-block-column-is-layout-flow\">\n<figure class=\"wp-block-embed is-type-video is-provider-youtube wp-block-embed-youtube wp-embed-aspect-16-9 wp-has-aspect-ratio\"><div class=\"wp-block-embed__wrapper\">\n<iframe loading=\"lazy\" title=\"Pueblo Physicians Code Red - Dr. Elizabeth Stuyt\" width=\"500\" height=\"281\" src=\"https:\/\/www.youtube.com\/embed\/G8QpzZLgshw?feature=oembed\" frameborder=\"0\" allow=\"accelerometer; autoplay; clipboard-write; encrypted-media; gyroscope; picture-in-picture; web-share\" referrerpolicy=\"strict-origin-when-cross-origin\" allowfullscreen><\/iframe>\n<\/div><figcaption class=\"wp-element-caption\">C\u00f3digo Rojo de M\u00e9dicos de Pueblo &#8211; Dra. Elizabeth Stuyt<\/figcaption><\/figure>\n\n\n\n<p>\u00abNuestros funcionarios p\u00fablicos no han sido responsables a la hora de mantener a raya a la industria, porque se han esforzado mucho en aumentar los niveles de THC hasta proporciones astron\u00f3micas&#8230;.. Lo \u00fanico que hacen las dosis elevadas de THC es aumentar el riesgo de adicci\u00f3n y los problemas de salud mental.\u00bb Dra. Elizabeth (Libby) Stuyt. <\/p>\n<\/div>\n\n\n\n<div class=\"wp-block-column is-layout-flow wp-block-column-is-layout-flow\">\n<figure class=\"wp-block-embed is-type-video is-provider-youtube wp-block-embed-youtube wp-embed-aspect-16-9 wp-has-aspect-ratio\"><div class=\"wp-block-embed__wrapper\">\n<iframe loading=\"lazy\" title=\"Pueblo Physicians Code Red - Dr. Steven Simerville\" width=\"500\" height=\"281\" src=\"https:\/\/www.youtube.com\/embed\/K4bcl9FqfIs?feature=oembed\" frameborder=\"0\" allow=\"accelerometer; autoplay; clipboard-write; encrypted-media; gyroscope; picture-in-picture; web-share\" referrerpolicy=\"strict-origin-when-cross-origin\" allowfullscreen><\/iframe>\n<\/div><figcaption class=\"wp-element-caption\">Dr. Steve Simerville, Director M\u00e9dico, Enfermer\u00eda, Hospital St. Mary-Corwin<\/figcaption><\/figure>\n<\/div>\n<\/div>\n\n<div class=\"wp-block-columns is-layout-flex wp-container-core-columns-is-layout-9d6595d7 wp-block-columns-is-layout-flex\">\n<div class=\"wp-block-column is-layout-flow wp-block-column-is-layout-flow\">\n<figure class=\"wp-block-embed is-type-video is-provider-youtube wp-block-embed-youtube wp-embed-aspect-16-9 wp-has-aspect-ratio\"><div class=\"wp-block-embed__wrapper\">\n<iframe loading=\"lazy\" title=\"Pueblo Physicians Code Red - Dr. Chris Nevin-Woods\" width=\"500\" height=\"281\" src=\"https:\/\/www.youtube.com\/embed\/YWdNbDVU6mI?feature=oembed\" frameborder=\"0\" allow=\"accelerometer; autoplay; clipboard-write; encrypted-media; gyroscope; picture-in-picture; web-share\" referrerpolicy=\"strict-origin-when-cross-origin\" allowfullscreen><\/iframe>\n<\/div><figcaption class=\"wp-element-caption\">Pueblo Physicians C\u00f3digo Rojo &#8211; Dr. Chris Nevin-Woods<\/figcaption><\/figure>\n<\/div>\n\n\n\n<div class=\"wp-block-column is-layout-flow wp-block-column-is-layout-flow\">\n<figure class=\"wp-block-embed is-type-video is-provider-youtube wp-block-embed-youtube wp-embed-aspect-16-9 wp-has-aspect-ratio\"><div class=\"wp-block-embed__wrapper\">\n<iframe loading=\"lazy\" title=\"Pueblo Physicians Code Red: Dr. Karen Randall Presenting\" width=\"500\" height=\"281\" src=\"https:\/\/www.youtube.com\/embed\/Gs9X2qpGoUY?feature=oembed\" frameborder=\"0\" allow=\"accelerometer; autoplay; clipboard-write; encrypted-media; gyroscope; picture-in-picture; web-share\" referrerpolicy=\"strict-origin-when-cross-origin\" allowfullscreen><\/iframe>\n<\/div><figcaption class=\"wp-element-caption\">C\u00f3digo Rojo de M\u00e9dicos de Pueblo: Presentaci\u00f3n de la Dra. Karen Randall<\/figcaption><\/figure>\n<\/div>\n<\/div>\n\n<hr class=\"wp-block-separator has-css-opacity is-style-wide\"\/>\n\n<figure class=\"wp-block-embed is-type-video is-provider-youtube wp-block-embed-youtube wp-embed-aspect-16-9 wp-has-aspect-ratio\"><div class=\"wp-block-embed__wrapper\">\n<iframe loading=\"lazy\" title=\"The Marijuana-Opioid Connection\" width=\"500\" height=\"281\" src=\"https:\/\/www.youtube.com\/embed\/YJ8ZXkgt-Y4?feature=oembed\" frameborder=\"0\" allow=\"accelerometer; autoplay; clipboard-write; encrypted-media; gyroscope; picture-in-picture; web-share\" referrerpolicy=\"strict-origin-when-cross-origin\" allowfullscreen><\/iframe>\n<\/div><figcaption class=\"wp-element-caption\">La conexi\u00f3n marihuana-opioides<\/figcaption><\/figure>\n\n<p>Los efectos de la marihuana en el cerebro del feto. La predisposici\u00f3n de los ni\u00f1os a la adicci\u00f3n. He aqu\u00ed los estudios citados. 1. M.S. Spano1,2, P. Fadda1,2, W. Fratta1,2,3 y L. Fattore*,1,3 Interacciones cannabinoide-opioide en la discriminaci\u00f3n y autoadministraci\u00f3n de drogas: Effect of Maternal, Postnatal, Adolescent and Adult Exposure to the Drugs Current Drug Targets, 2010, Vol. 11, No. 2 2. X Wang, D Dow-Edwards, V Anderson, H Minkoff , and YL Hurd; Discrete opioid gene expression impairment in the human fetal brain associated with maternal marijuana use. , The Pharmacogenomics Journal (2006) 6, 255-264 3. M. Sabrina Spano, Maria Ellgren, X. Wang, y Yasmin L. Hurd; Prenatal Cannabis Exposure Increases Heroin Seeking with Allostatic Changes in Limbic Enkephalin Systems in Adulthood; BIOL PSYCHIATRY 2007;61:554-563       <\/p>\n\n<hr class=\"wp-block-separator has-css-opacity is-style-wide\"\/>\n\n<p class=\"has-text-align-center\">Da\u00f1os medioambientales de la marihuana, Pueblo Colorado<\/p>\n\n<div class=\"wp-block-columns is-layout-flex wp-container-core-columns-is-layout-9d6595d7 wp-block-columns-is-layout-flex\">\n<div class=\"wp-block-column is-layout-flow wp-block-column-is-layout-flow\">\n<figure class=\"wp-block-embed is-type-video is-provider-youtube wp-block-embed-youtube wp-embed-aspect-16-9 wp-has-aspect-ratio\"><div class=\"wp-block-embed__wrapper\">\n<iframe loading=\"lazy\" title=\"The Sale of Siloam\" width=\"500\" height=\"281\" src=\"https:\/\/www.youtube.com\/embed\/-BKhn9s57mA?feature=oembed\" frameborder=\"0\" allow=\"accelerometer; autoplay; clipboard-write; encrypted-media; gyroscope; picture-in-picture; web-share\" referrerpolicy=\"strict-origin-when-cross-origin\" allowfullscreen><\/iframe>\n<\/div><figcaption class=\"wp-element-caption\">El valle de Napa de la marihuana, Episodio 1<\/figcaption><\/figure>\n<\/div>\n\n\n\n<div class=\"wp-block-column is-layout-flow wp-block-column-is-layout-flow\">\n<figure class=\"wp-block-embed is-type-video is-provider-youtube wp-block-embed-youtube wp-embed-aspect-16-9 wp-has-aspect-ratio\"><div class=\"wp-block-embed__wrapper\">\n<iframe loading=\"lazy\" title=\"The Napa Valley of Pot Trailer\" width=\"500\" height=\"281\" src=\"https:\/\/www.youtube.com\/embed\/EG4Gq_zyp7c?feature=oembed\" frameborder=\"0\" allow=\"accelerometer; autoplay; clipboard-write; encrypted-media; gyroscope; picture-in-picture; web-share\" referrerpolicy=\"strict-origin-when-cross-origin\" allowfullscreen><\/iframe>\n<\/div><figcaption class=\"wp-element-caption\">El Valle de Napa de la marihuana Trailer<\/figcaption><\/figure>\n\n\n\n<p><\/p>\n<\/div>\n<\/div>\n","protected":false},"excerpt":{"rendered":"<p>El jueves 20 de octubre de 2016, miembros de la comunidad m\u00e9dica de Pueblo se reunieron en una conferencia de&#8230;<\/p>\n","protected":false},"author":11,"featured_media":0,"parent":0,"menu_order":0,"comment_status":"closed","ping_status":"closed","template":"","meta":{"_acf_changed":false,"_editorskit_title_hidden":false,"_editorskit_reading_time":0,"_editorskit_is_block_options_detached":false,"_editorskit_block_options_position":"{}","footnotes":""},"class_list":["post-46348","page","type-page","status-publish","hentry"],"acf":[],"yoast_head":"<!-- This site is optimized with the Yoast SEO plugin v26.1.1 - https:\/\/yoast.com\/wordpress\/plugins\/seo\/ -->\n<title>C\u00f3digo Rojo de los M\u00e9dicos de Pueblo: 20 de octubre de 2016 - Every Brain Matters<\/title>\n<meta name=\"robots\" content=\"index, follow, max-snippet:-1, max-image-preview:large, max-video-preview:-1\" \/>\n<link rel=\"canonical\" href=\"https:\/\/everybrainmatters.org\/es\/codigo-rojo-de-los-medicos-de-pueblo-20-de-octubre-de-2016\/\" \/>\n<meta property=\"og:locale\" content=\"es_ES\" \/>\n<meta property=\"og:type\" content=\"article\" \/>\n<meta property=\"og:title\" content=\"C\u00f3digo Rojo de los M\u00e9dicos de Pueblo: 20 de octubre de 2016 - Every Brain Matters\" \/>\n<meta property=\"og:description\" content=\"El jueves 20 de octubre de 2016, miembros de la comunidad m\u00e9dica de Pueblo se reunieron en una conferencia de...\" \/>\n<meta property=\"og:url\" content=\"https:\/\/everybrainmatters.org\/es\/codigo-rojo-de-los-medicos-de-pueblo-20-de-octubre-de-2016\/\" \/>\n<meta property=\"og:site_name\" content=\"Every Brain Matters\" \/>\n<meta property=\"article:modified_time\" content=\"2025-10-21T13:54:17+00:00\" \/>\n<meta property=\"og:image\" content=\"https:\/\/everybrainmatters.org\/wp-content\/uploads\/AllBrains_3.jpg\" \/>\n\t<meta property=\"og:image:width\" content=\"1000\" \/>\n\t<meta property=\"og:image:height\" content=\"1087\" \/>\n\t<meta property=\"og:image:type\" content=\"image\/jpeg\" \/>\n<meta name=\"twitter:card\" content=\"summary_large_image\" \/>\n<meta name=\"twitter:label1\" content=\"Est. reading time\" \/>\n\t<meta name=\"twitter:data1\" content=\"2 minutos\" \/>\n<script type=\"application\/ld+json\" class=\"yoast-schema-graph\">{\"@context\":\"https:\/\/schema.org\",\"@graph\":[{\"@type\":\"WebPage\",\"@id\":\"https:\/\/everybrainmatters.org\/es\/codigo-rojo-de-los-medicos-de-pueblo-20-de-octubre-de-2016\/\",\"url\":\"https:\/\/everybrainmatters.org\/es\/codigo-rojo-de-los-medicos-de-pueblo-20-de-octubre-de-2016\/\",\"name\":\"C\u00f3digo Rojo de los M\u00e9dicos de Pueblo: 20 de octubre de 2016 - Every Brain Matters\",\"isPartOf\":{\"@id\":\"https:\/\/everybrainmatters.org\/es\/#website\"},\"datePublished\":\"2021-07-02T18:37:48+00:00\",\"dateModified\":\"2025-10-21T13:54:17+00:00\",\"breadcrumb\":{\"@id\":\"https:\/\/everybrainmatters.org\/es\/codigo-rojo-de-los-medicos-de-pueblo-20-de-octubre-de-2016\/#breadcrumb\"},\"inLanguage\":\"es-ES\",\"potentialAction\":[{\"@type\":\"ReadAction\",\"target\":[\"https:\/\/everybrainmatters.org\/es\/codigo-rojo-de-los-medicos-de-pueblo-20-de-octubre-de-2016\/\"]}]},{\"@type\":\"BreadcrumbList\",\"@id\":\"https:\/\/everybrainmatters.org\/es\/codigo-rojo-de-los-medicos-de-pueblo-20-de-octubre-de-2016\/#breadcrumb\",\"itemListElement\":[{\"@type\":\"ListItem\",\"position\":1,\"name\":\"Home\",\"item\":\"https:\/\/everybrainmatters.org\/es\/\"},{\"@type\":\"ListItem\",\"position\":2,\"name\":\"C\u00f3digo Rojo de los M\u00e9dicos de Pueblo: 20 de octubre de 2016\"}]},{\"@type\":\"WebSite\",\"@id\":\"https:\/\/everybrainmatters.org\/es\/#website\",\"url\":\"https:\/\/everybrainmatters.org\/es\/\",\"name\":\"Every Brain Matters\",\"description\":\"\",\"publisher\":{\"@id\":\"https:\/\/everybrainmatters.org\/es\/#organization\"},\"potentialAction\":[{\"@type\":\"SearchAction\",\"target\":{\"@type\":\"EntryPoint\",\"urlTemplate\":\"https:\/\/everybrainmatters.org\/es\/?s={search_term_string}\"},\"query-input\":{\"@type\":\"PropertyValueSpecification\",\"valueRequired\":true,\"valueName\":\"search_term_string\"}}],\"inLanguage\":\"es-ES\"},{\"@type\":\"Organization\",\"@id\":\"https:\/\/everybrainmatters.org\/es\/#organization\",\"name\":\"Every Brain Matters\",\"url\":\"https:\/\/everybrainmatters.org\/es\/\",\"logo\":{\"@type\":\"ImageObject\",\"inLanguage\":\"es-ES\",\"@id\":\"https:\/\/everybrainmatters.org\/es\/#\/schema\/logo\/image\/\",\"url\":\"https:\/\/everybrainmatters.org\/wp-content\/uploads\/AllBrains_3.jpg\",\"contentUrl\":\"https:\/\/everybrainmatters.org\/wp-content\/uploads\/AllBrains_3.jpg\",\"width\":1000,\"height\":1087,\"caption\":\"Every Brain Matters\"},\"image\":{\"@id\":\"https:\/\/everybrainmatters.org\/es\/#\/schema\/logo\/image\/\"}}]}<\/script>\n<!-- \/ Yoast SEO plugin. -->","yoast_head_json":{"title":"C\u00f3digo Rojo de los M\u00e9dicos de Pueblo: 20 de octubre de 2016 - Every Brain Matters","robots":{"index":"index","follow":"follow","max-snippet":"max-snippet:-1","max-image-preview":"max-image-preview:large","max-video-preview":"max-video-preview:-1"},"canonical":"https:\/\/everybrainmatters.org\/es\/codigo-rojo-de-los-medicos-de-pueblo-20-de-octubre-de-2016\/","og_locale":"es_ES","og_type":"article","og_title":"C\u00f3digo Rojo de los M\u00e9dicos de Pueblo: 20 de octubre de 2016 - Every Brain Matters","og_description":"El jueves 20 de octubre de 2016, miembros de la comunidad m\u00e9dica de Pueblo se reunieron en una conferencia de...","og_url":"https:\/\/everybrainmatters.org\/es\/codigo-rojo-de-los-medicos-de-pueblo-20-de-octubre-de-2016\/","og_site_name":"Every Brain Matters","article_modified_time":"2025-10-21T13:54:17+00:00","og_image":[{"width":1000,"height":1087,"url":"https:\/\/everybrainmatters.org\/wp-content\/uploads\/AllBrains_3.jpg","type":"image\/jpeg"}],"twitter_card":"summary_large_image","twitter_misc":{"Est. reading time":"2 minutos"},"schema":{"@context":"https:\/\/schema.org","@graph":[{"@type":"WebPage","@id":"https:\/\/everybrainmatters.org\/es\/codigo-rojo-de-los-medicos-de-pueblo-20-de-octubre-de-2016\/","url":"https:\/\/everybrainmatters.org\/es\/codigo-rojo-de-los-medicos-de-pueblo-20-de-octubre-de-2016\/","name":"C\u00f3digo Rojo de los M\u00e9dicos de Pueblo: 20 de octubre de 2016 - Every Brain Matters","isPartOf":{"@id":"https:\/\/everybrainmatters.org\/es\/#website"},"datePublished":"2021-07-02T18:37:48+00:00","dateModified":"2025-10-21T13:54:17+00:00","breadcrumb":{"@id":"https:\/\/everybrainmatters.org\/es\/codigo-rojo-de-los-medicos-de-pueblo-20-de-octubre-de-2016\/#breadcrumb"},"inLanguage":"es-ES","potentialAction":[{"@type":"ReadAction","target":["https:\/\/everybrainmatters.org\/es\/codigo-rojo-de-los-medicos-de-pueblo-20-de-octubre-de-2016\/"]}]},{"@type":"BreadcrumbList","@id":"https:\/\/everybrainmatters.org\/es\/codigo-rojo-de-los-medicos-de-pueblo-20-de-octubre-de-2016\/#breadcrumb","itemListElement":[{"@type":"ListItem","position":1,"name":"Home","item":"https:\/\/everybrainmatters.org\/es\/"},{"@type":"ListItem","position":2,"name":"C\u00f3digo Rojo de los M\u00e9dicos de Pueblo: 20 de octubre de 2016"}]},{"@type":"WebSite","@id":"https:\/\/everybrainmatters.org\/es\/#website","url":"https:\/\/everybrainmatters.org\/es\/","name":"Every Brain Matters","description":"","publisher":{"@id":"https:\/\/everybrainmatters.org\/es\/#organization"},"potentialAction":[{"@type":"SearchAction","target":{"@type":"EntryPoint","urlTemplate":"https:\/\/everybrainmatters.org\/es\/?s={search_term_string}"},"query-input":{"@type":"PropertyValueSpecification","valueRequired":true,"valueName":"search_term_string"}}],"inLanguage":"es-ES"},{"@type":"Organization","@id":"https:\/\/everybrainmatters.org\/es\/#organization","name":"Every Brain Matters","url":"https:\/\/everybrainmatters.org\/es\/","logo":{"@type":"ImageObject","inLanguage":"es-ES","@id":"https:\/\/everybrainmatters.org\/es\/#\/schema\/logo\/image\/","url":"https:\/\/everybrainmatters.org\/wp-content\/uploads\/AllBrains_3.jpg","contentUrl":"https:\/\/everybrainmatters.org\/wp-content\/uploads\/AllBrains_3.jpg","width":1000,"height":1087,"caption":"Every Brain Matters"},"image":{"@id":"https:\/\/everybrainmatters.org\/es\/#\/schema\/logo\/image\/"}}]}},"_links":{"self":[{"href":"https:\/\/everybrainmatters.org\/es\/wp-json\/wp\/v2\/pages\/46348","targetHints":{"allow":["GET"]}}],"collection":[{"href":"https:\/\/everybrainmatters.org\/es\/wp-json\/wp\/v2\/pages"}],"about":[{"href":"https:\/\/everybrainmatters.org\/es\/wp-json\/wp\/v2\/types\/page"}],"author":[{"embeddable":true,"href":"https:\/\/everybrainmatters.org\/es\/wp-json\/wp\/v2\/users\/11"}],"replies":[{"embeddable":true,"href":"https:\/\/everybrainmatters.org\/es\/wp-json\/wp\/v2\/comments?post=46348"}],"version-history":[{"count":0,"href":"https:\/\/everybrainmatters.org\/es\/wp-json\/wp\/v2\/pages\/46348\/revisions"}],"wp:attachment":[{"href":"https:\/\/everybrainmatters.org\/es\/wp-json\/wp\/v2\/media?parent=46348"}],"curies":[{"name":"wp","href":"https:\/\/api.w.org\/{rel}","templated":true}]}}