{"id":46351,"date":"2020-09-04T13:52:17","date_gmt":"2020-09-04T18:52:17","guid":{"rendered":"https:\/\/everybrainmatters.org\/nuestra-alianza-y-comunidad\/"},"modified":"2025-10-21T08:54:11","modified_gmt":"2025-10-21T13:54:11","slug":"nuestra-alianza-y-comunidad","status":"publish","type":"page","link":"https:\/\/everybrainmatters.org\/es\/nuestra-alianza-y-comunidad\/","title":{"rendered":"Nuestra Alianza y Comunidad"},"content":{"rendered":"\n<div class=\"wp-block-group is-style-width-full py-5 has-green-background-color has-background\"><div class=\"wp-block-group__inner-container is-layout-flow wp-block-group-is-layout-flow\">\n<h2 class=\"has-text-align-center mb-4 has-blue-color has-text-color wp-block-heading\"><a href=\"https:\/\/everybrainmatters.org\/es\/unete-a\/\">Alianza<\/a><\/h2>\n\n\n\n<div class=\"wp-block-columns is-layout-flex wp-container-core-columns-is-layout-9d6595d7 wp-block-columns-is-layout-flex\">\n<div class=\"wp-block-column is-layout-flow wp-block-column-is-layout-flow\">\n<figure class=\"wp-block-image size-large mb-0 w-100\"><a href=\"https:\/\/everybrainmatters.org\/alliance-form\/\"><img loading=\"lazy\" decoding=\"async\" width=\"900\" height=\"400\" src=\"https:\/\/everybrainmatters.org\/wp-content\/uploads\/porfessional-alliance-smaller.jpg\" alt=\"\" class=\"wp-image-17407\" srcset=\"https:\/\/everybrainmatters.org\/wp-content\/uploads\/porfessional-alliance-smaller.jpg 900w, https:\/\/everybrainmatters.org\/wp-content\/uploads\/porfessional-alliance-smaller-600x267.jpg 600w, https:\/\/everybrainmatters.org\/wp-content\/uploads\/porfessional-alliance-smaller-300x133.jpg 300w, https:\/\/everybrainmatters.org\/wp-content\/uploads\/porfessional-alliance-smaller-768x341.jpg 768w\" sizes=\"auto, (max-width: 900px) 100vw, 900px\" \/><\/a><\/figure>\n\n\n\n<p class=\"has-text-align-center has-white-color has-blue-background-color has-text-color has-background\"><a href=\"https:\/\/everybrainmatters.org\/alliance-form\/\">Alianza Profesional<\/a> <\/p>\n<\/div>\n\n\n\n<div class=\"wp-block-column is-layout-flow wp-block-column-is-layout-flow\">\n<figure class=\"wp-block-image size-large is-resized mb-0 w-100\"><a href=\"https:\/\/everybrainmatters.org\/es\/unete-a\/\"><img loading=\"lazy\" decoding=\"async\" src=\"https:\/\/everybrainmatters.org\/wp-content\/uploads\/networking-1.jpg\" alt=\"\" class=\"wp-image-17384\" width=\"165\" height=\"86\"\/><\/a><\/figure>\n\n\n\n<p class=\"has-text-align-center has-white-color has-blue-background-color has-text-color has-background\"><strong><a href=\"https:\/\/everybrainmatters.org\/alliance-form\/\">Alianza organizativa<\/a><\/strong><\/p>\n<\/div>\n\n\n\n<div class=\"wp-block-column is-layout-flow wp-block-column-is-layout-flow\">\n<figure class=\"wp-block-image size-large mb-0 w-100\"><a href=\"https:\/\/everybrainmatters.org\/es\/unete-a\/\"><img loading=\"lazy\" decoding=\"async\" width=\"340\" height=\"148\" src=\"https:\/\/everybrainmatters.org\/wp-content\/uploads\/advocates-small.jpg\" alt=\"\" class=\"wp-image-17411\" srcset=\"https:\/\/everybrainmatters.org\/wp-content\/uploads\/advocates-small.jpg 340w, https:\/\/everybrainmatters.org\/wp-content\/uploads\/advocates-small-300x131.jpg 300w\" sizes=\"auto, (max-width: 340px) 100vw, 340px\" \/><\/a><\/figure>\n\n\n\n<p class=\"has-text-align-center has-white-color has-blue-background-color has-text-color has-background\"><strong><a href=\"https:\/\/everybrainmatters.org\/alliance-form\/\">Individuos Alianza<\/a><\/strong><\/p>\n<\/div>\n<\/div>\n\n\n\n<p class=\"has-text-align-center mt-5 mb-3\">Every Brain Matters es una alianza unificadora de profesionales, organizaciones e individuos que educan sobre el peligro de la marihuana y la expansi\u00f3n de la cultura de la droga.  <\/p>\n\n\n\n<div class=\"wp-block-columns is-layout-flex wp-container-core-columns-is-layout-9d6595d7 wp-block-columns-is-layout-flex\">\n<div class=\"wp-block-column is-layout-flow wp-block-column-is-layout-flow\">\n<div class=\"wp-block-buttons is-content-justification-center is-layout-flex wp-block-buttons-is-layout-flex\">\n<div class=\"wp-block-button\"><a class=\"wp-block-button__link has-white-color has-blue-background-color has-text-color has-background\" href=\"https:\/\/everybrainmatters.org\/alliance-form\/\">\u00danete a la Alianza de Profesionales  <\/a><\/div>\n<\/div>\n<\/div>\n\n\n\n<div class=\"wp-block-column is-layout-flow wp-block-column-is-layout-flow\">\n<div class=\"wp-block-buttons is-content-justification-center is-layout-flex wp-block-buttons-is-layout-flex\">\n<div class=\"wp-block-button\"><a class=\"wp-block-button__link has-white-color has-blue-background-color has-text-color has-background\" href=\"https:\/\/everybrainmatters.org\/es\/unete-a\/\">\u00danete a la Alianza para las Organizaciones  <\/a><\/div>\n<\/div>\n<\/div>\n\n\n\n<div class=\"wp-block-column is-layout-flow wp-block-column-is-layout-flow\">\n<div class=\"wp-block-buttons is-content-justification-center is-layout-flex wp-block-buttons-is-layout-flex\">\n<div class=\"wp-block-button\"><a class=\"wp-block-button__link has-white-color has-blue-background-color has-text-color has-background\" href=\"https:\/\/everybrainmatters.org\/es\/unete-a\/\">\u00danete a Alianza por los Individuos  <\/a><\/div>\n<\/div>\n<\/div>\n<\/div>\n\n\n\n<div class=\"wp-block-group is-style-width-full py-5 mt-5 has-yellow-background-color has-background\"><div class=\"wp-block-group__inner-container is-layout-flow wp-block-group-is-layout-flow\">\n<div class=\"wp-block-columns is-layout-flex wp-container-core-columns-is-layout-9d6595d7 wp-block-columns-is-layout-flex\">\n<div class=\"wp-block-column is-layout-flow wp-block-column-is-layout-flow\">\n<h2 class=\"has-text-align-center mb-4 wp-block-heading\"><a href=\"https:\/\/everybrainmatters.org\/es\/unete-a\/\">Grupo de apoyo\/recuperaci\u00f3n<\/a><\/h2>\n\n\n\n<figure class=\"wp-block-image size-large\"><img loading=\"lazy\" decoding=\"async\" width=\"1024\" height=\"683\" src=\"https:\/\/everybrainmatters.org\/wp-content\/uploads\/recovery-1024x683.jpg\" alt=\"\" class=\"wp-image-17415\" srcset=\"https:\/\/everybrainmatters.org\/wp-content\/uploads\/recovery-1024x683.jpg 1024w, https:\/\/everybrainmatters.org\/wp-content\/uploads\/recovery-scaled-600x400.jpg 600w, https:\/\/everybrainmatters.org\/wp-content\/uploads\/recovery-300x200.jpg 300w, https:\/\/everybrainmatters.org\/wp-content\/uploads\/recovery-768x512.jpg 768w, https:\/\/everybrainmatters.org\/wp-content\/uploads\/recovery-1536x1024.jpg 1536w, https:\/\/everybrainmatters.org\/wp-content\/uploads\/recovery-2048x1365.jpg 2048w\" sizes=\"auto, (max-width: 1024px) 100vw, 1024px\" \/><\/figure>\n\n\n\n<p class=\"has-text-align-center has-blue-color has-text-color has-small-font-size\">El Grupo de Apoyo Cada Cerebro Importa es un grupo online para personas perjudicadas por la marihuana y que buscan la curaci\u00f3n\/recuperaci\u00f3n. Esto incluye a personas perjudicadas por el consumo de marihuana y que se est\u00e1n recuperando, y a familiares\/amigos de personas que han sufrido da\u00f1os o han perdido la vida como consecuencia directa o indirecta del consumo de marihuana. Esto puede incluir adicci\u00f3n, psicosis, suicidio, homicidio, conducir bajo los efectos del alcohol, s\u00edndrome de hiper\u00e9mesis cannabinoide y otros incidentes de lesiones o traumas que hayan provocado da\u00f1os o la muerte, sobredosis y en los que la marihuana haya sido una droga de entrada, de compa\u00f1\u00eda y\/o de reca\u00edda.  <\/p>\n\n\n\n<div class=\"wp-block-buttons is-content-justification-center is-layout-flex wp-block-buttons-is-layout-flex\">\n<div class=\"wp-block-button mt-3\"><a class=\"wp-block-button__link has-white-color has-blue-background-color has-text-color has-background\" href=\"https:\/\/everybrainmatters.org\/es\/unete-a\/\">\u00danete al Grupo de Apoyo<\/a><\/div>\n<\/div>\n<\/div>\n\n\n\n<div class=\"wp-block-column is-layout-flow wp-block-column-is-layout-flow\">\n<h2 class=\"has-text-align-center mb-4 mt-5 mt-lg-0 wp-block-heading\"><a href=\"https:\/\/everybrainmatters.org\/es\/unete-a\/\">Grupo de defensa<\/a><\/h2>\n\n\n\n<figure class=\"wp-block-image size-large\"><img loading=\"lazy\" decoding=\"async\" width=\"1024\" height=\"683\" src=\"https:\/\/everybrainmatters.org\/wp-content\/uploads\/advocacy-1024x683.jpg\" alt=\"\" class=\"wp-image-17363\" srcset=\"https:\/\/everybrainmatters.org\/wp-content\/uploads\/advocacy-1024x683.jpg 1024w, https:\/\/everybrainmatters.org\/wp-content\/uploads\/advocacy-scaled-600x400.jpg 600w, https:\/\/everybrainmatters.org\/wp-content\/uploads\/advocacy-300x200.jpg 300w, https:\/\/everybrainmatters.org\/wp-content\/uploads\/advocacy-768x512.jpg 768w, https:\/\/everybrainmatters.org\/wp-content\/uploads\/advocacy-1536x1024.jpg 1536w, https:\/\/everybrainmatters.org\/wp-content\/uploads\/advocacy-2048x1365.jpg 2048w\" sizes=\"auto, (max-width: 1024px) 100vw, 1024px\" \/><\/figure>\n\n\n\n<p class=\"has-text-align-center has-blue-color has-text-color has-small-font-size\">El grupo de defensa Every Brain Matters se ha creado para aquellos que quieren abogar contra la legalizaci\u00f3n a gran escala de la marihuana, y por una regulaci\u00f3n estricta y medidas preventivas en las zonas donde esta droga ya es legal. El objetivo de este grupo es trabajar en equipo para establecer objetivos a corto y largo plazo basados en la acci\u00f3n en relaci\u00f3n con las pol\u00edticas sobre la marihuana, la educaci\u00f3n, la concienciaci\u00f3n p\u00fablica y pol\u00edtica, las pr\u00e1cticas reguladoras y otras acciones que ayuden a frenar la aceptaci\u00f3n generalizada, la comercializaci\u00f3n y la normalizaci\u00f3n de la marihuana. <\/p>\n\n\n\n<div class=\"wp-block-buttons is-content-justification-center is-layout-flex wp-block-buttons-is-layout-flex\">\n<div class=\"wp-block-button mt-3\"><a class=\"wp-block-button__link has-white-color has-blue-background-color has-text-color has-background\" href=\"https:\/\/everybrainmatters.org\/es\/unete-a\/\">\u00danete al Grupo de Defensa<\/a><\/div>\n<\/div>\n<\/div>\n<\/div>\n\n\n\n<p><\/p>\n<\/div><\/div>\n\n\n\n<div class=\"wp-block-group is-style-width-full py-5 has-blue-color has-green-background-color has-text-color has-background\"><div class=\"wp-block-group__inner-container is-layout-flow wp-block-group-is-layout-flow\">\n<div class=\"wp-block-columns is-layout-flex wp-container-core-columns-is-layout-9d6595d7 wp-block-columns-is-layout-flex\">\n<div class=\"wp-block-column is-layout-flow wp-block-column-is-layout-flow\">\n<h2 class=\"has-text-align-center mb-4 wp-block-heading\"><a href=\"https:\/\/everybrainmatters.org\/survivors-page\/\">Grupo de<strong>Supervivientes <\/strong><\/a><\/h2>\n\n\n\n<figure class=\"wp-block-image size-large\"><a href=\"https:\/\/everybrainmatters.org\/survivors-page\/\"><img loading=\"lazy\" decoding=\"async\" width=\"1024\" height=\"689\" src=\"https:\/\/everybrainmatters.org\/wp-content\/uploads\/survivors-hope-7-1024x689.jpg\" alt=\"\" class=\"wp-image-17442\" srcset=\"https:\/\/everybrainmatters.org\/wp-content\/uploads\/survivors-hope-7-1024x689.jpg 1024w, https:\/\/everybrainmatters.org\/wp-content\/uploads\/survivors-hope-7-scaled-600x403.jpg 600w, https:\/\/everybrainmatters.org\/wp-content\/uploads\/survivors-hope-7-300x202.jpg 300w, https:\/\/everybrainmatters.org\/wp-content\/uploads\/survivors-hope-7-768x516.jpg 768w, https:\/\/everybrainmatters.org\/wp-content\/uploads\/survivors-hope-7-1536x1033.jpg 1536w, https:\/\/everybrainmatters.org\/wp-content\/uploads\/survivors-hope-7-2048x1377.jpg 2048w\" sizes=\"auto, (max-width: 1024px) 100vw, 1024px\" \/><\/a><\/figure>\n\n\n\n<p class=\"has-text-align-center has-medium-font-size\">Every Brain Matters celebra la recuperaci\u00f3n y honra a quienes est\u00e1n dispuestos a compartir su experiencia, fuerza y esperanza.  <\/p>\n\n\n\n<div class=\"wp-block-buttons is-content-justification-center is-layout-flex wp-block-buttons-is-layout-flex\">\n<div class=\"wp-block-button mt-3\"><a class=\"wp-block-button__link has-white-color has-blue-background-color has-text-color has-background\" href=\"https:\/\/everybrainmatters.org\/survivors-form\/\">\u00danete al Grupo de Supervivientes<\/a><\/div>\n<\/div>\n<\/div>\n\n\n\n<div class=\"wp-block-column is-layout-flow wp-block-column-is-layout-flow\">\n<h2 class=\"has-text-align-center mb-4 mt-5 mt-lg-0 wp-block-heading\"><a href=\"https:\/\/everybrainmatters.org\/community-alliance\/alliance\/\">Grupo<strong>Conmemorativo <\/strong><\/a><\/h2>\n\n\n\n<figure class=\"wp-block-image size-large\"><a href=\"https:\/\/everybrainmatters.org\/community-alliance\/alliance\/\"><img loading=\"lazy\" decoding=\"async\" width=\"1024\" height=\"683\" src=\"https:\/\/everybrainmatters.org\/wp-content\/uploads\/rememberance-memerioal-page-1024x683.jpg\" alt=\"\" class=\"wp-image-17425\" srcset=\"https:\/\/everybrainmatters.org\/wp-content\/uploads\/rememberance-memerioal-page-1024x683.jpg 1024w, https:\/\/everybrainmatters.org\/wp-content\/uploads\/rememberance-memerioal-page-scaled-600x400.jpg 600w, https:\/\/everybrainmatters.org\/wp-content\/uploads\/rememberance-memerioal-page-300x200.jpg 300w, https:\/\/everybrainmatters.org\/wp-content\/uploads\/rememberance-memerioal-page-768x512.jpg 768w, https:\/\/everybrainmatters.org\/wp-content\/uploads\/rememberance-memerioal-page-1536x1024.jpg 1536w, https:\/\/everybrainmatters.org\/wp-content\/uploads\/rememberance-memerioal-page-2048x1366.jpg 2048w\" sizes=\"auto, (max-width: 1024px) 100vw, 1024px\" \/><\/a><\/figure>\n\n\n\n<p class=\"has-text-align-center has-medium-font-size\">Recordamos y honramos a quienes fueron perjudicados por los efectos de la marihuana.  <\/p>\n\n\n\n<div class=\"wp-block-buttons is-content-justification-center is-layout-flex wp-block-buttons-is-layout-flex\">\n<div class=\"wp-block-button mt-3\"><a class=\"wp-block-button__link has-white-color has-blue-background-color has-text-color has-background\" href=\"https:\/\/everybrainmatters.org\/memorial-form\/\">Comparte a tus seres queridos para que sean recordados Grupo conmemorativo<\/a><\/div>\n<\/div>\n<\/div>\n<\/div>\n\n\n\n<p><\/p>\n<\/div><\/div>\n<\/div><\/div>\n\n<div class=\"wp-block-group py-5 is-style-width-full has-yellow-background-color has-background\"><div class=\"wp-block-group__inner-container is-layout-flow wp-block-group-is-layout-flow\">\n<div class=\"wp-block-columns is-layout-flex wp-container-core-columns-is-layout-9d6595d7 wp-block-columns-is-layout-flex\">\n<div class=\"wp-block-column align-self-center is-layout-flow wp-block-column-is-layout-flow\" style=\"flex-basis:58%\">\n<h2 class=\"wp-block-heading\"><a href=\"https:\/\/everybrainmatters.org\/meetings\/\">Calendario de reuniones<\/a>  <\/h2>\n\n\n\n<p class=\"has-medium-font-size\">-Reuniones de apoyo\/recuperaci\u00f3n<\/p>\n\n\n\n<p class=\"has-medium-font-size\">-Reuniones de defensa,<\/p>\n\n\n\n<p class=\"has-medium-font-size\">-Reuniones de Mar-Anon<\/p>\n\n\n\n<p class=\"has-medium-font-size\">-Eventos importantes<\/p>\n\n\n\n<div class=\"wp-block-buttons mt-4 is-layout-flex wp-block-buttons-is-layout-flex\">\n<div class=\"wp-block-button\"><a class=\"wp-block-button__link has-white-color has-blue-background-color has-text-color has-background\" href=\"https:\/\/everybrainmatters.org\/meetings\/\">Ver calendario<\/a><\/div>\n<\/div>\n<\/div>\n\n\n\n<div class=\"wp-block-column is-layout-flow wp-block-column-is-layout-flow\" style=\"flex-basis:42%\">\n<figure class=\"wp-block-image size-large\"><a href=\"https:\/\/everybrainmatters.org\/memorial-calander\/\"><img loading=\"lazy\" decoding=\"async\" width=\"1024\" height=\"683\" src=\"https:\/\/everybrainmatters.org\/wp-content\/uploads\/calander-of-rememberance-1024x683.jpg\" alt=\"\" class=\"wp-image-17438\" srcset=\"https:\/\/everybrainmatters.org\/wp-content\/uploads\/calander-of-rememberance-1024x683.jpg 1024w, https:\/\/everybrainmatters.org\/wp-content\/uploads\/calander-of-rememberance-scaled-600x400.jpg 600w, https:\/\/everybrainmatters.org\/wp-content\/uploads\/calander-of-rememberance-300x200.jpg 300w, https:\/\/everybrainmatters.org\/wp-content\/uploads\/calander-of-rememberance-768x512.jpg 768w, https:\/\/everybrainmatters.org\/wp-content\/uploads\/calander-of-rememberance-1536x1024.jpg 1536w\" sizes=\"auto, (max-width: 1024px) 100vw, 1024px\" \/><\/a><\/figure>\n<\/div>\n<\/div>\n<\/div><\/div>\n","protected":false},"excerpt":{"rendered":"<p>Alianza Alianza Profesional Alianza organizativa Individuos Alianza Every Brain Matters es una alianza unificadora de profesionales, organizaciones e individuos que&#8230;<\/p>\n","protected":false},"author":12,"featured_media":0,"parent":0,"menu_order":0,"comment_status":"closed","ping_status":"closed","template":"page-fullwidth.php","meta":{"_acf_changed":false,"_editorskit_title_hidden":false,"_editorskit_reading_time":0,"_editorskit_is_block_options_detached":false,"_editorskit_block_options_position":"{}","footnotes":""},"class_list":["post-46351","page","type-page","status-publish","hentry"],"acf":[],"yoast_head":"<!-- This site is optimized with the Yoast SEO plugin v26.1.1 - https:\/\/yoast.com\/wordpress\/plugins\/seo\/ -->\n<title>Nuestra Alianza y Comunidad - Every Brain Matters<\/title>\n<meta name=\"robots\" content=\"index, follow, max-snippet:-1, max-image-preview:large, max-video-preview:-1\" \/>\n<link rel=\"canonical\" href=\"https:\/\/everybrainmatters.org\/es\/nuestra-alianza-y-comunidad\/\" \/>\n<meta property=\"og:locale\" content=\"es_ES\" \/>\n<meta property=\"og:type\" content=\"article\" \/>\n<meta property=\"og:title\" content=\"Nuestra Alianza y Comunidad - Every Brain Matters\" \/>\n<meta property=\"og:description\" content=\"Alianza Alianza Profesional Alianza organizativa Individuos Alianza Every Brain Matters es una alianza unificadora de profesionales, organizaciones e individuos que...\" \/>\n<meta property=\"og:url\" content=\"https:\/\/everybrainmatters.org\/es\/nuestra-alianza-y-comunidad\/\" \/>\n<meta property=\"og:site_name\" content=\"Every Brain Matters\" \/>\n<meta property=\"article:modified_time\" content=\"2025-10-21T13:54:11+00:00\" \/>\n<meta property=\"og:image\" content=\"https:\/\/everybrainmatters.org\/wp-content\/uploads\/porfessional-alliance-smaller.jpg\" \/>\n\t<meta property=\"og:image:width\" content=\"900\" \/>\n\t<meta property=\"og:image:height\" content=\"400\" \/>\n\t<meta property=\"og:image:type\" content=\"image\/jpeg\" \/>\n<meta name=\"twitter:card\" content=\"summary_large_image\" \/>\n<meta name=\"twitter:label1\" content=\"Est. reading time\" \/>\n\t<meta name=\"twitter:data1\" content=\"2 minutos\" \/>\n<script type=\"application\/ld+json\" class=\"yoast-schema-graph\">{\"@context\":\"https:\/\/schema.org\",\"@graph\":[{\"@type\":\"WebPage\",\"@id\":\"https:\/\/everybrainmatters.org\/es\/nuestra-alianza-y-comunidad\/\",\"url\":\"https:\/\/everybrainmatters.org\/es\/nuestra-alianza-y-comunidad\/\",\"name\":\"Nuestra Alianza y Comunidad - Every Brain Matters\",\"isPartOf\":{\"@id\":\"https:\/\/everybrainmatters.org\/es\/#website\"},\"primaryImageOfPage\":{\"@id\":\"https:\/\/everybrainmatters.org\/es\/nuestra-alianza-y-comunidad\/#primaryimage\"},\"image\":{\"@id\":\"https:\/\/everybrainmatters.org\/es\/nuestra-alianza-y-comunidad\/#primaryimage\"},\"thumbnailUrl\":\"https:\/\/everybrainmatters.org\/wp-content\/uploads\/porfessional-alliance-smaller.jpg\",\"datePublished\":\"2020-09-04T18:52:17+00:00\",\"dateModified\":\"2025-10-21T13:54:11+00:00\",\"breadcrumb\":{\"@id\":\"https:\/\/everybrainmatters.org\/es\/nuestra-alianza-y-comunidad\/#breadcrumb\"},\"inLanguage\":\"es-ES\",\"potentialAction\":[{\"@type\":\"ReadAction\",\"target\":[\"https:\/\/everybrainmatters.org\/es\/nuestra-alianza-y-comunidad\/\"]}]},{\"@type\":\"ImageObject\",\"inLanguage\":\"es-ES\",\"@id\":\"https:\/\/everybrainmatters.org\/es\/nuestra-alianza-y-comunidad\/#primaryimage\",\"url\":\"https:\/\/everybrainmatters.org\/wp-content\/uploads\/porfessional-alliance-smaller.jpg\",\"contentUrl\":\"https:\/\/everybrainmatters.org\/wp-content\/uploads\/porfessional-alliance-smaller.jpg\"},{\"@type\":\"BreadcrumbList\",\"@id\":\"https:\/\/everybrainmatters.org\/es\/nuestra-alianza-y-comunidad\/#breadcrumb\",\"itemListElement\":[{\"@type\":\"ListItem\",\"position\":1,\"name\":\"Home\",\"item\":\"https:\/\/everybrainmatters.org\/es\/\"},{\"@type\":\"ListItem\",\"position\":2,\"name\":\"Nuestra Alianza y Comunidad\"}]},{\"@type\":\"WebSite\",\"@id\":\"https:\/\/everybrainmatters.org\/es\/#website\",\"url\":\"https:\/\/everybrainmatters.org\/es\/\",\"name\":\"Every Brain Matters\",\"description\":\"\",\"publisher\":{\"@id\":\"https:\/\/everybrainmatters.org\/es\/#organization\"},\"potentialAction\":[{\"@type\":\"SearchAction\",\"target\":{\"@type\":\"EntryPoint\",\"urlTemplate\":\"https:\/\/everybrainmatters.org\/es\/?s={search_term_string}\"},\"query-input\":{\"@type\":\"PropertyValueSpecification\",\"valueRequired\":true,\"valueName\":\"search_term_string\"}}],\"inLanguage\":\"es-ES\"},{\"@type\":\"Organization\",\"@id\":\"https:\/\/everybrainmatters.org\/es\/#organization\",\"name\":\"Every Brain Matters\",\"url\":\"https:\/\/everybrainmatters.org\/es\/\",\"logo\":{\"@type\":\"ImageObject\",\"inLanguage\":\"es-ES\",\"@id\":\"https:\/\/everybrainmatters.org\/es\/#\/schema\/logo\/image\/\",\"url\":\"https:\/\/everybrainmatters.org\/wp-content\/uploads\/AllBrains_3.jpg\",\"contentUrl\":\"https:\/\/everybrainmatters.org\/wp-content\/uploads\/AllBrains_3.jpg\",\"width\":1000,\"height\":1087,\"caption\":\"Every Brain Matters\"},\"image\":{\"@id\":\"https:\/\/everybrainmatters.org\/es\/#\/schema\/logo\/image\/\"}}]}<\/script>\n<!-- \/ Yoast SEO plugin. -->","yoast_head_json":{"title":"Nuestra Alianza y Comunidad - Every Brain Matters","robots":{"index":"index","follow":"follow","max-snippet":"max-snippet:-1","max-image-preview":"max-image-preview:large","max-video-preview":"max-video-preview:-1"},"canonical":"https:\/\/everybrainmatters.org\/es\/nuestra-alianza-y-comunidad\/","og_locale":"es_ES","og_type":"article","og_title":"Nuestra Alianza y Comunidad - Every Brain Matters","og_description":"Alianza Alianza Profesional Alianza organizativa Individuos Alianza Every Brain Matters es una alianza unificadora de profesionales, organizaciones e individuos que...","og_url":"https:\/\/everybrainmatters.org\/es\/nuestra-alianza-y-comunidad\/","og_site_name":"Every Brain Matters","article_modified_time":"2025-10-21T13:54:11+00:00","og_image":[{"width":900,"height":400,"url":"https:\/\/everybrainmatters.org\/wp-content\/uploads\/porfessional-alliance-smaller.jpg","type":"image\/jpeg"}],"twitter_card":"summary_large_image","twitter_misc":{"Est. reading time":"2 minutos"},"schema":{"@context":"https:\/\/schema.org","@graph":[{"@type":"WebPage","@id":"https:\/\/everybrainmatters.org\/es\/nuestra-alianza-y-comunidad\/","url":"https:\/\/everybrainmatters.org\/es\/nuestra-alianza-y-comunidad\/","name":"Nuestra Alianza y Comunidad - Every Brain Matters","isPartOf":{"@id":"https:\/\/everybrainmatters.org\/es\/#website"},"primaryImageOfPage":{"@id":"https:\/\/everybrainmatters.org\/es\/nuestra-alianza-y-comunidad\/#primaryimage"},"image":{"@id":"https:\/\/everybrainmatters.org\/es\/nuestra-alianza-y-comunidad\/#primaryimage"},"thumbnailUrl":"https:\/\/everybrainmatters.org\/wp-content\/uploads\/porfessional-alliance-smaller.jpg","datePublished":"2020-09-04T18:52:17+00:00","dateModified":"2025-10-21T13:54:11+00:00","breadcrumb":{"@id":"https:\/\/everybrainmatters.org\/es\/nuestra-alianza-y-comunidad\/#breadcrumb"},"inLanguage":"es-ES","potentialAction":[{"@type":"ReadAction","target":["https:\/\/everybrainmatters.org\/es\/nuestra-alianza-y-comunidad\/"]}]},{"@type":"ImageObject","inLanguage":"es-ES","@id":"https:\/\/everybrainmatters.org\/es\/nuestra-alianza-y-comunidad\/#primaryimage","url":"https:\/\/everybrainmatters.org\/wp-content\/uploads\/porfessional-alliance-smaller.jpg","contentUrl":"https:\/\/everybrainmatters.org\/wp-content\/uploads\/porfessional-alliance-smaller.jpg"},{"@type":"BreadcrumbList","@id":"https:\/\/everybrainmatters.org\/es\/nuestra-alianza-y-comunidad\/#breadcrumb","itemListElement":[{"@type":"ListItem","position":1,"name":"Home","item":"https:\/\/everybrainmatters.org\/es\/"},{"@type":"ListItem","position":2,"name":"Nuestra Alianza y Comunidad"}]},{"@type":"WebSite","@id":"https:\/\/everybrainmatters.org\/es\/#website","url":"https:\/\/everybrainmatters.org\/es\/","name":"Every Brain Matters","description":"","publisher":{"@id":"https:\/\/everybrainmatters.org\/es\/#organization"},"potentialAction":[{"@type":"SearchAction","target":{"@type":"EntryPoint","urlTemplate":"https:\/\/everybrainmatters.org\/es\/?s={search_term_string}"},"query-input":{"@type":"PropertyValueSpecification","valueRequired":true,"valueName":"search_term_string"}}],"inLanguage":"es-ES"},{"@type":"Organization","@id":"https:\/\/everybrainmatters.org\/es\/#organization","name":"Every Brain Matters","url":"https:\/\/everybrainmatters.org\/es\/","logo":{"@type":"ImageObject","inLanguage":"es-ES","@id":"https:\/\/everybrainmatters.org\/es\/#\/schema\/logo\/image\/","url":"https:\/\/everybrainmatters.org\/wp-content\/uploads\/AllBrains_3.jpg","contentUrl":"https:\/\/everybrainmatters.org\/wp-content\/uploads\/AllBrains_3.jpg","width":1000,"height":1087,"caption":"Every Brain Matters"},"image":{"@id":"https:\/\/everybrainmatters.org\/es\/#\/schema\/logo\/image\/"}}]}},"_links":{"self":[{"href":"https:\/\/everybrainmatters.org\/es\/wp-json\/wp\/v2\/pages\/46351","targetHints":{"allow":["GET"]}}],"collection":[{"href":"https:\/\/everybrainmatters.org\/es\/wp-json\/wp\/v2\/pages"}],"about":[{"href":"https:\/\/everybrainmatters.org\/es\/wp-json\/wp\/v2\/types\/page"}],"author":[{"embeddable":true,"href":"https:\/\/everybrainmatters.org\/es\/wp-json\/wp\/v2\/users\/12"}],"replies":[{"embeddable":true,"href":"https:\/\/everybrainmatters.org\/es\/wp-json\/wp\/v2\/comments?post=46351"}],"version-history":[{"count":0,"href":"https:\/\/everybrainmatters.org\/es\/wp-json\/wp\/v2\/pages\/46351\/revisions"}],"wp:attachment":[{"href":"https:\/\/everybrainmatters.org\/es\/wp-json\/wp\/v2\/media?parent=46351"}],"curies":[{"name":"wp","href":"https:\/\/api.w.org\/{rel}","templated":true}]}}