{"id":46371,"date":"2021-06-11T22:01:33","date_gmt":"2021-06-12T03:01:33","guid":{"rendered":"https:\/\/everybrainmatters.org\/interacciones-medicamentosas-con-thc-y-o-cbd\/"},"modified":"2025-10-21T08:54:19","modified_gmt":"2025-10-21T13:54:19","slug":"interacciones-medicamentosas-con-thc-y-o-cbd","status":"publish","type":"page","link":"https:\/\/everybrainmatters.org\/es\/interacciones-medicamentosas-con-thc-y-o-cbd\/","title":{"rendered":"Interacciones medicamentosas con THC y\/o CBD"},"content":{"rendered":"\n<hr class=\"wp-block-separator has-css-opacity is-style-wide\"\/>\n\n<ul class=\"wp-block-list\" style=\"font-size:18px\"><li><a href=\"https:\/\/www.youtube.com\/watch?v=Ef8J-BhlW2Y\" class=\"ek-link\">Iniciativa de Prevenci\u00f3n de la Marihuana<\/a> 9 de septiembre de 2021<\/li><li><a href=\"https:\/\/www.mdpi.com\/2077-0383\/9\/4\/919?type=check_update&amp;version=2\" class=\"ek-link\">Posibles efectos adversos del tetrahidrocannabinol (THC) debidos a interacciones medicamentosas<\/a> 27 de marzo de 2020<\/li><li><a href=\"https:\/\/www.mdpi.com\/2077-0383\/9\/4\/919?type=check_update&amp;version=2\" class=\"ek-link\">Posibles Efectos Adversos e Interacciones Medicamentosas con el Consumo M\u00e9dico y de Consumo de Cannabidiol (CBD) 2019<\/a>, 8 de julio<\/li><\/ul>\n\n<hr class=\"wp-block-separator has-alpha-channel-opacity\"\/>\n\n<div class=\"wp-block-columns is-layout-flex wp-container-core-columns-is-layout-9d6595d7 wp-block-columns-is-layout-flex\">\n<div class=\"wp-block-column is-layout-flow wp-block-column-is-layout-flow\">\n<p style=\"font-size:16px\"><em>Iniciativa para la Prevenci\u00f3n de la Mari <\/em><a href=\"https:\/\/www.youtube.com\/watch?v=Ef8J-BhlW2Y\" class=\"ek-link\">huana<\/a> <br\/><em>La Iniciativa para la Prevenci\u00f3n de la Marihuana (IPM) del Condado de San Diego <\/em>9 de septiembre de 2021<\/p>\n\n\n\n<p style=\"font-size:16px\">La Iniciativa para la Prevenci\u00f3n de la Marihuana (MPI) del condado de San Diego puso en marcha su Proyecto de Interacciones entre Medicamentos de Marihuana junto con 17 farmacias asociadas. El consumo de marihuana est\u00e1 aumentando y tambi\u00e9n las visitas a urgencias relacionadas con interacciones entre medicamentos recetados a los pacientes y el THC\/CBD&#8230;. <\/p>\n\n\n\n<figure class=\"wp-block-embed is-type-video is-provider-youtube wp-block-embed-youtube wp-embed-aspect-16-9 wp-has-aspect-ratio\"><div class=\"wp-block-embed__wrapper\">\n<iframe loading=\"lazy\" title=\"Marijuana Drug Interactions Project - Media Event\" width=\"500\" height=\"281\" src=\"https:\/\/www.youtube.com\/embed\/Ef8J-BhlW2Y?feature=oembed\" frameborder=\"0\" allow=\"accelerometer; autoplay; clipboard-write; encrypted-media; gyroscope; picture-in-picture; web-share\" referrerpolicy=\"strict-origin-when-cross-origin\" allowfullscreen><\/iframe>\n<\/div><\/figure>\n<\/div>\n\n\n\n<div class=\"wp-block-column is-layout-flow wp-block-column-is-layout-flow\">\n<p style=\"font-size:16px\"><a href=\"https:\/\/pubmed.ncbi.nlm.nih.gov\/31288397\/\" class=\"ek-link\">Posibles reacciones adversas e interacciones medicamentosas con el consumo m\u00e9dico y de consumo de cannabidiol (CBD)<\/a><br\/><em>Centro Nacional de Informaci\u00f3n Biotecnol\u00f3gica<\/em> 2019 8 de julio<\/p>\n\n\n\n<p style=\"font-size:16px\">El cannabidiol (CBD) est\u00e1 omnipresente en los programas estatales de cannabis medicinal y en los productos de consumo para salud complementaria o uso recreativo. El CBD tiene efectos farmacol\u00f3gicos intr\u00ednsecos y efectos adversos asociados, junto con la posibilidad de interacciones farmacocin\u00e9ticas y farmacodin\u00e1micas. Se revis\u00f3 la informaci\u00f3n de prescripci\u00f3n de los productos aprobados a nivel federal que contienen CBD. Casi la mitad de los consumidores de CBD experimentaron ADE, que mostraron una relaci\u00f3n general dosis-respuesta. Entre los efectos adversos m\u00e1s frecuentes se encuentran la elevaci\u00f3n de las transaminasas, la sedaci\u00f3n, los trastornos del sue\u00f1o, las infecciones y la anemia. Dados los efectos del CBD sobre dianas biol\u00f3gicas comunes implicadas en el metabolismo de los f\u00e1rmacos (p. ej., CYP3A4\/2C19) y la excreci\u00f3n (p. ej., P-glicoprote\u00edna), el potencial de DDI con medicamentos de uso com\u00fan es elevado. Estos efectos deben tenerse en cuenta en la evaluaci\u00f3n de riesgos y beneficios del tratamiento con CBD, y los pacientes y consumidores deben ser conscientes de los posibles problemas de seguridad que conlleva el consumo de CBD&#8230;      <\/p>\n<\/div>\n<\/div>\n\n<div class=\"wp-block-columns is-layout-flex wp-container-core-columns-is-layout-9d6595d7 wp-block-columns-is-layout-flex\">\n<div class=\"wp-block-column is-layout-flow wp-block-column-is-layout-flow\">\n<hr class=\"wp-block-separator has-alpha-channel-opacity\"\/>\n\n\n\n<div class=\"wp-block-columns is-layout-flex wp-container-core-columns-is-layout-9d6595d7 wp-block-columns-is-layout-flex\">\n<div class=\"wp-block-column is-layout-flow wp-block-column-is-layout-flow\">\n<p style=\"font-size:16px\"><a href=\"https:\/\/www.mdpi.com\/2077-0383\/9\/4\/919?type=check_update&amp;version=2\" class=\"ek-link\">Posibles efectos adversos del tetrahidrocannabinol (THC) debidos a interacciones medicamentosas<\/a> <strong> <\/strong><br\/><em>Centro para la Evaluaci\u00f3n y la Seguridad de los Medicamentos<\/em>, 27 de marzo de 2020<\/p>\n\n\n\n<p style=\"font-size:16px\">El tetrahidrocannabinol (THC) es el principal ingrediente psicoactivo del cannabis. Aunque la seguridad del THC y del cannabis se ha extrapolado de milenios de consumo recreativo, los programas de marihuana medicinal han aumentado la exposici\u00f3n entre personas m\u00e9dicamente complejas con afecciones com\u00f3rbidas y muchos medicamentos prescritos conjuntamente. As\u00ed pues, debe reconocerse que el THC es un compuesto farmacol\u00f3gicamente complejo con potencial para interacciones medicamentosas y acontecimientos adversos. Esta revisi\u00f3n resume los posibles acontecimientos adversos relacionados con el THC cuando se combina con otros medicamentos. Las interacciones farmacodin\u00e1micas incluyen efectos neurol\u00f3gicos, impacto en el sistema cardiovascular y riesgo de infecci\u00f3n. Muchas interacciones pueden ser inevitables, limitantes de la dosis o un obst\u00e1culo para la terapia basada en THC&#8230;.     <\/p>\n<\/div>\n\n\n\n<div class=\"wp-block-column is-layout-flow wp-block-column-is-layout-flow\">\n<p><\/p>\n<\/div>\n<\/div>\n<\/div>\n<\/div>\n","protected":false},"excerpt":{"rendered":"<p>Iniciativa de Prevenci\u00f3n de la Marihuana 9 de septiembre de 2021 Posibles efectos adversos del tetrahidrocannabinol (THC) debidos a interacciones&#8230;<\/p>\n","protected":false},"author":11,"featured_media":0,"parent":0,"menu_order":0,"comment_status":"closed","ping_status":"closed","template":"page-wide.php","meta":{"_acf_changed":false,"_editorskit_title_hidden":false,"_editorskit_reading_time":0,"_editorskit_is_block_options_detached":false,"_editorskit_block_options_position":"{}","footnotes":""},"class_list":["post-46371","page","type-page","status-publish","hentry"],"acf":[],"yoast_head":"<!-- This site is optimized with the Yoast SEO plugin v26.1.1 - https:\/\/yoast.com\/wordpress\/plugins\/seo\/ -->\n<title>Interacciones medicamentosas con THC y\/o CBD - Every Brain Matters<\/title>\n<meta name=\"robots\" content=\"index, follow, max-snippet:-1, max-image-preview:large, max-video-preview:-1\" \/>\n<link rel=\"canonical\" href=\"https:\/\/everybrainmatters.org\/es\/interacciones-medicamentosas-con-thc-y-o-cbd\/\" \/>\n<meta property=\"og:locale\" content=\"es_ES\" \/>\n<meta property=\"og:type\" content=\"article\" \/>\n<meta property=\"og:title\" content=\"Interacciones medicamentosas con THC y\/o CBD - Every Brain Matters\" \/>\n<meta property=\"og:description\" content=\"Iniciativa de Prevenci\u00f3n de la Marihuana 9 de septiembre de 2021 Posibles efectos adversos del tetrahidrocannabinol (THC) debidos a interacciones...\" \/>\n<meta property=\"og:url\" content=\"https:\/\/everybrainmatters.org\/es\/interacciones-medicamentosas-con-thc-y-o-cbd\/\" \/>\n<meta property=\"og:site_name\" content=\"Every Brain Matters\" \/>\n<meta property=\"article:modified_time\" content=\"2025-10-21T13:54:19+00:00\" \/>\n<meta property=\"og:image\" content=\"https:\/\/everybrainmatters.org\/wp-content\/uploads\/AllBrains_3.jpg\" \/>\n\t<meta property=\"og:image:width\" content=\"1000\" \/>\n\t<meta property=\"og:image:height\" content=\"1087\" \/>\n\t<meta property=\"og:image:type\" content=\"image\/jpeg\" \/>\n<meta name=\"twitter:card\" content=\"summary_large_image\" \/>\n<meta name=\"twitter:label1\" content=\"Est. reading time\" \/>\n\t<meta name=\"twitter:data1\" content=\"3 minutos\" \/>\n<script type=\"application\/ld+json\" class=\"yoast-schema-graph\">{\"@context\":\"https:\/\/schema.org\",\"@graph\":[{\"@type\":\"WebPage\",\"@id\":\"https:\/\/everybrainmatters.org\/es\/interacciones-medicamentosas-con-thc-y-o-cbd\/\",\"url\":\"https:\/\/everybrainmatters.org\/es\/interacciones-medicamentosas-con-thc-y-o-cbd\/\",\"name\":\"Interacciones medicamentosas con THC y\/o CBD - Every Brain Matters\",\"isPartOf\":{\"@id\":\"https:\/\/everybrainmatters.org\/es\/#website\"},\"datePublished\":\"2021-06-12T03:01:33+00:00\",\"dateModified\":\"2025-10-21T13:54:19+00:00\",\"breadcrumb\":{\"@id\":\"https:\/\/everybrainmatters.org\/es\/interacciones-medicamentosas-con-thc-y-o-cbd\/#breadcrumb\"},\"inLanguage\":\"es-ES\",\"potentialAction\":[{\"@type\":\"ReadAction\",\"target\":[\"https:\/\/everybrainmatters.org\/es\/interacciones-medicamentosas-con-thc-y-o-cbd\/\"]}]},{\"@type\":\"BreadcrumbList\",\"@id\":\"https:\/\/everybrainmatters.org\/es\/interacciones-medicamentosas-con-thc-y-o-cbd\/#breadcrumb\",\"itemListElement\":[{\"@type\":\"ListItem\",\"position\":1,\"name\":\"Home\",\"item\":\"https:\/\/everybrainmatters.org\/es\/\"},{\"@type\":\"ListItem\",\"position\":2,\"name\":\"Interacciones medicamentosas con THC y\/o CBD\"}]},{\"@type\":\"WebSite\",\"@id\":\"https:\/\/everybrainmatters.org\/es\/#website\",\"url\":\"https:\/\/everybrainmatters.org\/es\/\",\"name\":\"Every Brain Matters\",\"description\":\"\",\"publisher\":{\"@id\":\"https:\/\/everybrainmatters.org\/es\/#organization\"},\"potentialAction\":[{\"@type\":\"SearchAction\",\"target\":{\"@type\":\"EntryPoint\",\"urlTemplate\":\"https:\/\/everybrainmatters.org\/es\/?s={search_term_string}\"},\"query-input\":{\"@type\":\"PropertyValueSpecification\",\"valueRequired\":true,\"valueName\":\"search_term_string\"}}],\"inLanguage\":\"es-ES\"},{\"@type\":\"Organization\",\"@id\":\"https:\/\/everybrainmatters.org\/es\/#organization\",\"name\":\"Every Brain Matters\",\"url\":\"https:\/\/everybrainmatters.org\/es\/\",\"logo\":{\"@type\":\"ImageObject\",\"inLanguage\":\"es-ES\",\"@id\":\"https:\/\/everybrainmatters.org\/es\/#\/schema\/logo\/image\/\",\"url\":\"https:\/\/everybrainmatters.org\/wp-content\/uploads\/AllBrains_3.jpg\",\"contentUrl\":\"https:\/\/everybrainmatters.org\/wp-content\/uploads\/AllBrains_3.jpg\",\"width\":1000,\"height\":1087,\"caption\":\"Every Brain Matters\"},\"image\":{\"@id\":\"https:\/\/everybrainmatters.org\/es\/#\/schema\/logo\/image\/\"}}]}<\/script>\n<!-- \/ Yoast SEO plugin. -->","yoast_head_json":{"title":"Interacciones medicamentosas con THC y\/o CBD - Every Brain Matters","robots":{"index":"index","follow":"follow","max-snippet":"max-snippet:-1","max-image-preview":"max-image-preview:large","max-video-preview":"max-video-preview:-1"},"canonical":"https:\/\/everybrainmatters.org\/es\/interacciones-medicamentosas-con-thc-y-o-cbd\/","og_locale":"es_ES","og_type":"article","og_title":"Interacciones medicamentosas con THC y\/o CBD - Every Brain Matters","og_description":"Iniciativa de Prevenci\u00f3n de la Marihuana 9 de septiembre de 2021 Posibles efectos adversos del tetrahidrocannabinol (THC) debidos a interacciones...","og_url":"https:\/\/everybrainmatters.org\/es\/interacciones-medicamentosas-con-thc-y-o-cbd\/","og_site_name":"Every Brain Matters","article_modified_time":"2025-10-21T13:54:19+00:00","og_image":[{"width":1000,"height":1087,"url":"https:\/\/everybrainmatters.org\/wp-content\/uploads\/AllBrains_3.jpg","type":"image\/jpeg"}],"twitter_card":"summary_large_image","twitter_misc":{"Est. reading time":"3 minutos"},"schema":{"@context":"https:\/\/schema.org","@graph":[{"@type":"WebPage","@id":"https:\/\/everybrainmatters.org\/es\/interacciones-medicamentosas-con-thc-y-o-cbd\/","url":"https:\/\/everybrainmatters.org\/es\/interacciones-medicamentosas-con-thc-y-o-cbd\/","name":"Interacciones medicamentosas con THC y\/o CBD - Every Brain Matters","isPartOf":{"@id":"https:\/\/everybrainmatters.org\/es\/#website"},"datePublished":"2021-06-12T03:01:33+00:00","dateModified":"2025-10-21T13:54:19+00:00","breadcrumb":{"@id":"https:\/\/everybrainmatters.org\/es\/interacciones-medicamentosas-con-thc-y-o-cbd\/#breadcrumb"},"inLanguage":"es-ES","potentialAction":[{"@type":"ReadAction","target":["https:\/\/everybrainmatters.org\/es\/interacciones-medicamentosas-con-thc-y-o-cbd\/"]}]},{"@type":"BreadcrumbList","@id":"https:\/\/everybrainmatters.org\/es\/interacciones-medicamentosas-con-thc-y-o-cbd\/#breadcrumb","itemListElement":[{"@type":"ListItem","position":1,"name":"Home","item":"https:\/\/everybrainmatters.org\/es\/"},{"@type":"ListItem","position":2,"name":"Interacciones medicamentosas con THC y\/o CBD"}]},{"@type":"WebSite","@id":"https:\/\/everybrainmatters.org\/es\/#website","url":"https:\/\/everybrainmatters.org\/es\/","name":"Every Brain Matters","description":"","publisher":{"@id":"https:\/\/everybrainmatters.org\/es\/#organization"},"potentialAction":[{"@type":"SearchAction","target":{"@type":"EntryPoint","urlTemplate":"https:\/\/everybrainmatters.org\/es\/?s={search_term_string}"},"query-input":{"@type":"PropertyValueSpecification","valueRequired":true,"valueName":"search_term_string"}}],"inLanguage":"es-ES"},{"@type":"Organization","@id":"https:\/\/everybrainmatters.org\/es\/#organization","name":"Every Brain Matters","url":"https:\/\/everybrainmatters.org\/es\/","logo":{"@type":"ImageObject","inLanguage":"es-ES","@id":"https:\/\/everybrainmatters.org\/es\/#\/schema\/logo\/image\/","url":"https:\/\/everybrainmatters.org\/wp-content\/uploads\/AllBrains_3.jpg","contentUrl":"https:\/\/everybrainmatters.org\/wp-content\/uploads\/AllBrains_3.jpg","width":1000,"height":1087,"caption":"Every Brain Matters"},"image":{"@id":"https:\/\/everybrainmatters.org\/es\/#\/schema\/logo\/image\/"}}]}},"_links":{"self":[{"href":"https:\/\/everybrainmatters.org\/es\/wp-json\/wp\/v2\/pages\/46371","targetHints":{"allow":["GET"]}}],"collection":[{"href":"https:\/\/everybrainmatters.org\/es\/wp-json\/wp\/v2\/pages"}],"about":[{"href":"https:\/\/everybrainmatters.org\/es\/wp-json\/wp\/v2\/types\/page"}],"author":[{"embeddable":true,"href":"https:\/\/everybrainmatters.org\/es\/wp-json\/wp\/v2\/users\/11"}],"replies":[{"embeddable":true,"href":"https:\/\/everybrainmatters.org\/es\/wp-json\/wp\/v2\/comments?post=46371"}],"version-history":[{"count":0,"href":"https:\/\/everybrainmatters.org\/es\/wp-json\/wp\/v2\/pages\/46371\/revisions"}],"wp:attachment":[{"href":"https:\/\/everybrainmatters.org\/es\/wp-json\/wp\/v2\/media?parent=46371"}],"curies":[{"name":"wp","href":"https:\/\/api.w.org\/{rel}","templated":true}]}}