{"id":46378,"date":"2020-09-04T13:51:18","date_gmt":"2020-09-04T18:51:18","guid":{"rendered":"https:\/\/everybrainmatters.org\/quienes-somos\/posiciones-declaraciones-y-documentos\/"},"modified":"2025-10-21T08:54:13","modified_gmt":"2025-10-21T13:54:13","slug":"posiciones-declaraciones-y-documentos","status":"publish","type":"page","link":"https:\/\/everybrainmatters.org\/es\/quienes-somos\/posiciones-declaraciones-y-documentos\/","title":{"rendered":"Posiciones Declaraciones y Documentos"},"content":{"rendered":"\n<p class=\"has-text-align-center\"><\/p>\n\n<h4 class=\"wp-block-heading\">Legalizaci\u00f3n de la marihuana<\/h4>\n\n<div class=\"wp-block-columns is-layout-flex wp-container-core-columns-is-layout-9d6595d7 wp-block-columns-is-layout-flex\">\n<div class=\"wp-block-column is-layout-flow wp-block-column-is-layout-flow\" style=\"flex-basis:66.66%\">\n<p><\/p><p>Every Brain Matters no apoya la legalizaci\u00f3n de la marihuana. La comercializaci\u00f3n de la marihuana en Colorado y Washington nos ofrece una perspectiva informada, y la pol\u00edtica de legalizaci\u00f3n ha fracasado a todos los niveles.   <\/p>We believe that states that have legalized the <span style=\"font-size: revert; color: initial;\">adult use of marijuana need to repeal it or get stricter regulations. The tax money does not make the social costs worth it. States with legalization break federal law, even if the federal government does not enforce the law.\u00a0 Legalizing and commercializing marijuana should not be a states\u2019 rights issue.<\/span>\n<\/div>\n\n\n\n<div class=\"wp-block-column is-layout-flow wp-block-column-is-layout-flow\" style=\"flex-basis:33.33%\">\n<figure class=\"wp-block-image size-full is-style-editorskit-shadow\"><a href=\"https:\/\/everybrainmatters.org\/wp-content\/uploads\/PiedPiper14-1024x829-1.jpg\"><img loading=\"lazy\" decoding=\"async\" width=\"1024\" height=\"829\" src=\"https:\/\/everybrainmatters.org\/wp-content\/uploads\/PiedPiper14-1024x829-1.jpg\" alt=\"\" class=\"wp-image-33455\" srcset=\"https:\/\/everybrainmatters.org\/wp-content\/uploads\/PiedPiper14-1024x829-1.jpg 1024w, https:\/\/everybrainmatters.org\/wp-content\/uploads\/PiedPiper14-1024x829-1-300x243.jpg 300w, https:\/\/everybrainmatters.org\/wp-content\/uploads\/PiedPiper14-1024x829-1-768x622.jpg 768w, https:\/\/everybrainmatters.org\/wp-content\/uploads\/PiedPiper14-1024x829-1-600x486.jpg 600w\" sizes=\"auto, (max-width: 1024px) 100vw, 1024px\" \/><\/a><\/figure>\n<\/div>\n<\/div>\n\n<h4 class=\"wp-block-heading\">Despenalizaci\u00f3n de la marihuana<\/h4>\n\n<p>No nos pronunciamos sobre la despenalizaci\u00f3n, pero pedimos a nuestros simpatizantes que exploren <a href=\"https:\/\/learnaboutsam.org\/\" target=\"_blank\" rel=\"noreferrer noopener\">las declaraciones de posici\u00f3n de SAM<\/a> (Smart Approaches to Marijuana) y <a href=\"https:\/\/aalm.info\/\" target=\"_blank\" rel=\"noreferrer noopener\">AALM<\/a> (Americans Against Legalizing Marijuana) para informarse sobre este asunto.<\/p>\n\n<h4 class=\"wp-block-heading\">Reducci\u00f3n de da\u00f1os<\/h4>\n\n<p>La mejor reducci\u00f3n de da\u00f1os es la prevenci\u00f3n de las drogas. Mantener la ilegalidad de las drogas es la mejor reducci\u00f3n del da\u00f1o. Disminuye el consumo y la accesibilidad, disminuyendo as\u00ed el da\u00f1o. Todas las t\u00e9cnicas de reducci\u00f3n de da\u00f1os deben estar impulsadas cient\u00edficamente por profesionales, no por defensores.     <\/p>\n\n<h4 class=\"wp-block-heading\">\u00bfLa legalizaci\u00f3n de la marihuana es buena para la justicia social?<\/h4>\n\n<p>Es popular decir que la marihuana se ilegaliz\u00f3 por racismo. La verdad es que la marihuana se prohibi\u00f3 por primera vez en un hospital militar de Ciudad de M\u00e9xico en 1882, donde se utilizaba para tratar el dolor en un esfuerzo por prevenir la violencia y el desorden. Posteriormente, M\u00e9xico prohibi\u00f3 toda producci\u00f3n, venta y uso recreativo en 1920 y la exportaci\u00f3n de marihuana en 19727. Esto fue el resultado de que las autoridades egipcias pidieran a la comunidad internacional que se uniera a un tratado para ilegalizarla en todo el mundo en 1925. No fue hasta 1985, es decir, 60 a\u00f1os despu\u00e9s, cuando un libro de un autor estadounidense se refiri\u00f3 a las leyes sobre la marihuana como racistas.       <\/p>\n\n<p>Cualquier afirmaci\u00f3n de que la marihuana es ilegal en EEUU por racismo entra en conflicto con la historia.  <\/p>\n\n<p>\u00bfM\u00e1s tiendas de hierba en nuestro barrio y marihuana y en nuestras casas reducir\u00e1n realmente las tasas de encarcelamiento y mejorar\u00e1n la calidad de vida de las minor\u00edas? Creemos que no. La marihuana es un destructor de igualdad de oportunidades. Cada Cerebro Importa.     <\/p>\n\n<h4 class=\"wp-block-heading\">Los cultivos caseros de marihuana son un peligro para los barrios y las familias  <\/h4>\n\n<p>Resumen de los peligros internos:<\/p>\n\n<p>-Aumenta el acceso de los ni\u00f1os, y es imposible mantenerlos alejados de los menores de 21 a\u00f1os.<\/p>\n\n<p>-Se est\u00e1n produciendo envenenamientos de ni\u00f1os y perros en los hogares y en las escuelas. Los j\u00f3venes llevan la droga o comestibles a la escuela. <\/p>\n\n<p>-Aumentan los delitos contra la propiedad, como el allanamiento de morada y los delitos de lesiones personales\/homicidio.<\/p>\n\n<p>-Las molestias a los vecinos son un problema (olores, gente que entra y sale por la noche, tiroteos en coche.<\/p>\n\n<p>-Los cultivos desordenados en viviendas alquiladas pueden dificultar la venta de las viviendas cuando los cultivadores se marchen.<\/p>\n\n<p>-Los arrendadores tendr\u00e1n que hacer frente a enormes facturas de servicios p\u00fablicos y a da\u00f1os debidos al olor, y al moho que impregna los paneles de yeso, que requiere una costosa reparaci\u00f3n.<\/p>\n\n<p>-La fabricaci\u00f3n de hidrocarburos puede provocar explosiones, lesiones y muerte.  <\/p>\n\n<p>-Todo cultivador dom\u00e9stico es un traficante de drogas en potencia, ya que puede convertirse en un vendedor ilegal a domicilio en el mercado negro.<\/p>\n\n<p>-Aumentar los costes energ\u00e9ticos y los residuos.<\/p>\n\n<p><\/p>\n","protected":false},"excerpt":{"rendered":"<p>Legalizaci\u00f3n de la marihuana Every Brain Matters no apoya la legalizaci\u00f3n de la marihuana. La comercializaci\u00f3n de la marihuana en&#8230;<\/p>\n","protected":false},"author":12,"featured_media":0,"parent":46345,"menu_order":0,"comment_status":"closed","ping_status":"closed","template":"","meta":{"_acf_changed":false,"_editorskit_title_hidden":false,"_editorskit_reading_time":0,"_editorskit_is_block_options_detached":false,"_editorskit_block_options_position":"{}","footnotes":""},"class_list":["post-46378","page","type-page","status-publish","hentry"],"acf":[],"yoast_head":"<!-- This site is optimized with the Yoast SEO plugin v26.1.1 - https:\/\/yoast.com\/wordpress\/plugins\/seo\/ -->\n<title>Posiciones Declaraciones y Documentos - Every Brain Matters<\/title>\n<meta name=\"robots\" content=\"index, follow, max-snippet:-1, max-image-preview:large, max-video-preview:-1\" \/>\n<link rel=\"canonical\" href=\"https:\/\/everybrainmatters.org\/es\/quienes-somos\/posiciones-declaraciones-y-documentos\/\" \/>\n<meta property=\"og:locale\" content=\"es_ES\" \/>\n<meta property=\"og:type\" content=\"article\" \/>\n<meta property=\"og:title\" content=\"Posiciones Declaraciones y Documentos - Every Brain Matters\" \/>\n<meta property=\"og:description\" content=\"Legalizaci\u00f3n de la marihuana Every Brain Matters no apoya la legalizaci\u00f3n de la marihuana. La comercializaci\u00f3n de la marihuana en...\" \/>\n<meta property=\"og:url\" content=\"https:\/\/everybrainmatters.org\/es\/quienes-somos\/posiciones-declaraciones-y-documentos\/\" \/>\n<meta property=\"og:site_name\" content=\"Every Brain Matters\" \/>\n<meta property=\"article:modified_time\" content=\"2025-10-21T13:54:13+00:00\" \/>\n<meta property=\"og:image\" content=\"https:\/\/everybrainmatters.org\/wp-content\/uploads\/PiedPiper14-1024x829-1.jpg\" \/>\n\t<meta property=\"og:image:width\" content=\"1024\" \/>\n\t<meta property=\"og:image:height\" content=\"829\" \/>\n\t<meta property=\"og:image:type\" content=\"image\/jpeg\" \/>\n<meta name=\"twitter:card\" content=\"summary_large_image\" \/>\n<meta name=\"twitter:label1\" content=\"Est. reading time\" \/>\n\t<meta name=\"twitter:data1\" content=\"3 minutos\" \/>\n<script type=\"application\/ld+json\" class=\"yoast-schema-graph\">{\"@context\":\"https:\/\/schema.org\",\"@graph\":[{\"@type\":\"WebPage\",\"@id\":\"https:\/\/everybrainmatters.org\/es\/quienes-somos\/posiciones-declaraciones-y-documentos\/\",\"url\":\"https:\/\/everybrainmatters.org\/es\/quienes-somos\/posiciones-declaraciones-y-documentos\/\",\"name\":\"Posiciones Declaraciones y Documentos - Every Brain Matters\",\"isPartOf\":{\"@id\":\"https:\/\/everybrainmatters.org\/es\/#website\"},\"primaryImageOfPage\":{\"@id\":\"https:\/\/everybrainmatters.org\/es\/quienes-somos\/posiciones-declaraciones-y-documentos\/#primaryimage\"},\"image\":{\"@id\":\"https:\/\/everybrainmatters.org\/es\/quienes-somos\/posiciones-declaraciones-y-documentos\/#primaryimage\"},\"thumbnailUrl\":\"https:\/\/everybrainmatters.org\/wp-content\/uploads\/PiedPiper14-1024x829-1.jpg\",\"datePublished\":\"2020-09-04T18:51:18+00:00\",\"dateModified\":\"2025-10-21T13:54:13+00:00\",\"breadcrumb\":{\"@id\":\"https:\/\/everybrainmatters.org\/es\/quienes-somos\/posiciones-declaraciones-y-documentos\/#breadcrumb\"},\"inLanguage\":\"es-ES\",\"potentialAction\":[{\"@type\":\"ReadAction\",\"target\":[\"https:\/\/everybrainmatters.org\/es\/quienes-somos\/posiciones-declaraciones-y-documentos\/\"]}]},{\"@type\":\"ImageObject\",\"inLanguage\":\"es-ES\",\"@id\":\"https:\/\/everybrainmatters.org\/es\/quienes-somos\/posiciones-declaraciones-y-documentos\/#primaryimage\",\"url\":\"https:\/\/everybrainmatters.org\/wp-content\/uploads\/PiedPiper14-1024x829-1.jpg\",\"contentUrl\":\"https:\/\/everybrainmatters.org\/wp-content\/uploads\/PiedPiper14-1024x829-1.jpg\"},{\"@type\":\"BreadcrumbList\",\"@id\":\"https:\/\/everybrainmatters.org\/es\/quienes-somos\/posiciones-declaraciones-y-documentos\/#breadcrumb\",\"itemListElement\":[{\"@type\":\"ListItem\",\"position\":1,\"name\":\"Home\",\"item\":\"https:\/\/everybrainmatters.org\/es\/\"},{\"@type\":\"ListItem\",\"position\":2,\"name\":\"Qui\u00e9nes somos\",\"item\":\"https:\/\/everybrainmatters.org\/es\/quienes-somos\/\"},{\"@type\":\"ListItem\",\"position\":3,\"name\":\"Posiciones Declaraciones y Documentos\"}]},{\"@type\":\"WebSite\",\"@id\":\"https:\/\/everybrainmatters.org\/es\/#website\",\"url\":\"https:\/\/everybrainmatters.org\/es\/\",\"name\":\"Every Brain Matters\",\"description\":\"\",\"publisher\":{\"@id\":\"https:\/\/everybrainmatters.org\/es\/#organization\"},\"potentialAction\":[{\"@type\":\"SearchAction\",\"target\":{\"@type\":\"EntryPoint\",\"urlTemplate\":\"https:\/\/everybrainmatters.org\/es\/?s={search_term_string}\"},\"query-input\":{\"@type\":\"PropertyValueSpecification\",\"valueRequired\":true,\"valueName\":\"search_term_string\"}}],\"inLanguage\":\"es-ES\"},{\"@type\":\"Organization\",\"@id\":\"https:\/\/everybrainmatters.org\/es\/#organization\",\"name\":\"Every Brain Matters\",\"url\":\"https:\/\/everybrainmatters.org\/es\/\",\"logo\":{\"@type\":\"ImageObject\",\"inLanguage\":\"es-ES\",\"@id\":\"https:\/\/everybrainmatters.org\/es\/#\/schema\/logo\/image\/\",\"url\":\"https:\/\/everybrainmatters.org\/wp-content\/uploads\/AllBrains_3.jpg\",\"contentUrl\":\"https:\/\/everybrainmatters.org\/wp-content\/uploads\/AllBrains_3.jpg\",\"width\":1000,\"height\":1087,\"caption\":\"Every Brain Matters\"},\"image\":{\"@id\":\"https:\/\/everybrainmatters.org\/es\/#\/schema\/logo\/image\/\"}}]}<\/script>\n<!-- \/ Yoast SEO plugin. -->","yoast_head_json":{"title":"Posiciones Declaraciones y Documentos - Every Brain Matters","robots":{"index":"index","follow":"follow","max-snippet":"max-snippet:-1","max-image-preview":"max-image-preview:large","max-video-preview":"max-video-preview:-1"},"canonical":"https:\/\/everybrainmatters.org\/es\/quienes-somos\/posiciones-declaraciones-y-documentos\/","og_locale":"es_ES","og_type":"article","og_title":"Posiciones Declaraciones y Documentos - Every Brain Matters","og_description":"Legalizaci\u00f3n de la marihuana Every Brain Matters no apoya la legalizaci\u00f3n de la marihuana. La comercializaci\u00f3n de la marihuana en...","og_url":"https:\/\/everybrainmatters.org\/es\/quienes-somos\/posiciones-declaraciones-y-documentos\/","og_site_name":"Every Brain Matters","article_modified_time":"2025-10-21T13:54:13+00:00","og_image":[{"width":1024,"height":829,"url":"https:\/\/everybrainmatters.org\/wp-content\/uploads\/PiedPiper14-1024x829-1.jpg","type":"image\/jpeg"}],"twitter_card":"summary_large_image","twitter_misc":{"Est. reading time":"3 minutos"},"schema":{"@context":"https:\/\/schema.org","@graph":[{"@type":"WebPage","@id":"https:\/\/everybrainmatters.org\/es\/quienes-somos\/posiciones-declaraciones-y-documentos\/","url":"https:\/\/everybrainmatters.org\/es\/quienes-somos\/posiciones-declaraciones-y-documentos\/","name":"Posiciones Declaraciones y Documentos - Every Brain Matters","isPartOf":{"@id":"https:\/\/everybrainmatters.org\/es\/#website"},"primaryImageOfPage":{"@id":"https:\/\/everybrainmatters.org\/es\/quienes-somos\/posiciones-declaraciones-y-documentos\/#primaryimage"},"image":{"@id":"https:\/\/everybrainmatters.org\/es\/quienes-somos\/posiciones-declaraciones-y-documentos\/#primaryimage"},"thumbnailUrl":"https:\/\/everybrainmatters.org\/wp-content\/uploads\/PiedPiper14-1024x829-1.jpg","datePublished":"2020-09-04T18:51:18+00:00","dateModified":"2025-10-21T13:54:13+00:00","breadcrumb":{"@id":"https:\/\/everybrainmatters.org\/es\/quienes-somos\/posiciones-declaraciones-y-documentos\/#breadcrumb"},"inLanguage":"es-ES","potentialAction":[{"@type":"ReadAction","target":["https:\/\/everybrainmatters.org\/es\/quienes-somos\/posiciones-declaraciones-y-documentos\/"]}]},{"@type":"ImageObject","inLanguage":"es-ES","@id":"https:\/\/everybrainmatters.org\/es\/quienes-somos\/posiciones-declaraciones-y-documentos\/#primaryimage","url":"https:\/\/everybrainmatters.org\/wp-content\/uploads\/PiedPiper14-1024x829-1.jpg","contentUrl":"https:\/\/everybrainmatters.org\/wp-content\/uploads\/PiedPiper14-1024x829-1.jpg"},{"@type":"BreadcrumbList","@id":"https:\/\/everybrainmatters.org\/es\/quienes-somos\/posiciones-declaraciones-y-documentos\/#breadcrumb","itemListElement":[{"@type":"ListItem","position":1,"name":"Home","item":"https:\/\/everybrainmatters.org\/es\/"},{"@type":"ListItem","position":2,"name":"Qui\u00e9nes somos","item":"https:\/\/everybrainmatters.org\/es\/quienes-somos\/"},{"@type":"ListItem","position":3,"name":"Posiciones Declaraciones y Documentos"}]},{"@type":"WebSite","@id":"https:\/\/everybrainmatters.org\/es\/#website","url":"https:\/\/everybrainmatters.org\/es\/","name":"Every Brain Matters","description":"","publisher":{"@id":"https:\/\/everybrainmatters.org\/es\/#organization"},"potentialAction":[{"@type":"SearchAction","target":{"@type":"EntryPoint","urlTemplate":"https:\/\/everybrainmatters.org\/es\/?s={search_term_string}"},"query-input":{"@type":"PropertyValueSpecification","valueRequired":true,"valueName":"search_term_string"}}],"inLanguage":"es-ES"},{"@type":"Organization","@id":"https:\/\/everybrainmatters.org\/es\/#organization","name":"Every Brain Matters","url":"https:\/\/everybrainmatters.org\/es\/","logo":{"@type":"ImageObject","inLanguage":"es-ES","@id":"https:\/\/everybrainmatters.org\/es\/#\/schema\/logo\/image\/","url":"https:\/\/everybrainmatters.org\/wp-content\/uploads\/AllBrains_3.jpg","contentUrl":"https:\/\/everybrainmatters.org\/wp-content\/uploads\/AllBrains_3.jpg","width":1000,"height":1087,"caption":"Every Brain Matters"},"image":{"@id":"https:\/\/everybrainmatters.org\/es\/#\/schema\/logo\/image\/"}}]}},"_links":{"self":[{"href":"https:\/\/everybrainmatters.org\/es\/wp-json\/wp\/v2\/pages\/46378","targetHints":{"allow":["GET"]}}],"collection":[{"href":"https:\/\/everybrainmatters.org\/es\/wp-json\/wp\/v2\/pages"}],"about":[{"href":"https:\/\/everybrainmatters.org\/es\/wp-json\/wp\/v2\/types\/page"}],"author":[{"embeddable":true,"href":"https:\/\/everybrainmatters.org\/es\/wp-json\/wp\/v2\/users\/12"}],"replies":[{"embeddable":true,"href":"https:\/\/everybrainmatters.org\/es\/wp-json\/wp\/v2\/comments?post=46378"}],"version-history":[{"count":0,"href":"https:\/\/everybrainmatters.org\/es\/wp-json\/wp\/v2\/pages\/46378\/revisions"}],"up":[{"embeddable":true,"href":"https:\/\/everybrainmatters.org\/es\/wp-json\/wp\/v2\/pages\/46345"}],"wp:attachment":[{"href":"https:\/\/everybrainmatters.org\/es\/wp-json\/wp\/v2\/media?parent=46378"}],"curies":[{"name":"wp","href":"https:\/\/api.w.org\/{rel}","templated":true}]}}