{"id":46396,"date":"2021-01-17T21:13:03","date_gmt":"2021-01-18T03:13:03","guid":{"rendered":"https:\/\/everybrainmatters.org\/testimonios-sobre-los-efectos-en-el-corazon\/"},"modified":"2025-10-21T08:54:49","modified_gmt":"2025-10-21T13:54:49","slug":"testimonios-sobre-los-efectos-en-el-corazon","status":"publish","type":"page","link":"https:\/\/everybrainmatters.org\/es\/testimonios-sobre-los-efectos-en-el-corazon\/","title":{"rendered":"Testimonios sobre los efectos en el coraz\u00f3n"},"content":{"rendered":"\n<p class=\"has-large-font-size\"><\/p>\n\n<h3 class=\"wp-block-heading\" id=\"__sec2title\">Presentaci\u00f3n del caso<\/h3>\n\n<p id=\"__p2\">En este trabajo presentamos el caso de un var\u00f3n de 15 a\u00f1os que sufri\u00f3 una parada cardiaca tras consumir cannabis y sobrevivi\u00f3 al episodio.<\/p>\n\n<h3 class=\"wp-block-heading\" id=\"__sec3title\">Conclusi\u00f3n<\/h3>\n\n<p id=\"__p3\">La parada cardiaca es una consecuencia rara y posiblemente mortal del consumo de cannabis. Hay que concienciar a la poblaci\u00f3n promocionando ampliamente todas las complicaciones potenciales asociadas a su consumo. <\/p>\n\n<p><a href=\"https:\/\/www.ncbi.nlm.nih.gov\/pmc\/articles\/PMC2783157\/\">https:\/\/www.ncbi.nlm.nih.gov\/pmc\/articles\/PMC2783157\/<\/a><\/p>\n\n<hr class=\"wp-block-separator is-style-wide\"\/>\n\n<p><\/p>\n","protected":false},"excerpt":{"rendered":"<p>Presentaci\u00f3n del caso En este trabajo presentamos el caso de un var\u00f3n de 15 a\u00f1os que sufri\u00f3 una parada cardiaca&#8230;<\/p>\n","protected":false},"author":11,"featured_media":0,"parent":0,"menu_order":0,"comment_status":"closed","ping_status":"closed","template":"","meta":{"_acf_changed":false,"_editorskit_title_hidden":false,"_editorskit_reading_time":0,"_editorskit_is_block_options_detached":false,"_editorskit_block_options_position":"{}","footnotes":""},"class_list":["post-46396","page","type-page","status-publish","hentry"],"acf":[],"yoast_head":"<!-- This site is optimized with the Yoast SEO plugin v26.1.1 - https:\/\/yoast.com\/wordpress\/plugins\/seo\/ -->\n<title>Testimonios sobre los efectos en el coraz\u00f3n - Every Brain Matters<\/title>\n<meta name=\"robots\" content=\"index, follow, max-snippet:-1, max-image-preview:large, max-video-preview:-1\" \/>\n<link rel=\"canonical\" href=\"https:\/\/everybrainmatters.org\/es\/testimonios-sobre-los-efectos-en-el-corazon\/\" \/>\n<meta property=\"og:locale\" content=\"es_ES\" \/>\n<meta property=\"og:type\" content=\"article\" \/>\n<meta property=\"og:title\" content=\"Testimonios sobre los efectos en el coraz\u00f3n - Every Brain Matters\" \/>\n<meta property=\"og:description\" content=\"Presentaci\u00f3n del caso En este trabajo presentamos el caso de un var\u00f3n de 15 a\u00f1os que sufri\u00f3 una parada cardiaca...\" \/>\n<meta property=\"og:url\" content=\"https:\/\/everybrainmatters.org\/es\/testimonios-sobre-los-efectos-en-el-corazon\/\" \/>\n<meta property=\"og:site_name\" content=\"Every Brain Matters\" \/>\n<meta property=\"article:modified_time\" content=\"2025-10-21T13:54:49+00:00\" \/>\n<meta property=\"og:image\" content=\"https:\/\/everybrainmatters.org\/wp-content\/uploads\/AllBrains_3.jpg\" \/>\n\t<meta property=\"og:image:width\" content=\"1000\" \/>\n\t<meta property=\"og:image:height\" content=\"1087\" \/>\n\t<meta property=\"og:image:type\" content=\"image\/jpeg\" \/>\n<meta name=\"twitter:card\" content=\"summary_large_image\" \/>\n<script type=\"application\/ld+json\" class=\"yoast-schema-graph\">{\"@context\":\"https:\/\/schema.org\",\"@graph\":[{\"@type\":\"WebPage\",\"@id\":\"https:\/\/everybrainmatters.org\/es\/testimonios-sobre-los-efectos-en-el-corazon\/\",\"url\":\"https:\/\/everybrainmatters.org\/es\/testimonios-sobre-los-efectos-en-el-corazon\/\",\"name\":\"Testimonios sobre los efectos en el coraz\u00f3n - Every Brain Matters\",\"isPartOf\":{\"@id\":\"https:\/\/everybrainmatters.org\/es\/#website\"},\"datePublished\":\"2021-01-18T03:13:03+00:00\",\"dateModified\":\"2025-10-21T13:54:49+00:00\",\"breadcrumb\":{\"@id\":\"https:\/\/everybrainmatters.org\/es\/testimonios-sobre-los-efectos-en-el-corazon\/#breadcrumb\"},\"inLanguage\":\"es-ES\",\"potentialAction\":[{\"@type\":\"ReadAction\",\"target\":[\"https:\/\/everybrainmatters.org\/es\/testimonios-sobre-los-efectos-en-el-corazon\/\"]}]},{\"@type\":\"BreadcrumbList\",\"@id\":\"https:\/\/everybrainmatters.org\/es\/testimonios-sobre-los-efectos-en-el-corazon\/#breadcrumb\",\"itemListElement\":[{\"@type\":\"ListItem\",\"position\":1,\"name\":\"Home\",\"item\":\"https:\/\/everybrainmatters.org\/es\/\"},{\"@type\":\"ListItem\",\"position\":2,\"name\":\"Testimonios sobre los efectos en el coraz\u00f3n\"}]},{\"@type\":\"WebSite\",\"@id\":\"https:\/\/everybrainmatters.org\/es\/#website\",\"url\":\"https:\/\/everybrainmatters.org\/es\/\",\"name\":\"Every Brain Matters\",\"description\":\"\",\"publisher\":{\"@id\":\"https:\/\/everybrainmatters.org\/es\/#organization\"},\"potentialAction\":[{\"@type\":\"SearchAction\",\"target\":{\"@type\":\"EntryPoint\",\"urlTemplate\":\"https:\/\/everybrainmatters.org\/es\/?s={search_term_string}\"},\"query-input\":{\"@type\":\"PropertyValueSpecification\",\"valueRequired\":true,\"valueName\":\"search_term_string\"}}],\"inLanguage\":\"es-ES\"},{\"@type\":\"Organization\",\"@id\":\"https:\/\/everybrainmatters.org\/es\/#organization\",\"name\":\"Every Brain Matters\",\"url\":\"https:\/\/everybrainmatters.org\/es\/\",\"logo\":{\"@type\":\"ImageObject\",\"inLanguage\":\"es-ES\",\"@id\":\"https:\/\/everybrainmatters.org\/es\/#\/schema\/logo\/image\/\",\"url\":\"https:\/\/everybrainmatters.org\/wp-content\/uploads\/AllBrains_3.jpg\",\"contentUrl\":\"https:\/\/everybrainmatters.org\/wp-content\/uploads\/AllBrains_3.jpg\",\"width\":1000,\"height\":1087,\"caption\":\"Every Brain Matters\"},\"image\":{\"@id\":\"https:\/\/everybrainmatters.org\/es\/#\/schema\/logo\/image\/\"}}]}<\/script>\n<!-- \/ Yoast SEO plugin. -->","yoast_head_json":{"title":"Testimonios sobre los efectos en el coraz\u00f3n - Every Brain Matters","robots":{"index":"index","follow":"follow","max-snippet":"max-snippet:-1","max-image-preview":"max-image-preview:large","max-video-preview":"max-video-preview:-1"},"canonical":"https:\/\/everybrainmatters.org\/es\/testimonios-sobre-los-efectos-en-el-corazon\/","og_locale":"es_ES","og_type":"article","og_title":"Testimonios sobre los efectos en el coraz\u00f3n - Every Brain Matters","og_description":"Presentaci\u00f3n del caso En este trabajo presentamos el caso de un var\u00f3n de 15 a\u00f1os que sufri\u00f3 una parada cardiaca...","og_url":"https:\/\/everybrainmatters.org\/es\/testimonios-sobre-los-efectos-en-el-corazon\/","og_site_name":"Every Brain Matters","article_modified_time":"2025-10-21T13:54:49+00:00","og_image":[{"width":1000,"height":1087,"url":"https:\/\/everybrainmatters.org\/wp-content\/uploads\/AllBrains_3.jpg","type":"image\/jpeg"}],"twitter_card":"summary_large_image","schema":{"@context":"https:\/\/schema.org","@graph":[{"@type":"WebPage","@id":"https:\/\/everybrainmatters.org\/es\/testimonios-sobre-los-efectos-en-el-corazon\/","url":"https:\/\/everybrainmatters.org\/es\/testimonios-sobre-los-efectos-en-el-corazon\/","name":"Testimonios sobre los efectos en el coraz\u00f3n - Every Brain Matters","isPartOf":{"@id":"https:\/\/everybrainmatters.org\/es\/#website"},"datePublished":"2021-01-18T03:13:03+00:00","dateModified":"2025-10-21T13:54:49+00:00","breadcrumb":{"@id":"https:\/\/everybrainmatters.org\/es\/testimonios-sobre-los-efectos-en-el-corazon\/#breadcrumb"},"inLanguage":"es-ES","potentialAction":[{"@type":"ReadAction","target":["https:\/\/everybrainmatters.org\/es\/testimonios-sobre-los-efectos-en-el-corazon\/"]}]},{"@type":"BreadcrumbList","@id":"https:\/\/everybrainmatters.org\/es\/testimonios-sobre-los-efectos-en-el-corazon\/#breadcrumb","itemListElement":[{"@type":"ListItem","position":1,"name":"Home","item":"https:\/\/everybrainmatters.org\/es\/"},{"@type":"ListItem","position":2,"name":"Testimonios sobre los efectos en el coraz\u00f3n"}]},{"@type":"WebSite","@id":"https:\/\/everybrainmatters.org\/es\/#website","url":"https:\/\/everybrainmatters.org\/es\/","name":"Every Brain Matters","description":"","publisher":{"@id":"https:\/\/everybrainmatters.org\/es\/#organization"},"potentialAction":[{"@type":"SearchAction","target":{"@type":"EntryPoint","urlTemplate":"https:\/\/everybrainmatters.org\/es\/?s={search_term_string}"},"query-input":{"@type":"PropertyValueSpecification","valueRequired":true,"valueName":"search_term_string"}}],"inLanguage":"es-ES"},{"@type":"Organization","@id":"https:\/\/everybrainmatters.org\/es\/#organization","name":"Every Brain Matters","url":"https:\/\/everybrainmatters.org\/es\/","logo":{"@type":"ImageObject","inLanguage":"es-ES","@id":"https:\/\/everybrainmatters.org\/es\/#\/schema\/logo\/image\/","url":"https:\/\/everybrainmatters.org\/wp-content\/uploads\/AllBrains_3.jpg","contentUrl":"https:\/\/everybrainmatters.org\/wp-content\/uploads\/AllBrains_3.jpg","width":1000,"height":1087,"caption":"Every Brain Matters"},"image":{"@id":"https:\/\/everybrainmatters.org\/es\/#\/schema\/logo\/image\/"}}]}},"_links":{"self":[{"href":"https:\/\/everybrainmatters.org\/es\/wp-json\/wp\/v2\/pages\/46396","targetHints":{"allow":["GET"]}}],"collection":[{"href":"https:\/\/everybrainmatters.org\/es\/wp-json\/wp\/v2\/pages"}],"about":[{"href":"https:\/\/everybrainmatters.org\/es\/wp-json\/wp\/v2\/types\/page"}],"author":[{"embeddable":true,"href":"https:\/\/everybrainmatters.org\/es\/wp-json\/wp\/v2\/users\/11"}],"replies":[{"embeddable":true,"href":"https:\/\/everybrainmatters.org\/es\/wp-json\/wp\/v2\/comments?post=46396"}],"version-history":[{"count":0,"href":"https:\/\/everybrainmatters.org\/es\/wp-json\/wp\/v2\/pages\/46396\/revisions"}],"wp:attachment":[{"href":"https:\/\/everybrainmatters.org\/es\/wp-json\/wp\/v2\/media?parent=46396"}],"curies":[{"name":"wp","href":"https:\/\/api.w.org\/{rel}","templated":true}]}}