{"id":46397,"date":"2021-03-24T15:40:14","date_gmt":"2021-03-24T20:40:14","guid":{"rendered":"https:\/\/everybrainmatters.org\/cada-cerebro-importa-trabaja-para-crear-un-cambio-de-cultura\/"},"modified":"2025-10-21T08:54:57","modified_gmt":"2025-10-21T13:54:57","slug":"cada-cerebro-importa-trabaja-para-crear-un-cambio-de-cultura","status":"publish","type":"page","link":"https:\/\/everybrainmatters.org\/es\/cada-cerebro-importa-trabaja-para-crear-un-cambio-de-cultura\/","title":{"rendered":"Cada Cerebro Importa Trabaja para Crear un Cambio de Cultura"},"content":{"rendered":"\n<div class=\"wp-block-group py-5 is-style-width-full has-blue-color has-green-background-color has-text-color has-background\"><div class=\"wp-block-group__inner-container is-layout-flow wp-block-group-is-layout-flow\">\n<div class=\"wp-block-columns is-layout-flex wp-container-core-columns-is-layout-9d6595d7 wp-block-columns-is-layout-flex\">\n<div class=\"wp-block-column align-self-center is-layout-flow wp-block-column-is-layout-flow\" style=\"flex-basis:58%\">\n<p class=\"has-medium-font-size\"><strong>Nuestra misi\u00f3n<\/strong><\/p>\n\n\n\n<p class=\"has-medium-font-size\">Every Brian Matters es una comunidad y una alianza unificadora de organizaciones e individuos que educan sobre el peligro de la marihuana y la expansi\u00f3n de la cultura de la droga<strong>. <\/strong> <\/p>\n\n\n\n<p>Trabajamos juntos para lograr un movimiento cultural a trav\u00e9s de la defensa, el apoyo\/la recuperaci\u00f3n, la ciencia, la concienciaci\u00f3n p\u00fablica visual fomentando el uso de la mercanc\u00eda EBM, y promoviendo una salud cerebral y medioambiental \u00f3ptimas.<\/p>\n\n\n\n<p class=\"has-medium-font-size\"><strong>Nuestra visi\u00f3n<\/strong><\/p>\n\n\n\n<p>Una coalici\u00f3n mundial en la que promovemos la salud de nuestros hijos, del medio ambiente y de nuestro futuro disminuyendo la demanda de drogas, capacitando a nuestras familias y comunidades y apoyando los esfuerzos de prevenci\u00f3n, educaci\u00f3n y recuperaci\u00f3n en materia de drogas. Con el tiempo, la cultura de Cada Cerebro Importa ser\u00e1 aceptada en la mayor\u00eda de los hogares, escuelas y comunidades. <\/p>\n\n\n\n<p>El nombre<em> Cada Cerebro Importa<\/em> fue presentado por la Dra. Christine Miller en la primera manifestaci\u00f3n contra la legalizaci\u00f3n de la marihuana en Sacramento, California, all\u00e1 por 2016.<\/p>\n\n\n\n<p>Inspir\u00f3 a muchas familias a formarse y a educar a otros sobre la verdad acerca de la marihuana, y como resultado, se convirti\u00f3 en una iniciativa de Padres Opuestos a la Marihuana, que finalmente lleg\u00f3 a buen puerto con el lanzamiento de esta comunidad.<\/p>\n\n\n\n<p><\/p>\n\n\n\n<div class=\"wp-block-buttons is-layout-flex wp-block-buttons-is-layout-flex\">\n<div class=\"wp-block-button\"><a class=\"wp-block-button__link has-white-color has-blue-background-color has-text-color has-background\" href=\"https:\/\/everybrainmatters.org\/es\/unete-a\/\">\u00danete a nosotros<\/a><\/div>\n\n\n\n<div class=\"wp-block-button\"><a class=\"wp-block-button__link has-white-color has-blue-background-color has-text-color has-background\" href=\"https:\/\/everybrainmatters.org\/es\/tienda\/\">Tienda<\/a><\/div>\n<\/div>\n\n\n\n<div class=\"wp-block-buttons mt-4 is-layout-flex wp-block-buttons-is-layout-flex\">\n<div class=\"wp-block-button\"><a class=\"wp-block-button__link has-white-color has-blue-background-color has-text-color has-background\" href=\"https:\/\/everybrainmatters.org\/es\/quienes-somos\/\">Obt\u00e9n m\u00e1s informaci\u00f3n y lee nuestros puntos clave aqu\u00ed<\/a><\/div>\n<\/div>\n<\/div>\n\n\n\n<div class=\"wp-block-column is-layout-flow wp-block-column-is-layout-flow\" style=\"flex-basis:42%\">\n<figure class=\"wp-block-image size-large\"><img loading=\"lazy\" decoding=\"async\" width=\"942\" height=\"1024\" src=\"https:\/\/everybrainmatters.org\/wp-content\/uploads\/AllBrains_3-942x1024.png\" alt=\"\" class=\"wp-image-19050\" srcset=\"https:\/\/everybrainmatters.org\/wp-content\/uploads\/AllBrains_3-942x1024.png 942w, https:\/\/everybrainmatters.org\/wp-content\/uploads\/AllBrains_3-276x300.png 276w, https:\/\/everybrainmatters.org\/wp-content\/uploads\/AllBrains_3-768x835.png 768w, https:\/\/everybrainmatters.org\/wp-content\/uploads\/AllBrains_3-600x652.png 600w, https:\/\/everybrainmatters.org\/wp-content\/uploads\/AllBrains_3.png 1000w\" sizes=\"auto, (max-width: 942px) 100vw, 942px\" \/><\/figure>\n<\/div>\n<\/div>\n<\/div><\/div>\n","protected":false},"excerpt":{"rendered":"<p>Nuestra misi\u00f3n Every Brian Matters es una comunidad y una alianza unificadora de organizaciones e individuos que educan sobre el&#8230;<\/p>\n","protected":false},"author":12,"featured_media":0,"parent":0,"menu_order":0,"comment_status":"closed","ping_status":"closed","template":"page-fullwidth.php","meta":{"_acf_changed":false,"_editorskit_title_hidden":false,"_editorskit_reading_time":0,"_editorskit_is_block_options_detached":false,"_editorskit_block_options_position":"{}","footnotes":""},"class_list":["post-46397","page","type-page","status-publish","hentry"],"acf":[],"yoast_head":"<!-- This site is optimized with the Yoast SEO plugin v26.1.1 - https:\/\/yoast.com\/wordpress\/plugins\/seo\/ -->\n<title>Cada Cerebro Importa Trabaja para Crear un Cambio de Cultura - Every Brain Matters<\/title>\n<meta name=\"robots\" content=\"index, follow, max-snippet:-1, max-image-preview:large, max-video-preview:-1\" \/>\n<link rel=\"canonical\" href=\"https:\/\/everybrainmatters.org\/es\/cada-cerebro-importa-trabaja-para-crear-un-cambio-de-cultura\/\" \/>\n<meta property=\"og:locale\" content=\"es_ES\" \/>\n<meta property=\"og:type\" content=\"article\" \/>\n<meta property=\"og:title\" content=\"Cada Cerebro Importa Trabaja para Crear un Cambio de Cultura - Every Brain Matters\" \/>\n<meta property=\"og:description\" content=\"Nuestra misi\u00f3n Every Brian Matters es una comunidad y una alianza unificadora de organizaciones e individuos que educan sobre el...\" \/>\n<meta property=\"og:url\" content=\"https:\/\/everybrainmatters.org\/es\/cada-cerebro-importa-trabaja-para-crear-un-cambio-de-cultura\/\" \/>\n<meta property=\"og:site_name\" content=\"Every Brain Matters\" \/>\n<meta property=\"article:modified_time\" content=\"2025-10-21T13:54:57+00:00\" \/>\n<meta property=\"og:image\" content=\"https:\/\/everybrainmatters.org\/wp-content\/uploads\/AllBrains_3.png\" \/>\n\t<meta property=\"og:image:width\" content=\"1000\" \/>\n\t<meta property=\"og:image:height\" content=\"1087\" \/>\n\t<meta property=\"og:image:type\" content=\"image\/png\" \/>\n<meta name=\"twitter:card\" content=\"summary_large_image\" \/>\n<meta name=\"twitter:label1\" content=\"Est. reading time\" \/>\n\t<meta name=\"twitter:data1\" content=\"1 minuto\" \/>\n<script type=\"application\/ld+json\" class=\"yoast-schema-graph\">{\"@context\":\"https:\/\/schema.org\",\"@graph\":[{\"@type\":\"WebPage\",\"@id\":\"https:\/\/everybrainmatters.org\/es\/cada-cerebro-importa-trabaja-para-crear-un-cambio-de-cultura\/\",\"url\":\"https:\/\/everybrainmatters.org\/es\/cada-cerebro-importa-trabaja-para-crear-un-cambio-de-cultura\/\",\"name\":\"Cada Cerebro Importa Trabaja para Crear un Cambio de Cultura - Every Brain Matters\",\"isPartOf\":{\"@id\":\"https:\/\/everybrainmatters.org\/es\/#website\"},\"primaryImageOfPage\":{\"@id\":\"https:\/\/everybrainmatters.org\/es\/cada-cerebro-importa-trabaja-para-crear-un-cambio-de-cultura\/#primaryimage\"},\"image\":{\"@id\":\"https:\/\/everybrainmatters.org\/es\/cada-cerebro-importa-trabaja-para-crear-un-cambio-de-cultura\/#primaryimage\"},\"thumbnailUrl\":\"https:\/\/everybrainmatters.org\/wp-content\/uploads\/AllBrains_3-942x1024.png\",\"datePublished\":\"2021-03-24T20:40:14+00:00\",\"dateModified\":\"2025-10-21T13:54:57+00:00\",\"breadcrumb\":{\"@id\":\"https:\/\/everybrainmatters.org\/es\/cada-cerebro-importa-trabaja-para-crear-un-cambio-de-cultura\/#breadcrumb\"},\"inLanguage\":\"es-ES\",\"potentialAction\":[{\"@type\":\"ReadAction\",\"target\":[\"https:\/\/everybrainmatters.org\/es\/cada-cerebro-importa-trabaja-para-crear-un-cambio-de-cultura\/\"]}]},{\"@type\":\"ImageObject\",\"inLanguage\":\"es-ES\",\"@id\":\"https:\/\/everybrainmatters.org\/es\/cada-cerebro-importa-trabaja-para-crear-un-cambio-de-cultura\/#primaryimage\",\"url\":\"https:\/\/everybrainmatters.org\/wp-content\/uploads\/AllBrains_3-942x1024.png\",\"contentUrl\":\"https:\/\/everybrainmatters.org\/wp-content\/uploads\/AllBrains_3-942x1024.png\"},{\"@type\":\"BreadcrumbList\",\"@id\":\"https:\/\/everybrainmatters.org\/es\/cada-cerebro-importa-trabaja-para-crear-un-cambio-de-cultura\/#breadcrumb\",\"itemListElement\":[{\"@type\":\"ListItem\",\"position\":1,\"name\":\"Home\",\"item\":\"https:\/\/everybrainmatters.org\/es\/\"},{\"@type\":\"ListItem\",\"position\":2,\"name\":\"Cada Cerebro Importa Trabaja para Crear un Cambio de Cultura\"}]},{\"@type\":\"WebSite\",\"@id\":\"https:\/\/everybrainmatters.org\/es\/#website\",\"url\":\"https:\/\/everybrainmatters.org\/es\/\",\"name\":\"Every Brain Matters\",\"description\":\"\",\"publisher\":{\"@id\":\"https:\/\/everybrainmatters.org\/es\/#organization\"},\"potentialAction\":[{\"@type\":\"SearchAction\",\"target\":{\"@type\":\"EntryPoint\",\"urlTemplate\":\"https:\/\/everybrainmatters.org\/es\/?s={search_term_string}\"},\"query-input\":{\"@type\":\"PropertyValueSpecification\",\"valueRequired\":true,\"valueName\":\"search_term_string\"}}],\"inLanguage\":\"es-ES\"},{\"@type\":\"Organization\",\"@id\":\"https:\/\/everybrainmatters.org\/es\/#organization\",\"name\":\"Every Brain Matters\",\"url\":\"https:\/\/everybrainmatters.org\/es\/\",\"logo\":{\"@type\":\"ImageObject\",\"inLanguage\":\"es-ES\",\"@id\":\"https:\/\/everybrainmatters.org\/es\/#\/schema\/logo\/image\/\",\"url\":\"https:\/\/everybrainmatters.org\/wp-content\/uploads\/AllBrains_3.jpg\",\"contentUrl\":\"https:\/\/everybrainmatters.org\/wp-content\/uploads\/AllBrains_3.jpg\",\"width\":1000,\"height\":1087,\"caption\":\"Every Brain Matters\"},\"image\":{\"@id\":\"https:\/\/everybrainmatters.org\/es\/#\/schema\/logo\/image\/\"}}]}<\/script>\n<!-- \/ Yoast SEO plugin. -->","yoast_head_json":{"title":"Cada Cerebro Importa Trabaja para Crear un Cambio de Cultura - Every Brain Matters","robots":{"index":"index","follow":"follow","max-snippet":"max-snippet:-1","max-image-preview":"max-image-preview:large","max-video-preview":"max-video-preview:-1"},"canonical":"https:\/\/everybrainmatters.org\/es\/cada-cerebro-importa-trabaja-para-crear-un-cambio-de-cultura\/","og_locale":"es_ES","og_type":"article","og_title":"Cada Cerebro Importa Trabaja para Crear un Cambio de Cultura - Every Brain Matters","og_description":"Nuestra misi\u00f3n Every Brian Matters es una comunidad y una alianza unificadora de organizaciones e individuos que educan sobre el...","og_url":"https:\/\/everybrainmatters.org\/es\/cada-cerebro-importa-trabaja-para-crear-un-cambio-de-cultura\/","og_site_name":"Every Brain Matters","article_modified_time":"2025-10-21T13:54:57+00:00","og_image":[{"width":1000,"height":1087,"url":"https:\/\/everybrainmatters.org\/wp-content\/uploads\/AllBrains_3.png","type":"image\/png"}],"twitter_card":"summary_large_image","twitter_misc":{"Est. reading time":"1 minuto"},"schema":{"@context":"https:\/\/schema.org","@graph":[{"@type":"WebPage","@id":"https:\/\/everybrainmatters.org\/es\/cada-cerebro-importa-trabaja-para-crear-un-cambio-de-cultura\/","url":"https:\/\/everybrainmatters.org\/es\/cada-cerebro-importa-trabaja-para-crear-un-cambio-de-cultura\/","name":"Cada Cerebro Importa Trabaja para Crear un Cambio de Cultura - Every Brain Matters","isPartOf":{"@id":"https:\/\/everybrainmatters.org\/es\/#website"},"primaryImageOfPage":{"@id":"https:\/\/everybrainmatters.org\/es\/cada-cerebro-importa-trabaja-para-crear-un-cambio-de-cultura\/#primaryimage"},"image":{"@id":"https:\/\/everybrainmatters.org\/es\/cada-cerebro-importa-trabaja-para-crear-un-cambio-de-cultura\/#primaryimage"},"thumbnailUrl":"https:\/\/everybrainmatters.org\/wp-content\/uploads\/AllBrains_3-942x1024.png","datePublished":"2021-03-24T20:40:14+00:00","dateModified":"2025-10-21T13:54:57+00:00","breadcrumb":{"@id":"https:\/\/everybrainmatters.org\/es\/cada-cerebro-importa-trabaja-para-crear-un-cambio-de-cultura\/#breadcrumb"},"inLanguage":"es-ES","potentialAction":[{"@type":"ReadAction","target":["https:\/\/everybrainmatters.org\/es\/cada-cerebro-importa-trabaja-para-crear-un-cambio-de-cultura\/"]}]},{"@type":"ImageObject","inLanguage":"es-ES","@id":"https:\/\/everybrainmatters.org\/es\/cada-cerebro-importa-trabaja-para-crear-un-cambio-de-cultura\/#primaryimage","url":"https:\/\/everybrainmatters.org\/wp-content\/uploads\/AllBrains_3-942x1024.png","contentUrl":"https:\/\/everybrainmatters.org\/wp-content\/uploads\/AllBrains_3-942x1024.png"},{"@type":"BreadcrumbList","@id":"https:\/\/everybrainmatters.org\/es\/cada-cerebro-importa-trabaja-para-crear-un-cambio-de-cultura\/#breadcrumb","itemListElement":[{"@type":"ListItem","position":1,"name":"Home","item":"https:\/\/everybrainmatters.org\/es\/"},{"@type":"ListItem","position":2,"name":"Cada Cerebro Importa Trabaja para Crear un Cambio de Cultura"}]},{"@type":"WebSite","@id":"https:\/\/everybrainmatters.org\/es\/#website","url":"https:\/\/everybrainmatters.org\/es\/","name":"Every Brain Matters","description":"","publisher":{"@id":"https:\/\/everybrainmatters.org\/es\/#organization"},"potentialAction":[{"@type":"SearchAction","target":{"@type":"EntryPoint","urlTemplate":"https:\/\/everybrainmatters.org\/es\/?s={search_term_string}"},"query-input":{"@type":"PropertyValueSpecification","valueRequired":true,"valueName":"search_term_string"}}],"inLanguage":"es-ES"},{"@type":"Organization","@id":"https:\/\/everybrainmatters.org\/es\/#organization","name":"Every Brain Matters","url":"https:\/\/everybrainmatters.org\/es\/","logo":{"@type":"ImageObject","inLanguage":"es-ES","@id":"https:\/\/everybrainmatters.org\/es\/#\/schema\/logo\/image\/","url":"https:\/\/everybrainmatters.org\/wp-content\/uploads\/AllBrains_3.jpg","contentUrl":"https:\/\/everybrainmatters.org\/wp-content\/uploads\/AllBrains_3.jpg","width":1000,"height":1087,"caption":"Every Brain Matters"},"image":{"@id":"https:\/\/everybrainmatters.org\/es\/#\/schema\/logo\/image\/"}}]}},"_links":{"self":[{"href":"https:\/\/everybrainmatters.org\/es\/wp-json\/wp\/v2\/pages\/46397","targetHints":{"allow":["GET"]}}],"collection":[{"href":"https:\/\/everybrainmatters.org\/es\/wp-json\/wp\/v2\/pages"}],"about":[{"href":"https:\/\/everybrainmatters.org\/es\/wp-json\/wp\/v2\/types\/page"}],"author":[{"embeddable":true,"href":"https:\/\/everybrainmatters.org\/es\/wp-json\/wp\/v2\/users\/12"}],"replies":[{"embeddable":true,"href":"https:\/\/everybrainmatters.org\/es\/wp-json\/wp\/v2\/comments?post=46397"}],"version-history":[{"count":0,"href":"https:\/\/everybrainmatters.org\/es\/wp-json\/wp\/v2\/pages\/46397\/revisions"}],"wp:attachment":[{"href":"https:\/\/everybrainmatters.org\/es\/wp-json\/wp\/v2\/media?parent=46397"}],"curies":[{"name":"wp","href":"https:\/\/api.w.org\/{rel}","templated":true}]}}