{"id":46399,"date":"2021-03-07T16:19:16","date_gmt":"2021-03-07T22:19:16","guid":{"rendered":"https:\/\/everybrainmatters.org\/ciencia-vaping-evali\/"},"modified":"2025-10-21T08:54:58","modified_gmt":"2025-10-21T13:54:58","slug":"ciencia-vaping-evali","status":"publish","type":"page","link":"https:\/\/everybrainmatters.org\/es\/ciencia-vaping-evali\/","title":{"rendered":"Ciencia- VAPING\/EVAlI"},"content":{"rendered":"\n<p><strong><em>Nota: Al final de la p\u00e1gina encontrar\u00e1s carteles e infograf\u00edas.<\/em><\/strong><\/p>\n\n<ul class=\"wp-block-list\">\n<li><a href=\"https:\/\/thorax.bmj.com\/content\/early\/2023\/04\/02\/thorax-2022-218743\" target=\"_blank\" rel=\"noreferrer noopener\">No todo el vapeo es igual: efectos pulmonares diferenciales del vapeo de cannabidiol frente al de nicotina<\/a>, 2023, febrero<\/li>\n\n\n\n<li><a href=\"https:\/\/pubmed.ncbi.nlm.nih.gov\/36780924\/\" target=\"_blank\" rel=\"noreferrer noopener\">La dosis de vapeo, el tipo de dispositivo y el sabor del e-l\u00edquido son determinantes del da\u00f1o en el ADN de los usuarios de cigarrillos electr\u00f3nicos<\/a>, 2023, 14 de febrero<\/li>\n<\/ul>\n\n<hr class=\"wp-block-separator has-alpha-channel-opacity\"\/>\n\n<p><a aria-label=\"Vaping Induced Cannabidiol (CBD) Oxidation Product CBD Quinone Forms Protein Adducts with KEAP1 and Activates KEAP1-Nrf2 Genes (opens in a new tab)\" href=\"https:\/\/pubs.acs.org\/doi\/10.1021\/acs.chemrestox.3c00038?ref=pdf\" target=\"_blank\" rel=\"noreferrer noopener\" class=\"ek-link\">La quinona del CBD, producto de oxidaci\u00f3n del cannabidiol (CBD) inducido por el vapeo, forma aductos prote\u00ednicos con KEAP1 y activa los genes KEAP1-Nrf2<\/a>, 2023, 31 de marzo -Estos resultados sugieren que el vapeo de CBD altera la funci\u00f3n prote\u00ednica e induce v\u00edas de estr\u00e9s celular en el pulm\u00f3n.<\/p>\n\n<hr class=\"wp-block-separator has-alpha-channel-opacity\"\/>\n\n<p><strong>Conclusiones<\/strong> El vapeo de CBD induce una potente respuesta inflamatoria y provoca m\u00e1s cambios patol\u00f3gicos asociados a lesiones pulmonares que el vapeo de nicotina.<\/p>\n\n<p>https:\/\/thorax.bmj.com\/content\/early\/2023\/02\/22\/thorax-2022-218743Vaping Los acetatos de cannabinoides conducen a la formaci\u00f3n de ceteno<\/p>\n\n<hr class=\"wp-block-separator has-alpha-channel-opacity\"\/>\n\n<p> <a href=\"https:\/\/everybrainmatters.us2.list-manage.com\/track\/click?u=48b9823948bbc89ff72aadb89&amp;id=ebffea8bf7&amp;e=e7ecee06b9\" target=\"_blank\" rel=\"noreferrer noopener\">La dosis de vapeo, el tipo de dispositivo y el sabor del e-l\u00edquido son determinantes del da\u00f1o en el ADN de los usuarios de cigarrillos electr\u00f3nicos<\/a>&#8211; Los usuarios de vapeo ten\u00edan 2,6 veces m\u00e1s da\u00f1o en el ADN que los no fumadores. 2023, Feb 14   <\/p>\n\n<hr class=\"wp-block-separator has-alpha-channel-opacity\"\/>\n\n<p>El acetato de THC delta-8 es un producto de cannabis psicoactivo relativamente nuevo que est\u00e1 disponible en Internet y en tiendas de vapeo de todo EE.UU., ya que actualmente no est\u00e1 regulado. Dado que contiene una subestructura similar a la del acetato de vitamina E, que se ha demostrado que forma el gas t\u00f3xico keteno durante el vapeo, investigamos la posible formaci\u00f3n de keteno a partir del acetato de THC delta-8, as\u00ed como de otros acetatos de cannabinoides, el acetato de CBN y el acetato de CBD, en condiciones de vapeo. Se observ\u00f3 keteno de forma consistente en los condensados vaporizados de los tres acetatos, as\u00ed como en un producto comercial de acetato de THC delta-8 comprado en l\u00ednea.  <\/p>\n\n<p><a href=\"https:\/\/chemrxiv.org\/engage\/chemrxiv\/article-details\/627401c36cae1c94a5fe8fe7\">https:\/\/chemrxiv.org\/engage\/chemrxiv\/article-details\/627401c36cae1c94a5fe8fe7<\/a><\/p>\n\n<hr class=\"wp-block-separator has-alpha-channel-opacity is-style-wide\"\/>\n\n<h4 class=\"wp-block-heading\"><a href=\"https:\/\/www.salon.com\/2022\/07\/20\/weed-vapes-probably-sending-a-gas-to-your-lungs-study-finds\/\" target=\"_blank\" aria-label=\"Weed vapes probably sending a toxic gas to your lungs, study finds (opens in a new tab)\" rel=\"noreferrer noopener\" class=\"ek-link\">Los vaporizadores de hierba probablemente env\u00edan un gas t\u00f3xico a tus pulmones, seg\u00fan un estudio<\/a><\/h4>\n\n<p>20 DE JULIO DE 2022<\/p>\n\n<h5 class=\"wp-block-heading\">El estudio se suma a una serie de conclusiones sorprendentes sobre las posibles consecuencias para la salud de los productos de vapeo<\/h5>\n\n<p>Ahora, un <a href=\"https:\/\/chemrxiv.org\/engage\/chemrxiv\/article-details\/627401c36cae1c94a5fe8fe7\" target=\"_blank\" rel=\"noreferrer noopener\">nuevo estudio<\/a> realizado por Robert Strongin, de la Universidad Estatal de Portland, el estudiante de doctorado Kaelas Munger y Robert Jensen revela que cuando los acetatos de cannabinoides de los productos para vapear marihuana se calientan en condiciones de vapeo, crean un gas t\u00f3xico llamado ceteno.<\/p>\n\n<p><a href=\"https:\/\/www.salon.com\/2022\/07\/20\/weed-vapes-probably-sending-a-gas-to-your-lungs-study-finds\/\">https:\/\/www.salon.com\/2022\/07\/20\/weed-vapes-probably-sending-a-gas-to-your-lungs-study-finds\/<\/a><\/p>\n\n<hr class=\"wp-block-separator has-alpha-channel-opacity is-style-wide\"\/>\n\n<h5 class=\"wp-block-heading\">Se registra un importante repunte del consumo de cannabis entre los adolescentes<\/h5>\n\n<p>19 de mayo de 2022<\/p>\n\n<p><a href=\"https:\/\/www.publichealth.columbia.edu\/public-health-now\/news\/major-uptick-reported-cannabis-vaping-all-adolescents\" target=\"_blank\" aria-label=\"LARGEST INCREASES FOUND AMONG HIGH-SCHOOL SENIORS, TRIPLING IN 2 YEARS FROM 5 TO 14 PERCENT (opens in a new tab)\" rel=\"noreferrer noopener\" class=\"ek-link\">LOS MAYORES AUMENTOS SE REGISTRARON ENTRE LOS ESTUDIANTES DE \u00daLTIMO CURSO DE SECUNDARIA, TRIPLIC\u00c1NDOSE EN 2 A\u00d1OS DEL 5 AL 14 POR CIENTO<\/a><\/p>\n\n<p>El vapeo de cannabis est\u00e1 aumentando como m\u00e9todo m\u00e1s popular de suministro de cannabis entre todos los adolescentes de EE.UU., al igual que su frecuencia, seg\u00fan una investigaci\u00f3n de <a href=\"https:\/\/www.publichealth.columbia.edu\/\">la Escuela Mailman de Salud P\u00fablica de la Universidad de Columbia<\/a>. El estudio descubri\u00f3 que la frecuencia de vapear cannabis entre los adolescentes de todos los grupos demogr\u00e1ficos es de seis o m\u00e1s veces al mes, y aumenta m\u00e1s r\u00e1pidamente que el consumo ocasional. Los que vapean y fuman nicotina tienen m\u00e1s de 40 veces m\u00e1s probabilidades de vapear y fumar tambi\u00e9n cannabis.  <\/p>\n\n<hr class=\"wp-block-separator has-alpha-channel-opacity\"\/>\n\n<h5 class=\"wp-block-heading\">Uso de Cigarrillos Electr\u00f3nicos entre Adolescentes sin Cannabis y su Asociaci\u00f3n con el Futuro Consumo de Cannabis<\/h5>\n\n<p>22 de julio de 2022<\/p>\n\n<p>Los adolescentes que consum\u00edan cigarrillos electr\u00f3nicos ten\u00edan muchas m\u00e1s probabilidades de convertirse en nuevos fumadores de cannabis poco despu\u00e9s, seg\u00fan un estudio de cohortes.<\/p>\n\n<p>Los adolescentes que no consum\u00edan cannabis y que hab\u00edan fumado alguna vez al inicio del estudio ten\u00edan m\u00e1s del doble de probabilidades de declarar que tambi\u00e9n consum\u00edan cannabis cuando se les encuest\u00f3 un a\u00f1o m\u00e1s tarde (RR ajustado de 2,57 frente a los no consumidores de cigarrillos electr\u00f3nicos, IC del 95%: 2,04-3,09), informaron Ruoyan Sun, PhD, investigadora de conductas de salud de la Universidad de Alabama en Birmingham, y sus colegas. https:\/\/www.medpagetoday.com\/primarycare\/smoking\/99871?xid=nl_mpt_DHE_2022-07-22&amp;eun=g1235130d0r&amp;utm_source=Sailthru&amp;utm_medium=email&amp;utm_campaign=Daily%20Headlines%20Evening%202022-07-22&amp;utm_term=NL_Daily_DHE_dual-gmail-definition<\/p>\n\n<p><strong>Pregunta<\/strong> \u00bfSe asocia el consumo de cigarrillos electr\u00f3nicos entre los adolescentes que no consumen cannabis en EE.UU. con una mayor probabilidad de consumir cannabis en el futuro?<\/p>\n\n<p><strong>Conclusiones<\/strong> Con el uso de datos longitudinales de una cohorte representativa a nivel nacional de 9828 j\u00f3venes de 2017 a 2019, este estudio de cohortes descubri\u00f3 que los adolescentes que no han consumido cannabis y que han consumido cigarrillos electr\u00f3nicos tienen una probabilidad significativamente mayor de declarar consumo de cannabis 1 a\u00f1o despu\u00e9s en comparaci\u00f3n con los que no han consumido cigarrillos electr\u00f3nicos.<\/p>\n\n<p><strong>Significado<\/strong> Los resultados de este estudio de cohortes sugieren que el consumo de cigarrillos electr\u00f3nicos en adolescentes se asoci\u00f3 a una mayor probabilidad de consumo futuro de cannabis, pero la asociaci\u00f3n general del consumo de cigarrillos electr\u00f3nicos con el consumo de cannabis en j\u00f3venes a nivel de poblaci\u00f3n es probablemente bastante peque\u00f1a.<\/p>\n\n<hr class=\"wp-block-separator has-css-opacity\"\/>\n\n<h4 class=\"wp-block-heading\">Asociaciones longitudinales entre el consumo de cigarrillos electr\u00f3nicos y el inicio de m\u00faltiples modalidades de consumo de cannabis entre adolescentes estadounidenses<\/h4>\n\n<p>El consumo juvenil de cigarrillos electr\u00f3nicos se asoci\u00f3 con el inicio de m\u00faltiples modalidades de <a href=\"https:\/\/www.sciencedirect.com\/topics\/medicine-and-dentistry\/cannabis-use\">consumo de cannabis<\/a>.<\/p>\n\n<p><a href=\"https:\/\/www.sciencedirect.com\/science\/article\/abs\/pii\/S030646032200082X?via%3Dihub\">https:\/\/www.sciencedirect.com\/science\/article\/abs\/pii\/S030646032200082X?via%3Dihub<\/a><\/p>\n\n<hr class=\"wp-block-separator has-css-opacity\"\/>\n\n<p><a href=\"https:\/\/www.atsjournals.org\/doi\/abs\/10.1513\/AnnalsATS.202201-049OC\" target=\"_blank\" rel=\"noreferrer noopener\" class=\"ek-link\">American Thoracic Society-<\/a> Seg\u00fan un estudio de Intermountain Healthcare, las lesiones pulmonares provocadas por los cigarrillos electr\u00f3nicos o vaping pueden dar lugar a problemas a largo plazo, como problemas respiratorios, deterioro cognitivo y problemas de salud mental.<\/p>\n\n<p>Encuentra el estudio aqu\u00ed: https:\/\/www.ksl.com\/article\/50418868\/long-term-respiratory-cognitive-and-mental-health-issues-tied-to-vaping-study-says https:\/\/www.atsjournals.org\/doi\/abs\/10.1513\/AnnalsATS.202201-049OC<\/p>\n\n<hr class=\"wp-block-separator has-css-opacity\"\/>\n\n<h5 class=\"wp-block-heading\">Frecuencia de consumo de cannabis y vapeo en adolescentes en Estados Unidos: Tendencias, disparidades y consumo simult\u00e1neo de sustancias, 2017-19<\/h5>\n\n<p>El consumo de cannabis con vapeo se est\u00e1 acelerando; el vapeo frecuente de cannabis est\u00e1 aumentando especialmente, con incrementos constantes en casi todos los grupos demogr\u00e1ficos de adolescentes.  <\/p>\n\n<p>Ciertos grupos, como los adolescentes hispanos\/latinos o de nivel socioecon\u00f3mico bajo, experimentaron aumentos especialmente notables en el consumo frecuente de cannabis con el vapeo (por ejemplo, la prevalencia entre los adolescentes hispanos\/latinos)<\/p>\n\n<p><a href=\"https:\/\/onlinelibrary.wiley.com\/doi\/abs\/10.1111\/add.15912\" class=\"ek-link\">https:\/\/onlinelibrary.wiley.com\/doi\/abs\/10.1111\/add.15912<\/a><\/p>\n\n<hr class=\"wp-block-separator has-css-opacity\"\/>\n\n<h5 class=\"wp-block-heading\">Lesiones Pulmonares Asociadas al Uso de Cigarrillos Electr\u00f3nicos o Vaping en Adolescentes en el Valle de Delaware: Una Revisi\u00f3n de la Presentaci\u00f3n, el Tratamiento y los Resultados Hospitalarios<\/h5>\n\n<p>El vapeo es un problema grave que puede causar lesiones pulmonares agudas devastadoras a nuestros j\u00f3venes. Nuestra experiencia con la EVALI en adolescentes puso de manifiesto la variedad de presentaciones y el curso de la enfermedad entre los pacientes. La obtenci\u00f3n de antecedentes de vapeo, las pruebas infecciosas negativas, los marcadores inflamatorios elevados y los hallazgos caracter\u00edsticos de la TC fueron clave para hacer el diagn\u00f3stico de EVALI. La investigaci\u00f3n sobre la EVALI en adolescentes y la secuela a largo plazo sigue siendo limitada; sin embargo, los resultados en nuestra poblaci\u00f3n fueron tranquilizadores, con abstinencia y esteroides.   <\/p>\n\n<p><a href=\"https:\/\/www.ncbi.nlm.nih.gov\/pmc\/articles\/PMC8906560\/#\">Cureus. 2022 Feb; 14(2): e21988.Publicado online 2022 Feb 7. doi: 10.7759\/cureus.21988  <\/a><\/p>\n\n<hr class=\"wp-block-separator has-css-opacity\"\/>\n\n<h5 class=\"wp-block-heading\">Prevalencia del Consumo de Cannabis en Adolescentes: Revisi\u00f3n Sistem\u00e1tica y Metaan\u00e1lisis de Estudios Estadounidenses y Canadienses<\/h5>\n\n<p><em>JAMA Pediatr.  <\/em>Publicado en l\u00ednea el 25 de octubre de 2021. doi:10.1001\/jamapediatrics.2021.4102 <\/p>\n\n<p><strong>Pregunta<\/strong> \u00bfCu\u00e1l es la prevalencia del consumo de cannabis entre los adolescentes en EE.UU. y Canad\u00e1?<\/p>\n\n<p><strong>Conclusiones<\/strong> Esta revisi\u00f3n sistem\u00e1tica y metaan\u00e1lisis examin\u00f3 17 estudios \u00fanicos de EE.UU. y Canad\u00e1, con un total de 198 845 adolescentes, y descubri\u00f3 que la prevalencia de consumo de cannabis a lo largo de la vida se duplic\u00f3 de 2013 a 2020 (del 6,1% al 13,6%), el consumo en los \u00faltimos 12 meses se duplic\u00f3 de 2017 a 2020 (del 7,2% al 13,2%), y la prevalencia de consumo de cannabis en 30 d\u00edas se multiplic\u00f3 por 7 de 2013 a 2020 (del 1,6% al 8,4%). La preferencia por los productos de cannabis puede estar pasando de la hierba seca al aceite de cannabis <\/p>\n\n<p><strong>Significado<\/strong> Las conclusiones de este estudio sugieren que se necesitan medidas de prevenci\u00f3n y respuesta m\u00e1s eficaces para mitigar la creciente prevalencia del consumo de cannabis entre los adolescentes.<\/p>\n\n<hr class=\"wp-block-separator has-css-opacity\"\/>\n\n<h5 class=\"wp-block-heading\"><strong>Cannabis, Vapeo y S\u00edntomas Respiratorios en una Muestra Probabil\u00edstica de J\u00f3venes de EE.UU.<\/strong><\/h5>\n\n<p>Publicado:03 de marzo de 2021DOI<a href=\"https:\/\/doi.org\/10.1016\/j.jadohealth.2021.01.019\">:https:\/\/doi.org\/10.1016\/j.jadohealth.2021.01.019<\/a><\/p>\n\n<p>Resultados: Las probabilidades de indicar \u00absibilancias o silbidos\u00bb en el pecho eran aproximadamente dos veces mayores entre quienes hab\u00edan consumido cannabis en ENDS (odds ratio ajustada: 1,81; intervalo de confianza del 95%: 1,47-2,22); ni los cigarrillos electr\u00f3nicos ni los cigarrillos ten\u00edan una asociaci\u00f3n significativa con los cinco s\u00edntomas respiratorios en los modelos totalmente ajustados<\/p>\n\n<p>Conclusiones: Este estudio aporta pruebas preliminares de que el consumo de cannabis con ENDS por parte de los adolescentes puede tener consecuencias negativas para la salud. El consumo de cannabis con ENDS a lo largo de la vida se asoci\u00f3 sustancialmente con mayores probabilidades de s\u00edntomas respiratorios. <\/p>\n\n<p><a href=\"https:\/\/www.jahonline.org\/article\/S1054-139X(21)00047-1\/fulltext\">https:\/\/www.jahonline.org\/article\/S1054-139X(21)00047-1\/fulltext<\/a><\/p>\n\n<hr class=\"wp-block-separator has-css-opacity\"\/>\n\n<h5 class=\"wp-block-heading\">Actualizaci\u00f3n: producto, uso de sustancias y caracter\u00edsticas demogr\u00e1ficas de los pacientes hospitalizados en un brote nacional de lesi\u00f3n pulmonar asociada al uso de cigarrillos electr\u00f3nicos o vapeadores &#8211; Estados Unidos, agosto de 2019-enero de 2020<\/h5>\n\n<p><em>El 14 de enero de 2020, este informe se public\u00f3 en l\u00ednea como <\/em>MMWR <em>Early Release.<\/em><\/p>\n\n<p>Aunque la mayor\u00eda de los casos de EVALI se han asociado al consumo de productos con THC de origen informal, el 16% de los pacientes que declararon consumir productos con THC afirmaron adquirirlos s\u00f3lo de fuentes comerciales. Incluso en los estados en los que la marihuana se ha legalizado para el consumo recreativo de los adultos<g id=\"gid_0\">,\u00b6<\/g> puede resultar dif\u00edcil determinar si una fuente est\u00e1 autorizada por el estado. Por ejemplo, en California, la Oficina de Control del Cannabis se incaut\u00f3 de casi 10.000 vaporizadores ilegales de minoristas sin licencia entre el 10 y el 12 de diciembre de 2019.** La elevada prevalencia de productos con THC de origen informal entre los pacientes de la EVALI refuerza las recomendaciones actuales de no utilizar productos de e-cigarrillo o vapeo que contengan THC, especialmente los adquiridos de fuentes informales.  <\/p>\n\n<p><a href=\"https:\/\/www.cdc.gov\/mmwr\/volumes\/69\/wr\/mm6902e2.htm?s_cid=mm6902e2_w\">https:\/\/www.cdc.gov\/mmwr\/volumes\/69\/wr\/mm6902e2.htm?s_cid=mm6902e2_w<\/a><\/p>\n\n<p><\/p>\n\n<figure class=\"wp-block-image\"><img decoding=\"async\" src=\"https:\/\/everybrainmatters.org\/wp-content\/uploads\/cigs-to-vaps.jpg\" alt=\"Esta imagen tiene un atributo alt vac&#xED;o; su nombre de archivo es cigs-to-vaps.jpg\"\/><\/figure>\n","protected":false},"excerpt":{"rendered":"<p>Nota: Al final de la p\u00e1gina encontrar\u00e1s carteles e infograf\u00edas. La quinona del CBD, producto de oxidaci\u00f3n del cannabidiol (CBD)&#8230;<\/p>\n","protected":false},"author":11,"featured_media":0,"parent":0,"menu_order":0,"comment_status":"closed","ping_status":"closed","template":"","meta":{"_acf_changed":false,"_editorskit_title_hidden":false,"_editorskit_reading_time":0,"_editorskit_is_block_options_detached":false,"_editorskit_block_options_position":"{}","footnotes":""},"class_list":["post-46399","page","type-page","status-publish","hentry"],"acf":[],"yoast_head":"<!-- This site is optimized with the Yoast SEO plugin v26.1.1 - https:\/\/yoast.com\/wordpress\/plugins\/seo\/ -->\n<title>Ciencia- VAPING\/EVAlI - Every Brain Matters<\/title>\n<meta name=\"robots\" content=\"index, follow, max-snippet:-1, max-image-preview:large, max-video-preview:-1\" \/>\n<link rel=\"canonical\" href=\"https:\/\/everybrainmatters.org\/es\/ciencia-vaping-evali\/\" \/>\n<meta property=\"og:locale\" content=\"es_ES\" \/>\n<meta property=\"og:type\" content=\"article\" \/>\n<meta property=\"og:title\" content=\"Ciencia- VAPING\/EVAlI - Every Brain Matters\" \/>\n<meta property=\"og:description\" content=\"Nota: Al final de la p\u00e1gina encontrar\u00e1s carteles e infograf\u00edas. La quinona del CBD, producto de oxidaci\u00f3n del cannabidiol (CBD)...\" \/>\n<meta property=\"og:url\" content=\"https:\/\/everybrainmatters.org\/es\/ciencia-vaping-evali\/\" \/>\n<meta property=\"og:site_name\" content=\"Every Brain Matters\" \/>\n<meta property=\"article:modified_time\" content=\"2025-10-21T13:54:58+00:00\" \/>\n<meta property=\"og:image\" content=\"https:\/\/everybrainmatters.org\/wp-content\/uploads\/cigs-to-vaps.jpg\" \/>\n<meta name=\"twitter:card\" content=\"summary_large_image\" \/>\n<meta name=\"twitter:label1\" content=\"Est. reading time\" \/>\n\t<meta name=\"twitter:data1\" content=\"9 minutos\" \/>\n<script type=\"application\/ld+json\" class=\"yoast-schema-graph\">{\"@context\":\"https:\/\/schema.org\",\"@graph\":[{\"@type\":\"WebPage\",\"@id\":\"https:\/\/everybrainmatters.org\/es\/ciencia-vaping-evali\/\",\"url\":\"https:\/\/everybrainmatters.org\/es\/ciencia-vaping-evali\/\",\"name\":\"Ciencia- VAPING\/EVAlI - Every Brain Matters\",\"isPartOf\":{\"@id\":\"https:\/\/everybrainmatters.org\/es\/#website\"},\"primaryImageOfPage\":{\"@id\":\"https:\/\/everybrainmatters.org\/es\/ciencia-vaping-evali\/#primaryimage\"},\"image\":{\"@id\":\"https:\/\/everybrainmatters.org\/es\/ciencia-vaping-evali\/#primaryimage\"},\"thumbnailUrl\":\"https:\/\/everybrainmatters.org\/wp-content\/uploads\/cigs-to-vaps.jpg\",\"datePublished\":\"2021-03-07T22:19:16+00:00\",\"dateModified\":\"2025-10-21T13:54:58+00:00\",\"breadcrumb\":{\"@id\":\"https:\/\/everybrainmatters.org\/es\/ciencia-vaping-evali\/#breadcrumb\"},\"inLanguage\":\"es-ES\",\"potentialAction\":[{\"@type\":\"ReadAction\",\"target\":[\"https:\/\/everybrainmatters.org\/es\/ciencia-vaping-evali\/\"]}]},{\"@type\":\"ImageObject\",\"inLanguage\":\"es-ES\",\"@id\":\"https:\/\/everybrainmatters.org\/es\/ciencia-vaping-evali\/#primaryimage\",\"url\":\"https:\/\/everybrainmatters.org\/wp-content\/uploads\/cigs-to-vaps.jpg\",\"contentUrl\":\"https:\/\/everybrainmatters.org\/wp-content\/uploads\/cigs-to-vaps.jpg\"},{\"@type\":\"BreadcrumbList\",\"@id\":\"https:\/\/everybrainmatters.org\/es\/ciencia-vaping-evali\/#breadcrumb\",\"itemListElement\":[{\"@type\":\"ListItem\",\"position\":1,\"name\":\"Home\",\"item\":\"https:\/\/everybrainmatters.org\/es\/\"},{\"@type\":\"ListItem\",\"position\":2,\"name\":\"Ciencia- VAPING\/EVAlI\"}]},{\"@type\":\"WebSite\",\"@id\":\"https:\/\/everybrainmatters.org\/es\/#website\",\"url\":\"https:\/\/everybrainmatters.org\/es\/\",\"name\":\"Every Brain Matters\",\"description\":\"\",\"publisher\":{\"@id\":\"https:\/\/everybrainmatters.org\/es\/#organization\"},\"potentialAction\":[{\"@type\":\"SearchAction\",\"target\":{\"@type\":\"EntryPoint\",\"urlTemplate\":\"https:\/\/everybrainmatters.org\/es\/?s={search_term_string}\"},\"query-input\":{\"@type\":\"PropertyValueSpecification\",\"valueRequired\":true,\"valueName\":\"search_term_string\"}}],\"inLanguage\":\"es-ES\"},{\"@type\":\"Organization\",\"@id\":\"https:\/\/everybrainmatters.org\/es\/#organization\",\"name\":\"Every Brain Matters\",\"url\":\"https:\/\/everybrainmatters.org\/es\/\",\"logo\":{\"@type\":\"ImageObject\",\"inLanguage\":\"es-ES\",\"@id\":\"https:\/\/everybrainmatters.org\/es\/#\/schema\/logo\/image\/\",\"url\":\"https:\/\/everybrainmatters.org\/wp-content\/uploads\/AllBrains_3.jpg\",\"contentUrl\":\"https:\/\/everybrainmatters.org\/wp-content\/uploads\/AllBrains_3.jpg\",\"width\":1000,\"height\":1087,\"caption\":\"Every Brain Matters\"},\"image\":{\"@id\":\"https:\/\/everybrainmatters.org\/es\/#\/schema\/logo\/image\/\"}}]}<\/script>\n<!-- \/ Yoast SEO plugin. -->","yoast_head_json":{"title":"Ciencia- VAPING\/EVAlI - Every Brain Matters","robots":{"index":"index","follow":"follow","max-snippet":"max-snippet:-1","max-image-preview":"max-image-preview:large","max-video-preview":"max-video-preview:-1"},"canonical":"https:\/\/everybrainmatters.org\/es\/ciencia-vaping-evali\/","og_locale":"es_ES","og_type":"article","og_title":"Ciencia- VAPING\/EVAlI - Every Brain Matters","og_description":"Nota: Al final de la p\u00e1gina encontrar\u00e1s carteles e infograf\u00edas. La quinona del CBD, producto de oxidaci\u00f3n del cannabidiol (CBD)...","og_url":"https:\/\/everybrainmatters.org\/es\/ciencia-vaping-evali\/","og_site_name":"Every Brain Matters","article_modified_time":"2025-10-21T13:54:58+00:00","og_image":[{"url":"https:\/\/everybrainmatters.org\/wp-content\/uploads\/cigs-to-vaps.jpg","type":"","width":"","height":""}],"twitter_card":"summary_large_image","twitter_misc":{"Est. reading time":"9 minutos"},"schema":{"@context":"https:\/\/schema.org","@graph":[{"@type":"WebPage","@id":"https:\/\/everybrainmatters.org\/es\/ciencia-vaping-evali\/","url":"https:\/\/everybrainmatters.org\/es\/ciencia-vaping-evali\/","name":"Ciencia- VAPING\/EVAlI - Every Brain Matters","isPartOf":{"@id":"https:\/\/everybrainmatters.org\/es\/#website"},"primaryImageOfPage":{"@id":"https:\/\/everybrainmatters.org\/es\/ciencia-vaping-evali\/#primaryimage"},"image":{"@id":"https:\/\/everybrainmatters.org\/es\/ciencia-vaping-evali\/#primaryimage"},"thumbnailUrl":"https:\/\/everybrainmatters.org\/wp-content\/uploads\/cigs-to-vaps.jpg","datePublished":"2021-03-07T22:19:16+00:00","dateModified":"2025-10-21T13:54:58+00:00","breadcrumb":{"@id":"https:\/\/everybrainmatters.org\/es\/ciencia-vaping-evali\/#breadcrumb"},"inLanguage":"es-ES","potentialAction":[{"@type":"ReadAction","target":["https:\/\/everybrainmatters.org\/es\/ciencia-vaping-evali\/"]}]},{"@type":"ImageObject","inLanguage":"es-ES","@id":"https:\/\/everybrainmatters.org\/es\/ciencia-vaping-evali\/#primaryimage","url":"https:\/\/everybrainmatters.org\/wp-content\/uploads\/cigs-to-vaps.jpg","contentUrl":"https:\/\/everybrainmatters.org\/wp-content\/uploads\/cigs-to-vaps.jpg"},{"@type":"BreadcrumbList","@id":"https:\/\/everybrainmatters.org\/es\/ciencia-vaping-evali\/#breadcrumb","itemListElement":[{"@type":"ListItem","position":1,"name":"Home","item":"https:\/\/everybrainmatters.org\/es\/"},{"@type":"ListItem","position":2,"name":"Ciencia- VAPING\/EVAlI"}]},{"@type":"WebSite","@id":"https:\/\/everybrainmatters.org\/es\/#website","url":"https:\/\/everybrainmatters.org\/es\/","name":"Every Brain Matters","description":"","publisher":{"@id":"https:\/\/everybrainmatters.org\/es\/#organization"},"potentialAction":[{"@type":"SearchAction","target":{"@type":"EntryPoint","urlTemplate":"https:\/\/everybrainmatters.org\/es\/?s={search_term_string}"},"query-input":{"@type":"PropertyValueSpecification","valueRequired":true,"valueName":"search_term_string"}}],"inLanguage":"es-ES"},{"@type":"Organization","@id":"https:\/\/everybrainmatters.org\/es\/#organization","name":"Every Brain Matters","url":"https:\/\/everybrainmatters.org\/es\/","logo":{"@type":"ImageObject","inLanguage":"es-ES","@id":"https:\/\/everybrainmatters.org\/es\/#\/schema\/logo\/image\/","url":"https:\/\/everybrainmatters.org\/wp-content\/uploads\/AllBrains_3.jpg","contentUrl":"https:\/\/everybrainmatters.org\/wp-content\/uploads\/AllBrains_3.jpg","width":1000,"height":1087,"caption":"Every Brain Matters"},"image":{"@id":"https:\/\/everybrainmatters.org\/es\/#\/schema\/logo\/image\/"}}]}},"_links":{"self":[{"href":"https:\/\/everybrainmatters.org\/es\/wp-json\/wp\/v2\/pages\/46399","targetHints":{"allow":["GET"]}}],"collection":[{"href":"https:\/\/everybrainmatters.org\/es\/wp-json\/wp\/v2\/pages"}],"about":[{"href":"https:\/\/everybrainmatters.org\/es\/wp-json\/wp\/v2\/types\/page"}],"author":[{"embeddable":true,"href":"https:\/\/everybrainmatters.org\/es\/wp-json\/wp\/v2\/users\/11"}],"replies":[{"embeddable":true,"href":"https:\/\/everybrainmatters.org\/es\/wp-json\/wp\/v2\/comments?post=46399"}],"version-history":[{"count":0,"href":"https:\/\/everybrainmatters.org\/es\/wp-json\/wp\/v2\/pages\/46399\/revisions"}],"wp:attachment":[{"href":"https:\/\/everybrainmatters.org\/es\/wp-json\/wp\/v2\/media?parent=46399"}],"curies":[{"name":"wp","href":"https:\/\/api.w.org\/{rel}","templated":true}]}}