{"id":46407,"date":"2020-11-19T10:36:31","date_gmt":"2020-11-19T16:36:31","guid":{"rendered":"https:\/\/everybrainmatters.org\/la-marihuana-y-el-trastorno-de-estres-postraumatico-tept\/"},"modified":"2025-10-21T08:55:33","modified_gmt":"2025-10-21T13:55:33","slug":"la-marihuana-y-el-trastorno-de-estres-postraumatico-tept","status":"publish","type":"page","link":"https:\/\/everybrainmatters.org\/es\/la-marihuana-y-el-trastorno-de-estres-postraumatico-tept\/","title":{"rendered":"La marihuana y el trastorno de estr\u00e9s postraum\u00e1tico (TEPT)"},"content":{"rendered":"\n<ul class=\"wp-block-list\" style=\"font-size:18px\">\n<li><a aria-label=\"U.S. Department of Veterans Affairs, PTSD: National Center for PTSD (opens in a new tab)\" href=\"https:\/\/www.ptsd.va.gov\/professional\/treat\/cooccurring\/marijuana_ptsd_vets.asp\" target=\"_blank\" rel=\"noreferrer noopener\" class=\"ek-link\">Departamento de Asuntos de Veteranos de EE.UU., TEPT: National Center for PTSD <\/a>2022, diciembre de 19- las investigaciones realizadas hasta la fecha no respaldan el cannabis como tratamiento eficaz del TEPT, y algunos estudios sugieren que el cannabis puede ser perjudicial, sobre todo cuando se consume durante largos periodos de tiempo. Dadas estas preocupaciones, no se recomienda el cannabis para el tratamiento del TEPT. <\/li>\n\n\n\n<li><a href=\"https:\/\/americanaddictioncenters.org\/marijuana-rehab\/marijuana-abuse-and-ptsd\" class=\"ek-link\">Abuso de Marihuana y TEPT<\/a> 2022 Noviembre, 9<\/li>\n\n\n\n<li><a aria-label=\"The short-term impact of 3 smoked cannabis preparations versus placebo on PTSD symptoms: A randomized cross-over clinical trial (opens in a new tab)\" href=\"https:\/\/journals.plos.org\/plosone\/article?id=10.1371\/journal.pone.0246990\" target=\"_blank\" rel=\"noreferrer noopener\" class=\"ek-link\">El impacto a corto plazo de 3 preparados de cannabis fumado frente a placebo sobre los s\u00edntomas del TEPT: Un ensayo cl\u00ednico cruzado aleatorizado<\/a> 2021, 17 de marzo<\/li>\n\n\n\n<li><span style=\"text-decoration: underline;\" class=\"ek-underline\"><a href=\"https:\/\/www.washingtonexaminer.com\/opinion\/op-eds\/study-marijuana-dont-blindly-force-veterans-affairs-to-prescribe-it\" class=\"ek-link\">Estudia la marihuana &#8211; no obligues ciegamente a Asuntos de Veteranos a recetarla<\/a><\/span> 2020, 10 de julio<\/li>\n\n\n\n<li><a href=\"https:\/\/www.drugrehab.com\/addiction\/drugs\/marijuana\/ptsd\/\" class=\"ek-link\">Marihuana y TEPT<\/a> 2020, 27 de febrero<\/li>\n\n\n\n<li><a href=\"https:\/\/www.ncbi.nlm.nih.gov\/pmc\/articles\/PMC6258013\/\" class=\"ek-link\">El consumo de marihuana se asocia a peores resultados en la gravedad de los s\u00edntomas y la conducta violenta en pacientes con TEPT<\/a> 2018, 27 de noviembre<\/li>\n<\/ul>\n\n<hr class=\"wp-block-separator has-alpha-channel-opacity\"\/>\n\n<div class=\"wp-block-columns is-layout-flex wp-container-core-columns-is-layout-9d6595d7 wp-block-columns-is-layout-flex\">\n<div class=\"wp-block-column is-layout-flow wp-block-column-is-layout-flow\">\n<p style=\"font-size:16px\"><a href=\"https:\/\/americanaddictioncenters.org\/marijuana-rehab\/marijuana-abuse-and-ptsd\" class=\"ek-link\">Abuso de marihuana y TEPT<\/a> <br\/><em>American Addiction Centers<\/em> <br\/>2022 9 de noviembre<\/p>\n\n\n\n<p style=\"font-size:16px\">Aunque el TEPT lo desencadena un acontecimiento traum\u00e1tico, padecer otros trastornos mentales puede hacer que los s\u00edntomas del TEPT sean m\u00e1s intensos. Abusar de la marihuana puede desencadenar otros problemas de salud mental, como depresi\u00f3n, ansiedad y psicosis, si el individuo est\u00e1 predispuesto a estos problemas&#8230; <\/p>\n<\/div>\n\n\n\n<div class=\"wp-block-column is-layout-flow wp-block-column-is-layout-flow\">\n<p style=\"font-size:16px\"><span style=\"text-decoration: underline;\" class=\"ek-underline\"><a href=\"https:\/\/www.washingtonexaminer.com\/opinion\/op-eds\/study-marijuana-dont-blindly-force-veterans-affairs-to-prescribe-it\" class=\"ek-link\">Estudia la marihuana &#8211; no obligues ciegamente a Asuntos de Veteranos a recetarla<\/a><\/span> <br\/><em>Washington Examiner Kevin Sabot Opini\u00f3n <\/em>2020, 10 de julio<\/p>\n\n\n\n<p style=\"font-size:16px\">Las investigaciones sugieren que el consumo de marihuana podr\u00eda conducir a resultados mucho peores para quienes padecen TEPT y otros problemas mentales. Recientemente, un estudio de m\u00e1s de 300 veteranos descubri\u00f3 que el consumo de marihuana exacerbaba los s\u00edntomas del TEPT en quienes padec\u00edan un trastorno por consumo de marihuana. Este estudio se apoya en una base de investigaci\u00f3n, que se\u00f1ala que el consumo de marihuana entre los veteranos que padecen s\u00edntomas de TEPT podr\u00eda causar peores resultados&#8230;  <\/p>\n<\/div>\n<\/div>\n\n<hr class=\"wp-block-separator has-css-opacity is-style-wide\"\/>\n\n<div class=\"wp-block-columns is-layout-flex wp-container-core-columns-is-layout-9d6595d7 wp-block-columns-is-layout-flex\">\n<div class=\"wp-block-column is-layout-flow wp-block-column-is-layout-flow\">\n<p style=\"font-size:16px\"><a href=\"https:\/\/www.drugrehab.com\/addiction\/drugs\/marijuana\/ptsd\/\" class=\"ek-link\">Marihuana y TEPT<\/a> <br\/><em>Rehabilitaci\u00f3n de drogas <\/em><br\/>2020, 27 de febrero<\/p>\n\n\n\n<p style=\"font-size:16px\">M\u00faltiples estudios indican que la marihuana puede empeorar los mismos s\u00edntomas que los pacientes pretenden tratar. Seg\u00fan un art\u00edculo de 2015 en The Primary Care Companion for CNS Disorders, aunque la marihuana puede ayudar inicialmente a los problemas de sue\u00f1o relacionados con el TEPT, a largo plazo puede causar alteraciones significativas del sue\u00f1o. <\/p>\n\n\n\n<p style=\"font-size:16px\">El art\u00edculo tambi\u00e9n se\u00f1ala la compleja relaci\u00f3n entre la marihuana y la ansiedad. Aunque la mayor\u00eda de las personas que fuman hierba para aliviar los s\u00edntomas del TEPT buscan los efectos calmantes de la droga, la marihuana puede provocar ansiedad extrema y ataques de p\u00e1nico en algunas personas&#8230; <\/p>\n<\/div>\n\n\n\n<div class=\"wp-block-column is-layout-flow wp-block-column-is-layout-flow\">\n<p style=\"font-size:16px\"><a href=\"https:\/\/www.ncbi.nlm.nih.gov\/pmc\/articles\/PMC6258013\/\" class=\"ek-link\">El consumo de marihuana se asocia con peores resultados en la gravedad de los s\u00edntomas y la conducta violenta en pacientes con TEPT<\/a><br\/><em>National Center for Biotechnology Information<\/em> 2015, septiembre<\/p>\n\n\n\n<p style=\"font-size:16px\"><strong>Conclusiones: <\/strong>En este estudio observacional, iniciar el consumo de marihuana despu\u00e9s del tratamiento se asoci\u00f3 a peores s\u00edntomas de TEPT, m\u00e1s conductas violentas y consumo de alcohol. En realidad, la marihuana puede empeorar los s\u00edntomas del TEPT o anular los beneficios de un tratamiento especializado e intensivo. El cese o la prevenci\u00f3n del consumo puede ser un objetivo importante del tratamiento&#8230;  <\/p>\n<\/div>\n<\/div>\n","protected":false},"excerpt":{"rendered":"<p>Abuso de marihuana y TEPT American Addiction Centers 2022 9 de noviembre Aunque el TEPT lo desencadena un acontecimiento traum\u00e1tico,&#8230;<\/p>\n","protected":false},"author":11,"featured_media":0,"parent":0,"menu_order":0,"comment_status":"closed","ping_status":"closed","template":"","meta":{"_acf_changed":false,"_editorskit_title_hidden":false,"_editorskit_reading_time":0,"_editorskit_is_block_options_detached":false,"_editorskit_block_options_position":"{}","footnotes":""},"class_list":["post-46407","page","type-page","status-publish","hentry"],"acf":[],"yoast_head":"<!-- This site is optimized with the Yoast SEO plugin v26.1.1 - https:\/\/yoast.com\/wordpress\/plugins\/seo\/ -->\n<title>La marihuana y el trastorno de estr\u00e9s postraum\u00e1tico (TEPT) - Every Brain Matters<\/title>\n<meta name=\"robots\" content=\"index, follow, max-snippet:-1, max-image-preview:large, max-video-preview:-1\" \/>\n<link rel=\"canonical\" href=\"https:\/\/everybrainmatters.org\/es\/la-marihuana-y-el-trastorno-de-estres-postraumatico-tept\/\" \/>\n<meta property=\"og:locale\" content=\"es_ES\" \/>\n<meta property=\"og:type\" content=\"article\" \/>\n<meta property=\"og:title\" content=\"La marihuana y el trastorno de estr\u00e9s postraum\u00e1tico (TEPT) - Every Brain Matters\" \/>\n<meta property=\"og:description\" content=\"Abuso de marihuana y TEPT American Addiction Centers 2022 9 de noviembre Aunque el TEPT lo desencadena un acontecimiento traum\u00e1tico,...\" \/>\n<meta property=\"og:url\" content=\"https:\/\/everybrainmatters.org\/es\/la-marihuana-y-el-trastorno-de-estres-postraumatico-tept\/\" \/>\n<meta property=\"og:site_name\" content=\"Every Brain Matters\" \/>\n<meta property=\"article:modified_time\" content=\"2025-10-21T13:55:33+00:00\" \/>\n<meta property=\"og:image\" content=\"https:\/\/everybrainmatters.org\/wp-content\/uploads\/AllBrains_3.jpg\" \/>\n\t<meta property=\"og:image:width\" content=\"1000\" \/>\n\t<meta property=\"og:image:height\" content=\"1087\" \/>\n\t<meta property=\"og:image:type\" content=\"image\/jpeg\" \/>\n<meta name=\"twitter:card\" content=\"summary_large_image\" \/>\n<meta name=\"twitter:label1\" content=\"Est. reading time\" \/>\n\t<meta name=\"twitter:data1\" content=\"3 minutos\" \/>\n<script type=\"application\/ld+json\" class=\"yoast-schema-graph\">{\"@context\":\"https:\/\/schema.org\",\"@graph\":[{\"@type\":\"WebPage\",\"@id\":\"https:\/\/everybrainmatters.org\/es\/la-marihuana-y-el-trastorno-de-estres-postraumatico-tept\/\",\"url\":\"https:\/\/everybrainmatters.org\/es\/la-marihuana-y-el-trastorno-de-estres-postraumatico-tept\/\",\"name\":\"La marihuana y el trastorno de estr\u00e9s postraum\u00e1tico (TEPT) - Every Brain Matters\",\"isPartOf\":{\"@id\":\"https:\/\/everybrainmatters.org\/es\/#website\"},\"datePublished\":\"2020-11-19T16:36:31+00:00\",\"dateModified\":\"2025-10-21T13:55:33+00:00\",\"breadcrumb\":{\"@id\":\"https:\/\/everybrainmatters.org\/es\/la-marihuana-y-el-trastorno-de-estres-postraumatico-tept\/#breadcrumb\"},\"inLanguage\":\"es-ES\",\"potentialAction\":[{\"@type\":\"ReadAction\",\"target\":[\"https:\/\/everybrainmatters.org\/es\/la-marihuana-y-el-trastorno-de-estres-postraumatico-tept\/\"]}]},{\"@type\":\"BreadcrumbList\",\"@id\":\"https:\/\/everybrainmatters.org\/es\/la-marihuana-y-el-trastorno-de-estres-postraumatico-tept\/#breadcrumb\",\"itemListElement\":[{\"@type\":\"ListItem\",\"position\":1,\"name\":\"Home\",\"item\":\"https:\/\/everybrainmatters.org\/es\/\"},{\"@type\":\"ListItem\",\"position\":2,\"name\":\"La marihuana y el trastorno de estr\u00e9s postraum\u00e1tico (TEPT)\"}]},{\"@type\":\"WebSite\",\"@id\":\"https:\/\/everybrainmatters.org\/es\/#website\",\"url\":\"https:\/\/everybrainmatters.org\/es\/\",\"name\":\"Every Brain Matters\",\"description\":\"\",\"publisher\":{\"@id\":\"https:\/\/everybrainmatters.org\/es\/#organization\"},\"potentialAction\":[{\"@type\":\"SearchAction\",\"target\":{\"@type\":\"EntryPoint\",\"urlTemplate\":\"https:\/\/everybrainmatters.org\/es\/?s={search_term_string}\"},\"query-input\":{\"@type\":\"PropertyValueSpecification\",\"valueRequired\":true,\"valueName\":\"search_term_string\"}}],\"inLanguage\":\"es-ES\"},{\"@type\":\"Organization\",\"@id\":\"https:\/\/everybrainmatters.org\/es\/#organization\",\"name\":\"Every Brain Matters\",\"url\":\"https:\/\/everybrainmatters.org\/es\/\",\"logo\":{\"@type\":\"ImageObject\",\"inLanguage\":\"es-ES\",\"@id\":\"https:\/\/everybrainmatters.org\/es\/#\/schema\/logo\/image\/\",\"url\":\"https:\/\/everybrainmatters.org\/wp-content\/uploads\/AllBrains_3.jpg\",\"contentUrl\":\"https:\/\/everybrainmatters.org\/wp-content\/uploads\/AllBrains_3.jpg\",\"width\":1000,\"height\":1087,\"caption\":\"Every Brain Matters\"},\"image\":{\"@id\":\"https:\/\/everybrainmatters.org\/es\/#\/schema\/logo\/image\/\"}}]}<\/script>\n<!-- \/ Yoast SEO plugin. -->","yoast_head_json":{"title":"La marihuana y el trastorno de estr\u00e9s postraum\u00e1tico (TEPT) - Every Brain Matters","robots":{"index":"index","follow":"follow","max-snippet":"max-snippet:-1","max-image-preview":"max-image-preview:large","max-video-preview":"max-video-preview:-1"},"canonical":"https:\/\/everybrainmatters.org\/es\/la-marihuana-y-el-trastorno-de-estres-postraumatico-tept\/","og_locale":"es_ES","og_type":"article","og_title":"La marihuana y el trastorno de estr\u00e9s postraum\u00e1tico (TEPT) - Every Brain Matters","og_description":"Abuso de marihuana y TEPT American Addiction Centers 2022 9 de noviembre Aunque el TEPT lo desencadena un acontecimiento traum\u00e1tico,...","og_url":"https:\/\/everybrainmatters.org\/es\/la-marihuana-y-el-trastorno-de-estres-postraumatico-tept\/","og_site_name":"Every Brain Matters","article_modified_time":"2025-10-21T13:55:33+00:00","og_image":[{"width":1000,"height":1087,"url":"https:\/\/everybrainmatters.org\/wp-content\/uploads\/AllBrains_3.jpg","type":"image\/jpeg"}],"twitter_card":"summary_large_image","twitter_misc":{"Est. reading time":"3 minutos"},"schema":{"@context":"https:\/\/schema.org","@graph":[{"@type":"WebPage","@id":"https:\/\/everybrainmatters.org\/es\/la-marihuana-y-el-trastorno-de-estres-postraumatico-tept\/","url":"https:\/\/everybrainmatters.org\/es\/la-marihuana-y-el-trastorno-de-estres-postraumatico-tept\/","name":"La marihuana y el trastorno de estr\u00e9s postraum\u00e1tico (TEPT) - Every Brain Matters","isPartOf":{"@id":"https:\/\/everybrainmatters.org\/es\/#website"},"datePublished":"2020-11-19T16:36:31+00:00","dateModified":"2025-10-21T13:55:33+00:00","breadcrumb":{"@id":"https:\/\/everybrainmatters.org\/es\/la-marihuana-y-el-trastorno-de-estres-postraumatico-tept\/#breadcrumb"},"inLanguage":"es-ES","potentialAction":[{"@type":"ReadAction","target":["https:\/\/everybrainmatters.org\/es\/la-marihuana-y-el-trastorno-de-estres-postraumatico-tept\/"]}]},{"@type":"BreadcrumbList","@id":"https:\/\/everybrainmatters.org\/es\/la-marihuana-y-el-trastorno-de-estres-postraumatico-tept\/#breadcrumb","itemListElement":[{"@type":"ListItem","position":1,"name":"Home","item":"https:\/\/everybrainmatters.org\/es\/"},{"@type":"ListItem","position":2,"name":"La marihuana y el trastorno de estr\u00e9s postraum\u00e1tico (TEPT)"}]},{"@type":"WebSite","@id":"https:\/\/everybrainmatters.org\/es\/#website","url":"https:\/\/everybrainmatters.org\/es\/","name":"Every Brain Matters","description":"","publisher":{"@id":"https:\/\/everybrainmatters.org\/es\/#organization"},"potentialAction":[{"@type":"SearchAction","target":{"@type":"EntryPoint","urlTemplate":"https:\/\/everybrainmatters.org\/es\/?s={search_term_string}"},"query-input":{"@type":"PropertyValueSpecification","valueRequired":true,"valueName":"search_term_string"}}],"inLanguage":"es-ES"},{"@type":"Organization","@id":"https:\/\/everybrainmatters.org\/es\/#organization","name":"Every Brain Matters","url":"https:\/\/everybrainmatters.org\/es\/","logo":{"@type":"ImageObject","inLanguage":"es-ES","@id":"https:\/\/everybrainmatters.org\/es\/#\/schema\/logo\/image\/","url":"https:\/\/everybrainmatters.org\/wp-content\/uploads\/AllBrains_3.jpg","contentUrl":"https:\/\/everybrainmatters.org\/wp-content\/uploads\/AllBrains_3.jpg","width":1000,"height":1087,"caption":"Every Brain Matters"},"image":{"@id":"https:\/\/everybrainmatters.org\/es\/#\/schema\/logo\/image\/"}}]}},"_links":{"self":[{"href":"https:\/\/everybrainmatters.org\/es\/wp-json\/wp\/v2\/pages\/46407","targetHints":{"allow":["GET"]}}],"collection":[{"href":"https:\/\/everybrainmatters.org\/es\/wp-json\/wp\/v2\/pages"}],"about":[{"href":"https:\/\/everybrainmatters.org\/es\/wp-json\/wp\/v2\/types\/page"}],"author":[{"embeddable":true,"href":"https:\/\/everybrainmatters.org\/es\/wp-json\/wp\/v2\/users\/11"}],"replies":[{"embeddable":true,"href":"https:\/\/everybrainmatters.org\/es\/wp-json\/wp\/v2\/comments?post=46407"}],"version-history":[{"count":0,"href":"https:\/\/everybrainmatters.org\/es\/wp-json\/wp\/v2\/pages\/46407\/revisions"}],"wp:attachment":[{"href":"https:\/\/everybrainmatters.org\/es\/wp-json\/wp\/v2\/media?parent=46407"}],"curies":[{"name":"wp","href":"https:\/\/api.w.org\/{rel}","templated":true}]}}