{"id":46588,"date":"2020-10-27T14:01:21","date_gmt":"2020-10-27T19:01:21","guid":{"rendered":"https:\/\/everybrainmatters.org\/memorial\/"},"modified":"2025-10-21T08:57:07","modified_gmt":"2025-10-21T13:57:07","slug":"memorial","status":"publish","type":"page","link":"https:\/\/everybrainmatters.org\/es\/memorial\/","title":{"rendered":"Memorial"},"content":{"rendered":"\n<p class=\"has-text-align-center has-large-font-size\"><strong>Memorial<\/strong><\/p>\n\n<p class=\"has-text-align-center\"><strong>Siempre Amado, Siempre Recordado, Nunca Olvidado<\/strong><\/p>\n\n<p class=\"has-text-align-center\">Adicci\u00f3n\/sobredosis<\/p>\n\n<div class=\"wp-block-group py-5 is-style-width-full has-blue-color has-green-background-color has-text-color has-background\"><div class=\"wp-block-group__inner-container is-layout-flow wp-block-group-is-layout-flow\">\n<div class=\"wp-block-columns is-layout-flex wp-container-core-columns-is-layout-9d6595d7 wp-block-columns-is-layout-flex\">\n<div class=\"wp-block-column align-self-center is-layout-flow wp-block-column-is-layout-flow\" style=\"flex-basis:58%\">\n<h2 class=\"wp-block-heading\">Trevor Leopold<\/h2>\n\n\n\n<p class=\"has-medium-font-size\">30\/01 a 17\/11\/2019<\/p>\n\n\n\n<p>Trevor London Leopold era un ser humano cari\u00f1oso con un coraz\u00f3n enorme que compart\u00eda de buen grado con tantos otros. Desde muy peque\u00f1o, Trevor fue un amante de los animales. Su primera palabra fue \u00abpato\u00bb y su primer amigo, \u00abGoodgirl\u00bb, su perro negro, Kirby. Trevor tuvo un zoo de animales en su habitaci\u00f3n durante toda su infancia, entre ellos cobayas, ratas y ranas criadas a partir de renacuajos. Durante toda su vida, Trevor tambi\u00e9n tuvo un v\u00ednculo especial con las cabras. Su apodo, \u00abChico Cabra\u00bb, se consolid\u00f3 primero en el zoo de San Francisco y luego en la feria del condado de Marin, donde pasaba mucho tiempo acariciando a las cabras. Un consejero nativo americano de Utah, que desconoc\u00eda el apodo de Trevor, le otorg\u00f3 la \u00abCabra de la Monta\u00f1a\u00bb como animal t\u00f3tem en una ceremonia de animales espirituales, bas\u00e1ndose en su resistencia y en su capacidad para escalar una monta\u00f1a con seguridad. Esto consolid\u00f3 a Trevor como el \u00abChico Cabra\u00bb para siempre.       <\/p>\n\n\n\n<p><br\/>Era un \u00e1vido coleccionista de rocas, detective de la naturaleza e incluso observador de aves certificado por Audubon Junior, capaz de identificar m\u00e1s de 150 aves locales. Trevor fue Gu\u00eda Indio, Lobato y Boy Scout, jug\u00f3 a la liga infantil y toda su vida fue un \u00e1vido esquiador y m\u00e1s tarde snowboarder, sobre todo con su hermano y su padre, desafiando las tormentas de nieve m\u00e1s salvajes y las pistas m\u00e1s empinadas.<br\/>A Trevor le gustaba pescar junto con su hermano Parker, tanto que la familia iba a pescar en muchas de sus vacaciones familiares. <\/p>\n\n\n\n<p><br\/>Trevor tuvo la suerte de aprovechar los viajes que implicaba su segundo nombre, \u00abLondres\u00bb, y tuvo la suerte de compartir muchas vacaciones familiares en lugares incre\u00edbles, como Hawai, M\u00e9xico, Costa Rica, Belice, Puerto Rico, muchos lugares de EE.UU. y, m\u00e1s recientemente, a Par\u00eds e Italia meses antes de morir. Una de las vacaciones favoritas de la familia era hacer senderismo por los Estrechos de Zion<br\/>La mayor pasi\u00f3n de Trevor era el monopat\u00edn, como demuestran su vestuario skater, sus gorras y sus sudaderas con capucha. <\/p>\n\n\n\n<p><br\/>A Trevor le encantaba jugar a los dados, a los juegos de mesa y a las cartas con su familia, y apreciaba el tiempo que pasaba con sus amigos, y le encantaba estar con sus primos, t\u00edos y abuelos. Sin embargo, el ser humano favorito de Trevor de todos los tiempos era su hermano Parker, que pod\u00eda ser al mismo tiempo su peor enemigo o su mejor amigo. Toda la familia est\u00e1 de acuerdo en que Trevor siempre se apresuraba a decir Te quiero y daba abrazos grandes y verdaderos.  <\/p>\n\n\n\n<p><br\/>Trevor fue aceptado en cuatro universidades estatales de California y entr\u00f3 en Sonoma State en oto\u00f1o de 2019 como estudiante de primer a\u00f1o. Trevor estaba trabajando activamente para aceptar ayuda y poner cimientos y apoyos en su vida que le permitieran avanzar por un camino m\u00e1s elevado. Todas las maravillosas bendiciones que ten\u00eda: talento, amistades, visi\u00f3n positiva de la vida y, lo m\u00e1s importante, familia, quedaron al margen por su decisi\u00f3n de tomar una droga que acab\u00f3 con su vida de repente. Siempre echaremos de menos a Trevor y siempre estar\u00e1 en nuestros corazones.   <\/p>\n\n\n\n<p>#TrevorIsEverywhere<\/p>\n\n\n\n<div class=\"wp-block-buttons mt-4 is-layout-flex wp-block-buttons-is-layout-flex\">\n<div class=\"wp-block-button\"><a class=\"wp-block-button__link has-white-color has-blue-background-color has-text-color has-background\" href=\"https:\/\/everybrainmatters.org\/2021\/06\/23\/marijuana-to-fentanyl-my-son-is-more-than-a-statistic\/\">Lee la historia de Trevor<\/a><\/div>\n\n\n\n<div class=\"wp-block-button\"><a class=\"wp-block-button__link has-white-color has-blue-background-color has-text-color has-background\">Lee la carta de Trevor<\/a><\/div>\n<\/div>\n<\/div>\n\n\n\n<div class=\"wp-block-column is-layout-flow wp-block-column-is-layout-flow\" style=\"flex-basis:42%\">\n<figure class=\"wp-block-image size-large\"><img loading=\"lazy\" decoding=\"async\" width=\"1024\" height=\"683\" src=\"https:\/\/everybrainmatters.org\/wp-content\/uploads\/trevor-089-1-1024x683.jpg\" alt=\"\" class=\"wp-image-20299\" srcset=\"https:\/\/everybrainmatters.org\/wp-content\/uploads\/trevor-089-1-1024x683.jpg 1024w, https:\/\/everybrainmatters.org\/wp-content\/uploads\/trevor-089-1-300x200.jpg 300w, https:\/\/everybrainmatters.org\/wp-content\/uploads\/trevor-089-1-768x512.jpg 768w, https:\/\/everybrainmatters.org\/wp-content\/uploads\/trevor-089-1-1536x1024.jpg 1536w, https:\/\/everybrainmatters.org\/wp-content\/uploads\/trevor-089-1-2048x1365.jpg 2048w, https:\/\/everybrainmatters.org\/wp-content\/uploads\/trevor-089-1-600x400.jpg 600w\" sizes=\"auto, (max-width: 1024px) 100vw, 1024px\" \/><\/figure>\n<\/div>\n<\/div>\n<\/div><\/div>\n\n<div class=\"wp-block-group is-style-width-full py-5 personblock has-yellow-background-color has-background\"><div class=\"wp-block-group__inner-container is-layout-flow wp-block-group-is-layout-flow\">\n<div class=\"wp-block-media-text alignwide is-stacked-on-mobile\"><figure class=\"wp-block-media-text__media\"><img loading=\"lazy\" decoding=\"async\" width=\"637\" height=\"1024\" src=\"https:\/\/everybrainmatters.org\/wp-content\/uploads\/0512CFFB-C52E-4695-9DE6-DE11695D39DD-637x1024.jpeg\" alt=\"\" class=\"wp-image-20461 size-full\" srcset=\"https:\/\/everybrainmatters.org\/wp-content\/uploads\/0512CFFB-C52E-4695-9DE6-DE11695D39DD-637x1024.jpeg 637w, https:\/\/everybrainmatters.org\/wp-content\/uploads\/0512CFFB-C52E-4695-9DE6-DE11695D39DD-187x300.jpeg 187w, https:\/\/everybrainmatters.org\/wp-content\/uploads\/0512CFFB-C52E-4695-9DE6-DE11695D39DD-768x1235.jpeg 768w, https:\/\/everybrainmatters.org\/wp-content\/uploads\/0512CFFB-C52E-4695-9DE6-DE11695D39DD-955x1536.jpeg 955w, https:\/\/everybrainmatters.org\/wp-content\/uploads\/0512CFFB-C52E-4695-9DE6-DE11695D39DD-1273x2048.jpeg 1273w, https:\/\/everybrainmatters.org\/wp-content\/uploads\/0512CFFB-C52E-4695-9DE6-DE11695D39DD-600x965.jpeg 600w, https:\/\/everybrainmatters.org\/wp-content\/uploads\/0512CFFB-C52E-4695-9DE6-DE11695D39DD-scaled.jpeg 1592w\" sizes=\"auto, (max-width: 637px) 100vw, 637px\" \/><\/figure><div class=\"wp-block-media-text__content\">\n<h4 class=\"wp-block-heading\">Matt Klosowski<\/h4>\n\n\n\n<p class=\"has-medium-font-size\">30\/7\/1977 a 01\/03\/2015<\/p>\n\n\n\n<p>Matt era un hombre incre\u00edble y cari\u00f1oso. Era mec\u00e1nico y sufri\u00f3 una lesi\u00f3n de espalda que requiri\u00f3 cirug\u00eda. Le administraron grandes cantidades de opi\u00e1ceos y se hizo adicto. No exist\u00eda un tratamiento integral y, por mucho que se esforzara en vencer su enfermedad, no dispon\u00eda de la ayuda que necesitaba.     <\/p>\n\n\n\n<p>\u00bfHas conocido alguna vez a un chico cuya sonrisa iluminara una habitaci\u00f3n? Que te hiciera sentir como si hubieras encontrado a un amigo perdido hace tiempo. Ese tipo que te dar\u00eda la camiseta de su espalda. Ese tipo que llevar\u00eda a casa a cualquier perro callejero y lo convertir\u00eda en un miembro m\u00e1s de la familia.     <\/p>\n\n\n\n<p>Ese era mi hijo, Matt. Ten\u00eda esa personalidad despreocupada que atra\u00eda a la gente y la enamoraba. Por desgracia para Matt, nunca se quiso lo suficiente a s\u00ed mismo.  <\/p>\n\n\n\n<p>Matt experiment\u00f3 con la marihuana en el instituto. Le encantaba ese coloc\u00f3n. Acab\u00f3 en su primera rehabilitaci\u00f3n mientras estaba en el instituto. Pas\u00f3 30 d\u00edas ingresado en NewPort News, Virginia. Tontamente pens\u00e9 que hab\u00edamos vencido a su enfermedad.      <\/p>\n\n\n\n<p>Matt se convirti\u00f3 en un excelente mec\u00e1nico. Se mud\u00f3 a la playa, compr\u00f3 una casa y abri\u00f3 su negocio. Su vida adulta parec\u00eda libre de drogas. Era un adulto. Ten\u00eda \u00e9xito. Respir\u00e9 hondo y empec\u00e9 a relajarme. Matt amaba la vida y la estaba viviendo al m\u00e1ximo.        <\/p>\n\n\n\n<p>  Desde la muerte de Matt, he intentado recoger los pedazos de mi vida. Cre\u00e9 un grupo de apoyo para padres que, como yo, han perdido un trozo de su coraz\u00f3n. Empec\u00e9 a escribir cartas a Matt e inici\u00e9 un blog llamado <a href=\"https:\/\/voicesfromtheopioidcrisis.com\/matt-kosowski\/\" target=\"_blank\" rel=\"noreferrer noopener\">Madres con el Coraz\u00f3n Roto<\/a>. Comparto nuestra historia y educo sobre las propiedades adictivas de los opi\u00e1ceos con receta. Cre\u00e9 una p\u00e1gina de FaceBook en su honor. Rompiendo el Estigma de la Adicci\u00f3n: La Historia de Matt, que publica art\u00edculos educativos relacionados con los medicamentos con receta y su potencial de abuso.       <\/p>\n\n\n\n<div class=\"wp-block-buttons is-layout-flex wp-block-buttons-is-layout-flex\">\n<div class=\"wp-block-button\"><a class=\"wp-block-button__link has-white-color has-blue-background-color has-text-color has-background\" href=\"https:\/\/everybrainmatters.org\/2021\/07\/09\/matt-klosowski\/\">Lee m\u00e1s sobre Matt Klosowski aqu\u00ed<\/a><\/div>\n<\/div>\n<\/div><\/div>\n<\/div><\/div>\n\n<div class=\"wp-block-group is-style-width-full py-5 personblock has-blue-color has-green-background-color has-text-color has-background\"><div class=\"wp-block-group__inner-container is-layout-flow wp-block-group-is-layout-flow\">\n<div class=\"wp-block-media-text alignwide is-stacked-on-mobile\"><figure class=\"wp-block-media-text__media\"><img loading=\"lazy\" decoding=\"async\" width=\"750\" height=\"1024\" src=\"https:\/\/everybrainmatters.org\/wp-content\/uploads\/Dean-Gray-750x1024.jpeg\" alt=\"\" class=\"wp-image-24195 size-full\" srcset=\"https:\/\/everybrainmatters.org\/wp-content\/uploads\/Dean-Gray-750x1024.jpeg 750w, https:\/\/everybrainmatters.org\/wp-content\/uploads\/Dean-Gray-220x300.jpeg 220w, https:\/\/everybrainmatters.org\/wp-content\/uploads\/Dean-Gray-768x1049.jpeg 768w, https:\/\/everybrainmatters.org\/wp-content\/uploads\/Dean-Gray-1124x1536.jpeg 1124w, https:\/\/everybrainmatters.org\/wp-content\/uploads\/Dean-Gray-600x820.jpeg 600w, https:\/\/everybrainmatters.org\/wp-content\/uploads\/Dean-Gray.jpeg 1284w\" sizes=\"auto, (max-width: 750px) 100vw, 750px\" \/><\/figure><div class=\"wp-block-media-text__content\">\n<h4 class=\"wp-block-heading\">Dean Gray<\/h4>\n\n\n\n<p class=\"has-medium-font-size\">del 08\/11\/1994 al 08\/10\/2019<\/p>\n\n\n\n<p>Dean era un chico con talento, creativo, divertido, encantador y amable. Era un \u00abalma vieja\u00bb en forma joven. Amaba profundamente la m\u00fasica, a los Eagles, a su gata Jinxy y a su familia.  <\/p>\n\n\n\n<p>Dean empez\u00f3 a fumar marihuana a los 14 a\u00f1os porque le gustaba una chica y ella le meti\u00f3 en ello. Fue m\u00e1s o menos una lucha para salvarlo de s\u00ed mismo y mantenerlo con vida durante los 10 a\u00f1os siguientes. Muri\u00f3 envenenado con fentanilo por una pastilla falsa a los 24 a\u00f1os.  <\/p>\n\n\n\n<p><\/p>\n\n\n\n<p><\/p>\n\n\n\n<p><\/p>\n\n\n\n<p>\u00a0<\/p>\n\n\n\n<div class=\"wp-block-buttons is-layout-flex wp-block-buttons-is-layout-flex\"><\/div>\n<\/div><\/div>\n<\/div><\/div>\n\n<div class=\"wp-block-group is-style-width-full py-5 personblock has-blue-color has-yellow-background-color has-text-color has-background\"><div class=\"wp-block-group__inner-container is-layout-flow wp-block-group-is-layout-flow\">\n<div class=\"wp-block-media-text alignwide is-stacked-on-mobile\"><figure class=\"wp-block-media-text__media\"><video controls src=\"https:\/\/everybrainmatters.org\/wp-content\/uploads\/084EA98F-1703-4AA7-8509-8FECB3ED8206.mov\"><\/video><\/figure><div class=\"wp-block-media-text__content\">\n<h4 class=\"wp-block-heading\">Tyler Joseph Shamash<\/h4>\n\n\n\n<p class=\"has-medium-font-size\">03\/07\/1999 a 21\/10\/2018<\/p>\n\n\n\n<p>Pulsa play para o\u00edr y ver a Tyler hablando con su madre.  <\/p>\n\n\n\n<p>Tyler era extremadamente brillante, pod\u00eda piratear cualquier ordenador, constru\u00eda ordenadores y pod\u00eda arreglar cualquier cosa. Era extremadamente curioso, servicial y amable. A veces, demasiado amable y generoso, y otros ni\u00f1os a veces se aprovechaban de ello. Empezaba todas las llamadas telef\u00f3nicas diciendo \u00abHola mam\u00e1, soy yo, Tyler\u00bb, como si yo no supiera de qui\u00e9n se trataba. Terminaba cada conversaci\u00f3n dici\u00e9ndome que me quer\u00eda. Tyler siempre ca\u00eda bien a la gente, sobre todo a los adultos, incluso cuando era muy peque\u00f1o. Hablaba mucho y los adultos siempre se quedaban impresionados por sus incre\u00edbles conocimientos sobre diversos temas. Hablaba frases completas a los 18 meses y era peque\u00f1o para su edad, por lo que parec\u00eda m\u00e1s joven de lo que era. Cuando era m\u00e1s joven ten\u00eda un precioso tono de pelo rojizo. Siempre perdonaba a sus amigos cuando le hac\u00edan da\u00f1o. Ten\u00eda Asperger muy leve y TDAH grave. Odiaba absolutamente la estructura de la escuela, pero si algo le interesaba lo investigaba por su cuenta y lo averiguaba todo sobre ello, igual que hac\u00eda con la marihuana. Conoc\u00eda todas las variedades, c\u00f3mo cultivarlas y cu\u00e1l era el mejor bong. En cuanto cumpli\u00f3 18 a\u00f1os, se hizo su primer tatuaje, que era el logotipo de la cachimba Iladelph. A menudo se met\u00eda en problemas en las comunidades de vida sobria, no por consumir drogas, sino por no poder prestar atenci\u00f3n en las reuniones debido a su TDAH. No le dejaban tomar Adderall porque es una sustancia controlada. Ojal\u00e1 hubiera luchado m\u00e1s para que pudiera tomarlo. Le iba muy bien cuando muri\u00f3. Hab\u00eda conseguido su primer trabajo a tiempo completo y parec\u00eda muy feliz. Por desgracia, se meti\u00f3 \u00e9l mismo en un lugar de tratamiento y utiliz\u00f3 el dinero que consigui\u00f3 para comprar las drogas por las que muri\u00f3.                   <\/p>\n\n\n\n<p>Tyler siempre tuvo mucha curiosidad por saber qu\u00e9 era la cruz verde y cuando se enter\u00f3, alrededor de los 9 a\u00f1os, por curiosidad, quiso entrar en un dispensario. Empez\u00f3 a fumar hierba cuando ten\u00eda unos 12 o 13 a\u00f1os y yo no pens\u00e9 que fuera para tanto, ya que crec\u00ed fumando hierba durante todo el instituto y la universidad. No me di cuenta de que la hierba de hoy en d\u00eda es mucho m\u00e1s fuerte y afecta a los cerebros en desarrollo. La utilizaba para automedicarse por una ansiedad muy fuerte y pronto no fue suficiente, as\u00ed que empez\u00f3 a hacer dabbing en casa utilizando mi secador de pelo para calentarlo. Eso le llev\u00f3 a consumir antitus\u00edgenos con prometazina y code\u00edna mezclados con sosa. Cuando ten\u00eda unos 16 a\u00f1os, hicimos que lo llevaran a un programa de vida salvaje en Idaho, y luego a un internado terap\u00e9utico en Utah durante m\u00e1s de un a\u00f1o y a numerosas desintoxicaciones, lugares de tratamiento y residencias sobrias. Entonces, dos chicas que le gustaban le iniciaron en el consumo de hero\u00edna. Siempre dec\u00eda que no necesitaba las otras drogas, pero que fumar\u00eda marihuana hasta el d\u00eda de su muerte. A los 19 a\u00f1os, muri\u00f3 en el ba\u00f1o de un centro de vida sobria por una sobredosis de fentanilo.          <\/p>\n\n\n\n<div class=\"wp-block-buttons is-layout-flex wp-block-buttons-is-layout-flex\">\n<div class=\"wp-block-button\"><a class=\"wp-block-button__link has-blue-background-color has-background\" href=\"https:\/\/everybrainmatters.org\/2022\/04\/06\/almost-all-opioid-users-started-with-marijuana\/\">M\u00e1s informaci\u00f3n sobre Tyler<\/a><\/div>\n<\/div>\n<\/div><\/div>\n<\/div><\/div>\n\n<div class=\"wp-block-columns is-layout-flex wp-container-core-columns-is-layout-9d6595d7 wp-block-columns-is-layout-flex\">\n<div class=\"wp-block-column is-layout-flow wp-block-column-is-layout-flow\"><\/div>\n\n\n\n<div class=\"wp-block-column is-layout-flow wp-block-column-is-layout-flow\"><\/div>\n<\/div>\n","protected":false},"excerpt":{"rendered":"<p>Memorial Siempre Amado, Siempre Recordado, Nunca Olvidado Adicci\u00f3n\/sobredosis Trevor Leopold 30\/01 a 17\/11\/2019 Trevor London Leopold era un ser humano&#8230;<\/p>\n","protected":false},"author":11,"featured_media":0,"parent":0,"menu_order":0,"comment_status":"closed","ping_status":"closed","template":"page-fullwidth.php","meta":{"_acf_changed":false,"_editorskit_title_hidden":false,"_editorskit_reading_time":0,"_editorskit_is_block_options_detached":false,"_editorskit_block_options_position":"{}","footnotes":""},"class_list":["post-46588","page","type-page","status-publish","hentry"],"acf":[],"yoast_head":"<!-- This site is optimized with the Yoast SEO plugin v26.1.1 - https:\/\/yoast.com\/wordpress\/plugins\/seo\/ -->\n<title>Memorial - Every Brain Matters<\/title>\n<meta name=\"robots\" content=\"index, follow, max-snippet:-1, max-image-preview:large, max-video-preview:-1\" \/>\n<link rel=\"canonical\" href=\"https:\/\/everybrainmatters.org\/es\/memorial\/\" \/>\n<meta property=\"og:locale\" content=\"es_ES\" \/>\n<meta property=\"og:type\" content=\"article\" \/>\n<meta property=\"og:title\" content=\"Memorial - Every Brain Matters\" \/>\n<meta property=\"og:description\" content=\"Memorial Siempre Amado, Siempre Recordado, Nunca Olvidado Adicci\u00f3n\/sobredosis Trevor Leopold 30\/01 a 17\/11\/2019 Trevor London Leopold era un ser humano...\" \/>\n<meta property=\"og:url\" content=\"https:\/\/everybrainmatters.org\/es\/memorial\/\" \/>\n<meta property=\"og:site_name\" content=\"Every Brain Matters\" \/>\n<meta property=\"article:modified_time\" content=\"2025-10-21T13:57:07+00:00\" \/>\n<meta property=\"og:image\" content=\"https:\/\/everybrainmatters.org\/wp-content\/uploads\/trevor-089-1-scaled.jpg\" \/>\n\t<meta property=\"og:image:width\" content=\"2560\" \/>\n\t<meta property=\"og:image:height\" content=\"1707\" \/>\n\t<meta property=\"og:image:type\" content=\"image\/jpeg\" \/>\n<meta name=\"twitter:card\" content=\"summary_large_image\" \/>\n<meta name=\"twitter:label1\" content=\"Est. reading time\" \/>\n\t<meta name=\"twitter:data1\" content=\"8 minutos\" \/>\n<script type=\"application\/ld+json\" class=\"yoast-schema-graph\">{\"@context\":\"https:\/\/schema.org\",\"@graph\":[{\"@type\":\"WebPage\",\"@id\":\"https:\/\/everybrainmatters.org\/es\/memorial\/\",\"url\":\"https:\/\/everybrainmatters.org\/es\/memorial\/\",\"name\":\"Memorial - Every Brain Matters\",\"isPartOf\":{\"@id\":\"https:\/\/everybrainmatters.org\/es\/#website\"},\"primaryImageOfPage\":{\"@id\":\"https:\/\/everybrainmatters.org\/es\/memorial\/#primaryimage\"},\"image\":{\"@id\":\"https:\/\/everybrainmatters.org\/es\/memorial\/#primaryimage\"},\"thumbnailUrl\":\"https:\/\/everybrainmatters.org\/wp-content\/uploads\/trevor-089-1-1024x683.jpg\",\"datePublished\":\"2020-10-27T19:01:21+00:00\",\"dateModified\":\"2025-10-21T13:57:07+00:00\",\"breadcrumb\":{\"@id\":\"https:\/\/everybrainmatters.org\/es\/memorial\/#breadcrumb\"},\"inLanguage\":\"es-ES\",\"potentialAction\":[{\"@type\":\"ReadAction\",\"target\":[\"https:\/\/everybrainmatters.org\/es\/memorial\/\"]}]},{\"@type\":\"ImageObject\",\"inLanguage\":\"es-ES\",\"@id\":\"https:\/\/everybrainmatters.org\/es\/memorial\/#primaryimage\",\"url\":\"https:\/\/everybrainmatters.org\/wp-content\/uploads\/trevor-089-1-1024x683.jpg\",\"contentUrl\":\"https:\/\/everybrainmatters.org\/wp-content\/uploads\/trevor-089-1-1024x683.jpg\"},{\"@type\":\"BreadcrumbList\",\"@id\":\"https:\/\/everybrainmatters.org\/es\/memorial\/#breadcrumb\",\"itemListElement\":[{\"@type\":\"ListItem\",\"position\":1,\"name\":\"Home\",\"item\":\"https:\/\/everybrainmatters.org\/es\/\"},{\"@type\":\"ListItem\",\"position\":2,\"name\":\"Memorial\"}]},{\"@type\":\"WebSite\",\"@id\":\"https:\/\/everybrainmatters.org\/es\/#website\",\"url\":\"https:\/\/everybrainmatters.org\/es\/\",\"name\":\"Every Brain Matters\",\"description\":\"\",\"publisher\":{\"@id\":\"https:\/\/everybrainmatters.org\/es\/#organization\"},\"potentialAction\":[{\"@type\":\"SearchAction\",\"target\":{\"@type\":\"EntryPoint\",\"urlTemplate\":\"https:\/\/everybrainmatters.org\/es\/?s={search_term_string}\"},\"query-input\":{\"@type\":\"PropertyValueSpecification\",\"valueRequired\":true,\"valueName\":\"search_term_string\"}}],\"inLanguage\":\"es-ES\"},{\"@type\":\"Organization\",\"@id\":\"https:\/\/everybrainmatters.org\/es\/#organization\",\"name\":\"Every Brain Matters\",\"url\":\"https:\/\/everybrainmatters.org\/es\/\",\"logo\":{\"@type\":\"ImageObject\",\"inLanguage\":\"es-ES\",\"@id\":\"https:\/\/everybrainmatters.org\/es\/#\/schema\/logo\/image\/\",\"url\":\"https:\/\/everybrainmatters.org\/wp-content\/uploads\/AllBrains_3.jpg\",\"contentUrl\":\"https:\/\/everybrainmatters.org\/wp-content\/uploads\/AllBrains_3.jpg\",\"width\":1000,\"height\":1087,\"caption\":\"Every Brain Matters\"},\"image\":{\"@id\":\"https:\/\/everybrainmatters.org\/es\/#\/schema\/logo\/image\/\"}}]}<\/script>\n<!-- \/ Yoast SEO plugin. -->","yoast_head_json":{"title":"Memorial - Every Brain Matters","robots":{"index":"index","follow":"follow","max-snippet":"max-snippet:-1","max-image-preview":"max-image-preview:large","max-video-preview":"max-video-preview:-1"},"canonical":"https:\/\/everybrainmatters.org\/es\/memorial\/","og_locale":"es_ES","og_type":"article","og_title":"Memorial - Every Brain Matters","og_description":"Memorial Siempre Amado, Siempre Recordado, Nunca Olvidado Adicci\u00f3n\/sobredosis Trevor Leopold 30\/01 a 17\/11\/2019 Trevor London Leopold era un ser humano...","og_url":"https:\/\/everybrainmatters.org\/es\/memorial\/","og_site_name":"Every Brain Matters","article_modified_time":"2025-10-21T13:57:07+00:00","og_image":[{"width":2560,"height":1707,"url":"https:\/\/everybrainmatters.org\/wp-content\/uploads\/trevor-089-1-scaled.jpg","type":"image\/jpeg"}],"twitter_card":"summary_large_image","twitter_misc":{"Est. reading time":"8 minutos"},"schema":{"@context":"https:\/\/schema.org","@graph":[{"@type":"WebPage","@id":"https:\/\/everybrainmatters.org\/es\/memorial\/","url":"https:\/\/everybrainmatters.org\/es\/memorial\/","name":"Memorial - Every Brain Matters","isPartOf":{"@id":"https:\/\/everybrainmatters.org\/es\/#website"},"primaryImageOfPage":{"@id":"https:\/\/everybrainmatters.org\/es\/memorial\/#primaryimage"},"image":{"@id":"https:\/\/everybrainmatters.org\/es\/memorial\/#primaryimage"},"thumbnailUrl":"https:\/\/everybrainmatters.org\/wp-content\/uploads\/trevor-089-1-1024x683.jpg","datePublished":"2020-10-27T19:01:21+00:00","dateModified":"2025-10-21T13:57:07+00:00","breadcrumb":{"@id":"https:\/\/everybrainmatters.org\/es\/memorial\/#breadcrumb"},"inLanguage":"es-ES","potentialAction":[{"@type":"ReadAction","target":["https:\/\/everybrainmatters.org\/es\/memorial\/"]}]},{"@type":"ImageObject","inLanguage":"es-ES","@id":"https:\/\/everybrainmatters.org\/es\/memorial\/#primaryimage","url":"https:\/\/everybrainmatters.org\/wp-content\/uploads\/trevor-089-1-1024x683.jpg","contentUrl":"https:\/\/everybrainmatters.org\/wp-content\/uploads\/trevor-089-1-1024x683.jpg"},{"@type":"BreadcrumbList","@id":"https:\/\/everybrainmatters.org\/es\/memorial\/#breadcrumb","itemListElement":[{"@type":"ListItem","position":1,"name":"Home","item":"https:\/\/everybrainmatters.org\/es\/"},{"@type":"ListItem","position":2,"name":"Memorial"}]},{"@type":"WebSite","@id":"https:\/\/everybrainmatters.org\/es\/#website","url":"https:\/\/everybrainmatters.org\/es\/","name":"Every Brain Matters","description":"","publisher":{"@id":"https:\/\/everybrainmatters.org\/es\/#organization"},"potentialAction":[{"@type":"SearchAction","target":{"@type":"EntryPoint","urlTemplate":"https:\/\/everybrainmatters.org\/es\/?s={search_term_string}"},"query-input":{"@type":"PropertyValueSpecification","valueRequired":true,"valueName":"search_term_string"}}],"inLanguage":"es-ES"},{"@type":"Organization","@id":"https:\/\/everybrainmatters.org\/es\/#organization","name":"Every Brain Matters","url":"https:\/\/everybrainmatters.org\/es\/","logo":{"@type":"ImageObject","inLanguage":"es-ES","@id":"https:\/\/everybrainmatters.org\/es\/#\/schema\/logo\/image\/","url":"https:\/\/everybrainmatters.org\/wp-content\/uploads\/AllBrains_3.jpg","contentUrl":"https:\/\/everybrainmatters.org\/wp-content\/uploads\/AllBrains_3.jpg","width":1000,"height":1087,"caption":"Every Brain Matters"},"image":{"@id":"https:\/\/everybrainmatters.org\/es\/#\/schema\/logo\/image\/"}}]}},"_links":{"self":[{"href":"https:\/\/everybrainmatters.org\/es\/wp-json\/wp\/v2\/pages\/46588","targetHints":{"allow":["GET"]}}],"collection":[{"href":"https:\/\/everybrainmatters.org\/es\/wp-json\/wp\/v2\/pages"}],"about":[{"href":"https:\/\/everybrainmatters.org\/es\/wp-json\/wp\/v2\/types\/page"}],"author":[{"embeddable":true,"href":"https:\/\/everybrainmatters.org\/es\/wp-json\/wp\/v2\/users\/11"}],"replies":[{"embeddable":true,"href":"https:\/\/everybrainmatters.org\/es\/wp-json\/wp\/v2\/comments?post=46588"}],"version-history":[{"count":0,"href":"https:\/\/everybrainmatters.org\/es\/wp-json\/wp\/v2\/pages\/46588\/revisions"}],"wp:attachment":[{"href":"https:\/\/everybrainmatters.org\/es\/wp-json\/wp\/v2\/media?parent=46588"}],"curies":[{"name":"wp","href":"https:\/\/api.w.org\/{rel}","templated":true}]}}