{"id":46595,"date":"2020-10-27T14:00:18","date_gmt":"2020-10-27T19:00:18","guid":{"rendered":"https:\/\/everybrainmatters.org\/memorial-3\/"},"modified":"2025-10-21T08:57:09","modified_gmt":"2025-10-21T13:57:09","slug":"memorial-3","status":"publish","type":"page","link":"https:\/\/everybrainmatters.org\/es\/memorial-3\/","title":{"rendered":"Memorial"},"content":{"rendered":"\n<p>Honrar y recordar a los fallecidos por conducir bajo los efectos del alcohol<\/p>\n\n<p><\/p>\n\n<div class=\"wp-block-group py-5 is-style-width-full has-yellow-background-color has-background\"><div class=\"wp-block-group__inner-container is-layout-flow wp-block-group-is-layout-flow\">\n<div class=\"wp-block-columns is-layout-flex wp-container-core-columns-is-layout-9d6595d7 wp-block-columns-is-layout-flex\">\n<div class=\"wp-block-column align-self-center is-layout-flow wp-block-column-is-layout-flow\" style=\"flex-basis:58%\">\n<h2 class=\"wp-block-heading\"><a href=\"https:\/\/everybrainmatters.org\/2022\/07\/17\/the-deadly-consequences-of-marijuana-use\/\">Stephen C. Smith<\/a><\/h2>\n\n\n\n<p>25 de diciembre de 1978 &#8211; 14 de febrero de 1996<\/p>\n\n\n\n<p class=\"has-medium-font-size\">Sabemos de muchas familias da\u00f1adas permanentemente por el consumo de marihuana. Nos ha sido imposible no hacer nada para evitar tal devastaci\u00f3n. Creo que si el p\u00fablico se sentara en nuestros tribunales y escuchara cu\u00e1ntas vidas se ven afectadas negativamente por el consumo de drogas, nuestro pa\u00eds no estar\u00eda persiguiendo leyes m\u00e1s liberales sobre el consumo de marihuana. No se puede devolver una vida perdida.   <\/p>\n\n\n\n<p>Illona Mager, madre de Stephen<\/p>\n\n\n\n<div class=\"wp-block-buttons mt-4 is-layout-flex wp-block-buttons-is-layout-flex\">\n<div class=\"wp-block-button\"><a class=\"wp-block-button__link has-white-color has-blue-background-color has-text-color has-background\" href=\"https:\/\/everybrainmatters.org\/2022\/07\/17\/the-deadly-consequences-of-marijuana-use\/\">Lee sobre Stephen<\/a><\/div>\n<\/div>\n<\/div>\n\n\n\n<div class=\"wp-block-column is-layout-flow wp-block-column-is-layout-flow\" style=\"flex-basis:42%\">\n<figure class=\"wp-block-image size-large is-resized\"><a href=\"https:\/\/everybrainmatters.org\/2022\/07\/17\/the-deadly-consequences-of-marijuana-use\/\"><img loading=\"lazy\" decoding=\"async\" src=\"https:\/\/everybrainmatters.org\/wp-content\/uploads\/stephen-head-shot.jpg\" alt=\"\" class=\"wp-image-18992\" width=\"179\" height=\"256\" srcset=\"https:\/\/everybrainmatters.org\/wp-content\/uploads\/stephen-head-shot.jpg 714w, https:\/\/everybrainmatters.org\/wp-content\/uploads\/stephen-head-shot-209x300.jpg 209w, https:\/\/everybrainmatters.org\/wp-content\/uploads\/stephen-head-shot-600x861.jpg 600w\" sizes=\"auto, (max-width: 179px) 100vw, 179px\" \/><\/a><figcaption>Dec.25,1978-Feb.14,1996  <\/figcaption><\/figure>\n<\/div>\n<\/div>\n<\/div><\/div>\n\n<p> <\/p>\n","protected":false},"excerpt":{"rendered":"<p>Honrar y recordar a los fallecidos por conducir bajo los efectos del alcohol Stephen C. Smith 25 de diciembre de&#8230;<\/p>\n","protected":false},"author":11,"featured_media":0,"parent":0,"menu_order":0,"comment_status":"closed","ping_status":"closed","template":"page-fullwidth.php","meta":{"_acf_changed":false,"_editorskit_title_hidden":false,"_editorskit_reading_time":0,"_editorskit_is_block_options_detached":false,"_editorskit_block_options_position":"{}","footnotes":""},"class_list":["post-46595","page","type-page","status-publish","hentry"],"acf":[],"yoast_head":"<!-- This site is optimized with the Yoast SEO plugin v26.1.1 - https:\/\/yoast.com\/wordpress\/plugins\/seo\/ -->\n<title>Memorial - Every Brain Matters<\/title>\n<meta name=\"robots\" content=\"index, follow, max-snippet:-1, max-image-preview:large, max-video-preview:-1\" \/>\n<link rel=\"canonical\" href=\"https:\/\/everybrainmatters.org\/es\/memorial-3\/\" \/>\n<meta property=\"og:locale\" content=\"es_ES\" \/>\n<meta property=\"og:type\" content=\"article\" \/>\n<meta property=\"og:title\" content=\"Memorial - Every Brain Matters\" \/>\n<meta property=\"og:description\" content=\"Honrar y recordar a los fallecidos por conducir bajo los efectos del alcohol Stephen C. Smith 25 de diciembre de...\" \/>\n<meta property=\"og:url\" content=\"https:\/\/everybrainmatters.org\/es\/memorial-3\/\" \/>\n<meta property=\"og:site_name\" content=\"Every Brain Matters\" \/>\n<meta property=\"article:modified_time\" content=\"2025-10-21T13:57:09+00:00\" \/>\n<meta property=\"og:image\" content=\"https:\/\/everybrainmatters.org\/wp-content\/uploads\/stephen-head-shot.jpg\" \/>\n\t<meta property=\"og:image:width\" content=\"714\" \/>\n\t<meta property=\"og:image:height\" content=\"1024\" \/>\n\t<meta property=\"og:image:type\" content=\"image\/jpeg\" \/>\n<meta name=\"twitter:card\" content=\"summary_large_image\" \/>\n<meta name=\"twitter:label1\" content=\"Est. reading time\" \/>\n\t<meta name=\"twitter:data1\" content=\"1 minuto\" \/>\n<script type=\"application\/ld+json\" class=\"yoast-schema-graph\">{\"@context\":\"https:\/\/schema.org\",\"@graph\":[{\"@type\":\"WebPage\",\"@id\":\"https:\/\/everybrainmatters.org\/es\/memorial-3\/\",\"url\":\"https:\/\/everybrainmatters.org\/es\/memorial-3\/\",\"name\":\"Memorial - Every Brain Matters\",\"isPartOf\":{\"@id\":\"https:\/\/everybrainmatters.org\/es\/#website\"},\"primaryImageOfPage\":{\"@id\":\"https:\/\/everybrainmatters.org\/es\/memorial-3\/#primaryimage\"},\"image\":{\"@id\":\"https:\/\/everybrainmatters.org\/es\/memorial-3\/#primaryimage\"},\"thumbnailUrl\":\"https:\/\/everybrainmatters.org\/wp-content\/uploads\/stephen-head-shot.jpg\",\"datePublished\":\"2020-10-27T19:00:18+00:00\",\"dateModified\":\"2025-10-21T13:57:09+00:00\",\"breadcrumb\":{\"@id\":\"https:\/\/everybrainmatters.org\/es\/memorial-3\/#breadcrumb\"},\"inLanguage\":\"es-ES\",\"potentialAction\":[{\"@type\":\"ReadAction\",\"target\":[\"https:\/\/everybrainmatters.org\/es\/memorial-3\/\"]}]},{\"@type\":\"ImageObject\",\"inLanguage\":\"es-ES\",\"@id\":\"https:\/\/everybrainmatters.org\/es\/memorial-3\/#primaryimage\",\"url\":\"https:\/\/everybrainmatters.org\/wp-content\/uploads\/stephen-head-shot.jpg\",\"contentUrl\":\"https:\/\/everybrainmatters.org\/wp-content\/uploads\/stephen-head-shot.jpg\"},{\"@type\":\"BreadcrumbList\",\"@id\":\"https:\/\/everybrainmatters.org\/es\/memorial-3\/#breadcrumb\",\"itemListElement\":[{\"@type\":\"ListItem\",\"position\":1,\"name\":\"Home\",\"item\":\"https:\/\/everybrainmatters.org\/es\/\"},{\"@type\":\"ListItem\",\"position\":2,\"name\":\"Memorial\"}]},{\"@type\":\"WebSite\",\"@id\":\"https:\/\/everybrainmatters.org\/es\/#website\",\"url\":\"https:\/\/everybrainmatters.org\/es\/\",\"name\":\"Every Brain Matters\",\"description\":\"\",\"publisher\":{\"@id\":\"https:\/\/everybrainmatters.org\/es\/#organization\"},\"potentialAction\":[{\"@type\":\"SearchAction\",\"target\":{\"@type\":\"EntryPoint\",\"urlTemplate\":\"https:\/\/everybrainmatters.org\/es\/?s={search_term_string}\"},\"query-input\":{\"@type\":\"PropertyValueSpecification\",\"valueRequired\":true,\"valueName\":\"search_term_string\"}}],\"inLanguage\":\"es-ES\"},{\"@type\":\"Organization\",\"@id\":\"https:\/\/everybrainmatters.org\/es\/#organization\",\"name\":\"Every Brain Matters\",\"url\":\"https:\/\/everybrainmatters.org\/es\/\",\"logo\":{\"@type\":\"ImageObject\",\"inLanguage\":\"es-ES\",\"@id\":\"https:\/\/everybrainmatters.org\/es\/#\/schema\/logo\/image\/\",\"url\":\"https:\/\/everybrainmatters.org\/wp-content\/uploads\/AllBrains_3.jpg\",\"contentUrl\":\"https:\/\/everybrainmatters.org\/wp-content\/uploads\/AllBrains_3.jpg\",\"width\":1000,\"height\":1087,\"caption\":\"Every Brain Matters\"},\"image\":{\"@id\":\"https:\/\/everybrainmatters.org\/es\/#\/schema\/logo\/image\/\"}}]}<\/script>\n<!-- \/ Yoast SEO plugin. -->","yoast_head_json":{"title":"Memorial - Every Brain Matters","robots":{"index":"index","follow":"follow","max-snippet":"max-snippet:-1","max-image-preview":"max-image-preview:large","max-video-preview":"max-video-preview:-1"},"canonical":"https:\/\/everybrainmatters.org\/es\/memorial-3\/","og_locale":"es_ES","og_type":"article","og_title":"Memorial - Every Brain Matters","og_description":"Honrar y recordar a los fallecidos por conducir bajo los efectos del alcohol Stephen C. Smith 25 de diciembre de...","og_url":"https:\/\/everybrainmatters.org\/es\/memorial-3\/","og_site_name":"Every Brain Matters","article_modified_time":"2025-10-21T13:57:09+00:00","og_image":[{"width":714,"height":1024,"url":"https:\/\/everybrainmatters.org\/wp-content\/uploads\/stephen-head-shot.jpg","type":"image\/jpeg"}],"twitter_card":"summary_large_image","twitter_misc":{"Est. reading time":"1 minuto"},"schema":{"@context":"https:\/\/schema.org","@graph":[{"@type":"WebPage","@id":"https:\/\/everybrainmatters.org\/es\/memorial-3\/","url":"https:\/\/everybrainmatters.org\/es\/memorial-3\/","name":"Memorial - Every Brain Matters","isPartOf":{"@id":"https:\/\/everybrainmatters.org\/es\/#website"},"primaryImageOfPage":{"@id":"https:\/\/everybrainmatters.org\/es\/memorial-3\/#primaryimage"},"image":{"@id":"https:\/\/everybrainmatters.org\/es\/memorial-3\/#primaryimage"},"thumbnailUrl":"https:\/\/everybrainmatters.org\/wp-content\/uploads\/stephen-head-shot.jpg","datePublished":"2020-10-27T19:00:18+00:00","dateModified":"2025-10-21T13:57:09+00:00","breadcrumb":{"@id":"https:\/\/everybrainmatters.org\/es\/memorial-3\/#breadcrumb"},"inLanguage":"es-ES","potentialAction":[{"@type":"ReadAction","target":["https:\/\/everybrainmatters.org\/es\/memorial-3\/"]}]},{"@type":"ImageObject","inLanguage":"es-ES","@id":"https:\/\/everybrainmatters.org\/es\/memorial-3\/#primaryimage","url":"https:\/\/everybrainmatters.org\/wp-content\/uploads\/stephen-head-shot.jpg","contentUrl":"https:\/\/everybrainmatters.org\/wp-content\/uploads\/stephen-head-shot.jpg"},{"@type":"BreadcrumbList","@id":"https:\/\/everybrainmatters.org\/es\/memorial-3\/#breadcrumb","itemListElement":[{"@type":"ListItem","position":1,"name":"Home","item":"https:\/\/everybrainmatters.org\/es\/"},{"@type":"ListItem","position":2,"name":"Memorial"}]},{"@type":"WebSite","@id":"https:\/\/everybrainmatters.org\/es\/#website","url":"https:\/\/everybrainmatters.org\/es\/","name":"Every Brain Matters","description":"","publisher":{"@id":"https:\/\/everybrainmatters.org\/es\/#organization"},"potentialAction":[{"@type":"SearchAction","target":{"@type":"EntryPoint","urlTemplate":"https:\/\/everybrainmatters.org\/es\/?s={search_term_string}"},"query-input":{"@type":"PropertyValueSpecification","valueRequired":true,"valueName":"search_term_string"}}],"inLanguage":"es-ES"},{"@type":"Organization","@id":"https:\/\/everybrainmatters.org\/es\/#organization","name":"Every Brain Matters","url":"https:\/\/everybrainmatters.org\/es\/","logo":{"@type":"ImageObject","inLanguage":"es-ES","@id":"https:\/\/everybrainmatters.org\/es\/#\/schema\/logo\/image\/","url":"https:\/\/everybrainmatters.org\/wp-content\/uploads\/AllBrains_3.jpg","contentUrl":"https:\/\/everybrainmatters.org\/wp-content\/uploads\/AllBrains_3.jpg","width":1000,"height":1087,"caption":"Every Brain Matters"},"image":{"@id":"https:\/\/everybrainmatters.org\/es\/#\/schema\/logo\/image\/"}}]}},"_links":{"self":[{"href":"https:\/\/everybrainmatters.org\/es\/wp-json\/wp\/v2\/pages\/46595","targetHints":{"allow":["GET"]}}],"collection":[{"href":"https:\/\/everybrainmatters.org\/es\/wp-json\/wp\/v2\/pages"}],"about":[{"href":"https:\/\/everybrainmatters.org\/es\/wp-json\/wp\/v2\/types\/page"}],"author":[{"embeddable":true,"href":"https:\/\/everybrainmatters.org\/es\/wp-json\/wp\/v2\/users\/11"}],"replies":[{"embeddable":true,"href":"https:\/\/everybrainmatters.org\/es\/wp-json\/wp\/v2\/comments?post=46595"}],"version-history":[{"count":0,"href":"https:\/\/everybrainmatters.org\/es\/wp-json\/wp\/v2\/pages\/46595\/revisions"}],"wp:attachment":[{"href":"https:\/\/everybrainmatters.org\/es\/wp-json\/wp\/v2\/media?parent=46595"}],"curies":[{"name":"wp","href":"https:\/\/api.w.org\/{rel}","templated":true}]}}