{"id":46606,"date":"2020-10-20T00:57:51","date_gmt":"2020-10-20T05:57:51","guid":{"rendered":"https:\/\/everybrainmatters.org\/vaping-evali\/"},"modified":"2025-10-21T08:57:12","modified_gmt":"2025-10-21T13:57:12","slug":"vaping-evali","status":"publish","type":"page","link":"https:\/\/everybrainmatters.org\/es\/vaping-evali\/","title":{"rendered":"VAPING\/EVALI"},"content":{"rendered":"\n<p><\/p>\n\n<p class=\"has-text-align-center has-large-font-size\"><strong>Crisis del Vapeo\/EVALI<\/strong><\/p>\n\n<div class=\"wp-block-group py-5 is-style-width-full has-yellow-background-color has-background\"><div class=\"wp-block-group__inner-container is-layout-flow wp-block-group-is-layout-flow\">\n<div class=\"wp-block-columns is-layout-flex wp-container-core-columns-is-layout-9d6595d7 wp-block-columns-is-layout-flex\">\n<div class=\"wp-block-column align-self-center is-layout-flow wp-block-column-is-layout-flow\" style=\"flex-basis:58%\">\n<h2 class=\"wp-block-heading\"><strong>Mi vida se vino abajo de la noche a la ma\u00f1ana\u00bb: C\u00f3mo una mujer del \u00e1rea de Boston estuvo a punto de morir por vapear<\/strong><\/h2>\n\n\n\n<p class=\"has-medium-font-size\">Pero tras dar varias caladas a su vaporizador durante dos noches, tuvo fiebre y un fuerte dolor de cabeza. Finalmente fue hospitalizada y conectada a un respirador artificial en coma inducido. <\/p>\n\n\n\n<div class=\"wp-block-buttons mt-4 is-layout-flex wp-block-buttons-is-layout-flex\">\n<div class=\"wp-block-button\"><a class=\"wp-block-button__link has-white-color has-blue-background-color has-text-color has-background\" href=\"https:\/\/www.bostonglobe.com\/news\/marijuana\/2020\/01\/16\/life-came-crashing-down-overnight-how-one-boston-area-woman-nearly-died-from-vaping\/QY3l2w96GJ2iaUvm9MktzK\/story.html\" target=\"_blank\" rel=\"noreferrer noopener\">Leer el art\u00edculo completo<\/a><\/div>\n<\/div>\n<\/div>\n\n\n\n<div class=\"wp-block-column is-layout-flow wp-block-column-is-layout-flow\" style=\"flex-basis:42%\">\n<figure class=\"wp-block-image size-large\"><img loading=\"lazy\" decoding=\"async\" width=\"1024\" height=\"379\" src=\"https:\/\/everybrainmatters.org\/wp-content\/uploads\/shutterstock_582817297-1024x379.jpg\" alt=\"\" class=\"wp-image-17674\" srcset=\"https:\/\/everybrainmatters.org\/wp-content\/uploads\/shutterstock_582817297-1024x379.jpg 1024w, https:\/\/everybrainmatters.org\/wp-content\/uploads\/shutterstock_582817297-600x222.jpg 600w, https:\/\/everybrainmatters.org\/wp-content\/uploads\/shutterstock_582817297-300x111.jpg 300w, https:\/\/everybrainmatters.org\/wp-content\/uploads\/shutterstock_582817297-768x284.jpg 768w, https:\/\/everybrainmatters.org\/wp-content\/uploads\/shutterstock_582817297-1536x569.jpg 1536w, https:\/\/everybrainmatters.org\/wp-content\/uploads\/shutterstock_582817297.jpg 1702w\" sizes=\"auto, (max-width: 1024px) 100vw, 1024px\" \/><\/figure>\n<\/div>\n<\/div>\n<\/div><\/div>\n\n<div class=\"wp-block-group py-5 is-style-width-full has-blue-color has-green-background-color has-text-color has-background\"><div class=\"wp-block-group__inner-container is-layout-flow wp-block-group-is-layout-flow\">\n<div class=\"wp-block-columns is-layout-flex wp-container-core-columns-is-layout-9d6595d7 wp-block-columns-is-layout-flex\">\n<div class=\"wp-block-column align-self-center is-layout-flow wp-block-column-is-layout-flow\" style=\"flex-basis:58%\">\n<h2 class=\"wp-block-heading\"><strong>Una de cada seis enfermedades pulmonares por vapeo est\u00e1 relacionada con el THC adquirido comercialmente, seg\u00fan datos federales<\/strong><\/h2>\n\n\n\n<p><a href=\"https:\/\/www.cdc.gov\/mmwr\/volumes\/69\/wr\/mm6902e2.htm?s_cid=mm6902e2_w\" target=\"_blank\" rel=\"noreferrer noopener\">Seg\u00fan un nuevo informe federal,<\/a> una sexta parte de los pacientes que desarrollaron lesiones pulmonares tras vapear marihuana obtuvieron el producto en dispensarios legales, lo que, seg\u00fan los Centros para el Control y la Prevenci\u00f3n de Enfermedades, refuerza sus recomendaciones actuales de no utilizar productos para cigarrillos electr\u00f3nicos, o vapeadores, que contengan THC.<\/p>\n\n\n\n<p>El informe de los CDC se basa en 809 pacientes de Illinois, Wisconsin y Utah que facilitaron datos sobre el origen de los productos que contienen THC. Seg\u00fan los CDC, 131, es decir, el 16%, declararon adquirir sus productos \u00fanicamente de fuentes comerciales. La mayor\u00eda, 627, citaron fuentes \u00abinformales\u00bb, como familiares, amigos y vendedores en persona o en l\u00ednea. Cincuenta y uno, o el 6%, citaron ambos tipos de fuentes.   <\/p>\n\n\n\n<p>Los CDC se\u00f1alaron que, incluso en los estados en los que la marihuana recreativa es legal, los consumidores pueden no saber si las tiendas o los dispensarios est\u00e1n realmente autorizados por el estado. En California, seg\u00fan los CDC, la Oficina de Control del Cannabis se incaut\u00f3 de casi 10.000 vaporizadores ilegales de minoristas sin licencia en dos d\u00edas del mes pasado.   <\/p>\n\n\n\n<div class=\"wp-block-buttons mt-4 is-layout-flex wp-block-buttons-is-layout-flex\">\n<div class=\"wp-block-button\"><a class=\"wp-block-button__link has-white-color has-blue-background-color has-text-color has-background\" href=\"https:\/\/www.usatoday.com\/story\/news\/nation\/2020\/01\/14\/vaping-cdc-warning-includes-products-more-legal-marijuana-vendors\/4466681002\/\" target=\"_blank\" rel=\"noreferrer noopener\">Leer el art\u00edculo completo<\/a><\/div>\n<\/div>\n<\/div>\n\n\n\n<div class=\"wp-block-column is-layout-flow wp-block-column-is-layout-flow\" style=\"flex-basis:42%\">\n<figure class=\"wp-block-image size-large\"><img loading=\"lazy\" decoding=\"async\" width=\"500\" height=\"335\" src=\"https:\/\/everybrainmatters.org\/wp-content\/uploads\/shutterstock_468417893.jpg\" alt=\"\" class=\"wp-image-18779\" srcset=\"https:\/\/everybrainmatters.org\/wp-content\/uploads\/shutterstock_468417893.jpg 500w, https:\/\/everybrainmatters.org\/wp-content\/uploads\/shutterstock_468417893-300x201.jpg 300w\" sizes=\"auto, (max-width: 500px) 100vw, 500px\" \/><\/figure>\n<\/div>\n<\/div>\n<\/div><\/div>\n","protected":false},"excerpt":{"rendered":"<p>Crisis del Vapeo\/EVALI Mi vida se vino abajo de la noche a la ma\u00f1ana\u00bb: C\u00f3mo una mujer del \u00e1rea de&#8230;<\/p>\n","protected":false},"author":11,"featured_media":0,"parent":0,"menu_order":0,"comment_status":"closed","ping_status":"closed","template":"page-fullwidth.php","meta":{"_acf_changed":false,"_editorskit_title_hidden":false,"_editorskit_reading_time":0,"_editorskit_is_block_options_detached":false,"_editorskit_block_options_position":"{}","footnotes":""},"class_list":["post-46606","page","type-page","status-publish","hentry"],"acf":[],"yoast_head":"<!-- This site is optimized with the Yoast SEO plugin v26.1.1 - https:\/\/yoast.com\/wordpress\/plugins\/seo\/ -->\n<title>VAPING\/EVALI - Every Brain Matters<\/title>\n<meta name=\"robots\" content=\"index, follow, max-snippet:-1, max-image-preview:large, max-video-preview:-1\" \/>\n<link rel=\"canonical\" href=\"https:\/\/everybrainmatters.org\/es\/vaping-evali\/\" \/>\n<meta property=\"og:locale\" content=\"es_ES\" \/>\n<meta property=\"og:type\" content=\"article\" \/>\n<meta property=\"og:title\" content=\"VAPING\/EVALI - Every Brain Matters\" \/>\n<meta property=\"og:description\" content=\"Crisis del Vapeo\/EVALI Mi vida se vino abajo de la noche a la ma\u00f1ana\u00bb: C\u00f3mo una mujer del \u00e1rea de...\" \/>\n<meta property=\"og:url\" content=\"https:\/\/everybrainmatters.org\/es\/vaping-evali\/\" \/>\n<meta property=\"og:site_name\" content=\"Every Brain Matters\" \/>\n<meta property=\"article:modified_time\" content=\"2025-10-21T13:57:12+00:00\" \/>\n<meta property=\"og:image\" content=\"https:\/\/everybrainmatters.org\/wp-content\/uploads\/shutterstock_582817297.jpg\" \/>\n\t<meta property=\"og:image:width\" content=\"1702\" \/>\n\t<meta property=\"og:image:height\" content=\"630\" \/>\n\t<meta property=\"og:image:type\" content=\"image\/jpeg\" \/>\n<meta name=\"twitter:card\" content=\"summary_large_image\" \/>\n<meta name=\"twitter:label1\" content=\"Est. reading time\" \/>\n\t<meta name=\"twitter:data1\" content=\"1 minuto\" \/>\n<script type=\"application\/ld+json\" class=\"yoast-schema-graph\">{\"@context\":\"https:\/\/schema.org\",\"@graph\":[{\"@type\":\"WebPage\",\"@id\":\"https:\/\/everybrainmatters.org\/es\/vaping-evali\/\",\"url\":\"https:\/\/everybrainmatters.org\/es\/vaping-evali\/\",\"name\":\"VAPING\/EVALI - Every Brain Matters\",\"isPartOf\":{\"@id\":\"https:\/\/everybrainmatters.org\/es\/#website\"},\"primaryImageOfPage\":{\"@id\":\"https:\/\/everybrainmatters.org\/es\/vaping-evali\/#primaryimage\"},\"image\":{\"@id\":\"https:\/\/everybrainmatters.org\/es\/vaping-evali\/#primaryimage\"},\"thumbnailUrl\":\"https:\/\/everybrainmatters.org\/wp-content\/uploads\/shutterstock_582817297-1024x379.jpg\",\"datePublished\":\"2020-10-20T05:57:51+00:00\",\"dateModified\":\"2025-10-21T13:57:12+00:00\",\"breadcrumb\":{\"@id\":\"https:\/\/everybrainmatters.org\/es\/vaping-evali\/#breadcrumb\"},\"inLanguage\":\"es-ES\",\"potentialAction\":[{\"@type\":\"ReadAction\",\"target\":[\"https:\/\/everybrainmatters.org\/es\/vaping-evali\/\"]}]},{\"@type\":\"ImageObject\",\"inLanguage\":\"es-ES\",\"@id\":\"https:\/\/everybrainmatters.org\/es\/vaping-evali\/#primaryimage\",\"url\":\"https:\/\/everybrainmatters.org\/wp-content\/uploads\/shutterstock_582817297-1024x379.jpg\",\"contentUrl\":\"https:\/\/everybrainmatters.org\/wp-content\/uploads\/shutterstock_582817297-1024x379.jpg\"},{\"@type\":\"BreadcrumbList\",\"@id\":\"https:\/\/everybrainmatters.org\/es\/vaping-evali\/#breadcrumb\",\"itemListElement\":[{\"@type\":\"ListItem\",\"position\":1,\"name\":\"Home\",\"item\":\"https:\/\/everybrainmatters.org\/es\/\"},{\"@type\":\"ListItem\",\"position\":2,\"name\":\"VAPING\/EVALI\"}]},{\"@type\":\"WebSite\",\"@id\":\"https:\/\/everybrainmatters.org\/es\/#website\",\"url\":\"https:\/\/everybrainmatters.org\/es\/\",\"name\":\"Every Brain Matters\",\"description\":\"\",\"publisher\":{\"@id\":\"https:\/\/everybrainmatters.org\/es\/#organization\"},\"potentialAction\":[{\"@type\":\"SearchAction\",\"target\":{\"@type\":\"EntryPoint\",\"urlTemplate\":\"https:\/\/everybrainmatters.org\/es\/?s={search_term_string}\"},\"query-input\":{\"@type\":\"PropertyValueSpecification\",\"valueRequired\":true,\"valueName\":\"search_term_string\"}}],\"inLanguage\":\"es-ES\"},{\"@type\":\"Organization\",\"@id\":\"https:\/\/everybrainmatters.org\/es\/#organization\",\"name\":\"Every Brain Matters\",\"url\":\"https:\/\/everybrainmatters.org\/es\/\",\"logo\":{\"@type\":\"ImageObject\",\"inLanguage\":\"es-ES\",\"@id\":\"https:\/\/everybrainmatters.org\/es\/#\/schema\/logo\/image\/\",\"url\":\"https:\/\/everybrainmatters.org\/wp-content\/uploads\/AllBrains_3.jpg\",\"contentUrl\":\"https:\/\/everybrainmatters.org\/wp-content\/uploads\/AllBrains_3.jpg\",\"width\":1000,\"height\":1087,\"caption\":\"Every Brain Matters\"},\"image\":{\"@id\":\"https:\/\/everybrainmatters.org\/es\/#\/schema\/logo\/image\/\"}}]}<\/script>\n<!-- \/ Yoast SEO plugin. -->","yoast_head_json":{"title":"VAPING\/EVALI - Every Brain Matters","robots":{"index":"index","follow":"follow","max-snippet":"max-snippet:-1","max-image-preview":"max-image-preview:large","max-video-preview":"max-video-preview:-1"},"canonical":"https:\/\/everybrainmatters.org\/es\/vaping-evali\/","og_locale":"es_ES","og_type":"article","og_title":"VAPING\/EVALI - Every Brain Matters","og_description":"Crisis del Vapeo\/EVALI Mi vida se vino abajo de la noche a la ma\u00f1ana\u00bb: C\u00f3mo una mujer del \u00e1rea de...","og_url":"https:\/\/everybrainmatters.org\/es\/vaping-evali\/","og_site_name":"Every Brain Matters","article_modified_time":"2025-10-21T13:57:12+00:00","og_image":[{"width":1702,"height":630,"url":"https:\/\/everybrainmatters.org\/wp-content\/uploads\/shutterstock_582817297.jpg","type":"image\/jpeg"}],"twitter_card":"summary_large_image","twitter_misc":{"Est. reading time":"1 minuto"},"schema":{"@context":"https:\/\/schema.org","@graph":[{"@type":"WebPage","@id":"https:\/\/everybrainmatters.org\/es\/vaping-evali\/","url":"https:\/\/everybrainmatters.org\/es\/vaping-evali\/","name":"VAPING\/EVALI - Every Brain Matters","isPartOf":{"@id":"https:\/\/everybrainmatters.org\/es\/#website"},"primaryImageOfPage":{"@id":"https:\/\/everybrainmatters.org\/es\/vaping-evali\/#primaryimage"},"image":{"@id":"https:\/\/everybrainmatters.org\/es\/vaping-evali\/#primaryimage"},"thumbnailUrl":"https:\/\/everybrainmatters.org\/wp-content\/uploads\/shutterstock_582817297-1024x379.jpg","datePublished":"2020-10-20T05:57:51+00:00","dateModified":"2025-10-21T13:57:12+00:00","breadcrumb":{"@id":"https:\/\/everybrainmatters.org\/es\/vaping-evali\/#breadcrumb"},"inLanguage":"es-ES","potentialAction":[{"@type":"ReadAction","target":["https:\/\/everybrainmatters.org\/es\/vaping-evali\/"]}]},{"@type":"ImageObject","inLanguage":"es-ES","@id":"https:\/\/everybrainmatters.org\/es\/vaping-evali\/#primaryimage","url":"https:\/\/everybrainmatters.org\/wp-content\/uploads\/shutterstock_582817297-1024x379.jpg","contentUrl":"https:\/\/everybrainmatters.org\/wp-content\/uploads\/shutterstock_582817297-1024x379.jpg"},{"@type":"BreadcrumbList","@id":"https:\/\/everybrainmatters.org\/es\/vaping-evali\/#breadcrumb","itemListElement":[{"@type":"ListItem","position":1,"name":"Home","item":"https:\/\/everybrainmatters.org\/es\/"},{"@type":"ListItem","position":2,"name":"VAPING\/EVALI"}]},{"@type":"WebSite","@id":"https:\/\/everybrainmatters.org\/es\/#website","url":"https:\/\/everybrainmatters.org\/es\/","name":"Every Brain Matters","description":"","publisher":{"@id":"https:\/\/everybrainmatters.org\/es\/#organization"},"potentialAction":[{"@type":"SearchAction","target":{"@type":"EntryPoint","urlTemplate":"https:\/\/everybrainmatters.org\/es\/?s={search_term_string}"},"query-input":{"@type":"PropertyValueSpecification","valueRequired":true,"valueName":"search_term_string"}}],"inLanguage":"es-ES"},{"@type":"Organization","@id":"https:\/\/everybrainmatters.org\/es\/#organization","name":"Every Brain Matters","url":"https:\/\/everybrainmatters.org\/es\/","logo":{"@type":"ImageObject","inLanguage":"es-ES","@id":"https:\/\/everybrainmatters.org\/es\/#\/schema\/logo\/image\/","url":"https:\/\/everybrainmatters.org\/wp-content\/uploads\/AllBrains_3.jpg","contentUrl":"https:\/\/everybrainmatters.org\/wp-content\/uploads\/AllBrains_3.jpg","width":1000,"height":1087,"caption":"Every Brain Matters"},"image":{"@id":"https:\/\/everybrainmatters.org\/es\/#\/schema\/logo\/image\/"}}]}},"_links":{"self":[{"href":"https:\/\/everybrainmatters.org\/es\/wp-json\/wp\/v2\/pages\/46606","targetHints":{"allow":["GET"]}}],"collection":[{"href":"https:\/\/everybrainmatters.org\/es\/wp-json\/wp\/v2\/pages"}],"about":[{"href":"https:\/\/everybrainmatters.org\/es\/wp-json\/wp\/v2\/types\/page"}],"author":[{"embeddable":true,"href":"https:\/\/everybrainmatters.org\/es\/wp-json\/wp\/v2\/users\/11"}],"replies":[{"embeddable":true,"href":"https:\/\/everybrainmatters.org\/es\/wp-json\/wp\/v2\/comments?post=46606"}],"version-history":[{"count":0,"href":"https:\/\/everybrainmatters.org\/es\/wp-json\/wp\/v2\/pages\/46606\/revisions"}],"wp:attachment":[{"href":"https:\/\/everybrainmatters.org\/es\/wp-json\/wp\/v2\/media?parent=46606"}],"curies":[{"name":"wp","href":"https:\/\/api.w.org\/{rel}","templated":true}]}}