{"id":46608,"date":"2020-10-20T00:54:19","date_gmt":"2020-10-20T05:54:19","guid":{"rendered":"https:\/\/everybrainmatters.org\/explosiones-e-incendios-de-bho\/"},"modified":"2025-10-21T08:57:35","modified_gmt":"2025-10-21T13:57:35","slug":"explosiones-e-incendios-de-bho","status":"publish","type":"page","link":"https:\/\/everybrainmatters.org\/es\/explosiones-e-incendios-de-bho\/","title":{"rendered":"Explosiones e incendios de BHO"},"content":{"rendered":"\n<p><\/p>\n\n<div class=\"wp-block-group py-5 is-style-width-full has-yellow-background-color has-background\"><div class=\"wp-block-group__inner-container is-layout-flow wp-block-group-is-layout-flow\">\n<div class=\"wp-block-columns is-layout-flex wp-container-core-columns-is-layout-9d6595d7 wp-block-columns-is-layout-flex\">\n<div class=\"wp-block-column align-self-center is-layout-flow wp-block-column-is-layout-flow\" style=\"flex-basis:58%\">\n<h1 class=\"wp-block-heading\">Se inicia una investigaci\u00f3n criminal sobre la explosi\u00f3n en un fabricante de aceite de hach\u00eds de Los \u00c1ngeles<\/h1>\n\n\n\n<p>Publicado: 17 de mayo de 2020 a las 10:45 p.m. ETPor   <\/p>\n\n\n\n<h4 class=\"wp-block-heading\"><a href=\"https:\/\/www.marketwatch.com\/column\/associated-press?mod=MW_author_byline\">Associated Press<\/a><\/h4>\n\n\n\n<h2 class=\"wp-block-heading\">12 bomberos heridos en una explosi\u00f3n; se espera que todos sobrevivan<\/h2>\n\n\n\n<p> dijo <em>MarkeWatch<\/em>: Scott dijo que el edificio era un almac\u00e9n de SmokeTokes, que describi\u00f3 como proveedor de fabricantes de \u00abaceite de miel de butano\u00bb. El butano es un gas inodoro que se enciende f\u00e1cilmente, y se utiliza en el proceso de extracci\u00f3n del THC, sustancia qu\u00edmica que induce el subid\u00f3n, del cannabis para crear un concentrado muy potente tambi\u00e9n conocido como aceite de hach\u00eds. El aceite se utiliza en vaporizadores, comestibles, ceras y otros productos&#8230;.  <\/p>\n\n\n\n<p>En su sitio web, SmokeTokes anuncia una variedad de productos, como \u00abbarritas de calada\u00bb, pipas, herramientas de \u00abdab\u00bb, vaporizadores, \u00abantorchas y butano\u00bb y cartuchos. La empresa afirma que es \u00abun distribuidor y mayorista internacional de productos para fumar y vaporizar, y accesorios relacionados\u00bb Prange, portavoz del LAFD, dijo que se encontraron bombonas de di\u00f3xido de carbono y butano en el interior del edificio, pero que a\u00fan no estaba claro qu\u00e9 caus\u00f3 la explosi\u00f3n. <\/p>\n\n\n\n<p><a rel=\"noreferrer noopener\" href=\"https:\/\/www.marketwatch.com\/story\/criminal-investigation-launched-into-explosion-at-los-angeles-hash-oil-manufacturer-2020-05-17\" target=\"_blank\">Se inicia una investigaci\u00f3n criminal sobre la explosi\u00f3n en un fabricante de aceite de hach\u00eds de Los \u00c1ngeles<\/a><\/p>\n\n\n\n<p>20.11.2020 actualizaci\u00f3n de la investigaci\u00f3n, de momento no hay cargos penales, s\u00f3lo una multa.  <\/p>\n\n\n\n<p><a href=\"https:\/\/www.nbclosangeles.com\/on-air\/businesses-at-fault-for-structure-fire-to-pay-six-figure-fine\/2466902\/\" target=\"_blank\" rel=\"noreferrer noopener\">https:\/\/www.nbclosangeles.com\/on-air\/businesses-at-fault-for-structure-fire-to-pay-six-figure-fine\/2466902\/<\/a><\/p>\n\n\n\n<div class=\"wp-block-buttons mt-4 is-layout-flex wp-block-buttons-is-layout-flex\"><\/div>\n<\/div>\n\n\n\n<div class=\"wp-block-column is-layout-flow wp-block-column-is-layout-flow\" style=\"flex-basis:42%\">\n<figure class=\"wp-block-image size-large\"><img loading=\"lazy\" decoding=\"async\" width=\"1024\" height=\"576\" src=\"https:\/\/everybrainmatters.org\/wp-content\/uploads\/MW-IG678_lafire_20200517224423_ZG-1024x576.jpg\" alt=\"\" class=\"wp-image-18242\" srcset=\"https:\/\/everybrainmatters.org\/wp-content\/uploads\/MW-IG678_lafire_20200517224423_ZG-1024x576.jpg 1024w, https:\/\/everybrainmatters.org\/wp-content\/uploads\/MW-IG678_lafire_20200517224423_ZG-600x337.jpg 600w, https:\/\/everybrainmatters.org\/wp-content\/uploads\/MW-IG678_lafire_20200517224423_ZG-300x169.jpg 300w, https:\/\/everybrainmatters.org\/wp-content\/uploads\/MW-IG678_lafire_20200517224423_ZG-768x432.jpg 768w, https:\/\/everybrainmatters.org\/wp-content\/uploads\/MW-IG678_lafire_20200517224423_ZG-1300x731.jpg 1300w, https:\/\/everybrainmatters.org\/wp-content\/uploads\/MW-IG678_lafire_20200517224423_ZG-403x226.jpg 403w, https:\/\/everybrainmatters.org\/wp-content\/uploads\/MW-IG678_lafire_20200517224423_ZG.jpg 1320w\" sizes=\"auto, (max-width: 1024px) 100vw, 1024px\" \/><figcaption>Associated Press<\/figcaption><\/figure>\n<\/div>\n<\/div>\n<\/div><\/div>\n","protected":false},"excerpt":{"rendered":"<p>Se inicia una investigaci\u00f3n criminal sobre la explosi\u00f3n en un fabricante de aceite de hach\u00eds de Los \u00c1ngeles Publicado: 17&#8230;<\/p>\n","protected":false},"author":11,"featured_media":0,"parent":0,"menu_order":0,"comment_status":"closed","ping_status":"closed","template":"page-fullwidth.php","meta":{"_acf_changed":false,"_editorskit_title_hidden":false,"_editorskit_reading_time":0,"_editorskit_is_block_options_detached":false,"_editorskit_block_options_position":"{}","footnotes":""},"class_list":["post-46608","page","type-page","status-publish","hentry"],"acf":[],"yoast_head":"<!-- This site is optimized with the Yoast SEO plugin v26.1.1 - https:\/\/yoast.com\/wordpress\/plugins\/seo\/ -->\n<title>Explosiones e incendios de BHO - Every Brain Matters<\/title>\n<meta name=\"robots\" content=\"index, follow, max-snippet:-1, max-image-preview:large, max-video-preview:-1\" \/>\n<link rel=\"canonical\" href=\"https:\/\/everybrainmatters.org\/es\/explosiones-e-incendios-de-bho\/\" \/>\n<meta property=\"og:locale\" content=\"es_ES\" \/>\n<meta property=\"og:type\" content=\"article\" \/>\n<meta property=\"og:title\" content=\"Explosiones e incendios de BHO - Every Brain Matters\" \/>\n<meta property=\"og:description\" content=\"Se inicia una investigaci\u00f3n criminal sobre la explosi\u00f3n en un fabricante de aceite de hach\u00eds de Los \u00c1ngeles Publicado: 17...\" \/>\n<meta property=\"og:url\" content=\"https:\/\/everybrainmatters.org\/es\/explosiones-e-incendios-de-bho\/\" \/>\n<meta property=\"og:site_name\" content=\"Every Brain Matters\" \/>\n<meta property=\"article:modified_time\" content=\"2025-10-21T13:57:35+00:00\" \/>\n<meta property=\"og:image\" content=\"https:\/\/everybrainmatters.org\/wp-content\/uploads\/MW-IG678_lafire_20200517224423_ZG.jpg\" \/>\n\t<meta property=\"og:image:width\" content=\"1320\" \/>\n\t<meta property=\"og:image:height\" content=\"742\" \/>\n\t<meta property=\"og:image:type\" content=\"image\/jpeg\" \/>\n<meta name=\"twitter:card\" content=\"summary_large_image\" \/>\n<meta name=\"twitter:label1\" content=\"Est. reading time\" \/>\n\t<meta name=\"twitter:data1\" content=\"1 minuto\" \/>\n<script type=\"application\/ld+json\" class=\"yoast-schema-graph\">{\"@context\":\"https:\/\/schema.org\",\"@graph\":[{\"@type\":\"WebPage\",\"@id\":\"https:\/\/everybrainmatters.org\/es\/explosiones-e-incendios-de-bho\/\",\"url\":\"https:\/\/everybrainmatters.org\/es\/explosiones-e-incendios-de-bho\/\",\"name\":\"Explosiones e incendios de BHO - Every Brain Matters\",\"isPartOf\":{\"@id\":\"https:\/\/everybrainmatters.org\/es\/#website\"},\"primaryImageOfPage\":{\"@id\":\"https:\/\/everybrainmatters.org\/es\/explosiones-e-incendios-de-bho\/#primaryimage\"},\"image\":{\"@id\":\"https:\/\/everybrainmatters.org\/es\/explosiones-e-incendios-de-bho\/#primaryimage\"},\"thumbnailUrl\":\"https:\/\/everybrainmatters.org\/wp-content\/uploads\/MW-IG678_lafire_20200517224423_ZG-1024x576.jpg\",\"datePublished\":\"2020-10-20T05:54:19+00:00\",\"dateModified\":\"2025-10-21T13:57:35+00:00\",\"breadcrumb\":{\"@id\":\"https:\/\/everybrainmatters.org\/es\/explosiones-e-incendios-de-bho\/#breadcrumb\"},\"inLanguage\":\"es-ES\",\"potentialAction\":[{\"@type\":\"ReadAction\",\"target\":[\"https:\/\/everybrainmatters.org\/es\/explosiones-e-incendios-de-bho\/\"]}]},{\"@type\":\"ImageObject\",\"inLanguage\":\"es-ES\",\"@id\":\"https:\/\/everybrainmatters.org\/es\/explosiones-e-incendios-de-bho\/#primaryimage\",\"url\":\"https:\/\/everybrainmatters.org\/wp-content\/uploads\/MW-IG678_lafire_20200517224423_ZG-1024x576.jpg\",\"contentUrl\":\"https:\/\/everybrainmatters.org\/wp-content\/uploads\/MW-IG678_lafire_20200517224423_ZG-1024x576.jpg\"},{\"@type\":\"BreadcrumbList\",\"@id\":\"https:\/\/everybrainmatters.org\/es\/explosiones-e-incendios-de-bho\/#breadcrumb\",\"itemListElement\":[{\"@type\":\"ListItem\",\"position\":1,\"name\":\"Home\",\"item\":\"https:\/\/everybrainmatters.org\/es\/\"},{\"@type\":\"ListItem\",\"position\":2,\"name\":\"Explosiones e incendios de BHO\"}]},{\"@type\":\"WebSite\",\"@id\":\"https:\/\/everybrainmatters.org\/es\/#website\",\"url\":\"https:\/\/everybrainmatters.org\/es\/\",\"name\":\"Every Brain Matters\",\"description\":\"\",\"publisher\":{\"@id\":\"https:\/\/everybrainmatters.org\/es\/#organization\"},\"potentialAction\":[{\"@type\":\"SearchAction\",\"target\":{\"@type\":\"EntryPoint\",\"urlTemplate\":\"https:\/\/everybrainmatters.org\/es\/?s={search_term_string}\"},\"query-input\":{\"@type\":\"PropertyValueSpecification\",\"valueRequired\":true,\"valueName\":\"search_term_string\"}}],\"inLanguage\":\"es-ES\"},{\"@type\":\"Organization\",\"@id\":\"https:\/\/everybrainmatters.org\/es\/#organization\",\"name\":\"Every Brain Matters\",\"url\":\"https:\/\/everybrainmatters.org\/es\/\",\"logo\":{\"@type\":\"ImageObject\",\"inLanguage\":\"es-ES\",\"@id\":\"https:\/\/everybrainmatters.org\/es\/#\/schema\/logo\/image\/\",\"url\":\"https:\/\/everybrainmatters.org\/wp-content\/uploads\/AllBrains_3.jpg\",\"contentUrl\":\"https:\/\/everybrainmatters.org\/wp-content\/uploads\/AllBrains_3.jpg\",\"width\":1000,\"height\":1087,\"caption\":\"Every Brain Matters\"},\"image\":{\"@id\":\"https:\/\/everybrainmatters.org\/es\/#\/schema\/logo\/image\/\"}}]}<\/script>\n<!-- \/ Yoast SEO plugin. -->","yoast_head_json":{"title":"Explosiones e incendios de BHO - Every Brain Matters","robots":{"index":"index","follow":"follow","max-snippet":"max-snippet:-1","max-image-preview":"max-image-preview:large","max-video-preview":"max-video-preview:-1"},"canonical":"https:\/\/everybrainmatters.org\/es\/explosiones-e-incendios-de-bho\/","og_locale":"es_ES","og_type":"article","og_title":"Explosiones e incendios de BHO - Every Brain Matters","og_description":"Se inicia una investigaci\u00f3n criminal sobre la explosi\u00f3n en un fabricante de aceite de hach\u00eds de Los \u00c1ngeles Publicado: 17...","og_url":"https:\/\/everybrainmatters.org\/es\/explosiones-e-incendios-de-bho\/","og_site_name":"Every Brain Matters","article_modified_time":"2025-10-21T13:57:35+00:00","og_image":[{"width":1320,"height":742,"url":"https:\/\/everybrainmatters.org\/wp-content\/uploads\/MW-IG678_lafire_20200517224423_ZG.jpg","type":"image\/jpeg"}],"twitter_card":"summary_large_image","twitter_misc":{"Est. reading time":"1 minuto"},"schema":{"@context":"https:\/\/schema.org","@graph":[{"@type":"WebPage","@id":"https:\/\/everybrainmatters.org\/es\/explosiones-e-incendios-de-bho\/","url":"https:\/\/everybrainmatters.org\/es\/explosiones-e-incendios-de-bho\/","name":"Explosiones e incendios de BHO - Every Brain Matters","isPartOf":{"@id":"https:\/\/everybrainmatters.org\/es\/#website"},"primaryImageOfPage":{"@id":"https:\/\/everybrainmatters.org\/es\/explosiones-e-incendios-de-bho\/#primaryimage"},"image":{"@id":"https:\/\/everybrainmatters.org\/es\/explosiones-e-incendios-de-bho\/#primaryimage"},"thumbnailUrl":"https:\/\/everybrainmatters.org\/wp-content\/uploads\/MW-IG678_lafire_20200517224423_ZG-1024x576.jpg","datePublished":"2020-10-20T05:54:19+00:00","dateModified":"2025-10-21T13:57:35+00:00","breadcrumb":{"@id":"https:\/\/everybrainmatters.org\/es\/explosiones-e-incendios-de-bho\/#breadcrumb"},"inLanguage":"es-ES","potentialAction":[{"@type":"ReadAction","target":["https:\/\/everybrainmatters.org\/es\/explosiones-e-incendios-de-bho\/"]}]},{"@type":"ImageObject","inLanguage":"es-ES","@id":"https:\/\/everybrainmatters.org\/es\/explosiones-e-incendios-de-bho\/#primaryimage","url":"https:\/\/everybrainmatters.org\/wp-content\/uploads\/MW-IG678_lafire_20200517224423_ZG-1024x576.jpg","contentUrl":"https:\/\/everybrainmatters.org\/wp-content\/uploads\/MW-IG678_lafire_20200517224423_ZG-1024x576.jpg"},{"@type":"BreadcrumbList","@id":"https:\/\/everybrainmatters.org\/es\/explosiones-e-incendios-de-bho\/#breadcrumb","itemListElement":[{"@type":"ListItem","position":1,"name":"Home","item":"https:\/\/everybrainmatters.org\/es\/"},{"@type":"ListItem","position":2,"name":"Explosiones e incendios de BHO"}]},{"@type":"WebSite","@id":"https:\/\/everybrainmatters.org\/es\/#website","url":"https:\/\/everybrainmatters.org\/es\/","name":"Every Brain Matters","description":"","publisher":{"@id":"https:\/\/everybrainmatters.org\/es\/#organization"},"potentialAction":[{"@type":"SearchAction","target":{"@type":"EntryPoint","urlTemplate":"https:\/\/everybrainmatters.org\/es\/?s={search_term_string}"},"query-input":{"@type":"PropertyValueSpecification","valueRequired":true,"valueName":"search_term_string"}}],"inLanguage":"es-ES"},{"@type":"Organization","@id":"https:\/\/everybrainmatters.org\/es\/#organization","name":"Every Brain Matters","url":"https:\/\/everybrainmatters.org\/es\/","logo":{"@type":"ImageObject","inLanguage":"es-ES","@id":"https:\/\/everybrainmatters.org\/es\/#\/schema\/logo\/image\/","url":"https:\/\/everybrainmatters.org\/wp-content\/uploads\/AllBrains_3.jpg","contentUrl":"https:\/\/everybrainmatters.org\/wp-content\/uploads\/AllBrains_3.jpg","width":1000,"height":1087,"caption":"Every Brain Matters"},"image":{"@id":"https:\/\/everybrainmatters.org\/es\/#\/schema\/logo\/image\/"}}]}},"_links":{"self":[{"href":"https:\/\/everybrainmatters.org\/es\/wp-json\/wp\/v2\/pages\/46608","targetHints":{"allow":["GET"]}}],"collection":[{"href":"https:\/\/everybrainmatters.org\/es\/wp-json\/wp\/v2\/pages"}],"about":[{"href":"https:\/\/everybrainmatters.org\/es\/wp-json\/wp\/v2\/types\/page"}],"author":[{"embeddable":true,"href":"https:\/\/everybrainmatters.org\/es\/wp-json\/wp\/v2\/users\/11"}],"replies":[{"embeddable":true,"href":"https:\/\/everybrainmatters.org\/es\/wp-json\/wp\/v2\/comments?post=46608"}],"version-history":[{"count":0,"href":"https:\/\/everybrainmatters.org\/es\/wp-json\/wp\/v2\/pages\/46608\/revisions"}],"wp:attachment":[{"href":"https:\/\/everybrainmatters.org\/es\/wp-json\/wp\/v2\/media?parent=46608"}],"curies":[{"name":"wp","href":"https:\/\/api.w.org\/{rel}","templated":true}]}}