{"id":46609,"date":"2020-10-20T00:56:38","date_gmt":"2020-10-20T05:56:38","guid":{"rendered":"https:\/\/everybrainmatters.org\/homicidios-y-viloencia-de-armas\/"},"modified":"2025-10-21T08:57:35","modified_gmt":"2025-10-21T13:57:35","slug":"homicidios-y-viloencia-de-armas","status":"publish","type":"page","link":"https:\/\/everybrainmatters.org\/es\/homicidios-y-viloencia-de-armas\/","title":{"rendered":"Homicidios y Viloencia de Armas"},"content":{"rendered":"\n<div class=\"wp-block-group py-5 is-style-width-full has-white-color has-blue-background-color has-text-color has-background\"><div class=\"wp-block-group__inner-container is-layout-flow wp-block-group-is-layout-flow\">\n<div class=\"wp-block-columns is-layout-flex wp-container-core-columns-is-layout-9d6595d7 wp-block-columns-is-layout-flex\">\n<div class=\"wp-block-column align-self-center is-layout-flow wp-block-column-is-layout-flow\" style=\"flex-basis:58%\">\n<h2 class=\"wp-block-heading\">La droga com\u00fan preferida de estos 10 asesinos si la marihuana<\/h2>\n\n\n\n<p class=\"has-white-color has-blue-background-color has-text-color has-background has-medium-font-size\">Los debates suelen dejar de lado uno de <em>los componentes m\u00e1s importantes<\/em> de la violencia: el consumo compulsivo de drogas, especialmente de marihuana. Consideremos que la ra\u00edz de la violencia es mucho m\u00e1s profunda que la religi\u00f3n de una persona, las leyes sobre armas o una enfermedad mental innata. Dejemos de legalizar las drogas.  <\/p>\n\n\n\n<div class=\"wp-block-buttons mt-4 is-layout-flex wp-block-buttons-is-layout-flex\">\n<div class=\"wp-block-button\"><a class=\"wp-block-button__link has-blue-color has-green-background-color has-text-color has-background\" href=\"https:\/\/poppot.org\/2018\/07\/03\/marijuana-violence-know-connection\/\" target=\"_blank\" rel=\"noreferrer noopener\">Leer el art\u00edculo completo<\/a><\/div>\n<\/div>\n<\/div>\n\n\n\n<div class=\"wp-block-column is-layout-flow wp-block-column-is-layout-flow\" style=\"flex-basis:42%\">\n<figure class=\"wp-block-image size-large\"><img loading=\"lazy\" decoding=\"async\" width=\"672\" height=\"372\" src=\"https:\/\/everybrainmatters.org\/wp-content\/uploads\/CommonWeb-7-672x372-1.jpg\" alt=\"\" class=\"wp-image-17893\" srcset=\"https:\/\/everybrainmatters.org\/wp-content\/uploads\/CommonWeb-7-672x372-1.jpg 672w, https:\/\/everybrainmatters.org\/wp-content\/uploads\/CommonWeb-7-672x372-1-600x332.jpg 600w, https:\/\/everybrainmatters.org\/wp-content\/uploads\/CommonWeb-7-672x372-1-300x166.jpg 300w\" sizes=\"auto, (max-width: 672px) 100vw, 672px\" \/><\/figure>\n<\/div>\n<\/div>\n<\/div><\/div>\n\n<div class=\"wp-block-group py-5 is-style-width-full has-yellow-background-color has-background\"><div class=\"wp-block-group__inner-container is-layout-flow wp-block-group-is-layout-flow\">\n<div class=\"wp-block-columns is-layout-flex wp-container-core-columns-is-layout-9d6595d7 wp-block-columns-is-layout-flex\">\n<div class=\"wp-block-column align-self-center is-layout-flow wp-block-column-is-layout-flow\" style=\"flex-basis:58%\">\n<h2 class=\"wp-block-heading\"><strong>La relaci\u00f3n entre la marihuana y los tiroteos masivos puede estar m\u00e1s cerca de lo que pensamos<\/strong><\/h2>\n\n\n\n<p>Por <a href=\"https:\/\/nypost.com\/author\/miranda-devine\/\">Miranda Devine<\/a> 7 de agosto de 2019 | 21:26 | <a href=\"https:\/\/nypost.com\/2019\/08\/07\/the-link-between-pot-and-mass-shootings-may-be-closer-than-we-think\/#\">Actualizado<\/a><\/p>\n\n\n\n<p class=\"has-medium-font-size\"><strong>Los verdaderos medicamentos aprobados por la FDA se someten a rigurosos ensayos e investigaciones. Debido a las posibles complicaciones observadas durante esos ensayos, muchos medicamentos nuevos no llegan al mercado. Un medicamento que llega a estar disponible para su prescripci\u00f3n viene con una pauta de dosificaci\u00f3n.    <\/strong><\/p>\n\n\n\n<p>Los defensores de la marihuana afirman que muchos productos ofrecen tratamientos y curas sin pruebas cient\u00edficas adecuadas. Tambi\u00e9n publican productos sin <\/p>\n\n\n\n<p>Hoy en d\u00eda no puedes pasear por las calles de Manhattan sin oler a hierba.<\/p>\n\n\n\n<p>Incluso cuando aumentan las pruebas de los problemas de salud asociados a la marihuana, Nueva York ha insistido en unirse a otros estados codiciosos que se apresuran a legalizar esta droga enga\u00f1osamente peligrosa.<\/p>\n\n\n\n<p>No tiene sentido en un momento en que la juventud estadounidense sufre una crisis de salud mental sin precedentes.<\/p>\n\n\n\n<p>Y, sinceramente, no podemos descartar una conexi\u00f3n entre <a href=\"https:\/\/nypost.com\/2019\/08\/05\/marijuana-usage-among-americans-getting-higher-and-higher-study\/\">el aumento del consumo de marihuana<\/a>, las enfermedades mentales y la reciente oleada de tiroteos masivos perpetrados por j\u00f3venes perturbados.<\/p>\n\n\n\n<p>A\u00fan no sabemos mucho sobre el estado mental o el consumo de drogas de los asesinos de El Paso o Dayton. Pero una antigua novia del asesino de Dayton, Connor Betts, de 24 a\u00f1os, ha <a href=\"https:\/\/nypost.com\/2019\/08\/06\/dayton-shooter-connor-betts-heard-menacing-voices-talked-about-evil-things-ex\/\">indicado que padec\u00eda una enfermedad mental,<\/a> y dos de sus amigos entrevistados por periodistas esta semana mencionaron su anterior consumo de drogas. <\/p>\n\n\n\n<p>ut coherencia en sus productos qu\u00edmicos o compuestos. En otras palabras, en los productos finales existen irregularidades en la dosificaci\u00f3n, variaciones en la composici\u00f3n qu\u00edmica y contaminantes. Varios estudios han demostrado que muchos productos finales contienen metales pesados, bacterias, hongos, insecticidas, etc. (1,2) Para la persona que compra estos productos, se convierte en un juego de adivinanzas saber si su producto est\u00e1 contaminado.  <\/p>\n\n\n\n<div class=\"wp-block-buttons mt-4 is-layout-flex wp-block-buttons-is-layout-flex\">\n<div class=\"wp-block-button\"><a class=\"wp-block-button__link has-white-color has-blue-background-color has-text-color has-background\" href=\"https:\/\/nypost.com\/2019\/08\/07\/the-link-between-pot-and-mass-shootings-may-be-closer-than-we-think\/\">Leer el art\u00edculo completo<\/a><\/div>\n<\/div>\n<\/div>\n\n\n\n<div class=\"wp-block-column is-layout-flow wp-block-column-is-layout-flow\" style=\"flex-basis:42%\">\n<figure class=\"wp-block-image size-large\"><a href=\"https:\/\/nypost.com\/2019\/08\/07\/the-link-between-pot-and-mass-shootings-may-be-closer-than-we-think\/\"><img loading=\"lazy\" decoding=\"async\" width=\"618\" height=\"410\" src=\"https:\/\/everybrainmatters.org\/wp-content\/uploads\/smoking-pot.jpg\" alt=\"\" class=\"wp-image-19811\" srcset=\"https:\/\/everybrainmatters.org\/wp-content\/uploads\/smoking-pot.jpg 618w, https:\/\/everybrainmatters.org\/wp-content\/uploads\/smoking-pot-300x199.jpg 300w, https:\/\/everybrainmatters.org\/wp-content\/uploads\/smoking-pot-600x398.jpg 600w\" sizes=\"auto, (max-width: 618px) 100vw, 618px\" \/><\/a><figcaption>Shutterstock<\/figcaption><\/figure>\n<\/div>\n<\/div>\n<\/div><\/div>\n\n<div class=\"wp-block-group is-style-width-full py-5 has-green-background-color has-background\"><div class=\"wp-block-group__inner-container is-layout-flow wp-block-group-is-layout-flow\">\n<h2 class=\"has-text-align-center mb-4 has-blue-color has-text-color wp-block-heading\">J\u00f3venes asesinados<\/h2>\n\n\n\n<div class=\"wp-block-columns is-layout-flex wp-container-core-columns-is-layout-9d6595d7 wp-block-columns-is-layout-flex\">\n<div class=\"wp-block-column is-layout-flow wp-block-column-is-layout-flow\">\n<figure class=\"wp-block-image size-large mb-0 w-100\"><img loading=\"lazy\" decoding=\"async\" width=\"878\" height=\"493\" src=\"https:\/\/everybrainmatters.org\/wp-content\/uploads\/SD-teen-murdered.jpg\" alt=\"\" class=\"wp-image-18839\" srcset=\"https:\/\/everybrainmatters.org\/wp-content\/uploads\/SD-teen-murdered.jpg 878w, https:\/\/everybrainmatters.org\/wp-content\/uploads\/SD-teen-murdered-300x168.jpg 300w, https:\/\/everybrainmatters.org\/wp-content\/uploads\/SD-teen-murdered-768x431.jpg 768w, https:\/\/everybrainmatters.org\/wp-content\/uploads\/SD-teen-murdered-403x226.jpg 403w, https:\/\/everybrainmatters.org\/wp-content\/uploads\/SD-teen-murdered-600x337.jpg 600w\" sizes=\"auto, (max-width: 878px) 100vw, 878px\" \/><figcaption>12.15.2020<\/figcaption><\/figure>\n\n\n\n<p>Dakota del Sur<\/p>\n\n\n\n<p><a href=\"https:\/\/www.keloland.com\/news\/local-news\/police-search-for-teenage-suspect-in-sioux-falls-homicide\/?fbclid=IwAR2LRlSqYc7Agj-37M8sHhRm0UDkox4PKvmNQB0ge3goz29XMSrXYlqjUjg\" target=\"_blank\" rel=\"noreferrer noopener\">La polic\u00eda busca a un adolescente sospechoso de homicidio en Sioux Falls<\/a><\/p>\n\n\n\n<p>La polic\u00eda de Sioux Falls busca a un chico de 17 a\u00f1os que se cree que est\u00e1 implicado en el tiroteo mortal de otro adolescente. Creen que est\u00e1 huido tras un posible negocio de drogas que sali\u00f3 mal el pasado mi\u00e9rcoles por la noche.   <\/p>\n\n\n\n<p>La polic\u00eda dice que la v\u00edctima y otra persona hab\u00edan quedado con Montileaux y un amigo para vender marihuana.<\/p>\n<\/div>\n\n\n\n<div class=\"wp-block-column is-layout-flow wp-block-column-is-layout-flow\">\n<figure class=\"wp-block-image size-large is-resized mb-0 w-100\"><img loading=\"lazy\" decoding=\"async\" src=\"https:\/\/everybrainmatters.org\/wp-content\/uploads\/5fd2d62552790.image_-1-1024x683.jpg\" alt=\"\" class=\"wp-image-18840\" width=\"134\" height=\"89\" srcset=\"https:\/\/everybrainmatters.org\/wp-content\/uploads\/5fd2d62552790.image_-1-1024x683.jpg 1024w, https:\/\/everybrainmatters.org\/wp-content\/uploads\/5fd2d62552790.image_-1-300x200.jpg 300w, https:\/\/everybrainmatters.org\/wp-content\/uploads\/5fd2d62552790.image_-1-768x512.jpg 768w, https:\/\/everybrainmatters.org\/wp-content\/uploads\/5fd2d62552790.image_-1-600x400.jpg 600w, https:\/\/everybrainmatters.org\/wp-content\/uploads\/5fd2d62552790.image_-1.jpg 1200w\" sizes=\"auto, (max-width: 134px) 100vw, 134px\" \/><figcaption>12.12.2020<\/figcaption><\/figure>\n\n\n\n<p>Luisiana<\/p>\n\n\n\n<p class=\"has-small-font-size\"><strong><a rel=\"noreferrer noopener\" href=\"https:\/\/www.nola.com\/news\/crime_police\/article_5a228910-3cbb-11eb-974f-a701586e1f6b.html?fbclid=IwAR1dYhQhJnghq5gglT3gtlWprNjNsSI-8Jjr9423iVmMuG3nhamFxajLCv0\" target=\"_blank\">La masacre del aparcamiento de Metairie se atribuye a una venta de marihuana y a dos adolescentes armados<\/a><\/strong><\/p>\n\n\n\n<p>Miembros de la Oficina del Sheriff de Jefferson Parish investigan un tiroteo en el bloque 3900 de la calle Division en el que murieron dos personas y otras dos resultaron heridas sobre las 18:52 h en Metairie, La. el jueves 10 de diciembre de 2020. (Foto de Max Becherer, <a href=\"http:\/\/nola.com\/\">NOLA.com<\/a>, The Times-Picayune | The New Orleans Advocate)STAFF PHOTO BY MAX BECHERER  <\/p>\n<\/div>\n\n\n\n<div class=\"wp-block-column is-layout-flow wp-block-column-is-layout-flow\">\n<figure class=\"wp-block-image size-full is-resized mb-0 w-100\"><a href=\"https:\/\/www.kitsapsun.com\/story\/news\/2021\/10\/22\/charges-kitsap-teen-abducted-killed-during-deal-one-pound-marijuana\/6140660001\/\" target=\"_blank\" rel=\"noopener\"><img loading=\"lazy\" decoding=\"async\" src=\"https:\/\/everybrainmatters.org\/wp-content\/uploads\/Tyrpone-TJ-19-years-old.jpg\" alt=\"\" class=\"wp-image-22238\" width=\"167\" height=\"167\" srcset=\"https:\/\/everybrainmatters.org\/wp-content\/uploads\/Tyrpone-TJ-19-years-old.jpg 595w, https:\/\/everybrainmatters.org\/wp-content\/uploads\/Tyrpone-TJ-19-years-old-300x300.jpg 300w, https:\/\/everybrainmatters.org\/wp-content\/uploads\/Tyrpone-TJ-19-years-old-150x150.jpg 150w, https:\/\/everybrainmatters.org\/wp-content\/uploads\/Tyrpone-TJ-19-years-old-100x100.jpg 100w\" sizes=\"auto, (max-width: 167px) 100vw, 167px\" \/><\/a><figcaption>de Kitsap Sun<\/figcaption><\/figure>\n\n\n\n<h5 class=\"wp-block-heading\"><a href=\"https:\/\/www.kitsapsun.com\/story\/news\/2021\/10\/22\/charges-kitsap-teen-abducted-killed-during-deal-one-pound-marijuana\/6140660001\/\" target=\"_blank\" aria-label=\"Charges: Kitsap teen abducted, killed during deal for one pound of marijuana (opens in a new tab)\" rel=\"noreferrer noopener\" class=\"ek-link\">Acusaciones: Adolescente de Kitsap secuestrado y asesinado durante un trato por una libra de marihuana<\/a><\/h5>\n\n\n\n<p>Seg\u00fan los informes, un hombre de 19 a\u00f1os del condado de Kitsap, secuestrado a primera hora del mi\u00e9rcoles en Port Orchard, fue asesinado a tiros durante un trato por medio kilo de marihuana, seg\u00fan los detectives, y los atracadores se dirigieron despu\u00e9s al condado de Mason para deshacerse del cad\u00e1ver.<\/p>\n\n\n\n<p>La b\u00fasqueda de amigos de Tyrone \u00abTJ\u00bb Sero para localizarlo les llev\u00f3 a una residencia de Gig Harbor m\u00e1s tarde el mi\u00e9rcoles, donde se produjo un tiroteo que envi\u00f3 a un amigo de Sero, de 16 a\u00f1os, al hospital con dos heridas de bala. Un portavoz del departamento del sheriff del condado de Pierce describi\u00f3 las heridas del adolescente como no mortales. <\/p>\n<\/div>\n<\/div>\n<\/div><\/div>\n","protected":false},"excerpt":{"rendered":"<p>La droga com\u00fan preferida de estos 10 asesinos si la marihuana Los debates suelen dejar de lado uno de los&#8230;<\/p>\n","protected":false},"author":11,"featured_media":0,"parent":0,"menu_order":0,"comment_status":"closed","ping_status":"closed","template":"page-fullwidth.php","meta":{"_acf_changed":false,"_editorskit_title_hidden":false,"_editorskit_reading_time":0,"_editorskit_is_block_options_detached":false,"_editorskit_block_options_position":"{}","footnotes":""},"class_list":["post-46609","page","type-page","status-publish","hentry"],"acf":[],"yoast_head":"<!-- This site is optimized with the Yoast SEO plugin v26.1.1 - https:\/\/yoast.com\/wordpress\/plugins\/seo\/ -->\n<title>Homicidios y Viloencia de Armas - Every Brain Matters<\/title>\n<meta name=\"robots\" content=\"index, follow, max-snippet:-1, max-image-preview:large, max-video-preview:-1\" \/>\n<link rel=\"canonical\" href=\"https:\/\/everybrainmatters.org\/es\/homicidios-y-viloencia-de-armas\/\" \/>\n<meta property=\"og:locale\" content=\"es_ES\" \/>\n<meta property=\"og:type\" content=\"article\" \/>\n<meta property=\"og:title\" content=\"Homicidios y Viloencia de Armas - Every Brain Matters\" \/>\n<meta property=\"og:description\" content=\"La droga com\u00fan preferida de estos 10 asesinos si la marihuana Los debates suelen dejar de lado uno de los...\" \/>\n<meta property=\"og:url\" content=\"https:\/\/everybrainmatters.org\/es\/homicidios-y-viloencia-de-armas\/\" \/>\n<meta property=\"og:site_name\" content=\"Every Brain Matters\" \/>\n<meta property=\"article:modified_time\" content=\"2025-10-21T13:57:35+00:00\" \/>\n<meta property=\"og:image\" content=\"https:\/\/everybrainmatters.org\/wp-content\/uploads\/CommonWeb-7-672x372-1.jpg\" \/>\n\t<meta property=\"og:image:width\" content=\"672\" \/>\n\t<meta property=\"og:image:height\" content=\"372\" \/>\n\t<meta property=\"og:image:type\" content=\"image\/jpeg\" \/>\n<meta name=\"twitter:card\" content=\"summary_large_image\" \/>\n<meta name=\"twitter:label1\" content=\"Est. reading time\" \/>\n\t<meta name=\"twitter:data1\" content=\"4 minutos\" \/>\n<script type=\"application\/ld+json\" class=\"yoast-schema-graph\">{\"@context\":\"https:\/\/schema.org\",\"@graph\":[{\"@type\":\"WebPage\",\"@id\":\"https:\/\/everybrainmatters.org\/es\/homicidios-y-viloencia-de-armas\/\",\"url\":\"https:\/\/everybrainmatters.org\/es\/homicidios-y-viloencia-de-armas\/\",\"name\":\"Homicidios y Viloencia de Armas - Every Brain Matters\",\"isPartOf\":{\"@id\":\"https:\/\/everybrainmatters.org\/es\/#website\"},\"primaryImageOfPage\":{\"@id\":\"https:\/\/everybrainmatters.org\/es\/homicidios-y-viloencia-de-armas\/#primaryimage\"},\"image\":{\"@id\":\"https:\/\/everybrainmatters.org\/es\/homicidios-y-viloencia-de-armas\/#primaryimage\"},\"thumbnailUrl\":\"https:\/\/everybrainmatters.org\/wp-content\/uploads\/CommonWeb-7-672x372-1.jpg\",\"datePublished\":\"2020-10-20T05:56:38+00:00\",\"dateModified\":\"2025-10-21T13:57:35+00:00\",\"breadcrumb\":{\"@id\":\"https:\/\/everybrainmatters.org\/es\/homicidios-y-viloencia-de-armas\/#breadcrumb\"},\"inLanguage\":\"es-ES\",\"potentialAction\":[{\"@type\":\"ReadAction\",\"target\":[\"https:\/\/everybrainmatters.org\/es\/homicidios-y-viloencia-de-armas\/\"]}]},{\"@type\":\"ImageObject\",\"inLanguage\":\"es-ES\",\"@id\":\"https:\/\/everybrainmatters.org\/es\/homicidios-y-viloencia-de-armas\/#primaryimage\",\"url\":\"https:\/\/everybrainmatters.org\/wp-content\/uploads\/CommonWeb-7-672x372-1.jpg\",\"contentUrl\":\"https:\/\/everybrainmatters.org\/wp-content\/uploads\/CommonWeb-7-672x372-1.jpg\"},{\"@type\":\"BreadcrumbList\",\"@id\":\"https:\/\/everybrainmatters.org\/es\/homicidios-y-viloencia-de-armas\/#breadcrumb\",\"itemListElement\":[{\"@type\":\"ListItem\",\"position\":1,\"name\":\"Home\",\"item\":\"https:\/\/everybrainmatters.org\/es\/\"},{\"@type\":\"ListItem\",\"position\":2,\"name\":\"Homicidios y Viloencia de Armas\"}]},{\"@type\":\"WebSite\",\"@id\":\"https:\/\/everybrainmatters.org\/es\/#website\",\"url\":\"https:\/\/everybrainmatters.org\/es\/\",\"name\":\"Every Brain Matters\",\"description\":\"\",\"publisher\":{\"@id\":\"https:\/\/everybrainmatters.org\/es\/#organization\"},\"potentialAction\":[{\"@type\":\"SearchAction\",\"target\":{\"@type\":\"EntryPoint\",\"urlTemplate\":\"https:\/\/everybrainmatters.org\/es\/?s={search_term_string}\"},\"query-input\":{\"@type\":\"PropertyValueSpecification\",\"valueRequired\":true,\"valueName\":\"search_term_string\"}}],\"inLanguage\":\"es-ES\"},{\"@type\":\"Organization\",\"@id\":\"https:\/\/everybrainmatters.org\/es\/#organization\",\"name\":\"Every Brain Matters\",\"url\":\"https:\/\/everybrainmatters.org\/es\/\",\"logo\":{\"@type\":\"ImageObject\",\"inLanguage\":\"es-ES\",\"@id\":\"https:\/\/everybrainmatters.org\/es\/#\/schema\/logo\/image\/\",\"url\":\"https:\/\/everybrainmatters.org\/wp-content\/uploads\/AllBrains_3.jpg\",\"contentUrl\":\"https:\/\/everybrainmatters.org\/wp-content\/uploads\/AllBrains_3.jpg\",\"width\":1000,\"height\":1087,\"caption\":\"Every Brain Matters\"},\"image\":{\"@id\":\"https:\/\/everybrainmatters.org\/es\/#\/schema\/logo\/image\/\"}}]}<\/script>\n<!-- \/ Yoast SEO plugin. -->","yoast_head_json":{"title":"Homicidios y Viloencia de Armas - Every Brain Matters","robots":{"index":"index","follow":"follow","max-snippet":"max-snippet:-1","max-image-preview":"max-image-preview:large","max-video-preview":"max-video-preview:-1"},"canonical":"https:\/\/everybrainmatters.org\/es\/homicidios-y-viloencia-de-armas\/","og_locale":"es_ES","og_type":"article","og_title":"Homicidios y Viloencia de Armas - Every Brain Matters","og_description":"La droga com\u00fan preferida de estos 10 asesinos si la marihuana Los debates suelen dejar de lado uno de los...","og_url":"https:\/\/everybrainmatters.org\/es\/homicidios-y-viloencia-de-armas\/","og_site_name":"Every Brain Matters","article_modified_time":"2025-10-21T13:57:35+00:00","og_image":[{"width":672,"height":372,"url":"https:\/\/everybrainmatters.org\/wp-content\/uploads\/CommonWeb-7-672x372-1.jpg","type":"image\/jpeg"}],"twitter_card":"summary_large_image","twitter_misc":{"Est. reading time":"4 minutos"},"schema":{"@context":"https:\/\/schema.org","@graph":[{"@type":"WebPage","@id":"https:\/\/everybrainmatters.org\/es\/homicidios-y-viloencia-de-armas\/","url":"https:\/\/everybrainmatters.org\/es\/homicidios-y-viloencia-de-armas\/","name":"Homicidios y Viloencia de Armas - Every Brain Matters","isPartOf":{"@id":"https:\/\/everybrainmatters.org\/es\/#website"},"primaryImageOfPage":{"@id":"https:\/\/everybrainmatters.org\/es\/homicidios-y-viloencia-de-armas\/#primaryimage"},"image":{"@id":"https:\/\/everybrainmatters.org\/es\/homicidios-y-viloencia-de-armas\/#primaryimage"},"thumbnailUrl":"https:\/\/everybrainmatters.org\/wp-content\/uploads\/CommonWeb-7-672x372-1.jpg","datePublished":"2020-10-20T05:56:38+00:00","dateModified":"2025-10-21T13:57:35+00:00","breadcrumb":{"@id":"https:\/\/everybrainmatters.org\/es\/homicidios-y-viloencia-de-armas\/#breadcrumb"},"inLanguage":"es-ES","potentialAction":[{"@type":"ReadAction","target":["https:\/\/everybrainmatters.org\/es\/homicidios-y-viloencia-de-armas\/"]}]},{"@type":"ImageObject","inLanguage":"es-ES","@id":"https:\/\/everybrainmatters.org\/es\/homicidios-y-viloencia-de-armas\/#primaryimage","url":"https:\/\/everybrainmatters.org\/wp-content\/uploads\/CommonWeb-7-672x372-1.jpg","contentUrl":"https:\/\/everybrainmatters.org\/wp-content\/uploads\/CommonWeb-7-672x372-1.jpg"},{"@type":"BreadcrumbList","@id":"https:\/\/everybrainmatters.org\/es\/homicidios-y-viloencia-de-armas\/#breadcrumb","itemListElement":[{"@type":"ListItem","position":1,"name":"Home","item":"https:\/\/everybrainmatters.org\/es\/"},{"@type":"ListItem","position":2,"name":"Homicidios y Viloencia de Armas"}]},{"@type":"WebSite","@id":"https:\/\/everybrainmatters.org\/es\/#website","url":"https:\/\/everybrainmatters.org\/es\/","name":"Every Brain Matters","description":"","publisher":{"@id":"https:\/\/everybrainmatters.org\/es\/#organization"},"potentialAction":[{"@type":"SearchAction","target":{"@type":"EntryPoint","urlTemplate":"https:\/\/everybrainmatters.org\/es\/?s={search_term_string}"},"query-input":{"@type":"PropertyValueSpecification","valueRequired":true,"valueName":"search_term_string"}}],"inLanguage":"es-ES"},{"@type":"Organization","@id":"https:\/\/everybrainmatters.org\/es\/#organization","name":"Every Brain Matters","url":"https:\/\/everybrainmatters.org\/es\/","logo":{"@type":"ImageObject","inLanguage":"es-ES","@id":"https:\/\/everybrainmatters.org\/es\/#\/schema\/logo\/image\/","url":"https:\/\/everybrainmatters.org\/wp-content\/uploads\/AllBrains_3.jpg","contentUrl":"https:\/\/everybrainmatters.org\/wp-content\/uploads\/AllBrains_3.jpg","width":1000,"height":1087,"caption":"Every Brain Matters"},"image":{"@id":"https:\/\/everybrainmatters.org\/es\/#\/schema\/logo\/image\/"}}]}},"_links":{"self":[{"href":"https:\/\/everybrainmatters.org\/es\/wp-json\/wp\/v2\/pages\/46609","targetHints":{"allow":["GET"]}}],"collection":[{"href":"https:\/\/everybrainmatters.org\/es\/wp-json\/wp\/v2\/pages"}],"about":[{"href":"https:\/\/everybrainmatters.org\/es\/wp-json\/wp\/v2\/types\/page"}],"author":[{"embeddable":true,"href":"https:\/\/everybrainmatters.org\/es\/wp-json\/wp\/v2\/users\/11"}],"replies":[{"embeddable":true,"href":"https:\/\/everybrainmatters.org\/es\/wp-json\/wp\/v2\/comments?post=46609"}],"version-history":[{"count":0,"href":"https:\/\/everybrainmatters.org\/es\/wp-json\/wp\/v2\/pages\/46609\/revisions"}],"wp:attachment":[{"href":"https:\/\/everybrainmatters.org\/es\/wp-json\/wp\/v2\/media?parent=46609"}],"curies":[{"name":"wp","href":"https:\/\/api.w.org\/{rel}","templated":true}]}}