{"id":46619,"date":"2020-10-20T00:55:08","date_gmt":"2020-10-20T05:55:08","guid":{"rendered":"https:\/\/everybrainmatters.org\/justicia-social\/"},"modified":"2025-10-21T08:57:37","modified_gmt":"2025-10-21T13:57:37","slug":"justicia-social","status":"publish","type":"page","link":"https:\/\/everybrainmatters.org\/es\/justicia-social\/","title":{"rendered":"Justicia social"},"content":{"rendered":"\n<div class=\"wp-block-group py-5 is-style-width-full has-yellow-background-color has-background\"><div class=\"wp-block-group__inner-container is-layout-flow wp-block-group-is-layout-flow\">\n<div class=\"wp-block-columns is-layout-flex wp-container-core-columns-is-layout-9d6595d7 wp-block-columns-is-layout-flex\">\n<div class=\"wp-block-column align-self-center is-layout-flow wp-block-column-is-layout-flow\" style=\"flex-basis:58%\">\n<h2 class=\"wp-block-heading\"><strong>Justicia social<\/strong><\/h2>\n\n\n\n<p class=\"has-medium-font-size\">Por qu\u00e9 no puedes culpar del encarcelamiento masivo a la guerra contra las drogas<\/p>\n\n\n\n<p><strong>\u00abEl principal fallo de la Historia Est\u00e1ndar es que pone sistem\u00e1ticamente el foco de atenci\u00f3n en estad\u00edsticas y acontecimientos que son impactantes pero que, en el gran esquema de las cosas, no son verdaderamente importantes para resolver los problemas a los que nos enfrentamos\u00bb, escribe. \u00abComo resultado, presta muy poca atenci\u00f3n a las causas m\u00e1s mundanas, pero mucho m\u00e1s influyentes, del crecimiento de las prisiones\u00bb. <\/strong><\/p>\n\n\n\n<p><\/p>\n\n\n\n<div class=\"wp-block-buttons mt-4 is-layout-flex wp-block-buttons-is-layout-flex\">\n<div class=\"wp-block-button\"><a class=\"wp-block-button__link has-white-color has-blue-background-color has-text-color has-background\" href=\"https:\/\/www.vox.com\/policy-and-politics\/2017\/5\/30\/15591700\/mass-incarceration-john-pfaff-locked-in\" target=\"_blank\" rel=\"noreferrer noopener\">Leer el art\u00edculo completo<\/a><\/div>\n<\/div>\n<\/div>\n\n\n\n<div class=\"wp-block-column is-layout-flow wp-block-column-is-layout-flow\" style=\"flex-basis:42%\">\n<figure class=\"wp-block-image size-large\"><img loading=\"lazy\" decoding=\"async\" width=\"1024\" height=\"643\" src=\"https:\/\/everybrainmatters.org\/wp-content\/uploads\/social-justice.jpg\" alt=\"\" class=\"wp-image-17869\" srcset=\"https:\/\/everybrainmatters.org\/wp-content\/uploads\/social-justice.jpg 1024w, https:\/\/everybrainmatters.org\/wp-content\/uploads\/social-justice-600x377.jpg 600w, https:\/\/everybrainmatters.org\/wp-content\/uploads\/social-justice-300x188.jpg 300w, https:\/\/everybrainmatters.org\/wp-content\/uploads\/social-justice-768x482.jpg 768w\" sizes=\"auto, (max-width: 1024px) 100vw, 1024px\" \/><\/figure>\n<\/div>\n<\/div>\n<\/div><\/div>\n\n<div class=\"wp-block-group py-5 is-style-width-full has-blue-color has-green-background-color has-text-color has-background\"><div class=\"wp-block-group__inner-container is-layout-flow wp-block-group-is-layout-flow\">\n<div class=\"wp-block-columns is-layout-flex wp-container-core-columns-is-layout-9d6595d7 wp-block-columns-is-layout-flex\">\n<div class=\"wp-block-column is-layout-flow wp-block-column-is-layout-flow\" style=\"flex-basis:42%\">\n<figure class=\"wp-block-embed-youtube wp-block-embed is-type-video is-provider-youtube wp-embed-aspect-16-9 wp-has-aspect-ratio\"><div class=\"wp-block-embed__wrapper\">\n<iframe loading=\"lazy\" title=\"Is Marijuana Legalization Good for Social Justice?\" width=\"500\" height=\"281\" src=\"https:\/\/www.youtube.com\/embed\/g0qQEJk0Emc?feature=oembed\" frameborder=\"0\" allow=\"accelerometer; autoplay; clipboard-write; encrypted-media; gyroscope; picture-in-picture; web-share\" referrerpolicy=\"strict-origin-when-cross-origin\" allowfullscreen><\/iframe>\n<\/div><\/figure>\n<\/div>\n\n\n\n<div class=\"wp-block-column align-self-center pl-lg-5 is-layout-flow wp-block-column-is-layout-flow\" style=\"flex-basis:58%\">\n<h2 class=\"wp-block-heading\"><strong>\u00ab\u00bfCrees que lo sabes?\u00bb \u00ab\u00bfEs la marihuana buena para la justicia social?<\/strong><\/h2>\n\n\n\n<p>Es popular decir que la marihuana se ilegaliz\u00f3 por racismo. La verdad es que la marihuana se prohibi\u00f3 por primera vez en un hospital militar de Ciudad de M\u00e9xico en 1882, donde se utilizaba para tratar el dolor, en un esfuerzo por prevenir la violencia y el desorden. Posteriormente, M\u00e9xico prohibi\u00f3 toda producci\u00f3n, venta y uso recreativo en 1920, y la exportaci\u00f3n en 1927. Esto fue el resultado de que las autoridades egipcias pidieran a la comunidad internacional que se uniera a un tratado para ilegalizarla en todo el mundo en 1925. Hasta 1985, unos 60 a\u00f1os despu\u00e9s, un libro de un autor estadounidense no se refiri\u00f3 a las leyes sobre la marihuana como racistas.    <\/p>\n\n\n\n<p>Cualquier afirmaci\u00f3n de que la marihuana es ilegal en EEUU por racismo est\u00e1 en conflicto con la historia.<\/p>\n\n\n\n<p>\u00bfM\u00e1s tiendas de hierba en nuestros barrios y marihuana en nuestros hogares reducir\u00e1n realmente las tasas de encarcelamiento y mejorar\u00e1n la calidad de vida de las minor\u00edas? Creemos que no. Cada cerebro importa, y la marihuana es un destructor de oportunidades por igual.  <\/p>\n\n\n\n<div class=\"wp-block-buttons mt-4 is-layout-flex wp-block-buttons-is-layout-flex\">\n<div class=\"wp-block-button\"><a class=\"wp-block-button__link has-white-color has-blue-background-color has-text-color has-background\" href=\"https:\/\/poppot.org\/2020\/07\/14\/is-marijuana-good-for-social-justice\/\" target=\"_blank\" rel=\"noreferrer noopener\">Seguir leyendo<\/a><\/div>\n<\/div>\n<\/div>\n<\/div>\n<\/div><\/div>\n","protected":false},"excerpt":{"rendered":"<p>Justicia social Por qu\u00e9 no puedes culpar del encarcelamiento masivo a la guerra contra las drogas \u00abEl principal fallo de&#8230;<\/p>\n","protected":false},"author":11,"featured_media":0,"parent":0,"menu_order":0,"comment_status":"closed","ping_status":"closed","template":"page-fullwidth.php","meta":{"_acf_changed":false,"_editorskit_title_hidden":false,"_editorskit_reading_time":0,"_editorskit_is_block_options_detached":false,"_editorskit_block_options_position":"{}","footnotes":""},"class_list":["post-46619","page","type-page","status-publish","hentry"],"acf":[],"yoast_head":"<!-- This site is optimized with the Yoast SEO plugin v26.1.1 - https:\/\/yoast.com\/wordpress\/plugins\/seo\/ -->\n<title>Justicia social - Every Brain Matters<\/title>\n<meta name=\"robots\" content=\"index, follow, max-snippet:-1, max-image-preview:large, max-video-preview:-1\" \/>\n<link rel=\"canonical\" href=\"https:\/\/everybrainmatters.org\/es\/justicia-social\/\" \/>\n<meta property=\"og:locale\" content=\"es_ES\" \/>\n<meta property=\"og:type\" content=\"article\" \/>\n<meta property=\"og:title\" content=\"Justicia social - Every Brain Matters\" \/>\n<meta property=\"og:description\" content=\"Justicia social Por qu\u00e9 no puedes culpar del encarcelamiento masivo a la guerra contra las drogas \u00abEl principal fallo de...\" \/>\n<meta property=\"og:url\" content=\"https:\/\/everybrainmatters.org\/es\/justicia-social\/\" \/>\n<meta property=\"og:site_name\" content=\"Every Brain Matters\" \/>\n<meta property=\"article:modified_time\" content=\"2025-10-21T13:57:37+00:00\" \/>\n<meta property=\"og:image\" content=\"https:\/\/everybrainmatters.org\/wp-content\/uploads\/social-justice.jpg\" \/>\n\t<meta property=\"og:image:width\" content=\"1024\" \/>\n\t<meta property=\"og:image:height\" content=\"643\" \/>\n\t<meta property=\"og:image:type\" content=\"image\/jpeg\" \/>\n<meta name=\"twitter:card\" content=\"summary_large_image\" \/>\n<meta name=\"twitter:label1\" content=\"Est. reading time\" \/>\n\t<meta name=\"twitter:data1\" content=\"1 minuto\" \/>\n<script type=\"application\/ld+json\" class=\"yoast-schema-graph\">{\"@context\":\"https:\/\/schema.org\",\"@graph\":[{\"@type\":\"WebPage\",\"@id\":\"https:\/\/everybrainmatters.org\/es\/justicia-social\/\",\"url\":\"https:\/\/everybrainmatters.org\/es\/justicia-social\/\",\"name\":\"Justicia social - Every Brain Matters\",\"isPartOf\":{\"@id\":\"https:\/\/everybrainmatters.org\/es\/#website\"},\"primaryImageOfPage\":{\"@id\":\"https:\/\/everybrainmatters.org\/es\/justicia-social\/#primaryimage\"},\"image\":{\"@id\":\"https:\/\/everybrainmatters.org\/es\/justicia-social\/#primaryimage\"},\"thumbnailUrl\":\"https:\/\/everybrainmatters.org\/wp-content\/uploads\/social-justice.jpg\",\"datePublished\":\"2020-10-20T05:55:08+00:00\",\"dateModified\":\"2025-10-21T13:57:37+00:00\",\"breadcrumb\":{\"@id\":\"https:\/\/everybrainmatters.org\/es\/justicia-social\/#breadcrumb\"},\"inLanguage\":\"es-ES\",\"potentialAction\":[{\"@type\":\"ReadAction\",\"target\":[\"https:\/\/everybrainmatters.org\/es\/justicia-social\/\"]}]},{\"@type\":\"ImageObject\",\"inLanguage\":\"es-ES\",\"@id\":\"https:\/\/everybrainmatters.org\/es\/justicia-social\/#primaryimage\",\"url\":\"https:\/\/everybrainmatters.org\/wp-content\/uploads\/social-justice.jpg\",\"contentUrl\":\"https:\/\/everybrainmatters.org\/wp-content\/uploads\/social-justice.jpg\"},{\"@type\":\"BreadcrumbList\",\"@id\":\"https:\/\/everybrainmatters.org\/es\/justicia-social\/#breadcrumb\",\"itemListElement\":[{\"@type\":\"ListItem\",\"position\":1,\"name\":\"Home\",\"item\":\"https:\/\/everybrainmatters.org\/es\/\"},{\"@type\":\"ListItem\",\"position\":2,\"name\":\"Justicia social\"}]},{\"@type\":\"WebSite\",\"@id\":\"https:\/\/everybrainmatters.org\/es\/#website\",\"url\":\"https:\/\/everybrainmatters.org\/es\/\",\"name\":\"Every Brain Matters\",\"description\":\"\",\"publisher\":{\"@id\":\"https:\/\/everybrainmatters.org\/es\/#organization\"},\"potentialAction\":[{\"@type\":\"SearchAction\",\"target\":{\"@type\":\"EntryPoint\",\"urlTemplate\":\"https:\/\/everybrainmatters.org\/es\/?s={search_term_string}\"},\"query-input\":{\"@type\":\"PropertyValueSpecification\",\"valueRequired\":true,\"valueName\":\"search_term_string\"}}],\"inLanguage\":\"es-ES\"},{\"@type\":\"Organization\",\"@id\":\"https:\/\/everybrainmatters.org\/es\/#organization\",\"name\":\"Every Brain Matters\",\"url\":\"https:\/\/everybrainmatters.org\/es\/\",\"logo\":{\"@type\":\"ImageObject\",\"inLanguage\":\"es-ES\",\"@id\":\"https:\/\/everybrainmatters.org\/es\/#\/schema\/logo\/image\/\",\"url\":\"https:\/\/everybrainmatters.org\/wp-content\/uploads\/AllBrains_3.jpg\",\"contentUrl\":\"https:\/\/everybrainmatters.org\/wp-content\/uploads\/AllBrains_3.jpg\",\"width\":1000,\"height\":1087,\"caption\":\"Every Brain Matters\"},\"image\":{\"@id\":\"https:\/\/everybrainmatters.org\/es\/#\/schema\/logo\/image\/\"}}]}<\/script>\n<!-- \/ Yoast SEO plugin. -->","yoast_head_json":{"title":"Justicia social - Every Brain Matters","robots":{"index":"index","follow":"follow","max-snippet":"max-snippet:-1","max-image-preview":"max-image-preview:large","max-video-preview":"max-video-preview:-1"},"canonical":"https:\/\/everybrainmatters.org\/es\/justicia-social\/","og_locale":"es_ES","og_type":"article","og_title":"Justicia social - Every Brain Matters","og_description":"Justicia social Por qu\u00e9 no puedes culpar del encarcelamiento masivo a la guerra contra las drogas \u00abEl principal fallo de...","og_url":"https:\/\/everybrainmatters.org\/es\/justicia-social\/","og_site_name":"Every Brain Matters","article_modified_time":"2025-10-21T13:57:37+00:00","og_image":[{"width":1024,"height":643,"url":"https:\/\/everybrainmatters.org\/wp-content\/uploads\/social-justice.jpg","type":"image\/jpeg"}],"twitter_card":"summary_large_image","twitter_misc":{"Est. reading time":"1 minuto"},"schema":{"@context":"https:\/\/schema.org","@graph":[{"@type":"WebPage","@id":"https:\/\/everybrainmatters.org\/es\/justicia-social\/","url":"https:\/\/everybrainmatters.org\/es\/justicia-social\/","name":"Justicia social - Every Brain Matters","isPartOf":{"@id":"https:\/\/everybrainmatters.org\/es\/#website"},"primaryImageOfPage":{"@id":"https:\/\/everybrainmatters.org\/es\/justicia-social\/#primaryimage"},"image":{"@id":"https:\/\/everybrainmatters.org\/es\/justicia-social\/#primaryimage"},"thumbnailUrl":"https:\/\/everybrainmatters.org\/wp-content\/uploads\/social-justice.jpg","datePublished":"2020-10-20T05:55:08+00:00","dateModified":"2025-10-21T13:57:37+00:00","breadcrumb":{"@id":"https:\/\/everybrainmatters.org\/es\/justicia-social\/#breadcrumb"},"inLanguage":"es-ES","potentialAction":[{"@type":"ReadAction","target":["https:\/\/everybrainmatters.org\/es\/justicia-social\/"]}]},{"@type":"ImageObject","inLanguage":"es-ES","@id":"https:\/\/everybrainmatters.org\/es\/justicia-social\/#primaryimage","url":"https:\/\/everybrainmatters.org\/wp-content\/uploads\/social-justice.jpg","contentUrl":"https:\/\/everybrainmatters.org\/wp-content\/uploads\/social-justice.jpg"},{"@type":"BreadcrumbList","@id":"https:\/\/everybrainmatters.org\/es\/justicia-social\/#breadcrumb","itemListElement":[{"@type":"ListItem","position":1,"name":"Home","item":"https:\/\/everybrainmatters.org\/es\/"},{"@type":"ListItem","position":2,"name":"Justicia social"}]},{"@type":"WebSite","@id":"https:\/\/everybrainmatters.org\/es\/#website","url":"https:\/\/everybrainmatters.org\/es\/","name":"Every Brain Matters","description":"","publisher":{"@id":"https:\/\/everybrainmatters.org\/es\/#organization"},"potentialAction":[{"@type":"SearchAction","target":{"@type":"EntryPoint","urlTemplate":"https:\/\/everybrainmatters.org\/es\/?s={search_term_string}"},"query-input":{"@type":"PropertyValueSpecification","valueRequired":true,"valueName":"search_term_string"}}],"inLanguage":"es-ES"},{"@type":"Organization","@id":"https:\/\/everybrainmatters.org\/es\/#organization","name":"Every Brain Matters","url":"https:\/\/everybrainmatters.org\/es\/","logo":{"@type":"ImageObject","inLanguage":"es-ES","@id":"https:\/\/everybrainmatters.org\/es\/#\/schema\/logo\/image\/","url":"https:\/\/everybrainmatters.org\/wp-content\/uploads\/AllBrains_3.jpg","contentUrl":"https:\/\/everybrainmatters.org\/wp-content\/uploads\/AllBrains_3.jpg","width":1000,"height":1087,"caption":"Every Brain Matters"},"image":{"@id":"https:\/\/everybrainmatters.org\/es\/#\/schema\/logo\/image\/"}}]}},"_links":{"self":[{"href":"https:\/\/everybrainmatters.org\/es\/wp-json\/wp\/v2\/pages\/46619","targetHints":{"allow":["GET"]}}],"collection":[{"href":"https:\/\/everybrainmatters.org\/es\/wp-json\/wp\/v2\/pages"}],"about":[{"href":"https:\/\/everybrainmatters.org\/es\/wp-json\/wp\/v2\/types\/page"}],"author":[{"embeddable":true,"href":"https:\/\/everybrainmatters.org\/es\/wp-json\/wp\/v2\/users\/11"}],"replies":[{"embeddable":true,"href":"https:\/\/everybrainmatters.org\/es\/wp-json\/wp\/v2\/comments?post=46619"}],"version-history":[{"count":0,"href":"https:\/\/everybrainmatters.org\/es\/wp-json\/wp\/v2\/pages\/46619\/revisions"}],"wp:attachment":[{"href":"https:\/\/everybrainmatters.org\/es\/wp-json\/wp\/v2\/media?parent=46619"}],"curies":[{"name":"wp","href":"https:\/\/api.w.org\/{rel}","templated":true}]}}