{"id":46620,"date":"2020-10-20T00:47:33","date_gmt":"2020-10-20T05:47:33","guid":{"rendered":"https:\/\/everybrainmatters.org\/cancer-con-marihuana\/"},"modified":"2025-10-21T08:57:38","modified_gmt":"2025-10-21T13:57:38","slug":"cancer-con-marihuana","status":"publish","type":"page","link":"https:\/\/everybrainmatters.org\/es\/cancer-con-marihuana\/","title":{"rendered":"C\u00e1ncer con marihuana"},"content":{"rendered":"\n<ul class=\"wp-block-list\" style=\"font-size:17px\"><li><a href=\"https:\/\/bmccancer.biomedcentral.com\/articles\/10.1186\/s12885-021-07924-3\" class=\"ek-link\">Una exploraci\u00f3n epidemiol\u00f3gica geoespacial y de inferencia causal de la exposici\u00f3n a sustancias y cannabinoides como factores del aumento de las tasas de c\u00e1ncer pedi\u00e1trico en EE.UU<\/a>. 2021, 25 de febrero<\/li><li><a href=\"https:\/\/aacrjournals.org\/clincancerres\/article\/26\/11\/2693\/332371\/Cannabinoids-Promote-Progression-of-HPV-Positive\" class=\"ek-link\">C\u00f3mo acelera la marihuana el crecimiento del c\u00e1ncer de cabeza y cuello relacionado con el VPH Identificado<\/a> 2020, 13 de enero<\/li><li><a href=\"https:\/\/www.ncbi.nlm.nih.gov\/pmc\/articles\/PMC5812006\/\" class=\"ek-link\">Consumo de cannabis e incidencia del c\u00e1ncer testicular<\/a> 2018, 14 de febrero<\/li><li><a href=\"https:\/\/www.dentistrytoday.com\/thc-accelerates-head-and-neck-cancer-growth\/#:~:text=Researchers%20at%20the%20University%20of,and%20neck%20squamous%20cell%20carcinoma.\" class=\"ek-link\">El THC acelera el crecimiento del c\u00e1ncer de cabeza y cuello<\/a> 2020, 15 de enero<\/li><li><a href=\"Cannabis:%20Efectos%20Salud%20Oral\" class=\"ek-link\">Cannabis: Efectos en la salud bucodental<\/a>, 2021, 16 de septiembre<\/li><li><a href=\"https:\/\/www.ncbi.nlm.nih.gov\/pmc\/articles\/PMC5812006\/\" class=\"ek-link\">Consumo de marihuana y riesgo de c\u00e1ncer de pulm\u00f3n: un estudio de cohortes de 40 a\u00f1os 2013, octubre<\/a><br\/><\/li><\/ul>\n\n<hr class=\"wp-block-separator has-alpha-channel-opacity\"\/>\n\n<div class=\"wp-block-columns is-layout-flex wp-container-core-columns-is-layout-9d6595d7 wp-block-columns-is-layout-flex\">\n<div class=\"wp-block-column is-layout-flow wp-block-column-is-layout-flow\">\n<p style=\"font-size:16px\"><a href=\"https:\/\/bmccancer.biomedcentral.com\/articles\/10.1186\/s12885-021-07924-3\" class=\"ek-link\">A geospatiotemporal and causal inference epidemiological exploration of substance and cannabinoid exposure as drivers of rising US pediatric cancer rates<\/a><br\/><em>BMC Cancer<\/em>, 2021, February 25<\/p>\n\n\n\n<p style=\"font-size:16px\">Los datos confirman una estrecha relaci\u00f3n espacial y temporal entre el cannabis y el TPCIR, que fue robusta al ajuste, apoyada por procedimientos de ponderaci\u00f3n de probabilidad inversa y acompa\u00f1ada de valores e elevados que hacen improbable la confusi\u00f3n y establecen la relaci\u00f3n causal. Las jurisdicciones liberales con respecto al cannabis se asociaron a tasas m\u00e1s elevadas de TPCIR y a una tasa m\u00e1s r\u00e1pida de aumento del TPCIR. Los datos informan sobre la consideraci\u00f3n general m\u00e1s amplia de la genotoxicidad inducida por los cannabinoides&#8230;  <\/p>\n<\/div>\n\n\n\n<div class=\"wp-block-column is-layout-flow wp-block-column-is-layout-flow\">\n<p style=\"font-size:16px\"><a href=\"https:\/\/aacrjournals.org\/clincancerres\/article\/26\/11\/2693\/332371\/Cannabinoids-Promote-Progression-of-HPV-Positive\" class=\"ek-link\">C\u00f3mo acelera la marihuana el crecimiento del c\u00e1ncer de cabeza y cuello relacionado con el VPH identificado<\/a> en 2020, <em>Clin Cancer Res<\/em>, 13 de enero de 2020<\/p>\n\n\n\n<p style=\"font-size:16px\">El ingrediente que provoca el coloc\u00f3n asociado al cannabis, el tetrahidrocannabinol (THC), ha sido identificado como el mecanismo molecular que acelera el crecimiento del c\u00e1ncer en pacientes con carcinoma de c\u00e9lulas escamosas de cabeza y cuello positivo al virus del papiloma humano (VPH), seg\u00fan una investigaci\u00f3n dirigida por la Facultad de Medicina de la Universidad de California en San Diego&#8230;.<\/p>\n<\/div>\n<\/div>\n\n<hr class=\"wp-block-separator has-css-opacity\"\/>\n\n<div class=\"wp-block-columns is-layout-flex wp-container-core-columns-is-layout-9d6595d7 wp-block-columns-is-layout-flex\">\n<div class=\"wp-block-column is-layout-flow wp-block-column-is-layout-flow\">\n<p style=\"font-size:16px\"><a href=\"https:\/\/www.ncbi.nlm.nih.gov\/pmc\/articles\/PMC5812006\/\" class=\"ek-link\">Consumo de cannabis e incidencia de c\u00e1ncer testicular<\/a> <em>National Center for Biotechnology Information<\/em>, 2018, 14 de febrero<\/p>\n\n\n\n<p id=\"P3\" style=\"font-size:16px\">El consumo \u00abintenso\u00bb de cannabis (definido como el consumo de m\u00e1s de 50 veces en la vida, medido en el momento del reclutamiento) se asoci\u00f3 con la incidencia de c\u00e1ncer testicular<em>(n<\/em> = 45 250; 119 casos de c\u00e1ncer testicular; AHR 2,57; IC 95%, 1,02, 6,50).<\/p>\n\n\n\n<p id=\"P4\" style=\"font-size:16px\">El estudio actual aporta pruebas adicionales a la limitada literatura previa que sugiere que el consumo de cannabis puede contribuir al desarrollo del c\u00e1ncer testicular&#8230;<\/p>\n<\/div>\n\n\n\n<div class=\"wp-block-column is-layout-flow wp-block-column-is-layout-flow\">\n<p style=\"font-size:16px\"><a href=\"https:\/\/www.dentistrytoday.com\/thc-accelerates-head-and-neck-cancer-growth\/#:~:text=Researchers%20at%20the%20University%20of,and%20neck%20squamous%20cell%20carcinoma.\" class=\"ek-link\">El THC acelera el crecimiento del c\u00e1ncer de cabeza y cuello<\/a> <br\/>Investigadores de la Facultad de Medicina de la Universidad de California en San Diego 2020, 15 de enero<\/p>\n\n\n\n<p style=\"font-size:16px\">Investigadores de <a href=\"https:\/\/medschool.ucsd.edu\/Pages\/default.aspx\" target=\"_blank\" rel=\"noreferrer noopener\">la Facultad de Medicina<\/a> de la Universidad de California en San Diego han identificado el mecanismo molecular activado por la presencia de tetrahidrocannabinol (THC) en el torrente sangu\u00edneo que acelera el crecimiento del c\u00e1ncer en pacientes con carcinoma de c\u00e9lulas escamosas de cabeza y cuello positivo al VPH.  <\/p>\n<\/div>\n<\/div>\n\n<hr class=\"wp-block-separator has-css-opacity\"\/>\n\n<div class=\"wp-block-columns is-layout-flex wp-container-core-columns-is-layout-9d6595d7 wp-block-columns-is-layout-flex\">\n<div class=\"wp-block-column is-layout-flow wp-block-column-is-layout-flow\">\n<p style=\"font-size:16px\"><a href=\"Cannabis:%20Efectos%20Salud%20Oral\" class=\"ek-link\">Cannabis: Efectos en la salud bucodental<\/a><br\/><em>Asociaci\u00f3n Dental Americana<\/em>, 2021, 16 de septiembre<\/p>\n\n\n\n<ul class=\"wp-block-list\" style=\"font-size:16px\"><li>Fumar cannabis se asocia a complicaciones periodontales, xerostom\u00eda y leucoplasia, as\u00ed como a un mayor riesgo de c\u00e1ncer de boca y cuello.<\/li><li>Hist\u00f3ricamente, el cannabis se ha fumado como marihuana, pero cada vez est\u00e1 m\u00e1s disponible en otras formas, como productos comestibles y de aplicaci\u00f3n t\u00f3pica.<\/li><li>El consumo de cannabis ha aumentado en los \u00faltimos a\u00f1os, junto con la legalizaci\u00f3n estatal, aunque sigue estando prohibido a nivel federal.<\/li><\/ul>\n<\/div>\n\n\n\n<div class=\"wp-block-column is-layout-flow wp-block-column-is-layout-flow\">\n<p style=\"font-size:16px\"><a href=\"https:\/\/www.ncbi.nlm.nih.gov\/pmc\/articles\/PMC5812006\/\" class=\"ek-link\">Consumo de marihuana y riesgo de c\u00e1ncer de pulm\u00f3n: un estudio de cohortes de 40 a\u00f1os<\/a><br\/>Callaghan, R.C., Allebeck, P. &amp; Sidorchuk, A, 2013, octubre<\/p>\n\n\n\n<p style=\"font-size:16px\">Nuestro principal hallazgo proporciona pruebas longitudinales iniciales de que el consumo de cannabis podr\u00eda elevar el riesgo de c\u00e1ncer de pulm\u00f3n. A la luz del consumo generalizado de marihuana, especialmente entre adolescentes y adultos j\u00f3venes, nuestro estudio proporciona datos importantes para informar sobre el c\u00e1lculo del riesgo-beneficio de fumar marihuana en entornos m\u00e9dicos, de salud p\u00fablica y de pol\u00edticas sobre drogas. <\/p>\n<\/div>\n<\/div>\n","protected":false},"excerpt":{"rendered":"<p>Una exploraci\u00f3n epidemiol\u00f3gica geoespacial y de inferencia causal de la exposici\u00f3n a sustancias y cannabinoides como factores del aumento de&#8230;<\/p>\n","protected":false},"author":11,"featured_media":0,"parent":0,"menu_order":0,"comment_status":"closed","ping_status":"closed","template":"","meta":{"_acf_changed":false,"_editorskit_title_hidden":false,"_editorskit_reading_time":0,"_editorskit_is_block_options_detached":false,"_editorskit_block_options_position":"{}","footnotes":""},"class_list":["post-46620","page","type-page","status-publish","hentry"],"acf":[],"yoast_head":"<!-- This site is optimized with the Yoast SEO plugin v26.1.1 - https:\/\/yoast.com\/wordpress\/plugins\/seo\/ -->\n<title>C\u00e1ncer con marihuana - Every Brain Matters<\/title>\n<meta name=\"robots\" content=\"index, follow, max-snippet:-1, max-image-preview:large, max-video-preview:-1\" \/>\n<link rel=\"canonical\" href=\"https:\/\/everybrainmatters.org\/es\/cancer-con-marihuana\/\" \/>\n<meta property=\"og:locale\" content=\"es_ES\" \/>\n<meta property=\"og:type\" content=\"article\" \/>\n<meta property=\"og:title\" content=\"C\u00e1ncer con marihuana - Every Brain Matters\" \/>\n<meta property=\"og:description\" content=\"Una exploraci\u00f3n epidemiol\u00f3gica geoespacial y de inferencia causal de la exposici\u00f3n a sustancias y cannabinoides como factores del aumento de...\" \/>\n<meta property=\"og:url\" content=\"https:\/\/everybrainmatters.org\/es\/cancer-con-marihuana\/\" \/>\n<meta property=\"og:site_name\" content=\"Every Brain Matters\" \/>\n<meta property=\"article:modified_time\" content=\"2025-10-21T13:57:38+00:00\" \/>\n<meta property=\"og:image\" content=\"https:\/\/everybrainmatters.org\/wp-content\/uploads\/AllBrains_3.jpg\" \/>\n\t<meta property=\"og:image:width\" content=\"1000\" \/>\n\t<meta property=\"og:image:height\" content=\"1087\" \/>\n\t<meta property=\"og:image:type\" content=\"image\/jpeg\" \/>\n<meta name=\"twitter:card\" content=\"summary_large_image\" \/>\n<meta name=\"twitter:label1\" content=\"Est. reading time\" \/>\n\t<meta name=\"twitter:data1\" content=\"3 minutos\" \/>\n<script type=\"application\/ld+json\" class=\"yoast-schema-graph\">{\"@context\":\"https:\/\/schema.org\",\"@graph\":[{\"@type\":\"WebPage\",\"@id\":\"https:\/\/everybrainmatters.org\/es\/cancer-con-marihuana\/\",\"url\":\"https:\/\/everybrainmatters.org\/es\/cancer-con-marihuana\/\",\"name\":\"C\u00e1ncer con marihuana - Every Brain Matters\",\"isPartOf\":{\"@id\":\"https:\/\/everybrainmatters.org\/es\/#website\"},\"datePublished\":\"2020-10-20T05:47:33+00:00\",\"dateModified\":\"2025-10-21T13:57:38+00:00\",\"breadcrumb\":{\"@id\":\"https:\/\/everybrainmatters.org\/es\/cancer-con-marihuana\/#breadcrumb\"},\"inLanguage\":\"es-ES\",\"potentialAction\":[{\"@type\":\"ReadAction\",\"target\":[\"https:\/\/everybrainmatters.org\/es\/cancer-con-marihuana\/\"]}]},{\"@type\":\"BreadcrumbList\",\"@id\":\"https:\/\/everybrainmatters.org\/es\/cancer-con-marihuana\/#breadcrumb\",\"itemListElement\":[{\"@type\":\"ListItem\",\"position\":1,\"name\":\"Home\",\"item\":\"https:\/\/everybrainmatters.org\/es\/\"},{\"@type\":\"ListItem\",\"position\":2,\"name\":\"C\u00e1ncer con marihuana\"}]},{\"@type\":\"WebSite\",\"@id\":\"https:\/\/everybrainmatters.org\/es\/#website\",\"url\":\"https:\/\/everybrainmatters.org\/es\/\",\"name\":\"Every Brain Matters\",\"description\":\"\",\"publisher\":{\"@id\":\"https:\/\/everybrainmatters.org\/es\/#organization\"},\"potentialAction\":[{\"@type\":\"SearchAction\",\"target\":{\"@type\":\"EntryPoint\",\"urlTemplate\":\"https:\/\/everybrainmatters.org\/es\/?s={search_term_string}\"},\"query-input\":{\"@type\":\"PropertyValueSpecification\",\"valueRequired\":true,\"valueName\":\"search_term_string\"}}],\"inLanguage\":\"es-ES\"},{\"@type\":\"Organization\",\"@id\":\"https:\/\/everybrainmatters.org\/es\/#organization\",\"name\":\"Every Brain Matters\",\"url\":\"https:\/\/everybrainmatters.org\/es\/\",\"logo\":{\"@type\":\"ImageObject\",\"inLanguage\":\"es-ES\",\"@id\":\"https:\/\/everybrainmatters.org\/es\/#\/schema\/logo\/image\/\",\"url\":\"https:\/\/everybrainmatters.org\/wp-content\/uploads\/AllBrains_3.jpg\",\"contentUrl\":\"https:\/\/everybrainmatters.org\/wp-content\/uploads\/AllBrains_3.jpg\",\"width\":1000,\"height\":1087,\"caption\":\"Every Brain Matters\"},\"image\":{\"@id\":\"https:\/\/everybrainmatters.org\/es\/#\/schema\/logo\/image\/\"}}]}<\/script>\n<!-- \/ Yoast SEO plugin. -->","yoast_head_json":{"title":"C\u00e1ncer con marihuana - Every Brain Matters","robots":{"index":"index","follow":"follow","max-snippet":"max-snippet:-1","max-image-preview":"max-image-preview:large","max-video-preview":"max-video-preview:-1"},"canonical":"https:\/\/everybrainmatters.org\/es\/cancer-con-marihuana\/","og_locale":"es_ES","og_type":"article","og_title":"C\u00e1ncer con marihuana - Every Brain Matters","og_description":"Una exploraci\u00f3n epidemiol\u00f3gica geoespacial y de inferencia causal de la exposici\u00f3n a sustancias y cannabinoides como factores del aumento de...","og_url":"https:\/\/everybrainmatters.org\/es\/cancer-con-marihuana\/","og_site_name":"Every Brain Matters","article_modified_time":"2025-10-21T13:57:38+00:00","og_image":[{"width":1000,"height":1087,"url":"https:\/\/everybrainmatters.org\/wp-content\/uploads\/AllBrains_3.jpg","type":"image\/jpeg"}],"twitter_card":"summary_large_image","twitter_misc":{"Est. reading time":"3 minutos"},"schema":{"@context":"https:\/\/schema.org","@graph":[{"@type":"WebPage","@id":"https:\/\/everybrainmatters.org\/es\/cancer-con-marihuana\/","url":"https:\/\/everybrainmatters.org\/es\/cancer-con-marihuana\/","name":"C\u00e1ncer con marihuana - Every Brain Matters","isPartOf":{"@id":"https:\/\/everybrainmatters.org\/es\/#website"},"datePublished":"2020-10-20T05:47:33+00:00","dateModified":"2025-10-21T13:57:38+00:00","breadcrumb":{"@id":"https:\/\/everybrainmatters.org\/es\/cancer-con-marihuana\/#breadcrumb"},"inLanguage":"es-ES","potentialAction":[{"@type":"ReadAction","target":["https:\/\/everybrainmatters.org\/es\/cancer-con-marihuana\/"]}]},{"@type":"BreadcrumbList","@id":"https:\/\/everybrainmatters.org\/es\/cancer-con-marihuana\/#breadcrumb","itemListElement":[{"@type":"ListItem","position":1,"name":"Home","item":"https:\/\/everybrainmatters.org\/es\/"},{"@type":"ListItem","position":2,"name":"C\u00e1ncer con marihuana"}]},{"@type":"WebSite","@id":"https:\/\/everybrainmatters.org\/es\/#website","url":"https:\/\/everybrainmatters.org\/es\/","name":"Every Brain Matters","description":"","publisher":{"@id":"https:\/\/everybrainmatters.org\/es\/#organization"},"potentialAction":[{"@type":"SearchAction","target":{"@type":"EntryPoint","urlTemplate":"https:\/\/everybrainmatters.org\/es\/?s={search_term_string}"},"query-input":{"@type":"PropertyValueSpecification","valueRequired":true,"valueName":"search_term_string"}}],"inLanguage":"es-ES"},{"@type":"Organization","@id":"https:\/\/everybrainmatters.org\/es\/#organization","name":"Every Brain Matters","url":"https:\/\/everybrainmatters.org\/es\/","logo":{"@type":"ImageObject","inLanguage":"es-ES","@id":"https:\/\/everybrainmatters.org\/es\/#\/schema\/logo\/image\/","url":"https:\/\/everybrainmatters.org\/wp-content\/uploads\/AllBrains_3.jpg","contentUrl":"https:\/\/everybrainmatters.org\/wp-content\/uploads\/AllBrains_3.jpg","width":1000,"height":1087,"caption":"Every Brain Matters"},"image":{"@id":"https:\/\/everybrainmatters.org\/es\/#\/schema\/logo\/image\/"}}]}},"_links":{"self":[{"href":"https:\/\/everybrainmatters.org\/es\/wp-json\/wp\/v2\/pages\/46620","targetHints":{"allow":["GET"]}}],"collection":[{"href":"https:\/\/everybrainmatters.org\/es\/wp-json\/wp\/v2\/pages"}],"about":[{"href":"https:\/\/everybrainmatters.org\/es\/wp-json\/wp\/v2\/types\/page"}],"author":[{"embeddable":true,"href":"https:\/\/everybrainmatters.org\/es\/wp-json\/wp\/v2\/users\/11"}],"replies":[{"embeddable":true,"href":"https:\/\/everybrainmatters.org\/es\/wp-json\/wp\/v2\/comments?post=46620"}],"version-history":[{"count":0,"href":"https:\/\/everybrainmatters.org\/es\/wp-json\/wp\/v2\/pages\/46620\/revisions"}],"wp:attachment":[{"href":"https:\/\/everybrainmatters.org\/es\/wp-json\/wp\/v2\/media?parent=46620"}],"curies":[{"name":"wp","href":"https:\/\/api.w.org\/{rel}","templated":true}]}}