{"id":46621,"date":"2020-10-20T00:54:50","date_gmt":"2020-10-20T05:54:50","guid":{"rendered":"https:\/\/everybrainmatters.org\/maltrato-y-abandono-infantil\/"},"modified":"2025-10-21T08:57:38","modified_gmt":"2025-10-21T13:57:38","slug":"maltrato-y-abandono-infantil","status":"publish","type":"page","link":"https:\/\/everybrainmatters.org\/es\/maltrato-y-abandono-infantil\/","title":{"rendered":"Maltrato y abandono infantil"},"content":{"rendered":"\n<div class=\"wp-block-group py-5 is-style-width-full has-yellow-background-color has-background\"><div class=\"wp-block-group__inner-container is-layout-flow wp-block-group-is-layout-flow\">\n<div class=\"wp-block-columns is-layout-flex wp-container-core-columns-is-layout-9d6595d7 wp-block-columns-is-layout-flex\">\n<div class=\"wp-block-column align-self-center is-layout-flow wp-block-column-is-layout-flow\" style=\"flex-basis:58%\">\n<h2 class=\"wp-block-heading\"><strong><a href=\"https:\/\/www.cpr.org\/2018\/05\/09\/study-dispensaries-recommend-marijuana-to-pregnant-women-against-medical-advice\/\" target=\"_blank\" rel=\"noreferrer noopener\">Estudio: Los dispensarios recomiendan marihuana a mujeres<\/a><a href=\"Study:%20Dispensaries%20Recommend%20Marijuana%20To%20Pregnant%20Women,%20Against%20Medical%20Advice\"> embarazadas, en contra de la recomendaci\u00f3n m\u00e9dica<\/a><\/strong><\/h2>\n\n\n\n<p class=\"has-medium-font-size\"><em>Una nueva investigaci\u00f3n de Denver Health descubre que el 70% de los dispensarios de marihuana aconsejaron a un investigador que se hizo pasar por una mujer embarazada en el primer trimestre que tomara marihuana para tratar las n\u00e1useas matutinas.<\/em><\/p>\n\n\n\n<p>Un estudio <a href=\"https:\/\/www.denverhealth.org\/\">de Denver Health<\/a> informa de que la mayor\u00eda de los dispensarios recomiendan la marihuana a las mujeres embarazadas con n\u00e1useas matutinas, en contra de los consejos m\u00e9dicos.<\/p>\n\n\n\n<p>Un investigador que se hizo pasar por una mujer embarazada llam\u00f3 a 400 dispensarios de Colorado preguntando por productos para las n\u00e1useas matutinas. La Dra. Torri Metz, investigadora de Denver Health, afirma que el 70% recomendaba marihuana, a pesar de que investigaciones anteriores demuestran que su consumo durante el embarazo puede tener efectos adversos para el feto. <\/p>\n\n\n\n<div class=\"wp-block-buttons mt-4 is-layout-flex wp-block-buttons-is-layout-flex\">\n<div class=\"wp-block-button is-style-fill\"><a class=\"wp-block-button__link has-white-color has-blue-background-color has-text-color has-background\" href=\"https:\/\/www.cpr.org\/2018\/05\/09\/study-dispensaries-recommend-marijuana-to-pregnant-women-against-medical-advice\/\" target=\"_blank\" rel=\"noreferrer noopener\">Leer el art\u00edculo completo<\/a><\/div>\n<\/div>\n<\/div>\n\n\n\n<div class=\"wp-block-column is-layout-flow wp-block-column-is-layout-flow\" style=\"flex-basis:42%\">\n<figure class=\"wp-block-image size-large\"><img loading=\"lazy\" decoding=\"async\" width=\"1024\" height=\"768\" src=\"https:\/\/everybrainmatters.org\/wp-content\/uploads\/img_1525-1-1024x768.jpg\" alt=\"\" class=\"wp-image-17902\" srcset=\"https:\/\/everybrainmatters.org\/wp-content\/uploads\/img_1525-1-1024x768.jpg 1024w, https:\/\/everybrainmatters.org\/wp-content\/uploads\/img_1525-1-600x450.jpg 600w, https:\/\/everybrainmatters.org\/wp-content\/uploads\/img_1525-1-300x225.jpg 300w, https:\/\/everybrainmatters.org\/wp-content\/uploads\/img_1525-1-768x576.jpg 768w, https:\/\/everybrainmatters.org\/wp-content\/uploads\/img_1525-1-1536x1152.jpg 1536w, https:\/\/everybrainmatters.org\/wp-content\/uploads\/img_1525-1.jpg 2048w\" sizes=\"auto, (max-width: 1024px) 100vw, 1024px\" \/><figcaption>John Daley\/CPR News<\/figcaption><\/figure>\n\n\n\n<p><\/p>\n<\/div>\n<\/div>\n<\/div><\/div>\n\n<div class=\"wp-block-group py-5 is-style-width-full has-blue-color has-green-background-color has-text-color has-background\"><div class=\"wp-block-group__inner-container is-layout-flow wp-block-group-is-layout-flow\">\n<div class=\"wp-block-columns is-layout-flex wp-container-core-columns-is-layout-9d6595d7 wp-block-columns-is-layout-flex\">\n<div class=\"wp-block-column align-self-center is-layout-flow wp-block-column-is-layout-flow\" style=\"flex-basis:58%\">\n<h2 class=\"wp-block-heading\"><strong>\u00bfPodr\u00eda ser el cannabis medicinal la nueva TALIDOMIDA? Se teme una crisis cuando los m\u00e9dicos consideren la posibilidad de administrar medicamentos a base de marihuana a las madres embarazadas, a pesar de las pruebas de que la droga puede da\u00f1ar a los fetos. <\/strong><\/h2>\n\n\n\n<p class=\"has-medium-font-size\">Los investigadores fing\u00edan estar embarazados para ver c\u00f3mo se dispensaba el cannabis, legal por razones m\u00e9dicas en el estado estadounidense de Colorado desde 2000 y plenamente legal desde 2014. Las respuestas que recibieron ofrecen una visi\u00f3n preocupante de la floreciente industria de la marihuana medicinal. <\/p>\n\n\n\n<p>Despu\u00e9s de ocho semanas [de embarazo], todo deber\u00eda ir bien con el consumo de alcohol y hierba\u00bb, respondi\u00f3 la dependienta de un dispensario.<\/p>\n\n\n\n<p>Cuando estaba embarazada y empec\u00e9 a sentir n\u00e1useas, no fumaba [cannabis] m\u00e1s de dos veces al d\u00eda\u00bb, recomend\u00f3 la propietaria de otra cl\u00ednica.<\/p>\n\n\n\n<p>La [marihuana] comestible no har\u00eda da\u00f1o al ni\u00f1o\u00bb, tranquiliz\u00f3 otro, diciendo a la mujer, err\u00f3neamente, que algo \u00abque pasa por tu tracto digestivo\u00bb no tendr\u00e1 ning\u00fan efecto en un feto.<\/p>\n\n\n\n<p>De los 277 dispensarios que recomendaban el cannabis como remedio para las n\u00e1useas matutinas, tres cuartas partes intentaron vender una versi\u00f3n de la droga que conten\u00eda THC, la sustancia qu\u00edmica que produce el \u00abcoloc\u00f3n\u00bb.<\/p>\n\n\n\n<p>Muchos tambi\u00e9n aconsejaban a sus pacientes embarazadas que mantuvieran en secreto ante su m\u00e9dico el consumo de esta droga embriagadora.<\/p>\n\n\n\n<p>El m\u00e9dico probablemente te dir\u00e1 que la marihuana es mala para los ni\u00f1os e intentar\u00e1 darte pastillas\u00bb, dijo uno. No s\u00e9 si los m\u00e9dicos de beb\u00e9s son fr\u00edos o no, [as\u00ed que] no te drogues cuando hables con ellos\u00bb, advirti\u00f3 otro. <\/p>\n\n\n\n<p>Quiz\u00e1 esos m\u00e9dicos tuvieran buenas razones para sus reservas sobre el cannabis. Pues el trabajo de investigaci\u00f3n de Colorado, publicado en la revista Obstetrics and Gynaecology a principios de este a\u00f1o, destaca que el cannabis es un tema que preocupa cada vez m\u00e1s a los m\u00e9dicos de todo el mundo. <\/p>\n\n\n\n<p>Cada vez se vende m\u00e1s marihuana con fines m\u00e9dicos. Sin embargo, esta marihuana \u00abmedicinal\u00bb est\u00e1 muy lejos de ser el producto sanitario seguro y natural que sus proveedores, a menudo rapaces, nos quieren hacer creer.   <\/p>\n\n\n\n<div class=\"wp-block-buttons mt-4 is-layout-flex wp-block-buttons-is-layout-flex\">\n<div class=\"wp-block-button is-style-fill\"><a class=\"wp-block-button__link has-white-color has-blue-background-color has-text-color has-background\" href=\"https:\/\/www.dailymail.co.uk\/news\/article-6423269\/Could-medical-cannabis-new-thalidomide.html\" target=\"_blank\" rel=\"noreferrer noopener\">Leer el art\u00edculo completo de Guy Adams para el Daily Mail<\/a><\/div>\n<\/div>\n<\/div>\n\n\n\n<div class=\"wp-block-column is-layout-flow wp-block-column-is-layout-flow\" style=\"flex-basis:42%\">\n<figure class=\"wp-block-image size-large\"><img loading=\"lazy\" decoding=\"async\" width=\"500\" height=\"334\" src=\"https:\/\/everybrainmatters.org\/wp-content\/uploads\/shutterstock_244068298.jpg\" alt=\"\" class=\"wp-image-17905\" srcset=\"https:\/\/everybrainmatters.org\/wp-content\/uploads\/shutterstock_244068298.jpg 500w, https:\/\/everybrainmatters.org\/wp-content\/uploads\/shutterstock_244068298-300x200.jpg 300w\" sizes=\"auto, (max-width: 500px) 100vw, 500px\" \/><\/figure>\n<\/div>\n<\/div>\n<\/div><\/div>\n\n<div class=\"wp-block-group py-5 is-style-width-full has-yellow-background-color has-background\"><div class=\"wp-block-group__inner-container is-layout-flow wp-block-group-is-layout-flow\">\n<div class=\"wp-block-columns is-layout-flex wp-container-core-columns-is-layout-9d6595d7 wp-block-columns-is-layout-flex\">\n<div class=\"wp-block-column align-self-center is-layout-flow wp-block-column-is-layout-flow\" style=\"flex-basis:58%\">\n<h2 class=\"wp-block-heading\"><strong>Asociaciones entre la exposici\u00f3n prenatal al cannabis y los resultados en la infancia<\/strong><\/h2>\n\n\n\n<p class=\"has-medium-font-size\"><strong>Conclusiones y relevancia<\/strong> Este estudio sugiere que la exposici\u00f3n prenatal al cannabis y sus factores correlacionados se asocian a un mayor riesgo de psicopatolog\u00eda durante la infancia media. Deber\u00eda desaconsejarse el consumo de cannabis durante el embarazo. <\/p>\n\n\n\n<div class=\"wp-block-buttons mt-4 is-layout-flex wp-block-buttons-is-layout-flex\">\n<div class=\"wp-block-button is-style-fill\"><a class=\"wp-block-button__link has-white-color has-blue-background-color has-text-color has-background\" href=\"https:\/\/jamanetwork.com\/journals\/jamapsychiatry\/article-abstract\/2770964\" target=\"_blank\" rel=\"noreferrer noopener\">Leer el estudio completo<\/a><\/div>\n<\/div>\n<\/div>\n\n\n\n<div class=\"wp-block-column is-layout-flow wp-block-column-is-layout-flow\" style=\"flex-basis:42%\">\n<figure class=\"wp-block-image size-large\"><img loading=\"lazy\" decoding=\"async\" width=\"1000\" height=\"670\" src=\"https:\/\/everybrainmatters.org\/wp-content\/uploads\/shutterstock_71181397.jpg\" alt=\"\" class=\"wp-image-17944\" srcset=\"https:\/\/everybrainmatters.org\/wp-content\/uploads\/shutterstock_71181397.jpg 1000w, https:\/\/everybrainmatters.org\/wp-content\/uploads\/shutterstock_71181397-600x402.jpg 600w, https:\/\/everybrainmatters.org\/wp-content\/uploads\/shutterstock_71181397-300x201.jpg 300w, https:\/\/everybrainmatters.org\/wp-content\/uploads\/shutterstock_71181397-768x515.jpg 768w\" sizes=\"auto, (max-width: 1000px) 100vw, 1000px\" \/><\/figure>\n<\/div>\n<\/div>\n<\/div><\/div>\n","protected":false},"excerpt":{"rendered":"<p>Estudio: Los dispensarios recomiendan marihuana a mujeres embarazadas, en contra de la recomendaci\u00f3n m\u00e9dica Una nueva investigaci\u00f3n de Denver Health&#8230;<\/p>\n","protected":false},"author":11,"featured_media":0,"parent":0,"menu_order":0,"comment_status":"closed","ping_status":"closed","template":"page-fullwidth.php","meta":{"_acf_changed":false,"_editorskit_title_hidden":false,"_editorskit_reading_time":0,"_editorskit_is_block_options_detached":false,"_editorskit_block_options_position":"{}","footnotes":""},"class_list":["post-46621","page","type-page","status-publish","hentry"],"acf":[],"yoast_head":"<!-- This site is optimized with the Yoast SEO plugin v26.1.1 - https:\/\/yoast.com\/wordpress\/plugins\/seo\/ -->\n<title>Maltrato y abandono infantil - Every Brain Matters<\/title>\n<meta name=\"robots\" content=\"index, follow, max-snippet:-1, max-image-preview:large, max-video-preview:-1\" \/>\n<link rel=\"canonical\" href=\"https:\/\/everybrainmatters.org\/es\/maltrato-y-abandono-infantil\/\" \/>\n<meta property=\"og:locale\" content=\"es_ES\" \/>\n<meta property=\"og:type\" content=\"article\" \/>\n<meta property=\"og:title\" content=\"Maltrato y abandono infantil - Every Brain Matters\" \/>\n<meta property=\"og:description\" content=\"Estudio: Los dispensarios recomiendan marihuana a mujeres embarazadas, en contra de la recomendaci\u00f3n m\u00e9dica Una nueva investigaci\u00f3n de Denver Health...\" \/>\n<meta property=\"og:url\" content=\"https:\/\/everybrainmatters.org\/es\/maltrato-y-abandono-infantil\/\" \/>\n<meta property=\"og:site_name\" content=\"Every Brain Matters\" \/>\n<meta property=\"article:modified_time\" content=\"2025-10-21T13:57:38+00:00\" \/>\n<meta property=\"og:image\" content=\"https:\/\/everybrainmatters.org\/wp-content\/uploads\/img_1525-1.jpg\" \/>\n\t<meta property=\"og:image:width\" content=\"2048\" \/>\n\t<meta property=\"og:image:height\" content=\"1536\" \/>\n\t<meta property=\"og:image:type\" content=\"image\/jpeg\" \/>\n<meta name=\"twitter:card\" content=\"summary_large_image\" \/>\n<meta name=\"twitter:label1\" content=\"Est. reading time\" \/>\n\t<meta name=\"twitter:data1\" content=\"3 minutos\" \/>\n<script type=\"application\/ld+json\" class=\"yoast-schema-graph\">{\"@context\":\"https:\/\/schema.org\",\"@graph\":[{\"@type\":\"WebPage\",\"@id\":\"https:\/\/everybrainmatters.org\/es\/maltrato-y-abandono-infantil\/\",\"url\":\"https:\/\/everybrainmatters.org\/es\/maltrato-y-abandono-infantil\/\",\"name\":\"Maltrato y abandono infantil - Every Brain Matters\",\"isPartOf\":{\"@id\":\"https:\/\/everybrainmatters.org\/es\/#website\"},\"primaryImageOfPage\":{\"@id\":\"https:\/\/everybrainmatters.org\/es\/maltrato-y-abandono-infantil\/#primaryimage\"},\"image\":{\"@id\":\"https:\/\/everybrainmatters.org\/es\/maltrato-y-abandono-infantil\/#primaryimage\"},\"thumbnailUrl\":\"https:\/\/everybrainmatters.org\/wp-content\/uploads\/img_1525-1-1024x768.jpg\",\"datePublished\":\"2020-10-20T05:54:50+00:00\",\"dateModified\":\"2025-10-21T13:57:38+00:00\",\"breadcrumb\":{\"@id\":\"https:\/\/everybrainmatters.org\/es\/maltrato-y-abandono-infantil\/#breadcrumb\"},\"inLanguage\":\"es-ES\",\"potentialAction\":[{\"@type\":\"ReadAction\",\"target\":[\"https:\/\/everybrainmatters.org\/es\/maltrato-y-abandono-infantil\/\"]}]},{\"@type\":\"ImageObject\",\"inLanguage\":\"es-ES\",\"@id\":\"https:\/\/everybrainmatters.org\/es\/maltrato-y-abandono-infantil\/#primaryimage\",\"url\":\"https:\/\/everybrainmatters.org\/wp-content\/uploads\/img_1525-1-1024x768.jpg\",\"contentUrl\":\"https:\/\/everybrainmatters.org\/wp-content\/uploads\/img_1525-1-1024x768.jpg\"},{\"@type\":\"BreadcrumbList\",\"@id\":\"https:\/\/everybrainmatters.org\/es\/maltrato-y-abandono-infantil\/#breadcrumb\",\"itemListElement\":[{\"@type\":\"ListItem\",\"position\":1,\"name\":\"Home\",\"item\":\"https:\/\/everybrainmatters.org\/es\/\"},{\"@type\":\"ListItem\",\"position\":2,\"name\":\"Maltrato y abandono infantil\"}]},{\"@type\":\"WebSite\",\"@id\":\"https:\/\/everybrainmatters.org\/es\/#website\",\"url\":\"https:\/\/everybrainmatters.org\/es\/\",\"name\":\"Every Brain Matters\",\"description\":\"\",\"publisher\":{\"@id\":\"https:\/\/everybrainmatters.org\/es\/#organization\"},\"potentialAction\":[{\"@type\":\"SearchAction\",\"target\":{\"@type\":\"EntryPoint\",\"urlTemplate\":\"https:\/\/everybrainmatters.org\/es\/?s={search_term_string}\"},\"query-input\":{\"@type\":\"PropertyValueSpecification\",\"valueRequired\":true,\"valueName\":\"search_term_string\"}}],\"inLanguage\":\"es-ES\"},{\"@type\":\"Organization\",\"@id\":\"https:\/\/everybrainmatters.org\/es\/#organization\",\"name\":\"Every Brain Matters\",\"url\":\"https:\/\/everybrainmatters.org\/es\/\",\"logo\":{\"@type\":\"ImageObject\",\"inLanguage\":\"es-ES\",\"@id\":\"https:\/\/everybrainmatters.org\/es\/#\/schema\/logo\/image\/\",\"url\":\"https:\/\/everybrainmatters.org\/wp-content\/uploads\/AllBrains_3.jpg\",\"contentUrl\":\"https:\/\/everybrainmatters.org\/wp-content\/uploads\/AllBrains_3.jpg\",\"width\":1000,\"height\":1087,\"caption\":\"Every Brain Matters\"},\"image\":{\"@id\":\"https:\/\/everybrainmatters.org\/es\/#\/schema\/logo\/image\/\"}}]}<\/script>\n<!-- \/ Yoast SEO plugin. -->","yoast_head_json":{"title":"Maltrato y abandono infantil - Every Brain Matters","robots":{"index":"index","follow":"follow","max-snippet":"max-snippet:-1","max-image-preview":"max-image-preview:large","max-video-preview":"max-video-preview:-1"},"canonical":"https:\/\/everybrainmatters.org\/es\/maltrato-y-abandono-infantil\/","og_locale":"es_ES","og_type":"article","og_title":"Maltrato y abandono infantil - Every Brain Matters","og_description":"Estudio: Los dispensarios recomiendan marihuana a mujeres embarazadas, en contra de la recomendaci\u00f3n m\u00e9dica Una nueva investigaci\u00f3n de Denver Health...","og_url":"https:\/\/everybrainmatters.org\/es\/maltrato-y-abandono-infantil\/","og_site_name":"Every Brain Matters","article_modified_time":"2025-10-21T13:57:38+00:00","og_image":[{"width":2048,"height":1536,"url":"https:\/\/everybrainmatters.org\/wp-content\/uploads\/img_1525-1.jpg","type":"image\/jpeg"}],"twitter_card":"summary_large_image","twitter_misc":{"Est. reading time":"3 minutos"},"schema":{"@context":"https:\/\/schema.org","@graph":[{"@type":"WebPage","@id":"https:\/\/everybrainmatters.org\/es\/maltrato-y-abandono-infantil\/","url":"https:\/\/everybrainmatters.org\/es\/maltrato-y-abandono-infantil\/","name":"Maltrato y abandono infantil - Every Brain Matters","isPartOf":{"@id":"https:\/\/everybrainmatters.org\/es\/#website"},"primaryImageOfPage":{"@id":"https:\/\/everybrainmatters.org\/es\/maltrato-y-abandono-infantil\/#primaryimage"},"image":{"@id":"https:\/\/everybrainmatters.org\/es\/maltrato-y-abandono-infantil\/#primaryimage"},"thumbnailUrl":"https:\/\/everybrainmatters.org\/wp-content\/uploads\/img_1525-1-1024x768.jpg","datePublished":"2020-10-20T05:54:50+00:00","dateModified":"2025-10-21T13:57:38+00:00","breadcrumb":{"@id":"https:\/\/everybrainmatters.org\/es\/maltrato-y-abandono-infantil\/#breadcrumb"},"inLanguage":"es-ES","potentialAction":[{"@type":"ReadAction","target":["https:\/\/everybrainmatters.org\/es\/maltrato-y-abandono-infantil\/"]}]},{"@type":"ImageObject","inLanguage":"es-ES","@id":"https:\/\/everybrainmatters.org\/es\/maltrato-y-abandono-infantil\/#primaryimage","url":"https:\/\/everybrainmatters.org\/wp-content\/uploads\/img_1525-1-1024x768.jpg","contentUrl":"https:\/\/everybrainmatters.org\/wp-content\/uploads\/img_1525-1-1024x768.jpg"},{"@type":"BreadcrumbList","@id":"https:\/\/everybrainmatters.org\/es\/maltrato-y-abandono-infantil\/#breadcrumb","itemListElement":[{"@type":"ListItem","position":1,"name":"Home","item":"https:\/\/everybrainmatters.org\/es\/"},{"@type":"ListItem","position":2,"name":"Maltrato y abandono infantil"}]},{"@type":"WebSite","@id":"https:\/\/everybrainmatters.org\/es\/#website","url":"https:\/\/everybrainmatters.org\/es\/","name":"Every Brain Matters","description":"","publisher":{"@id":"https:\/\/everybrainmatters.org\/es\/#organization"},"potentialAction":[{"@type":"SearchAction","target":{"@type":"EntryPoint","urlTemplate":"https:\/\/everybrainmatters.org\/es\/?s={search_term_string}"},"query-input":{"@type":"PropertyValueSpecification","valueRequired":true,"valueName":"search_term_string"}}],"inLanguage":"es-ES"},{"@type":"Organization","@id":"https:\/\/everybrainmatters.org\/es\/#organization","name":"Every Brain Matters","url":"https:\/\/everybrainmatters.org\/es\/","logo":{"@type":"ImageObject","inLanguage":"es-ES","@id":"https:\/\/everybrainmatters.org\/es\/#\/schema\/logo\/image\/","url":"https:\/\/everybrainmatters.org\/wp-content\/uploads\/AllBrains_3.jpg","contentUrl":"https:\/\/everybrainmatters.org\/wp-content\/uploads\/AllBrains_3.jpg","width":1000,"height":1087,"caption":"Every Brain Matters"},"image":{"@id":"https:\/\/everybrainmatters.org\/es\/#\/schema\/logo\/image\/"}}]}},"_links":{"self":[{"href":"https:\/\/everybrainmatters.org\/es\/wp-json\/wp\/v2\/pages\/46621","targetHints":{"allow":["GET"]}}],"collection":[{"href":"https:\/\/everybrainmatters.org\/es\/wp-json\/wp\/v2\/pages"}],"about":[{"href":"https:\/\/everybrainmatters.org\/es\/wp-json\/wp\/v2\/types\/page"}],"author":[{"embeddable":true,"href":"https:\/\/everybrainmatters.org\/es\/wp-json\/wp\/v2\/users\/11"}],"replies":[{"embeddable":true,"href":"https:\/\/everybrainmatters.org\/es\/wp-json\/wp\/v2\/comments?post=46621"}],"version-history":[{"count":0,"href":"https:\/\/everybrainmatters.org\/es\/wp-json\/wp\/v2\/pages\/46621\/revisions"}],"wp:attachment":[{"href":"https:\/\/everybrainmatters.org\/es\/wp-json\/wp\/v2\/media?parent=46621"}],"curies":[{"name":"wp","href":"https:\/\/api.w.org\/{rel}","templated":true}]}}