{"id":46627,"date":"2020-10-13T14:34:46","date_gmt":"2020-10-13T19:34:46","guid":{"rendered":"https:\/\/everybrainmatters.org\/ponentes-y-presentaciones\/"},"modified":"2026-03-20T20:03:50","modified_gmt":"2026-03-21T01:03:50","slug":"ponentes-y-presentaciones","status":"publish","type":"page","link":"https:\/\/everybrainmatters.org\/es\/ponentes-y-presentaciones\/","title":{"rendered":"Ponentes y presentaciones"},"content":{"rendered":"\n<p><strong>Cada Cerebro Importa ofrece presentaciones basadas en pruebas dise\u00f1adas para educar, capacitar y apoyar a familias, comunidades, profesionales y legisladores en su navegaci\u00f3n por el panorama actual de la marihuana, que cambia r\u00e1pidamente.<\/strong><\/p>\n\n<p>Basadas en la experiencia vivida, la investigaci\u00f3n actual y la defensa de la salud p\u00fablica, nuestras presentaciones abordan los efectos reales de la marihuana comercial moderna en los j\u00f3venes, las familias y las comunidades, y ofrecen v\u00edas claras y pr\u00e1cticas para la prevenci\u00f3n, el apoyo, la recuperaci\u00f3n y la defensa.<\/p>\n\n<p>Explora nuestros temas de presentaci\u00f3n a continuaci\u00f3n para saber c\u00f3mo podemos colaborar con tu organizaci\u00f3n para promover la toma de decisiones informadas, la salud p\u00fablica y la seguridad de la comunidad. Para programar una presentaci\u00f3n, ponte en contacto con nosotros en info@everybrainmatters.org.<\/p>\n\n<hr class=\"wp-block-separator has-alpha-channel-opacity\"\/>\n\n<p>La presentaci\u00f3n <strong>\u00abEsperanza para la nueva era de la marihuana comercial<\/strong>\u00bb proporciona a los participantes una visi\u00f3n clara y basada en pruebas del panorama actual de la marihuana comercial, haciendo hincapi\u00e9 en c\u00f3mo los productos modernos difieren significativamente de los del pasado en cuanto a potencia, accesibilidad e impacto en la salud p\u00fablica. Los asistentes comprender\u00e1n mejor c\u00f3mo los productos con THC altamente concentrado est\u00e1n ahora ampliamente disponibles y c\u00f3mo estos cambios influyen en la salud mental, la seguridad y el bienestar de la comunidad. <\/p>\n\n<p>La sesi\u00f3n tambi\u00e9n explora la intersecci\u00f3n de las actuales pol\u00edticas estatales y federales sobre la marihuana con los resultados en materia de salud p\u00fablica. Destaca c\u00f3mo los marcos normativos, aunque pretenden controlar el acceso, pueden contribuir involuntariamente a aumentar la disponibilidad de productos de alta potencia y sostener la actividad del mercado negro. Los participantes se ir\u00e1n con una comprensi\u00f3n m\u00e1s matizada de c\u00f3mo las decisiones pol\u00edticas afectan a la exposici\u00f3n de los j\u00f3venes, el riesgo de adicci\u00f3n y las consecuencias sociales m\u00e1s amplias.  <\/p>\n\n<p>Adem\u00e1s, la presentaci\u00f3n introduce el trabajo de Every Brain Matters, centr\u00e1ndose en recursos pr\u00e1cticos dise\u00f1ados para apoyar a las familias que navegan por los retos del entorno actual de la marihuana. Los asistentes conocer\u00e1n herramientas para la prevenci\u00f3n, la intervenci\u00f3n temprana y la recuperaci\u00f3n, as\u00ed como oportunidades para participar en iniciativas de defensa que promuevan comunidades m\u00e1s seguras y la elaboraci\u00f3n de pol\u00edticas informadas. <\/p>\n\n<p>Al final de la sesi\u00f3n, los participantes se sentir\u00e1n capacitados con conocimientos, recursos y v\u00edas de actuaci\u00f3n para apoyar a las personas y las familias, contribuir a la concienciaci\u00f3n de la comunidad y defender pol\u00edticas responsables que den prioridad a la salud cerebral y la seguridad p\u00fablica.<\/p>\n<div class=\"wp-block-image is-style-editorskit-shadow\">\n<figure class=\"aligncenter size-large is-resized\"><a href=\"https:\/\/everybrainmatters.org\/wp-content\/uploads\/Hope-for-the-New-Era-of-Commerical-Marijuana.jpeg\"><img loading=\"lazy\" decoding=\"async\" width=\"683\" height=\"1024\" src=\"https:\/\/everybrainmatters.org\/wp-content\/uploads\/Hope-for-the-New-Era-of-Commerical-Marijuana-683x1024.jpeg\" alt=\"\" class=\"wp-image-54854\" style=\"width:623px;height:auto\" srcset=\"https:\/\/everybrainmatters.org\/wp-content\/uploads\/Hope-for-the-New-Era-of-Commerical-Marijuana-683x1024.jpeg 683w, https:\/\/everybrainmatters.org\/wp-content\/uploads\/Hope-for-the-New-Era-of-Commerical-Marijuana-200x300.jpeg 200w, https:\/\/everybrainmatters.org\/wp-content\/uploads\/Hope-for-the-New-Era-of-Commerical-Marijuana-768x1152.jpeg 768w, https:\/\/everybrainmatters.org\/wp-content\/uploads\/Hope-for-the-New-Era-of-Commerical-Marijuana-600x900.jpeg 600w, https:\/\/everybrainmatters.org\/wp-content\/uploads\/Hope-for-the-New-Era-of-Commerical-Marijuana.jpeg 1024w\" sizes=\"auto, (max-width: 683px) 100vw, 683px\" \/><\/a><\/figure><\/div>\n<hr class=\"wp-block-separator has-alpha-channel-opacity\"\/>\n\n<p>\u00ab<strong>Mi hijo consume marihuana, \u00bfy ahora qu\u00e9?\u00bb <\/strong>es una presentaci\u00f3n educativa y empoderadora dise\u00f1ada para ayudar a padres y familias a afrontar los retos del consumo de marihuana por parte de los j\u00f3venes. Dirigida por Aubree Adams, directora, defensora y madre, la sesi\u00f3n comparte una historia personal sobre c\u00f3mo la marihuana afect\u00f3 a su familia y a su comunidad, y c\u00f3mo esa experiencia la llev\u00f3 a su trabajo de apoyo a los j\u00f3venes en recuperaci\u00f3n. <\/p>\n\n<p>Los participantes profundizar\u00e1n en el conocimiento de los productos comerciales de marihuana actuales y en qu\u00e9 se diferencian de los del pasado, adem\u00e1s de aprender sobre los posibles efectos a corto y largo plazo en los j\u00f3venes, como el Trastorno por Consumo de Cannabis, la psicosis inducida por el cannabis y el S\u00edndrome de Hiper\u00e9mesis Cannabinoide (SHC).<\/p>\n\n<p>La presentaci\u00f3n tambi\u00e9n se centra en la orientaci\u00f3n pr\u00e1ctica, ayudando a las familias a identificar opciones de apoyo eficaces y recursos tanto para su hijo como para toda la familia. Al final, los asistentes se sentir\u00e1n informados, apoyados y equipados con medidas claras y pr\u00e1cticas que pueden tomar si su hijo consume marihuana. <\/p>\n<div class=\"wp-block-image is-style-editorskit-shadow\">\n<figure class=\"aligncenter size-large is-resized\"><a href=\"https:\/\/everybrainmatters.org\/wp-content\/uploads\/623538518_1323367403152263_1361580288733442785_n.jpg\"><img loading=\"lazy\" decoding=\"async\" width=\"683\" height=\"1024\" src=\"https:\/\/everybrainmatters.org\/wp-content\/uploads\/623538518_1323367403152263_1361580288733442785_n-683x1024.jpg\" alt=\"\" class=\"wp-image-54848\" style=\"width:637px;height:auto\" srcset=\"https:\/\/everybrainmatters.org\/wp-content\/uploads\/623538518_1323367403152263_1361580288733442785_n-683x1024.jpg 683w, https:\/\/everybrainmatters.org\/wp-content\/uploads\/623538518_1323367403152263_1361580288733442785_n-200x300.jpg 200w, https:\/\/everybrainmatters.org\/wp-content\/uploads\/623538518_1323367403152263_1361580288733442785_n-768x1152.jpg 768w, https:\/\/everybrainmatters.org\/wp-content\/uploads\/623538518_1323367403152263_1361580288733442785_n-600x900.jpg 600w, https:\/\/everybrainmatters.org\/wp-content\/uploads\/623538518_1323367403152263_1361580288733442785_n.jpg 1024w\" sizes=\"auto, (max-width: 683px) 100vw, 683px\" \/><\/a><\/figure><\/div>\n<div style=\"height:100px\" aria-hidden=\"true\" class=\"wp-block-spacer\"><\/div>\n\n<figure class=\"wp-block-image size-large is-style-editorskit-shadow\"><a href=\"https:\/\/everybrainmatters.org\/wp-content\/uploads\/Marijuana-legalization-changed-my-Colorado-home-2.png\"><img loading=\"lazy\" decoding=\"async\" width=\"1024\" height=\"536\" src=\"https:\/\/everybrainmatters.org\/wp-content\/uploads\/Marijuana-legalization-changed-my-Colorado-home-2-1024x536.png\" alt=\"\" class=\"wp-image-33651\" srcset=\"https:\/\/everybrainmatters.org\/wp-content\/uploads\/Marijuana-legalization-changed-my-Colorado-home-2-1024x536.png 1024w, https:\/\/everybrainmatters.org\/wp-content\/uploads\/Marijuana-legalization-changed-my-Colorado-home-2-300x157.png 300w, https:\/\/everybrainmatters.org\/wp-content\/uploads\/Marijuana-legalization-changed-my-Colorado-home-2-768x402.png 768w, https:\/\/everybrainmatters.org\/wp-content\/uploads\/Marijuana-legalization-changed-my-Colorado-home-2-600x314.png 600w, https:\/\/everybrainmatters.org\/wp-content\/uploads\/Marijuana-legalization-changed-my-Colorado-home-2.png 1200w\" sizes=\"auto, (max-width: 1024px) 100vw, 1024px\" \/><\/a><\/figure>\n\n<div style=\"height:46px\" aria-hidden=\"true\" class=\"wp-block-spacer\"><\/div>\n\n<div style=\"height:46px\" aria-hidden=\"true\" class=\"wp-block-spacer\"><\/div>\n\n<p><\/p>\n","protected":false},"excerpt":{"rendered":"<p>Cada Cerebro Importa ofrece presentaciones basadas en pruebas dise\u00f1adas para educar, capacitar y apoyar a familias, comunidades, profesionales y legisladores&#8230;<\/p>\n","protected":false},"author":11,"featured_media":0,"parent":0,"menu_order":0,"comment_status":"closed","ping_status":"closed","template":"page-wide.php","meta":{"_acf_changed":false,"_editorskit_title_hidden":false,"_editorskit_reading_time":0,"_editorskit_is_block_options_detached":false,"_editorskit_block_options_position":"{}","footnotes":""},"class_list":["post-46627","page","type-page","status-publish","hentry"],"acf":[],"yoast_head":"<!-- This site is optimized with the Yoast SEO plugin v26.1.1 - https:\/\/yoast.com\/wordpress\/plugins\/seo\/ -->\n<title>Ponentes y presentaciones - Every Brain Matters<\/title>\n<meta name=\"robots\" content=\"index, follow, max-snippet:-1, max-image-preview:large, max-video-preview:-1\" \/>\n<link rel=\"canonical\" href=\"https:\/\/everybrainmatters.org\/es\/ponentes-y-presentaciones\/\" \/>\n<meta property=\"og:locale\" content=\"es_ES\" \/>\n<meta property=\"og:type\" content=\"article\" \/>\n<meta property=\"og:title\" content=\"Ponentes y presentaciones - Every Brain Matters\" \/>\n<meta property=\"og:description\" content=\"Cada Cerebro Importa ofrece presentaciones basadas en pruebas dise\u00f1adas para educar, capacitar y apoyar a familias, comunidades, profesionales y legisladores...\" \/>\n<meta property=\"og:url\" content=\"https:\/\/everybrainmatters.org\/es\/ponentes-y-presentaciones\/\" \/>\n<meta property=\"og:site_name\" content=\"Every Brain Matters\" \/>\n<meta property=\"article:modified_time\" content=\"2026-03-21T01:03:50+00:00\" \/>\n<meta property=\"og:image\" content=\"https:\/\/everybrainmatters.org\/wp-content\/uploads\/Hope-for-the-New-Era-of-Commerical-Marijuana.jpeg\" \/>\n\t<meta property=\"og:image:width\" content=\"1024\" \/>\n\t<meta property=\"og:image:height\" content=\"1536\" \/>\n\t<meta property=\"og:image:type\" content=\"image\/jpeg\" \/>\n<meta name=\"twitter:card\" content=\"summary_large_image\" \/>\n<meta name=\"twitter:label1\" content=\"Est. reading time\" \/>\n\t<meta name=\"twitter:data1\" content=\"3 minutos\" \/>\n<script type=\"application\/ld+json\" class=\"yoast-schema-graph\">{\"@context\":\"https:\/\/schema.org\",\"@graph\":[{\"@type\":\"WebPage\",\"@id\":\"https:\/\/everybrainmatters.org\/es\/ponentes-y-presentaciones\/\",\"url\":\"https:\/\/everybrainmatters.org\/es\/ponentes-y-presentaciones\/\",\"name\":\"Ponentes y presentaciones - Every Brain Matters\",\"isPartOf\":{\"@id\":\"https:\/\/everybrainmatters.org\/es\/#website\"},\"primaryImageOfPage\":{\"@id\":\"https:\/\/everybrainmatters.org\/es\/ponentes-y-presentaciones\/#primaryimage\"},\"image\":{\"@id\":\"https:\/\/everybrainmatters.org\/es\/ponentes-y-presentaciones\/#primaryimage\"},\"thumbnailUrl\":\"https:\/\/everybrainmatters.org\/wp-content\/uploads\/Hope-for-the-New-Era-of-Commerical-Marijuana-683x1024.jpeg\",\"datePublished\":\"2020-10-13T19:34:46+00:00\",\"dateModified\":\"2026-03-21T01:03:50+00:00\",\"breadcrumb\":{\"@id\":\"https:\/\/everybrainmatters.org\/es\/ponentes-y-presentaciones\/#breadcrumb\"},\"inLanguage\":\"es-ES\",\"potentialAction\":[{\"@type\":\"ReadAction\",\"target\":[\"https:\/\/everybrainmatters.org\/es\/ponentes-y-presentaciones\/\"]}]},{\"@type\":\"ImageObject\",\"inLanguage\":\"es-ES\",\"@id\":\"https:\/\/everybrainmatters.org\/es\/ponentes-y-presentaciones\/#primaryimage\",\"url\":\"https:\/\/everybrainmatters.org\/wp-content\/uploads\/Hope-for-the-New-Era-of-Commerical-Marijuana-683x1024.jpeg\",\"contentUrl\":\"https:\/\/everybrainmatters.org\/wp-content\/uploads\/Hope-for-the-New-Era-of-Commerical-Marijuana-683x1024.jpeg\"},{\"@type\":\"BreadcrumbList\",\"@id\":\"https:\/\/everybrainmatters.org\/es\/ponentes-y-presentaciones\/#breadcrumb\",\"itemListElement\":[{\"@type\":\"ListItem\",\"position\":1,\"name\":\"Home\",\"item\":\"https:\/\/everybrainmatters.org\/es\/\"},{\"@type\":\"ListItem\",\"position\":2,\"name\":\"Ponentes y presentaciones\"}]},{\"@type\":\"WebSite\",\"@id\":\"https:\/\/everybrainmatters.org\/es\/#website\",\"url\":\"https:\/\/everybrainmatters.org\/es\/\",\"name\":\"Every Brain Matters\",\"description\":\"\",\"publisher\":{\"@id\":\"https:\/\/everybrainmatters.org\/es\/#organization\"},\"potentialAction\":[{\"@type\":\"SearchAction\",\"target\":{\"@type\":\"EntryPoint\",\"urlTemplate\":\"https:\/\/everybrainmatters.org\/es\/?s={search_term_string}\"},\"query-input\":{\"@type\":\"PropertyValueSpecification\",\"valueRequired\":true,\"valueName\":\"search_term_string\"}}],\"inLanguage\":\"es-ES\"},{\"@type\":\"Organization\",\"@id\":\"https:\/\/everybrainmatters.org\/es\/#organization\",\"name\":\"Every Brain Matters\",\"url\":\"https:\/\/everybrainmatters.org\/es\/\",\"logo\":{\"@type\":\"ImageObject\",\"inLanguage\":\"es-ES\",\"@id\":\"https:\/\/everybrainmatters.org\/es\/#\/schema\/logo\/image\/\",\"url\":\"https:\/\/everybrainmatters.org\/wp-content\/uploads\/AllBrains_3.jpg\",\"contentUrl\":\"https:\/\/everybrainmatters.org\/wp-content\/uploads\/AllBrains_3.jpg\",\"width\":1000,\"height\":1087,\"caption\":\"Every Brain Matters\"},\"image\":{\"@id\":\"https:\/\/everybrainmatters.org\/es\/#\/schema\/logo\/image\/\"}}]}<\/script>\n<!-- \/ Yoast SEO plugin. -->","yoast_head_json":{"title":"Ponentes y presentaciones - Every Brain Matters","robots":{"index":"index","follow":"follow","max-snippet":"max-snippet:-1","max-image-preview":"max-image-preview:large","max-video-preview":"max-video-preview:-1"},"canonical":"https:\/\/everybrainmatters.org\/es\/ponentes-y-presentaciones\/","og_locale":"es_ES","og_type":"article","og_title":"Ponentes y presentaciones - Every Brain Matters","og_description":"Cada Cerebro Importa ofrece presentaciones basadas en pruebas dise\u00f1adas para educar, capacitar y apoyar a familias, comunidades, profesionales y legisladores...","og_url":"https:\/\/everybrainmatters.org\/es\/ponentes-y-presentaciones\/","og_site_name":"Every Brain Matters","article_modified_time":"2026-03-21T01:03:50+00:00","og_image":[{"width":1024,"height":1536,"url":"https:\/\/everybrainmatters.org\/wp-content\/uploads\/Hope-for-the-New-Era-of-Commerical-Marijuana.jpeg","type":"image\/jpeg"}],"twitter_card":"summary_large_image","twitter_misc":{"Est. reading time":"3 minutos"},"schema":{"@context":"https:\/\/schema.org","@graph":[{"@type":"WebPage","@id":"https:\/\/everybrainmatters.org\/es\/ponentes-y-presentaciones\/","url":"https:\/\/everybrainmatters.org\/es\/ponentes-y-presentaciones\/","name":"Ponentes y presentaciones - Every Brain Matters","isPartOf":{"@id":"https:\/\/everybrainmatters.org\/es\/#website"},"primaryImageOfPage":{"@id":"https:\/\/everybrainmatters.org\/es\/ponentes-y-presentaciones\/#primaryimage"},"image":{"@id":"https:\/\/everybrainmatters.org\/es\/ponentes-y-presentaciones\/#primaryimage"},"thumbnailUrl":"https:\/\/everybrainmatters.org\/wp-content\/uploads\/Hope-for-the-New-Era-of-Commerical-Marijuana-683x1024.jpeg","datePublished":"2020-10-13T19:34:46+00:00","dateModified":"2026-03-21T01:03:50+00:00","breadcrumb":{"@id":"https:\/\/everybrainmatters.org\/es\/ponentes-y-presentaciones\/#breadcrumb"},"inLanguage":"es-ES","potentialAction":[{"@type":"ReadAction","target":["https:\/\/everybrainmatters.org\/es\/ponentes-y-presentaciones\/"]}]},{"@type":"ImageObject","inLanguage":"es-ES","@id":"https:\/\/everybrainmatters.org\/es\/ponentes-y-presentaciones\/#primaryimage","url":"https:\/\/everybrainmatters.org\/wp-content\/uploads\/Hope-for-the-New-Era-of-Commerical-Marijuana-683x1024.jpeg","contentUrl":"https:\/\/everybrainmatters.org\/wp-content\/uploads\/Hope-for-the-New-Era-of-Commerical-Marijuana-683x1024.jpeg"},{"@type":"BreadcrumbList","@id":"https:\/\/everybrainmatters.org\/es\/ponentes-y-presentaciones\/#breadcrumb","itemListElement":[{"@type":"ListItem","position":1,"name":"Home","item":"https:\/\/everybrainmatters.org\/es\/"},{"@type":"ListItem","position":2,"name":"Ponentes y presentaciones"}]},{"@type":"WebSite","@id":"https:\/\/everybrainmatters.org\/es\/#website","url":"https:\/\/everybrainmatters.org\/es\/","name":"Every Brain Matters","description":"","publisher":{"@id":"https:\/\/everybrainmatters.org\/es\/#organization"},"potentialAction":[{"@type":"SearchAction","target":{"@type":"EntryPoint","urlTemplate":"https:\/\/everybrainmatters.org\/es\/?s={search_term_string}"},"query-input":{"@type":"PropertyValueSpecification","valueRequired":true,"valueName":"search_term_string"}}],"inLanguage":"es-ES"},{"@type":"Organization","@id":"https:\/\/everybrainmatters.org\/es\/#organization","name":"Every Brain Matters","url":"https:\/\/everybrainmatters.org\/es\/","logo":{"@type":"ImageObject","inLanguage":"es-ES","@id":"https:\/\/everybrainmatters.org\/es\/#\/schema\/logo\/image\/","url":"https:\/\/everybrainmatters.org\/wp-content\/uploads\/AllBrains_3.jpg","contentUrl":"https:\/\/everybrainmatters.org\/wp-content\/uploads\/AllBrains_3.jpg","width":1000,"height":1087,"caption":"Every Brain Matters"},"image":{"@id":"https:\/\/everybrainmatters.org\/es\/#\/schema\/logo\/image\/"}}]}},"_links":{"self":[{"href":"https:\/\/everybrainmatters.org\/es\/wp-json\/wp\/v2\/pages\/46627","targetHints":{"allow":["GET"]}}],"collection":[{"href":"https:\/\/everybrainmatters.org\/es\/wp-json\/wp\/v2\/pages"}],"about":[{"href":"https:\/\/everybrainmatters.org\/es\/wp-json\/wp\/v2\/types\/page"}],"author":[{"embeddable":true,"href":"https:\/\/everybrainmatters.org\/es\/wp-json\/wp\/v2\/users\/11"}],"replies":[{"embeddable":true,"href":"https:\/\/everybrainmatters.org\/es\/wp-json\/wp\/v2\/comments?post=46627"}],"version-history":[{"count":5,"href":"https:\/\/everybrainmatters.org\/es\/wp-json\/wp\/v2\/pages\/46627\/revisions"}],"predecessor-version":[{"id":54859,"href":"https:\/\/everybrainmatters.org\/es\/wp-json\/wp\/v2\/pages\/46627\/revisions\/54859"}],"wp:attachment":[{"href":"https:\/\/everybrainmatters.org\/es\/wp-json\/wp\/v2\/media?parent=46627"}],"curies":[{"name":"wp","href":"https:\/\/api.w.org\/{rel}","templated":true}]}}