{"id":46628,"date":"2020-10-19T21:23:53","date_gmt":"2020-10-20T02:23:53","guid":{"rendered":"https:\/\/everybrainmatters.org\/resultados-de-urgencias\/"},"modified":"2025-10-21T08:57:59","modified_gmt":"2025-10-21T13:57:59","slug":"resultados-de-urgencias","status":"publish","type":"page","link":"https:\/\/everybrainmatters.org\/es\/resultados-de-urgencias\/","title":{"rendered":"Resultados de Urgencias"},"content":{"rendered":"\n<ul style=\"font-size:18px\" class=\"wp-block-list\">\n<li><a href=\"https:\/\/jamanetwork.com\/journals\/jamanetworkopen\/fullarticle\/2820100\">Legalizaci\u00f3n estatal del cannabis y tendencias de los trastornos relacionados con el cannabis en los ancianos de EE.UU., de 2017 a 2022<\/a> 2024 Junio 18<\/li>\n\n\n\n<li><a href=\"https:\/\/agsjournals.onlinelibrary.wiley.com\/doi\/abs\/10.1111\/jgs.18180\">Tendencias de las visitas a urgencias asociadas al consumo de cannabis entre los adultos mayores de California, 2005-2019<\/a> 2023 Ene 09<\/li>\n\n\n\n<li><a href=\"https:\/\/www.cdc.gov\/mmwr\/volumes\/72\/wr\/mm7228a1.htm?s_cid=mm7228a1_w\">Visitas a urgencias por consumo de cannabis entre personas de &lt;25 a\u00f1os antes y durante la pandemia de COVID-19 &#8211; Estados Unidos, 2019-2022<\/a> 2023 14 de julio<\/li>\n\n\n\n<li><a href=\"https:\/\/pubmed.ncbi.nlm.nih.gov\/35033959\/\">Tendencias y caracter\u00edsticas de las visitas a urgencias asociadas al cannabis en Estados Unidos, 2006-2018.<\/a>  2022 Ene 10<\/li>\n\n\n\n<li><a href=\"https:\/\/pubmed.ncbi.nlm.nih.gov\/34387560\/\">Cambios en las Tasas de Hospitalizaciones por Da\u00f1os del Cannabis en Ontario, Canad\u00e1, Antes de la Legalizaci\u00f3n del Cannabis No M\u00e9dico: Estudio retrospectivo a nivel de poblaci\u00f3n entre 2003 y 2017<\/a> 2022 Mayo\/Junio 16<\/li>\n\n\n\n<li><a href=\"https:\/\/www.sciencedirect.com\/science\/article\/abs\/pii\/S1876285921003776\">Tendencias Recientes en los Encuentros Hospitalarios Relacionados con la Marihuana en Ni\u00f1os Peque\u00f1os<\/a>, 2022 Mayo-Junio<\/li>\n\n\n\n<li><a href=\"https:\/\/bmjopenrespres.bmj.com\/content\/9\/1\/e001216\">Consumo de cannabis y riesgos de morbilidad y mortalidad respiratoria y por todas las causas: un estudio de cohortes de base poblacional y vinculaci\u00f3n de datos<\/a> 2022 Junio 26<\/li>\n\n\n\n<li><a class=\"ek-link\" href=\"https:\/\/www.medpagetoday.com\/meetingcoverage\/acep\/95356\">Los servicios de urgencias de Michigan registran un aumento de la toxicidad neuropsiqui\u00e1trica relacionada con el cannabis<\/a> 2021, 30 de octubre<\/li>\n\n\n\n<li><a class=\"ek-link\" href=\"https:\/\/www.ncbi.nlm.nih.gov\/pmc\/articles\/PMC6625695\/\">Cannabis Legalizado en los Servicios de Urgencias de Colorado: Una revisi\u00f3n cautelar de los efectos negativos sobre la salud y la seguridad<\/a> 2019, 3 de junio<\/li>\n\n\n\n<li><a href=\"https:\/\/pubmed.ncbi.nlm.nih.gov\/30418337\/\">Tendencias y factores relacionados con las visitas a urgencias asociadas al cannabis en Estados Unidos: 2006-2014<\/a> 2019. mayo\/junio 13 <\/li>\n\n\n\n<li><a class=\"ek-link\" href=\"https:\/\/www.acpjournals.org\/doi\/full\/10.7326\/M18-2809\">Enfermedades agudas asociadas al consumo de cannabis, por v\u00eda de exposici\u00f3n<\/a> 2019, 16 de abril<\/li>\n\n\n\n<li><a class=\"ek-link\" href=\"https:\/\/www.acpjournals.org\/doi\/full\/10.7326\/M18-2809\">Visitas a urgencias por cannabis comestible frente a inhalable<\/a> 2019, 16 de abril<br\/><br\/><\/li>\n<\/ul>\n\n<hr class=\"wp-block-separator has-alpha-channel-opacity\"\/>\n\n<div class=\"wp-block-columns is-layout-flex wp-container-core-columns-is-layout-9d6595d7 wp-block-columns-is-layout-flex\">\n<div class=\"wp-block-column is-layout-flow wp-block-column-is-layout-flow\">\n<p style=\"font-size:16px\"><a href=\"https:\/\/www.medpagetoday.com\/meetingcoverage\/acep\/95356\" class=\"ek-link\">Los servicios de urgencias de Michigan registran un aumento de la toxicidad neuropsiqui\u00e1trica relacionada con el cannabis<\/a><br\/><a href=\"https:\/\/www.medpagetoday.com\/people\/rb1902\/ryan-basen\">Ryan Basen<\/a>, Escritor de Empresa e Investigaci\u00f3n, MedPage Today 30 de octubre de 2021<\/p>\n\n\n\n<p style=\"font-size:16px\">Un estudio comunitario informa de datos \u00abproblem\u00e1ticos\u00bb en un estado que legaliz\u00f3 la marihuana para adultos. La toxicidad neuropsiqui\u00e1trica (NPS) era com\u00fan entre los pacientes que se presentaban con toxicidad por cannabis en los servicios de urgencias (SU) de Michigan, y era m\u00e1s probable que tambi\u00e9n hubieran consumido otras sustancias, inform\u00f3 un investigador&#8230;.. <\/p>\n\n\n\n<p><\/p>\n<\/div>\n\n\n\n<div class=\"wp-block-column is-layout-flow wp-block-column-is-layout-flow\">\n<p style=\"font-size:16px\"><a href=\"https:\/\/www.ncbi.nlm.nih.gov\/pmc\/articles\/PMC6625695\/\" class=\"ek-link\">Cannabis legalizado en los servicios de urgencias de Colorado: Una revisi\u00f3n cautelar de los efectos negativos sobre la salud y la seguridad<\/a><br\/><a href=\"https:\/\/pubmed.ncbi.nlm.nih.gov\/?term=Roberts%20BA%5BAuthor%5D\">Brad A. Roberts<\/a>, MD Publicado en l\u00ednea el 3 de junio de 2019. doi: <a href=\"https:\/\/doi.org\/10.5811%2Fwestjem.2019.4.39935\" target=\"_blank\" rel=\"noreferrer noopener\">10.5811\/westjem.2019.4.39935<\/a> <\/p>\n\n\n\n<p style=\"font-size:16px\">La legalizaci\u00f3n del cannabis ha tenido importantes consecuencias para la salud, sobre todo para los pacientes de los servicios de urgencias y hospitales de Colorado. Las m\u00e1s preocupantes incluyen psicosis, suicidio y abuso de otras sustancias. Entre los efectos perjudiciales para el cerebro se encuentran la disminuci\u00f3n de la toma de decisiones complejas, que puede no ser reversible con la abstinencia&#8230;  <\/p>\n<\/div>\n<\/div>\n\n<hr class=\"wp-block-separator has-css-opacity is-style-wide\"\/>\n\n<div class=\"wp-block-columns is-layout-flex wp-container-core-columns-is-layout-9d6595d7 wp-block-columns-is-layout-flex\">\n<div class=\"wp-block-column is-layout-flow wp-block-column-is-layout-flow\">\n<p style=\"font-size:16px\"><a href=\"https:\/\/doi.org\/10.7326\/M18-2809\" class=\"ek-link\">Enfermedad aguda asociada al consumo de cannabis, por v\u00eda de exposici\u00f3n<\/a><br\/>Andrew A. Monte, MD, PhD, Shelby K. Shelton, MPH, Eleanor Mills, BS, Jessica Saben, PhD <a href=\"https:\/\/doi.org\/10.7326\/M18-2809\" class=\"ek-link\">.<\/a>..<br\/>Anales de Medicina Interna 16 de abril de 2019<\/p>\n\n\n\n<p style=\"font-size:16px\">Hubo 9.973 visitas con un c\u00f3digo CIE-9-CM o CIE-10-CM de consumo de cannabis. De ellas, 2.567 (25,7%) visitas eran atribuibles, al menos parcialmente, al cannabis, y 238 de ellas (9,3%) estaban relacionadas con el cannabis comestible. Las visitas atribuibles al cannabis inhalado ten\u00edan m\u00e1s probabilidades de deberse al s\u00edndrome de hiper\u00e9mesis cannabinoide (18,0% frente a 8,4%), y las atribuibles al cannabis comestible ten\u00edan m\u00e1s probabilidades de deberse a s\u00edntomas psiqui\u00e1tricos agudos (18,0% frente a 10,9%), intoxicaci\u00f3n (48% frente a 28%) y s\u00edntomas cardiovasculares (8,0% frente a 3,1%)&#8230;.    <\/p>\n\n\n\n<p><\/p>\n<\/div>\n\n\n\n<div class=\"wp-block-column is-layout-flow wp-block-column-is-layout-flow\">\n<p style=\"font-size:16px\"><a href=\"https:\/\/www.acpjournals.org\/doi\/full\/10.7326\/M19-0542\" class=\"ek-link\">Visitas a urgencias por cannabis comestible frente a inhalable<\/a><br\/>Nora D. Volkow, MD y Ruben Baler, PhD<br\/>Annals of Internal Medicine 16 de abril de 2019<\/p>\n\n\n\n<p style=\"font-size:16px\">La legalizaci\u00f3n del cannabis en un n\u00famero creciente de estados, unida a la percepci\u00f3n de que la marihuana es una droga inocua, ha provocado un aumento significativo del consumo de cannabis, tanto por sus propiedades recreativas como por sus supuestas propiedades medicinales. Sin embargo, el consumo de cannabis se asocia a efectos adversos para la salud<a href=\"https:\/\/www.acpjournals.org\/doi\/abs\/10.7326\/M19-0542?journalCode=aim#r1-M190542\">(1<\/a>), y han aumentado las visitas a urgencias y los ingresos hospitalarios relacionados con el cannabis<a href=\"https:\/\/www.acpjournals.org\/doi\/abs\/10.7326\/M19-0542?journalCode=aim#r2-M190542\">(2<\/a>)&#8230;. <\/p>\n<\/div>\n<\/div>\n","protected":false},"excerpt":{"rendered":"<p>Los servicios de urgencias de Michigan registran un aumento de la toxicidad neuropsiqui\u00e1trica relacionada con el cannabisRyan Basen, Escritor de&#8230;<\/p>\n","protected":false},"author":11,"featured_media":0,"parent":0,"menu_order":0,"comment_status":"closed","ping_status":"closed","template":"","meta":{"_acf_changed":false,"_editorskit_title_hidden":false,"_editorskit_reading_time":0,"_editorskit_is_block_options_detached":false,"_editorskit_block_options_position":"{}","footnotes":""},"class_list":["post-46628","page","type-page","status-publish","hentry"],"acf":[],"yoast_head":"<!-- This site is optimized with the Yoast SEO plugin v26.1.1 - https:\/\/yoast.com\/wordpress\/plugins\/seo\/ -->\n<title>Resultados de Urgencias - Every Brain Matters<\/title>\n<meta name=\"robots\" content=\"index, follow, max-snippet:-1, max-image-preview:large, max-video-preview:-1\" \/>\n<link rel=\"canonical\" href=\"https:\/\/everybrainmatters.org\/es\/resultados-de-urgencias\/\" \/>\n<meta property=\"og:locale\" content=\"es_ES\" \/>\n<meta property=\"og:type\" content=\"article\" \/>\n<meta property=\"og:title\" content=\"Resultados de Urgencias - Every Brain Matters\" \/>\n<meta property=\"og:description\" content=\"Los servicios de urgencias de Michigan registran un aumento de la toxicidad neuropsiqui\u00e1trica relacionada con el cannabisRyan Basen, Escritor de...\" \/>\n<meta property=\"og:url\" content=\"https:\/\/everybrainmatters.org\/es\/resultados-de-urgencias\/\" \/>\n<meta property=\"og:site_name\" content=\"Every Brain Matters\" \/>\n<meta property=\"article:modified_time\" content=\"2025-10-21T13:57:59+00:00\" \/>\n<meta property=\"og:image\" content=\"https:\/\/everybrainmatters.org\/wp-content\/uploads\/AllBrains_3.jpg\" \/>\n\t<meta property=\"og:image:width\" content=\"1000\" \/>\n\t<meta property=\"og:image:height\" content=\"1087\" \/>\n\t<meta property=\"og:image:type\" content=\"image\/jpeg\" \/>\n<meta name=\"twitter:card\" content=\"summary_large_image\" \/>\n<meta name=\"twitter:label1\" content=\"Est. reading time\" \/>\n\t<meta name=\"twitter:data1\" content=\"3 minutos\" \/>\n<script type=\"application\/ld+json\" class=\"yoast-schema-graph\">{\"@context\":\"https:\/\/schema.org\",\"@graph\":[{\"@type\":\"WebPage\",\"@id\":\"https:\/\/everybrainmatters.org\/es\/resultados-de-urgencias\/\",\"url\":\"https:\/\/everybrainmatters.org\/es\/resultados-de-urgencias\/\",\"name\":\"Resultados de Urgencias - Every Brain Matters\",\"isPartOf\":{\"@id\":\"https:\/\/everybrainmatters.org\/es\/#website\"},\"datePublished\":\"2020-10-20T02:23:53+00:00\",\"dateModified\":\"2025-10-21T13:57:59+00:00\",\"breadcrumb\":{\"@id\":\"https:\/\/everybrainmatters.org\/es\/resultados-de-urgencias\/#breadcrumb\"},\"inLanguage\":\"es-ES\",\"potentialAction\":[{\"@type\":\"ReadAction\",\"target\":[\"https:\/\/everybrainmatters.org\/es\/resultados-de-urgencias\/\"]}]},{\"@type\":\"BreadcrumbList\",\"@id\":\"https:\/\/everybrainmatters.org\/es\/resultados-de-urgencias\/#breadcrumb\",\"itemListElement\":[{\"@type\":\"ListItem\",\"position\":1,\"name\":\"Home\",\"item\":\"https:\/\/everybrainmatters.org\/es\/\"},{\"@type\":\"ListItem\",\"position\":2,\"name\":\"Resultados de Urgencias\"}]},{\"@type\":\"WebSite\",\"@id\":\"https:\/\/everybrainmatters.org\/es\/#website\",\"url\":\"https:\/\/everybrainmatters.org\/es\/\",\"name\":\"Every Brain Matters\",\"description\":\"\",\"publisher\":{\"@id\":\"https:\/\/everybrainmatters.org\/es\/#organization\"},\"potentialAction\":[{\"@type\":\"SearchAction\",\"target\":{\"@type\":\"EntryPoint\",\"urlTemplate\":\"https:\/\/everybrainmatters.org\/es\/?s={search_term_string}\"},\"query-input\":{\"@type\":\"PropertyValueSpecification\",\"valueRequired\":true,\"valueName\":\"search_term_string\"}}],\"inLanguage\":\"es-ES\"},{\"@type\":\"Organization\",\"@id\":\"https:\/\/everybrainmatters.org\/es\/#organization\",\"name\":\"Every Brain Matters\",\"url\":\"https:\/\/everybrainmatters.org\/es\/\",\"logo\":{\"@type\":\"ImageObject\",\"inLanguage\":\"es-ES\",\"@id\":\"https:\/\/everybrainmatters.org\/es\/#\/schema\/logo\/image\/\",\"url\":\"https:\/\/everybrainmatters.org\/wp-content\/uploads\/AllBrains_3.jpg\",\"contentUrl\":\"https:\/\/everybrainmatters.org\/wp-content\/uploads\/AllBrains_3.jpg\",\"width\":1000,\"height\":1087,\"caption\":\"Every Brain Matters\"},\"image\":{\"@id\":\"https:\/\/everybrainmatters.org\/es\/#\/schema\/logo\/image\/\"}}]}<\/script>\n<!-- \/ Yoast SEO plugin. -->","yoast_head_json":{"title":"Resultados de Urgencias - Every Brain Matters","robots":{"index":"index","follow":"follow","max-snippet":"max-snippet:-1","max-image-preview":"max-image-preview:large","max-video-preview":"max-video-preview:-1"},"canonical":"https:\/\/everybrainmatters.org\/es\/resultados-de-urgencias\/","og_locale":"es_ES","og_type":"article","og_title":"Resultados de Urgencias - Every Brain Matters","og_description":"Los servicios de urgencias de Michigan registran un aumento de la toxicidad neuropsiqui\u00e1trica relacionada con el cannabisRyan Basen, Escritor de...","og_url":"https:\/\/everybrainmatters.org\/es\/resultados-de-urgencias\/","og_site_name":"Every Brain Matters","article_modified_time":"2025-10-21T13:57:59+00:00","og_image":[{"width":1000,"height":1087,"url":"https:\/\/everybrainmatters.org\/wp-content\/uploads\/AllBrains_3.jpg","type":"image\/jpeg"}],"twitter_card":"summary_large_image","twitter_misc":{"Est. reading time":"3 minutos"},"schema":{"@context":"https:\/\/schema.org","@graph":[{"@type":"WebPage","@id":"https:\/\/everybrainmatters.org\/es\/resultados-de-urgencias\/","url":"https:\/\/everybrainmatters.org\/es\/resultados-de-urgencias\/","name":"Resultados de Urgencias - Every Brain Matters","isPartOf":{"@id":"https:\/\/everybrainmatters.org\/es\/#website"},"datePublished":"2020-10-20T02:23:53+00:00","dateModified":"2025-10-21T13:57:59+00:00","breadcrumb":{"@id":"https:\/\/everybrainmatters.org\/es\/resultados-de-urgencias\/#breadcrumb"},"inLanguage":"es-ES","potentialAction":[{"@type":"ReadAction","target":["https:\/\/everybrainmatters.org\/es\/resultados-de-urgencias\/"]}]},{"@type":"BreadcrumbList","@id":"https:\/\/everybrainmatters.org\/es\/resultados-de-urgencias\/#breadcrumb","itemListElement":[{"@type":"ListItem","position":1,"name":"Home","item":"https:\/\/everybrainmatters.org\/es\/"},{"@type":"ListItem","position":2,"name":"Resultados de Urgencias"}]},{"@type":"WebSite","@id":"https:\/\/everybrainmatters.org\/es\/#website","url":"https:\/\/everybrainmatters.org\/es\/","name":"Every Brain Matters","description":"","publisher":{"@id":"https:\/\/everybrainmatters.org\/es\/#organization"},"potentialAction":[{"@type":"SearchAction","target":{"@type":"EntryPoint","urlTemplate":"https:\/\/everybrainmatters.org\/es\/?s={search_term_string}"},"query-input":{"@type":"PropertyValueSpecification","valueRequired":true,"valueName":"search_term_string"}}],"inLanguage":"es-ES"},{"@type":"Organization","@id":"https:\/\/everybrainmatters.org\/es\/#organization","name":"Every Brain Matters","url":"https:\/\/everybrainmatters.org\/es\/","logo":{"@type":"ImageObject","inLanguage":"es-ES","@id":"https:\/\/everybrainmatters.org\/es\/#\/schema\/logo\/image\/","url":"https:\/\/everybrainmatters.org\/wp-content\/uploads\/AllBrains_3.jpg","contentUrl":"https:\/\/everybrainmatters.org\/wp-content\/uploads\/AllBrains_3.jpg","width":1000,"height":1087,"caption":"Every Brain Matters"},"image":{"@id":"https:\/\/everybrainmatters.org\/es\/#\/schema\/logo\/image\/"}}]}},"_links":{"self":[{"href":"https:\/\/everybrainmatters.org\/es\/wp-json\/wp\/v2\/pages\/46628","targetHints":{"allow":["GET"]}}],"collection":[{"href":"https:\/\/everybrainmatters.org\/es\/wp-json\/wp\/v2\/pages"}],"about":[{"href":"https:\/\/everybrainmatters.org\/es\/wp-json\/wp\/v2\/types\/page"}],"author":[{"embeddable":true,"href":"https:\/\/everybrainmatters.org\/es\/wp-json\/wp\/v2\/users\/11"}],"replies":[{"embeddable":true,"href":"https:\/\/everybrainmatters.org\/es\/wp-json\/wp\/v2\/comments?post=46628"}],"version-history":[{"count":0,"href":"https:\/\/everybrainmatters.org\/es\/wp-json\/wp\/v2\/pages\/46628\/revisions"}],"wp:attachment":[{"href":"https:\/\/everybrainmatters.org\/es\/wp-json\/wp\/v2\/media?parent=46628"}],"curies":[{"name":"wp","href":"https:\/\/api.w.org\/{rel}","templated":true}]}}