{"id":46637,"date":"2020-10-18T15:51:32","date_gmt":"2020-10-18T20:51:32","guid":{"rendered":"https:\/\/everybrainmatters.org\/muertes-infantiles-por-negligencia-y-abuso-con-marihuana\/"},"modified":"2025-10-21T08:58:00","modified_gmt":"2025-10-21T13:58:00","slug":"muertes-infantiles-por-negligencia-y-abuso-con-marihuana","status":"publish","type":"page","link":"https:\/\/everybrainmatters.org\/es\/muertes-infantiles-por-negligencia-y-abuso-con-marihuana\/","title":{"rendered":"Muertes infantiles por negligencia y abuso con marihuana"},"content":{"rendered":"\n<ul class=\"wp-block-list\">\n<li><a href=\"#Arizona\" class=\"ek-link\">Arizona<\/a><\/li>\n\n\n\n<li><a href=\"#Florida\" class=\"ek-link\">Florida<\/a><\/li>\n\n\n\n<li><a href=\"#Texas\" class=\"ek-link\">Texas<\/a><\/li>\n\n\n\n<li><a href=\"https:\/\/www.sciencedirect.com\/science\/article\/pii\/S0376871622004653?via%3Dihub\" target=\"_blank\" rel=\"noreferrer noopener\">Trastorno prenatal por consumo de cannabis y hospitalizaci\u00f3n y muerte del lactante en el primer a\u00f1o de vida<\/a>, 2023, 1 de enero<\/li>\n<\/ul>\n\n<hr class=\"wp-block-separator has-css-opacity is-style-wide\"\/>\n\n<h3 class=\"wp-block-heading\" id=\"Arizona\">Arizona<\/h3>\n\n<p><strong>Equipo de Revisi\u00f3n de las Fatalidades Infantiles de Arizona<\/strong><br\/><a aria-label=\"Twenty-Seventh Annual Report (opens in a new tab)\" href=\"https:\/\/www.azdhs.gov\/documents\/prevention\/womens-childrens-health\/reports-fact-sheets\/child-fatality-review-annual-reports\/cfr-annual-report-2020.pdf\" target=\"_blank\" rel=\"noreferrer noopener\" class=\"ek-link\">Vig\u00e9simo S\u00e9ptimo Informe Anual<\/a><br\/>15 de noviembre de 2020<\/p>\n\n<p>En el 88% de las 119 muertes relacionadas con el consumo de sustancias (n=105), el ni\u00f1o fallecido consum\u00eda o abusaba de alcohol o drogas que causaron o contribuyeron a su muerte (Figura 49). La marihuana y los opi\u00e1ceos fueron las sustancias que con m\u00e1s frecuencia causaron o contribuyeron a la muerte del ni\u00f1o cuando \u00e9ste era el consumidor. En el 76% de las 119 muertes relacionadas con el consumo de sustancias (n=91), otro individuo (ni\u00f1o o adulto) consum\u00eda o abusaba del alcohol o las drogas, lo que caus\u00f3 o contribuy\u00f3 a la muerte del ni\u00f1o.    <\/p>\n\n<figure class=\"wp-block-image size-large is-resized is-style-editorskit-shadow\"><a href=\"https:\/\/www.azdhs.gov\/documents\/prevention\/womens-childrens-health\/reports-fact-sheets\/child-fatality-review-annual-reports\/cfr-annual-report-2020.pdf\" target=\"_blank\" rel=\"noopener\"><img loading=\"lazy\" decoding=\"async\" width=\"1024\" height=\"509\" src=\"https:\/\/everybrainmatters.org\/wp-content\/uploads\/Arizona-child-deaths-marijuana-1024x509.jpg\" alt=\"\" class=\"wp-image-22257\" style=\"width:840px;height:417px\" srcset=\"https:\/\/everybrainmatters.org\/wp-content\/uploads\/Arizona-child-deaths-marijuana-1024x509.jpg 1024w, https:\/\/everybrainmatters.org\/wp-content\/uploads\/Arizona-child-deaths-marijuana-300x149.jpg 300w, https:\/\/everybrainmatters.org\/wp-content\/uploads\/Arizona-child-deaths-marijuana-768x382.jpg 768w, https:\/\/everybrainmatters.org\/wp-content\/uploads\/Arizona-child-deaths-marijuana-600x298.jpg 600w, https:\/\/everybrainmatters.org\/wp-content\/uploads\/Arizona-child-deaths-marijuana.jpg 1383w\" sizes=\"auto, (max-width: 1024px) 100vw, 1024px\" \/><\/a><figcaption class=\"wp-element-caption\">P\u00e1gina 64: <a href=\"https:\/\/www.azdhs.gov\/documents\/prevention\/womens-childrens-health\/reports-fact-sheets\/child-fatality-review-annual-reports\/cfr-annual-report-2020.pdf\" class=\"ek-link\">https:\/\/www.azdhs.gov\/documents\/prevention\/womens-childrens-health\/reports-fact-sheets\/child-fatality-review-annual-reports\/cfr-annual-report-2020.pdf<\/a><\/figcaption><\/figure>\n\n<hr class=\"wp-block-separator has-css-opacity is-style-wide\"\/>\n\n<h3 class=\"wp-block-heading\" id=\"Florida\">Florida<\/h3>\n\n<p><a href=\"http:\/\/www.flcadr.com\/documents\/CADR2020AnnualReportFINAL.pdf\" target=\"_blank\" aria-label=\"Child Abuse Death Review Committee - Working to eliminate preventable child abuse and neglect deaths in Floria - Annual Report December 2020 (opens in a new tab)\" rel=\"noreferrer noopener\" class=\"ek-link\">Comit\u00e9 de Revisi\u00f3n de Muertes por Maltrato Infantil &#8211; Trabajando para eliminar las muertes por maltrato y negligencia infantil evitables en Floria &#8211; Informe Anual Diciembre 2020<\/a><\/p>\n\n<p>Historial de abuso de sustancias de cuidadores y supervisores<\/p>\n\n<p>En el caso de los que tienen antecedentes de abuso de sustancias, la mayor\u00eda de los cuidadores de ni\u00f1os cuyas muertes se verificaron como maltrato tienen antecedentes de consumo de marihuana (desde un m\u00ednimo del 52% para otras causas hasta un m\u00e1ximo del 100% para las muertes relacionadas con el sue\u00f1o). Del mismo modo, se observan porcentajes elevados de consumo de marihuana por parte de los cuidadores en todas las causas primarias de muerte para las muertes no verificadas y sin indicadores de maltrato; desde un m\u00ednimo del 0,0% para las muertes por traumatismo infligido no verificadas hasta un m\u00e1ximo del 83,3% para las muertes por ahogamiento no verificadas.  <\/p>\n\n<p>P\u00e1gina 148 http:\/\/www.flcadr.com\/documents\/CADR2020AnnualReportFINAL.pdf<\/p>\n<div class=\"wp-block-image is-style-editorskit-shadow\">\n<figure class=\"aligncenter size-large\"><img loading=\"lazy\" decoding=\"async\" width=\"1024\" height=\"521\" src=\"https:\/\/everybrainmatters.org\/wp-content\/uploads\/Florida-drug-child-maltreatment-1-1024x521.jpg\" alt=\"\" class=\"wp-image-22254\" srcset=\"https:\/\/everybrainmatters.org\/wp-content\/uploads\/Florida-drug-child-maltreatment-1-1024x521.jpg 1024w, https:\/\/everybrainmatters.org\/wp-content\/uploads\/Florida-drug-child-maltreatment-1-300x153.jpg 300w, https:\/\/everybrainmatters.org\/wp-content\/uploads\/Florida-drug-child-maltreatment-1-768x391.jpg 768w, https:\/\/everybrainmatters.org\/wp-content\/uploads\/Florida-drug-child-maltreatment-1-600x305.jpg 600w, https:\/\/everybrainmatters.org\/wp-content\/uploads\/Florida-drug-child-maltreatment-1.jpg 1382w\" sizes=\"auto, (max-width: 1024px) 100vw, 1024px\" \/><figcaption class=\"wp-element-caption\">http:\/\/www.flcadr.com\/documents\/CADR2020AnnualReportFINAL.pdf<\/figcaption><\/figure><\/div>\n<figure class=\"wp-block-image size-large is-style-editorskit-shadow\"><img loading=\"lazy\" decoding=\"async\" width=\"1024\" height=\"480\" src=\"https:\/\/everybrainmatters.org\/wp-content\/uploads\/marijuana-with-child-death-malnur-abuse-Florida-1-1024x480.jpg\" alt=\"\" class=\"wp-image-22255\" srcset=\"https:\/\/everybrainmatters.org\/wp-content\/uploads\/marijuana-with-child-death-malnur-abuse-Florida-1-1024x480.jpg 1024w, https:\/\/everybrainmatters.org\/wp-content\/uploads\/marijuana-with-child-death-malnur-abuse-Florida-1-300x141.jpg 300w, https:\/\/everybrainmatters.org\/wp-content\/uploads\/marijuana-with-child-death-malnur-abuse-Florida-1-768x360.jpg 768w, https:\/\/everybrainmatters.org\/wp-content\/uploads\/marijuana-with-child-death-malnur-abuse-Florida-1-600x281.jpg 600w, https:\/\/everybrainmatters.org\/wp-content\/uploads\/marijuana-with-child-death-malnur-abuse-Florida-1.jpg 1390w\" sizes=\"auto, (max-width: 1024px) 100vw, 1024px\" \/><figcaption class=\"wp-element-caption\">http:\/\/www.flcadr.com\/documents\/CADR2020AnnualReportFINAL.pdf<\/figcaption><\/figure>\n\n<hr class=\"wp-block-separator has-css-opacity is-style-wide\"\/>\n\n<h3 class=\"wp-block-heading\" id=\"Texas\">Texas<\/h3>\n\n<h4 class=\"wp-block-heading\" id=\"Texas\"><strong>Departamento de Servicios Familiares y de Protecci\u00f3n<\/strong><\/h4>\n\n<p><a href=\"https:\/\/www.dfps.texas.gov\/About_DFPS\/Reports_and_Presentations\/Office_of_Child_Safety\/documents\/child-fatality-reports\/2024-03-20_Child_Maltreatment_Fatalities_and_Near_Fatalities_Annual_Report.pdf\">A\u00f1o fiscal 2023, Informe anual sobre muertes y casi muertes por maltrato infantil<br\/>Marzo 2024<\/a><\/p>\n\n<p><\/p>\n\n<p>Abuso de sustancias por el cuidador como factor de riesgo<\/p>\n\n<p>El consumo de sustancias y el trastorno por abuso de sustancias del cuidador como factor de riesgo<br\/>Durante la revisi\u00f3n de las muertes infantiles confirmadas por maltrato y negligencia, se examinaron los casos<br\/>en busca de antecedentes documentados de consumo de sustancias (incluido el consumo inadecuado de medicamentos prescritos<br\/>) y de preocupaciones activas por el consumo de sustancias en el momento de la muerte del ni\u00f1o.<br\/>En el a\u00f1o fiscal 2023, 114 de las 164 muertes infantiles causadas por maltrato o negligencia implicaban a un progenitor o<br\/>cuidador que consum\u00eda activamente una sustancia y\/o estaba bajo la influencia de al menos una sustancia que<br\/>afectaba a la capacidad de cuidar del ni\u00f1o. En las tablas y el gr\u00e1fico siguientes, el consumo de sustancias se<br\/>describe por tipo y si se denunci\u00f3. Aunque el consumo de metanfetamina y alcohol era  <br\/><br\/>identificada en 24 muertes infantiles, la marihuana fue la sustancia m\u00e1s identificada como sustancia activa<br\/>en las muertes relacionadas con el maltrato y la negligencia infantil y se identific\u00f3 como consumo previo en 95 de<br\/>los casos.<\/p>\n\n<p><a href=\"https:\/\/www.dfps.state.tx.us\/About_DFPS\/Reports_and_Presentations\/PEI\/documents\/2021\/2021-03-01_FY2020_Child_Fatality_and_Near_Fatality_Annual_Report.pdf\">https:\/\/www.dfps.state.tx.us\/About_DFPS\/Reports_and_Presentations\/PEI\/documents\/2021\/2021-03-01_FY2020_Child_Fatality_and_Near_Fatality_Annual_Report.pdf<\/a><\/p>\n\n<figure class=\"wp-block-image size-full is-style-editorskit-shadow\"><a href=\"https:\/\/www.dfps.texas.gov\/About_DFPS\/Reports_and_Presentations\/Office_of_Child_Safety\/documents\/child-fatality-reports\/2024-03-20_Child_Maltreatment_Fatalities_and_Near_Fatalities_Annual_Report.pdf\"><img loading=\"lazy\" decoding=\"async\" width=\"684\" height=\"646\" src=\"https:\/\/everybrainmatters.org\/wp-content\/uploads\/Screenshot-2025-03-24-162750.png\" alt=\"\" class=\"wp-image-37319\" srcset=\"https:\/\/everybrainmatters.org\/wp-content\/uploads\/Screenshot-2025-03-24-162750.png 684w, https:\/\/everybrainmatters.org\/wp-content\/uploads\/Screenshot-2025-03-24-162750-300x283.png 300w, https:\/\/everybrainmatters.org\/wp-content\/uploads\/Screenshot-2025-03-24-162750-600x567.png 600w\" sizes=\"auto, (max-width: 684px) 100vw, 684px\" \/><\/a><\/figure>\n\n<hr class=\"wp-block-separator has-css-opacity is-style-wide\"\/>\n","protected":false},"excerpt":{"rendered":"<p>Arizona Equipo de Revisi\u00f3n de las Fatalidades Infantiles de ArizonaVig\u00e9simo S\u00e9ptimo Informe Anual15 de noviembre de 2020 En el 88%&#8230;<\/p>\n","protected":false},"author":11,"featured_media":0,"parent":0,"menu_order":0,"comment_status":"closed","ping_status":"closed","template":"","meta":{"_acf_changed":false,"_editorskit_title_hidden":false,"_editorskit_reading_time":0,"_editorskit_is_block_options_detached":false,"_editorskit_block_options_position":"{}","footnotes":""},"class_list":["post-46637","page","type-page","status-publish","hentry"],"acf":[],"yoast_head":"<!-- This site is optimized with the Yoast SEO plugin v26.1.1 - https:\/\/yoast.com\/wordpress\/plugins\/seo\/ -->\n<title>Muertes infantiles por negligencia y abuso con marihuana - Every Brain Matters<\/title>\n<meta name=\"robots\" content=\"index, follow, max-snippet:-1, max-image-preview:large, max-video-preview:-1\" \/>\n<link rel=\"canonical\" href=\"https:\/\/everybrainmatters.org\/es\/muertes-infantiles-por-negligencia-y-abuso-con-marihuana\/\" \/>\n<meta property=\"og:locale\" content=\"es_ES\" \/>\n<meta property=\"og:type\" content=\"article\" \/>\n<meta property=\"og:title\" content=\"Muertes infantiles por negligencia y abuso con marihuana - Every Brain Matters\" \/>\n<meta property=\"og:description\" content=\"Arizona Equipo de Revisi\u00f3n de las Fatalidades Infantiles de ArizonaVig\u00e9simo S\u00e9ptimo Informe Anual15 de noviembre de 2020 En el 88%...\" \/>\n<meta property=\"og:url\" content=\"https:\/\/everybrainmatters.org\/es\/muertes-infantiles-por-negligencia-y-abuso-con-marihuana\/\" \/>\n<meta property=\"og:site_name\" content=\"Every Brain Matters\" \/>\n<meta property=\"article:modified_time\" content=\"2025-10-21T13:58:00+00:00\" \/>\n<meta property=\"og:image\" content=\"https:\/\/everybrainmatters.org\/wp-content\/uploads\/Arizona-child-deaths-marijuana.jpg\" \/>\n\t<meta property=\"og:image:width\" content=\"1383\" \/>\n\t<meta property=\"og:image:height\" content=\"688\" \/>\n\t<meta property=\"og:image:type\" content=\"image\/jpeg\" \/>\n<meta name=\"twitter:card\" content=\"summary_large_image\" \/>\n<meta name=\"twitter:label1\" content=\"Est. reading time\" \/>\n\t<meta name=\"twitter:data1\" content=\"3 minutos\" \/>\n<script type=\"application\/ld+json\" class=\"yoast-schema-graph\">{\"@context\":\"https:\/\/schema.org\",\"@graph\":[{\"@type\":\"WebPage\",\"@id\":\"https:\/\/everybrainmatters.org\/es\/muertes-infantiles-por-negligencia-y-abuso-con-marihuana\/\",\"url\":\"https:\/\/everybrainmatters.org\/es\/muertes-infantiles-por-negligencia-y-abuso-con-marihuana\/\",\"name\":\"Muertes infantiles por negligencia y abuso con marihuana - Every Brain Matters\",\"isPartOf\":{\"@id\":\"https:\/\/everybrainmatters.org\/es\/#website\"},\"primaryImageOfPage\":{\"@id\":\"https:\/\/everybrainmatters.org\/es\/muertes-infantiles-por-negligencia-y-abuso-con-marihuana\/#primaryimage\"},\"image\":{\"@id\":\"https:\/\/everybrainmatters.org\/es\/muertes-infantiles-por-negligencia-y-abuso-con-marihuana\/#primaryimage\"},\"thumbnailUrl\":\"https:\/\/everybrainmatters.org\/wp-content\/uploads\/Arizona-child-deaths-marijuana-1024x509.jpg\",\"datePublished\":\"2020-10-18T20:51:32+00:00\",\"dateModified\":\"2025-10-21T13:58:00+00:00\",\"breadcrumb\":{\"@id\":\"https:\/\/everybrainmatters.org\/es\/muertes-infantiles-por-negligencia-y-abuso-con-marihuana\/#breadcrumb\"},\"inLanguage\":\"es-ES\",\"potentialAction\":[{\"@type\":\"ReadAction\",\"target\":[\"https:\/\/everybrainmatters.org\/es\/muertes-infantiles-por-negligencia-y-abuso-con-marihuana\/\"]}]},{\"@type\":\"ImageObject\",\"inLanguage\":\"es-ES\",\"@id\":\"https:\/\/everybrainmatters.org\/es\/muertes-infantiles-por-negligencia-y-abuso-con-marihuana\/#primaryimage\",\"url\":\"https:\/\/everybrainmatters.org\/wp-content\/uploads\/Arizona-child-deaths-marijuana-1024x509.jpg\",\"contentUrl\":\"https:\/\/everybrainmatters.org\/wp-content\/uploads\/Arizona-child-deaths-marijuana-1024x509.jpg\"},{\"@type\":\"BreadcrumbList\",\"@id\":\"https:\/\/everybrainmatters.org\/es\/muertes-infantiles-por-negligencia-y-abuso-con-marihuana\/#breadcrumb\",\"itemListElement\":[{\"@type\":\"ListItem\",\"position\":1,\"name\":\"Home\",\"item\":\"https:\/\/everybrainmatters.org\/es\/\"},{\"@type\":\"ListItem\",\"position\":2,\"name\":\"Muertes infantiles por negligencia y abuso con marihuana\"}]},{\"@type\":\"WebSite\",\"@id\":\"https:\/\/everybrainmatters.org\/es\/#website\",\"url\":\"https:\/\/everybrainmatters.org\/es\/\",\"name\":\"Every Brain Matters\",\"description\":\"\",\"publisher\":{\"@id\":\"https:\/\/everybrainmatters.org\/es\/#organization\"},\"potentialAction\":[{\"@type\":\"SearchAction\",\"target\":{\"@type\":\"EntryPoint\",\"urlTemplate\":\"https:\/\/everybrainmatters.org\/es\/?s={search_term_string}\"},\"query-input\":{\"@type\":\"PropertyValueSpecification\",\"valueRequired\":true,\"valueName\":\"search_term_string\"}}],\"inLanguage\":\"es-ES\"},{\"@type\":\"Organization\",\"@id\":\"https:\/\/everybrainmatters.org\/es\/#organization\",\"name\":\"Every Brain Matters\",\"url\":\"https:\/\/everybrainmatters.org\/es\/\",\"logo\":{\"@type\":\"ImageObject\",\"inLanguage\":\"es-ES\",\"@id\":\"https:\/\/everybrainmatters.org\/es\/#\/schema\/logo\/image\/\",\"url\":\"https:\/\/everybrainmatters.org\/wp-content\/uploads\/AllBrains_3.jpg\",\"contentUrl\":\"https:\/\/everybrainmatters.org\/wp-content\/uploads\/AllBrains_3.jpg\",\"width\":1000,\"height\":1087,\"caption\":\"Every Brain Matters\"},\"image\":{\"@id\":\"https:\/\/everybrainmatters.org\/es\/#\/schema\/logo\/image\/\"}}]}<\/script>\n<!-- \/ Yoast SEO plugin. -->","yoast_head_json":{"title":"Muertes infantiles por negligencia y abuso con marihuana - Every Brain Matters","robots":{"index":"index","follow":"follow","max-snippet":"max-snippet:-1","max-image-preview":"max-image-preview:large","max-video-preview":"max-video-preview:-1"},"canonical":"https:\/\/everybrainmatters.org\/es\/muertes-infantiles-por-negligencia-y-abuso-con-marihuana\/","og_locale":"es_ES","og_type":"article","og_title":"Muertes infantiles por negligencia y abuso con marihuana - Every Brain Matters","og_description":"Arizona Equipo de Revisi\u00f3n de las Fatalidades Infantiles de ArizonaVig\u00e9simo S\u00e9ptimo Informe Anual15 de noviembre de 2020 En el 88%...","og_url":"https:\/\/everybrainmatters.org\/es\/muertes-infantiles-por-negligencia-y-abuso-con-marihuana\/","og_site_name":"Every Brain Matters","article_modified_time":"2025-10-21T13:58:00+00:00","og_image":[{"width":1383,"height":688,"url":"https:\/\/everybrainmatters.org\/wp-content\/uploads\/Arizona-child-deaths-marijuana.jpg","type":"image\/jpeg"}],"twitter_card":"summary_large_image","twitter_misc":{"Est. reading time":"3 minutos"},"schema":{"@context":"https:\/\/schema.org","@graph":[{"@type":"WebPage","@id":"https:\/\/everybrainmatters.org\/es\/muertes-infantiles-por-negligencia-y-abuso-con-marihuana\/","url":"https:\/\/everybrainmatters.org\/es\/muertes-infantiles-por-negligencia-y-abuso-con-marihuana\/","name":"Muertes infantiles por negligencia y abuso con marihuana - Every Brain Matters","isPartOf":{"@id":"https:\/\/everybrainmatters.org\/es\/#website"},"primaryImageOfPage":{"@id":"https:\/\/everybrainmatters.org\/es\/muertes-infantiles-por-negligencia-y-abuso-con-marihuana\/#primaryimage"},"image":{"@id":"https:\/\/everybrainmatters.org\/es\/muertes-infantiles-por-negligencia-y-abuso-con-marihuana\/#primaryimage"},"thumbnailUrl":"https:\/\/everybrainmatters.org\/wp-content\/uploads\/Arizona-child-deaths-marijuana-1024x509.jpg","datePublished":"2020-10-18T20:51:32+00:00","dateModified":"2025-10-21T13:58:00+00:00","breadcrumb":{"@id":"https:\/\/everybrainmatters.org\/es\/muertes-infantiles-por-negligencia-y-abuso-con-marihuana\/#breadcrumb"},"inLanguage":"es-ES","potentialAction":[{"@type":"ReadAction","target":["https:\/\/everybrainmatters.org\/es\/muertes-infantiles-por-negligencia-y-abuso-con-marihuana\/"]}]},{"@type":"ImageObject","inLanguage":"es-ES","@id":"https:\/\/everybrainmatters.org\/es\/muertes-infantiles-por-negligencia-y-abuso-con-marihuana\/#primaryimage","url":"https:\/\/everybrainmatters.org\/wp-content\/uploads\/Arizona-child-deaths-marijuana-1024x509.jpg","contentUrl":"https:\/\/everybrainmatters.org\/wp-content\/uploads\/Arizona-child-deaths-marijuana-1024x509.jpg"},{"@type":"BreadcrumbList","@id":"https:\/\/everybrainmatters.org\/es\/muertes-infantiles-por-negligencia-y-abuso-con-marihuana\/#breadcrumb","itemListElement":[{"@type":"ListItem","position":1,"name":"Home","item":"https:\/\/everybrainmatters.org\/es\/"},{"@type":"ListItem","position":2,"name":"Muertes infantiles por negligencia y abuso con marihuana"}]},{"@type":"WebSite","@id":"https:\/\/everybrainmatters.org\/es\/#website","url":"https:\/\/everybrainmatters.org\/es\/","name":"Every Brain Matters","description":"","publisher":{"@id":"https:\/\/everybrainmatters.org\/es\/#organization"},"potentialAction":[{"@type":"SearchAction","target":{"@type":"EntryPoint","urlTemplate":"https:\/\/everybrainmatters.org\/es\/?s={search_term_string}"},"query-input":{"@type":"PropertyValueSpecification","valueRequired":true,"valueName":"search_term_string"}}],"inLanguage":"es-ES"},{"@type":"Organization","@id":"https:\/\/everybrainmatters.org\/es\/#organization","name":"Every Brain Matters","url":"https:\/\/everybrainmatters.org\/es\/","logo":{"@type":"ImageObject","inLanguage":"es-ES","@id":"https:\/\/everybrainmatters.org\/es\/#\/schema\/logo\/image\/","url":"https:\/\/everybrainmatters.org\/wp-content\/uploads\/AllBrains_3.jpg","contentUrl":"https:\/\/everybrainmatters.org\/wp-content\/uploads\/AllBrains_3.jpg","width":1000,"height":1087,"caption":"Every Brain Matters"},"image":{"@id":"https:\/\/everybrainmatters.org\/es\/#\/schema\/logo\/image\/"}}]}},"_links":{"self":[{"href":"https:\/\/everybrainmatters.org\/es\/wp-json\/wp\/v2\/pages\/46637","targetHints":{"allow":["GET"]}}],"collection":[{"href":"https:\/\/everybrainmatters.org\/es\/wp-json\/wp\/v2\/pages"}],"about":[{"href":"https:\/\/everybrainmatters.org\/es\/wp-json\/wp\/v2\/types\/page"}],"author":[{"embeddable":true,"href":"https:\/\/everybrainmatters.org\/es\/wp-json\/wp\/v2\/users\/11"}],"replies":[{"embeddable":true,"href":"https:\/\/everybrainmatters.org\/es\/wp-json\/wp\/v2\/comments?post=46637"}],"version-history":[{"count":0,"href":"https:\/\/everybrainmatters.org\/es\/wp-json\/wp\/v2\/pages\/46637\/revisions"}],"wp:attachment":[{"href":"https:\/\/everybrainmatters.org\/es\/wp-json\/wp\/v2\/media?parent=46637"}],"curies":[{"name":"wp","href":"https:\/\/api.w.org\/{rel}","templated":true}]}}