{"id":46651,"date":"2020-10-18T14:14:17","date_gmt":"2020-10-18T19:14:17","guid":{"rendered":"https:\/\/everybrainmatters.org\/que-es-la-marihuana\/"},"modified":"2025-10-21T08:58:02","modified_gmt":"2025-10-21T13:58:02","slug":"que-es-la-marihuana","status":"publish","type":"page","link":"https:\/\/everybrainmatters.org\/es\/que-es-la-marihuana\/","title":{"rendered":"\u00bfQu\u00e9 es la marihuana?"},"content":{"rendered":"\n<ul class=\"wp-block-list\" style=\"font-size:18px\"><li><a href=\"https:\/\/nida.nih.gov\/publications\/drugfacts\/cannabis-marijuana\" class=\"ek-link\">Cannabis (Marihuana) DrugFacts<\/a> 2019, 24 de diciembre<\/li><li><a href=\"https:\/\/www.ncbi.nlm.nih.gov\/pmc\/articles\/PMC6312155\/\" class=\"ek-link\">El problema de la actual marihuana con THC de alta potencia desde la perspectiva de un psiquiatra especializado en adicciones<\/a> 2018, Nov-Dic<\/li><li><a href=\"https:\/\/thcphotos.org\/\" class=\"ek-link\">La marihuana hoy: fotos<\/a><\/li><\/ul>\n\n<hr class=\"wp-block-separator has-alpha-channel-opacity is-style-wide\"\/>\n\n<div class=\"wp-block-columns is-layout-flex wp-container-core-columns-is-layout-9d6595d7 wp-block-columns-is-layout-flex\">\n<div class=\"wp-block-column is-layout-flow wp-block-column-is-layout-flow\">\n<p style=\"font-size:16px\"><a href=\"https:\/\/nida.nih.gov\/publications\/drugfacts\/cannabis-marijuana\" class=\"ek-link\">Cannabis (Marihuana) DrugFacts<\/a> <br\/>NIDA. 2019, 24 de diciembre <br\/><br\/>La marihuana es la droga adictiva m\u00e1s consumida despu\u00e9s del tabaco y el alcohol.<a href=\"https:\/\/nida.nih.gov\/publications\/drugfacts\/cannabis-marijuana#ref\"><sup>1<\/sup><\/a> Su consumo est\u00e1 muy extendido entre los j\u00f3venes. En 2018, m\u00e1s de 11,8 millones de adultos j\u00f3venes consumieron marihuana en el \u00faltimo a\u00f1o.<a href=\"https:\/\/nida.nih.gov\/publications\/drugfacts\/cannabis-marijuana#ref\" class=\"ek-link\"><sup>1<\/sup><\/a> La marihuana se refiere a las hojas secas, flores, tallos y semillas de la planta <em>Cannabis sativa<\/em> o <em>Cannabis indica<\/em>. La planta contiene la sustancia qu\u00edmica THC, que altera la mente, y otros compuestos similares. Tambi\u00e9n se pueden hacer extractos de la planta de cannabis&#8230;.   <\/p>\n<\/div>\n\n\n\n<div class=\"wp-block-column is-layout-flow wp-block-column-is-layout-flow\">\n<p style=\"font-size:16px\"><a href=\"https:\/\/www.ncbi.nlm.nih.gov\/pmc\/articles\/PMC6312155\/\" class=\"ek-link\">El problema de la actual marihuana con THC de alta potencia desde la perspectiva de un psiquiatra especializado en adicciones<\/a> <br\/><a href=\"https:\/\/pubmed.ncbi.nlm.nih.gov\/?term=Stuyt%20E%5BAuthor%5D\" class=\"ek-link\">Elizabeth Stuyt MD<\/a>, 2018, Nov-Dic<\/p>\n\n\n\n<p style=\"font-size:16px\">Los defensores de la legalizaci\u00f3n de la marihuana medicinal y al por menor se apresuran a se\u00f1alar todos los posibles beneficios que una comunidad podr\u00eda obtener de tal empresa. Entre ellos est\u00e1n el aumento de puestos de trabajo, el aumento de los ingresos fiscales, los posibles beneficios m\u00e9dicos y lo anuncian como \u00abseguro\u00bb y \u00absano\u00bb y \u00aborg\u00e1nico\u00bb. Utilizan las palabras \u00abcannabis\u00bb y \u00abmarihuana\u00bb para todo, sin diferenciar entre las distintas formas de cannabis que pueden tener efectos muy distintos en la mente y el cuerpo&#8230;  <\/p>\n<\/div>\n<\/div>\n\n<hr class=\"wp-block-separator has-alpha-channel-opacity is-style-wide\"\/>\n\n<div class=\"wp-block-columns is-layout-flex wp-container-core-columns-is-layout-9d6595d7 wp-block-columns-is-layout-flex\">\n<div class=\"wp-block-column is-layout-flow wp-block-column-is-layout-flow\">\n<figure class=\"wp-block-image size-large\"><a href=\"https:\/\/everybrainmatters.org\/wp-content\/uploads\/Screen-Shot-2022-09-09-at-3.11.49-PM.png\"><img loading=\"lazy\" decoding=\"async\" width=\"1024\" height=\"477\" src=\"https:\/\/everybrainmatters.org\/wp-content\/uploads\/Screen-Shot-2022-09-09-at-3.11.49-PM-1024x477.png\" alt=\"\" class=\"wp-image-26715\" srcset=\"https:\/\/everybrainmatters.org\/wp-content\/uploads\/Screen-Shot-2022-09-09-at-3.11.49-PM-1024x477.png 1024w, https:\/\/everybrainmatters.org\/wp-content\/uploads\/Screen-Shot-2022-09-09-at-3.11.49-PM-300x140.png 300w, https:\/\/everybrainmatters.org\/wp-content\/uploads\/Screen-Shot-2022-09-09-at-3.11.49-PM-768x358.png 768w, https:\/\/everybrainmatters.org\/wp-content\/uploads\/Screen-Shot-2022-09-09-at-3.11.49-PM-600x280.png 600w, https:\/\/everybrainmatters.org\/wp-content\/uploads\/Screen-Shot-2022-09-09-at-3.11.49-PM.png 1487w\" sizes=\"auto, (max-width: 1024px) 100vw, 1024px\" \/><\/a><\/figure>\n\n\n\n<p style=\"font-size:16px\"><a href=\"https:\/\/thcphotos.org\/\" class=\"ek-link\">Fotos de la marihuana actual fabricadas por la industria de la marihuana<\/a>. THC photos es una iniciativa de <a href=\"https:\/\/onechancetogrowup.org\/\" class=\"ek-link\">One Chance to Grow Up \/ Smart Colorado<\/a> <\/p>\n\n\n\n<p style=\"font-size:16px\">Esta galer\u00eda de fotos se cre\u00f3 para ayudar a los medios de comunicaci\u00f3n y a otras personas a describir con precisi\u00f3n la marihuana actual. El p\u00fablico, incluidos padres, profesores, empresarios, responsables pol\u00edticos y trabajadores sanitarios, se beneficiar\u00e1 de una imagen exacta de los productos de marihuana que se venden en los estados donde la marihuana es legal. <\/p>\n<\/div>\n\n\n\n<div class=\"wp-block-column is-layout-flow wp-block-column-is-layout-flow\"><\/div>\n<\/div>\n\n<div class=\"wp-block-buttons is-layout-flex wp-block-buttons-is-layout-flex\"><\/div>\n","protected":false},"excerpt":{"rendered":"<p>Cannabis (Marihuana) DrugFacts 2019, 24 de diciembre El problema de la actual marihuana con THC de alta potencia desde la&#8230;<\/p>\n","protected":false},"author":11,"featured_media":0,"parent":0,"menu_order":0,"comment_status":"closed","ping_status":"closed","template":"","meta":{"_acf_changed":false,"_editorskit_title_hidden":false,"_editorskit_reading_time":0,"_editorskit_is_block_options_detached":false,"_editorskit_block_options_position":"{}","footnotes":""},"class_list":["post-46651","page","type-page","status-publish","hentry"],"acf":[],"yoast_head":"<!-- This site is optimized with the Yoast SEO plugin v26.1.1 - https:\/\/yoast.com\/wordpress\/plugins\/seo\/ -->\n<title>\u00bfQu\u00e9 es la marihuana? - Every Brain Matters<\/title>\n<meta name=\"robots\" content=\"index, follow, max-snippet:-1, max-image-preview:large, max-video-preview:-1\" \/>\n<link rel=\"canonical\" href=\"https:\/\/everybrainmatters.org\/es\/que-es-la-marihuana\/\" \/>\n<meta property=\"og:locale\" content=\"es_ES\" \/>\n<meta property=\"og:type\" content=\"article\" \/>\n<meta property=\"og:title\" content=\"\u00bfQu\u00e9 es la marihuana? - Every Brain Matters\" \/>\n<meta property=\"og:description\" content=\"Cannabis (Marihuana) DrugFacts 2019, 24 de diciembre El problema de la actual marihuana con THC de alta potencia desde la...\" \/>\n<meta property=\"og:url\" content=\"https:\/\/everybrainmatters.org\/es\/que-es-la-marihuana\/\" \/>\n<meta property=\"og:site_name\" content=\"Every Brain Matters\" \/>\n<meta property=\"article:modified_time\" content=\"2025-10-21T13:58:02+00:00\" \/>\n<meta property=\"og:image\" content=\"https:\/\/everybrainmatters.org\/wp-content\/uploads\/Screen-Shot-2022-09-09-at-3.11.49-PM.png\" \/>\n\t<meta property=\"og:image:width\" content=\"1487\" \/>\n\t<meta property=\"og:image:height\" content=\"693\" \/>\n\t<meta property=\"og:image:type\" content=\"image\/png\" \/>\n<meta name=\"twitter:card\" content=\"summary_large_image\" \/>\n<meta name=\"twitter:label1\" content=\"Est. reading time\" \/>\n\t<meta name=\"twitter:data1\" content=\"2 minutos\" \/>\n<script type=\"application\/ld+json\" class=\"yoast-schema-graph\">{\"@context\":\"https:\/\/schema.org\",\"@graph\":[{\"@type\":\"WebPage\",\"@id\":\"https:\/\/everybrainmatters.org\/es\/que-es-la-marihuana\/\",\"url\":\"https:\/\/everybrainmatters.org\/es\/que-es-la-marihuana\/\",\"name\":\"\u00bfQu\u00e9 es la marihuana? - Every Brain Matters\",\"isPartOf\":{\"@id\":\"https:\/\/everybrainmatters.org\/es\/#website\"},\"primaryImageOfPage\":{\"@id\":\"https:\/\/everybrainmatters.org\/es\/que-es-la-marihuana\/#primaryimage\"},\"image\":{\"@id\":\"https:\/\/everybrainmatters.org\/es\/que-es-la-marihuana\/#primaryimage\"},\"thumbnailUrl\":\"https:\/\/everybrainmatters.org\/wp-content\/uploads\/Screen-Shot-2022-09-09-at-3.11.49-PM-1024x477.png\",\"datePublished\":\"2020-10-18T19:14:17+00:00\",\"dateModified\":\"2025-10-21T13:58:02+00:00\",\"breadcrumb\":{\"@id\":\"https:\/\/everybrainmatters.org\/es\/que-es-la-marihuana\/#breadcrumb\"},\"inLanguage\":\"es-ES\",\"potentialAction\":[{\"@type\":\"ReadAction\",\"target\":[\"https:\/\/everybrainmatters.org\/es\/que-es-la-marihuana\/\"]}]},{\"@type\":\"ImageObject\",\"inLanguage\":\"es-ES\",\"@id\":\"https:\/\/everybrainmatters.org\/es\/que-es-la-marihuana\/#primaryimage\",\"url\":\"https:\/\/everybrainmatters.org\/wp-content\/uploads\/Screen-Shot-2022-09-09-at-3.11.49-PM-1024x477.png\",\"contentUrl\":\"https:\/\/everybrainmatters.org\/wp-content\/uploads\/Screen-Shot-2022-09-09-at-3.11.49-PM-1024x477.png\"},{\"@type\":\"BreadcrumbList\",\"@id\":\"https:\/\/everybrainmatters.org\/es\/que-es-la-marihuana\/#breadcrumb\",\"itemListElement\":[{\"@type\":\"ListItem\",\"position\":1,\"name\":\"Home\",\"item\":\"https:\/\/everybrainmatters.org\/es\/\"},{\"@type\":\"ListItem\",\"position\":2,\"name\":\"\u00bfQu\u00e9 es la marihuana?\"}]},{\"@type\":\"WebSite\",\"@id\":\"https:\/\/everybrainmatters.org\/es\/#website\",\"url\":\"https:\/\/everybrainmatters.org\/es\/\",\"name\":\"Every Brain Matters\",\"description\":\"\",\"publisher\":{\"@id\":\"https:\/\/everybrainmatters.org\/es\/#organization\"},\"potentialAction\":[{\"@type\":\"SearchAction\",\"target\":{\"@type\":\"EntryPoint\",\"urlTemplate\":\"https:\/\/everybrainmatters.org\/es\/?s={search_term_string}\"},\"query-input\":{\"@type\":\"PropertyValueSpecification\",\"valueRequired\":true,\"valueName\":\"search_term_string\"}}],\"inLanguage\":\"es-ES\"},{\"@type\":\"Organization\",\"@id\":\"https:\/\/everybrainmatters.org\/es\/#organization\",\"name\":\"Every Brain Matters\",\"url\":\"https:\/\/everybrainmatters.org\/es\/\",\"logo\":{\"@type\":\"ImageObject\",\"inLanguage\":\"es-ES\",\"@id\":\"https:\/\/everybrainmatters.org\/es\/#\/schema\/logo\/image\/\",\"url\":\"https:\/\/everybrainmatters.org\/wp-content\/uploads\/AllBrains_3.jpg\",\"contentUrl\":\"https:\/\/everybrainmatters.org\/wp-content\/uploads\/AllBrains_3.jpg\",\"width\":1000,\"height\":1087,\"caption\":\"Every Brain Matters\"},\"image\":{\"@id\":\"https:\/\/everybrainmatters.org\/es\/#\/schema\/logo\/image\/\"}}]}<\/script>\n<!-- \/ Yoast SEO plugin. -->","yoast_head_json":{"title":"\u00bfQu\u00e9 es la marihuana? - Every Brain Matters","robots":{"index":"index","follow":"follow","max-snippet":"max-snippet:-1","max-image-preview":"max-image-preview:large","max-video-preview":"max-video-preview:-1"},"canonical":"https:\/\/everybrainmatters.org\/es\/que-es-la-marihuana\/","og_locale":"es_ES","og_type":"article","og_title":"\u00bfQu\u00e9 es la marihuana? - Every Brain Matters","og_description":"Cannabis (Marihuana) DrugFacts 2019, 24 de diciembre El problema de la actual marihuana con THC de alta potencia desde la...","og_url":"https:\/\/everybrainmatters.org\/es\/que-es-la-marihuana\/","og_site_name":"Every Brain Matters","article_modified_time":"2025-10-21T13:58:02+00:00","og_image":[{"width":1487,"height":693,"url":"https:\/\/everybrainmatters.org\/wp-content\/uploads\/Screen-Shot-2022-09-09-at-3.11.49-PM.png","type":"image\/png"}],"twitter_card":"summary_large_image","twitter_misc":{"Est. reading time":"2 minutos"},"schema":{"@context":"https:\/\/schema.org","@graph":[{"@type":"WebPage","@id":"https:\/\/everybrainmatters.org\/es\/que-es-la-marihuana\/","url":"https:\/\/everybrainmatters.org\/es\/que-es-la-marihuana\/","name":"\u00bfQu\u00e9 es la marihuana? - Every Brain Matters","isPartOf":{"@id":"https:\/\/everybrainmatters.org\/es\/#website"},"primaryImageOfPage":{"@id":"https:\/\/everybrainmatters.org\/es\/que-es-la-marihuana\/#primaryimage"},"image":{"@id":"https:\/\/everybrainmatters.org\/es\/que-es-la-marihuana\/#primaryimage"},"thumbnailUrl":"https:\/\/everybrainmatters.org\/wp-content\/uploads\/Screen-Shot-2022-09-09-at-3.11.49-PM-1024x477.png","datePublished":"2020-10-18T19:14:17+00:00","dateModified":"2025-10-21T13:58:02+00:00","breadcrumb":{"@id":"https:\/\/everybrainmatters.org\/es\/que-es-la-marihuana\/#breadcrumb"},"inLanguage":"es-ES","potentialAction":[{"@type":"ReadAction","target":["https:\/\/everybrainmatters.org\/es\/que-es-la-marihuana\/"]}]},{"@type":"ImageObject","inLanguage":"es-ES","@id":"https:\/\/everybrainmatters.org\/es\/que-es-la-marihuana\/#primaryimage","url":"https:\/\/everybrainmatters.org\/wp-content\/uploads\/Screen-Shot-2022-09-09-at-3.11.49-PM-1024x477.png","contentUrl":"https:\/\/everybrainmatters.org\/wp-content\/uploads\/Screen-Shot-2022-09-09-at-3.11.49-PM-1024x477.png"},{"@type":"BreadcrumbList","@id":"https:\/\/everybrainmatters.org\/es\/que-es-la-marihuana\/#breadcrumb","itemListElement":[{"@type":"ListItem","position":1,"name":"Home","item":"https:\/\/everybrainmatters.org\/es\/"},{"@type":"ListItem","position":2,"name":"\u00bfQu\u00e9 es la marihuana?"}]},{"@type":"WebSite","@id":"https:\/\/everybrainmatters.org\/es\/#website","url":"https:\/\/everybrainmatters.org\/es\/","name":"Every Brain Matters","description":"","publisher":{"@id":"https:\/\/everybrainmatters.org\/es\/#organization"},"potentialAction":[{"@type":"SearchAction","target":{"@type":"EntryPoint","urlTemplate":"https:\/\/everybrainmatters.org\/es\/?s={search_term_string}"},"query-input":{"@type":"PropertyValueSpecification","valueRequired":true,"valueName":"search_term_string"}}],"inLanguage":"es-ES"},{"@type":"Organization","@id":"https:\/\/everybrainmatters.org\/es\/#organization","name":"Every Brain Matters","url":"https:\/\/everybrainmatters.org\/es\/","logo":{"@type":"ImageObject","inLanguage":"es-ES","@id":"https:\/\/everybrainmatters.org\/es\/#\/schema\/logo\/image\/","url":"https:\/\/everybrainmatters.org\/wp-content\/uploads\/AllBrains_3.jpg","contentUrl":"https:\/\/everybrainmatters.org\/wp-content\/uploads\/AllBrains_3.jpg","width":1000,"height":1087,"caption":"Every Brain Matters"},"image":{"@id":"https:\/\/everybrainmatters.org\/es\/#\/schema\/logo\/image\/"}}]}},"_links":{"self":[{"href":"https:\/\/everybrainmatters.org\/es\/wp-json\/wp\/v2\/pages\/46651","targetHints":{"allow":["GET"]}}],"collection":[{"href":"https:\/\/everybrainmatters.org\/es\/wp-json\/wp\/v2\/pages"}],"about":[{"href":"https:\/\/everybrainmatters.org\/es\/wp-json\/wp\/v2\/types\/page"}],"author":[{"embeddable":true,"href":"https:\/\/everybrainmatters.org\/es\/wp-json\/wp\/v2\/users\/11"}],"replies":[{"embeddable":true,"href":"https:\/\/everybrainmatters.org\/es\/wp-json\/wp\/v2\/comments?post=46651"}],"version-history":[{"count":0,"href":"https:\/\/everybrainmatters.org\/es\/wp-json\/wp\/v2\/pages\/46651\/revisions"}],"wp:attachment":[{"href":"https:\/\/everybrainmatters.org\/es\/wp-json\/wp\/v2\/media?parent=46651"}],"curies":[{"name":"wp","href":"https:\/\/api.w.org\/{rel}","templated":true}]}}