{"id":46656,"date":"2020-10-07T17:46:17","date_gmt":"2020-10-07T22:46:17","guid":{"rendered":"https:\/\/everybrainmatters.org\/equipo-cada-cerebro-importa\/"},"modified":"2025-10-21T08:58:12","modified_gmt":"2025-10-21T13:58:12","slug":"equipo-cada-cerebro-importa","status":"publish","type":"page","link":"https:\/\/everybrainmatters.org\/es\/equipo-cada-cerebro-importa\/","title":{"rendered":"Equipo Cada Cerebro Importa"},"content":{"rendered":"\n<p>Contacta con nosotros en info@everybrainmatters.org<\/p>\n\n<div class=\"wp-block-columns is-layout-flex wp-container-core-columns-is-layout-9d6595d7 wp-block-columns-is-layout-flex\">\n<div class=\"wp-block-column is-layout-flow wp-block-column-is-layout-flow\" style=\"flex-basis:33.33%\"><div class=\"wp-block-image caption-align-center is-style-editorskit-rounded\">\n<figure class=\"aligncenter size-large\"><a href=\"https:\/\/everybrainmatters.org\/wp-content\/uploads\/final-final-10.08.2021-1-768x1024.jpg\"><img decoding=\"async\" src=\"https:\/\/everybrainmatters.org\/wp-content\/uploads\/final-final-10.08.2021-1-768x1024.jpg\" alt=\"\"\/><\/a><figcaption class=\"wp-element-caption\">Aubree Adams<br\/>Directora de Cada Cerebro Importa<\/figcaption><\/figure><\/div><\/div>\n\n\n\n<div class=\"wp-block-column is-layout-flow wp-block-column-is-layout-flow\" style=\"flex-basis:66.66%\">\n<h5 class=\"wp-block-heading\">Aubree Adams, Directora de Cada Cerebro Importa<\/h5>\n\n\n\n<p class=\"has-small-font-size\">Aubree Adams no s\u00f3lo es licenciada en Ciencias del Ejercicio y Promoci\u00f3n de la Salud, sino que est\u00e1 muy orgullosa de su experiencia como madre de dos hijos y dos perros, y como madre de acogida de j\u00f3venes en recuperaci\u00f3n. Tras trabajar como asistente de fisioterapia durante m\u00e1s de 20 a\u00f1os, esta antigua madre de Pueblo Colorado se encontr\u00f3 en la zona cero del movimiento de expansi\u00f3n de la marihuana. Ha compartido sus devastadoras experiencias de Colorado y sus conocimientos sobre la marihuana para coaliciones de prevenci\u00f3n de drogas, alianzas y departamentos de salud de todo el pa\u00eds. Ha presentado su experiencia de primera mano de esta crisis de salud p\u00fablica ante la FDA, y el documental <a href=\"https:\/\/vimeo.com\/285486451\" target=\"_blank\" rel=\"noreferrer noopener\">Chronic State<\/a>, y ha testificado en muchos gobiernos estatales; pidi\u00e9ndoles que opten por ni\u00f1os y familias sanos, no por la expansi\u00f3n de la cultura de la droga.   <\/p>\n\n\n\n<p class=\"has-small-font-size\">Como directora de <a href=\"https:\/\/everybrainmatters.org\/es\/\" target=\"_blank\" rel=\"noreferrer noopener\">Every Brain Matters<\/a>, un proyecto principal de <a href=\"https:\/\/parentaction.network\/\" target=\"_blank\" rel=\"noreferrer noopener\">Parent Action<\/a> Network, ha hecho crecer una comunidad de apoyo y defensa basada en la ciencia. Pretende que el logotipo EBM sea reconocido como una vida \u00ablibre de marihuana\u00bb y que, en su lugar, valora la salud \u00f3ptima del cerebro y del medio ambiente. Aubree codesarroll\u00f3 <a href=\"https:\/\/mar-anon.com\/\" target=\"_blank\" rel=\"noreferrer noopener\">Mar-Anon<\/a>, un programa de 12 pasos que ofrece apoyo y esperanza a las familias afectadas por el consumo de marihuana de otra persona. Tambi\u00e9n presenta un podcast llamado <a href=\"https:\/\/www.podcast.everybrainmatters.org\/\" target=\"_blank\" rel=\"noreferrer noopener\">\u00abEs s\u00f3lo marihuana: \u00bfcu\u00e1l es el problema?\u00bb,<\/a> donde habla abiertamente de la crisis de salud p\u00fablica causada por la expansi\u00f3n de la marihuana. Aubree tuvo el honor de recibir el premio Moxie 2021 de la Drug Free America Foundation y su <a href=\"https:\/\/www.yahoo.com\/now\/marijuana-legalization-mistake-highly-concentrated-120034871.html\" target=\"_blank\" rel=\"noreferrer noopener\">art\u00edculo de opini\u00f3n se public\u00f3 en USA Today.<\/a>    <\/p>\n\n\n\n<p class=\"has-small-font-size\">En 2018, Aubree decidi\u00f3 abandonar Colorado debido a los da\u00f1os que la marihuana legal causaba a su familia y a su comunidad, y unirse a su hijo en una din\u00e1mica y entusiasta comunidad de recuperaci\u00f3n en Houston, Texas, donde se ha ofrecido voluntaria como coordinadora de padres. Aprovecha la oportunidad de acoger en su casa a adolescentes y adultos j\u00f3venes en recuperaci\u00f3n. Patrocina, apoya y anima a otros padres a trabajar en sus propios programas de recuperaci\u00f3n y actualmente dirige un grupo de recuperaci\u00f3n online a trav\u00e9s de la comunidad Every Brain Matters.  <\/p>\n<\/div>\n<\/div>\n\n<hr class=\"wp-block-separator has-alpha-channel-opacity\"\/>\n\n<div class=\"wp-block-columns is-layout-flex wp-container-core-columns-is-layout-9d6595d7 wp-block-columns-is-layout-flex\">\n<div class=\"wp-block-column is-layout-flow wp-block-column-is-layout-flow\" style=\"flex-basis:33.33%\"><div class=\"wp-block-image caption-align-center is-style-editorskit-rounded\">\n<figure class=\"aligncenter size-large\"><a href=\"https:\/\/everybrainmatters.org\/wp-content\/uploads\/unnamed-10.jpg\"><img decoding=\"async\" src=\"https:\/\/everybrainmatters.org\/wp-content\/uploads\/unnamed-10-e1670207463244.jpg\" alt=\"\"\/><\/a><figcaption class=\"wp-element-caption\">Corrine LeMarca<br\/>Jennifer Messengers Directora<\/figcaption><\/figure><\/div><\/div>\n\n\n\n<div class=\"wp-block-column is-layout-flow wp-block-column-is-layout-flow\" style=\"flex-basis:66.66%\">\n<h5 class=\"wp-block-heading\">Corinne LaMarca, Directora de Jennifer Messengers<\/h5>\n\n\n\n<p class=\"has-small-font-size\">Como madre de una hermosa joven tr\u00e1gicamente asesinada por un conductor bajo los efectos de la marihuana medicinal, Corinne Gasper es una impactante oradora que advierte al p\u00fablico sobre los peligros de conducir bajo los efectos de la marihuana. Corinne es conocida nacional e internacionalmente y ha aparecido en \u00abThe Ingraham Angle\u00bb y en muchos otros medios de comunicaci\u00f3n populares. Entre otros muchos prestigiosos premios, Corinne testific\u00f3 en el Caucus Negro de Nueva Jersey y form\u00f3 el Grupo de Trabajo de Delaware Ohio para la Conducci\u00f3n Segura de Adolescentes. Es miembro del pilar de legislaci\u00f3n del National Focus on Distracted Driving del OSU Risk Institute. Actualmente forma parte de la Junta Directiva de la Alianza para la Acci\u00f3n Preventiva y fue directora de desarrollo de Padres Opuestos a la Marihuana y Cada Cerebro Importa. Corinne ha dedicado muchas horas como voluntaria a ayudar a organizaciones como MADD, Smart Approaches to Marijuana y Moms Strong.       <\/p>\n\n\n\n<p class=\"has-small-font-size\">Actualmente, Corinne es la Directora de Jennifer&#8217;s Messengers, su misi\u00f3n m\u00e1s importante, que honra a su hija y a otras personas cuyas vidas se han perdido a causa de la conducci\u00f3n bajo los efectos de la marihuana. Corinne no s\u00f3lo educa sobre los peligros de la conducci\u00f3n bajo los efectos del alcohol, sino que tambi\u00e9n ense\u00f1a a los ni\u00f1os a tocar el piano y disfruta de muchas aficiones, como montar en bicicleta y pasar tiempo con su familia.   <\/p>\n<\/div>\n<\/div>\n\n<hr class=\"wp-block-separator has-alpha-channel-opacity\"\/>\n\n<div class=\"wp-block-columns is-layout-flex wp-container-core-columns-is-layout-9d6595d7 wp-block-columns-is-layout-flex\">\n<div class=\"wp-block-column is-layout-flow wp-block-column-is-layout-flow\" style=\"flex-basis:33.33%\"><div class=\"wp-block-image caption-align-center is-style-editorskit-rounded\">\n<figure class=\"aligncenter size-large\"><a href=\"https:\/\/everybrainmatters.org\/wp-content\/uploads\/Bronwen-Skinner.jpg\"><img decoding=\"async\" src=\"https:\/\/everybrainmatters.org\/wp-content\/uploads\/Bronwen-Skinner-1024x931.jpg\" alt=\"\" class=\"wp-image-18894\"\/><\/a><figcaption class=\"wp-element-caption\">Bronwen Skinner<br\/>Coordinadora de Proyectos<\/figcaption><\/figure><\/div><\/div>\n\n\n\n<div class=\"wp-block-column is-layout-flow wp-block-column-is-layout-flow\" style=\"flex-basis:66.66%\">\n<h5 class=\"wp-block-heading\">Bronwen Skinner, Coordinadora de Proyectos<\/h5>\n\n\n\n<p class=\"has-small-font-size\"><strong>Bronwen Skinner<\/strong> es una antigua madre de Colorado que se march\u00f3 en 2019 debido a los problemas de la cultura de la marihuana y la expansi\u00f3n de las drogas en su querida comunidad. Tiene una licenciatura en Teatro\/Ingl\u00e9s\/Psicolog\u00eda y un m\u00e1ster en Asesoramiento B\u00edblico. Pas\u00f3 muchos a\u00f1os en casa con sus dos maravillosos hijos, uno de los cuales tambi\u00e9n se ha ido de Colorado.    <\/p>\n\n\n\n<p class=\"has-small-font-size\">Bronwen ha trabajado como voluntaria en programas de Justicia Restaurativa y en una escuela local combinada de secundaria y bachillerato para j\u00f3venes en situaci\u00f3n de riesgo, adem\u00e1s de donar tiempo de asesoramiento a madres solteras. Ha sido profesora y l\u00edder en su iglesia y tiene once a\u00f1os de experiencia en pastoral juvenil. Est\u00e1 agradecida de poder lanzarse al ruedo de la prevenci\u00f3n de las drogas, pues cree que la marihuana es perjudicial para muchas personas y comunidades.  <\/p>\n\n\n\n<p class=\"has-small-font-size\">Actualmente, Bronwen es Coordinadora de Divulgaci\u00f3n de <a href=\"https:\/\/everybrainmatters.org\/es\/\">Every Brain Matters<\/a>, <a href=\"https:\/\/poppot.org\/\">Parents Opposed to Pot<\/a> y <a href=\"http:\/\/jennifersmessengers.org\/\">Jennifer&#8217;s Messengers<\/a>, y trabaja con <a href=\"https:\/\/www.safehealthytexas.org\/\">Citizens for a Safe and Healthy Texas<\/a>. Ayuda a coordinar las reuniones de los grupos de apoyo y defensa, coordina <a href=\"https:\/\/everybrainmatters.org\/think-ya-know-3\/\"><em>Think Ya Know?<\/em>,<\/a> trabaja para aumentar la concienciaci\u00f3n sobre <a href=\"http:\/\/jennifersmessengers.org\/\">Jennifer&#8217;s Messengers<\/a>, y utiliza sus dotes organizativas y su experiencia para planificar y coordinar proyectos y campa\u00f1as. <\/p>\n\n\n\n<p class=\"has-small-font-size\">A Bronwen le gusta ir de excursi\u00f3n, pasar tiempo con la familia y los amigos, servir en su iglesia y viajar. Espera completar su lista de deseos y la de su marido de visitar los 62 Parques Nacionales, tal vez incluso con su grupo en constante evoluci\u00f3n de perros de rescate adoptados.   <\/p>\n<\/div>\n<\/div>\n\n<hr class=\"wp-block-separator has-alpha-channel-opacity\"\/>\n\n<div class=\"wp-block-columns is-layout-flex wp-container-core-columns-is-layout-9d6595d7 wp-block-columns-is-layout-flex\">\n<div class=\"wp-block-column is-layout-flow wp-block-column-is-layout-flow\" style=\"flex-basis:33.33%\"><div class=\"wp-block-image caption-align-center is-style-editorskit-rounded\">\n<figure class=\"aligncenter size-full\"><a href=\"https:\/\/everybrainmatters.org\/wp-content\/uploads\/hannah-palmer.jpeg\"><img loading=\"lazy\" decoding=\"async\" width=\"734\" height=\"463\" src=\"https:\/\/everybrainmatters.org\/wp-content\/uploads\/hannah-palmer.jpeg\" alt=\"\" class=\"wp-image-31423\" srcset=\"https:\/\/everybrainmatters.org\/wp-content\/uploads\/hannah-palmer.jpeg 734w, https:\/\/everybrainmatters.org\/wp-content\/uploads\/hannah-palmer-300x189.jpeg 300w, https:\/\/everybrainmatters.org\/wp-content\/uploads\/hannah-palmer-600x378.jpeg 600w\" sizes=\"auto, (max-width: 734px) 100vw, 734px\" \/><\/a><figcaption class=\"wp-element-caption\">Hannah Palmer<br\/>Coordinadora de Juventud<br\/>Administradora de Medios Sociales<\/figcaption><\/figure><\/div><\/div>\n\n\n\n<div class=\"wp-block-column is-layout-flow wp-block-column-is-layout-flow\" style=\"flex-basis:66.66%\">\n<h5 class=\"wp-block-heading\">Hannah Palmer, Coordinadora de Juventud y Administradora de Medios Sociales<\/h5>\n\n\n\n<p class=\"has-small-font-size\">Hannah Palmer es estudiante universitaria en la Universidad Nazarena de Olivet y se especializa por partida doble en Justicia Penal y Ciencias Pol\u00edticas. Ha estado en la lista del Decano durante sus dos primeros a\u00f1os de universidad y va camino de graduarse antes de tiempo. Hannah acaba de ser aceptada en un programa de estudios en Washington DC donde encontrar\u00e1 unas pr\u00e1cticas que se centrar\u00e1n en su especialidad. Hannah no s\u00f3lo es una estudiante excepcional, sino que tambi\u00e9n es Asistente Residente en el campus y Atleta Universitaria Universitaria. Est\u00e1 muy implicada en su escuela y en su comunidad. En su tiempo libre, ver\u00e1s a Hannah repartiendo comidas a estudiantes enfermos, haciendo de voluntaria en el hospital local, practicando deportes intramuros y pasando tiempo con los dem\u00e1s. Es muy trabajadora y le entusiasma la vida.      <br\/><br\/>Desde que era ni\u00f1a, Hannah vio la importancia de llevar una vida sin drogas. Cuando vio de primera mano los efectos que la marihuana ten\u00eda en sus compa\u00f1eros, se sinti\u00f3 impulsada a hacer algo al respecto. En el instituto fue presidenta de Estudiantes por las Buenas Decisiones y era conocida por defender su postura en este tema. Durante su \u00faltimo a\u00f1o de instituto, fund\u00f3 Every Brain Matters.     <br\/><br\/>Hannah lleva trabajando para Every Brian Matters desde 2020 y le apasiona lo que hacen. Hannah es la Coordinadora de Juventud y Administradora de Redes Sociales. para TikTok e Instagram. Es una maravillosa defensora de vivir una vida sin drogas y lo promueve de todas las formas que puede. Hannah est\u00e1 emocionada por ver lo que Dios tiene reservado para su vida e intenta activamente hacer que los d\u00edas de la gente sean un poco m\u00e1s brillantes de todas las formas que puede.    <\/p>\n<\/div>\n<\/div>\n\n<hr class=\"wp-block-separator has-alpha-channel-opacity\"\/>\n\n<div class=\"wp-block-columns is-layout-flex wp-container-core-columns-is-layout-9d6595d7 wp-block-columns-is-layout-flex\">\n<div class=\"wp-block-column is-layout-flow wp-block-column-is-layout-flow\" style=\"flex-basis:33.33%\"><div class=\"wp-block-image caption-align-center is-style-editorskit-rounded\">\n<figure class=\"aligncenter size-full\"><a href=\"https:\/\/everybrainmatters.org\/wp-content\/uploads\/Julie-favorite-800x737-1.jpg\"><img loading=\"lazy\" decoding=\"async\" width=\"800\" height=\"737\" src=\"https:\/\/everybrainmatters.org\/wp-content\/uploads\/Julie-favorite-800x737-1.jpg\" alt=\"\" class=\"wp-image-17376\" srcset=\"https:\/\/everybrainmatters.org\/wp-content\/uploads\/Julie-favorite-800x737-1.jpg 800w, https:\/\/everybrainmatters.org\/wp-content\/uploads\/Julie-favorite-800x737-1-600x553.jpg 600w, https:\/\/everybrainmatters.org\/wp-content\/uploads\/Julie-favorite-800x737-1-300x276.jpg 300w, https:\/\/everybrainmatters.org\/wp-content\/uploads\/Julie-favorite-800x737-1-768x708.jpg 768w\" sizes=\"auto, (max-width: 800px) 100vw, 800px\" \/><\/a><figcaption class=\"wp-element-caption\">Julie Schauer<br\/>Defensora, Activista, Oradora<\/figcaption><\/figure><\/div><\/div>\n\n\n\n<div class=\"wp-block-column is-layout-flow wp-block-column-is-layout-flow\" style=\"flex-basis:66.66%\">\n<h5 class=\"wp-block-heading\">Julie Schauer<\/h5>\n\n\n\n<p class=\"has-small-font-size\">Julie Schauer se implic\u00f3 en el trabajo de prevenci\u00f3n de drogas de forma inesperada. Con un m\u00e1ster en Historia del Arte y a\u00f1os de docencia universitaria a sus espaldas, se encontr\u00f3 inesperadamente con activistas de la marihuana mientras daba clases. Los propagandistas ven\u00edan de un grupo de presi\u00f3n de Washington DC para captar estudiantes. Al ver que los activistas negaban los peligros de la marihuana, vio la necesidad de contrarrestar sus mensajes. Con el apoyo de importantes grupos nacionales antidroga y de un amigo publicista, fund\u00f3 Padres Opuestos a la Marihuana en 2014. Ha dado charlas sobre los efectos de la marihuana en la Universidad de Rutgers y en San Patrignano (Italia). La Drug Free America Foundation le concedi\u00f3 el Premio Moxie. Se alegra de haber dejado atr\u00e1s la navegaci\u00f3n por el territorio del consumo de drogas en una sociedad que lo promueve, y de que sus hijos sean ya adultos.       <\/p>\n<\/div>\n<\/div>\n","protected":false},"excerpt":{"rendered":"<p>Contacta con nosotros en info@everybrainmatters.org Aubree Adams, Directora de Cada Cerebro Importa Aubree Adams no s\u00f3lo es licenciada en Ciencias&#8230;<\/p>\n","protected":false},"author":11,"featured_media":0,"parent":0,"menu_order":0,"comment_status":"closed","ping_status":"closed","template":"","meta":{"_acf_changed":false,"_editorskit_title_hidden":false,"_editorskit_reading_time":0,"_editorskit_is_block_options_detached":false,"_editorskit_block_options_position":"{}","footnotes":""},"class_list":["post-46656","page","type-page","status-publish","hentry"],"acf":[],"yoast_head":"<!-- This site is optimized with the Yoast SEO plugin v26.1.1 - https:\/\/yoast.com\/wordpress\/plugins\/seo\/ -->\n<title>Equipo Cada Cerebro Importa - Every Brain Matters<\/title>\n<meta name=\"robots\" content=\"index, follow, max-snippet:-1, max-image-preview:large, max-video-preview:-1\" \/>\n<link rel=\"canonical\" href=\"https:\/\/everybrainmatters.org\/es\/equipo-cada-cerebro-importa\/\" \/>\n<meta property=\"og:locale\" content=\"es_ES\" \/>\n<meta property=\"og:type\" content=\"article\" \/>\n<meta property=\"og:title\" content=\"Equipo Cada Cerebro Importa - Every Brain Matters\" \/>\n<meta property=\"og:description\" content=\"Contacta con nosotros en info@everybrainmatters.org Aubree Adams, Directora de Cada Cerebro Importa Aubree Adams no s\u00f3lo es licenciada en Ciencias...\" \/>\n<meta property=\"og:url\" content=\"https:\/\/everybrainmatters.org\/es\/equipo-cada-cerebro-importa\/\" \/>\n<meta property=\"og:site_name\" content=\"Every Brain Matters\" \/>\n<meta property=\"article:modified_time\" content=\"2025-10-21T13:58:12+00:00\" \/>\n<meta property=\"og:image\" content=\"https:\/\/everybrainmatters.org\/wp-content\/uploads\/final-final-10.08.2021-1-768x1024.jpg\" \/>\n<meta name=\"twitter:card\" content=\"summary_large_image\" \/>\n<meta name=\"twitter:label1\" content=\"Est. reading time\" \/>\n\t<meta name=\"twitter:data1\" content=\"7 minutos\" \/>\n<script type=\"application\/ld+json\" class=\"yoast-schema-graph\">{\"@context\":\"https:\/\/schema.org\",\"@graph\":[{\"@type\":\"WebPage\",\"@id\":\"https:\/\/everybrainmatters.org\/es\/equipo-cada-cerebro-importa\/\",\"url\":\"https:\/\/everybrainmatters.org\/es\/equipo-cada-cerebro-importa\/\",\"name\":\"Equipo Cada Cerebro Importa - Every Brain Matters\",\"isPartOf\":{\"@id\":\"https:\/\/everybrainmatters.org\/es\/#website\"},\"primaryImageOfPage\":{\"@id\":\"https:\/\/everybrainmatters.org\/es\/equipo-cada-cerebro-importa\/#primaryimage\"},\"image\":{\"@id\":\"https:\/\/everybrainmatters.org\/es\/equipo-cada-cerebro-importa\/#primaryimage\"},\"thumbnailUrl\":\"https:\/\/everybrainmatters.org\/wp-content\/uploads\/final-final-10.08.2021-1-768x1024.jpg\",\"datePublished\":\"2020-10-07T22:46:17+00:00\",\"dateModified\":\"2025-10-21T13:58:12+00:00\",\"breadcrumb\":{\"@id\":\"https:\/\/everybrainmatters.org\/es\/equipo-cada-cerebro-importa\/#breadcrumb\"},\"inLanguage\":\"es-ES\",\"potentialAction\":[{\"@type\":\"ReadAction\",\"target\":[\"https:\/\/everybrainmatters.org\/es\/equipo-cada-cerebro-importa\/\"]}]},{\"@type\":\"ImageObject\",\"inLanguage\":\"es-ES\",\"@id\":\"https:\/\/everybrainmatters.org\/es\/equipo-cada-cerebro-importa\/#primaryimage\",\"url\":\"https:\/\/everybrainmatters.org\/wp-content\/uploads\/final-final-10.08.2021-1-768x1024.jpg\",\"contentUrl\":\"https:\/\/everybrainmatters.org\/wp-content\/uploads\/final-final-10.08.2021-1-768x1024.jpg\"},{\"@type\":\"BreadcrumbList\",\"@id\":\"https:\/\/everybrainmatters.org\/es\/equipo-cada-cerebro-importa\/#breadcrumb\",\"itemListElement\":[{\"@type\":\"ListItem\",\"position\":1,\"name\":\"Home\",\"item\":\"https:\/\/everybrainmatters.org\/es\/\"},{\"@type\":\"ListItem\",\"position\":2,\"name\":\"Equipo Cada Cerebro Importa\"}]},{\"@type\":\"WebSite\",\"@id\":\"https:\/\/everybrainmatters.org\/es\/#website\",\"url\":\"https:\/\/everybrainmatters.org\/es\/\",\"name\":\"Every Brain Matters\",\"description\":\"\",\"publisher\":{\"@id\":\"https:\/\/everybrainmatters.org\/es\/#organization\"},\"potentialAction\":[{\"@type\":\"SearchAction\",\"target\":{\"@type\":\"EntryPoint\",\"urlTemplate\":\"https:\/\/everybrainmatters.org\/es\/?s={search_term_string}\"},\"query-input\":{\"@type\":\"PropertyValueSpecification\",\"valueRequired\":true,\"valueName\":\"search_term_string\"}}],\"inLanguage\":\"es-ES\"},{\"@type\":\"Organization\",\"@id\":\"https:\/\/everybrainmatters.org\/es\/#organization\",\"name\":\"Every Brain Matters\",\"url\":\"https:\/\/everybrainmatters.org\/es\/\",\"logo\":{\"@type\":\"ImageObject\",\"inLanguage\":\"es-ES\",\"@id\":\"https:\/\/everybrainmatters.org\/es\/#\/schema\/logo\/image\/\",\"url\":\"https:\/\/everybrainmatters.org\/wp-content\/uploads\/AllBrains_3.jpg\",\"contentUrl\":\"https:\/\/everybrainmatters.org\/wp-content\/uploads\/AllBrains_3.jpg\",\"width\":1000,\"height\":1087,\"caption\":\"Every Brain Matters\"},\"image\":{\"@id\":\"https:\/\/everybrainmatters.org\/es\/#\/schema\/logo\/image\/\"}}]}<\/script>\n<!-- \/ Yoast SEO plugin. -->","yoast_head_json":{"title":"Equipo Cada Cerebro Importa - Every Brain Matters","robots":{"index":"index","follow":"follow","max-snippet":"max-snippet:-1","max-image-preview":"max-image-preview:large","max-video-preview":"max-video-preview:-1"},"canonical":"https:\/\/everybrainmatters.org\/es\/equipo-cada-cerebro-importa\/","og_locale":"es_ES","og_type":"article","og_title":"Equipo Cada Cerebro Importa - Every Brain Matters","og_description":"Contacta con nosotros en info@everybrainmatters.org Aubree Adams, Directora de Cada Cerebro Importa Aubree Adams no s\u00f3lo es licenciada en Ciencias...","og_url":"https:\/\/everybrainmatters.org\/es\/equipo-cada-cerebro-importa\/","og_site_name":"Every Brain Matters","article_modified_time":"2025-10-21T13:58:12+00:00","og_image":[{"url":"https:\/\/everybrainmatters.org\/wp-content\/uploads\/final-final-10.08.2021-1-768x1024.jpg","type":"","width":"","height":""}],"twitter_card":"summary_large_image","twitter_misc":{"Est. reading time":"7 minutos"},"schema":{"@context":"https:\/\/schema.org","@graph":[{"@type":"WebPage","@id":"https:\/\/everybrainmatters.org\/es\/equipo-cada-cerebro-importa\/","url":"https:\/\/everybrainmatters.org\/es\/equipo-cada-cerebro-importa\/","name":"Equipo Cada Cerebro Importa - Every Brain Matters","isPartOf":{"@id":"https:\/\/everybrainmatters.org\/es\/#website"},"primaryImageOfPage":{"@id":"https:\/\/everybrainmatters.org\/es\/equipo-cada-cerebro-importa\/#primaryimage"},"image":{"@id":"https:\/\/everybrainmatters.org\/es\/equipo-cada-cerebro-importa\/#primaryimage"},"thumbnailUrl":"https:\/\/everybrainmatters.org\/wp-content\/uploads\/final-final-10.08.2021-1-768x1024.jpg","datePublished":"2020-10-07T22:46:17+00:00","dateModified":"2025-10-21T13:58:12+00:00","breadcrumb":{"@id":"https:\/\/everybrainmatters.org\/es\/equipo-cada-cerebro-importa\/#breadcrumb"},"inLanguage":"es-ES","potentialAction":[{"@type":"ReadAction","target":["https:\/\/everybrainmatters.org\/es\/equipo-cada-cerebro-importa\/"]}]},{"@type":"ImageObject","inLanguage":"es-ES","@id":"https:\/\/everybrainmatters.org\/es\/equipo-cada-cerebro-importa\/#primaryimage","url":"https:\/\/everybrainmatters.org\/wp-content\/uploads\/final-final-10.08.2021-1-768x1024.jpg","contentUrl":"https:\/\/everybrainmatters.org\/wp-content\/uploads\/final-final-10.08.2021-1-768x1024.jpg"},{"@type":"BreadcrumbList","@id":"https:\/\/everybrainmatters.org\/es\/equipo-cada-cerebro-importa\/#breadcrumb","itemListElement":[{"@type":"ListItem","position":1,"name":"Home","item":"https:\/\/everybrainmatters.org\/es\/"},{"@type":"ListItem","position":2,"name":"Equipo Cada Cerebro Importa"}]},{"@type":"WebSite","@id":"https:\/\/everybrainmatters.org\/es\/#website","url":"https:\/\/everybrainmatters.org\/es\/","name":"Every Brain Matters","description":"","publisher":{"@id":"https:\/\/everybrainmatters.org\/es\/#organization"},"potentialAction":[{"@type":"SearchAction","target":{"@type":"EntryPoint","urlTemplate":"https:\/\/everybrainmatters.org\/es\/?s={search_term_string}"},"query-input":{"@type":"PropertyValueSpecification","valueRequired":true,"valueName":"search_term_string"}}],"inLanguage":"es-ES"},{"@type":"Organization","@id":"https:\/\/everybrainmatters.org\/es\/#organization","name":"Every Brain Matters","url":"https:\/\/everybrainmatters.org\/es\/","logo":{"@type":"ImageObject","inLanguage":"es-ES","@id":"https:\/\/everybrainmatters.org\/es\/#\/schema\/logo\/image\/","url":"https:\/\/everybrainmatters.org\/wp-content\/uploads\/AllBrains_3.jpg","contentUrl":"https:\/\/everybrainmatters.org\/wp-content\/uploads\/AllBrains_3.jpg","width":1000,"height":1087,"caption":"Every Brain Matters"},"image":{"@id":"https:\/\/everybrainmatters.org\/es\/#\/schema\/logo\/image\/"}}]}},"_links":{"self":[{"href":"https:\/\/everybrainmatters.org\/es\/wp-json\/wp\/v2\/pages\/46656","targetHints":{"allow":["GET"]}}],"collection":[{"href":"https:\/\/everybrainmatters.org\/es\/wp-json\/wp\/v2\/pages"}],"about":[{"href":"https:\/\/everybrainmatters.org\/es\/wp-json\/wp\/v2\/types\/page"}],"author":[{"embeddable":true,"href":"https:\/\/everybrainmatters.org\/es\/wp-json\/wp\/v2\/users\/11"}],"replies":[{"embeddable":true,"href":"https:\/\/everybrainmatters.org\/es\/wp-json\/wp\/v2\/comments?post=46656"}],"version-history":[{"count":0,"href":"https:\/\/everybrainmatters.org\/es\/wp-json\/wp\/v2\/pages\/46656\/revisions"}],"wp:attachment":[{"href":"https:\/\/everybrainmatters.org\/es\/wp-json\/wp\/v2\/media?parent=46656"}],"curies":[{"name":"wp","href":"https:\/\/api.w.org\/{rel}","templated":true}]}}