{"id":46667,"date":"2020-10-07T16:12:32","date_gmt":"2020-10-07T21:12:32","guid":{"rendered":"https:\/\/everybrainmatters.org\/tendencias-de-los-medicamentos\/"},"modified":"2025-10-21T08:58:30","modified_gmt":"2025-10-21T13:58:30","slug":"tendencias-de-los-medicamentos","status":"publish","type":"page","link":"https:\/\/everybrainmatters.org\/es\/tendencias-de-los-medicamentos\/","title":{"rendered":"Tendencias de los medicamentos"},"content":{"rendered":"\n<p><\/p>\n\n<p class=\"has-text-align-center has-huge-font-size\">Tendencias de los medicamentos<\/p>\n\n<div class=\"wp-block-group py-5 is-style-width-full has-blue-color has-yellow-background-color has-text-color has-background\"><div class=\"wp-block-group__inner-container is-layout-flow wp-block-group-is-layout-flow\">\n<div class=\"wp-block-columns is-layout-flex wp-container-core-columns-is-layout-9d6595d7 wp-block-columns-is-layout-flex\">\n<div class=\"wp-block-column align-self-center is-layout-flow wp-block-column-is-layout-flow\" style=\"flex-basis:58%\">\n<h2 class=\"wp-block-heading\">El Polic\u00eda Alto Dice Alto. No Puedes Detener Lo Que No Conoces. <\/h2>\n\n\n\n<p class=\"has-medium-font-size\">El polic\u00eda alto, Jermain Galloway, proporciona herramientas, recursos y formaci\u00f3n para combatir el abuso de sustancias.  <\/p>\n\n\n\n<div class=\"wp-block-buttons mt-4 is-layout-flex wp-block-buttons-is-layout-flex\">\n<div class=\"wp-block-button\"><a class=\"wp-block-button__link has-white-color has-blue-background-color has-text-color has-background\" href=\"https:\/\/www.tallcopsaysstop.com\/\" target=\"_blank\" rel=\"noreferrer noopener\">M\u00e1s informaci\u00f3n en la p\u00e1gina web de Tall Cap Say Stop.  <\/a><\/div>\n<\/div>\n<\/div>\n\n\n\n<div class=\"wp-block-column is-layout-flow wp-block-column-is-layout-flow\" style=\"flex-basis:42%\">\n<figure class=\"wp-block-image size-large\"><a href=\"https:\/\/www.tallcopsaysstop.com\/\" target=\"_blank\" rel=\"noopener noreferrer\"><img loading=\"lazy\" decoding=\"async\" width=\"340\" height=\"148\" src=\"https:\/\/everybrainmatters.org\/wp-content\/uploads\/Untitled-design.jpg\" alt=\"\" class=\"wp-image-18164\" srcset=\"https:\/\/everybrainmatters.org\/wp-content\/uploads\/Untitled-design.jpg 340w, https:\/\/everybrainmatters.org\/wp-content\/uploads\/Untitled-design-300x131.jpg 300w\" sizes=\"auto, (max-width: 340px) 100vw, 340px\" \/><\/a><\/figure>\n<\/div>\n<\/div>\n<\/div><\/div>\n\n<div class=\"wp-block-group py-5 is-style-width-full has-white-color has-blue-background-color has-text-color has-background\"><div class=\"wp-block-group__inner-container is-layout-flow wp-block-group-is-layout-flow\">\n<div class=\"wp-block-columns is-layout-flex wp-container-core-columns-is-layout-9d6595d7 wp-block-columns-is-layout-flex\">\n<div class=\"wp-block-column is-layout-flow wp-block-column-is-layout-flow\" style=\"flex-basis:42%\">\n<figure class=\"wp-block-image size-large\"><a href=\"https:\/\/actondrugs.org\/\" target=\"_blank\" rel=\"noopener noreferrer\"><img loading=\"lazy\" decoding=\"async\" width=\"340\" height=\"148\" src=\"https:\/\/everybrainmatters.org\/wp-content\/uploads\/imaige.png\" alt=\"\" class=\"wp-image-17143\" srcset=\"https:\/\/everybrainmatters.org\/wp-content\/uploads\/imaige.png 340w, https:\/\/everybrainmatters.org\/wp-content\/uploads\/imaige-300x131.png 300w\" sizes=\"auto, (max-width: 340px) 100vw, 340px\" \/><\/a><\/figure>\n<\/div>\n\n\n\n<div class=\"wp-block-column align-self-center pl-lg-5 is-layout-flow wp-block-column-is-layout-flow\" style=\"flex-basis:58%\">\n<p class=\"has-white-color has-blue-background-color has-text-color has-background\">El conocimiento es una herramienta poderosa<br\/>En un mundo en el que la drogadicci\u00f3n ha alcanzado niveles epid\u00e9micos, ACT sobre las Drogas est\u00e1 haciendo que las comunidades sean mental, emocional y f\u00edsicamente m\u00e1s fuertes, proporcionando presentaciones y formaciones extremadamente valiosas sobre educaci\u00f3n y adicci\u00f3n a las drogas.<\/p>\n\n\n\n<p class=\"has-white-color has-blue-background-color has-text-color has-background\">ACT on Drugs es la \u00fanica organizaci\u00f3n que cuenta con un experto reconocido a nivel nacional que habla directamente a j\u00f3venes y adultos en todas las comunidades. Nuestras presentaciones han influido en la vida de miles de personas en todo el estado de Colorado. <\/p>\n\n\n\n<p class=\"has-white-color has-blue-background-color has-text-color has-background\">ACT proporciona informaci\u00f3n vital a padres, adolescentes, profesores y administradores, proveedores de asistencia sanitaria, trabajadores sociales y asistentes sociales, personal de las fuerzas de seguridad, funcionarios judiciales y personas que trabajan, proporcionando informaci\u00f3n \u00fatil sobre las drogas comunes y no comunes y otras sustancias de las que se abusa.<\/p>\n\n\n\n<div class=\"wp-block-buttons mt-4 is-layout-flex wp-block-buttons-is-layout-flex\">\n<div class=\"wp-block-button\"><a class=\"wp-block-button__link has-blue-color has-yellow-background-color has-text-color has-background\" href=\"https:\/\/actondrugs.org\/\" target=\"_blank\" rel=\"noreferrer noopener\">Visita el sitio web de Act On Drugs<\/a><\/div>\n<\/div>\n<\/div>\n<\/div>\n<\/div><\/div>\n\n<div class=\"wp-block-group py-5 is-style-width-full has-blue-color has-yellow-background-color has-text-color has-background\"><div class=\"wp-block-group__inner-container is-layout-flow wp-block-group-is-layout-flow\">\n<div class=\"wp-block-columns is-layout-flex wp-container-core-columns-is-layout-9d6595d7 wp-block-columns-is-layout-flex\">\n<div class=\"wp-block-column align-self-center is-layout-flow wp-block-column-is-layout-flow\" style=\"flex-basis:58%\">\n<h2 class=\"wp-block-heading\">La marihuana actual es m\u00e1s potente y peligrosa<\/h2>\n\n\n\n<p class=\"has-medium-font-size\">Los productos actuales de marihuana legal se fabrican a prop\u00f3sito para disimular el consumo ante padres, profesores y empleadores.  <\/p>\n\n\n\n<p>Estos productos vienen en pastillas, polvos, aceites, inhaladores, supositorios, caramelos, refrescos, patatas fritas, gominolas, chap stick, moon rocks, vapes, ect.  <\/p>\n\n\n\n<div class=\"wp-block-buttons mt-4 is-layout-flex wp-block-buttons-is-layout-flex\">\n<div class=\"wp-block-button\"><a class=\"wp-block-button__link has-white-color has-blue-background-color has-text-color has-background\" href=\"https:\/\/everybrainmatters.org\/about-us\/mission-vision-statements\/\">Saber m\u00e1s<\/a><\/div>\n<\/div>\n<\/div>\n\n\n\n<div class=\"wp-block-column is-layout-flow wp-block-column-is-layout-flow\" style=\"flex-basis:42%\">\n<figure class=\"wp-block-image size-large\"><img loading=\"lazy\" decoding=\"async\" width=\"150\" height=\"150\" src=\"https:\/\/everybrainmatters.org\/wp-content\/uploads\/40506588714_316fb25ede_q.jpg\" alt=\"\" class=\"wp-image-17615\" srcset=\"https:\/\/everybrainmatters.org\/wp-content\/uploads\/40506588714_316fb25ede_q.jpg 150w, https:\/\/everybrainmatters.org\/wp-content\/uploads\/40506588714_316fb25ede_q-100x100.jpg 100w\" sizes=\"auto, (max-width: 150px) 100vw, 150px\" \/><\/figure>\n<\/div>\n<\/div>\n<\/div><\/div>\n","protected":false},"excerpt":{"rendered":"<p>Tendencias de los medicamentos El Polic\u00eda Alto Dice Alto. No Puedes Detener Lo Que No Conoces. El polic\u00eda alto, Jermain&#8230;<\/p>\n","protected":false},"author":11,"featured_media":0,"parent":0,"menu_order":0,"comment_status":"closed","ping_status":"closed","template":"page-fullwidth.php","meta":{"_acf_changed":false,"_editorskit_title_hidden":false,"_editorskit_reading_time":0,"_editorskit_is_block_options_detached":false,"_editorskit_block_options_position":"{}","footnotes":""},"class_list":["post-46667","page","type-page","status-publish","hentry"],"acf":[],"yoast_head":"<!-- This site is optimized with the Yoast SEO plugin v26.1.1 - https:\/\/yoast.com\/wordpress\/plugins\/seo\/ -->\n<title>Tendencias de los medicamentos - Every Brain Matters<\/title>\n<meta name=\"robots\" content=\"index, follow, max-snippet:-1, max-image-preview:large, max-video-preview:-1\" \/>\n<link rel=\"canonical\" href=\"https:\/\/everybrainmatters.org\/es\/tendencias-de-los-medicamentos\/\" \/>\n<meta property=\"og:locale\" content=\"es_ES\" \/>\n<meta property=\"og:type\" content=\"article\" \/>\n<meta property=\"og:title\" content=\"Tendencias de los medicamentos - Every Brain Matters\" \/>\n<meta property=\"og:description\" content=\"Tendencias de los medicamentos El Polic\u00eda Alto Dice Alto. No Puedes Detener Lo Que No Conoces. El polic\u00eda alto, Jermain...\" \/>\n<meta property=\"og:url\" content=\"https:\/\/everybrainmatters.org\/es\/tendencias-de-los-medicamentos\/\" \/>\n<meta property=\"og:site_name\" content=\"Every Brain Matters\" \/>\n<meta property=\"article:modified_time\" content=\"2025-10-21T13:58:30+00:00\" \/>\n<meta property=\"og:image\" content=\"https:\/\/everybrainmatters.org\/wp-content\/uploads\/Untitled-design.jpg\" \/>\n\t<meta property=\"og:image:width\" content=\"340\" \/>\n\t<meta property=\"og:image:height\" content=\"148\" \/>\n\t<meta property=\"og:image:type\" content=\"image\/jpeg\" \/>\n<meta name=\"twitter:card\" content=\"summary_large_image\" \/>\n<meta name=\"twitter:label1\" content=\"Est. reading time\" \/>\n\t<meta name=\"twitter:data1\" content=\"1 minuto\" \/>\n<script type=\"application\/ld+json\" class=\"yoast-schema-graph\">{\"@context\":\"https:\/\/schema.org\",\"@graph\":[{\"@type\":\"WebPage\",\"@id\":\"https:\/\/everybrainmatters.org\/es\/tendencias-de-los-medicamentos\/\",\"url\":\"https:\/\/everybrainmatters.org\/es\/tendencias-de-los-medicamentos\/\",\"name\":\"Tendencias de los medicamentos - Every Brain Matters\",\"isPartOf\":{\"@id\":\"https:\/\/everybrainmatters.org\/es\/#website\"},\"primaryImageOfPage\":{\"@id\":\"https:\/\/everybrainmatters.org\/es\/tendencias-de-los-medicamentos\/#primaryimage\"},\"image\":{\"@id\":\"https:\/\/everybrainmatters.org\/es\/tendencias-de-los-medicamentos\/#primaryimage\"},\"thumbnailUrl\":\"https:\/\/everybrainmatters.org\/wp-content\/uploads\/Untitled-design.jpg\",\"datePublished\":\"2020-10-07T21:12:32+00:00\",\"dateModified\":\"2025-10-21T13:58:30+00:00\",\"breadcrumb\":{\"@id\":\"https:\/\/everybrainmatters.org\/es\/tendencias-de-los-medicamentos\/#breadcrumb\"},\"inLanguage\":\"es-ES\",\"potentialAction\":[{\"@type\":\"ReadAction\",\"target\":[\"https:\/\/everybrainmatters.org\/es\/tendencias-de-los-medicamentos\/\"]}]},{\"@type\":\"ImageObject\",\"inLanguage\":\"es-ES\",\"@id\":\"https:\/\/everybrainmatters.org\/es\/tendencias-de-los-medicamentos\/#primaryimage\",\"url\":\"https:\/\/everybrainmatters.org\/wp-content\/uploads\/Untitled-design.jpg\",\"contentUrl\":\"https:\/\/everybrainmatters.org\/wp-content\/uploads\/Untitled-design.jpg\"},{\"@type\":\"BreadcrumbList\",\"@id\":\"https:\/\/everybrainmatters.org\/es\/tendencias-de-los-medicamentos\/#breadcrumb\",\"itemListElement\":[{\"@type\":\"ListItem\",\"position\":1,\"name\":\"Home\",\"item\":\"https:\/\/everybrainmatters.org\/es\/\"},{\"@type\":\"ListItem\",\"position\":2,\"name\":\"Tendencias de los medicamentos\"}]},{\"@type\":\"WebSite\",\"@id\":\"https:\/\/everybrainmatters.org\/es\/#website\",\"url\":\"https:\/\/everybrainmatters.org\/es\/\",\"name\":\"Every Brain Matters\",\"description\":\"\",\"publisher\":{\"@id\":\"https:\/\/everybrainmatters.org\/es\/#organization\"},\"potentialAction\":[{\"@type\":\"SearchAction\",\"target\":{\"@type\":\"EntryPoint\",\"urlTemplate\":\"https:\/\/everybrainmatters.org\/es\/?s={search_term_string}\"},\"query-input\":{\"@type\":\"PropertyValueSpecification\",\"valueRequired\":true,\"valueName\":\"search_term_string\"}}],\"inLanguage\":\"es-ES\"},{\"@type\":\"Organization\",\"@id\":\"https:\/\/everybrainmatters.org\/es\/#organization\",\"name\":\"Every Brain Matters\",\"url\":\"https:\/\/everybrainmatters.org\/es\/\",\"logo\":{\"@type\":\"ImageObject\",\"inLanguage\":\"es-ES\",\"@id\":\"https:\/\/everybrainmatters.org\/es\/#\/schema\/logo\/image\/\",\"url\":\"https:\/\/everybrainmatters.org\/wp-content\/uploads\/AllBrains_3.jpg\",\"contentUrl\":\"https:\/\/everybrainmatters.org\/wp-content\/uploads\/AllBrains_3.jpg\",\"width\":1000,\"height\":1087,\"caption\":\"Every Brain Matters\"},\"image\":{\"@id\":\"https:\/\/everybrainmatters.org\/es\/#\/schema\/logo\/image\/\"}}]}<\/script>\n<!-- \/ Yoast SEO plugin. -->","yoast_head_json":{"title":"Tendencias de los medicamentos - Every Brain Matters","robots":{"index":"index","follow":"follow","max-snippet":"max-snippet:-1","max-image-preview":"max-image-preview:large","max-video-preview":"max-video-preview:-1"},"canonical":"https:\/\/everybrainmatters.org\/es\/tendencias-de-los-medicamentos\/","og_locale":"es_ES","og_type":"article","og_title":"Tendencias de los medicamentos - Every Brain Matters","og_description":"Tendencias de los medicamentos El Polic\u00eda Alto Dice Alto. No Puedes Detener Lo Que No Conoces. El polic\u00eda alto, Jermain...","og_url":"https:\/\/everybrainmatters.org\/es\/tendencias-de-los-medicamentos\/","og_site_name":"Every Brain Matters","article_modified_time":"2025-10-21T13:58:30+00:00","og_image":[{"width":340,"height":148,"url":"https:\/\/everybrainmatters.org\/wp-content\/uploads\/Untitled-design.jpg","type":"image\/jpeg"}],"twitter_card":"summary_large_image","twitter_misc":{"Est. reading time":"1 minuto"},"schema":{"@context":"https:\/\/schema.org","@graph":[{"@type":"WebPage","@id":"https:\/\/everybrainmatters.org\/es\/tendencias-de-los-medicamentos\/","url":"https:\/\/everybrainmatters.org\/es\/tendencias-de-los-medicamentos\/","name":"Tendencias de los medicamentos - Every Brain Matters","isPartOf":{"@id":"https:\/\/everybrainmatters.org\/es\/#website"},"primaryImageOfPage":{"@id":"https:\/\/everybrainmatters.org\/es\/tendencias-de-los-medicamentos\/#primaryimage"},"image":{"@id":"https:\/\/everybrainmatters.org\/es\/tendencias-de-los-medicamentos\/#primaryimage"},"thumbnailUrl":"https:\/\/everybrainmatters.org\/wp-content\/uploads\/Untitled-design.jpg","datePublished":"2020-10-07T21:12:32+00:00","dateModified":"2025-10-21T13:58:30+00:00","breadcrumb":{"@id":"https:\/\/everybrainmatters.org\/es\/tendencias-de-los-medicamentos\/#breadcrumb"},"inLanguage":"es-ES","potentialAction":[{"@type":"ReadAction","target":["https:\/\/everybrainmatters.org\/es\/tendencias-de-los-medicamentos\/"]}]},{"@type":"ImageObject","inLanguage":"es-ES","@id":"https:\/\/everybrainmatters.org\/es\/tendencias-de-los-medicamentos\/#primaryimage","url":"https:\/\/everybrainmatters.org\/wp-content\/uploads\/Untitled-design.jpg","contentUrl":"https:\/\/everybrainmatters.org\/wp-content\/uploads\/Untitled-design.jpg"},{"@type":"BreadcrumbList","@id":"https:\/\/everybrainmatters.org\/es\/tendencias-de-los-medicamentos\/#breadcrumb","itemListElement":[{"@type":"ListItem","position":1,"name":"Home","item":"https:\/\/everybrainmatters.org\/es\/"},{"@type":"ListItem","position":2,"name":"Tendencias de los medicamentos"}]},{"@type":"WebSite","@id":"https:\/\/everybrainmatters.org\/es\/#website","url":"https:\/\/everybrainmatters.org\/es\/","name":"Every Brain Matters","description":"","publisher":{"@id":"https:\/\/everybrainmatters.org\/es\/#organization"},"potentialAction":[{"@type":"SearchAction","target":{"@type":"EntryPoint","urlTemplate":"https:\/\/everybrainmatters.org\/es\/?s={search_term_string}"},"query-input":{"@type":"PropertyValueSpecification","valueRequired":true,"valueName":"search_term_string"}}],"inLanguage":"es-ES"},{"@type":"Organization","@id":"https:\/\/everybrainmatters.org\/es\/#organization","name":"Every Brain Matters","url":"https:\/\/everybrainmatters.org\/es\/","logo":{"@type":"ImageObject","inLanguage":"es-ES","@id":"https:\/\/everybrainmatters.org\/es\/#\/schema\/logo\/image\/","url":"https:\/\/everybrainmatters.org\/wp-content\/uploads\/AllBrains_3.jpg","contentUrl":"https:\/\/everybrainmatters.org\/wp-content\/uploads\/AllBrains_3.jpg","width":1000,"height":1087,"caption":"Every Brain Matters"},"image":{"@id":"https:\/\/everybrainmatters.org\/es\/#\/schema\/logo\/image\/"}}]}},"_links":{"self":[{"href":"https:\/\/everybrainmatters.org\/es\/wp-json\/wp\/v2\/pages\/46667","targetHints":{"allow":["GET"]}}],"collection":[{"href":"https:\/\/everybrainmatters.org\/es\/wp-json\/wp\/v2\/pages"}],"about":[{"href":"https:\/\/everybrainmatters.org\/es\/wp-json\/wp\/v2\/types\/page"}],"author":[{"embeddable":true,"href":"https:\/\/everybrainmatters.org\/es\/wp-json\/wp\/v2\/users\/11"}],"replies":[{"embeddable":true,"href":"https:\/\/everybrainmatters.org\/es\/wp-json\/wp\/v2\/comments?post=46667"}],"version-history":[{"count":0,"href":"https:\/\/everybrainmatters.org\/es\/wp-json\/wp\/v2\/pages\/46667\/revisions"}],"wp:attachment":[{"href":"https:\/\/everybrainmatters.org\/es\/wp-json\/wp\/v2\/media?parent=46667"}],"curies":[{"name":"wp","href":"https:\/\/api.w.org\/{rel}","templated":true}]}}