{"id":46673,"date":"2020-10-07T16:11:04","date_gmt":"2020-10-07T21:11:04","guid":{"rendered":"https:\/\/everybrainmatters.org\/articulos-y-libros-de-recuperacion-familiar-de-los-efectos-de-la-marihuana\/"},"modified":"2026-02-20T17:41:32","modified_gmt":"2026-02-20T23:41:32","slug":"articulos-y-libros-de-recuperacion-familiar-de-los-efectos-de-la-marihuana","status":"publish","type":"page","link":"https:\/\/everybrainmatters.org\/es\/articulos-y-libros-de-recuperacion-familiar-de-los-efectos-de-la-marihuana\/","title":{"rendered":"Educaci\u00f3n para la recuperaci\u00f3n familiar sobre los efectos de la marihuana, art\u00edculos y otros recursos"},"content":{"rendered":"\n<div class=\"wp-block-buttons is-layout-flex wp-block-buttons-is-layout-flex\">\n<div class=\"wp-block-button\"><a class=\"wp-block-button__link has-white-color has-gray-4-background-color has-text-color has-background has-medium-font-size has-custom-font-size wp-element-button\" href=\"https:\/\/everybrainmatters.org\/es\/cada-cerebro-importa-la-recuperacion-familiar-de-los-danos-de-la-marihuana\/\">Accede a todos los Recursos de Recuperaci\u00f3n Familiar de Cada Cerebro Importa Aqu\u00ed<\/a><\/div>\n<\/div>\n\n<hr class=\"wp-block-separator has-alpha-channel-opacity\"\/>\n\n<blockquote class=\"wp-block-quote is-layout-flow wp-block-quote-is-layout-flow\">\n<p>En la era de la marihuana legal no regulada, los padres deben disponer de datos actualizados sobre los efectos de los productos de cannabis de alta potencia, gen\u00e9ticamente modificados y producidos en masa. Armados con una ciencia s\u00f3lida, los padres pueden adoptar con confianza una pol\u00edtica cerebral libre de drogas, respaldada por d\u00e9cadas de investigaci\u00f3n que documentan los efectos nocivos de la marihuana sobre el neurodesarrollo. Aunque los cuidadores nunca necesitan una raz\u00f3n para mantener a salvo a sus hijos, la literatura sobre este tema ofrece miles.  <\/p>\n<cite>by&nbsp;<a href=\"https:\/\/drcrystalcollier.com\/\" target=\"_blank\" rel=\"noreferrer noopener\">Crystal Collier<\/a>, PhD, LPC-S author of&nbsp;<em><a href=\"http:\/\/neurowhereaboutsguide.com\/\" target=\"_blank\" rel=\"noreferrer noopener\">The NeuroWhereAbouts Guide<\/a><\/em>&nbsp;and creator of&nbsp;<a href=\"https:\/\/johnfontainejrcharity.org\/brainabouts\/\" target=\"_blank\" rel=\"noreferrer noopener\">BrainAbouts<\/a><\/cite><\/blockquote>\n\n<div class=\"wp-block-columns is-layout-flex wp-container-core-columns-is-layout-9d6595d7 wp-block-columns-is-layout-flex\">\n<div class=\"wp-block-column is-layout-flow wp-block-column-is-layout-flow\">\n<figure class=\"wp-block-image size-large is-style-editorskit-shadow\"><a href=\"https:\/\/everybrainmatters.org\/es\/2021\/10\/25\/que-hacer-si-mi-hijo-consume-marihuana\/\" target=\"_blank\" rel=\"noreferrer noopener\"><img loading=\"lazy\" decoding=\"async\" width=\"1024\" height=\"683\" src=\"https:\/\/everybrainmatters.org\/wp-content\/uploads\/What-to-do-if-my-child-is-using-marijuana-3-1024x683.png\" alt=\"\" class=\"wp-image-54477\" srcset=\"https:\/\/everybrainmatters.org\/wp-content\/uploads\/What-to-do-if-my-child-is-using-marijuana-3-1024x683.png 1024w, https:\/\/everybrainmatters.org\/wp-content\/uploads\/What-to-do-if-my-child-is-using-marijuana-3-300x200.png 300w, https:\/\/everybrainmatters.org\/wp-content\/uploads\/What-to-do-if-my-child-is-using-marijuana-3-768x512.png 768w, https:\/\/everybrainmatters.org\/wp-content\/uploads\/What-to-do-if-my-child-is-using-marijuana-3-600x400.png 600w, https:\/\/everybrainmatters.org\/wp-content\/uploads\/What-to-do-if-my-child-is-using-marijuana-3.png 1536w\" sizes=\"auto, (max-width: 1024px) 100vw, 1024px\" \/><\/a><\/figure>\n<\/div>\n\n\n\n<div class=\"wp-block-column is-layout-flow wp-block-column-is-layout-flow\">\n<figure class=\"wp-block-image size-large is-style-editorskit-shadow\"><a href=\"https:\/\/everybrainmatters.org\/es\/2022\/06\/06\/pasos-a-seguir-para-encontrar-un-programa-de-tratamiento-para-seres-queridos-adictos\/\" target=\"_blank\" rel=\"noreferrer noopener\"><img loading=\"lazy\" decoding=\"async\" width=\"1024\" height=\"683\" src=\"https:\/\/everybrainmatters.org\/wp-content\/uploads\/How-to-find-a-treatment-program-4-1024x683.png\" alt=\"\" class=\"wp-image-54483\" srcset=\"https:\/\/everybrainmatters.org\/wp-content\/uploads\/How-to-find-a-treatment-program-4-1024x683.png 1024w, https:\/\/everybrainmatters.org\/wp-content\/uploads\/How-to-find-a-treatment-program-4-300x200.png 300w, https:\/\/everybrainmatters.org\/wp-content\/uploads\/How-to-find-a-treatment-program-4-768x512.png 768w, https:\/\/everybrainmatters.org\/wp-content\/uploads\/How-to-find-a-treatment-program-4-600x400.png 600w, https:\/\/everybrainmatters.org\/wp-content\/uploads\/How-to-find-a-treatment-program-4.png 1536w\" sizes=\"auto, (max-width: 1024px) 100vw, 1024px\" \/><\/a><\/figure>\n<\/div>\n<\/div>\n\n<div class=\"wp-block-columns is-layout-flex wp-container-core-columns-is-layout-9d6595d7 wp-block-columns-is-layout-flex\">\n<div class=\"wp-block-column is-layout-flow wp-block-column-is-layout-flow\">\n<figure class=\"wp-block-image size-large is-style-editorskit-shadow\"><img loading=\"lazy\" decoding=\"async\" width=\"1024\" height=\"683\" src=\"https:\/\/everybrainmatters.org\/wp-content\/uploads\/How-does-marijuana-affect-our-brains-1024x683.png\" alt=\"\" class=\"wp-image-54487\" srcset=\"https:\/\/everybrainmatters.org\/wp-content\/uploads\/How-does-marijuana-affect-our-brains-1024x683.png 1024w, https:\/\/everybrainmatters.org\/wp-content\/uploads\/How-does-marijuana-affect-our-brains-300x200.png 300w, https:\/\/everybrainmatters.org\/wp-content\/uploads\/How-does-marijuana-affect-our-brains-768x512.png 768w, https:\/\/everybrainmatters.org\/wp-content\/uploads\/How-does-marijuana-affect-our-brains-600x400.png 600w, https:\/\/everybrainmatters.org\/wp-content\/uploads\/How-does-marijuana-affect-our-brains.png 1536w\" sizes=\"auto, (max-width: 1024px) 100vw, 1024px\" \/><\/figure>\n<\/div>\n\n\n\n<div class=\"wp-block-column is-layout-flow wp-block-column-is-layout-flow\">\n<figure class=\"wp-block-image size-large is-style-editorskit-shadow\"><img loading=\"lazy\" decoding=\"async\" width=\"1024\" height=\"683\" src=\"https:\/\/everybrainmatters.org\/wp-content\/uploads\/Can-I-keep-my-child-safe-from-marijuana-3-1024x683.png\" alt=\"\" class=\"wp-image-54489\" srcset=\"https:\/\/everybrainmatters.org\/wp-content\/uploads\/Can-I-keep-my-child-safe-from-marijuana-3-1024x683.png 1024w, https:\/\/everybrainmatters.org\/wp-content\/uploads\/Can-I-keep-my-child-safe-from-marijuana-3-300x200.png 300w, https:\/\/everybrainmatters.org\/wp-content\/uploads\/Can-I-keep-my-child-safe-from-marijuana-3-768x512.png 768w, https:\/\/everybrainmatters.org\/wp-content\/uploads\/Can-I-keep-my-child-safe-from-marijuana-3-600x400.png 600w, https:\/\/everybrainmatters.org\/wp-content\/uploads\/Can-I-keep-my-child-safe-from-marijuana-3.png 1536w\" sizes=\"auto, (max-width: 1024px) 100vw, 1024px\" \/><\/figure>\n<\/div>\n<\/div>\n\n<div class=\"wp-block-columns is-layout-flex wp-container-core-columns-is-layout-9d6595d7 wp-block-columns-is-layout-flex\">\n<div class=\"wp-block-column is-layout-flow wp-block-column-is-layout-flow\">\n<figure class=\"wp-block-image size-large is-style-editorskit-shadow\"><a href=\"https:\/\/everybrainmatters.org\/es\/2023\/09\/25\/el-papel-de-la-familia-en-la-recuperacion-de-un-ser-querido\/\" target=\"_blank\" rel=\"noreferrer noopener\"><img loading=\"lazy\" decoding=\"async\" width=\"1024\" height=\"683\" src=\"https:\/\/everybrainmatters.org\/wp-content\/uploads\/A-Families-role-in-the-loved-ones-recovery-.-The-7-Cs-1024x683.png\" alt=\"\" class=\"wp-image-54493\" srcset=\"https:\/\/everybrainmatters.org\/wp-content\/uploads\/A-Families-role-in-the-loved-ones-recovery-.-The-7-Cs-1024x683.png 1024w, https:\/\/everybrainmatters.org\/wp-content\/uploads\/A-Families-role-in-the-loved-ones-recovery-.-The-7-Cs-300x200.png 300w, https:\/\/everybrainmatters.org\/wp-content\/uploads\/A-Families-role-in-the-loved-ones-recovery-.-The-7-Cs-768x512.png 768w, https:\/\/everybrainmatters.org\/wp-content\/uploads\/A-Families-role-in-the-loved-ones-recovery-.-The-7-Cs-600x400.png 600w, https:\/\/everybrainmatters.org\/wp-content\/uploads\/A-Families-role-in-the-loved-ones-recovery-.-The-7-Cs.png 1536w\" sizes=\"auto, (max-width: 1024px) 100vw, 1024px\" \/><\/a><\/figure>\n<\/div>\n\n\n\n<div class=\"wp-block-column is-layout-flow wp-block-column-is-layout-flow\">\n<figure class=\"wp-block-image size-large is-style-editorskit-shadow\"><img loading=\"lazy\" decoding=\"async\" width=\"1024\" height=\"683\" src=\"https:\/\/everybrainmatters.org\/wp-content\/uploads\/Happy-REcovey-month-1024x683.png\" alt=\"\" class=\"wp-image-54497\" srcset=\"https:\/\/everybrainmatters.org\/wp-content\/uploads\/Happy-REcovey-month-1024x683.png 1024w, https:\/\/everybrainmatters.org\/wp-content\/uploads\/Happy-REcovey-month-300x200.png 300w, https:\/\/everybrainmatters.org\/wp-content\/uploads\/Happy-REcovey-month-768x512.png 768w, https:\/\/everybrainmatters.org\/wp-content\/uploads\/Happy-REcovey-month-600x400.png 600w, https:\/\/everybrainmatters.org\/wp-content\/uploads\/Happy-REcovey-month.png 1536w\" sizes=\"auto, (max-width: 1024px) 100vw, 1024px\" \/><\/figure>\n<\/div>\n<\/div>\n\n<hr class=\"wp-block-separator has-css-opacity is-style-wide\"\/>\n\n<div class=\"wp-block-columns is-layout-flex wp-container-core-columns-is-layout-9d6595d7 wp-block-columns-is-layout-flex\">\n<div class=\"wp-block-column is-layout-flow wp-block-column-is-layout-flow\"><div class=\"wp-block-image is-style-editorskit-shadow\">\n<figure class=\"aligncenter size-large is-resized\"><a href=\"https:\/\/everybrainmatters.org\/wp-content\/uploads\/dr.-Collier-levels-of-use.png\"><img loading=\"lazy\" decoding=\"async\" width=\"797\" height=\"1024\" src=\"https:\/\/everybrainmatters.org\/wp-content\/uploads\/dr.-Collier-levels-of-use-797x1024.png\" alt=\"\" class=\"wp-image-34329\" style=\"width:406px;height:522px\" srcset=\"https:\/\/everybrainmatters.org\/wp-content\/uploads\/dr.-Collier-levels-of-use-797x1024.png 797w, https:\/\/everybrainmatters.org\/wp-content\/uploads\/dr.-Collier-levels-of-use-233x300.png 233w, https:\/\/everybrainmatters.org\/wp-content\/uploads\/dr.-Collier-levels-of-use-768x987.png 768w, https:\/\/everybrainmatters.org\/wp-content\/uploads\/dr.-Collier-levels-of-use-1195x1536.png 1195w, https:\/\/everybrainmatters.org\/wp-content\/uploads\/dr.-Collier-levels-of-use-600x771.png 600w, https:\/\/everybrainmatters.org\/wp-content\/uploads\/dr.-Collier-levels-of-use.png 1556w\" sizes=\"auto, (max-width: 797px) 100vw, 797px\" \/><\/a><\/figure><\/div><\/div>\n\n\n\n<div class=\"wp-block-column is-layout-flow wp-block-column-is-layout-flow\">\n<div data-wp-interactive=\"core\/file\" class=\"wp-block-file\"><object data-wp-bind--hidden=\"!state.hasPdfPreview\" hidden class=\"wp-block-file__embed\" data=\"https:\/\/everybrainmatters.org\/wp-content\/uploads\/Denial-Checklist-Recovery-17-05-21.pdf\" type=\"application\/pdf\" style=\"width:100%;height:600px\" aria-label=\"Embed of Denial-Checklist-Recovery-17-05-21.\"><\/object><a id=\"wp-block-file--media-4de8aa3b-c019-4e41-914a-c74b2b2a2526\" href=\"https:\/\/everybrainmatters.org\/wp-content\/uploads\/Denial-Checklist-Recovery-17-05-21.pdf\">Denial-Checklist-Recovery-17-05-21<\/a><a href=\"https:\/\/everybrainmatters.org\/wp-content\/uploads\/Denial-Checklist-Recovery-17-05-21.pdf\" class=\"wp-block-file__button wp-element-button\" download=\"\" aria-describedby=\"wp-block-file--media-4de8aa3b-c019-4e41-914a-c74b2b2a2526\">Descarga<\/a><\/div>\n<\/div>\n<\/div>\n\n<p><\/p>\n\n<div class=\"wp-block-columns is-layout-flex wp-container-core-columns-is-layout-9d6595d7 wp-block-columns-is-layout-flex\">\n<div class=\"wp-block-column is-layout-flow wp-block-column-is-layout-flow\">\n<hr class=\"wp-block-separator has-css-opacity is-style-wide\"\/>\n\n\n\n<h2 class=\"wp-block-heading\">Pruebas gen\u00e9ticas<\/h2>\n\n\n\n<div class=\"wp-block-columns is-layout-flex wp-container-core-columns-is-layout-9d6595d7 wp-block-columns-is-layout-flex\">\n<div class=\"wp-block-column is-layout-flow wp-block-column-is-layout-flow\">\n<p>A partir de un simple frotis de mejilla, GARS\u00ae es capaz de identificar la predisposici\u00f3n gen\u00e9tica de un individuo a los comportamientos adictivos, compulsivos e impulsivos y a los trastornos de la personalidad. Todos estos comportamientos comparten una ra\u00edz fisiol\u00f3gica com\u00fan: un equilibrio qu\u00edmico alterado en el cerebro, denominado <a href=\"http:\/\/sk.sagepub.com\/Reference\/\/the-sage-encyclopedia-of-abnormal-and-clinical-psychology\/i32017.xml\" target=\"_blank\" rel=\"noreferrer noopener\">\u00abS\u00edndrome de Deficiencia de Recompensa (SDR)\u00bb.<\/a> <\/p>\n<\/div>\n\n\n\n<div class=\"wp-block-column is-layout-flow wp-block-column-is-layout-flow\">\n<figure class=\"wp-block-image size-full is-style-default\"><a href=\"https:\/\/www.geneushealth.com\/gars-test\" target=\"_blank\" rel=\"noopener\"><img loading=\"lazy\" decoding=\"async\" width=\"320\" height=\"101\" src=\"https:\/\/everybrainmatters.org\/wp-content\/uploads\/Geneus-320w.png\" alt=\"\" class=\"wp-image-21697\" srcset=\"https:\/\/everybrainmatters.org\/wp-content\/uploads\/Geneus-320w.png 320w, https:\/\/everybrainmatters.org\/wp-content\/uploads\/Geneus-320w-300x95.png 300w\" sizes=\"auto, (max-width: 320px) 100vw, 320px\" \/><\/a><\/figure>\n<\/div>\n<\/div>\n<\/div>\n<\/div>\n\n<p><\/p>\n","protected":false},"excerpt":{"rendered":"<p>En la era de la marihuana legal no regulada, los padres deben disponer de datos actualizados sobre los efectos de&#8230;<\/p>\n","protected":false},"author":11,"featured_media":54525,"parent":0,"menu_order":0,"comment_status":"closed","ping_status":"closed","template":"","meta":{"_acf_changed":false,"_editorskit_title_hidden":false,"_editorskit_reading_time":0,"_editorskit_is_block_options_detached":false,"_editorskit_block_options_position":"{}","footnotes":""},"class_list":["post-46673","page","type-page","status-publish","has-post-thumbnail","hentry"],"acf":[],"yoast_head":"<!-- This site is optimized with the Yoast SEO plugin v26.1.1 - https:\/\/yoast.com\/wordpress\/plugins\/seo\/ -->\n<title>Educaci\u00f3n para la recuperaci\u00f3n familiar sobre los efectos de la marihuana, art\u00edculos y otros recursos - Every Brain Matters<\/title>\n<meta name=\"robots\" content=\"index, follow, max-snippet:-1, max-image-preview:large, max-video-preview:-1\" \/>\n<link rel=\"canonical\" href=\"https:\/\/everybrainmatters.org\/es\/articulos-y-libros-de-recuperacion-familiar-de-los-efectos-de-la-marihuana\/\" \/>\n<meta property=\"og:locale\" content=\"es_ES\" \/>\n<meta property=\"og:type\" content=\"article\" \/>\n<meta property=\"og:title\" content=\"Educaci\u00f3n para la recuperaci\u00f3n familiar sobre los efectos de la marihuana, art\u00edculos y otros recursos - Every Brain Matters\" \/>\n<meta property=\"og:description\" content=\"En la era de la marihuana legal no regulada, los padres deben disponer de datos actualizados sobre los efectos de...\" \/>\n<meta property=\"og:url\" content=\"https:\/\/everybrainmatters.org\/es\/articulos-y-libros-de-recuperacion-familiar-de-los-efectos-de-la-marihuana\/\" \/>\n<meta property=\"og:site_name\" content=\"Every Brain Matters\" \/>\n<meta property=\"article:modified_time\" content=\"2026-02-20T23:41:32+00:00\" \/>\n<meta property=\"og:image\" content=\"https:\/\/everybrainmatters.org\/wp-content\/uploads\/Family-recovery-education.png\" \/>\n\t<meta property=\"og:image:width\" content=\"1536\" \/>\n\t<meta property=\"og:image:height\" content=\"1024\" \/>\n\t<meta property=\"og:image:type\" content=\"image\/png\" \/>\n<meta name=\"twitter:card\" content=\"summary_large_image\" \/>\n<meta name=\"twitter:label1\" content=\"Est. reading time\" \/>\n\t<meta name=\"twitter:data1\" content=\"1 minuto\" \/>\n<script type=\"application\/ld+json\" class=\"yoast-schema-graph\">{\"@context\":\"https:\/\/schema.org\",\"@graph\":[{\"@type\":\"WebPage\",\"@id\":\"https:\/\/everybrainmatters.org\/es\/articulos-y-libros-de-recuperacion-familiar-de-los-efectos-de-la-marihuana\/\",\"url\":\"https:\/\/everybrainmatters.org\/es\/articulos-y-libros-de-recuperacion-familiar-de-los-efectos-de-la-marihuana\/\",\"name\":\"Educaci\u00f3n para la recuperaci\u00f3n familiar sobre los efectos de la marihuana, art\u00edculos y otros recursos - Every Brain Matters\",\"isPartOf\":{\"@id\":\"https:\/\/everybrainmatters.org\/es\/#website\"},\"primaryImageOfPage\":{\"@id\":\"https:\/\/everybrainmatters.org\/es\/articulos-y-libros-de-recuperacion-familiar-de-los-efectos-de-la-marihuana\/#primaryimage\"},\"image\":{\"@id\":\"https:\/\/everybrainmatters.org\/es\/articulos-y-libros-de-recuperacion-familiar-de-los-efectos-de-la-marihuana\/#primaryimage\"},\"thumbnailUrl\":\"https:\/\/everybrainmatters.org\/wp-content\/uploads\/Family-recovery-education.png\",\"datePublished\":\"2020-10-07T21:11:04+00:00\",\"dateModified\":\"2026-02-20T23:41:32+00:00\",\"breadcrumb\":{\"@id\":\"https:\/\/everybrainmatters.org\/es\/articulos-y-libros-de-recuperacion-familiar-de-los-efectos-de-la-marihuana\/#breadcrumb\"},\"inLanguage\":\"es-ES\",\"potentialAction\":[{\"@type\":\"ReadAction\",\"target\":[\"https:\/\/everybrainmatters.org\/es\/articulos-y-libros-de-recuperacion-familiar-de-los-efectos-de-la-marihuana\/\"]}]},{\"@type\":\"ImageObject\",\"inLanguage\":\"es-ES\",\"@id\":\"https:\/\/everybrainmatters.org\/es\/articulos-y-libros-de-recuperacion-familiar-de-los-efectos-de-la-marihuana\/#primaryimage\",\"url\":\"https:\/\/everybrainmatters.org\/wp-content\/uploads\/Family-recovery-education.png\",\"contentUrl\":\"https:\/\/everybrainmatters.org\/wp-content\/uploads\/Family-recovery-education.png\",\"width\":1536,\"height\":1024},{\"@type\":\"BreadcrumbList\",\"@id\":\"https:\/\/everybrainmatters.org\/es\/articulos-y-libros-de-recuperacion-familiar-de-los-efectos-de-la-marihuana\/#breadcrumb\",\"itemListElement\":[{\"@type\":\"ListItem\",\"position\":1,\"name\":\"Home\",\"item\":\"https:\/\/everybrainmatters.org\/es\/\"},{\"@type\":\"ListItem\",\"position\":2,\"name\":\"Educaci\u00f3n para la recuperaci\u00f3n familiar sobre los efectos de la marihuana, art\u00edculos y otros recursos\"}]},{\"@type\":\"WebSite\",\"@id\":\"https:\/\/everybrainmatters.org\/es\/#website\",\"url\":\"https:\/\/everybrainmatters.org\/es\/\",\"name\":\"Every Brain Matters\",\"description\":\"\",\"publisher\":{\"@id\":\"https:\/\/everybrainmatters.org\/es\/#organization\"},\"potentialAction\":[{\"@type\":\"SearchAction\",\"target\":{\"@type\":\"EntryPoint\",\"urlTemplate\":\"https:\/\/everybrainmatters.org\/es\/?s={search_term_string}\"},\"query-input\":{\"@type\":\"PropertyValueSpecification\",\"valueRequired\":true,\"valueName\":\"search_term_string\"}}],\"inLanguage\":\"es-ES\"},{\"@type\":\"Organization\",\"@id\":\"https:\/\/everybrainmatters.org\/es\/#organization\",\"name\":\"Every Brain Matters\",\"url\":\"https:\/\/everybrainmatters.org\/es\/\",\"logo\":{\"@type\":\"ImageObject\",\"inLanguage\":\"es-ES\",\"@id\":\"https:\/\/everybrainmatters.org\/es\/#\/schema\/logo\/image\/\",\"url\":\"https:\/\/everybrainmatters.org\/wp-content\/uploads\/AllBrains_3.jpg\",\"contentUrl\":\"https:\/\/everybrainmatters.org\/wp-content\/uploads\/AllBrains_3.jpg\",\"width\":1000,\"height\":1087,\"caption\":\"Every Brain Matters\"},\"image\":{\"@id\":\"https:\/\/everybrainmatters.org\/es\/#\/schema\/logo\/image\/\"}}]}<\/script>\n<!-- \/ Yoast SEO plugin. -->","yoast_head_json":{"title":"Educaci\u00f3n para la recuperaci\u00f3n familiar sobre los efectos de la marihuana, art\u00edculos y otros recursos - Every Brain Matters","robots":{"index":"index","follow":"follow","max-snippet":"max-snippet:-1","max-image-preview":"max-image-preview:large","max-video-preview":"max-video-preview:-1"},"canonical":"https:\/\/everybrainmatters.org\/es\/articulos-y-libros-de-recuperacion-familiar-de-los-efectos-de-la-marihuana\/","og_locale":"es_ES","og_type":"article","og_title":"Educaci\u00f3n para la recuperaci\u00f3n familiar sobre los efectos de la marihuana, art\u00edculos y otros recursos - Every Brain Matters","og_description":"En la era de la marihuana legal no regulada, los padres deben disponer de datos actualizados sobre los efectos de...","og_url":"https:\/\/everybrainmatters.org\/es\/articulos-y-libros-de-recuperacion-familiar-de-los-efectos-de-la-marihuana\/","og_site_name":"Every Brain Matters","article_modified_time":"2026-02-20T23:41:32+00:00","og_image":[{"width":1536,"height":1024,"url":"https:\/\/everybrainmatters.org\/wp-content\/uploads\/Family-recovery-education.png","type":"image\/png"}],"twitter_card":"summary_large_image","twitter_misc":{"Est. reading time":"1 minuto"},"schema":{"@context":"https:\/\/schema.org","@graph":[{"@type":"WebPage","@id":"https:\/\/everybrainmatters.org\/es\/articulos-y-libros-de-recuperacion-familiar-de-los-efectos-de-la-marihuana\/","url":"https:\/\/everybrainmatters.org\/es\/articulos-y-libros-de-recuperacion-familiar-de-los-efectos-de-la-marihuana\/","name":"Educaci\u00f3n para la recuperaci\u00f3n familiar sobre los efectos de la marihuana, art\u00edculos y otros recursos - Every Brain Matters","isPartOf":{"@id":"https:\/\/everybrainmatters.org\/es\/#website"},"primaryImageOfPage":{"@id":"https:\/\/everybrainmatters.org\/es\/articulos-y-libros-de-recuperacion-familiar-de-los-efectos-de-la-marihuana\/#primaryimage"},"image":{"@id":"https:\/\/everybrainmatters.org\/es\/articulos-y-libros-de-recuperacion-familiar-de-los-efectos-de-la-marihuana\/#primaryimage"},"thumbnailUrl":"https:\/\/everybrainmatters.org\/wp-content\/uploads\/Family-recovery-education.png","datePublished":"2020-10-07T21:11:04+00:00","dateModified":"2026-02-20T23:41:32+00:00","breadcrumb":{"@id":"https:\/\/everybrainmatters.org\/es\/articulos-y-libros-de-recuperacion-familiar-de-los-efectos-de-la-marihuana\/#breadcrumb"},"inLanguage":"es-ES","potentialAction":[{"@type":"ReadAction","target":["https:\/\/everybrainmatters.org\/es\/articulos-y-libros-de-recuperacion-familiar-de-los-efectos-de-la-marihuana\/"]}]},{"@type":"ImageObject","inLanguage":"es-ES","@id":"https:\/\/everybrainmatters.org\/es\/articulos-y-libros-de-recuperacion-familiar-de-los-efectos-de-la-marihuana\/#primaryimage","url":"https:\/\/everybrainmatters.org\/wp-content\/uploads\/Family-recovery-education.png","contentUrl":"https:\/\/everybrainmatters.org\/wp-content\/uploads\/Family-recovery-education.png","width":1536,"height":1024},{"@type":"BreadcrumbList","@id":"https:\/\/everybrainmatters.org\/es\/articulos-y-libros-de-recuperacion-familiar-de-los-efectos-de-la-marihuana\/#breadcrumb","itemListElement":[{"@type":"ListItem","position":1,"name":"Home","item":"https:\/\/everybrainmatters.org\/es\/"},{"@type":"ListItem","position":2,"name":"Educaci\u00f3n para la recuperaci\u00f3n familiar sobre los efectos de la marihuana, art\u00edculos y otros recursos"}]},{"@type":"WebSite","@id":"https:\/\/everybrainmatters.org\/es\/#website","url":"https:\/\/everybrainmatters.org\/es\/","name":"Every Brain Matters","description":"","publisher":{"@id":"https:\/\/everybrainmatters.org\/es\/#organization"},"potentialAction":[{"@type":"SearchAction","target":{"@type":"EntryPoint","urlTemplate":"https:\/\/everybrainmatters.org\/es\/?s={search_term_string}"},"query-input":{"@type":"PropertyValueSpecification","valueRequired":true,"valueName":"search_term_string"}}],"inLanguage":"es-ES"},{"@type":"Organization","@id":"https:\/\/everybrainmatters.org\/es\/#organization","name":"Every Brain Matters","url":"https:\/\/everybrainmatters.org\/es\/","logo":{"@type":"ImageObject","inLanguage":"es-ES","@id":"https:\/\/everybrainmatters.org\/es\/#\/schema\/logo\/image\/","url":"https:\/\/everybrainmatters.org\/wp-content\/uploads\/AllBrains_3.jpg","contentUrl":"https:\/\/everybrainmatters.org\/wp-content\/uploads\/AllBrains_3.jpg","width":1000,"height":1087,"caption":"Every Brain Matters"},"image":{"@id":"https:\/\/everybrainmatters.org\/es\/#\/schema\/logo\/image\/"}}]}},"_links":{"self":[{"href":"https:\/\/everybrainmatters.org\/es\/wp-json\/wp\/v2\/pages\/46673","targetHints":{"allow":["GET"]}}],"collection":[{"href":"https:\/\/everybrainmatters.org\/es\/wp-json\/wp\/v2\/pages"}],"about":[{"href":"https:\/\/everybrainmatters.org\/es\/wp-json\/wp\/v2\/types\/page"}],"author":[{"embeddable":true,"href":"https:\/\/everybrainmatters.org\/es\/wp-json\/wp\/v2\/users\/11"}],"replies":[{"embeddable":true,"href":"https:\/\/everybrainmatters.org\/es\/wp-json\/wp\/v2\/comments?post=46673"}],"version-history":[{"count":5,"href":"https:\/\/everybrainmatters.org\/es\/wp-json\/wp\/v2\/pages\/46673\/revisions"}],"predecessor-version":[{"id":54529,"href":"https:\/\/everybrainmatters.org\/es\/wp-json\/wp\/v2\/pages\/46673\/revisions\/54529"}],"wp:featuredmedia":[{"embeddable":true,"href":"https:\/\/everybrainmatters.org\/es\/wp-json\/wp\/v2\/media\/54525"}],"wp:attachment":[{"href":"https:\/\/everybrainmatters.org\/es\/wp-json\/wp\/v2\/media?parent=46673"}],"curies":[{"name":"wp","href":"https:\/\/api.w.org\/{rel}","templated":true}]}}