{"id":46704,"date":"2020-10-07T15:01:52","date_gmt":"2020-10-07T20:01:52","guid":{"rendered":"https:\/\/everybrainmatters.org\/la-marihuana-como-droga-de-entrada-o-acompanante\/"},"modified":"2025-10-21T08:59:13","modified_gmt":"2025-10-21T13:59:13","slug":"la-marihuana-como-droga-de-entrada-o-acompanante","status":"publish","type":"page","link":"https:\/\/everybrainmatters.org\/es\/la-marihuana-como-droga-de-entrada-o-acompanante\/","title":{"rendered":"La marihuana como droga de entrada o acompa\u00f1ante"},"content":{"rendered":"\n<ul class=\"wp-block-list\">\n<li><a href=\"https:\/\/www.sciencedirect.com\/science\/article\/pii\/S0306460323001466\">Comprobaci\u00f3n de la hip\u00f3tesis de la puerta de entrada del cannabis en una muestra nacional de espa\u00f1oles<\/a>, 2023, febrero  <\/li>\n\n\n\n<li><a href=\"https:\/\/onlinelibrary.wiley.com\/doi\/full\/10.1111\/add.15912\" class=\"ek-link\">Frecuencia de consumo de cannabis y vapeo en adolescentes en Estados Unidos: Tendencias, disparidades y consumo simult\u00e1neo de sustancias, 2017-19<\/a> 2022, 19 de mayo<\/li>\n\n\n\n<li><a href=\"https:\/\/www.sciencedirect.com\/science\/article\/pii\/S0306460320308091\" class=\"ek-link\">Iniciaci\u00f3n al consumo de drogas en la adolescencia y transici\u00f3n a otras drogas: A retrospective longitudinal examination across race\/ethnicity<\/a> 2021, febrero<\/li>\n\n\n\n<li><a href=\"https:\/\/www.sciencedirect.com\/science\/article\/pii\/S0376871620300041\" class=\"ek-link\">Comprender el Trastorno por Consumo de Opi\u00e1ceos (TCO) utilizando clasificadores basados en \u00e1rboles<\/a> 2020, 1 de marzo<\/li>\n\n\n\n<li><a href=\"https:\/\/www.pnas.org\/doi\/10.1073\/pnas.1903434116?cookieSet=1#:~:text=Not%20only%20did%20findings%20from,accounting%20for%20recreational%20cannabis%20laws.\" class=\"ek-link\">La asociaci\u00f3n entre las leyes sobre cannabis medicinal y la mortalidad por sobredosis de opi\u00e1ceos se ha invertido con el tiempo <\/a>2019, 10 de junio<\/li>\n\n\n\n<li><a href=\"https:\/\/www.ncbi.nlm.nih.gov\/pmc\/articles\/PMC5123717\/pdf\/emss-70462.pdf\" class=\"ek-link\">Los efectos del THC en el sistema dopamin\u00e9rgico<\/a> 2017, 16 de noviembre<\/li>\n\n\n\n<li><a href=\"https:\/\/poppot.org\/2017\/06\/14\/mathematical-equation-shows-marijuana-gateway-correlation\/\" class=\"ek-link\">Las matem\u00e1ticas demuestran la correlaci\u00f3n con la marihuana como droga de entrada<\/a> 2017, 14 de junio<\/li>\n\n\n\n<li><a href=\"https:\/\/pubmed.ncbi.nlm.nih.gov\/28592420\/\" class=\"ek-link\">Patrones de consumo de cannabis durante la adolescencia y su asociaci\u00f3n con conductas nocivas de consumo de sustancias <\/a>2017, 7 de junio<\/li>\n\n\n\n<li><a href=\"https:\/\/www.ncbi.nlm.nih.gov\/pmc\/articles\/PMC4291295\/pdf\/nihms-618789.pdf\" class=\"ek-link\">Probabilidad y predictores del efecto puerta del cannabis: Un estudio nacional<\/a> 2015, febrero<\/li>\n\n\n\n<li><a href=\"https:\/\/www.ncbi.nlm.nih.gov\/pmc\/articles\/PMC3552239\/pdf\/nihms388189.pdf\" class=\"ek-link\">Consumo previo de alcohol, cigarrillos y marihuana y posterior abuso de opi\u00e1ceos sujetos a prescripci\u00f3n m\u00e9dica en adultos j\u00f3venes<\/a> 2013, febrero<\/li>\n\n\n\n<li><a href=\"https:\/\/pubmed.ncbi.nlm.nih.gov\/22880541\/\" class=\"ek-link\">El cerebro adictivo: todos los caminos conducen a la dopamina<\/a> 2012, abril<\/li>\n\n\n\n<li><a href=\"https:\/\/jamanetwork.com\/journals\/jama\/fullarticle\/195839\" class=\"ek-link\">Escalada del consumo de drogas en consumidores de cannabis de inicio precoz frente a controles co-gemelos<\/a> 2003, 22 de enero<\/li>\n<\/ul>\n\n<hr class=\"wp-block-separator has-css-opacity is-style-wide\"\/>\n\n<div class=\"wp-block-columns is-layout-flex wp-container-core-columns-is-layout-9d6595d7 wp-block-columns-is-layout-flex\">\n<div class=\"wp-block-column is-layout-flow wp-block-column-is-layout-flow\">\n<p><a href=\"https:\/\/onlinelibrary.wiley.com\/doi\/full\/10.1111\/add.15912\" class=\"ek-link\">Frecuencia de consumo de cannabis y vapeo en adolescentes en Estados Unidos: Tendencias, disparidades y consumo simult\u00e1neo de sustancias, 2017-19<\/a> <br\/>2022, 19 de mayo<\/p>\n<\/div>\n\n\n\n<div class=\"wp-block-column is-layout-flow wp-block-column-is-layout-flow\">\n<p><a href=\"https:\/\/www.sciencedirect.com\/science\/article\/pii\/S0306460320308091\">Iniciaci\u00f3n al consumo de drogas en la adolescencia y transici\u00f3n a otras drogas: A retrospective longitudinal examination across race\/ethnicity<\/a> <br\/>2021, febrero<\/p>\n<\/div>\n<\/div>\n\n<hr class=\"wp-block-separator has-css-opacity is-style-wide\"\/>\n\n<div class=\"wp-block-columns is-layout-flex wp-container-core-columns-is-layout-9d6595d7 wp-block-columns-is-layout-flex\">\n<div class=\"wp-block-column is-layout-flow wp-block-column-is-layout-flow\">\n<p><a href=\"https:\/\/www.sciencedirect.com\/science\/article\/pii\/S0376871620300041\" class=\"ek-link\">Comprender el Trastorno por Consumo de Opi\u00e1ceos (TCO) utilizando clasificadores basados en \u00e1rboles<\/a> <br\/>2020, 1 de marzo<\/p>\n<\/div>\n\n\n\n<div class=\"wp-block-column is-layout-flow wp-block-column-is-layout-flow\">\n<p><a href=\"https:\/\/www.pnas.org\/doi\/10.1073\/pnas.1903434116?cookieSet=1#:~:text=Not%20only%20did%20findings%20from,accounting%20for%20recreational%20cannabis%20laws.\" class=\"ek-link\">La asociaci\u00f3n entre las leyes sobre cannabis medicinal y la mortalidad por sobredosis de opi\u00e1ceos se ha invertido con el tiempo<\/a><br\/>2019, 1 de junio<\/p>\n<\/div>\n<\/div>\n\n<hr class=\"wp-block-separator has-css-opacity is-style-wide\"\/>\n\n<div class=\"wp-block-columns is-layout-flex wp-container-core-columns-is-layout-9d6595d7 wp-block-columns-is-layout-flex\">\n<div class=\"wp-block-column is-layout-flow wp-block-column-is-layout-flow\">\n<p><a href=\"https:\/\/www.ncbi.nlm.nih.gov\/pmc\/articles\/PMC5123717\/pdf\/emss-70462.pdf\" class=\"ek-link\">Los efectos del THC en el sistema dopamin\u00e9rgico<\/a> 2017, 16 de noviembre<\/p>\n<\/div>\n\n\n\n<div class=\"wp-block-column is-layout-flow wp-block-column-is-layout-flow\">\n<p><a href=\"https:\/\/poppot.org\/2017\/06\/14\/mathematical-equation-shows-marijuana-gateway-correlation\/\" class=\"ek-link\">Las matem\u00e1ticas demuestran la correlaci\u00f3n con la marihuana como droga de entrada<\/a> <br\/>2017, 14 de junio<\/p>\n<\/div>\n<\/div>\n\n<hr class=\"wp-block-separator has-alpha-channel-opacity\"\/>\n\n<div class=\"wp-block-columns is-layout-flex wp-container-core-columns-is-layout-9d6595d7 wp-block-columns-is-layout-flex\">\n<div class=\"wp-block-column is-layout-flow wp-block-column-is-layout-flow\">\n<p><a href=\"https:\/\/pubmed.ncbi.nlm.nih.gov\/28592420\/\" class=\"ek-link\"><span style=\"text-decoration: underline;\">Patrones de consumo de cannabis durante la adolescencia y su asociaci\u00f3n con conductas nocivas de consumo de sustancias <\/span><\/a><br\/>2017, 7 de junio<\/p>\n<\/div>\n\n\n\n<div class=\"wp-block-column is-layout-flow wp-block-column-is-layout-flow\">\n<p><a href=\"https:\/\/www.ncbi.nlm.nih.gov\/pmc\/articles\/PMC4291295\/pdf\/nihms-618789.pdf\">Probabilidad y predictores del efecto puerta del cannabis: Un estudio nacional<\/a> <br\/>2015, febrero<\/p>\n<\/div>\n<\/div>\n\n<hr class=\"wp-block-separator has-alpha-channel-opacity\"\/>\n\n<div class=\"wp-block-columns is-layout-flex wp-container-core-columns-is-layout-9d6595d7 wp-block-columns-is-layout-flex\">\n<div class=\"wp-block-column is-layout-flow wp-block-column-is-layout-flow\">\n<p><a href=\"https:\/\/www.ncbi.nlm.nih.gov\/pmc\/articles\/PMC3552239\/pdf\/nihms388189.pdf\" class=\"ek-link\">Consumo previo de alcohol, cigarrillos y marihuana y posterior abuso de opi\u00e1ceos sujetos a prescripci\u00f3n m\u00e9dica en adultos j\u00f3venes<\/a> <br\/>2013, febrero<\/p>\n<\/div>\n\n\n\n<div class=\"wp-block-column is-layout-flow wp-block-column-is-layout-flow\">\n<p><a href=\"https:\/\/pubmed.ncbi.nlm.nih.gov\/22880541\/\" class=\"ek-link\">El cerebro adictivo: todos los caminos conducen a la dopamina<\/a> <br\/>2012, abril<br\/><\/p>\n<\/div>\n<\/div>\n\n<hr class=\"wp-block-separator has-alpha-channel-opacity\"\/>\n\n<div class=\"wp-block-columns is-layout-flex wp-container-core-columns-is-layout-9d6595d7 wp-block-columns-is-layout-flex\">\n<div class=\"wp-block-column is-layout-flow wp-block-column-is-layout-flow\">\n<p><a href=\"https:\/\/jamanetwork.com\/journals\/jama\/fullarticle\/195839\">Escalada del consumo de drogas en consumidores de cannabis de inicio precoz frente a controles co-gemelos<\/a> <br\/>2003, 22 de enero<\/p>\n<\/div>\n\n\n\n<div class=\"wp-block-column is-layout-flow wp-block-column-is-layout-flow\"><\/div>\n<\/div>\n","protected":false},"excerpt":{"rendered":"<p>Frecuencia de consumo de cannabis y vapeo en adolescentes en Estados Unidos: Tendencias, disparidades y consumo simult\u00e1neo de sustancias, 2017-19&#8230;<\/p>\n","protected":false},"author":11,"featured_media":0,"parent":0,"menu_order":0,"comment_status":"closed","ping_status":"closed","template":"","meta":{"_acf_changed":false,"_editorskit_title_hidden":false,"_editorskit_reading_time":0,"_editorskit_is_block_options_detached":false,"_editorskit_block_options_position":"{}","footnotes":""},"class_list":["post-46704","page","type-page","status-publish","hentry"],"acf":[],"yoast_head":"<!-- This site is optimized with the Yoast SEO plugin v26.1.1 - https:\/\/yoast.com\/wordpress\/plugins\/seo\/ -->\n<title>La marihuana como droga de entrada o acompa\u00f1ante - Every Brain Matters<\/title>\n<meta name=\"robots\" content=\"index, follow, max-snippet:-1, max-image-preview:large, max-video-preview:-1\" \/>\n<link rel=\"canonical\" href=\"https:\/\/everybrainmatters.org\/es\/la-marihuana-como-droga-de-entrada-o-acompanante\/\" \/>\n<meta property=\"og:locale\" content=\"es_ES\" \/>\n<meta property=\"og:type\" content=\"article\" \/>\n<meta property=\"og:title\" content=\"La marihuana como droga de entrada o acompa\u00f1ante - Every Brain Matters\" \/>\n<meta property=\"og:description\" content=\"Frecuencia de consumo de cannabis y vapeo en adolescentes en Estados Unidos: Tendencias, disparidades y consumo simult\u00e1neo de sustancias, 2017-19...\" \/>\n<meta property=\"og:url\" content=\"https:\/\/everybrainmatters.org\/es\/la-marihuana-como-droga-de-entrada-o-acompanante\/\" \/>\n<meta property=\"og:site_name\" content=\"Every Brain Matters\" \/>\n<meta property=\"article:modified_time\" content=\"2025-10-21T13:59:13+00:00\" \/>\n<meta property=\"og:image\" content=\"https:\/\/everybrainmatters.org\/wp-content\/uploads\/AllBrains_3.jpg\" \/>\n\t<meta property=\"og:image:width\" content=\"1000\" \/>\n\t<meta property=\"og:image:height\" content=\"1087\" \/>\n\t<meta property=\"og:image:type\" content=\"image\/jpeg\" \/>\n<meta name=\"twitter:card\" content=\"summary_large_image\" \/>\n<meta name=\"twitter:label1\" content=\"Est. reading time\" \/>\n\t<meta name=\"twitter:data1\" content=\"2 minutos\" \/>\n<script type=\"application\/ld+json\" class=\"yoast-schema-graph\">{\"@context\":\"https:\/\/schema.org\",\"@graph\":[{\"@type\":\"WebPage\",\"@id\":\"https:\/\/everybrainmatters.org\/es\/la-marihuana-como-droga-de-entrada-o-acompanante\/\",\"url\":\"https:\/\/everybrainmatters.org\/es\/la-marihuana-como-droga-de-entrada-o-acompanante\/\",\"name\":\"La marihuana como droga de entrada o acompa\u00f1ante - Every Brain Matters\",\"isPartOf\":{\"@id\":\"https:\/\/everybrainmatters.org\/es\/#website\"},\"datePublished\":\"2020-10-07T20:01:52+00:00\",\"dateModified\":\"2025-10-21T13:59:13+00:00\",\"breadcrumb\":{\"@id\":\"https:\/\/everybrainmatters.org\/es\/la-marihuana-como-droga-de-entrada-o-acompanante\/#breadcrumb\"},\"inLanguage\":\"es-ES\",\"potentialAction\":[{\"@type\":\"ReadAction\",\"target\":[\"https:\/\/everybrainmatters.org\/es\/la-marihuana-como-droga-de-entrada-o-acompanante\/\"]}]},{\"@type\":\"BreadcrumbList\",\"@id\":\"https:\/\/everybrainmatters.org\/es\/la-marihuana-como-droga-de-entrada-o-acompanante\/#breadcrumb\",\"itemListElement\":[{\"@type\":\"ListItem\",\"position\":1,\"name\":\"Home\",\"item\":\"https:\/\/everybrainmatters.org\/es\/\"},{\"@type\":\"ListItem\",\"position\":2,\"name\":\"La marihuana como droga de entrada o acompa\u00f1ante\"}]},{\"@type\":\"WebSite\",\"@id\":\"https:\/\/everybrainmatters.org\/es\/#website\",\"url\":\"https:\/\/everybrainmatters.org\/es\/\",\"name\":\"Every Brain Matters\",\"description\":\"\",\"publisher\":{\"@id\":\"https:\/\/everybrainmatters.org\/es\/#organization\"},\"potentialAction\":[{\"@type\":\"SearchAction\",\"target\":{\"@type\":\"EntryPoint\",\"urlTemplate\":\"https:\/\/everybrainmatters.org\/es\/?s={search_term_string}\"},\"query-input\":{\"@type\":\"PropertyValueSpecification\",\"valueRequired\":true,\"valueName\":\"search_term_string\"}}],\"inLanguage\":\"es-ES\"},{\"@type\":\"Organization\",\"@id\":\"https:\/\/everybrainmatters.org\/es\/#organization\",\"name\":\"Every Brain Matters\",\"url\":\"https:\/\/everybrainmatters.org\/es\/\",\"logo\":{\"@type\":\"ImageObject\",\"inLanguage\":\"es-ES\",\"@id\":\"https:\/\/everybrainmatters.org\/es\/#\/schema\/logo\/image\/\",\"url\":\"https:\/\/everybrainmatters.org\/wp-content\/uploads\/AllBrains_3.jpg\",\"contentUrl\":\"https:\/\/everybrainmatters.org\/wp-content\/uploads\/AllBrains_3.jpg\",\"width\":1000,\"height\":1087,\"caption\":\"Every Brain Matters\"},\"image\":{\"@id\":\"https:\/\/everybrainmatters.org\/es\/#\/schema\/logo\/image\/\"}}]}<\/script>\n<!-- \/ Yoast SEO plugin. -->","yoast_head_json":{"title":"La marihuana como droga de entrada o acompa\u00f1ante - Every Brain Matters","robots":{"index":"index","follow":"follow","max-snippet":"max-snippet:-1","max-image-preview":"max-image-preview:large","max-video-preview":"max-video-preview:-1"},"canonical":"https:\/\/everybrainmatters.org\/es\/la-marihuana-como-droga-de-entrada-o-acompanante\/","og_locale":"es_ES","og_type":"article","og_title":"La marihuana como droga de entrada o acompa\u00f1ante - Every Brain Matters","og_description":"Frecuencia de consumo de cannabis y vapeo en adolescentes en Estados Unidos: Tendencias, disparidades y consumo simult\u00e1neo de sustancias, 2017-19...","og_url":"https:\/\/everybrainmatters.org\/es\/la-marihuana-como-droga-de-entrada-o-acompanante\/","og_site_name":"Every Brain Matters","article_modified_time":"2025-10-21T13:59:13+00:00","og_image":[{"width":1000,"height":1087,"url":"https:\/\/everybrainmatters.org\/wp-content\/uploads\/AllBrains_3.jpg","type":"image\/jpeg"}],"twitter_card":"summary_large_image","twitter_misc":{"Est. reading time":"2 minutos"},"schema":{"@context":"https:\/\/schema.org","@graph":[{"@type":"WebPage","@id":"https:\/\/everybrainmatters.org\/es\/la-marihuana-como-droga-de-entrada-o-acompanante\/","url":"https:\/\/everybrainmatters.org\/es\/la-marihuana-como-droga-de-entrada-o-acompanante\/","name":"La marihuana como droga de entrada o acompa\u00f1ante - Every Brain Matters","isPartOf":{"@id":"https:\/\/everybrainmatters.org\/es\/#website"},"datePublished":"2020-10-07T20:01:52+00:00","dateModified":"2025-10-21T13:59:13+00:00","breadcrumb":{"@id":"https:\/\/everybrainmatters.org\/es\/la-marihuana-como-droga-de-entrada-o-acompanante\/#breadcrumb"},"inLanguage":"es-ES","potentialAction":[{"@type":"ReadAction","target":["https:\/\/everybrainmatters.org\/es\/la-marihuana-como-droga-de-entrada-o-acompanante\/"]}]},{"@type":"BreadcrumbList","@id":"https:\/\/everybrainmatters.org\/es\/la-marihuana-como-droga-de-entrada-o-acompanante\/#breadcrumb","itemListElement":[{"@type":"ListItem","position":1,"name":"Home","item":"https:\/\/everybrainmatters.org\/es\/"},{"@type":"ListItem","position":2,"name":"La marihuana como droga de entrada o acompa\u00f1ante"}]},{"@type":"WebSite","@id":"https:\/\/everybrainmatters.org\/es\/#website","url":"https:\/\/everybrainmatters.org\/es\/","name":"Every Brain Matters","description":"","publisher":{"@id":"https:\/\/everybrainmatters.org\/es\/#organization"},"potentialAction":[{"@type":"SearchAction","target":{"@type":"EntryPoint","urlTemplate":"https:\/\/everybrainmatters.org\/es\/?s={search_term_string}"},"query-input":{"@type":"PropertyValueSpecification","valueRequired":true,"valueName":"search_term_string"}}],"inLanguage":"es-ES"},{"@type":"Organization","@id":"https:\/\/everybrainmatters.org\/es\/#organization","name":"Every Brain Matters","url":"https:\/\/everybrainmatters.org\/es\/","logo":{"@type":"ImageObject","inLanguage":"es-ES","@id":"https:\/\/everybrainmatters.org\/es\/#\/schema\/logo\/image\/","url":"https:\/\/everybrainmatters.org\/wp-content\/uploads\/AllBrains_3.jpg","contentUrl":"https:\/\/everybrainmatters.org\/wp-content\/uploads\/AllBrains_3.jpg","width":1000,"height":1087,"caption":"Every Brain Matters"},"image":{"@id":"https:\/\/everybrainmatters.org\/es\/#\/schema\/logo\/image\/"}}]}},"_links":{"self":[{"href":"https:\/\/everybrainmatters.org\/es\/wp-json\/wp\/v2\/pages\/46704","targetHints":{"allow":["GET"]}}],"collection":[{"href":"https:\/\/everybrainmatters.org\/es\/wp-json\/wp\/v2\/pages"}],"about":[{"href":"https:\/\/everybrainmatters.org\/es\/wp-json\/wp\/v2\/types\/page"}],"author":[{"embeddable":true,"href":"https:\/\/everybrainmatters.org\/es\/wp-json\/wp\/v2\/users\/11"}],"replies":[{"embeddable":true,"href":"https:\/\/everybrainmatters.org\/es\/wp-json\/wp\/v2\/comments?post=46704"}],"version-history":[{"count":0,"href":"https:\/\/everybrainmatters.org\/es\/wp-json\/wp\/v2\/pages\/46704\/revisions"}],"wp:attachment":[{"href":"https:\/\/everybrainmatters.org\/es\/wp-json\/wp\/v2\/media?parent=46704"}],"curies":[{"name":"wp","href":"https:\/\/api.w.org\/{rel}","templated":true}]}}