{"id":46709,"date":"2020-10-07T14:59:20","date_gmt":"2020-10-07T19:59:20","guid":{"rendered":"https:\/\/everybrainmatters.org\/sobredosis-o-muertes-por-marihuana\/"},"modified":"2025-10-21T08:59:14","modified_gmt":"2025-10-21T13:59:14","slug":"sobredosis-o-muertes-por-marihuana","status":"publish","type":"page","link":"https:\/\/everybrainmatters.org\/es\/sobredosis-o-muertes-por-marihuana\/","title":{"rendered":"Sobredosis o muertes por marihuana"},"content":{"rendered":"\n<ul class=\"wp-block-list\" style=\"font-size:18px\"><li><a href=\"https:\/\/drugabuse.com\/drugs\/marijuana\/overdose\/\" class=\"ek-link\">Sobredosis de marihuana (hierba, cannabis)<\/a> 2022, 20 de mayo<\/li><li><a href=\"https:\/\/www.childrenscolorado.org\/conditions-and-advice\/conditions-and-symptoms\/conditions\/acute-marijuana-intoxication\/\" class=\"ek-link\">Intoxicaci\u00f3n aguda por marihuana<\/a> 2022, 3 de enero<\/li><li><a href=\"https:\/\/pubmed.ncbi.nlm.nih.gov\/30925348\/\" class=\"ek-link\">El cannabis como causa de muerte: Una revisi\u00f3n<\/a> 2019, 14 de marzo<\/li><\/ul>\n\n<hr class=\"wp-block-separator has-alpha-channel-opacity\"\/>\n\n<div class=\"wp-block-columns is-layout-flex wp-container-core-columns-is-layout-9d6595d7 wp-block-columns-is-layout-flex\">\n<div class=\"wp-block-column is-layout-flow wp-block-column-is-layout-flow\">\n<p style=\"font-size:16px\"><a href=\"https:\/\/drugabuse.com\/drugs\/marijuana\/overdose\/\" class=\"ek-link\">Sobredosis de marihuana (hierba, cannabis)<\/a> <br\/><em>American Addiction Centers<\/em> 2022, 20 de mayo<\/p>\n\n\n\n<p style=\"font-size:16px\">Aunque es poco frecuente, una <strong>sobredosis de marihuana sigue siendo posible<\/strong> en algunos casos. Algunos de ellos pueden tener un impacto mental, estar relacionados con el coraz\u00f3n y provocar palidez en la piel. Los signos y s\u00edntomas de la sobredosis de marihuana podr\u00edan incluir:  <\/p>\n\n\n\n<ul class=\"wp-block-list\" style=\"font-size:16px\"><li>Ansiedad extrema o ataques de p\u00e1nico.<\/li><li>Reacciones psic\u00f3ticas en las que alguien pierde el contacto con la realidad o se vuelve paranoico, a veces en forma de alucinaciones, delirios o p\u00e9rdida de la identidad personal.<\/li><li>Disminuci\u00f3n del juicio, la percepci\u00f3n y la coordinaci\u00f3n que puede provocar lesiones o incluso la muerte.<\/li><li>Frecuencia cardiaca acelerada, dolor tor\u00e1cico o infarto de miocardio.<\/li><li>Temblores incontrolables o convulsiones.<\/li><li>Color de piel p\u00e1lido.<\/li><li>Falta de respuesta.<\/li><li>Hipertensi\u00f3n repentina con dolor de cabeza&#8230;<\/li><\/ul>\n<\/div>\n\n\n\n<div class=\"wp-block-column is-layout-flow wp-block-column-is-layout-flow\">\n<p style=\"font-size:16px\"><a href=\"https:\/\/www.childrenscolorado.org\/conditions-and-advice\/conditions-and-symptoms\/conditions\/acute-marijuana-intoxication\/\" class=\"ek-link\">Intoxicaci\u00f3n aguda por marihuana<\/a> <br\/><em>Hospital Infantil de Colorado<\/em> 2022, 3 de enero<\/p>\n\n\n\n<p style=\"font-size:16px\">Los incidentes de sobredosis m\u00e1s frecuentes en ni\u00f1os ocurren cuando la droga se ha combinado con alimentos en una forma \u00abcomestible\u00bb de marihuana. Esto se debe a que la marihuana ingerida de esta forma puede tener un efecto m\u00e1s fuerte y prolongado, sobre todo en ni\u00f1os menores de 12 a\u00f1os.   <\/p>\n\n\n\n<p style=\"font-size:16px\">En estos casos, los ni\u00f1os confunden la marihuana \u00abcomestible\u00bb (como ositos de goma, brownies, piruletas, etc.) con comida normal y se la comen sin saberlo. Los ni\u00f1os peque\u00f1os corren mayor riesgo por su tama\u00f1o y peso. Como los productos comestibles tienen cantidades muy elevadas de marihuana, los s\u00edntomas son m\u00e1s graves en un ni\u00f1o peque\u00f1o. Muchos ni\u00f1os peque\u00f1os que consumen comestibles de marihuana requieren ingreso hospitalario debido a la gravedad de sus s\u00edntomas&#8230;   <\/p>\n<\/div>\n<\/div>\n\n<hr class=\"wp-block-separator has-alpha-channel-opacity\"\/>\n\n<div class=\"wp-block-columns is-layout-flex wp-container-core-columns-is-layout-9d6595d7 wp-block-columns-is-layout-flex\">\n<div class=\"wp-block-column is-layout-flow wp-block-column-is-layout-flow\">\n<p style=\"font-size:16px\"><a href=\"https:\/\/pubmed.ncbi.nlm.nih.gov\/30925348\/\" class=\"ek-link\">El cannabis como causa de muerte: Una revisi\u00f3n<\/a> <br\/><em>Centro Nacional de Informaci\u00f3n Biotecnol\u00f3gica<\/em> 2019, 14 de marzo<\/p>\n\n\n\n<p style=\"font-size:16px\">Los cannabinoides sint\u00e9ticos han causado un gran n\u00famero de presentaciones de urgencias en hospitales por acontecimientos cardiovasculares adversos, incluidas numerosas muertes, sobre todo en el caso de los an\u00e1logos m\u00e1s potentes que act\u00faan sobre el receptor <sub>CB1<\/sub>. Aunque el consumo de cannabis fumado se asocia a menudo con cambios significativos en la frecuencia cardiaca y el gasto cardiaco, entre otros cambios fisiol\u00f3gicos, rara vez se ha considerado en la literatura forense como un factor contribuyente o causal significativo en la muerte s\u00fabita inesperada. Se llev\u00f3 a cabo una revisi\u00f3n de informes de casos de ingresos hospitalarios por eventos cardiovasculares, junto con una revisi\u00f3n de estudios epidemiol\u00f3gicos y de informes de casos de muerte s\u00fabita atribuida, al menos en parte, al consumo de esta droga. Estas publicaciones muestran que el consumo de cannabis no est\u00e1 exento de riesgos de emergencias m\u00e9dicas graves ocasionales y muerte s\u00fabita, con informes de al menos 35 personas que presentaron emergencias cardiovasculares importantes y que hab\u00edan fumado recientemente un preparado de cannabis. Adem\u00e1s, tambi\u00e9n se han notificado muchos casos de ictus y arteritis vascular, esta \u00faltima a menudo con amputaci\u00f3n de una extremidad. Aunque se trata de una droga de uso extendido entre la comunidad, con relativamente pocas muertes, ante una circunstancia de consumo muy reciente (en pocas horas), una concentraci\u00f3n positiva de THC en sangre y una posible causa de muerte relacionada con el coraz\u00f3n o cerebrovascular, esta droga debe considerarse, al menos, una causa contribuyente de muerte en casos de muerte s\u00fabita o inesperada&#8230;     <\/p>\n<\/div>\n\n\n\n<div class=\"wp-block-column is-layout-flow wp-block-column-is-layout-flow\"><\/div>\n<\/div>\n","protected":false},"excerpt":{"rendered":"<p>Sobredosis de marihuana (hierba, cannabis) 2022, 20 de mayo Intoxicaci\u00f3n aguda por marihuana 2022, 3 de enero El cannabis como&#8230;<\/p>\n","protected":false},"author":11,"featured_media":0,"parent":0,"menu_order":0,"comment_status":"closed","ping_status":"closed","template":"page-wide.php","meta":{"_acf_changed":false,"_editorskit_title_hidden":false,"_editorskit_reading_time":0,"_editorskit_is_block_options_detached":false,"_editorskit_block_options_position":"{}","footnotes":""},"class_list":["post-46709","page","type-page","status-publish","hentry"],"acf":[],"yoast_head":"<!-- This site is optimized with the Yoast SEO plugin v26.1.1 - https:\/\/yoast.com\/wordpress\/plugins\/seo\/ -->\n<title>Sobredosis o muertes por marihuana - Every Brain Matters<\/title>\n<meta name=\"robots\" content=\"index, follow, max-snippet:-1, max-image-preview:large, max-video-preview:-1\" \/>\n<link rel=\"canonical\" href=\"https:\/\/everybrainmatters.org\/es\/sobredosis-o-muertes-por-marihuana\/\" \/>\n<meta property=\"og:locale\" content=\"es_ES\" \/>\n<meta property=\"og:type\" content=\"article\" \/>\n<meta property=\"og:title\" content=\"Sobredosis o muertes por marihuana - Every Brain Matters\" \/>\n<meta property=\"og:description\" content=\"Sobredosis de marihuana (hierba, cannabis) 2022, 20 de mayo Intoxicaci\u00f3n aguda por marihuana 2022, 3 de enero El cannabis como...\" \/>\n<meta property=\"og:url\" content=\"https:\/\/everybrainmatters.org\/es\/sobredosis-o-muertes-por-marihuana\/\" \/>\n<meta property=\"og:site_name\" content=\"Every Brain Matters\" \/>\n<meta property=\"article:modified_time\" content=\"2025-10-21T13:59:14+00:00\" \/>\n<meta property=\"og:image\" content=\"https:\/\/everybrainmatters.org\/wp-content\/uploads\/AllBrains_3.jpg\" \/>\n\t<meta property=\"og:image:width\" content=\"1000\" \/>\n\t<meta property=\"og:image:height\" content=\"1087\" \/>\n\t<meta property=\"og:image:type\" content=\"image\/jpeg\" \/>\n<meta name=\"twitter:card\" content=\"summary_large_image\" \/>\n<meta name=\"twitter:label1\" content=\"Est. reading time\" \/>\n\t<meta name=\"twitter:data1\" content=\"3 minutos\" \/>\n<script type=\"application\/ld+json\" class=\"yoast-schema-graph\">{\"@context\":\"https:\/\/schema.org\",\"@graph\":[{\"@type\":\"WebPage\",\"@id\":\"https:\/\/everybrainmatters.org\/es\/sobredosis-o-muertes-por-marihuana\/\",\"url\":\"https:\/\/everybrainmatters.org\/es\/sobredosis-o-muertes-por-marihuana\/\",\"name\":\"Sobredosis o muertes por marihuana - Every Brain Matters\",\"isPartOf\":{\"@id\":\"https:\/\/everybrainmatters.org\/es\/#website\"},\"datePublished\":\"2020-10-07T19:59:20+00:00\",\"dateModified\":\"2025-10-21T13:59:14+00:00\",\"breadcrumb\":{\"@id\":\"https:\/\/everybrainmatters.org\/es\/sobredosis-o-muertes-por-marihuana\/#breadcrumb\"},\"inLanguage\":\"es-ES\",\"potentialAction\":[{\"@type\":\"ReadAction\",\"target\":[\"https:\/\/everybrainmatters.org\/es\/sobredosis-o-muertes-por-marihuana\/\"]}]},{\"@type\":\"BreadcrumbList\",\"@id\":\"https:\/\/everybrainmatters.org\/es\/sobredosis-o-muertes-por-marihuana\/#breadcrumb\",\"itemListElement\":[{\"@type\":\"ListItem\",\"position\":1,\"name\":\"Home\",\"item\":\"https:\/\/everybrainmatters.org\/es\/\"},{\"@type\":\"ListItem\",\"position\":2,\"name\":\"Sobredosis o muertes por marihuana\"}]},{\"@type\":\"WebSite\",\"@id\":\"https:\/\/everybrainmatters.org\/es\/#website\",\"url\":\"https:\/\/everybrainmatters.org\/es\/\",\"name\":\"Every Brain Matters\",\"description\":\"\",\"publisher\":{\"@id\":\"https:\/\/everybrainmatters.org\/es\/#organization\"},\"potentialAction\":[{\"@type\":\"SearchAction\",\"target\":{\"@type\":\"EntryPoint\",\"urlTemplate\":\"https:\/\/everybrainmatters.org\/es\/?s={search_term_string}\"},\"query-input\":{\"@type\":\"PropertyValueSpecification\",\"valueRequired\":true,\"valueName\":\"search_term_string\"}}],\"inLanguage\":\"es-ES\"},{\"@type\":\"Organization\",\"@id\":\"https:\/\/everybrainmatters.org\/es\/#organization\",\"name\":\"Every Brain Matters\",\"url\":\"https:\/\/everybrainmatters.org\/es\/\",\"logo\":{\"@type\":\"ImageObject\",\"inLanguage\":\"es-ES\",\"@id\":\"https:\/\/everybrainmatters.org\/es\/#\/schema\/logo\/image\/\",\"url\":\"https:\/\/everybrainmatters.org\/wp-content\/uploads\/AllBrains_3.jpg\",\"contentUrl\":\"https:\/\/everybrainmatters.org\/wp-content\/uploads\/AllBrains_3.jpg\",\"width\":1000,\"height\":1087,\"caption\":\"Every Brain Matters\"},\"image\":{\"@id\":\"https:\/\/everybrainmatters.org\/es\/#\/schema\/logo\/image\/\"}}]}<\/script>\n<!-- \/ Yoast SEO plugin. -->","yoast_head_json":{"title":"Sobredosis o muertes por marihuana - Every Brain Matters","robots":{"index":"index","follow":"follow","max-snippet":"max-snippet:-1","max-image-preview":"max-image-preview:large","max-video-preview":"max-video-preview:-1"},"canonical":"https:\/\/everybrainmatters.org\/es\/sobredosis-o-muertes-por-marihuana\/","og_locale":"es_ES","og_type":"article","og_title":"Sobredosis o muertes por marihuana - Every Brain Matters","og_description":"Sobredosis de marihuana (hierba, cannabis) 2022, 20 de mayo Intoxicaci\u00f3n aguda por marihuana 2022, 3 de enero El cannabis como...","og_url":"https:\/\/everybrainmatters.org\/es\/sobredosis-o-muertes-por-marihuana\/","og_site_name":"Every Brain Matters","article_modified_time":"2025-10-21T13:59:14+00:00","og_image":[{"width":1000,"height":1087,"url":"https:\/\/everybrainmatters.org\/wp-content\/uploads\/AllBrains_3.jpg","type":"image\/jpeg"}],"twitter_card":"summary_large_image","twitter_misc":{"Est. reading time":"3 minutos"},"schema":{"@context":"https:\/\/schema.org","@graph":[{"@type":"WebPage","@id":"https:\/\/everybrainmatters.org\/es\/sobredosis-o-muertes-por-marihuana\/","url":"https:\/\/everybrainmatters.org\/es\/sobredosis-o-muertes-por-marihuana\/","name":"Sobredosis o muertes por marihuana - Every Brain Matters","isPartOf":{"@id":"https:\/\/everybrainmatters.org\/es\/#website"},"datePublished":"2020-10-07T19:59:20+00:00","dateModified":"2025-10-21T13:59:14+00:00","breadcrumb":{"@id":"https:\/\/everybrainmatters.org\/es\/sobredosis-o-muertes-por-marihuana\/#breadcrumb"},"inLanguage":"es-ES","potentialAction":[{"@type":"ReadAction","target":["https:\/\/everybrainmatters.org\/es\/sobredosis-o-muertes-por-marihuana\/"]}]},{"@type":"BreadcrumbList","@id":"https:\/\/everybrainmatters.org\/es\/sobredosis-o-muertes-por-marihuana\/#breadcrumb","itemListElement":[{"@type":"ListItem","position":1,"name":"Home","item":"https:\/\/everybrainmatters.org\/es\/"},{"@type":"ListItem","position":2,"name":"Sobredosis o muertes por marihuana"}]},{"@type":"WebSite","@id":"https:\/\/everybrainmatters.org\/es\/#website","url":"https:\/\/everybrainmatters.org\/es\/","name":"Every Brain Matters","description":"","publisher":{"@id":"https:\/\/everybrainmatters.org\/es\/#organization"},"potentialAction":[{"@type":"SearchAction","target":{"@type":"EntryPoint","urlTemplate":"https:\/\/everybrainmatters.org\/es\/?s={search_term_string}"},"query-input":{"@type":"PropertyValueSpecification","valueRequired":true,"valueName":"search_term_string"}}],"inLanguage":"es-ES"},{"@type":"Organization","@id":"https:\/\/everybrainmatters.org\/es\/#organization","name":"Every Brain Matters","url":"https:\/\/everybrainmatters.org\/es\/","logo":{"@type":"ImageObject","inLanguage":"es-ES","@id":"https:\/\/everybrainmatters.org\/es\/#\/schema\/logo\/image\/","url":"https:\/\/everybrainmatters.org\/wp-content\/uploads\/AllBrains_3.jpg","contentUrl":"https:\/\/everybrainmatters.org\/wp-content\/uploads\/AllBrains_3.jpg","width":1000,"height":1087,"caption":"Every Brain Matters"},"image":{"@id":"https:\/\/everybrainmatters.org\/es\/#\/schema\/logo\/image\/"}}]}},"_links":{"self":[{"href":"https:\/\/everybrainmatters.org\/es\/wp-json\/wp\/v2\/pages\/46709","targetHints":{"allow":["GET"]}}],"collection":[{"href":"https:\/\/everybrainmatters.org\/es\/wp-json\/wp\/v2\/pages"}],"about":[{"href":"https:\/\/everybrainmatters.org\/es\/wp-json\/wp\/v2\/types\/page"}],"author":[{"embeddable":true,"href":"https:\/\/everybrainmatters.org\/es\/wp-json\/wp\/v2\/users\/11"}],"replies":[{"embeddable":true,"href":"https:\/\/everybrainmatters.org\/es\/wp-json\/wp\/v2\/comments?post=46709"}],"version-history":[{"count":0,"href":"https:\/\/everybrainmatters.org\/es\/wp-json\/wp\/v2\/pages\/46709\/revisions"}],"wp:attachment":[{"href":"https:\/\/everybrainmatters.org\/es\/wp-json\/wp\/v2\/media?parent=46709"}],"curies":[{"name":"wp","href":"https:\/\/api.w.org\/{rel}","templated":true}]}}