{"id":46717,"date":"2020-10-07T14:32:59","date_gmt":"2020-10-07T19:32:59","guid":{"rendered":"https:\/\/everybrainmatters.org\/crees-que-lo-sabes\/"},"modified":"2025-10-21T08:59:33","modified_gmt":"2025-10-21T13:59:33","slug":"crees-que-lo-sabes","status":"publish","type":"page","link":"https:\/\/everybrainmatters.org\/es\/crees-que-lo-sabes\/","title":{"rendered":"\u00bfCrees que lo sabes?"},"content":{"rendered":"\n<div class=\"wp-block-image is-style-default\"><figure class=\"aligncenter size-large is-resized\"><a href=\"https:\/\/everybrainmatters.org\/wp-content\/uploads\/graphic-1.png\"><img loading=\"lazy\" decoding=\"async\" src=\"https:\/\/everybrainmatters.org\/wp-content\/uploads\/graphic-1-1024x536.png\" alt=\"\" class=\"wp-image-22401\" width=\"502\" height=\"262\" srcset=\"https:\/\/everybrainmatters.org\/wp-content\/uploads\/graphic-1-1024x536.png 1024w, https:\/\/everybrainmatters.org\/wp-content\/uploads\/graphic-1-300x157.png 300w, https:\/\/everybrainmatters.org\/wp-content\/uploads\/graphic-1-768x402.png 768w, https:\/\/everybrainmatters.org\/wp-content\/uploads\/graphic-1-600x314.png 600w, https:\/\/everybrainmatters.org\/wp-content\/uploads\/graphic-1.png 1200w\" sizes=\"auto, (max-width: 502px) 100vw, 502px\" \/><\/a><\/figure><\/div>\n\n<p><strong><a href=\"https:\/\/everybrainmatters.org\/category\/think-ya-know\/\">Nuestra serie <em>\u00ab\u00bfCrees que lo sabes?\u00bb<\/em> desmiente los conceptos err\u00f3neos m\u00e1s comunes sobre el cannabis y los productos relacionados con el cannabis<\/a><\/strong><\/p>\n\n<p>  Planteamos las preguntas desafiantes y respondemos con hechos y testimonios que invitan a la reflexi\u00f3n, y te damos puntos de acci\u00f3n para marcar la diferencia y aumentar la concienciaci\u00f3n y la educaci\u00f3n sobre las repercusiones de la marihuana.  <\/p>\n\n<p><strong><em>Haz clic en las preguntas siguientes para saber m\u00e1s.<\/em><\/strong><\/p>\n\n<div class=\"wp-block-columns is-layout-flex wp-container-core-columns-is-layout-9d6595d7 wp-block-columns-is-layout-flex\">\n<div class=\"wp-block-column is-layout-flow wp-block-column-is-layout-flow\">\n<figure class=\"wp-block-image size-large\"><a href=\"https:\/\/everybrainmatters.org\/2021\/08\/06\/is-marijuana-making-you-sick\/\" target=\"_blank\" rel=\"noopener\"><img loading=\"lazy\" decoding=\"async\" width=\"1024\" height=\"536\" src=\"https:\/\/everybrainmatters.org\/wp-content\/uploads\/CHS-TYK-1024x536.jpg\" alt=\"\" class=\"wp-image-20665\" srcset=\"https:\/\/everybrainmatters.org\/wp-content\/uploads\/CHS-TYK-1024x536.jpg 1024w, https:\/\/everybrainmatters.org\/wp-content\/uploads\/CHS-TYK-300x157.jpg 300w, https:\/\/everybrainmatters.org\/wp-content\/uploads\/CHS-TYK-768x402.jpg 768w, https:\/\/everybrainmatters.org\/wp-content\/uploads\/CHS-TYK-600x314.jpg 600w, https:\/\/everybrainmatters.org\/wp-content\/uploads\/CHS-TYK.jpg 1200w\" sizes=\"auto, (max-width: 1024px) 100vw, 1024px\" \/><\/a><\/figure>\n<\/div>\n\n\n\n<div class=\"wp-block-column is-layout-flow wp-block-column-is-layout-flow\">\n<figure class=\"wp-block-image size-large is-style-default\"><a href=\"https:\/\/everybrainmatters.org\/2021\/11\/01\/think-ya-know-does-marijuana-cause-mental-illness\/\" target=\"_blank\" rel=\"noopener\"><img loading=\"lazy\" decoding=\"async\" width=\"1024\" height=\"536\" src=\"https:\/\/everybrainmatters.org\/wp-content\/uploads\/Think-Ya-Know-Mental-Illness-Copy-1-1024x536.jpg\" alt=\"\" class=\"wp-image-22449\" srcset=\"https:\/\/everybrainmatters.org\/wp-content\/uploads\/Think-Ya-Know-Mental-Illness-Copy-1-1024x536.jpg 1024w, https:\/\/everybrainmatters.org\/wp-content\/uploads\/Think-Ya-Know-Mental-Illness-Copy-1-300x157.jpg 300w, https:\/\/everybrainmatters.org\/wp-content\/uploads\/Think-Ya-Know-Mental-Illness-Copy-1-768x402.jpg 768w, https:\/\/everybrainmatters.org\/wp-content\/uploads\/Think-Ya-Know-Mental-Illness-Copy-1-600x314.jpg 600w, https:\/\/everybrainmatters.org\/wp-content\/uploads\/Think-Ya-Know-Mental-Illness-Copy-1.jpg 1200w\" sizes=\"auto, (max-width: 1024px) 100vw, 1024px\" \/><\/a><\/figure>\n<\/div>\n<\/div>\n\n<div class=\"wp-block-columns is-layout-flex wp-container-core-columns-is-layout-9d6595d7 wp-block-columns-is-layout-flex\">\n<div class=\"wp-block-column is-layout-flow wp-block-column-is-layout-flow\">\n<figure class=\"wp-block-image size-large\"><a href=\"https:\/\/everybrainmatters.org\/2021\/06\/29\/is-marijuana-good-for-social-justice\/\" target=\"_blank\" rel=\"noopener noreferrer\"><img loading=\"lazy\" decoding=\"async\" width=\"1024\" height=\"536\" src=\"https:\/\/everybrainmatters.org\/wp-content\/uploads\/Think-Ya-Know-Social-Justice-Scales-and-Hands-brown-beige-Copy-1-1024x536.png\" alt=\"\" class=\"wp-image-17224\" srcset=\"https:\/\/everybrainmatters.org\/wp-content\/uploads\/Think-Ya-Know-Social-Justice-Scales-and-Hands-brown-beige-Copy-1-1024x536.png 1024w, https:\/\/everybrainmatters.org\/wp-content\/uploads\/Think-Ya-Know-Social-Justice-Scales-and-Hands-brown-beige-Copy-1-600x314.png 600w, https:\/\/everybrainmatters.org\/wp-content\/uploads\/Think-Ya-Know-Social-Justice-Scales-and-Hands-brown-beige-Copy-1-300x157.png 300w, https:\/\/everybrainmatters.org\/wp-content\/uploads\/Think-Ya-Know-Social-Justice-Scales-and-Hands-brown-beige-Copy-1-768x402.png 768w, https:\/\/everybrainmatters.org\/wp-content\/uploads\/Think-Ya-Know-Social-Justice-Scales-and-Hands-brown-beige-Copy-1.png 1200w\" sizes=\"auto, (max-width: 1024px) 100vw, 1024px\" \/><\/a><\/figure>\n\n\n\n<figure class=\"wp-block-image size-large\"><a href=\"https:\/\/everybrainmatters.org\/2021\/06\/29\/think-ya-know-is-marijuana-safer-than-alcohol-2\/\" target=\"_blank\" rel=\"noopener noreferrer\"><img loading=\"lazy\" decoding=\"async\" width=\"1024\" height=\"536\" src=\"https:\/\/everybrainmatters.org\/wp-content\/uploads\/Think-Ya-Know_-If-Marijuana-is-Safer-Than-Alcohol-blue-bottle-Copy-1024x536.jpg\" alt=\"\" class=\"wp-image-17220\" srcset=\"https:\/\/everybrainmatters.org\/wp-content\/uploads\/Think-Ya-Know_-If-Marijuana-is-Safer-Than-Alcohol-blue-bottle-Copy-1024x536.jpg 1024w, https:\/\/everybrainmatters.org\/wp-content\/uploads\/Think-Ya-Know_-If-Marijuana-is-Safer-Than-Alcohol-blue-bottle-Copy-600x314.jpg 600w, https:\/\/everybrainmatters.org\/wp-content\/uploads\/Think-Ya-Know_-If-Marijuana-is-Safer-Than-Alcohol-blue-bottle-Copy-300x157.jpg 300w, https:\/\/everybrainmatters.org\/wp-content\/uploads\/Think-Ya-Know_-If-Marijuana-is-Safer-Than-Alcohol-blue-bottle-Copy-768x402.jpg 768w, https:\/\/everybrainmatters.org\/wp-content\/uploads\/Think-Ya-Know_-If-Marijuana-is-Safer-Than-Alcohol-blue-bottle-Copy.jpg 1200w\" sizes=\"auto, (max-width: 1024px) 100vw, 1024px\" \/><\/a><\/figure>\n\n\n\n<figure class=\"wp-block-image size-large\"><a href=\"https:\/\/everybrainmatters.org\/2021\/06\/29\/think-ya-know-is-marijuana-a-risk-factor-for-violence-2\/\" target=\"_blank\" rel=\"noopener noreferrer\"><img loading=\"lazy\" decoding=\"async\" width=\"1024\" height=\"536\" src=\"https:\/\/everybrainmatters.org\/wp-content\/uploads\/Think-Ya-Know-Violence-White-Dk-Gray-Copy-1-1024x536.png\" alt=\"\" class=\"wp-image-17229\" srcset=\"https:\/\/everybrainmatters.org\/wp-content\/uploads\/Think-Ya-Know-Violence-White-Dk-Gray-Copy-1-1024x536.png 1024w, https:\/\/everybrainmatters.org\/wp-content\/uploads\/Think-Ya-Know-Violence-White-Dk-Gray-Copy-1-600x314.png 600w, https:\/\/everybrainmatters.org\/wp-content\/uploads\/Think-Ya-Know-Violence-White-Dk-Gray-Copy-1-300x157.png 300w, https:\/\/everybrainmatters.org\/wp-content\/uploads\/Think-Ya-Know-Violence-White-Dk-Gray-Copy-1-768x402.png 768w, https:\/\/everybrainmatters.org\/wp-content\/uploads\/Think-Ya-Know-Violence-White-Dk-Gray-Copy-1.png 1200w\" sizes=\"auto, (max-width: 1024px) 100vw, 1024px\" \/><\/a><\/figure>\n\n\n\n<figure class=\"wp-block-image size-large\"><a href=\"https:\/\/everybrainmatters.org\/2021\/06\/29\/think-ya-know-if-your-child-is-using-marijuana-2\/\" target=\"_blank\" rel=\"noopener noreferrer\"><img loading=\"lazy\" decoding=\"async\" width=\"1024\" height=\"536\" src=\"https:\/\/everybrainmatters.org\/wp-content\/uploads\/Think-Ya-Know_-If-Teen-is-Using-letterart-no-click-Copy-1024x536.png\" alt=\"\" class=\"wp-image-17490\" srcset=\"https:\/\/everybrainmatters.org\/wp-content\/uploads\/Think-Ya-Know_-If-Teen-is-Using-letterart-no-click-Copy-1024x536.png 1024w, https:\/\/everybrainmatters.org\/wp-content\/uploads\/Think-Ya-Know_-If-Teen-is-Using-letterart-no-click-Copy-600x314.png 600w, https:\/\/everybrainmatters.org\/wp-content\/uploads\/Think-Ya-Know_-If-Teen-is-Using-letterart-no-click-Copy-300x157.png 300w, https:\/\/everybrainmatters.org\/wp-content\/uploads\/Think-Ya-Know_-If-Teen-is-Using-letterart-no-click-Copy-768x402.png 768w, https:\/\/everybrainmatters.org\/wp-content\/uploads\/Think-Ya-Know_-If-Teen-is-Using-letterart-no-click-Copy.png 1200w\" sizes=\"auto, (max-width: 1024px) 100vw, 1024px\" \/><\/a><\/figure>\n<\/div>\n\n\n\n<div class=\"wp-block-column is-layout-flow wp-block-column-is-layout-flow\">\n<figure class=\"wp-block-image size-large\"><a href=\"https:\/\/everybrainmatters.org\/2021\/06\/29\/think-ya-know-is-marijuana-addictive-2\/\" target=\"_blank\" rel=\"noopener noreferrer\"><img loading=\"lazy\" decoding=\"async\" width=\"1024\" height=\"536\" src=\"https:\/\/everybrainmatters.org\/wp-content\/uploads\/Think-Ya-Know-Addict-2-1024x536.png\" alt=\"\" class=\"wp-image-17225\" srcset=\"https:\/\/everybrainmatters.org\/wp-content\/uploads\/Think-Ya-Know-Addict-2-1024x536.png 1024w, https:\/\/everybrainmatters.org\/wp-content\/uploads\/Think-Ya-Know-Addict-2-600x314.png 600w, https:\/\/everybrainmatters.org\/wp-content\/uploads\/Think-Ya-Know-Addict-2-300x157.png 300w, https:\/\/everybrainmatters.org\/wp-content\/uploads\/Think-Ya-Know-Addict-2-768x402.png 768w, https:\/\/everybrainmatters.org\/wp-content\/uploads\/Think-Ya-Know-Addict-2.png 1200w\" sizes=\"auto, (max-width: 1024px) 100vw, 1024px\" \/><\/a><\/figure>\n\n\n\n<figure class=\"wp-block-image size-large\"><a href=\"https:\/\/everybrainmatters.org\/2021\/06\/29\/is-marijuana-a-gateway-drug\/\" target=\"_blank\" rel=\"noopener noreferrer\"><img loading=\"lazy\" decoding=\"async\" width=\"1024\" height=\"536\" src=\"https:\/\/everybrainmatters.org\/wp-content\/uploads\/Think-Ya-Know-Gateway-Light-letters-Copy-1-1024x536.jpg\" alt=\"\" class=\"wp-image-17227\" srcset=\"https:\/\/everybrainmatters.org\/wp-content\/uploads\/Think-Ya-Know-Gateway-Light-letters-Copy-1-1024x536.jpg 1024w, https:\/\/everybrainmatters.org\/wp-content\/uploads\/Think-Ya-Know-Gateway-Light-letters-Copy-1-600x314.jpg 600w, https:\/\/everybrainmatters.org\/wp-content\/uploads\/Think-Ya-Know-Gateway-Light-letters-Copy-1-300x157.jpg 300w, https:\/\/everybrainmatters.org\/wp-content\/uploads\/Think-Ya-Know-Gateway-Light-letters-Copy-1-768x402.jpg 768w, https:\/\/everybrainmatters.org\/wp-content\/uploads\/Think-Ya-Know-Gateway-Light-letters-Copy-1.jpg 1200w\" sizes=\"auto, (max-width: 1024px) 100vw, 1024px\" \/><\/a><\/figure>\n\n\n\n<figure class=\"wp-block-image size-large\"><a href=\"https:\/\/everybrainmatters.org\/2021\/06\/29\/is-marijuana-a-true-medicine\/\" target=\"_blank\" rel=\"noopener noreferrer\"><img loading=\"lazy\" decoding=\"async\" width=\"1024\" height=\"536\" src=\"https:\/\/everybrainmatters.org\/wp-content\/uploads\/Think-Ya-Know-Marijuana-is-True-Medicine-bright-green-Copy-1024x536.jpg\" alt=\"\" class=\"wp-image-17230\" srcset=\"https:\/\/everybrainmatters.org\/wp-content\/uploads\/Think-Ya-Know-Marijuana-is-True-Medicine-bright-green-Copy-1024x536.jpg 1024w, https:\/\/everybrainmatters.org\/wp-content\/uploads\/Think-Ya-Know-Marijuana-is-True-Medicine-bright-green-Copy-600x314.jpg 600w, https:\/\/everybrainmatters.org\/wp-content\/uploads\/Think-Ya-Know-Marijuana-is-True-Medicine-bright-green-Copy-300x157.jpg 300w, https:\/\/everybrainmatters.org\/wp-content\/uploads\/Think-Ya-Know-Marijuana-is-True-Medicine-bright-green-Copy-768x402.jpg 768w, https:\/\/everybrainmatters.org\/wp-content\/uploads\/Think-Ya-Know-Marijuana-is-True-Medicine-bright-green-Copy.jpg 1200w\" sizes=\"auto, (max-width: 1024px) 100vw, 1024px\" \/><\/a><\/figure>\n\n\n\n<figure class=\"wp-block-image size-large\"><a href=\"https:\/\/everybrainmatters.org\/2021\/06\/29\/marijuana-is-worse-than-alcohol\/\" target=\"_blank\" rel=\"noopener noreferrer\"><img loading=\"lazy\" decoding=\"async\" width=\"1024\" height=\"536\" src=\"https:\/\/everybrainmatters.org\/wp-content\/uploads\/2020\/04\/Think-Ya-Know-Marijuana-is-Worse-Than-Alcohol-Copy-1024x536.png\" alt=\"la marihuana es peor que el alcohol\" class=\"wp-image-16422\" srcset=\"https:\/\/everybrainmatters.org\/wp-content\/uploads\/2020\/04\/Think-Ya-Know-Marijuana-is-Worse-Than-Alcohol-Copy-1024x536.png 1024w, https:\/\/everybrainmatters.org\/wp-content\/uploads\/2020\/04\/Think-Ya-Know-Marijuana-is-Worse-Than-Alcohol-Copy-600x314.png 600w, https:\/\/everybrainmatters.org\/wp-content\/uploads\/2020\/04\/Think-Ya-Know-Marijuana-is-Worse-Than-Alcohol-Copy-300x157.png 300w, https:\/\/everybrainmatters.org\/wp-content\/uploads\/2020\/04\/Think-Ya-Know-Marijuana-is-Worse-Than-Alcohol-Copy-768x402.png 768w, https:\/\/everybrainmatters.org\/wp-content\/uploads\/2020\/04\/Think-Ya-Know-Marijuana-is-Worse-Than-Alcohol-Copy.png 1200w\" sizes=\"auto, (max-width: 1024px) 100vw, 1024px\" \/><\/a><\/figure>\n<\/div>\n<\/div>\n\n<div class=\"wp-block-columns is-layout-flex wp-container-core-columns-is-layout-9d6595d7 wp-block-columns-is-layout-flex\">\n<div class=\"wp-block-column is-layout-flow wp-block-column-is-layout-flow\">\n<figure class=\"wp-block-image size-large is-resized\"><a href=\"https:\/\/everybrainmatters.org\/2021\/06\/29\/is-marijuana-a-risk-factor-for-domestic-violence\/\" target=\"_blank\" rel=\"noopener noreferrer\"><img loading=\"lazy\" decoding=\"async\" src=\"https:\/\/everybrainmatters.org\/wp-content\/uploads\/Think-Ya-Know-Marijuana-risk-factor-Domestic-Violence-grey-1024x536.jpg\" alt=\"\" class=\"wp-image-17833\" width=\"1024\" height=\"536\" srcset=\"https:\/\/everybrainmatters.org\/wp-content\/uploads\/Think-Ya-Know-Marijuana-risk-factor-Domestic-Violence-grey-1024x536.jpg 1024w, https:\/\/everybrainmatters.org\/wp-content\/uploads\/Think-Ya-Know-Marijuana-risk-factor-Domestic-Violence-grey-600x314.jpg 600w, https:\/\/everybrainmatters.org\/wp-content\/uploads\/Think-Ya-Know-Marijuana-risk-factor-Domestic-Violence-grey-300x157.jpg 300w, https:\/\/everybrainmatters.org\/wp-content\/uploads\/Think-Ya-Know-Marijuana-risk-factor-Domestic-Violence-grey-768x402.jpg 768w, https:\/\/everybrainmatters.org\/wp-content\/uploads\/Think-Ya-Know-Marijuana-risk-factor-Domestic-Violence-grey.jpg 1200w\" sizes=\"auto, (max-width: 1024px) 100vw, 1024px\" \/><\/a><\/figure>\n<\/div>\n\n\n\n<div class=\"wp-block-column is-layout-flow wp-block-column-is-layout-flow\">\n<figure class=\"wp-block-image size-large\"><a href=\"https:\/\/everybrainmatters.org\/2021\/06\/29\/think-ya-know-is-it-safe-to-drive-on-marijuana\/\" target=\"_blank\" rel=\"noopener noreferrer\"><img loading=\"lazy\" decoding=\"async\" width=\"1024\" height=\"536\" src=\"https:\/\/everybrainmatters.org\/wp-content\/uploads\/Think-Ya-Know-Can-you-drive-safely-on-Marijuana-Copy-1024x536.jpg\" alt=\"\" class=\"wp-image-18689\" srcset=\"https:\/\/everybrainmatters.org\/wp-content\/uploads\/Think-Ya-Know-Can-you-drive-safely-on-Marijuana-Copy-1024x536.jpg 1024w, https:\/\/everybrainmatters.org\/wp-content\/uploads\/Think-Ya-Know-Can-you-drive-safely-on-Marijuana-Copy-300x157.jpg 300w, https:\/\/everybrainmatters.org\/wp-content\/uploads\/Think-Ya-Know-Can-you-drive-safely-on-Marijuana-Copy-768x402.jpg 768w, https:\/\/everybrainmatters.org\/wp-content\/uploads\/Think-Ya-Know-Can-you-drive-safely-on-Marijuana-Copy-600x314.jpg 600w, https:\/\/everybrainmatters.org\/wp-content\/uploads\/Think-Ya-Know-Can-you-drive-safely-on-Marijuana-Copy.jpg 1200w\" sizes=\"auto, (max-width: 1024px) 100vw, 1024px\" \/><\/a><\/figure>\n<\/div>\n<\/div>\n\n<figure class=\"wp-block-image size-large\"><a href=\"https:\/\/everybrainmatters.org\/2021\/06\/29\/is-marijuana-eco-friendly\/\"><img loading=\"lazy\" decoding=\"async\" width=\"1024\" height=\"536\" src=\"https:\/\/everybrainmatters.org\/wp-content\/uploads\/Think-Ya-Know-Is-Marijuana-Eco-Friendly-photo-Copy-1024x536.png\" alt=\"\" class=\"wp-image-19148\" srcset=\"https:\/\/everybrainmatters.org\/wp-content\/uploads\/Think-Ya-Know-Is-Marijuana-Eco-Friendly-photo-Copy-1024x536.png 1024w, https:\/\/everybrainmatters.org\/wp-content\/uploads\/Think-Ya-Know-Is-Marijuana-Eco-Friendly-photo-Copy-300x157.png 300w, https:\/\/everybrainmatters.org\/wp-content\/uploads\/Think-Ya-Know-Is-Marijuana-Eco-Friendly-photo-Copy-768x402.png 768w, https:\/\/everybrainmatters.org\/wp-content\/uploads\/Think-Ya-Know-Is-Marijuana-Eco-Friendly-photo-Copy-600x314.png 600w, https:\/\/everybrainmatters.org\/wp-content\/uploads\/Think-Ya-Know-Is-Marijuana-Eco-Friendly-photo-Copy.png 1200w\" sizes=\"auto, (max-width: 1024px) 100vw, 1024px\" \/><\/a><\/figure>\n","protected":false},"excerpt":{"rendered":"<p>Nuestra serie \u00ab\u00bfCrees que lo sabes?\u00bb desmiente los conceptos err\u00f3neos m\u00e1s comunes sobre el cannabis y los productos relacionados con&#8230;<\/p>\n","protected":false},"author":11,"featured_media":0,"parent":0,"menu_order":0,"comment_status":"closed","ping_status":"closed","template":"","meta":{"_acf_changed":false,"_editorskit_title_hidden":false,"_editorskit_reading_time":0,"_editorskit_is_block_options_detached":false,"_editorskit_block_options_position":"{}","footnotes":""},"class_list":["post-46717","page","type-page","status-publish","hentry"],"acf":[],"yoast_head":"<!-- This site is optimized with the Yoast SEO plugin v26.1.1 - https:\/\/yoast.com\/wordpress\/plugins\/seo\/ -->\n<title>\u00bfCrees que lo sabes? - Every Brain Matters<\/title>\n<meta name=\"robots\" content=\"index, follow, max-snippet:-1, max-image-preview:large, max-video-preview:-1\" \/>\n<link rel=\"canonical\" href=\"https:\/\/everybrainmatters.org\/es\/crees-que-lo-sabes\/\" \/>\n<meta property=\"og:locale\" content=\"es_ES\" \/>\n<meta property=\"og:type\" content=\"article\" \/>\n<meta property=\"og:title\" content=\"\u00bfCrees que lo sabes? - Every Brain Matters\" \/>\n<meta property=\"og:description\" content=\"Nuestra serie \u00ab\u00bfCrees que lo sabes?\u00bb desmiente los conceptos err\u00f3neos m\u00e1s comunes sobre el cannabis y los productos relacionados con...\" \/>\n<meta property=\"og:url\" content=\"https:\/\/everybrainmatters.org\/es\/crees-que-lo-sabes\/\" \/>\n<meta property=\"og:site_name\" content=\"Every Brain Matters\" \/>\n<meta property=\"article:modified_time\" content=\"2025-10-21T13:59:33+00:00\" \/>\n<meta property=\"og:image\" content=\"https:\/\/everybrainmatters.org\/wp-content\/uploads\/graphic-1.png\" \/>\n\t<meta property=\"og:image:width\" content=\"1200\" \/>\n\t<meta property=\"og:image:height\" content=\"628\" \/>\n\t<meta property=\"og:image:type\" content=\"image\/png\" \/>\n<meta name=\"twitter:card\" content=\"summary_large_image\" \/>\n<script type=\"application\/ld+json\" class=\"yoast-schema-graph\">{\"@context\":\"https:\/\/schema.org\",\"@graph\":[{\"@type\":\"WebPage\",\"@id\":\"https:\/\/everybrainmatters.org\/es\/crees-que-lo-sabes\/\",\"url\":\"https:\/\/everybrainmatters.org\/es\/crees-que-lo-sabes\/\",\"name\":\"\u00bfCrees que lo sabes? - Every Brain Matters\",\"isPartOf\":{\"@id\":\"https:\/\/everybrainmatters.org\/es\/#website\"},\"primaryImageOfPage\":{\"@id\":\"https:\/\/everybrainmatters.org\/es\/crees-que-lo-sabes\/#primaryimage\"},\"image\":{\"@id\":\"https:\/\/everybrainmatters.org\/es\/crees-que-lo-sabes\/#primaryimage\"},\"thumbnailUrl\":\"https:\/\/everybrainmatters.org\/wp-content\/uploads\/graphic-1-1024x536.png\",\"datePublished\":\"2020-10-07T19:32:59+00:00\",\"dateModified\":\"2025-10-21T13:59:33+00:00\",\"breadcrumb\":{\"@id\":\"https:\/\/everybrainmatters.org\/es\/crees-que-lo-sabes\/#breadcrumb\"},\"inLanguage\":\"es-ES\",\"potentialAction\":[{\"@type\":\"ReadAction\",\"target\":[\"https:\/\/everybrainmatters.org\/es\/crees-que-lo-sabes\/\"]}]},{\"@type\":\"ImageObject\",\"inLanguage\":\"es-ES\",\"@id\":\"https:\/\/everybrainmatters.org\/es\/crees-que-lo-sabes\/#primaryimage\",\"url\":\"https:\/\/everybrainmatters.org\/wp-content\/uploads\/graphic-1-1024x536.png\",\"contentUrl\":\"https:\/\/everybrainmatters.org\/wp-content\/uploads\/graphic-1-1024x536.png\"},{\"@type\":\"BreadcrumbList\",\"@id\":\"https:\/\/everybrainmatters.org\/es\/crees-que-lo-sabes\/#breadcrumb\",\"itemListElement\":[{\"@type\":\"ListItem\",\"position\":1,\"name\":\"Home\",\"item\":\"https:\/\/everybrainmatters.org\/es\/\"},{\"@type\":\"ListItem\",\"position\":2,\"name\":\"\u00bfCrees que lo sabes?\"}]},{\"@type\":\"WebSite\",\"@id\":\"https:\/\/everybrainmatters.org\/es\/#website\",\"url\":\"https:\/\/everybrainmatters.org\/es\/\",\"name\":\"Every Brain Matters\",\"description\":\"\",\"publisher\":{\"@id\":\"https:\/\/everybrainmatters.org\/es\/#organization\"},\"potentialAction\":[{\"@type\":\"SearchAction\",\"target\":{\"@type\":\"EntryPoint\",\"urlTemplate\":\"https:\/\/everybrainmatters.org\/es\/?s={search_term_string}\"},\"query-input\":{\"@type\":\"PropertyValueSpecification\",\"valueRequired\":true,\"valueName\":\"search_term_string\"}}],\"inLanguage\":\"es-ES\"},{\"@type\":\"Organization\",\"@id\":\"https:\/\/everybrainmatters.org\/es\/#organization\",\"name\":\"Every Brain Matters\",\"url\":\"https:\/\/everybrainmatters.org\/es\/\",\"logo\":{\"@type\":\"ImageObject\",\"inLanguage\":\"es-ES\",\"@id\":\"https:\/\/everybrainmatters.org\/es\/#\/schema\/logo\/image\/\",\"url\":\"https:\/\/everybrainmatters.org\/wp-content\/uploads\/AllBrains_3.jpg\",\"contentUrl\":\"https:\/\/everybrainmatters.org\/wp-content\/uploads\/AllBrains_3.jpg\",\"width\":1000,\"height\":1087,\"caption\":\"Every Brain Matters\"},\"image\":{\"@id\":\"https:\/\/everybrainmatters.org\/es\/#\/schema\/logo\/image\/\"}}]}<\/script>\n<!-- \/ Yoast SEO plugin. -->","yoast_head_json":{"title":"\u00bfCrees que lo sabes? - Every Brain Matters","robots":{"index":"index","follow":"follow","max-snippet":"max-snippet:-1","max-image-preview":"max-image-preview:large","max-video-preview":"max-video-preview:-1"},"canonical":"https:\/\/everybrainmatters.org\/es\/crees-que-lo-sabes\/","og_locale":"es_ES","og_type":"article","og_title":"\u00bfCrees que lo sabes? - Every Brain Matters","og_description":"Nuestra serie \u00ab\u00bfCrees que lo sabes?\u00bb desmiente los conceptos err\u00f3neos m\u00e1s comunes sobre el cannabis y los productos relacionados con...","og_url":"https:\/\/everybrainmatters.org\/es\/crees-que-lo-sabes\/","og_site_name":"Every Brain Matters","article_modified_time":"2025-10-21T13:59:33+00:00","og_image":[{"width":1200,"height":628,"url":"https:\/\/everybrainmatters.org\/wp-content\/uploads\/graphic-1.png","type":"image\/png"}],"twitter_card":"summary_large_image","schema":{"@context":"https:\/\/schema.org","@graph":[{"@type":"WebPage","@id":"https:\/\/everybrainmatters.org\/es\/crees-que-lo-sabes\/","url":"https:\/\/everybrainmatters.org\/es\/crees-que-lo-sabes\/","name":"\u00bfCrees que lo sabes? - Every Brain Matters","isPartOf":{"@id":"https:\/\/everybrainmatters.org\/es\/#website"},"primaryImageOfPage":{"@id":"https:\/\/everybrainmatters.org\/es\/crees-que-lo-sabes\/#primaryimage"},"image":{"@id":"https:\/\/everybrainmatters.org\/es\/crees-que-lo-sabes\/#primaryimage"},"thumbnailUrl":"https:\/\/everybrainmatters.org\/wp-content\/uploads\/graphic-1-1024x536.png","datePublished":"2020-10-07T19:32:59+00:00","dateModified":"2025-10-21T13:59:33+00:00","breadcrumb":{"@id":"https:\/\/everybrainmatters.org\/es\/crees-que-lo-sabes\/#breadcrumb"},"inLanguage":"es-ES","potentialAction":[{"@type":"ReadAction","target":["https:\/\/everybrainmatters.org\/es\/crees-que-lo-sabes\/"]}]},{"@type":"ImageObject","inLanguage":"es-ES","@id":"https:\/\/everybrainmatters.org\/es\/crees-que-lo-sabes\/#primaryimage","url":"https:\/\/everybrainmatters.org\/wp-content\/uploads\/graphic-1-1024x536.png","contentUrl":"https:\/\/everybrainmatters.org\/wp-content\/uploads\/graphic-1-1024x536.png"},{"@type":"BreadcrumbList","@id":"https:\/\/everybrainmatters.org\/es\/crees-que-lo-sabes\/#breadcrumb","itemListElement":[{"@type":"ListItem","position":1,"name":"Home","item":"https:\/\/everybrainmatters.org\/es\/"},{"@type":"ListItem","position":2,"name":"\u00bfCrees que lo sabes?"}]},{"@type":"WebSite","@id":"https:\/\/everybrainmatters.org\/es\/#website","url":"https:\/\/everybrainmatters.org\/es\/","name":"Every Brain Matters","description":"","publisher":{"@id":"https:\/\/everybrainmatters.org\/es\/#organization"},"potentialAction":[{"@type":"SearchAction","target":{"@type":"EntryPoint","urlTemplate":"https:\/\/everybrainmatters.org\/es\/?s={search_term_string}"},"query-input":{"@type":"PropertyValueSpecification","valueRequired":true,"valueName":"search_term_string"}}],"inLanguage":"es-ES"},{"@type":"Organization","@id":"https:\/\/everybrainmatters.org\/es\/#organization","name":"Every Brain Matters","url":"https:\/\/everybrainmatters.org\/es\/","logo":{"@type":"ImageObject","inLanguage":"es-ES","@id":"https:\/\/everybrainmatters.org\/es\/#\/schema\/logo\/image\/","url":"https:\/\/everybrainmatters.org\/wp-content\/uploads\/AllBrains_3.jpg","contentUrl":"https:\/\/everybrainmatters.org\/wp-content\/uploads\/AllBrains_3.jpg","width":1000,"height":1087,"caption":"Every Brain Matters"},"image":{"@id":"https:\/\/everybrainmatters.org\/es\/#\/schema\/logo\/image\/"}}]}},"_links":{"self":[{"href":"https:\/\/everybrainmatters.org\/es\/wp-json\/wp\/v2\/pages\/46717","targetHints":{"allow":["GET"]}}],"collection":[{"href":"https:\/\/everybrainmatters.org\/es\/wp-json\/wp\/v2\/pages"}],"about":[{"href":"https:\/\/everybrainmatters.org\/es\/wp-json\/wp\/v2\/types\/page"}],"author":[{"embeddable":true,"href":"https:\/\/everybrainmatters.org\/es\/wp-json\/wp\/v2\/users\/11"}],"replies":[{"embeddable":true,"href":"https:\/\/everybrainmatters.org\/es\/wp-json\/wp\/v2\/comments?post=46717"}],"version-history":[{"count":0,"href":"https:\/\/everybrainmatters.org\/es\/wp-json\/wp\/v2\/pages\/46717\/revisions"}],"wp:attachment":[{"href":"https:\/\/everybrainmatters.org\/es\/wp-json\/wp\/v2\/media?parent=46717"}],"curies":[{"name":"wp","href":"https:\/\/api.w.org\/{rel}","templated":true}]}}