{"id":46730,"date":"2020-10-07T14:20:44","date_gmt":"2020-10-07T19:20:44","guid":{"rendered":"https:\/\/everybrainmatters.org\/unete-a-cada-cerebro-importa-grupo-de-defensa\/"},"modified":"2025-10-21T08:59:36","modified_gmt":"2025-10-21T13:59:36","slug":"unete-a-cada-cerebro-importa-grupo-de-defensa","status":"publish","type":"page","link":"https:\/\/everybrainmatters.org\/es\/unete-a-cada-cerebro-importa-grupo-de-defensa\/","title":{"rendered":"\u00danete a Cada Cerebro Importa: Grupo de defensa"},"content":{"rendered":"\n<h3 class=\"has-text-align-center wp-block-heading\"><em>C\u00f3mo liberarse de la marihuana y de la expansi\u00f3n de la cultura de la droga<\/em><\/h3>\n\n<h3 class=\"has-text-align-center wp-block-heading\"><\/h3>\n\n<div class=\"wp-block-buttons is-layout-flex wp-block-buttons-is-layout-flex\">\n<div class=\"wp-block-button aligncenter\"><a class=\"wp-block-button__link has-white-color has-gray-4-background-color has-text-color has-background wp-element-button\" href=\"https:\/\/everybrainmatters.org\/es\/unete-a\/\" target=\"_blank\" rel=\"noreferrer noopener\">\u00a1\u00danete a nosotros aqu\u00ed! Introduce tus datos y haz clic en Grupo Advaocy <\/a><\/div>\n<\/div>\n\n<p><\/p>\n\n<p>El Grupo de Defensa Cada Cerebro Importa aboga contra la legalizaci\u00f3n a gran escala de la marihuana industrializada y otras drogas y por una regulaci\u00f3n estricta y medidas preventivas en las zonas donde esta droga ya es legal. Trabajamos con todas las organizaciones legales, \u00e9ticas y morales, incluidos los partidos pol\u00edticos y las comunidades religiosas, y con individuos que ven las banderas rojas de la normalizaci\u00f3n de la marihuana y quieren actuar y ser la voz de las familias y las comunidades. Todos tenemos diferentes \u00e1reas de inter\u00e9s y experiencia, y trabajando todos juntos formamos una alianza mucho m\u00e1s fuerte que puede conseguir m\u00e1s.  <\/p>\n\n<p><\/p>\n\n<h3 class=\"has-text-align-center wp-block-heading\">Cada Cerebro Importa es un socio orgulloso de la Red de Acci\u00f3n de Padres.<\/h3>\n\n<div class=\"wp-block-columns is-layout-flex wp-container-core-columns-is-layout-9d6595d7 wp-block-columns-is-layout-flex\">\n<div class=\"wp-block-column is-layout-flow wp-block-column-is-layout-flow\">\n<p><a href=\"https:\/\/parentaction.network\/\" target=\"_blank\" rel=\"noreferrer noopener\">La Red de Acci\u00f3n de Padres<\/a> (PAN) est\u00e1 creando l\u00edderes familiares capacitando a quienes tienen experiencias con el consumo de marihuana de un ser querido para que aboguen por pol\u00edticas sanas en materia de drogas.<\/p>\n\n\n\n<div class=\"wp-block-buttons is-layout-flex wp-block-buttons-is-layout-flex\">\n<div class=\"wp-block-button\"><a class=\"wp-block-button__link has-gray-4-color has-offwhite-background-color has-text-color has-background wp-element-button\">Para unirte al PAN, ponte en contacto con nosotros en info@everybrainmatters.org<\/a><\/div>\n<\/div>\n<\/div>\n\n\n\n<div class=\"wp-block-column is-layout-flow wp-block-column-is-layout-flow\">\n<figure class=\"wp-block-image size-large is-style-editorskit-shadow\"><a href=\"https:\/\/everybrainmatters.org\/wp-content\/uploads\/PAN-logo.png\"><img loading=\"lazy\" decoding=\"async\" width=\"1024\" height=\"576\" src=\"https:\/\/everybrainmatters.org\/wp-content\/uploads\/PAN-logo-1024x576.png\" alt=\"\" class=\"wp-image-29915\" srcset=\"https:\/\/everybrainmatters.org\/wp-content\/uploads\/PAN-logo-1024x576.png 1024w, https:\/\/everybrainmatters.org\/wp-content\/uploads\/PAN-logo-300x169.png 300w, https:\/\/everybrainmatters.org\/wp-content\/uploads\/PAN-logo-768x432.png 768w, https:\/\/everybrainmatters.org\/wp-content\/uploads\/PAN-logo-403x226.png 403w, https:\/\/everybrainmatters.org\/wp-content\/uploads\/PAN-logo-600x338.png 600w, https:\/\/everybrainmatters.org\/wp-content\/uploads\/PAN-logo.png 1280w\" sizes=\"auto, (max-width: 1024px) 100vw, 1024px\" \/><\/a><\/figure>\n<\/div>\n<\/div>\n\n<p>Campa\u00f1as de defensa actuales<\/p>\n\n<div class=\"wp-block-columns is-layout-flex wp-container-core-columns-is-layout-9d6595d7 wp-block-columns-is-layout-flex\">\n<div class=\"wp-block-column is-layout-flow wp-block-column-is-layout-flow\">\n<figure class=\"wp-block-image size-large is-style-editorskit-shadow\"><a href=\"https:\/\/everybrainmatters.org\/protect-families-from-thc-hemp-products\/\" target=\"_blank\" rel=\"noreferrer noopener\"><img loading=\"lazy\" decoding=\"async\" width=\"1024\" height=\"576\" src=\"https:\/\/everybrainmatters.org\/wp-content\/uploads\/Feb-2023-newsletter-1024x576.png\" alt=\"\" class=\"wp-image-32395\" srcset=\"https:\/\/everybrainmatters.org\/wp-content\/uploads\/Feb-2023-newsletter-1024x576.png 1024w, https:\/\/everybrainmatters.org\/wp-content\/uploads\/Feb-2023-newsletter-300x169.png 300w, https:\/\/everybrainmatters.org\/wp-content\/uploads\/Feb-2023-newsletter-768x432.png 768w, https:\/\/everybrainmatters.org\/wp-content\/uploads\/Feb-2023-newsletter-403x226.png 403w, https:\/\/everybrainmatters.org\/wp-content\/uploads\/Feb-2023-newsletter-600x338.png 600w, https:\/\/everybrainmatters.org\/wp-content\/uploads\/Feb-2023-newsletter.png 1280w\" sizes=\"auto, (max-width: 1024px) 100vw, 1024px\" \/><\/a><\/figure>\n<\/div>\n\n\n\n<div class=\"wp-block-column is-layout-flow wp-block-column-is-layout-flow\">\n<figure class=\"wp-block-image size-large is-style-editorskit-shadow\"><a href=\"https:\/\/everybrainmatters.org\/2023\/03\/04\/this-much-thc-is-not-medicinal\/\" target=\"_blank\" rel=\"noreferrer noopener\"><img loading=\"lazy\" decoding=\"async\" width=\"1024\" height=\"576\" src=\"https:\/\/everybrainmatters.org\/wp-content\/uploads\/This-much-THC-final-1024x576.png\" alt=\"\" class=\"wp-image-32825\" srcset=\"https:\/\/everybrainmatters.org\/wp-content\/uploads\/This-much-THC-final-1024x576.png 1024w, https:\/\/everybrainmatters.org\/wp-content\/uploads\/This-much-THC-final-300x169.png 300w, https:\/\/everybrainmatters.org\/wp-content\/uploads\/This-much-THC-final-768x432.png 768w, https:\/\/everybrainmatters.org\/wp-content\/uploads\/This-much-THC-final-1536x864.png 1536w, https:\/\/everybrainmatters.org\/wp-content\/uploads\/This-much-THC-final-1300x731.png 1300w, https:\/\/everybrainmatters.org\/wp-content\/uploads\/This-much-THC-final-403x226.png 403w, https:\/\/everybrainmatters.org\/wp-content\/uploads\/This-much-THC-final-600x338.png 600w, https:\/\/everybrainmatters.org\/wp-content\/uploads\/This-much-THC-final.png 1920w\" sizes=\"auto, (max-width: 1024px) 100vw, 1024px\" \/><\/a><\/figure>\n<\/div>\n<\/div>\n\n<p><\/p>\n\n<h3 class=\"has-text-align-center wp-block-heading\"><em>C\u00f3mo liberarse de la marihuana y de la expansi\u00f3n de la cultura de la droga<\/em><\/h3>\n\n<p><\/p>\n","protected":false},"excerpt":{"rendered":"<p>C\u00f3mo liberarse de la marihuana y de la expansi\u00f3n de la cultura de la droga El Grupo de Defensa Cada&#8230;<\/p>\n","protected":false},"author":11,"featured_media":0,"parent":0,"menu_order":0,"comment_status":"closed","ping_status":"closed","template":"","meta":{"_acf_changed":false,"_editorskit_title_hidden":false,"_editorskit_reading_time":0,"_editorskit_is_block_options_detached":false,"_editorskit_block_options_position":"{}","footnotes":""},"class_list":["post-46730","page","type-page","status-publish","hentry"],"acf":[],"yoast_head":"<!-- This site is optimized with the Yoast SEO plugin v26.1.1 - https:\/\/yoast.com\/wordpress\/plugins\/seo\/ -->\n<title>\u00danete a Cada Cerebro Importa: Grupo de defensa - Every Brain Matters<\/title>\n<meta name=\"robots\" content=\"index, follow, max-snippet:-1, max-image-preview:large, max-video-preview:-1\" \/>\n<link rel=\"canonical\" href=\"https:\/\/everybrainmatters.org\/es\/unete-a-cada-cerebro-importa-grupo-de-defensa\/\" \/>\n<meta property=\"og:locale\" content=\"es_ES\" \/>\n<meta property=\"og:type\" content=\"article\" \/>\n<meta property=\"og:title\" content=\"\u00danete a Cada Cerebro Importa: Grupo de defensa - Every Brain Matters\" \/>\n<meta property=\"og:description\" content=\"C\u00f3mo liberarse de la marihuana y de la expansi\u00f3n de la cultura de la droga El Grupo de Defensa Cada...\" \/>\n<meta property=\"og:url\" content=\"https:\/\/everybrainmatters.org\/es\/unete-a-cada-cerebro-importa-grupo-de-defensa\/\" \/>\n<meta property=\"og:site_name\" content=\"Every Brain Matters\" \/>\n<meta property=\"article:modified_time\" content=\"2025-10-21T13:59:36+00:00\" \/>\n<meta property=\"og:image\" content=\"https:\/\/everybrainmatters.org\/wp-content\/uploads\/PAN-logo.png\" \/>\n\t<meta property=\"og:image:width\" content=\"1280\" \/>\n\t<meta property=\"og:image:height\" content=\"720\" \/>\n\t<meta property=\"og:image:type\" content=\"image\/png\" \/>\n<meta name=\"twitter:card\" content=\"summary_large_image\" \/>\n<meta name=\"twitter:label1\" content=\"Est. reading time\" \/>\n\t<meta name=\"twitter:data1\" content=\"1 minuto\" \/>\n<script type=\"application\/ld+json\" class=\"yoast-schema-graph\">{\"@context\":\"https:\/\/schema.org\",\"@graph\":[{\"@type\":\"WebPage\",\"@id\":\"https:\/\/everybrainmatters.org\/es\/unete-a-cada-cerebro-importa-grupo-de-defensa\/\",\"url\":\"https:\/\/everybrainmatters.org\/es\/unete-a-cada-cerebro-importa-grupo-de-defensa\/\",\"name\":\"\u00danete a Cada Cerebro Importa: Grupo de defensa - Every Brain Matters\",\"isPartOf\":{\"@id\":\"https:\/\/everybrainmatters.org\/es\/#website\"},\"primaryImageOfPage\":{\"@id\":\"https:\/\/everybrainmatters.org\/es\/unete-a-cada-cerebro-importa-grupo-de-defensa\/#primaryimage\"},\"image\":{\"@id\":\"https:\/\/everybrainmatters.org\/es\/unete-a-cada-cerebro-importa-grupo-de-defensa\/#primaryimage\"},\"thumbnailUrl\":\"https:\/\/everybrainmatters.org\/wp-content\/uploads\/PAN-logo-1024x576.png\",\"datePublished\":\"2020-10-07T19:20:44+00:00\",\"dateModified\":\"2025-10-21T13:59:36+00:00\",\"breadcrumb\":{\"@id\":\"https:\/\/everybrainmatters.org\/es\/unete-a-cada-cerebro-importa-grupo-de-defensa\/#breadcrumb\"},\"inLanguage\":\"es-ES\",\"potentialAction\":[{\"@type\":\"ReadAction\",\"target\":[\"https:\/\/everybrainmatters.org\/es\/unete-a-cada-cerebro-importa-grupo-de-defensa\/\"]}]},{\"@type\":\"ImageObject\",\"inLanguage\":\"es-ES\",\"@id\":\"https:\/\/everybrainmatters.org\/es\/unete-a-cada-cerebro-importa-grupo-de-defensa\/#primaryimage\",\"url\":\"https:\/\/everybrainmatters.org\/wp-content\/uploads\/PAN-logo-1024x576.png\",\"contentUrl\":\"https:\/\/everybrainmatters.org\/wp-content\/uploads\/PAN-logo-1024x576.png\"},{\"@type\":\"BreadcrumbList\",\"@id\":\"https:\/\/everybrainmatters.org\/es\/unete-a-cada-cerebro-importa-grupo-de-defensa\/#breadcrumb\",\"itemListElement\":[{\"@type\":\"ListItem\",\"position\":1,\"name\":\"Home\",\"item\":\"https:\/\/everybrainmatters.org\/es\/\"},{\"@type\":\"ListItem\",\"position\":2,\"name\":\"\u00danete a Cada Cerebro Importa: Grupo de defensa\"}]},{\"@type\":\"WebSite\",\"@id\":\"https:\/\/everybrainmatters.org\/es\/#website\",\"url\":\"https:\/\/everybrainmatters.org\/es\/\",\"name\":\"Every Brain Matters\",\"description\":\"\",\"publisher\":{\"@id\":\"https:\/\/everybrainmatters.org\/es\/#organization\"},\"potentialAction\":[{\"@type\":\"SearchAction\",\"target\":{\"@type\":\"EntryPoint\",\"urlTemplate\":\"https:\/\/everybrainmatters.org\/es\/?s={search_term_string}\"},\"query-input\":{\"@type\":\"PropertyValueSpecification\",\"valueRequired\":true,\"valueName\":\"search_term_string\"}}],\"inLanguage\":\"es-ES\"},{\"@type\":\"Organization\",\"@id\":\"https:\/\/everybrainmatters.org\/es\/#organization\",\"name\":\"Every Brain Matters\",\"url\":\"https:\/\/everybrainmatters.org\/es\/\",\"logo\":{\"@type\":\"ImageObject\",\"inLanguage\":\"es-ES\",\"@id\":\"https:\/\/everybrainmatters.org\/es\/#\/schema\/logo\/image\/\",\"url\":\"https:\/\/everybrainmatters.org\/wp-content\/uploads\/AllBrains_3.jpg\",\"contentUrl\":\"https:\/\/everybrainmatters.org\/wp-content\/uploads\/AllBrains_3.jpg\",\"width\":1000,\"height\":1087,\"caption\":\"Every Brain Matters\"},\"image\":{\"@id\":\"https:\/\/everybrainmatters.org\/es\/#\/schema\/logo\/image\/\"}}]}<\/script>\n<!-- \/ Yoast SEO plugin. -->","yoast_head_json":{"title":"\u00danete a Cada Cerebro Importa: Grupo de defensa - Every Brain Matters","robots":{"index":"index","follow":"follow","max-snippet":"max-snippet:-1","max-image-preview":"max-image-preview:large","max-video-preview":"max-video-preview:-1"},"canonical":"https:\/\/everybrainmatters.org\/es\/unete-a-cada-cerebro-importa-grupo-de-defensa\/","og_locale":"es_ES","og_type":"article","og_title":"\u00danete a Cada Cerebro Importa: Grupo de defensa - Every Brain Matters","og_description":"C\u00f3mo liberarse de la marihuana y de la expansi\u00f3n de la cultura de la droga El Grupo de Defensa Cada...","og_url":"https:\/\/everybrainmatters.org\/es\/unete-a-cada-cerebro-importa-grupo-de-defensa\/","og_site_name":"Every Brain Matters","article_modified_time":"2025-10-21T13:59:36+00:00","og_image":[{"width":1280,"height":720,"url":"https:\/\/everybrainmatters.org\/wp-content\/uploads\/PAN-logo.png","type":"image\/png"}],"twitter_card":"summary_large_image","twitter_misc":{"Est. reading time":"1 minuto"},"schema":{"@context":"https:\/\/schema.org","@graph":[{"@type":"WebPage","@id":"https:\/\/everybrainmatters.org\/es\/unete-a-cada-cerebro-importa-grupo-de-defensa\/","url":"https:\/\/everybrainmatters.org\/es\/unete-a-cada-cerebro-importa-grupo-de-defensa\/","name":"\u00danete a Cada Cerebro Importa: Grupo de defensa - Every Brain Matters","isPartOf":{"@id":"https:\/\/everybrainmatters.org\/es\/#website"},"primaryImageOfPage":{"@id":"https:\/\/everybrainmatters.org\/es\/unete-a-cada-cerebro-importa-grupo-de-defensa\/#primaryimage"},"image":{"@id":"https:\/\/everybrainmatters.org\/es\/unete-a-cada-cerebro-importa-grupo-de-defensa\/#primaryimage"},"thumbnailUrl":"https:\/\/everybrainmatters.org\/wp-content\/uploads\/PAN-logo-1024x576.png","datePublished":"2020-10-07T19:20:44+00:00","dateModified":"2025-10-21T13:59:36+00:00","breadcrumb":{"@id":"https:\/\/everybrainmatters.org\/es\/unete-a-cada-cerebro-importa-grupo-de-defensa\/#breadcrumb"},"inLanguage":"es-ES","potentialAction":[{"@type":"ReadAction","target":["https:\/\/everybrainmatters.org\/es\/unete-a-cada-cerebro-importa-grupo-de-defensa\/"]}]},{"@type":"ImageObject","inLanguage":"es-ES","@id":"https:\/\/everybrainmatters.org\/es\/unete-a-cada-cerebro-importa-grupo-de-defensa\/#primaryimage","url":"https:\/\/everybrainmatters.org\/wp-content\/uploads\/PAN-logo-1024x576.png","contentUrl":"https:\/\/everybrainmatters.org\/wp-content\/uploads\/PAN-logo-1024x576.png"},{"@type":"BreadcrumbList","@id":"https:\/\/everybrainmatters.org\/es\/unete-a-cada-cerebro-importa-grupo-de-defensa\/#breadcrumb","itemListElement":[{"@type":"ListItem","position":1,"name":"Home","item":"https:\/\/everybrainmatters.org\/es\/"},{"@type":"ListItem","position":2,"name":"\u00danete a Cada Cerebro Importa: Grupo de defensa"}]},{"@type":"WebSite","@id":"https:\/\/everybrainmatters.org\/es\/#website","url":"https:\/\/everybrainmatters.org\/es\/","name":"Every Brain Matters","description":"","publisher":{"@id":"https:\/\/everybrainmatters.org\/es\/#organization"},"potentialAction":[{"@type":"SearchAction","target":{"@type":"EntryPoint","urlTemplate":"https:\/\/everybrainmatters.org\/es\/?s={search_term_string}"},"query-input":{"@type":"PropertyValueSpecification","valueRequired":true,"valueName":"search_term_string"}}],"inLanguage":"es-ES"},{"@type":"Organization","@id":"https:\/\/everybrainmatters.org\/es\/#organization","name":"Every Brain Matters","url":"https:\/\/everybrainmatters.org\/es\/","logo":{"@type":"ImageObject","inLanguage":"es-ES","@id":"https:\/\/everybrainmatters.org\/es\/#\/schema\/logo\/image\/","url":"https:\/\/everybrainmatters.org\/wp-content\/uploads\/AllBrains_3.jpg","contentUrl":"https:\/\/everybrainmatters.org\/wp-content\/uploads\/AllBrains_3.jpg","width":1000,"height":1087,"caption":"Every Brain Matters"},"image":{"@id":"https:\/\/everybrainmatters.org\/es\/#\/schema\/logo\/image\/"}}]}},"_links":{"self":[{"href":"https:\/\/everybrainmatters.org\/es\/wp-json\/wp\/v2\/pages\/46730","targetHints":{"allow":["GET"]}}],"collection":[{"href":"https:\/\/everybrainmatters.org\/es\/wp-json\/wp\/v2\/pages"}],"about":[{"href":"https:\/\/everybrainmatters.org\/es\/wp-json\/wp\/v2\/types\/page"}],"author":[{"embeddable":true,"href":"https:\/\/everybrainmatters.org\/es\/wp-json\/wp\/v2\/users\/11"}],"replies":[{"embeddable":true,"href":"https:\/\/everybrainmatters.org\/es\/wp-json\/wp\/v2\/comments?post=46730"}],"version-history":[{"count":0,"href":"https:\/\/everybrainmatters.org\/es\/wp-json\/wp\/v2\/pages\/46730\/revisions"}],"wp:attachment":[{"href":"https:\/\/everybrainmatters.org\/es\/wp-json\/wp\/v2\/media?parent=46730"}],"curies":[{"name":"wp","href":"https:\/\/api.w.org\/{rel}","templated":true}]}}