{"id":46733,"date":"2020-10-07T14:19:58","date_gmt":"2020-10-07T19:19:58","guid":{"rendered":"https:\/\/everybrainmatters.org\/unete-a-ebm-grupo-de-apoyo\/"},"modified":"2025-10-21T08:59:39","modified_gmt":"2025-10-21T13:59:39","slug":"unete-a-ebm-grupo-de-apoyo","status":"publish","type":"page","link":"https:\/\/everybrainmatters.org\/es\/unete-a-ebm-grupo-de-apoyo\/","title":{"rendered":"\u00danete a EBM: Grupo de Apoyo"},"content":{"rendered":"\n<div class=\"wp-block-group py-5 is-style-width-full has-yellow-background-color has-background\"><div class=\"wp-block-group__inner-container is-layout-flow wp-block-group-is-layout-flow\">\n<div class=\"wp-block-columns is-layout-flex wp-container-core-columns-is-layout-9d6595d7 wp-block-columns-is-layout-flex\">\n<div class=\"wp-block-column is-layout-flow wp-block-column-is-layout-flow\" style=\"flex-basis:42%\">\n<p><\/p>\n\n\n\n<p><\/p>\n\n\n\n<figure class=\"wp-block-image size-large\"><a href=\"https:\/\/everybrainmatters.org\/wp-content\/uploads\/shutterstock_1477336778-1-scaled.jpg\"><img loading=\"lazy\" decoding=\"async\" width=\"1024\" height=\"576\" src=\"https:\/\/everybrainmatters.org\/wp-content\/uploads\/shutterstock_1477336778-1-1024x576.jpg\" alt=\"\" class=\"wp-image-20706\" srcset=\"https:\/\/everybrainmatters.org\/wp-content\/uploads\/shutterstock_1477336778-1-1024x576.jpg 1024w, https:\/\/everybrainmatters.org\/wp-content\/uploads\/shutterstock_1477336778-1-300x169.jpg 300w, https:\/\/everybrainmatters.org\/wp-content\/uploads\/shutterstock_1477336778-1-768x432.jpg 768w, https:\/\/everybrainmatters.org\/wp-content\/uploads\/shutterstock_1477336778-1-1536x864.jpg 1536w, https:\/\/everybrainmatters.org\/wp-content\/uploads\/shutterstock_1477336778-1-2048x1152.jpg 2048w, https:\/\/everybrainmatters.org\/wp-content\/uploads\/shutterstock_1477336778-1-1300x731.jpg 1300w, https:\/\/everybrainmatters.org\/wp-content\/uploads\/shutterstock_1477336778-1-403x226.jpg 403w, https:\/\/everybrainmatters.org\/wp-content\/uploads\/shutterstock_1477336778-1-600x338.jpg 600w\" sizes=\"auto, (max-width: 1024px) 100vw, 1024px\" \/><\/a><\/figure>\n\n\n\n<p><\/p>\n\n\n\n<div class=\"wp-block-buttons is-layout-flex wp-block-buttons-is-layout-flex\">\n<div class=\"wp-block-button is-style-outline is-style-outline--1\"><a class=\"wp-block-button__link\">Encuentra una reuni\u00f3n<\/a><\/div>\n<\/div>\n\n\n\n<div class=\"wp-block-buttons is-layout-flex wp-block-buttons-is-layout-flex\">\n<div class=\"wp-block-button is-style-outline is-style-outline--2\"><a class=\"wp-block-button__link\">Recursos para el tratamiento<\/a><\/div>\n<\/div>\n\n\n\n<p><\/p>\n\n\n\n<div class=\"wp-block-buttons is-layout-flex wp-block-buttons-is-layout-flex\">\n<div class=\"wp-block-button is-style-outline is-style-outline--3\"><a class=\"wp-block-button__link\">Recursos de recuperaci\u00f3n (v\u00eddeos y libros)<\/a><\/div>\n<\/div>\n\n\n\n<p><\/p>\n\n\n\n<p><\/p>\n\n\n\n<p><\/p>\n\n\n\n<p><\/p>\n\n\n\n<p><\/p>\n\n\n\n<p><\/p>\n\n\n\n<p><\/p>\n\n\n\n<p><\/p>\n\n\n\n<p><\/p>\n\n\n\n<p><\/p>\n\n\n\n<p><\/p>\n\n\n\n<p><\/p>\n\n\n\n<p><\/p>\n\n\n\n<p><\/p>\n\n\n\n<p><\/p>\n\n\n\n<p><\/p>\n\n\n\n<p><\/p>\n\n\n\n<p><\/p>\n\n\n\n<p><\/p>\n\n\n\n<p><\/p>\n\n\n\n<p><\/p>\n\n\n\n<p><\/p>\n\n\n\n<p><\/p>\n\n\n\n<p><\/p>\n\n\n\n<p><\/p>\n\n\n\n<p><\/p>\n\n\n\n<p><\/p>\n\n\n\n<p><\/p>\n\n\n\n<p><\/p>\n\n\n\n<p><\/p>\n\n\n\n<p><\/p>\n<\/div>\n\n\n\n<div class=\"wp-block-column align-self-center pl-lg-5 is-layout-flow wp-block-column-is-layout-flow\" style=\"flex-basis:58%\">\n<h2 class=\"wp-block-heading\">El mundo actual est\u00e1 adoptando un mayor consumo de marihuana mientras familias como la nuestra pagan un alto precio.  <\/h2>\n\n\n\n<p>Reconocemos que el p\u00fablico en general y muchos grupos de apoyo no comprenden los verdaderos y devastadores efectos de la marihuana. Muchas veces nos resulta dif\u00edcil compartir honestamente c\u00f3mo la marihuana actual, m\u00e1s potente y peligrosa, ha afectado a nuestras vidas y familias, ya que no se nos toma en serio en la comunidad de adictos. As\u00ed que te invitamos respetuosamente a un grupo online,<em> el Grupo de Apoyo\/Recuperaci\u00f3n Every Brain Matters<\/em>, una comunidad de simpatizantes que comprenden y fomentan la curaci\u00f3n y el crecimiento en respuesta al consumo y la adicci\u00f3n a la marihuana.    <\/p>\n\n\n\n<p>Reconocemos la necesidad de este tipo de apoyo para las personas perjudicadas por la marihuana que buscan comunidad, curaci\u00f3n y recuperaci\u00f3n. Esto incluye a las personas que tienen una adicci\u00f3n a la marihuana y que est\u00e1n en recuperaci\u00f3n, a sus familias y a las familias\/amigos de personas que han sufrido da\u00f1os o han perdido la vida como consecuencia directa o indirecta del consumo de marihuana. Los da\u00f1os causados por la marihuana incluyen, entre otros, adicci\u00f3n, psicosis, suicidio, otras enfermedades mentales, homicidio, delitos violentos, conducci\u00f3n bajo los efectos del alcohol y otros incidentes de lesiones o traumas con resultado de da\u00f1os o muerte, sobredosis, en los que la marihuana era la \u00fanica droga, o una droga de entrada, de compa\u00f1\u00eda y\/o de reca\u00edda.    <\/p>\n\n\n\n<p>Este grupo no <em>debatir\u00e1 sobre<\/em> pol\u00edtica, creencias religiosas espec\u00edficas ni pedir\u00e1 donativos o tareas. Animamos a los miembros a abrazar su fe sin dejar de ser conscientes de los dem\u00e1s que no tienen la misma opini\u00f3n. No sustituimos a ning\u00fan programa o reuni\u00f3n, sino que somos un complemento, y animamos a todo el mundo a seguir trabajando en su programa de recuperaci\u00f3n actual o a encontrar uno al que unirse lo antes posible. No estamos equipados para dar consejos m\u00e9dicos, pero los participantes tendr\u00e1n la oportunidad de compartir recursos y t\u00e9cnicas que les hayan ayudado. Entendemos que hay diferentes v\u00edas de recuperaci\u00f3n, pero recomendamos un programa de 12 pasos, una comunidad de recuperaci\u00f3n, una recuperaci\u00f3n basada en la fe u otra v\u00eda de recuperaci\u00f3n sostenible.      <\/p>\n\n\n\n<p>Si buscas un grupo de defensa para educar sobre los da\u00f1os de la marihuana e influir en el cambio o las pol\u00edticas, h\u00e1znoslo saber. Hemos formado otro grupo para satisfacer tambi\u00e9n esta necesidad, llamado Grupo de Defensa Cada Cerebro Importa. <\/p>\n\n\n\n<p>Respetamos la confidencialidad, los sentimientos y la intimidad de los asistentes a nuestra reuni\u00f3n.  <\/p>\n\n\n\n<p>Buscar reuniones<\/p>\n<\/div>\n<\/div>\n<\/div><\/div>\n","protected":false},"excerpt":{"rendered":"","protected":false},"author":11,"featured_media":0,"parent":0,"menu_order":0,"comment_status":"closed","ping_status":"closed","template":"page-fullwidth.php","meta":{"_acf_changed":false,"_editorskit_title_hidden":false,"_editorskit_reading_time":0,"_editorskit_is_block_options_detached":false,"_editorskit_block_options_position":"{}","footnotes":""},"class_list":["post-46733","page","type-page","status-publish","hentry"],"acf":[],"yoast_head":"<!-- This site is optimized with the Yoast SEO plugin v26.1.1 - https:\/\/yoast.com\/wordpress\/plugins\/seo\/ -->\n<title>\u00danete a EBM: Grupo de Apoyo - Every Brain Matters<\/title>\n<meta name=\"robots\" content=\"index, follow, max-snippet:-1, max-image-preview:large, max-video-preview:-1\" \/>\n<link rel=\"canonical\" href=\"https:\/\/everybrainmatters.org\/es\/unete-a-ebm-grupo-de-apoyo\/\" \/>\n<meta property=\"og:locale\" content=\"es_ES\" \/>\n<meta property=\"og:type\" content=\"article\" \/>\n<meta property=\"og:title\" content=\"\u00danete a EBM: Grupo de Apoyo - Every Brain Matters\" \/>\n<meta property=\"og:url\" content=\"https:\/\/everybrainmatters.org\/es\/unete-a-ebm-grupo-de-apoyo\/\" \/>\n<meta property=\"og:site_name\" content=\"Every Brain Matters\" \/>\n<meta property=\"article:modified_time\" content=\"2025-10-21T13:59:39+00:00\" \/>\n<meta property=\"og:image\" content=\"https:\/\/everybrainmatters.org\/wp-content\/uploads\/AllBrains_3.jpg\" \/>\n\t<meta property=\"og:image:width\" content=\"1000\" \/>\n\t<meta property=\"og:image:height\" content=\"1087\" \/>\n\t<meta property=\"og:image:type\" content=\"image\/jpeg\" \/>\n<meta name=\"twitter:card\" content=\"summary_large_image\" \/>\n<script type=\"application\/ld+json\" class=\"yoast-schema-graph\">{\"@context\":\"https:\/\/schema.org\",\"@graph\":[{\"@type\":\"WebPage\",\"@id\":\"https:\/\/everybrainmatters.org\/es\/unete-a-ebm-grupo-de-apoyo\/\",\"url\":\"https:\/\/everybrainmatters.org\/es\/unete-a-ebm-grupo-de-apoyo\/\",\"name\":\"\u00danete a EBM: Grupo de Apoyo - Every Brain Matters\",\"isPartOf\":{\"@id\":\"https:\/\/everybrainmatters.org\/es\/#website\"},\"datePublished\":\"2020-10-07T19:19:58+00:00\",\"dateModified\":\"2025-10-21T13:59:39+00:00\",\"breadcrumb\":{\"@id\":\"https:\/\/everybrainmatters.org\/es\/unete-a-ebm-grupo-de-apoyo\/#breadcrumb\"},\"inLanguage\":\"es-ES\",\"potentialAction\":[{\"@type\":\"ReadAction\",\"target\":[\"https:\/\/everybrainmatters.org\/es\/unete-a-ebm-grupo-de-apoyo\/\"]}]},{\"@type\":\"BreadcrumbList\",\"@id\":\"https:\/\/everybrainmatters.org\/es\/unete-a-ebm-grupo-de-apoyo\/#breadcrumb\",\"itemListElement\":[{\"@type\":\"ListItem\",\"position\":1,\"name\":\"Home\",\"item\":\"https:\/\/everybrainmatters.org\/es\/\"},{\"@type\":\"ListItem\",\"position\":2,\"name\":\"\u00danete a EBM: Grupo de Apoyo\"}]},{\"@type\":\"WebSite\",\"@id\":\"https:\/\/everybrainmatters.org\/es\/#website\",\"url\":\"https:\/\/everybrainmatters.org\/es\/\",\"name\":\"Every Brain Matters\",\"description\":\"\",\"publisher\":{\"@id\":\"https:\/\/everybrainmatters.org\/es\/#organization\"},\"potentialAction\":[{\"@type\":\"SearchAction\",\"target\":{\"@type\":\"EntryPoint\",\"urlTemplate\":\"https:\/\/everybrainmatters.org\/es\/?s={search_term_string}\"},\"query-input\":{\"@type\":\"PropertyValueSpecification\",\"valueRequired\":true,\"valueName\":\"search_term_string\"}}],\"inLanguage\":\"es-ES\"},{\"@type\":\"Organization\",\"@id\":\"https:\/\/everybrainmatters.org\/es\/#organization\",\"name\":\"Every Brain Matters\",\"url\":\"https:\/\/everybrainmatters.org\/es\/\",\"logo\":{\"@type\":\"ImageObject\",\"inLanguage\":\"es-ES\",\"@id\":\"https:\/\/everybrainmatters.org\/es\/#\/schema\/logo\/image\/\",\"url\":\"https:\/\/everybrainmatters.org\/wp-content\/uploads\/AllBrains_3.jpg\",\"contentUrl\":\"https:\/\/everybrainmatters.org\/wp-content\/uploads\/AllBrains_3.jpg\",\"width\":1000,\"height\":1087,\"caption\":\"Every Brain Matters\"},\"image\":{\"@id\":\"https:\/\/everybrainmatters.org\/es\/#\/schema\/logo\/image\/\"}}]}<\/script>\n<!-- \/ Yoast SEO plugin. -->","yoast_head_json":{"title":"\u00danete a EBM: Grupo de Apoyo - Every Brain Matters","robots":{"index":"index","follow":"follow","max-snippet":"max-snippet:-1","max-image-preview":"max-image-preview:large","max-video-preview":"max-video-preview:-1"},"canonical":"https:\/\/everybrainmatters.org\/es\/unete-a-ebm-grupo-de-apoyo\/","og_locale":"es_ES","og_type":"article","og_title":"\u00danete a EBM: Grupo de Apoyo - Every Brain Matters","og_url":"https:\/\/everybrainmatters.org\/es\/unete-a-ebm-grupo-de-apoyo\/","og_site_name":"Every Brain Matters","article_modified_time":"2025-10-21T13:59:39+00:00","og_image":[{"width":1000,"height":1087,"url":"https:\/\/everybrainmatters.org\/wp-content\/uploads\/AllBrains_3.jpg","type":"image\/jpeg"}],"twitter_card":"summary_large_image","schema":{"@context":"https:\/\/schema.org","@graph":[{"@type":"WebPage","@id":"https:\/\/everybrainmatters.org\/es\/unete-a-ebm-grupo-de-apoyo\/","url":"https:\/\/everybrainmatters.org\/es\/unete-a-ebm-grupo-de-apoyo\/","name":"\u00danete a EBM: Grupo de Apoyo - Every Brain Matters","isPartOf":{"@id":"https:\/\/everybrainmatters.org\/es\/#website"},"datePublished":"2020-10-07T19:19:58+00:00","dateModified":"2025-10-21T13:59:39+00:00","breadcrumb":{"@id":"https:\/\/everybrainmatters.org\/es\/unete-a-ebm-grupo-de-apoyo\/#breadcrumb"},"inLanguage":"es-ES","potentialAction":[{"@type":"ReadAction","target":["https:\/\/everybrainmatters.org\/es\/unete-a-ebm-grupo-de-apoyo\/"]}]},{"@type":"BreadcrumbList","@id":"https:\/\/everybrainmatters.org\/es\/unete-a-ebm-grupo-de-apoyo\/#breadcrumb","itemListElement":[{"@type":"ListItem","position":1,"name":"Home","item":"https:\/\/everybrainmatters.org\/es\/"},{"@type":"ListItem","position":2,"name":"\u00danete a EBM: Grupo de Apoyo"}]},{"@type":"WebSite","@id":"https:\/\/everybrainmatters.org\/es\/#website","url":"https:\/\/everybrainmatters.org\/es\/","name":"Every Brain Matters","description":"","publisher":{"@id":"https:\/\/everybrainmatters.org\/es\/#organization"},"potentialAction":[{"@type":"SearchAction","target":{"@type":"EntryPoint","urlTemplate":"https:\/\/everybrainmatters.org\/es\/?s={search_term_string}"},"query-input":{"@type":"PropertyValueSpecification","valueRequired":true,"valueName":"search_term_string"}}],"inLanguage":"es-ES"},{"@type":"Organization","@id":"https:\/\/everybrainmatters.org\/es\/#organization","name":"Every Brain Matters","url":"https:\/\/everybrainmatters.org\/es\/","logo":{"@type":"ImageObject","inLanguage":"es-ES","@id":"https:\/\/everybrainmatters.org\/es\/#\/schema\/logo\/image\/","url":"https:\/\/everybrainmatters.org\/wp-content\/uploads\/AllBrains_3.jpg","contentUrl":"https:\/\/everybrainmatters.org\/wp-content\/uploads\/AllBrains_3.jpg","width":1000,"height":1087,"caption":"Every Brain Matters"},"image":{"@id":"https:\/\/everybrainmatters.org\/es\/#\/schema\/logo\/image\/"}}]}},"_links":{"self":[{"href":"https:\/\/everybrainmatters.org\/es\/wp-json\/wp\/v2\/pages\/46733","targetHints":{"allow":["GET"]}}],"collection":[{"href":"https:\/\/everybrainmatters.org\/es\/wp-json\/wp\/v2\/pages"}],"about":[{"href":"https:\/\/everybrainmatters.org\/es\/wp-json\/wp\/v2\/types\/page"}],"author":[{"embeddable":true,"href":"https:\/\/everybrainmatters.org\/es\/wp-json\/wp\/v2\/users\/11"}],"replies":[{"embeddable":true,"href":"https:\/\/everybrainmatters.org\/es\/wp-json\/wp\/v2\/comments?post=46733"}],"version-history":[{"count":0,"href":"https:\/\/everybrainmatters.org\/es\/wp-json\/wp\/v2\/pages\/46733\/revisions"}],"wp:attachment":[{"href":"https:\/\/everybrainmatters.org\/es\/wp-json\/wp\/v2\/media?parent=46733"}],"curies":[{"name":"wp","href":"https:\/\/api.w.org\/{rel}","templated":true}]}}