{"id":46742,"date":"2020-10-07T14:33:29","date_gmt":"2020-10-07T19:33:29","guid":{"rendered":"https:\/\/everybrainmatters.org\/movimiento-de-padres-2-0\/"},"modified":"2025-10-21T08:59:48","modified_gmt":"2025-10-21T13:59:48","slug":"movimiento-de-padres-2-0","status":"publish","type":"page","link":"https:\/\/everybrainmatters.org\/es\/movimiento-de-padres-2-0\/","title":{"rendered":"Movimiento de Padres 2.0"},"content":{"rendered":"\n<div class=\"wp-block-group py-5 is-style-width-full has-yellow-background-color has-background\"><div class=\"wp-block-group__inner-container is-layout-flow wp-block-group-is-layout-flow\">\n<div class=\"wp-block-columns is-layout-flex wp-container-core-columns-is-layout-9d6595d7 wp-block-columns-is-layout-flex\">\n<div class=\"wp-block-column align-self-center is-layout-flow wp-block-column-is-layout-flow\" style=\"flex-basis:58%\">\n<p>Every Brain Matters se enorgullece de apoyar y asociarse con:<\/p>\n\n\n\n<h2 class=\"wp-block-heading\"><strong>Movimiento de Padres 2.0<\/strong><\/h2>\n\n\n\n<p class=\"has-medium-font-size\">Ser padres se ha vuelto mucho m\u00e1s dif\u00edcil con la marihuana legal.<\/p>\n\n\n\n<p class=\"has-medium-font-size\"><em>\u00abLa legalizaci\u00f3n de la marihuana est\u00e1 siendo impulsada agresivamente en todo el pa\u00eds por una industria motivada, bien financiada y pol\u00edticamente sofisticada: estos esfuerzos est\u00e1n arrebatando a todas las familias el derecho a vivir en comunidades libres de marihuana\u00bb<\/em> <\/p>\n\n\n\n<p>Cuando se trata de prevenir el consumo de drogas entre los ni\u00f1os, los padres son el factor m\u00e1s importante. Pero <strong>el acceso<\/strong> a una droga y la <strong>percepci\u00f3n de su da\u00f1o<\/strong> son dos poderosos factores de Prevenci\u00f3n Ambiental que tambi\u00e9n ayudan a reducir el consumo. <\/p>\n\n\n\n<div class=\"wp-block-buttons mt-4 is-layout-flex wp-block-buttons-is-layout-flex\">\n<div class=\"wp-block-button\"><a class=\"wp-block-button__link has-white-color has-blue-background-color has-text-color has-background\" href=\"https:\/\/parentmovement2-0.org\/history\" target=\"_blank\" rel=\"noreferrer noopener\">Historia del Movimiento de Padres 1.0<\/a><\/div>\n<\/div>\n\n\n\n<div class=\"wp-block-buttons is-layout-flex wp-block-buttons-is-layout-flex\">\n<div class=\"wp-block-button\"><a class=\"wp-block-button__link has-white-color has-blue-background-color has-text-color has-background\" href=\"https:\/\/parentmovement2-0.org\/\" target=\"_blank\" rel=\"noreferrer noopener\">Visita el movimiento Padres 2.0 y asume el compromiso<\/a><\/div>\n<\/div>\n<\/div>\n\n\n\n<div class=\"wp-block-column is-layout-flow wp-block-column-is-layout-flow\" style=\"flex-basis:42%\">\n<figure class=\"wp-block-image size-large\"><a href=\"https:\/\/parentmovement2-0.org\/\"><img loading=\"lazy\" decoding=\"async\" width=\"1024\" height=\"217\" src=\"https:\/\/everybrainmatters.org\/wp-content\/uploads\/2020\/03\/PM2-logo-online-1024x217.jpg\" alt=\"\" class=\"wp-image-16123\" srcset=\"https:\/\/everybrainmatters.org\/wp-content\/uploads\/2020\/03\/PM2-logo-online-1024x217.jpg 1024w, https:\/\/everybrainmatters.org\/wp-content\/uploads\/2020\/03\/PM2-logo-online-600x127.jpg 600w, https:\/\/everybrainmatters.org\/wp-content\/uploads\/2020\/03\/PM2-logo-online-300x64.jpg 300w, https:\/\/everybrainmatters.org\/wp-content\/uploads\/2020\/03\/PM2-logo-online-768x163.jpg 768w, https:\/\/everybrainmatters.org\/wp-content\/uploads\/2020\/03\/PM2-logo-online.jpg 1200w\" sizes=\"auto, (max-width: 1024px) 100vw, 1024px\" \/><\/a><\/figure>\n\n\n\n<p><\/p>\n<\/div>\n<\/div>\n<\/div><\/div>\n","protected":false},"excerpt":{"rendered":"<p>Every Brain Matters se enorgullece de apoyar y asociarse con: Movimiento de Padres 2.0 Ser padres se ha vuelto mucho&#8230;<\/p>\n","protected":false},"author":11,"featured_media":0,"parent":0,"menu_order":0,"comment_status":"closed","ping_status":"closed","template":"page-fullwidth.php","meta":{"_acf_changed":false,"_editorskit_title_hidden":false,"_editorskit_reading_time":0,"_editorskit_is_block_options_detached":false,"_editorskit_block_options_position":"{}","footnotes":""},"class_list":["post-46742","page","type-page","status-publish","hentry"],"acf":[],"yoast_head":"<!-- This site is optimized with the Yoast SEO plugin v26.1.1 - https:\/\/yoast.com\/wordpress\/plugins\/seo\/ -->\n<title>Movimiento de Padres 2.0 - Every Brain Matters<\/title>\n<meta name=\"robots\" content=\"index, follow, max-snippet:-1, max-image-preview:large, max-video-preview:-1\" \/>\n<link rel=\"canonical\" href=\"https:\/\/everybrainmatters.org\/es\/movimiento-de-padres-2-0\/\" \/>\n<meta property=\"og:locale\" content=\"es_ES\" \/>\n<meta property=\"og:type\" content=\"article\" \/>\n<meta property=\"og:title\" content=\"Movimiento de Padres 2.0 - Every Brain Matters\" \/>\n<meta property=\"og:description\" content=\"Every Brain Matters se enorgullece de apoyar y asociarse con: Movimiento de Padres 2.0 Ser padres se ha vuelto mucho...\" \/>\n<meta property=\"og:url\" content=\"https:\/\/everybrainmatters.org\/es\/movimiento-de-padres-2-0\/\" \/>\n<meta property=\"og:site_name\" content=\"Every Brain Matters\" \/>\n<meta property=\"article:modified_time\" content=\"2025-10-21T13:59:48+00:00\" \/>\n<meta property=\"og:image\" content=\"https:\/\/everybrainmatters.org\/wp-content\/uploads\/2020\/03\/PM2-logo-online.jpg\" \/>\n\t<meta property=\"og:image:width\" content=\"1200\" \/>\n\t<meta property=\"og:image:height\" content=\"254\" \/>\n\t<meta property=\"og:image:type\" content=\"image\/jpeg\" \/>\n<meta name=\"twitter:card\" content=\"summary_large_image\" \/>\n<meta name=\"twitter:label1\" content=\"Est. reading time\" \/>\n\t<meta name=\"twitter:data1\" content=\"1 minuto\" \/>\n<script type=\"application\/ld+json\" class=\"yoast-schema-graph\">{\"@context\":\"https:\/\/schema.org\",\"@graph\":[{\"@type\":\"WebPage\",\"@id\":\"https:\/\/everybrainmatters.org\/es\/movimiento-de-padres-2-0\/\",\"url\":\"https:\/\/everybrainmatters.org\/es\/movimiento-de-padres-2-0\/\",\"name\":\"Movimiento de Padres 2.0 - Every Brain Matters\",\"isPartOf\":{\"@id\":\"https:\/\/everybrainmatters.org\/es\/#website\"},\"primaryImageOfPage\":{\"@id\":\"https:\/\/everybrainmatters.org\/es\/movimiento-de-padres-2-0\/#primaryimage\"},\"image\":{\"@id\":\"https:\/\/everybrainmatters.org\/es\/movimiento-de-padres-2-0\/#primaryimage\"},\"thumbnailUrl\":\"https:\/\/everybrainmatters.org\/wp-content\/uploads\/2020\/03\/PM2-logo-online-1024x217.jpg\",\"datePublished\":\"2020-10-07T19:33:29+00:00\",\"dateModified\":\"2025-10-21T13:59:48+00:00\",\"breadcrumb\":{\"@id\":\"https:\/\/everybrainmatters.org\/es\/movimiento-de-padres-2-0\/#breadcrumb\"},\"inLanguage\":\"es-ES\",\"potentialAction\":[{\"@type\":\"ReadAction\",\"target\":[\"https:\/\/everybrainmatters.org\/es\/movimiento-de-padres-2-0\/\"]}]},{\"@type\":\"ImageObject\",\"inLanguage\":\"es-ES\",\"@id\":\"https:\/\/everybrainmatters.org\/es\/movimiento-de-padres-2-0\/#primaryimage\",\"url\":\"https:\/\/everybrainmatters.org\/wp-content\/uploads\/2020\/03\/PM2-logo-online-1024x217.jpg\",\"contentUrl\":\"https:\/\/everybrainmatters.org\/wp-content\/uploads\/2020\/03\/PM2-logo-online-1024x217.jpg\"},{\"@type\":\"BreadcrumbList\",\"@id\":\"https:\/\/everybrainmatters.org\/es\/movimiento-de-padres-2-0\/#breadcrumb\",\"itemListElement\":[{\"@type\":\"ListItem\",\"position\":1,\"name\":\"Home\",\"item\":\"https:\/\/everybrainmatters.org\/es\/\"},{\"@type\":\"ListItem\",\"position\":2,\"name\":\"Movimiento de Padres 2.0\"}]},{\"@type\":\"WebSite\",\"@id\":\"https:\/\/everybrainmatters.org\/es\/#website\",\"url\":\"https:\/\/everybrainmatters.org\/es\/\",\"name\":\"Every Brain Matters\",\"description\":\"\",\"publisher\":{\"@id\":\"https:\/\/everybrainmatters.org\/es\/#organization\"},\"potentialAction\":[{\"@type\":\"SearchAction\",\"target\":{\"@type\":\"EntryPoint\",\"urlTemplate\":\"https:\/\/everybrainmatters.org\/es\/?s={search_term_string}\"},\"query-input\":{\"@type\":\"PropertyValueSpecification\",\"valueRequired\":true,\"valueName\":\"search_term_string\"}}],\"inLanguage\":\"es-ES\"},{\"@type\":\"Organization\",\"@id\":\"https:\/\/everybrainmatters.org\/es\/#organization\",\"name\":\"Every Brain Matters\",\"url\":\"https:\/\/everybrainmatters.org\/es\/\",\"logo\":{\"@type\":\"ImageObject\",\"inLanguage\":\"es-ES\",\"@id\":\"https:\/\/everybrainmatters.org\/es\/#\/schema\/logo\/image\/\",\"url\":\"https:\/\/everybrainmatters.org\/wp-content\/uploads\/AllBrains_3.jpg\",\"contentUrl\":\"https:\/\/everybrainmatters.org\/wp-content\/uploads\/AllBrains_3.jpg\",\"width\":1000,\"height\":1087,\"caption\":\"Every Brain Matters\"},\"image\":{\"@id\":\"https:\/\/everybrainmatters.org\/es\/#\/schema\/logo\/image\/\"}}]}<\/script>\n<!-- \/ Yoast SEO plugin. -->","yoast_head_json":{"title":"Movimiento de Padres 2.0 - Every Brain Matters","robots":{"index":"index","follow":"follow","max-snippet":"max-snippet:-1","max-image-preview":"max-image-preview:large","max-video-preview":"max-video-preview:-1"},"canonical":"https:\/\/everybrainmatters.org\/es\/movimiento-de-padres-2-0\/","og_locale":"es_ES","og_type":"article","og_title":"Movimiento de Padres 2.0 - Every Brain Matters","og_description":"Every Brain Matters se enorgullece de apoyar y asociarse con: Movimiento de Padres 2.0 Ser padres se ha vuelto mucho...","og_url":"https:\/\/everybrainmatters.org\/es\/movimiento-de-padres-2-0\/","og_site_name":"Every Brain Matters","article_modified_time":"2025-10-21T13:59:48+00:00","og_image":[{"width":1200,"height":254,"url":"https:\/\/everybrainmatters.org\/wp-content\/uploads\/2020\/03\/PM2-logo-online.jpg","type":"image\/jpeg"}],"twitter_card":"summary_large_image","twitter_misc":{"Est. reading time":"1 minuto"},"schema":{"@context":"https:\/\/schema.org","@graph":[{"@type":"WebPage","@id":"https:\/\/everybrainmatters.org\/es\/movimiento-de-padres-2-0\/","url":"https:\/\/everybrainmatters.org\/es\/movimiento-de-padres-2-0\/","name":"Movimiento de Padres 2.0 - Every Brain Matters","isPartOf":{"@id":"https:\/\/everybrainmatters.org\/es\/#website"},"primaryImageOfPage":{"@id":"https:\/\/everybrainmatters.org\/es\/movimiento-de-padres-2-0\/#primaryimage"},"image":{"@id":"https:\/\/everybrainmatters.org\/es\/movimiento-de-padres-2-0\/#primaryimage"},"thumbnailUrl":"https:\/\/everybrainmatters.org\/wp-content\/uploads\/2020\/03\/PM2-logo-online-1024x217.jpg","datePublished":"2020-10-07T19:33:29+00:00","dateModified":"2025-10-21T13:59:48+00:00","breadcrumb":{"@id":"https:\/\/everybrainmatters.org\/es\/movimiento-de-padres-2-0\/#breadcrumb"},"inLanguage":"es-ES","potentialAction":[{"@type":"ReadAction","target":["https:\/\/everybrainmatters.org\/es\/movimiento-de-padres-2-0\/"]}]},{"@type":"ImageObject","inLanguage":"es-ES","@id":"https:\/\/everybrainmatters.org\/es\/movimiento-de-padres-2-0\/#primaryimage","url":"https:\/\/everybrainmatters.org\/wp-content\/uploads\/2020\/03\/PM2-logo-online-1024x217.jpg","contentUrl":"https:\/\/everybrainmatters.org\/wp-content\/uploads\/2020\/03\/PM2-logo-online-1024x217.jpg"},{"@type":"BreadcrumbList","@id":"https:\/\/everybrainmatters.org\/es\/movimiento-de-padres-2-0\/#breadcrumb","itemListElement":[{"@type":"ListItem","position":1,"name":"Home","item":"https:\/\/everybrainmatters.org\/es\/"},{"@type":"ListItem","position":2,"name":"Movimiento de Padres 2.0"}]},{"@type":"WebSite","@id":"https:\/\/everybrainmatters.org\/es\/#website","url":"https:\/\/everybrainmatters.org\/es\/","name":"Every Brain Matters","description":"","publisher":{"@id":"https:\/\/everybrainmatters.org\/es\/#organization"},"potentialAction":[{"@type":"SearchAction","target":{"@type":"EntryPoint","urlTemplate":"https:\/\/everybrainmatters.org\/es\/?s={search_term_string}"},"query-input":{"@type":"PropertyValueSpecification","valueRequired":true,"valueName":"search_term_string"}}],"inLanguage":"es-ES"},{"@type":"Organization","@id":"https:\/\/everybrainmatters.org\/es\/#organization","name":"Every Brain Matters","url":"https:\/\/everybrainmatters.org\/es\/","logo":{"@type":"ImageObject","inLanguage":"es-ES","@id":"https:\/\/everybrainmatters.org\/es\/#\/schema\/logo\/image\/","url":"https:\/\/everybrainmatters.org\/wp-content\/uploads\/AllBrains_3.jpg","contentUrl":"https:\/\/everybrainmatters.org\/wp-content\/uploads\/AllBrains_3.jpg","width":1000,"height":1087,"caption":"Every Brain Matters"},"image":{"@id":"https:\/\/everybrainmatters.org\/es\/#\/schema\/logo\/image\/"}}]}},"_links":{"self":[{"href":"https:\/\/everybrainmatters.org\/es\/wp-json\/wp\/v2\/pages\/46742","targetHints":{"allow":["GET"]}}],"collection":[{"href":"https:\/\/everybrainmatters.org\/es\/wp-json\/wp\/v2\/pages"}],"about":[{"href":"https:\/\/everybrainmatters.org\/es\/wp-json\/wp\/v2\/types\/page"}],"author":[{"embeddable":true,"href":"https:\/\/everybrainmatters.org\/es\/wp-json\/wp\/v2\/users\/11"}],"replies":[{"embeddable":true,"href":"https:\/\/everybrainmatters.org\/es\/wp-json\/wp\/v2\/comments?post=46742"}],"version-history":[{"count":0,"href":"https:\/\/everybrainmatters.org\/es\/wp-json\/wp\/v2\/pages\/46742\/revisions"}],"wp:attachment":[{"href":"https:\/\/everybrainmatters.org\/es\/wp-json\/wp\/v2\/media?parent=46742"}],"curies":[{"name":"wp","href":"https:\/\/api.w.org\/{rel}","templated":true}]}}