{"id":46749,"date":"2020-10-07T11:41:07","date_gmt":"2020-10-07T16:41:07","guid":{"rendered":"https:\/\/everybrainmatters.org\/pagina-de-supervivientes\/"},"modified":"2025-10-21T09:00:39","modified_gmt":"2025-10-21T14:00:39","slug":"pagina-de-supervivientes","status":"publish","type":"page","link":"https:\/\/everybrainmatters.org\/es\/pagina-de-supervivientes\/","title":{"rendered":"P\u00e1gina de Supervivientes"},"content":{"rendered":"\n<p><\/p>\n\n<p class=\"has-huge-font-size\"> <\/p>\n\n<p class=\"has-text-align-center has-huge-font-size\">P\u00e1gina de Supervivientes<\/p>\n\n<p class=\"has-text-align-center has-medium-font-size\">Abrazamos a las personas que han sobrevivido y celebramos su recuperaci\u00f3n de los da\u00f1os de la marihuana.<\/p>\n\n<p class=\"has-text-align-center has-medium-font-size\">  Aprendemos de su experiencia, encontramos recursos de su fuerza para compartirlos y damos esperanza a los dem\u00e1s.  <\/p>\n\n<div class=\"wp-block-buttons aligncenter is-layout-flex wp-block-buttons-is-layout-flex\">\n<div class=\"wp-block-button\"><a class=\"wp-block-button__link has-white-color has-blue-background-color has-text-color has-background\" href=\"https:\/\/everybrainmatters.org\/es\/formulario-para-supervivientes\/\">\u00danete a nuestro grupo de supervivientes<\/a><\/div>\n<\/div>\n\n<p><\/p>\n\n<div class=\"wp-block-group py-5 is-style-width-full has-black-color has-green-background-color has-text-color has-background\"><div class=\"wp-block-group__inner-container is-layout-flow wp-block-group-is-layout-flow\">\n<div class=\"wp-block-columns is-layout-flex wp-container-core-columns-is-layout-9d6595d7 wp-block-columns-is-layout-flex\">\n<div class=\"wp-block-column align-self-center is-layout-flow wp-block-column-is-layout-flow\" style=\"flex-basis:58%\">\n<h2 class=\"wp-block-heading\">Ana Hassel<\/h2>\n\n\n\n<p class=\"has-medium-font-size\">Soy una fisioterapeuta que cre\u00eda tan firmemente en la marihuana medicinal que fui a trabajar a un dispensario de marihuana de Massachusetts durante un a\u00f1o y medio como cuidadora de cogollos. Tras consumir (dabbing) concentrados de THC t\u00f3xicos y contaminados de alta potencia, me envenen\u00e9 con metales pesados. Adem\u00e1s de los da\u00f1os f\u00edsicos, desarroll\u00e9 los 11 caracteres del CUD (Trastorno por Consumo de Cannabis) y la CIP (Psicosis Inducida por el Cannabis). Tuve la suerte de despertarme al da\u00f1o, dejar la industria de la marihuana y la marihuana. Encontr\u00e9 el valor para denunciar las pr\u00e1cticas poco \u00e9ticas, enga\u00f1osas y peligrosas de la industria de la marihuana. Mi esperanza es que la gente despierte a la realidad da\u00f1ina y a los peligros de la industria de la marihuana y sus productos.     <\/p>\n<\/div>\n\n\n\n<div class=\"wp-block-column is-layout-flow wp-block-column-is-layout-flow\" style=\"flex-basis:42%\">\n<figure class=\"wp-block-image size-large is-resized\"><img loading=\"lazy\" decoding=\"async\" src=\"https:\/\/everybrainmatters.org\/wp-content\/uploads\/IMG_20170825_184619330-576x1024.jpg\" alt=\"\" class=\"wp-image-18940\" width=\"288\" height=\"512\" srcset=\"https:\/\/everybrainmatters.org\/wp-content\/uploads\/IMG_20170825_184619330-576x1024.jpg 576w, https:\/\/everybrainmatters.org\/wp-content\/uploads\/IMG_20170825_184619330-169x300.jpg 169w, https:\/\/everybrainmatters.org\/wp-content\/uploads\/IMG_20170825_184619330-768x1365.jpg 768w, https:\/\/everybrainmatters.org\/wp-content\/uploads\/IMG_20170825_184619330-864x1536.jpg 864w, https:\/\/everybrainmatters.org\/wp-content\/uploads\/IMG_20170825_184619330-1152x2048.jpg 1152w, https:\/\/everybrainmatters.org\/wp-content\/uploads\/IMG_20170825_184619330-600x1067.jpg 600w, https:\/\/everybrainmatters.org\/wp-content\/uploads\/IMG_20170825_184619330-scaled.jpg 1440w\" sizes=\"auto, (max-width: 288px) 100vw, 288px\" \/><\/figure>\n<\/div>\n<\/div>\n<\/div><\/div>\n\n<div class=\"wp-block-columns is-layout-flex wp-container-core-columns-is-layout-9d6595d7 wp-block-columns-is-layout-flex\">\n<div class=\"wp-block-column is-layout-flow wp-block-column-is-layout-flow\" style=\"flex-basis:33.33%\"><\/div>\n\n\n\n<div class=\"wp-block-column is-layout-flow wp-block-column-is-layout-flow\" style=\"flex-basis:66.66%\"><\/div>\n<\/div>\n\n<div class=\"wp-block-group py-5 is-style-width-full has-yellow-background-color has-background\"><div class=\"wp-block-group__inner-container is-layout-flow wp-block-group-is-layout-flow\">\n<div class=\"wp-block-columns is-layout-flex wp-container-core-columns-is-layout-9d6595d7 wp-block-columns-is-layout-flex\">\n<div class=\"wp-block-column align-self-center is-layout-flow wp-block-column-is-layout-flow\" style=\"flex-basis:58%\">\n<h2 class=\"wp-block-heading\">George F. Spicka<\/h2>\n\n\n\n<p><em>Aqu\u00ed, en EE.UU., ha habido una lucha continua entre los que intentamos advertir al p\u00fablico, especialmente a los padres, sobre los peligros manifiestos de la marihuana, y la industria de la marihuana y sus grupos de presi\u00f3n, que difunden informaci\u00f3n err\u00f3nea de que la marihuana es inofensiva.<\/em><\/p>\n\n\n\n<p><em>Hablo por experiencia personal.  <\/em><\/p>\n\n\n\n<p><em>Me hice adicto a los 20 a\u00f1os y sufr\u00ed un colapso psic\u00f3tico poco despu\u00e9s de cumplir 25 a\u00f1os. En aquella \u00e9poca, los niveles de THC rondaban el 3%. <\/em><\/p>\n\n\n\n<p><em>A pesar de la dosis m\u00e1xima diaria de dos medicamentos distintos, sigo luchando contra la enfermedad mental incluso despu\u00e9s de 50 a\u00f1os.<\/em><\/p>\n\n\n\n<p><em>As\u00ed que, por lo que a m\u00ed respecta, cualquiera que diga que la marihuana es inofensiva no sabe de lo que habla.<\/em><\/p>\n\n\n\n<p><em>Sin embargo, las personas preocupadas como yo son ampliamente denigradas como \u00abprohibicionistas\u00bb. Eso incluye al Cirujano General de EE.UU., a los Centros para el Control y la Prevenci\u00f3n de Enfermedades, a la Asociaci\u00f3n M\u00e9dica Americana, a la Asociaci\u00f3n Americana del Coraz\u00f3n, a los Institutos Nacionales de Salud, a la Academia Americana de Pediatr\u00eda, a la Asociaci\u00f3n Europea del Coraz\u00f3n y a muchas otras organizaciones sanitarias importantes, adem\u00e1s de un n\u00famero cada vez mayor de padres que hacen o\u00edr su voz, en relaci\u00f3n con el sufrimiento y la pena por los que han pasado sus hijos y ellos mismos. <\/em><\/p>\n\n\n\n<p><em>No entiendo c\u00f3mo se puede ignorar el sufrimiento de los ni\u00f1os, pero es una cruda realidad.<\/em><\/p>\n\n\n\n<p><a href=\"https:\/\/www.msac.org\/touring-artists-roster\/george-spicka-composer\">George ha compuesto m\u00e1s de 670 obras, entre jazz y m\u00fasica cl\u00e1sica moderna\/latina, rock y funk\/educativo, country-rock y culto<\/a>.<br\/><br\/>Entre sus actuaciones en Baltimore se incluyen Artscape, Light City Baltimore, Free Fall Baltimore y An die Musik.<br\/><br\/>Ha actuado en el Kennedy Center y se ha presentado dos veces en Greenwich Village.  <\/p>\n\n\n\n<p>George tambi\u00e9n es un artista de talento. Puedes ver sus obras de arte en este<a href=\"https:\/\/georgespicka.weebly.com\/art-work.html\"> enlace<\/a>. <\/p>\n\n\n\n<p><em>George F. Spicka<\/em><\/p>\n\n\n\n<p><em>Baltimore, MD EE.UU.<\/em><\/p>\n\n\n\n<div class=\"wp-block-buttons mt-4 is-layout-flex wp-block-buttons-is-layout-flex\">\n<div class=\"wp-block-button\"><a class=\"wp-block-button__link has-white-color has-blue-background-color has-text-color has-background\" href=\"https:\/\/georgespicka.weebly.com\/marijuana-links.html\">Visita el sitio web de George  <\/a><\/div>\n<\/div>\n<\/div>\n\n\n\n<div class=\"wp-block-column is-layout-flow wp-block-column-is-layout-flow\" style=\"flex-basis:42%\">\n<figure class=\"wp-block-image size-large is-resized\"><img loading=\"lazy\" decoding=\"async\" src=\"https:\/\/everybrainmatters.org\/wp-content\/uploads\/download-4.jpg\" alt=\"\" class=\"wp-image-19054\" width=\"225\" height=\"225\" srcset=\"https:\/\/everybrainmatters.org\/wp-content\/uploads\/download-4.jpg 225w, https:\/\/everybrainmatters.org\/wp-content\/uploads\/download-4-150x150.jpg 150w, https:\/\/everybrainmatters.org\/wp-content\/uploads\/download-4-100x100.jpg 100w\" sizes=\"auto, (max-width: 225px) 100vw, 225px\" \/><\/figure>\n<\/div>\n<\/div>\n<\/div><\/div>\n","protected":false},"excerpt":{"rendered":"<p>P\u00e1gina de Supervivientes Abrazamos a las personas que han sobrevivido y celebramos su recuperaci\u00f3n de los da\u00f1os de la marihuana&#8230;.<\/p>\n","protected":false},"author":11,"featured_media":0,"parent":0,"menu_order":0,"comment_status":"closed","ping_status":"closed","template":"page-fullwidth.php","meta":{"_acf_changed":false,"_editorskit_title_hidden":false,"_editorskit_reading_time":0,"_editorskit_is_block_options_detached":false,"_editorskit_block_options_position":"{}","footnotes":""},"class_list":["post-46749","page","type-page","status-publish","hentry"],"acf":[],"yoast_head":"<!-- This site is optimized with the Yoast SEO plugin v26.1.1 - https:\/\/yoast.com\/wordpress\/plugins\/seo\/ -->\n<title>P\u00e1gina de Supervivientes - Every Brain Matters<\/title>\n<meta name=\"robots\" content=\"index, follow, max-snippet:-1, max-image-preview:large, max-video-preview:-1\" \/>\n<link rel=\"canonical\" href=\"https:\/\/everybrainmatters.org\/es\/pagina-de-supervivientes\/\" \/>\n<meta property=\"og:locale\" content=\"es_ES\" \/>\n<meta property=\"og:type\" content=\"article\" \/>\n<meta property=\"og:title\" content=\"P\u00e1gina de Supervivientes - Every Brain Matters\" \/>\n<meta property=\"og:description\" content=\"P\u00e1gina de Supervivientes Abrazamos a las personas que han sobrevivido y celebramos su recuperaci\u00f3n de los da\u00f1os de la marihuana....\" \/>\n<meta property=\"og:url\" content=\"https:\/\/everybrainmatters.org\/es\/pagina-de-supervivientes\/\" \/>\n<meta property=\"og:site_name\" content=\"Every Brain Matters\" \/>\n<meta property=\"article:modified_time\" content=\"2025-10-21T14:00:39+00:00\" \/>\n<meta property=\"og:image\" content=\"https:\/\/everybrainmatters.org\/wp-content\/uploads\/IMG_20170825_184619330-scaled.jpg\" \/>\n\t<meta property=\"og:image:width\" content=\"1440\" \/>\n\t<meta property=\"og:image:height\" content=\"2560\" \/>\n\t<meta property=\"og:image:type\" content=\"image\/jpeg\" \/>\n<meta name=\"twitter:card\" content=\"summary_large_image\" \/>\n<meta name=\"twitter:label1\" content=\"Est. reading time\" \/>\n\t<meta name=\"twitter:data1\" content=\"3 minutos\" \/>\n<script type=\"application\/ld+json\" class=\"yoast-schema-graph\">{\"@context\":\"https:\/\/schema.org\",\"@graph\":[{\"@type\":\"WebPage\",\"@id\":\"https:\/\/everybrainmatters.org\/es\/pagina-de-supervivientes\/\",\"url\":\"https:\/\/everybrainmatters.org\/es\/pagina-de-supervivientes\/\",\"name\":\"P\u00e1gina de Supervivientes - Every Brain Matters\",\"isPartOf\":{\"@id\":\"https:\/\/everybrainmatters.org\/es\/#website\"},\"primaryImageOfPage\":{\"@id\":\"https:\/\/everybrainmatters.org\/es\/pagina-de-supervivientes\/#primaryimage\"},\"image\":{\"@id\":\"https:\/\/everybrainmatters.org\/es\/pagina-de-supervivientes\/#primaryimage\"},\"thumbnailUrl\":\"https:\/\/everybrainmatters.org\/wp-content\/uploads\/IMG_20170825_184619330-576x1024.jpg\",\"datePublished\":\"2020-10-07T16:41:07+00:00\",\"dateModified\":\"2025-10-21T14:00:39+00:00\",\"breadcrumb\":{\"@id\":\"https:\/\/everybrainmatters.org\/es\/pagina-de-supervivientes\/#breadcrumb\"},\"inLanguage\":\"es-ES\",\"potentialAction\":[{\"@type\":\"ReadAction\",\"target\":[\"https:\/\/everybrainmatters.org\/es\/pagina-de-supervivientes\/\"]}]},{\"@type\":\"ImageObject\",\"inLanguage\":\"es-ES\",\"@id\":\"https:\/\/everybrainmatters.org\/es\/pagina-de-supervivientes\/#primaryimage\",\"url\":\"https:\/\/everybrainmatters.org\/wp-content\/uploads\/IMG_20170825_184619330-576x1024.jpg\",\"contentUrl\":\"https:\/\/everybrainmatters.org\/wp-content\/uploads\/IMG_20170825_184619330-576x1024.jpg\"},{\"@type\":\"BreadcrumbList\",\"@id\":\"https:\/\/everybrainmatters.org\/es\/pagina-de-supervivientes\/#breadcrumb\",\"itemListElement\":[{\"@type\":\"ListItem\",\"position\":1,\"name\":\"Home\",\"item\":\"https:\/\/everybrainmatters.org\/es\/\"},{\"@type\":\"ListItem\",\"position\":2,\"name\":\"P\u00e1gina de Supervivientes\"}]},{\"@type\":\"WebSite\",\"@id\":\"https:\/\/everybrainmatters.org\/es\/#website\",\"url\":\"https:\/\/everybrainmatters.org\/es\/\",\"name\":\"Every Brain Matters\",\"description\":\"\",\"publisher\":{\"@id\":\"https:\/\/everybrainmatters.org\/es\/#organization\"},\"potentialAction\":[{\"@type\":\"SearchAction\",\"target\":{\"@type\":\"EntryPoint\",\"urlTemplate\":\"https:\/\/everybrainmatters.org\/es\/?s={search_term_string}\"},\"query-input\":{\"@type\":\"PropertyValueSpecification\",\"valueRequired\":true,\"valueName\":\"search_term_string\"}}],\"inLanguage\":\"es-ES\"},{\"@type\":\"Organization\",\"@id\":\"https:\/\/everybrainmatters.org\/es\/#organization\",\"name\":\"Every Brain Matters\",\"url\":\"https:\/\/everybrainmatters.org\/es\/\",\"logo\":{\"@type\":\"ImageObject\",\"inLanguage\":\"es-ES\",\"@id\":\"https:\/\/everybrainmatters.org\/es\/#\/schema\/logo\/image\/\",\"url\":\"https:\/\/everybrainmatters.org\/wp-content\/uploads\/AllBrains_3.jpg\",\"contentUrl\":\"https:\/\/everybrainmatters.org\/wp-content\/uploads\/AllBrains_3.jpg\",\"width\":1000,\"height\":1087,\"caption\":\"Every Brain Matters\"},\"image\":{\"@id\":\"https:\/\/everybrainmatters.org\/es\/#\/schema\/logo\/image\/\"}}]}<\/script>\n<!-- \/ Yoast SEO plugin. -->","yoast_head_json":{"title":"P\u00e1gina de Supervivientes - Every Brain Matters","robots":{"index":"index","follow":"follow","max-snippet":"max-snippet:-1","max-image-preview":"max-image-preview:large","max-video-preview":"max-video-preview:-1"},"canonical":"https:\/\/everybrainmatters.org\/es\/pagina-de-supervivientes\/","og_locale":"es_ES","og_type":"article","og_title":"P\u00e1gina de Supervivientes - Every Brain Matters","og_description":"P\u00e1gina de Supervivientes Abrazamos a las personas que han sobrevivido y celebramos su recuperaci\u00f3n de los da\u00f1os de la marihuana....","og_url":"https:\/\/everybrainmatters.org\/es\/pagina-de-supervivientes\/","og_site_name":"Every Brain Matters","article_modified_time":"2025-10-21T14:00:39+00:00","og_image":[{"width":1440,"height":2560,"url":"https:\/\/everybrainmatters.org\/wp-content\/uploads\/IMG_20170825_184619330-scaled.jpg","type":"image\/jpeg"}],"twitter_card":"summary_large_image","twitter_misc":{"Est. reading time":"3 minutos"},"schema":{"@context":"https:\/\/schema.org","@graph":[{"@type":"WebPage","@id":"https:\/\/everybrainmatters.org\/es\/pagina-de-supervivientes\/","url":"https:\/\/everybrainmatters.org\/es\/pagina-de-supervivientes\/","name":"P\u00e1gina de Supervivientes - Every Brain Matters","isPartOf":{"@id":"https:\/\/everybrainmatters.org\/es\/#website"},"primaryImageOfPage":{"@id":"https:\/\/everybrainmatters.org\/es\/pagina-de-supervivientes\/#primaryimage"},"image":{"@id":"https:\/\/everybrainmatters.org\/es\/pagina-de-supervivientes\/#primaryimage"},"thumbnailUrl":"https:\/\/everybrainmatters.org\/wp-content\/uploads\/IMG_20170825_184619330-576x1024.jpg","datePublished":"2020-10-07T16:41:07+00:00","dateModified":"2025-10-21T14:00:39+00:00","breadcrumb":{"@id":"https:\/\/everybrainmatters.org\/es\/pagina-de-supervivientes\/#breadcrumb"},"inLanguage":"es-ES","potentialAction":[{"@type":"ReadAction","target":["https:\/\/everybrainmatters.org\/es\/pagina-de-supervivientes\/"]}]},{"@type":"ImageObject","inLanguage":"es-ES","@id":"https:\/\/everybrainmatters.org\/es\/pagina-de-supervivientes\/#primaryimage","url":"https:\/\/everybrainmatters.org\/wp-content\/uploads\/IMG_20170825_184619330-576x1024.jpg","contentUrl":"https:\/\/everybrainmatters.org\/wp-content\/uploads\/IMG_20170825_184619330-576x1024.jpg"},{"@type":"BreadcrumbList","@id":"https:\/\/everybrainmatters.org\/es\/pagina-de-supervivientes\/#breadcrumb","itemListElement":[{"@type":"ListItem","position":1,"name":"Home","item":"https:\/\/everybrainmatters.org\/es\/"},{"@type":"ListItem","position":2,"name":"P\u00e1gina de Supervivientes"}]},{"@type":"WebSite","@id":"https:\/\/everybrainmatters.org\/es\/#website","url":"https:\/\/everybrainmatters.org\/es\/","name":"Every Brain Matters","description":"","publisher":{"@id":"https:\/\/everybrainmatters.org\/es\/#organization"},"potentialAction":[{"@type":"SearchAction","target":{"@type":"EntryPoint","urlTemplate":"https:\/\/everybrainmatters.org\/es\/?s={search_term_string}"},"query-input":{"@type":"PropertyValueSpecification","valueRequired":true,"valueName":"search_term_string"}}],"inLanguage":"es-ES"},{"@type":"Organization","@id":"https:\/\/everybrainmatters.org\/es\/#organization","name":"Every Brain Matters","url":"https:\/\/everybrainmatters.org\/es\/","logo":{"@type":"ImageObject","inLanguage":"es-ES","@id":"https:\/\/everybrainmatters.org\/es\/#\/schema\/logo\/image\/","url":"https:\/\/everybrainmatters.org\/wp-content\/uploads\/AllBrains_3.jpg","contentUrl":"https:\/\/everybrainmatters.org\/wp-content\/uploads\/AllBrains_3.jpg","width":1000,"height":1087,"caption":"Every Brain Matters"},"image":{"@id":"https:\/\/everybrainmatters.org\/es\/#\/schema\/logo\/image\/"}}]}},"_links":{"self":[{"href":"https:\/\/everybrainmatters.org\/es\/wp-json\/wp\/v2\/pages\/46749","targetHints":{"allow":["GET"]}}],"collection":[{"href":"https:\/\/everybrainmatters.org\/es\/wp-json\/wp\/v2\/pages"}],"about":[{"href":"https:\/\/everybrainmatters.org\/es\/wp-json\/wp\/v2\/types\/page"}],"author":[{"embeddable":true,"href":"https:\/\/everybrainmatters.org\/es\/wp-json\/wp\/v2\/users\/11"}],"replies":[{"embeddable":true,"href":"https:\/\/everybrainmatters.org\/es\/wp-json\/wp\/v2\/comments?post=46749"}],"version-history":[{"count":0,"href":"https:\/\/everybrainmatters.org\/es\/wp-json\/wp\/v2\/pages\/46749\/revisions"}],"wp:attachment":[{"href":"https:\/\/everybrainmatters.org\/es\/wp-json\/wp\/v2\/media?parent=46749"}],"curies":[{"name":"wp","href":"https:\/\/api.w.org\/{rel}","templated":true}]}}