{"id":46752,"date":"2020-09-04T14:01:53","date_gmt":"2020-09-04T19:01:53","guid":{"rendered":"https:\/\/everybrainmatters.org\/seminarios-web-2\/"},"modified":"2025-10-21T09:00:45","modified_gmt":"2025-10-21T14:00:45","slug":"seminarios-web-2","status":"publish","type":"page","link":"https:\/\/everybrainmatters.org\/es\/recursos\/seminarios-web-2\/","title":{"rendered":"Seminarios web"},"content":{"rendered":"\n<p><\/p>\n\n<p><\/p>\n\n<p class=\"has-text-align-center has-huge-font-size\">Seminarios web<\/p>\n\n<div class=\"wp-block-group py-5 is-style-width-full has-blue-color has-green-background-color has-text-color has-background\"><div class=\"wp-block-group__inner-container is-layout-flow wp-block-group-is-layout-flow\">\n<div class=\"wp-block-columns is-layout-flex wp-container-core-columns-is-layout-9d6595d7 wp-block-columns-is-layout-flex\">\n<div class=\"wp-block-column align-self-center is-layout-flow wp-block-column-is-layout-flow\" style=\"flex-basis:58%\">\n<h2 class=\"wp-block-heading\">Seminarios web \u00abCada cerebro es importante<\/h2>\n\n\n\n<p class=\"has-medium-font-size\">Every Brain Matters es una alianza unificadora de organizaciones y personas que educan sobre los peligros de la marihuana y la expansi\u00f3n de la cultura de la droga. Pedimos un movimiento cultural fomentando el uso generalizado de la mercanc\u00eda Cada Cerebro Importa para concienciar visualmente al p\u00fablico, y promoviendo una salud cerebral y medioambiental \u00f3ptimas. <\/p>\n\n\n\n<div class=\"wp-block-buttons mt-4 is-layout-flex wp-block-buttons-is-layout-flex\">\n<div class=\"wp-block-button\"><a class=\"wp-block-button__link has-white-color has-blue-background-color has-text-color has-background\" href=\"https:\/\/www.youtube.com\/channel\/UCYm3zDuyx-ENVyliOOjdSmA?view_as=subscriber\" target=\"_blank\" rel=\"noreferrer noopener\">Ver seminarios web sobre EBM<\/a><\/div>\n<\/div>\n<\/div>\n\n\n\n<div class=\"wp-block-column is-layout-flow wp-block-column-is-layout-flow\" style=\"flex-basis:42%\">\n<figure class=\"wp-block-image size-full\"><a href=\"https:\/\/www.youtube.com\/channel\/UCYm3zDuyx-ENVyliOOjdSmA?view_as=subscriber\" target=\"_blank\" rel=\"noopener noreferrer\"><img loading=\"lazy\" decoding=\"async\" width=\"1000\" height=\"1087\" src=\"https:\/\/everybrainmatters.org\/wp-content\/uploads\/AllBrains_3.jpg\" alt=\"\" class=\"wp-image-17115\" srcset=\"https:\/\/everybrainmatters.org\/wp-content\/uploads\/AllBrains_3.jpg 1000w, https:\/\/everybrainmatters.org\/wp-content\/uploads\/AllBrains_3-600x652.jpg 600w, https:\/\/everybrainmatters.org\/wp-content\/uploads\/AllBrains_3-276x300.jpg 276w, https:\/\/everybrainmatters.org\/wp-content\/uploads\/AllBrains_3-942x1024.jpg 942w, https:\/\/everybrainmatters.org\/wp-content\/uploads\/AllBrains_3-768x835.jpg 768w\" sizes=\"auto, (max-width: 1000px) 100vw, 1000px\" \/><\/a><\/figure>\n<\/div>\n<\/div>\n<\/div><\/div>\n\n<div class=\"wp-block-group py-5 is-style-width-full has-yellow-background-color has-background\"><div class=\"wp-block-group__inner-container is-layout-flow wp-block-group-is-layout-flow\">\n<div class=\"wp-block-columns is-layout-flex wp-container-core-columns-is-layout-9d6595d7 wp-block-columns-is-layout-flex\">\n<div class=\"wp-block-column align-self-center is-layout-flow wp-block-column-is-layout-flow\" style=\"flex-basis:58%\">\n<h2 class=\"wp-block-heading\">Familias Nacionales en Acci\u00f3n, podcasts sobre marihuana<\/h2>\n\n\n\n<p class=\"has-medium-font-size\">\u00bfQu\u00e9 necesito saber sobre la marihuana?<\/p>\n\n\n\n<div class=\"wp-block-buttons mt-4 is-layout-flex wp-block-buttons-is-layout-flex\">\n<div class=\"wp-block-button is-style-fill\"><a class=\"wp-block-button__link has-white-color has-blue-background-color has-text-color has-background\" href=\"https:\/\/www.nationalfamilies.org\/science_advisory_board\/podcasts.html\" target=\"_blank\" rel=\"noreferrer noopener\">Ver todos los podcasts<\/a><\/div>\n<\/div>\n<\/div>\n\n\n\n<div class=\"wp-block-column is-layout-flow wp-block-column-is-layout-flow\" style=\"flex-basis:42%\">\n<figure class=\"wp-block-image size-large\"><a href=\"https:\/\/www.nationalfamilies.org\/science_advisory_board\/podcasts.html\" target=\"_blank\" rel=\"noopener noreferrer\"><img loading=\"lazy\" decoding=\"async\" width=\"334\" height=\"151\" src=\"https:\/\/everybrainmatters.org\/wp-content\/uploads\/National-Families-in-Action.jpg\" alt=\"\" class=\"wp-image-17275\" srcset=\"https:\/\/everybrainmatters.org\/wp-content\/uploads\/National-Families-in-Action.jpg 334w, https:\/\/everybrainmatters.org\/wp-content\/uploads\/National-Families-in-Action-300x136.jpg 300w\" sizes=\"auto, (max-width: 334px) 100vw, 334px\" \/><\/a><\/figure>\n<\/div>\n<\/div>\n<\/div><\/div>\n\n<div class=\"wp-block-group py-5 is-style-width-full has-blue-color has-green-background-color has-text-color has-background\"><div class=\"wp-block-group__inner-container is-layout-flow wp-block-group-is-layout-flow\">\n<div class=\"wp-block-columns is-layout-flex wp-container-core-columns-is-layout-9d6595d7 wp-block-columns-is-layout-flex\">\n<div class=\"wp-block-column align-self-center is-layout-flow wp-block-column-is-layout-flow\" style=\"flex-basis:58%\">\n<h2 class=\"wp-block-heading\">Embajadores de Johnny  <\/h2>\n\n\n\n<p class=\"has-medium-font-size\">En consonancia con nuestra misi\u00f3n, los Embajadores de Johnny se complacen en ofrecer formaci\u00f3n especializada para padres sobre el abuso de sustancias, la salud mental y la prevenci\u00f3n del suicidio juvenil. Estos seminarios web son GRATUITOS para los participantes, gracias a las amables donaciones de nuestros simpatizantes. Si no puedes asistir \u00aben directo\u00bb, inscr\u00edbete de todos modos, ya que despu\u00e9s se facilitar\u00e1 la grabaci\u00f3n a todos los participantes. Cuando te registres, recibir\u00e1s informaci\u00f3n de acceso y actualizaciones por correo electr\u00f3nico. Todas las horas indicadas corresponden a la zona horaria de las Monta\u00f1as..    <\/p>\n\n\n\n<div class=\"wp-block-buttons mt-4 is-layout-flex wp-block-buttons-is-layout-flex\">\n<div class=\"wp-block-button\"><a class=\"wp-block-button__link has-white-color has-blue-background-color has-text-color has-background\" href=\"https:\/\/johnnysambassadors.org\/webinars\/\" target=\"_blank\" rel=\"noreferrer noopener\">SERIE DE SEMINARIOS WEB DE EXPERTOS PARA PADRES<\/a><\/div>\n<\/div>\n<\/div>\n\n\n\n<div class=\"wp-block-column is-layout-flow wp-block-column-is-layout-flow\" style=\"flex-basis:42%\">\n<figure class=\"wp-block-image size-large\"><a href=\"https:\/\/johnnysambassadors.org\/webinars\/\" target=\"_blank\" rel=\"noopener noreferrer\"><img loading=\"lazy\" decoding=\"async\" width=\"768\" height=\"576\" src=\"https:\/\/everybrainmatters.org\/wp-content\/uploads\/201120-Stack-art-3-768x576-1.jpg\" alt=\"\" class=\"wp-image-17707\" srcset=\"https:\/\/everybrainmatters.org\/wp-content\/uploads\/201120-Stack-art-3-768x576-1.jpg 768w, https:\/\/everybrainmatters.org\/wp-content\/uploads\/201120-Stack-art-3-768x576-1-600x450.jpg 600w, https:\/\/everybrainmatters.org\/wp-content\/uploads\/201120-Stack-art-3-768x576-1-300x225.jpg 300w\" sizes=\"auto, (max-width: 768px) 100vw, 768px\" \/><\/a><\/figure>\n<\/div>\n<\/div>\n<\/div><\/div>\n\n<div class=\"wp-block-group py-5 is-style-width-full has-yellow-background-color has-background\"><div class=\"wp-block-group__inner-container is-layout-flow wp-block-group-is-layout-flow\">\n<div class=\"wp-block-columns is-layout-flex wp-container-core-columns-is-layout-9d6595d7 wp-block-columns-is-layout-flex\">\n<div class=\"wp-block-column align-self-center is-layout-flow wp-block-column-is-layout-flow\" style=\"flex-basis:58%\">\n<h2 class=\"wp-block-heading\">SAM, Enfoques Inteligentes de la Marihuana<\/h2>\n\n\n\n<p class=\"has-medium-font-size\">Smart Approaches to Marijuana (SAM) es una alianza de organizaciones y personas dedicadas a un enfoque de la pol\u00edtica sobre la marihuana que d\u00e9 prioridad a la salud. Somos profesionales que trabajamos en salud mental y salud p\u00fablica. Somos bipartidistas. Somos m\u00e9dicos, legisladores, proveedores de tratamiento, prevencionistas, profesores, agentes del orden y otras personas que buscan un camino intermedio entre el encarcelamiento y la legalizaci\u00f3n. Nuestro enfoque de sentido com\u00fan y de tercera v\u00eda respecto a la pol\u00edtica sobre la marihuana se basa en una ciencia acreditada y en principios s\u00f3lidos de salud y seguridad p\u00fablicas.    <\/p>\n\n\n\n<div class=\"wp-block-buttons mt-4 is-layout-flex wp-block-buttons-is-layout-flex\">\n<div class=\"wp-block-button\"><a class=\"wp-block-button__link has-white-color has-blue-background-color has-text-color has-background\" href=\"https:\/\/www.youtube.com\/c\/SmartApproachestoMarijuanaSAM\/featured\" target=\"_blank\" rel=\"noreferrer noopener\">SABER M\u00c1S  <\/a><\/div>\n<\/div>\n<\/div>\n\n\n\n<div class=\"wp-block-column is-layout-flow wp-block-column-is-layout-flow\" style=\"flex-basis:42%\">\n<figure class=\"wp-block-image size-large\"><a href=\"https:\/\/www.youtube.com\/c\/SmartApproachestoMarijuanaSAM\/featured\" target=\"_blank\" rel=\"noopener noreferrer\"><img loading=\"lazy\" decoding=\"async\" width=\"540\" height=\"167\" src=\"https:\/\/everybrainmatters.org\/wp-content\/uploads\/SAM-2018-Logo.png\" alt=\"\" class=\"wp-image-17710\" srcset=\"https:\/\/everybrainmatters.org\/wp-content\/uploads\/SAM-2018-Logo.png 540w, https:\/\/everybrainmatters.org\/wp-content\/uploads\/SAM-2018-Logo-300x93.png 300w\" sizes=\"auto, (max-width: 540px) 100vw, 540px\" \/><\/a><\/figure>\n<\/div>\n<\/div>\n<\/div><\/div>\n","protected":false},"excerpt":{"rendered":"<p>Seminarios web Seminarios web \u00abCada cerebro es importante Every Brain Matters es una alianza unificadora de organizaciones y personas que&#8230;<\/p>\n","protected":false},"author":12,"featured_media":0,"parent":46758,"menu_order":0,"comment_status":"closed","ping_status":"closed","template":"page-fullwidth.php","meta":{"_acf_changed":false,"_editorskit_title_hidden":false,"_editorskit_reading_time":0,"_editorskit_is_block_options_detached":false,"_editorskit_block_options_position":"{}","footnotes":""},"class_list":["post-46752","page","type-page","status-publish","hentry"],"acf":[],"yoast_head":"<!-- This site is optimized with the Yoast SEO plugin v26.1.1 - https:\/\/yoast.com\/wordpress\/plugins\/seo\/ -->\n<title>Seminarios web - Every Brain Matters<\/title>\n<meta name=\"robots\" content=\"index, follow, max-snippet:-1, max-image-preview:large, max-video-preview:-1\" \/>\n<link rel=\"canonical\" href=\"https:\/\/everybrainmatters.org\/es\/recursos\/seminarios-web-2\/\" \/>\n<meta property=\"og:locale\" content=\"es_ES\" \/>\n<meta property=\"og:type\" content=\"article\" \/>\n<meta property=\"og:title\" content=\"Seminarios web - Every Brain Matters\" \/>\n<meta property=\"og:description\" content=\"Seminarios web Seminarios web \u00abCada cerebro es importante Every Brain Matters es una alianza unificadora de organizaciones y personas que...\" \/>\n<meta property=\"og:url\" content=\"https:\/\/everybrainmatters.org\/es\/recursos\/seminarios-web-2\/\" \/>\n<meta property=\"og:site_name\" content=\"Every Brain Matters\" \/>\n<meta property=\"article:modified_time\" content=\"2025-10-21T14:00:45+00:00\" \/>\n<meta property=\"og:image\" content=\"https:\/\/everybrainmatters.org\/wp-content\/uploads\/AllBrains_3.jpg\" \/>\n\t<meta property=\"og:image:width\" content=\"1000\" \/>\n\t<meta property=\"og:image:height\" content=\"1087\" \/>\n\t<meta property=\"og:image:type\" content=\"image\/jpeg\" \/>\n<meta name=\"twitter:card\" content=\"summary_large_image\" \/>\n<meta name=\"twitter:label1\" content=\"Est. reading time\" \/>\n\t<meta name=\"twitter:data1\" content=\"2 minutos\" \/>\n<script type=\"application\/ld+json\" class=\"yoast-schema-graph\">{\"@context\":\"https:\/\/schema.org\",\"@graph\":[{\"@type\":\"WebPage\",\"@id\":\"https:\/\/everybrainmatters.org\/es\/recursos\/seminarios-web-2\/\",\"url\":\"https:\/\/everybrainmatters.org\/es\/recursos\/seminarios-web-2\/\",\"name\":\"Seminarios web - Every Brain Matters\",\"isPartOf\":{\"@id\":\"https:\/\/everybrainmatters.org\/es\/#website\"},\"primaryImageOfPage\":{\"@id\":\"https:\/\/everybrainmatters.org\/es\/recursos\/seminarios-web-2\/#primaryimage\"},\"image\":{\"@id\":\"https:\/\/everybrainmatters.org\/es\/recursos\/seminarios-web-2\/#primaryimage\"},\"thumbnailUrl\":\"https:\/\/everybrainmatters.org\/wp-content\/uploads\/AllBrains_3.jpg\",\"datePublished\":\"2020-09-04T19:01:53+00:00\",\"dateModified\":\"2025-10-21T14:00:45+00:00\",\"breadcrumb\":{\"@id\":\"https:\/\/everybrainmatters.org\/es\/recursos\/seminarios-web-2\/#breadcrumb\"},\"inLanguage\":\"es-ES\",\"potentialAction\":[{\"@type\":\"ReadAction\",\"target\":[\"https:\/\/everybrainmatters.org\/es\/recursos\/seminarios-web-2\/\"]}]},{\"@type\":\"ImageObject\",\"inLanguage\":\"es-ES\",\"@id\":\"https:\/\/everybrainmatters.org\/es\/recursos\/seminarios-web-2\/#primaryimage\",\"url\":\"https:\/\/everybrainmatters.org\/wp-content\/uploads\/AllBrains_3.jpg\",\"contentUrl\":\"https:\/\/everybrainmatters.org\/wp-content\/uploads\/AllBrains_3.jpg\"},{\"@type\":\"BreadcrumbList\",\"@id\":\"https:\/\/everybrainmatters.org\/es\/recursos\/seminarios-web-2\/#breadcrumb\",\"itemListElement\":[{\"@type\":\"ListItem\",\"position\":1,\"name\":\"Home\",\"item\":\"https:\/\/everybrainmatters.org\/es\/\"},{\"@type\":\"ListItem\",\"position\":2,\"name\":\"Seminarios web\"}]},{\"@type\":\"WebSite\",\"@id\":\"https:\/\/everybrainmatters.org\/es\/#website\",\"url\":\"https:\/\/everybrainmatters.org\/es\/\",\"name\":\"Every Brain Matters\",\"description\":\"\",\"publisher\":{\"@id\":\"https:\/\/everybrainmatters.org\/es\/#organization\"},\"potentialAction\":[{\"@type\":\"SearchAction\",\"target\":{\"@type\":\"EntryPoint\",\"urlTemplate\":\"https:\/\/everybrainmatters.org\/es\/?s={search_term_string}\"},\"query-input\":{\"@type\":\"PropertyValueSpecification\",\"valueRequired\":true,\"valueName\":\"search_term_string\"}}],\"inLanguage\":\"es-ES\"},{\"@type\":\"Organization\",\"@id\":\"https:\/\/everybrainmatters.org\/es\/#organization\",\"name\":\"Every Brain Matters\",\"url\":\"https:\/\/everybrainmatters.org\/es\/\",\"logo\":{\"@type\":\"ImageObject\",\"inLanguage\":\"es-ES\",\"@id\":\"https:\/\/everybrainmatters.org\/es\/#\/schema\/logo\/image\/\",\"url\":\"https:\/\/everybrainmatters.org\/wp-content\/uploads\/AllBrains_3.jpg\",\"contentUrl\":\"https:\/\/everybrainmatters.org\/wp-content\/uploads\/AllBrains_3.jpg\",\"width\":1000,\"height\":1087,\"caption\":\"Every Brain Matters\"},\"image\":{\"@id\":\"https:\/\/everybrainmatters.org\/es\/#\/schema\/logo\/image\/\"}}]}<\/script>\n<!-- \/ Yoast SEO plugin. -->","yoast_head_json":{"title":"Seminarios web - Every Brain Matters","robots":{"index":"index","follow":"follow","max-snippet":"max-snippet:-1","max-image-preview":"max-image-preview:large","max-video-preview":"max-video-preview:-1"},"canonical":"https:\/\/everybrainmatters.org\/es\/recursos\/seminarios-web-2\/","og_locale":"es_ES","og_type":"article","og_title":"Seminarios web - Every Brain Matters","og_description":"Seminarios web Seminarios web \u00abCada cerebro es importante Every Brain Matters es una alianza unificadora de organizaciones y personas que...","og_url":"https:\/\/everybrainmatters.org\/es\/recursos\/seminarios-web-2\/","og_site_name":"Every Brain Matters","article_modified_time":"2025-10-21T14:00:45+00:00","og_image":[{"width":1000,"height":1087,"url":"https:\/\/everybrainmatters.org\/wp-content\/uploads\/AllBrains_3.jpg","type":"image\/jpeg"}],"twitter_card":"summary_large_image","twitter_misc":{"Est. reading time":"2 minutos"},"schema":{"@context":"https:\/\/schema.org","@graph":[{"@type":"WebPage","@id":"https:\/\/everybrainmatters.org\/es\/recursos\/seminarios-web-2\/","url":"https:\/\/everybrainmatters.org\/es\/recursos\/seminarios-web-2\/","name":"Seminarios web - Every Brain Matters","isPartOf":{"@id":"https:\/\/everybrainmatters.org\/es\/#website"},"primaryImageOfPage":{"@id":"https:\/\/everybrainmatters.org\/es\/recursos\/seminarios-web-2\/#primaryimage"},"image":{"@id":"https:\/\/everybrainmatters.org\/es\/recursos\/seminarios-web-2\/#primaryimage"},"thumbnailUrl":"https:\/\/everybrainmatters.org\/wp-content\/uploads\/AllBrains_3.jpg","datePublished":"2020-09-04T19:01:53+00:00","dateModified":"2025-10-21T14:00:45+00:00","breadcrumb":{"@id":"https:\/\/everybrainmatters.org\/es\/recursos\/seminarios-web-2\/#breadcrumb"},"inLanguage":"es-ES","potentialAction":[{"@type":"ReadAction","target":["https:\/\/everybrainmatters.org\/es\/recursos\/seminarios-web-2\/"]}]},{"@type":"ImageObject","inLanguage":"es-ES","@id":"https:\/\/everybrainmatters.org\/es\/recursos\/seminarios-web-2\/#primaryimage","url":"https:\/\/everybrainmatters.org\/wp-content\/uploads\/AllBrains_3.jpg","contentUrl":"https:\/\/everybrainmatters.org\/wp-content\/uploads\/AllBrains_3.jpg"},{"@type":"BreadcrumbList","@id":"https:\/\/everybrainmatters.org\/es\/recursos\/seminarios-web-2\/#breadcrumb","itemListElement":[{"@type":"ListItem","position":1,"name":"Home","item":"https:\/\/everybrainmatters.org\/es\/"},{"@type":"ListItem","position":2,"name":"Seminarios web"}]},{"@type":"WebSite","@id":"https:\/\/everybrainmatters.org\/es\/#website","url":"https:\/\/everybrainmatters.org\/es\/","name":"Every Brain Matters","description":"","publisher":{"@id":"https:\/\/everybrainmatters.org\/es\/#organization"},"potentialAction":[{"@type":"SearchAction","target":{"@type":"EntryPoint","urlTemplate":"https:\/\/everybrainmatters.org\/es\/?s={search_term_string}"},"query-input":{"@type":"PropertyValueSpecification","valueRequired":true,"valueName":"search_term_string"}}],"inLanguage":"es-ES"},{"@type":"Organization","@id":"https:\/\/everybrainmatters.org\/es\/#organization","name":"Every Brain Matters","url":"https:\/\/everybrainmatters.org\/es\/","logo":{"@type":"ImageObject","inLanguage":"es-ES","@id":"https:\/\/everybrainmatters.org\/es\/#\/schema\/logo\/image\/","url":"https:\/\/everybrainmatters.org\/wp-content\/uploads\/AllBrains_3.jpg","contentUrl":"https:\/\/everybrainmatters.org\/wp-content\/uploads\/AllBrains_3.jpg","width":1000,"height":1087,"caption":"Every Brain Matters"},"image":{"@id":"https:\/\/everybrainmatters.org\/es\/#\/schema\/logo\/image\/"}}]}},"_links":{"self":[{"href":"https:\/\/everybrainmatters.org\/es\/wp-json\/wp\/v2\/pages\/46752","targetHints":{"allow":["GET"]}}],"collection":[{"href":"https:\/\/everybrainmatters.org\/es\/wp-json\/wp\/v2\/pages"}],"about":[{"href":"https:\/\/everybrainmatters.org\/es\/wp-json\/wp\/v2\/types\/page"}],"author":[{"embeddable":true,"href":"https:\/\/everybrainmatters.org\/es\/wp-json\/wp\/v2\/users\/12"}],"replies":[{"embeddable":true,"href":"https:\/\/everybrainmatters.org\/es\/wp-json\/wp\/v2\/comments?post=46752"}],"version-history":[{"count":0,"href":"https:\/\/everybrainmatters.org\/es\/wp-json\/wp\/v2\/pages\/46752\/revisions"}],"up":[{"embeddable":true,"href":"https:\/\/everybrainmatters.org\/es\/wp-json\/wp\/v2\/pages\/46758"}],"wp:attachment":[{"href":"https:\/\/everybrainmatters.org\/es\/wp-json\/wp\/v2\/media?parent=46752"}],"curies":[{"name":"wp","href":"https:\/\/api.w.org\/{rel}","templated":true}]}}