{"id":46758,"date":"2020-09-04T14:01:40","date_gmt":"2020-09-04T19:01:40","guid":{"rendered":"https:\/\/everybrainmatters.org\/recursos\/"},"modified":"2025-10-21T09:00:47","modified_gmt":"2025-10-21T14:00:47","slug":"recursos","status":"publish","type":"page","link":"https:\/\/everybrainmatters.org\/es\/recursos\/","title":{"rendered":"Recursos"},"content":{"rendered":"\n<p><\/p>\n\n<p><\/p>\n\n<p class=\"has-text-align-center has-huge-font-size\">Recursos  <\/p>\n\n<div class=\"wp-block-group is-style-width-full py-5 has-green-background-color has-background\"><div class=\"wp-block-group__inner-container is-layout-flow wp-block-group-is-layout-flow\">\n<div class=\"wp-block-columns is-layout-flex wp-container-core-columns-is-layout-9d6595d7 wp-block-columns-is-layout-flex\">\n<div class=\"wp-block-column is-layout-flow wp-block-column-is-layout-flow\">\n<h2 class=\"has-text-align-center mb-4 wp-block-heading\"><strong>Recursos de prevenci\u00f3n<\/strong><\/h2>\n\n\n\n<figure class=\"wp-block-image size-large\"><img loading=\"lazy\" decoding=\"async\" width=\"1024\" height=\"643\" src=\"https:\/\/everybrainmatters.org\/wp-content\/uploads\/drug-prevention-2.jpg\" alt=\"\" class=\"wp-image-17685\" srcset=\"https:\/\/everybrainmatters.org\/wp-content\/uploads\/drug-prevention-2.jpg 1024w, https:\/\/everybrainmatters.org\/wp-content\/uploads\/drug-prevention-2-600x377.jpg 600w, https:\/\/everybrainmatters.org\/wp-content\/uploads\/drug-prevention-2-300x188.jpg 300w, https:\/\/everybrainmatters.org\/wp-content\/uploads\/drug-prevention-2-768x482.jpg 768w\" sizes=\"auto, (max-width: 1024px) 100vw, 1024px\" \/><\/figure>\n\n\n\n<div class=\"wp-block-buttons aligncenter is-layout-flex wp-block-buttons-is-layout-flex\">\n<div class=\"wp-block-button mt-3\"><a class=\"wp-block-button__link has-white-color has-blue-background-color has-text-color has-background\" href=\"https:\/\/everybrainmatters.org\/es\/recursos-de-prevencion\/\" target=\"_blank\" rel=\"noreferrer noopener\">P\u00e1gina de recursos de prevenci\u00f3n<\/a><\/div>\n<\/div>\n<\/div>\n\n\n\n<div class=\"wp-block-column is-layout-flow wp-block-column-is-layout-flow\">\n<h2 class=\"has-text-align-center mb-4 mt-5 mt-lg-0 wp-block-heading\"><strong>Recursos de recuperaci\u00f3n<\/strong><\/h2>\n\n\n\n<figure class=\"wp-block-image size-large\"><img loading=\"lazy\" decoding=\"async\" width=\"1024\" height=\"643\" src=\"https:\/\/everybrainmatters.org\/wp-content\/uploads\/Recovery-1-1024x643.jpg\" alt=\"\" class=\"wp-image-17681\" srcset=\"https:\/\/everybrainmatters.org\/wp-content\/uploads\/Recovery-1-1024x643.jpg 1024w, https:\/\/everybrainmatters.org\/wp-content\/uploads\/Recovery-1-scaled-600x377.jpg 600w, https:\/\/everybrainmatters.org\/wp-content\/uploads\/Recovery-1-300x188.jpg 300w, https:\/\/everybrainmatters.org\/wp-content\/uploads\/Recovery-1-768x482.jpg 768w, https:\/\/everybrainmatters.org\/wp-content\/uploads\/Recovery-1-1536x964.jpg 1536w, https:\/\/everybrainmatters.org\/wp-content\/uploads\/Recovery-1-2048x1285.jpg 2048w\" sizes=\"auto, (max-width: 1024px) 100vw, 1024px\" \/><\/figure>\n\n\n\n<div class=\"wp-block-buttons aligncenter is-layout-flex wp-block-buttons-is-layout-flex\">\n<div class=\"wp-block-button mt-3\"><a class=\"wp-block-button__link has-white-color has-blue-background-color has-text-color has-background\" href=\"https:\/\/everybrainmatters.org\/recovery-resources\/\" target=\"_blank\" rel=\"noreferrer noopener\">P\u00e1gina de recursos de recuperaci\u00f3n<\/a><\/div>\n<\/div>\n<\/div>\n<\/div>\n\n\n\n<p><\/p>\n<\/div><\/div>\n\n<div class=\"wp-block-group is-style-width-full py-5 has-green-background-color has-background\"><div class=\"wp-block-group__inner-container is-layout-flow wp-block-group-is-layout-flow\">\n<div class=\"wp-block-columns is-layout-flex wp-container-core-columns-is-layout-9d6595d7 wp-block-columns-is-layout-flex\">\n<div class=\"wp-block-column is-layout-flow wp-block-column-is-layout-flow\">\n<h2 class=\"has-text-align-center mb-4 wp-block-heading\">\u00daltimas tendencias en f\u00e1rmacos<\/h2>\n\n\n\n<figure class=\"wp-block-image size-large\"><img loading=\"lazy\" decoding=\"async\" width=\"1024\" height=\"683\" src=\"https:\/\/everybrainmatters.org\/wp-content\/uploads\/large-1024x683.jpg\" alt=\"\" class=\"wp-image-17687\" srcset=\"https:\/\/everybrainmatters.org\/wp-content\/uploads\/large-1024x683.jpg 1024w, https:\/\/everybrainmatters.org\/wp-content\/uploads\/large-scaled-600x400.jpg 600w, https:\/\/everybrainmatters.org\/wp-content\/uploads\/large-300x200.jpg 300w, https:\/\/everybrainmatters.org\/wp-content\/uploads\/large-768x512.jpg 768w, https:\/\/everybrainmatters.org\/wp-content\/uploads\/large-1536x1024.jpg 1536w, https:\/\/everybrainmatters.org\/wp-content\/uploads\/large-2048x1365.jpg 2048w\" sizes=\"auto, (max-width: 1024px) 100vw, 1024px\" \/><\/figure>\n\n\n\n<div class=\"wp-block-buttons aligncenter is-layout-flex wp-block-buttons-is-layout-flex\">\n<div class=\"wp-block-button mt-3\"><a class=\"wp-block-button__link has-white-color has-blue-background-color has-text-color has-background\" href=\"https:\/\/everybrainmatters.org\/es\/tendencias-de-los-medicamentos\/\" target=\"_blank\" rel=\"noreferrer noopener\">Conoce las \u00faltimas tendencias en f\u00e1rmacos<\/a><\/div>\n<\/div>\n<\/div>\n\n\n\n<div class=\"wp-block-column is-layout-flow wp-block-column-is-layout-flow\">\n<h2 class=\"has-text-align-center mb-4 mt-5 mt-lg-0 wp-block-heading\">Seminarios educativos<\/h2>\n\n\n\n<figure class=\"wp-block-image size-large\"><img loading=\"lazy\" decoding=\"async\" width=\"1024\" height=\"692\" src=\"https:\/\/everybrainmatters.org\/wp-content\/uploads\/knowlege-is-power-1024x692.jpg\" alt=\"\" class=\"wp-image-17680\" srcset=\"https:\/\/everybrainmatters.org\/wp-content\/uploads\/knowlege-is-power-1024x692.jpg 1024w, https:\/\/everybrainmatters.org\/wp-content\/uploads\/knowlege-is-power-scaled-600x405.jpg 600w, https:\/\/everybrainmatters.org\/wp-content\/uploads\/knowlege-is-power-300x203.jpg 300w, https:\/\/everybrainmatters.org\/wp-content\/uploads\/knowlege-is-power-768x519.jpg 768w, https:\/\/everybrainmatters.org\/wp-content\/uploads\/knowlege-is-power-1536x1038.jpg 1536w, https:\/\/everybrainmatters.org\/wp-content\/uploads\/knowlege-is-power-2048x1384.jpg 2048w\" sizes=\"auto, (max-width: 1024px) 100vw, 1024px\" \/><\/figure>\n\n\n\n<div class=\"wp-block-buttons aligncenter is-layout-flex wp-block-buttons-is-layout-flex\">\n<div class=\"wp-block-button mt-3\"><a class=\"wp-block-button__link has-white-color has-blue-background-color has-text-color has-background\" href=\"https:\/\/everybrainmatters.org\/es\/recursos\/seminarios-web-2\/\" target=\"_blank\" rel=\"noreferrer noopener\">Seminarios educativos<\/a><\/div>\n<\/div>\n<\/div>\n<\/div>\n\n\n\n<p><\/p>\n<\/div><\/div>\n\n<div class=\"wp-block-group is-style-width-full py-5 has-green-background-color has-background\"><div class=\"wp-block-group__inner-container is-layout-flow wp-block-group-is-layout-flow\">\n<div class=\"wp-block-columns is-layout-flex wp-container-core-columns-is-layout-9d6595d7 wp-block-columns-is-layout-flex\">\n<div class=\"wp-block-column is-layout-flow wp-block-column-is-layout-flow\">\n<h2 class=\"has-text-align-center mb-4 wp-block-heading\">Puntos de <strong>discusi\u00f3n <\/strong> <\/h2>\n\n\n\n<figure class=\"wp-block-image size-large\"><img loading=\"lazy\" decoding=\"async\" width=\"1024\" height=\"768\" src=\"https:\/\/everybrainmatters.org\/wp-content\/uploads\/talking-points-1024x768.jpg\" alt=\"\" class=\"wp-image-17689\" srcset=\"https:\/\/everybrainmatters.org\/wp-content\/uploads\/talking-points-1024x768.jpg 1024w, https:\/\/everybrainmatters.org\/wp-content\/uploads\/talking-points-scaled-600x450.jpg 600w, https:\/\/everybrainmatters.org\/wp-content\/uploads\/talking-points-300x225.jpg 300w, https:\/\/everybrainmatters.org\/wp-content\/uploads\/talking-points-768x576.jpg 768w, https:\/\/everybrainmatters.org\/wp-content\/uploads\/talking-points-1536x1152.jpg 1536w, https:\/\/everybrainmatters.org\/wp-content\/uploads\/talking-points-2048x1536.jpg 2048w\" sizes=\"auto, (max-width: 1024px) 100vw, 1024px\" \/><\/figure>\n\n\n\n<div class=\"wp-block-buttons aligncenter is-layout-flex wp-block-buttons-is-layout-flex\">\n<div class=\"wp-block-button mt-3\"><a class=\"wp-block-button__link has-white-color has-blue-background-color has-text-color has-background\" href=\"https:\/\/everybrainmatters.org\/es\/temas-de-debate\/\" target=\"_blank\" rel=\"noreferrer noopener\">Aprende los temas de conversaci\u00f3n<\/a><\/div>\n<\/div>\n<\/div>\n\n\n\n<div class=\"wp-block-column is-layout-flow wp-block-column-is-layout-flow\">\n<h2 class=\"has-text-align-center mb-4 mt-5 mt-lg-0 wp-block-heading\"><strong>Costes  <\/strong><\/h2>\n\n\n\n<figure class=\"wp-block-image size-large is-resized\"><img loading=\"lazy\" decoding=\"async\" src=\"https:\/\/everybrainmatters.org\/wp-content\/uploads\/pot-piper-for-EBM-website.jpg\" alt=\"\" class=\"wp-image-17692\" width=\"1024\" height=\"768\"\/><\/figure>\n\n\n\n<div class=\"wp-block-buttons aligncenter is-layout-flex wp-block-buttons-is-layout-flex\">\n<div class=\"wp-block-button mt-3\"><a class=\"wp-block-button__link has-white-color has-blue-background-color has-text-color has-background\" href=\"https:\/\/everybrainmatters.org\/es\/costes-y-consecuencias\/\" target=\"_blank\" rel=\"noreferrer noopener\">costes  <\/a><\/div>\n<\/div>\n<\/div>\n<\/div>\n\n\n\n<p><\/p>\n<\/div><\/div>\n","protected":false},"excerpt":{"rendered":"<p>Recursos Recursos de prevenci\u00f3n Recursos de recuperaci\u00f3n \u00daltimas tendencias en f\u00e1rmacos Seminarios educativos Puntos de discusi\u00f3n Costes<\/p>\n","protected":false},"author":12,"featured_media":0,"parent":0,"menu_order":0,"comment_status":"closed","ping_status":"closed","template":"page-fullwidth.php","meta":{"_acf_changed":false,"_editorskit_title_hidden":false,"_editorskit_reading_time":0,"_editorskit_is_block_options_detached":false,"_editorskit_block_options_position":"{}","footnotes":""},"class_list":["post-46758","page","type-page","status-publish","hentry"],"acf":[],"yoast_head":"<!-- This site is optimized with the Yoast SEO plugin v26.1.1 - https:\/\/yoast.com\/wordpress\/plugins\/seo\/ -->\n<title>Recursos - Every Brain Matters<\/title>\n<meta name=\"robots\" content=\"index, follow, max-snippet:-1, max-image-preview:large, max-video-preview:-1\" \/>\n<link rel=\"canonical\" href=\"https:\/\/everybrainmatters.org\/es\/recursos\/\" \/>\n<meta property=\"og:locale\" content=\"es_ES\" \/>\n<meta property=\"og:type\" content=\"article\" \/>\n<meta property=\"og:title\" content=\"Recursos - Every Brain Matters\" \/>\n<meta property=\"og:description\" content=\"Recursos Recursos de prevenci\u00f3n Recursos de recuperaci\u00f3n \u00daltimas tendencias en f\u00e1rmacos Seminarios educativos Puntos de discusi\u00f3n Costes\" \/>\n<meta property=\"og:url\" content=\"https:\/\/everybrainmatters.org\/es\/recursos\/\" \/>\n<meta property=\"og:site_name\" content=\"Every Brain Matters\" \/>\n<meta property=\"article:modified_time\" content=\"2025-10-21T14:00:47+00:00\" \/>\n<meta property=\"og:image\" content=\"https:\/\/everybrainmatters.org\/wp-content\/uploads\/drug-prevention-2.jpg\" \/>\n\t<meta property=\"og:image:width\" content=\"1024\" \/>\n\t<meta property=\"og:image:height\" content=\"643\" \/>\n\t<meta property=\"og:image:type\" content=\"image\/jpeg\" \/>\n<meta name=\"twitter:card\" content=\"summary_large_image\" \/>\n<script type=\"application\/ld+json\" class=\"yoast-schema-graph\">{\"@context\":\"https:\/\/schema.org\",\"@graph\":[{\"@type\":\"WebPage\",\"@id\":\"https:\/\/everybrainmatters.org\/es\/recursos\/\",\"url\":\"https:\/\/everybrainmatters.org\/es\/recursos\/\",\"name\":\"Recursos - Every Brain Matters\",\"isPartOf\":{\"@id\":\"https:\/\/everybrainmatters.org\/es\/#website\"},\"primaryImageOfPage\":{\"@id\":\"https:\/\/everybrainmatters.org\/es\/recursos\/#primaryimage\"},\"image\":{\"@id\":\"https:\/\/everybrainmatters.org\/es\/recursos\/#primaryimage\"},\"thumbnailUrl\":\"https:\/\/everybrainmatters.org\/wp-content\/uploads\/drug-prevention-2.jpg\",\"datePublished\":\"2020-09-04T19:01:40+00:00\",\"dateModified\":\"2025-10-21T14:00:47+00:00\",\"breadcrumb\":{\"@id\":\"https:\/\/everybrainmatters.org\/es\/recursos\/#breadcrumb\"},\"inLanguage\":\"es-ES\",\"potentialAction\":[{\"@type\":\"ReadAction\",\"target\":[\"https:\/\/everybrainmatters.org\/es\/recursos\/\"]}]},{\"@type\":\"ImageObject\",\"inLanguage\":\"es-ES\",\"@id\":\"https:\/\/everybrainmatters.org\/es\/recursos\/#primaryimage\",\"url\":\"https:\/\/everybrainmatters.org\/wp-content\/uploads\/drug-prevention-2.jpg\",\"contentUrl\":\"https:\/\/everybrainmatters.org\/wp-content\/uploads\/drug-prevention-2.jpg\"},{\"@type\":\"BreadcrumbList\",\"@id\":\"https:\/\/everybrainmatters.org\/es\/recursos\/#breadcrumb\",\"itemListElement\":[{\"@type\":\"ListItem\",\"position\":1,\"name\":\"Home\",\"item\":\"https:\/\/everybrainmatters.org\/es\/\"},{\"@type\":\"ListItem\",\"position\":2,\"name\":\"Recursos\"}]},{\"@type\":\"WebSite\",\"@id\":\"https:\/\/everybrainmatters.org\/es\/#website\",\"url\":\"https:\/\/everybrainmatters.org\/es\/\",\"name\":\"Every Brain Matters\",\"description\":\"\",\"publisher\":{\"@id\":\"https:\/\/everybrainmatters.org\/es\/#organization\"},\"potentialAction\":[{\"@type\":\"SearchAction\",\"target\":{\"@type\":\"EntryPoint\",\"urlTemplate\":\"https:\/\/everybrainmatters.org\/es\/?s={search_term_string}\"},\"query-input\":{\"@type\":\"PropertyValueSpecification\",\"valueRequired\":true,\"valueName\":\"search_term_string\"}}],\"inLanguage\":\"es-ES\"},{\"@type\":\"Organization\",\"@id\":\"https:\/\/everybrainmatters.org\/es\/#organization\",\"name\":\"Every Brain Matters\",\"url\":\"https:\/\/everybrainmatters.org\/es\/\",\"logo\":{\"@type\":\"ImageObject\",\"inLanguage\":\"es-ES\",\"@id\":\"https:\/\/everybrainmatters.org\/es\/#\/schema\/logo\/image\/\",\"url\":\"https:\/\/everybrainmatters.org\/wp-content\/uploads\/AllBrains_3.jpg\",\"contentUrl\":\"https:\/\/everybrainmatters.org\/wp-content\/uploads\/AllBrains_3.jpg\",\"width\":1000,\"height\":1087,\"caption\":\"Every Brain Matters\"},\"image\":{\"@id\":\"https:\/\/everybrainmatters.org\/es\/#\/schema\/logo\/image\/\"}}]}<\/script>\n<!-- \/ Yoast SEO plugin. -->","yoast_head_json":{"title":"Recursos - Every Brain Matters","robots":{"index":"index","follow":"follow","max-snippet":"max-snippet:-1","max-image-preview":"max-image-preview:large","max-video-preview":"max-video-preview:-1"},"canonical":"https:\/\/everybrainmatters.org\/es\/recursos\/","og_locale":"es_ES","og_type":"article","og_title":"Recursos - Every Brain Matters","og_description":"Recursos Recursos de prevenci\u00f3n Recursos de recuperaci\u00f3n \u00daltimas tendencias en f\u00e1rmacos Seminarios educativos Puntos de discusi\u00f3n Costes","og_url":"https:\/\/everybrainmatters.org\/es\/recursos\/","og_site_name":"Every Brain Matters","article_modified_time":"2025-10-21T14:00:47+00:00","og_image":[{"width":1024,"height":643,"url":"https:\/\/everybrainmatters.org\/wp-content\/uploads\/drug-prevention-2.jpg","type":"image\/jpeg"}],"twitter_card":"summary_large_image","schema":{"@context":"https:\/\/schema.org","@graph":[{"@type":"WebPage","@id":"https:\/\/everybrainmatters.org\/es\/recursos\/","url":"https:\/\/everybrainmatters.org\/es\/recursos\/","name":"Recursos - Every Brain Matters","isPartOf":{"@id":"https:\/\/everybrainmatters.org\/es\/#website"},"primaryImageOfPage":{"@id":"https:\/\/everybrainmatters.org\/es\/recursos\/#primaryimage"},"image":{"@id":"https:\/\/everybrainmatters.org\/es\/recursos\/#primaryimage"},"thumbnailUrl":"https:\/\/everybrainmatters.org\/wp-content\/uploads\/drug-prevention-2.jpg","datePublished":"2020-09-04T19:01:40+00:00","dateModified":"2025-10-21T14:00:47+00:00","breadcrumb":{"@id":"https:\/\/everybrainmatters.org\/es\/recursos\/#breadcrumb"},"inLanguage":"es-ES","potentialAction":[{"@type":"ReadAction","target":["https:\/\/everybrainmatters.org\/es\/recursos\/"]}]},{"@type":"ImageObject","inLanguage":"es-ES","@id":"https:\/\/everybrainmatters.org\/es\/recursos\/#primaryimage","url":"https:\/\/everybrainmatters.org\/wp-content\/uploads\/drug-prevention-2.jpg","contentUrl":"https:\/\/everybrainmatters.org\/wp-content\/uploads\/drug-prevention-2.jpg"},{"@type":"BreadcrumbList","@id":"https:\/\/everybrainmatters.org\/es\/recursos\/#breadcrumb","itemListElement":[{"@type":"ListItem","position":1,"name":"Home","item":"https:\/\/everybrainmatters.org\/es\/"},{"@type":"ListItem","position":2,"name":"Recursos"}]},{"@type":"WebSite","@id":"https:\/\/everybrainmatters.org\/es\/#website","url":"https:\/\/everybrainmatters.org\/es\/","name":"Every Brain Matters","description":"","publisher":{"@id":"https:\/\/everybrainmatters.org\/es\/#organization"},"potentialAction":[{"@type":"SearchAction","target":{"@type":"EntryPoint","urlTemplate":"https:\/\/everybrainmatters.org\/es\/?s={search_term_string}"},"query-input":{"@type":"PropertyValueSpecification","valueRequired":true,"valueName":"search_term_string"}}],"inLanguage":"es-ES"},{"@type":"Organization","@id":"https:\/\/everybrainmatters.org\/es\/#organization","name":"Every Brain Matters","url":"https:\/\/everybrainmatters.org\/es\/","logo":{"@type":"ImageObject","inLanguage":"es-ES","@id":"https:\/\/everybrainmatters.org\/es\/#\/schema\/logo\/image\/","url":"https:\/\/everybrainmatters.org\/wp-content\/uploads\/AllBrains_3.jpg","contentUrl":"https:\/\/everybrainmatters.org\/wp-content\/uploads\/AllBrains_3.jpg","width":1000,"height":1087,"caption":"Every Brain Matters"},"image":{"@id":"https:\/\/everybrainmatters.org\/es\/#\/schema\/logo\/image\/"}}]}},"_links":{"self":[{"href":"https:\/\/everybrainmatters.org\/es\/wp-json\/wp\/v2\/pages\/46758","targetHints":{"allow":["GET"]}}],"collection":[{"href":"https:\/\/everybrainmatters.org\/es\/wp-json\/wp\/v2\/pages"}],"about":[{"href":"https:\/\/everybrainmatters.org\/es\/wp-json\/wp\/v2\/types\/page"}],"author":[{"embeddable":true,"href":"https:\/\/everybrainmatters.org\/es\/wp-json\/wp\/v2\/users\/12"}],"replies":[{"embeddable":true,"href":"https:\/\/everybrainmatters.org\/es\/wp-json\/wp\/v2\/comments?post=46758"}],"version-history":[{"count":0,"href":"https:\/\/everybrainmatters.org\/es\/wp-json\/wp\/v2\/pages\/46758\/revisions"}],"wp:attachment":[{"href":"https:\/\/everybrainmatters.org\/es\/wp-json\/wp\/v2\/media?parent=46758"}],"curies":[{"name":"wp","href":"https:\/\/api.w.org\/{rel}","templated":true}]}}