{"id":46767,"date":"2020-09-04T14:01:32","date_gmt":"2020-09-04T19:01:32","guid":{"rendered":"https:\/\/everybrainmatters.org\/la-ciencia\/cbd\/"},"modified":"2025-10-21T09:01:06","modified_gmt":"2025-10-21T14:01:06","slug":"cbd","status":"publish","type":"page","link":"https:\/\/everybrainmatters.org\/es\/la-ciencia\/cbd\/","title":{"rendered":"CBD"},"content":{"rendered":"\n<ul class=\"wp-block-list\">\n<li><a href=\"https:\/\/www.jpain.org\/article\/S1526-5900(23)00582-5\/fulltext\" target=\"_blank\" rel=\"noreferrer noopener\">Productos de cannabidiol (CBD) para el dolor: ineficaces, caros y con da\u00f1os potenciales<\/a>, 2023, 18 de octubre<\/li>\n\n\n\n<li><a href=\"https:\/\/onlinelibrary.wiley.com\/doi\/full\/10.1111\/add.16154\" target=\"_blank\" rel=\"noreferrer noopener\">Efectos agudos del cannabis con y sin cannabidiol en adultos y adolescentes: Un experimento aleatorio, doble ciego, controlado con placebo y cruzado<\/a>, 2022, febrero  <\/li>\n\n\n\n<li><a href=\"https:\/\/www.fda.gov\/news-events\/press-announcements\/fda-concludes-existing-regulatory-frameworks-foods-and-supplements-are-not-appropriate-cannabidiol?utm_medium=email&amp;utm_source=govdelivery\" class=\"ek-link\">La FDA concluye que los marcos reguladores existentes para alimentos y suplementos no son apropiados para el cannabidiol, trabajar\u00e1 con el Congreso en una nueva v\u00eda<\/a> 2023, 26 de enero<\/li>\n\n\n\n<li>Esfuerzo conjunto: El CBD no es s\u00f3lo un espectador inocente en la hierba, 2023 13 de febrero<\/li>\n\n\n\n<li><a aria-label=\"Does cannabidiol make cannabis safer? A randomised, double-blind, cross-over trial of cannabis with four different CBD:THC ratios (opens in a new tab)\" href=\"https:\/\/www.nature.com\/articles\/s41386-022-01478-z\" target=\"_blank\" rel=\"noreferrer noopener\" class=\"ek-link\">\u00bfEl cannabidiol hace que el cannabis sea m\u00e1s seguro? Un ensayo aleatorio, doble ciego y cruzado de cannabis con cuatro proporciones diferentes de CBD:THC<\/a> 2022, 16 de noviembre<\/li>\n\n\n\n<li><a href=\"https:\/\/www.hopkinsmedicine.org\/news\/newsroom\/news-releases\/study-shows-widespread-mislabeling-of-cbd-content-occurs-for-over-the-counter-products\" class=\"ek-link\">Se produce un etiquetado incorrecto generalizado del contenido de CBD en los productos de venta libre<\/a> 2022, 20 de julio<\/li>\n\n\n\n<li><a href=\"https:\/\/www.ncbi.nlm.nih.gov\/books\/NBK556048\/\" class=\"ek-link\">Cannabidiol (CBD)<\/a> 2022, 4 de julio<\/li>\n\n\n\n<li><a href=\"https:\/\/www.epidiolex.com\/sites\/default\/files\/pdfs\/0222\/EPX-03645-0222-EPIDIOLEX_(cannabidiol)_USPI.pdf\" class=\"ek-link\">Informaci\u00f3n oficial sobre la prescripci\u00f3n de epidiolex, CBD 2022 aprobado por la FDA<\/a>, febrero<\/li>\n\n\n\n<li><a href=\"https:\/\/www.nature.com\/articles\/s41598-021-88389-z\" class=\"ek-link\">El cannabidiol (CBD) de los cigarrillos electr\u00f3nicos, al calentarse, se convierte en el psicoactivo THC 2021<\/a> 26 de abril<\/li>\n\n\n\n<li><a href=\"https:\/\/www.fda.gov\/news-events\/public-health-focus\/fda-regulation-cannabis-and-cannabis-derived-products-including-cannabidiol-cbd\" class=\"ek-link\">Regulaci\u00f3n de la FDA del cannabis y los productos derivados del cannabis, incluido el cannabidiol (CBD)<\/a> 2021, 22 de enero<\/li>\n\n\n\n<li><a href=\"https:\/\/pubmed.ncbi.nlm.nih.gov\/32603954\/\" target=\"_blank\" rel=\"noreferrer noopener\">Terapias cannabinoides en el tratamiento de los trastornos del sue\u00f1o: Una revisi\u00f3n sistem\u00e1tica de estudios precl\u00ednicos y cl\u00ednicos <\/a>, 2020, octubre<\/li>\n\n\n\n<li><a href=\"https:\/\/www.frontiersin.org\/articles\/10.3389\/fpsyt.2020.00859\/full\" target=\"_blank\" rel=\"noreferrer noopener\">\u00bfEs el cerebro adolescente m\u00e1s vulnerable a los efectos del cannabis? Una revisi\u00f3n narrativa de las pruebas<\/a> 2020, 26 de agosto<\/li>\n\n\n\n<li><a href=\"https:\/\/www.fda.gov\/consumers\/consumer-updates\/what-you-should-know-about-using-cannabis-including-cbd-when-pregnant-or-breastfeeding\" class=\"ek-link\">Lo que debes saber sobre el consumo de cannabis, incluido el CBD, durante el embarazo o la lactancia<\/a> 2019, 16 de octubre<\/li>\n\n\n\n<li><a href=\"https:\/\/journals.sagepub.com\/doi\/10.1177\/0269881112460109\" target=\"_blank\" rel=\"noreferrer noopener\">El cannabidiol inhibe los s\u00edntomas paranoides provocados por el THC y el deterioro de la memoria dependiente del hipocampo<\/a> 2012, 5 de octubre<br\/><\/li>\n<\/ul>\n\n<hr class=\"wp-block-separator has-alpha-channel-opacity\"\/>\n\n<div class=\"wp-block-columns is-layout-flex wp-container-core-columns-is-layout-9d6595d7 wp-block-columns-is-layout-flex\">\n<div class=\"wp-block-column is-layout-flow wp-block-column-is-layout-flow\">\n<p style=\"font-size:16px\"><a href=\"https:\/\/www.fda.gov\/news-events\/press-announcements\/fda-concludes-existing-regulatory-frameworks-foods-and-supplements-are-not-appropriate-cannabidiol?utm_medium=email&amp;utm_source=govdelivery\" class=\"ek-link\">La FDA concluye que los marcos reguladores existentes para alimentos y suplementos no son apropiados para el cannabidiol, trabajar\u00e1 con el Congreso en una nueva v\u00eda<\/a> <br\/> U<em>.S. Food and Drug Administration<\/em> 2023, 26 de enero<\/p>\n\n\n\n<p style=\"font-size:16px\">Dado el creciente mercado de productos con cannabidiol (CBD), la Administraci\u00f3n de Alimentos y Medicamentos de EE.UU. convoc\u00f3 a un grupo de trabajo interno de alto nivel para explorar posibles v\u00edas de regulaci\u00f3n de los productos con CBD. Hoy anunciamos que, tras una cuidadosa revisi\u00f3n, la FDA ha llegado a la conclusi\u00f3n de que es necesaria una nueva v\u00eda de regulaci\u00f3n para el CBD que equilibre el deseo de las personas de acceder a los productos con CBD con la supervisi\u00f3n reguladora necesaria para gestionar los riesgos. La agencia est\u00e1 dispuesta a trabajar con el Congreso en este asunto. Hoy tambi\u00e9n denegamos tres peticiones ciudadanas que hab\u00edan solicitado a la agencia que llevara a cabo una reglamentaci\u00f3n para permitir la comercializaci\u00f3n de productos de CBD como suplementos diet\u00e9ticos&#8230;   <\/p>\n<\/div>\n\n\n\n<div class=\"wp-block-column is-layout-flow wp-block-column-is-layout-flow\">\n<p style=\"font-size:16px\"><a aria-label=\"Does cannabidiol make cannabis safer? A randomised, double-blind, cross-over trial of cannabis with four different CBD:THC ratios (opens in a new tab)\" href=\"https:\/\/www.nature.com\/articles\/s41386-022-01478-z\" target=\"_blank\" rel=\"noreferrer noopener\" class=\"ek-link\">\u00bfEl cannabidiol hace que el cannabis sea m\u00e1s seguro? Un ensayo aleatorio, doble ciego y cruzado de cannabis con cuatro proporciones diferentes de CBD:THC<\/a><br\/><span style=\"background-color: rgba(0, 0, 0, 0.2);\"><i> <\/i><\/span><em>Neuropsicofarmacolog\u00eda<\/em> 2022 Nov 16<\/p>\n\n\n\n<p style=\"font-size:16px\">Hubo una relaci\u00f3n dosis-respuesta entre la dosis de CBD y la concentraci\u00f3n plasm\u00e1tica de CBD, sin efecto sobre las concentraciones plasm\u00e1ticas de THC. En las proporciones CBD:THC m\u00e1s comunes en los productos de cannabis medicinal y recreativo, no encontramos pruebas de que el CBD proteja contra los efectos adversos agudos del cannabis. Esto deber\u00eda tenerse en cuenta en las decisiones de pol\u00edtica sanitaria y de seguridad sobre el cannabis medicinal y recreativo&#8230;  <\/p>\n<\/div>\n<\/div>\n\n<div class=\"wp-block-columns is-layout-flex wp-container-core-columns-is-layout-9d6595d7 wp-block-columns-is-layout-flex\">\n<div class=\"wp-block-column is-layout-flow wp-block-column-is-layout-flow\">\n<p style=\"font-size:16px\"><a href=\"https:\/\/www.hopkinsmedicine.org\/news\/newsroom\/news-releases\/study-shows-widespread-mislabeling-of-cbd-content-occurs-for-over-the-counter-products\" class=\"ek-link\">Se produce un etiquetado incorrecto generalizado del contenido de CBD en los productos de venta libre<\/a> <br\/><em>Johns Hopkins Medicine<\/em> 2022, 20 de julio<\/p>\n\n\n\n<p style=\"font-size:16px\">En un nuevo estudio, los investigadores de Johns Hopkins Medicine analizaron m\u00e1s de 100 productos t\u00f3picos de cannabidiol (CBD) disponibles en Internet y en tiendas minoristas, y hallaron pruebas significativas de un etiquetado inexacto y enga\u00f1oso sobre el contenido de CBD. El estudio tambi\u00e9n revel\u00f3 que algunos de estos productos de venta sin receta conten\u00edan cantidades de delta-9-tetrahidrocannabinol (THC), el principal principio activo del cannabis que puede causar un \u00absubid\u00f3n\u00bb, incluidos algunos productos que afirmaban estar libres de THC&#8230;. <\/p>\n<\/div>\n\n\n\n<div class=\"wp-block-column is-layout-flow wp-block-column-is-layout-flow\">\n<p style=\"font-size:16px\"><a href=\"https:\/\/www.ncbi.nlm.nih.gov\/books\/NBK556048\/\" class=\"ek-link\">Cannabidiol (CBD)<\/a> <br\/><em>Centro Nacional de Informaci\u00f3n Biotecnol\u00f3gica<\/em> 2022, 4 de julio<\/p>\n\n\n\n<p style=\"font-size:16px\">El CBD puede causar da\u00f1os hep\u00e1ticos relacionados con la dosis. La interrupci\u00f3n del CBD o la interrupci\u00f3n del uso concomitante ha reducido las elevaciones. Hay informes ocasionales de somnolencia y sedaci\u00f3n con el uso de CBD. El uso concomitante de CBD con estos medicamentos sedantes puede provocar una depresi\u00f3n respiratoria grave. El consumo de CBD ha mostrado una correlaci\u00f3n con el aumento de pensamientos y\/o comportamientos suicidas&#8230;    <\/p>\n<\/div>\n<\/div>\n\n<hr class=\"wp-block-separator has-alpha-channel-opacity\"\/>\n\n<div class=\"wp-block-columns is-layout-flex wp-container-core-columns-is-layout-9d6595d7 wp-block-columns-is-layout-flex\">\n<div class=\"wp-block-column is-layout-flow wp-block-column-is-layout-flow\">\n<p style=\"font-size:16px\"><a href=\"https:\/\/www.epidiolex.com\/sites\/default\/files\/pdfs\/0222\/EPX-03645-0222-EPIDIOLEX_(cannabidiol)_USPI.pdf\" class=\"ek-link\">Informaci\u00f3n oficial sobre la prescripci\u00f3n de epidiolex, CBD aprobado por la FDA<\/a> <br\/>2022, febrero<\/p>\n\n\n\n<p style=\"font-size:16px\">EPIDIOLEX\u00ae (cannabidiol) soluci\u00f3n oral<br\/>Aprobaci\u00f3n inicial en EE.UU: 2018. Informaci\u00f3n de prescripci\u00f3n completa&#8230; <\/p>\n<\/div>\n\n\n\n<div class=\"wp-block-column is-layout-flow wp-block-column-is-layout-flow\">\n<p style=\"font-size:16px\"><a href=\"https:\/\/www.nature.com\/articles\/s41598-021-88389-z\" class=\"ek-link\">El cannabidiol (CBD) de los cigarrillos electr\u00f3nicos, al calentarse, se convierte en el THC psicoactivo <\/a><br\/>2021, 26 de abril<\/p>\n\n\n\n<p style=\"font-size:16px\">1. Se ha demostrado que el CBD se convierte en THC, el componente psicoactivo de la marihuana, con el uso de cigarrillos electr\u00f3nicos.<br\/>2. El THC delta-8 tambi\u00e9n es uno de los principales componentes con el uso de CBD en los cigarrillos electr\u00f3nicos, que es psicoactivo como el THC delta-9 y no est\u00e1 regulado en absoluto por la FDA y es f\u00e1cilmente accesible para los j\u00f3venes sin ninguna salvaguarda.<br\/>3El CBD, uno de los principales componentes del c\u00e1\u00f1amo, dej\u00f3 de estar clasificado como sustancia controlada por el gobierno estadounidense, aunque se convierte f\u00e1cilmente en una sustancia psicoactiva controlada (THC).<\/p>\n<\/div>\n<\/div>\n\n<hr class=\"wp-block-separator has-alpha-channel-opacity\"\/>\n\n<div class=\"wp-block-columns is-layout-flex wp-container-core-columns-is-layout-9d6595d7 wp-block-columns-is-layout-flex\">\n<div class=\"wp-block-column is-layout-flow wp-block-column-is-layout-flow\">\n<p style=\"font-size:16px\"><a href=\"https:\/\/www.fda.gov\/news-events\/public-health-focus\/fda-regulation-cannabis-and-cannabis-derived-products-including-cannabidiol-cbd\" class=\"ek-link\">Regulaci\u00f3n de la FDA del cannabis y los productos derivados del cannabis, incluido el cannabidiol (CBD) <\/a>2021, 22 de enero<\/p>\n\n\n\n<p style=\"font-size:16px\">La FDA es consciente de que algunas empresas est\u00e1n comercializando productos que contienen cannabis y compuestos derivados del cannabis de formas que infringen la Ley Federal de Alimentos, Medicamentos y Cosm\u00e9ticos (FD&amp;C Act) y que pueden poner en peligro la salud y la seguridad de los consumidores. La agencia se ha comprometido a proteger la salud p\u00fablica y, al mismo tiempo, a tomar medidas para mejorar la eficacia de las v\u00edas reguladoras para la comercializaci\u00f3n legal de productos apropiados de cannabis y derivados del cannabis. La FDA dispone de una serie de recursos sobre el cannabis y los productos derivados del cannabis, como el CBD, y la agencia quiere garantizar que los consumidores y otras partes interesadas tengan acceso a estos recursos en un lugar centralizado&#8230;  <\/p>\n<\/div>\n\n\n\n<div class=\"wp-block-column is-layout-flow wp-block-column-is-layout-flow\">\n<p style=\"font-size:16px\"><a href=\"https:\/\/www.fda.gov\/consumers\/consumer-updates\/what-you-should-know-about-using-cannabis-including-cbd-when-pregnant-or-breastfeeding\" class=\"ek-link\">Lo que debes saber sobre el consumo de cannabis, incluido el CBD, durante el embarazo o la lactancia<\/a> 2019, 16 de octubre<\/p>\n\n\n\n<p style=\"font-size:16px\">La FDA aconseja encarecidamente que, durante el embarazo y la lactancia, evites consumir CBD, THC o marihuana en cualquiera de sus formas. Dosis elevadas de CBD en animales de prueba pre\u00f1ados han causado problemas en el sistema reproductor de fetos masculinos en desarrollo.<a href=\"https:\/\/www.fda.gov\/consumers\/consumer-updates\/what-you-should-know-about-using-cannabis-including-cbd-when-pregnant-or-breastfeeding#2\"><sup>2<\/sup><\/a> . Adem\u00e1s, bas\u00e1ndonos en lo que ya sabemos sobre el CBD, cabe esperar que cierta cantidad de CBD se transfiera a los beb\u00e9s a trav\u00e9s de la leche materna. Adem\u00e1s, el CBD tiene riesgos conocidos para las personas en general. Seg\u00fan estudios cl\u00ednicos en humanos, los riesgos pueden ser los siguientes: toxicidad (da\u00f1o) hep\u00e1tica, somnolencia extrema, interacciones perjudiciales con otros f\u00e1rmacos&#8230;    <\/p>\n<\/div>\n<\/div>\n","protected":false},"excerpt":{"rendered":"<p>La FDA concluye que los marcos reguladores existentes para alimentos y suplementos no son apropiados para el cannabidiol, trabajar\u00e1 con&#8230;<\/p>\n","protected":false},"author":12,"featured_media":0,"parent":46247,"menu_order":0,"comment_status":"closed","ping_status":"closed","template":"","meta":{"_acf_changed":false,"_editorskit_title_hidden":false,"_editorskit_reading_time":0,"_editorskit_is_block_options_detached":false,"_editorskit_block_options_position":"{}","footnotes":""},"class_list":["post-46767","page","type-page","status-publish","hentry"],"acf":[],"yoast_head":"<!-- This site is optimized with the Yoast SEO plugin v26.1.1 - https:\/\/yoast.com\/wordpress\/plugins\/seo\/ -->\n<title>CBD - Every Brain Matters<\/title>\n<meta name=\"robots\" content=\"index, follow, max-snippet:-1, max-image-preview:large, max-video-preview:-1\" \/>\n<link rel=\"canonical\" href=\"https:\/\/everybrainmatters.org\/es\/la-ciencia\/cbd\/\" \/>\n<meta property=\"og:locale\" content=\"es_ES\" \/>\n<meta property=\"og:type\" content=\"article\" \/>\n<meta property=\"og:title\" content=\"CBD - Every Brain Matters\" \/>\n<meta property=\"og:description\" content=\"La FDA concluye que los marcos reguladores existentes para alimentos y suplementos no son apropiados para el cannabidiol, trabajar\u00e1 con...\" \/>\n<meta property=\"og:url\" content=\"https:\/\/everybrainmatters.org\/es\/la-ciencia\/cbd\/\" \/>\n<meta property=\"og:site_name\" content=\"Every Brain Matters\" \/>\n<meta property=\"article:modified_time\" content=\"2025-10-21T14:01:06+00:00\" \/>\n<meta property=\"og:image\" content=\"https:\/\/everybrainmatters.org\/wp-content\/uploads\/AllBrains_3.jpg\" \/>\n\t<meta property=\"og:image:width\" content=\"1000\" \/>\n\t<meta property=\"og:image:height\" content=\"1087\" \/>\n\t<meta property=\"og:image:type\" content=\"image\/jpeg\" \/>\n<meta name=\"twitter:card\" content=\"summary_large_image\" \/>\n<meta name=\"twitter:label1\" content=\"Est. reading time\" \/>\n\t<meta name=\"twitter:data1\" content=\"6 minutos\" \/>\n<script type=\"application\/ld+json\" class=\"yoast-schema-graph\">{\"@context\":\"https:\/\/schema.org\",\"@graph\":[{\"@type\":\"WebPage\",\"@id\":\"https:\/\/everybrainmatters.org\/es\/la-ciencia\/cbd\/\",\"url\":\"https:\/\/everybrainmatters.org\/es\/la-ciencia\/cbd\/\",\"name\":\"CBD - Every Brain Matters\",\"isPartOf\":{\"@id\":\"https:\/\/everybrainmatters.org\/es\/#website\"},\"datePublished\":\"2020-09-04T19:01:32+00:00\",\"dateModified\":\"2025-10-21T14:01:06+00:00\",\"breadcrumb\":{\"@id\":\"https:\/\/everybrainmatters.org\/es\/la-ciencia\/cbd\/#breadcrumb\"},\"inLanguage\":\"es-ES\",\"potentialAction\":[{\"@type\":\"ReadAction\",\"target\":[\"https:\/\/everybrainmatters.org\/es\/la-ciencia\/cbd\/\"]}]},{\"@type\":\"BreadcrumbList\",\"@id\":\"https:\/\/everybrainmatters.org\/es\/la-ciencia\/cbd\/#breadcrumb\",\"itemListElement\":[{\"@type\":\"ListItem\",\"position\":1,\"name\":\"Home\",\"item\":\"https:\/\/everybrainmatters.org\/es\/\"},{\"@type\":\"ListItem\",\"position\":2,\"name\":\"La ciencia\",\"item\":\"https:\/\/everybrainmatters.org\/es\/la-ciencia\/\"},{\"@type\":\"ListItem\",\"position\":3,\"name\":\"CBD\"}]},{\"@type\":\"WebSite\",\"@id\":\"https:\/\/everybrainmatters.org\/es\/#website\",\"url\":\"https:\/\/everybrainmatters.org\/es\/\",\"name\":\"Every Brain Matters\",\"description\":\"\",\"publisher\":{\"@id\":\"https:\/\/everybrainmatters.org\/es\/#organization\"},\"potentialAction\":[{\"@type\":\"SearchAction\",\"target\":{\"@type\":\"EntryPoint\",\"urlTemplate\":\"https:\/\/everybrainmatters.org\/es\/?s={search_term_string}\"},\"query-input\":{\"@type\":\"PropertyValueSpecification\",\"valueRequired\":true,\"valueName\":\"search_term_string\"}}],\"inLanguage\":\"es-ES\"},{\"@type\":\"Organization\",\"@id\":\"https:\/\/everybrainmatters.org\/es\/#organization\",\"name\":\"Every Brain Matters\",\"url\":\"https:\/\/everybrainmatters.org\/es\/\",\"logo\":{\"@type\":\"ImageObject\",\"inLanguage\":\"es-ES\",\"@id\":\"https:\/\/everybrainmatters.org\/es\/#\/schema\/logo\/image\/\",\"url\":\"https:\/\/everybrainmatters.org\/wp-content\/uploads\/AllBrains_3.jpg\",\"contentUrl\":\"https:\/\/everybrainmatters.org\/wp-content\/uploads\/AllBrains_3.jpg\",\"width\":1000,\"height\":1087,\"caption\":\"Every Brain Matters\"},\"image\":{\"@id\":\"https:\/\/everybrainmatters.org\/es\/#\/schema\/logo\/image\/\"}}]}<\/script>\n<!-- \/ Yoast SEO plugin. -->","yoast_head_json":{"title":"CBD - Every Brain Matters","robots":{"index":"index","follow":"follow","max-snippet":"max-snippet:-1","max-image-preview":"max-image-preview:large","max-video-preview":"max-video-preview:-1"},"canonical":"https:\/\/everybrainmatters.org\/es\/la-ciencia\/cbd\/","og_locale":"es_ES","og_type":"article","og_title":"CBD - Every Brain Matters","og_description":"La FDA concluye que los marcos reguladores existentes para alimentos y suplementos no son apropiados para el cannabidiol, trabajar\u00e1 con...","og_url":"https:\/\/everybrainmatters.org\/es\/la-ciencia\/cbd\/","og_site_name":"Every Brain Matters","article_modified_time":"2025-10-21T14:01:06+00:00","og_image":[{"width":1000,"height":1087,"url":"https:\/\/everybrainmatters.org\/wp-content\/uploads\/AllBrains_3.jpg","type":"image\/jpeg"}],"twitter_card":"summary_large_image","twitter_misc":{"Est. reading time":"6 minutos"},"schema":{"@context":"https:\/\/schema.org","@graph":[{"@type":"WebPage","@id":"https:\/\/everybrainmatters.org\/es\/la-ciencia\/cbd\/","url":"https:\/\/everybrainmatters.org\/es\/la-ciencia\/cbd\/","name":"CBD - Every Brain Matters","isPartOf":{"@id":"https:\/\/everybrainmatters.org\/es\/#website"},"datePublished":"2020-09-04T19:01:32+00:00","dateModified":"2025-10-21T14:01:06+00:00","breadcrumb":{"@id":"https:\/\/everybrainmatters.org\/es\/la-ciencia\/cbd\/#breadcrumb"},"inLanguage":"es-ES","potentialAction":[{"@type":"ReadAction","target":["https:\/\/everybrainmatters.org\/es\/la-ciencia\/cbd\/"]}]},{"@type":"BreadcrumbList","@id":"https:\/\/everybrainmatters.org\/es\/la-ciencia\/cbd\/#breadcrumb","itemListElement":[{"@type":"ListItem","position":1,"name":"Home","item":"https:\/\/everybrainmatters.org\/es\/"},{"@type":"ListItem","position":2,"name":"La ciencia","item":"https:\/\/everybrainmatters.org\/es\/la-ciencia\/"},{"@type":"ListItem","position":3,"name":"CBD"}]},{"@type":"WebSite","@id":"https:\/\/everybrainmatters.org\/es\/#website","url":"https:\/\/everybrainmatters.org\/es\/","name":"Every Brain Matters","description":"","publisher":{"@id":"https:\/\/everybrainmatters.org\/es\/#organization"},"potentialAction":[{"@type":"SearchAction","target":{"@type":"EntryPoint","urlTemplate":"https:\/\/everybrainmatters.org\/es\/?s={search_term_string}"},"query-input":{"@type":"PropertyValueSpecification","valueRequired":true,"valueName":"search_term_string"}}],"inLanguage":"es-ES"},{"@type":"Organization","@id":"https:\/\/everybrainmatters.org\/es\/#organization","name":"Every Brain Matters","url":"https:\/\/everybrainmatters.org\/es\/","logo":{"@type":"ImageObject","inLanguage":"es-ES","@id":"https:\/\/everybrainmatters.org\/es\/#\/schema\/logo\/image\/","url":"https:\/\/everybrainmatters.org\/wp-content\/uploads\/AllBrains_3.jpg","contentUrl":"https:\/\/everybrainmatters.org\/wp-content\/uploads\/AllBrains_3.jpg","width":1000,"height":1087,"caption":"Every Brain Matters"},"image":{"@id":"https:\/\/everybrainmatters.org\/es\/#\/schema\/logo\/image\/"}}]}},"_links":{"self":[{"href":"https:\/\/everybrainmatters.org\/es\/wp-json\/wp\/v2\/pages\/46767","targetHints":{"allow":["GET"]}}],"collection":[{"href":"https:\/\/everybrainmatters.org\/es\/wp-json\/wp\/v2\/pages"}],"about":[{"href":"https:\/\/everybrainmatters.org\/es\/wp-json\/wp\/v2\/types\/page"}],"author":[{"embeddable":true,"href":"https:\/\/everybrainmatters.org\/es\/wp-json\/wp\/v2\/users\/12"}],"replies":[{"embeddable":true,"href":"https:\/\/everybrainmatters.org\/es\/wp-json\/wp\/v2\/comments?post=46767"}],"version-history":[{"count":0,"href":"https:\/\/everybrainmatters.org\/es\/wp-json\/wp\/v2\/pages\/46767\/revisions"}],"up":[{"embeddable":true,"href":"https:\/\/everybrainmatters.org\/es\/wp-json\/wp\/v2\/pages\/46247"}],"wp:attachment":[{"href":"https:\/\/everybrainmatters.org\/es\/wp-json\/wp\/v2\/media?parent=46767"}],"curies":[{"name":"wp","href":"https:\/\/api.w.org\/{rel}","templated":true}]}}