{"id":46768,"date":"2020-09-04T14:01:22","date_gmt":"2020-09-04T19:01:22","guid":{"rendered":"https:\/\/everybrainmatters.org\/la-ciencia\/marihuana-medicinal\/"},"modified":"2025-10-21T09:01:13","modified_gmt":"2025-10-21T14:01:13","slug":"marihuana-medicinal","status":"publish","type":"page","link":"https:\/\/everybrainmatters.org\/es\/la-ciencia\/marihuana-medicinal\/","title":{"rendered":"Marihuana medicinal"},"content":{"rendered":"\n<ul class=\"wp-block-list\" style=\"font-size:18px\">\n<li><a href=\"https:\/\/pubmed.ncbi.nlm.nih.gov\/37011567\/\" target=\"_blank\" rel=\"noreferrer noopener\">La asociaci\u00f3n entre el consumo de cannabis y el riesgo de inicio del consumo indebido de analg\u00e9sicos no m\u00e9dicos entre adultos j\u00f3venes en un contexto de cannabis legal<\/a>, 2023, agosto<\/li>\n\n\n\n<li><a href=\"https:\/\/www.mdpi.com\/1424-8247\/16\/8\/1079\" target=\"_blank\" rel=\"noreferrer noopener\">Medicamentos a base de cannabis para el dolor neurop\u00e1tico y la espasticidad<\/a>, 2023, 10 de julio<\/li>\n\n\n\n<li><a href=\"https:\/\/www.ncbi.nlm.nih.gov\/pmc\/articles\/PMC7055953\/\" class=\"ek-link\">Interacciones medicamentosas con los cannabinoides<\/a> 2020, 2 de marzo<\/li>\n\n\n\n<li><a href=\"https:\/\/www.ncbi.nlm.nih.gov\/pmc\/articles\/PMC7723137\/\" class=\"ek-link\">El Cannabis en Medicina: Evidence Base Approach<\/a> 2020, enero<\/li>\n\n\n\n<li><a href=\"https:\/\/www.youtube.com\/watch?v=YeVs7aTh9vw\" class=\"ek-link\">Cirujano General: \u00abLa marihuana medicinal no existe<\/a>\u00bb 2019, 24 de junio<\/li>\n<\/ul>\n\n<hr class=\"wp-block-separator has-alpha-channel-opacity\"\/>\n\n<div class=\"wp-block-columns is-layout-flex wp-container-core-columns-is-layout-9d6595d7 wp-block-columns-is-layout-flex\">\n<div class=\"wp-block-column is-layout-flow wp-block-column-is-layout-flow\">\n<p style=\"font-size:16px\"><a href=\"https:\/\/www.ncbi.nlm.nih.gov\/pmc\/articles\/PMC7055953\/\" class=\"ek-link\">Interacciones farmacol\u00f3gicas con los cannabinoides<\/a> <br\/><em>Centro Nacional de Informaci\u00f3n Biotecnol\u00f3gica <\/em>2020, 2 de marzo<\/p>\n\n\n\n<p style=\"font-size:16px\">-Los niveles de cannabinoides pueden aumentar con otros medicamentos<\/p>\n\n\n\n<p style=\"font-size:16px\">-Los cannabinoides pueden afectar a los niveles de otras drogas<\/p>\n\n\n\n<p style=\"font-size:16px\">-Fumar marihuana puede aumentar la eliminaci\u00f3n de algunas drogas<\/p>\n\n\n\n<p style=\"font-size:16px\">-Pueden producirse efectos aditivos con otras drogas<\/p>\n\n\n\n<p style=\"font-size:16px\">-Hay posibles interacciones \u00abbandera roja<\/p>\n<\/div>\n\n\n\n<div class=\"wp-block-column is-layout-flow wp-block-column-is-layout-flow\">\n<p style=\"font-size:16px\"><a href=\"https:\/\/www.ncbi.nlm.nih.gov\/pmc\/articles\/PMC7723137\/\" class=\"ek-link\">El Cannabis en Medicina: Evidence Base Approach<\/a><br\/><em>Centro Nacional de Informaci\u00f3n Biotecnol\u00f3gica<\/em> 2020, enero<\/p>\n\n\n\n<p style=\"font-size:16px\">El t\u00edtulo de \u00abEl Cannabis en Medicina: Un enfoque basado en la evidencia\u00bb encierra una iron\u00eda. En un cap\u00edtulo tras otro de este libro de varios autores, escrito predominantemente por proveedores asociados a centros m\u00e9dicos convencionales de Colorado, los autores se\u00f1alan la insuficiencia de las pruebas de que disponemos y la ausencia de las pruebas que necesitamos para determinar c\u00f3mo -o incluso si- el cannabis tiene legitimidad m\u00e9dica. El t\u00edtulo del pr\u00f3logo, \u00abPerdiendo terreno: El auge de la cultura del cannabis\u00bb, marca la pauta. David Murray, investigador principal del Instituto Hudson, argumenta de forma convincente que \u00abel experimento actual con el cannabis, en marcha en todo el pa\u00eds [nos est\u00e1] conduciendo hacia un futuro de consecuencias imprevistas, un futuro ya establecido en las pautas de consumo &#8216;sembradas&#8217; en la poblaci\u00f3n pero a\u00fan no manifestadas\u00bb. En otras palabras, el caballo del cannabis no s\u00f3lo ha huido del establo, sino que se ha reproducido prol\u00edficamente hasta el punto de que no podr\u00edamos deshacernos de \u00e9l ni de su progenie aunque quisi\u00e9ramos.    <\/p>\n\n\n\n<figure class=\"wp-block-embed is-type-video is-provider-youtube wp-block-embed-youtube wp-embed-aspect-16-9 wp-has-aspect-ratio\"><div class=\"wp-block-embed__wrapper\">\n<iframe loading=\"lazy\" title=\"CANNABIS IN MEDICINE: AN EVIDENCE-BASED APPROACH WITH DR KENNETH FINN.\" width=\"500\" height=\"281\" src=\"https:\/\/www.youtube.com\/embed\/5VuD2b4Qgk8?feature=oembed\" frameborder=\"0\" allow=\"accelerometer; autoplay; clipboard-write; encrypted-media; gyroscope; picture-in-picture; web-share\" referrerpolicy=\"strict-origin-when-cross-origin\" allowfullscreen><\/iframe>\n<\/div><\/figure>\n\n\n\n<p style=\"font-size:16px\"> <\/p>\n<\/div>\n<\/div>\n\n<hr class=\"wp-block-separator has-alpha-channel-opacity\"\/>\n\n<div class=\"wp-block-columns is-layout-flex wp-container-core-columns-is-layout-9d6595d7 wp-block-columns-is-layout-flex\">\n<div class=\"wp-block-column is-layout-flow wp-block-column-is-layout-flow\">\n<p style=\"font-size:16px\"><a href=\"https:\/\/www.youtube.com\/watch?v=YeVs7aTh9vw\" class=\"ek-link\">Cirujano General: \u00abLa marihuana medicinal no existe<\/a>\u00bb <br\/><em>Dr. Jerome Adams, M.P.H., Cirujano<\/em> General de EE.UU. 2019, 24 de junio<\/p>\n\n\n\n<p style=\"font-size:16px\">En estados como Colorado, donde la marihuana es legal, el Cirujano General Jerome Adams afirma que la potencia de la marihuana actual puede ser perjudicial para la inversi\u00f3n empresarial y la eficacia de los trabajadores. \u00abLa marihuana medicinal no existe\u00bb, afirma. Adams tambi\u00e9n comparte su preocupaci\u00f3n por las comunidades negras, \u00aba\u00f1adir un dispensario de marihuana a la mezcla\u00bb en las esquinas no arreglar\u00e1 nuestros males de justicia social, dice.  <\/p>\n\n\n\n<figure class=\"wp-block-embed is-type-video is-provider-youtube wp-block-embed-youtube wp-embed-aspect-16-9 wp-has-aspect-ratio\"><div class=\"wp-block-embed__wrapper\">\n<iframe loading=\"lazy\" title=\"Surgeon General:  &quot;No such thing as Medical Marijuana&quot;\" width=\"500\" height=\"281\" src=\"https:\/\/www.youtube.com\/embed\/YeVs7aTh9vw?feature=oembed\" frameborder=\"0\" allow=\"accelerometer; autoplay; clipboard-write; encrypted-media; gyroscope; picture-in-picture; web-share\" referrerpolicy=\"strict-origin-when-cross-origin\" allowfullscreen><\/iframe>\n<\/div><\/figure>\n<\/div>\n\n\n\n<div class=\"wp-block-column is-layout-flow wp-block-column-is-layout-flow\"><\/div>\n<\/div>\n","protected":false},"excerpt":{"rendered":"<p>Interacciones farmacol\u00f3gicas con los cannabinoides Centro Nacional de Informaci\u00f3n Biotecnol\u00f3gica 2020, 2 de marzo -Los niveles de cannabinoides pueden aumentar&#8230;<\/p>\n","protected":false},"author":12,"featured_media":0,"parent":46247,"menu_order":0,"comment_status":"closed","ping_status":"closed","template":"","meta":{"_acf_changed":false,"_editorskit_title_hidden":false,"_editorskit_reading_time":0,"_editorskit_is_block_options_detached":false,"_editorskit_block_options_position":"{}","footnotes":""},"class_list":["post-46768","page","type-page","status-publish","hentry"],"acf":[],"yoast_head":"<!-- This site is optimized with the Yoast SEO plugin v26.1.1 - https:\/\/yoast.com\/wordpress\/plugins\/seo\/ -->\n<title>Marihuana medicinal - Every Brain Matters<\/title>\n<meta name=\"robots\" content=\"index, follow, max-snippet:-1, max-image-preview:large, max-video-preview:-1\" \/>\n<link rel=\"canonical\" href=\"https:\/\/everybrainmatters.org\/es\/la-ciencia\/marihuana-medicinal\/\" \/>\n<meta property=\"og:locale\" content=\"es_ES\" \/>\n<meta property=\"og:type\" content=\"article\" \/>\n<meta property=\"og:title\" content=\"Marihuana medicinal - Every Brain Matters\" \/>\n<meta property=\"og:description\" content=\"Interacciones farmacol\u00f3gicas con los cannabinoides Centro Nacional de Informaci\u00f3n Biotecnol\u00f3gica 2020, 2 de marzo -Los niveles de cannabinoides pueden aumentar...\" \/>\n<meta property=\"og:url\" content=\"https:\/\/everybrainmatters.org\/es\/la-ciencia\/marihuana-medicinal\/\" \/>\n<meta property=\"og:site_name\" content=\"Every Brain Matters\" \/>\n<meta property=\"article:modified_time\" content=\"2025-10-21T14:01:13+00:00\" \/>\n<meta property=\"og:image\" content=\"https:\/\/everybrainmatters.org\/wp-content\/uploads\/AllBrains_3.jpg\" \/>\n\t<meta property=\"og:image:width\" content=\"1000\" \/>\n\t<meta property=\"og:image:height\" content=\"1087\" \/>\n\t<meta property=\"og:image:type\" content=\"image\/jpeg\" \/>\n<meta name=\"twitter:card\" content=\"summary_large_image\" \/>\n<meta name=\"twitter:label1\" content=\"Est. reading time\" \/>\n\t<meta name=\"twitter:data1\" content=\"2 minutos\" \/>\n<script type=\"application\/ld+json\" class=\"yoast-schema-graph\">{\"@context\":\"https:\/\/schema.org\",\"@graph\":[{\"@type\":\"WebPage\",\"@id\":\"https:\/\/everybrainmatters.org\/es\/la-ciencia\/marihuana-medicinal\/\",\"url\":\"https:\/\/everybrainmatters.org\/es\/la-ciencia\/marihuana-medicinal\/\",\"name\":\"Marihuana medicinal - Every Brain Matters\",\"isPartOf\":{\"@id\":\"https:\/\/everybrainmatters.org\/es\/#website\"},\"datePublished\":\"2020-09-04T19:01:22+00:00\",\"dateModified\":\"2025-10-21T14:01:13+00:00\",\"breadcrumb\":{\"@id\":\"https:\/\/everybrainmatters.org\/es\/la-ciencia\/marihuana-medicinal\/#breadcrumb\"},\"inLanguage\":\"es-ES\",\"potentialAction\":[{\"@type\":\"ReadAction\",\"target\":[\"https:\/\/everybrainmatters.org\/es\/la-ciencia\/marihuana-medicinal\/\"]}]},{\"@type\":\"BreadcrumbList\",\"@id\":\"https:\/\/everybrainmatters.org\/es\/la-ciencia\/marihuana-medicinal\/#breadcrumb\",\"itemListElement\":[{\"@type\":\"ListItem\",\"position\":1,\"name\":\"Home\",\"item\":\"https:\/\/everybrainmatters.org\/es\/\"},{\"@type\":\"ListItem\",\"position\":2,\"name\":\"La ciencia\",\"item\":\"https:\/\/everybrainmatters.org\/es\/la-ciencia\/\"},{\"@type\":\"ListItem\",\"position\":3,\"name\":\"Marihuana medicinal\"}]},{\"@type\":\"WebSite\",\"@id\":\"https:\/\/everybrainmatters.org\/es\/#website\",\"url\":\"https:\/\/everybrainmatters.org\/es\/\",\"name\":\"Every Brain Matters\",\"description\":\"\",\"publisher\":{\"@id\":\"https:\/\/everybrainmatters.org\/es\/#organization\"},\"potentialAction\":[{\"@type\":\"SearchAction\",\"target\":{\"@type\":\"EntryPoint\",\"urlTemplate\":\"https:\/\/everybrainmatters.org\/es\/?s={search_term_string}\"},\"query-input\":{\"@type\":\"PropertyValueSpecification\",\"valueRequired\":true,\"valueName\":\"search_term_string\"}}],\"inLanguage\":\"es-ES\"},{\"@type\":\"Organization\",\"@id\":\"https:\/\/everybrainmatters.org\/es\/#organization\",\"name\":\"Every Brain Matters\",\"url\":\"https:\/\/everybrainmatters.org\/es\/\",\"logo\":{\"@type\":\"ImageObject\",\"inLanguage\":\"es-ES\",\"@id\":\"https:\/\/everybrainmatters.org\/es\/#\/schema\/logo\/image\/\",\"url\":\"https:\/\/everybrainmatters.org\/wp-content\/uploads\/AllBrains_3.jpg\",\"contentUrl\":\"https:\/\/everybrainmatters.org\/wp-content\/uploads\/AllBrains_3.jpg\",\"width\":1000,\"height\":1087,\"caption\":\"Every Brain Matters\"},\"image\":{\"@id\":\"https:\/\/everybrainmatters.org\/es\/#\/schema\/logo\/image\/\"}}]}<\/script>\n<!-- \/ Yoast SEO plugin. -->","yoast_head_json":{"title":"Marihuana medicinal - Every Brain Matters","robots":{"index":"index","follow":"follow","max-snippet":"max-snippet:-1","max-image-preview":"max-image-preview:large","max-video-preview":"max-video-preview:-1"},"canonical":"https:\/\/everybrainmatters.org\/es\/la-ciencia\/marihuana-medicinal\/","og_locale":"es_ES","og_type":"article","og_title":"Marihuana medicinal - Every Brain Matters","og_description":"Interacciones farmacol\u00f3gicas con los cannabinoides Centro Nacional de Informaci\u00f3n Biotecnol\u00f3gica 2020, 2 de marzo -Los niveles de cannabinoides pueden aumentar...","og_url":"https:\/\/everybrainmatters.org\/es\/la-ciencia\/marihuana-medicinal\/","og_site_name":"Every Brain Matters","article_modified_time":"2025-10-21T14:01:13+00:00","og_image":[{"width":1000,"height":1087,"url":"https:\/\/everybrainmatters.org\/wp-content\/uploads\/AllBrains_3.jpg","type":"image\/jpeg"}],"twitter_card":"summary_large_image","twitter_misc":{"Est. reading time":"2 minutos"},"schema":{"@context":"https:\/\/schema.org","@graph":[{"@type":"WebPage","@id":"https:\/\/everybrainmatters.org\/es\/la-ciencia\/marihuana-medicinal\/","url":"https:\/\/everybrainmatters.org\/es\/la-ciencia\/marihuana-medicinal\/","name":"Marihuana medicinal - Every Brain Matters","isPartOf":{"@id":"https:\/\/everybrainmatters.org\/es\/#website"},"datePublished":"2020-09-04T19:01:22+00:00","dateModified":"2025-10-21T14:01:13+00:00","breadcrumb":{"@id":"https:\/\/everybrainmatters.org\/es\/la-ciencia\/marihuana-medicinal\/#breadcrumb"},"inLanguage":"es-ES","potentialAction":[{"@type":"ReadAction","target":["https:\/\/everybrainmatters.org\/es\/la-ciencia\/marihuana-medicinal\/"]}]},{"@type":"BreadcrumbList","@id":"https:\/\/everybrainmatters.org\/es\/la-ciencia\/marihuana-medicinal\/#breadcrumb","itemListElement":[{"@type":"ListItem","position":1,"name":"Home","item":"https:\/\/everybrainmatters.org\/es\/"},{"@type":"ListItem","position":2,"name":"La ciencia","item":"https:\/\/everybrainmatters.org\/es\/la-ciencia\/"},{"@type":"ListItem","position":3,"name":"Marihuana medicinal"}]},{"@type":"WebSite","@id":"https:\/\/everybrainmatters.org\/es\/#website","url":"https:\/\/everybrainmatters.org\/es\/","name":"Every Brain Matters","description":"","publisher":{"@id":"https:\/\/everybrainmatters.org\/es\/#organization"},"potentialAction":[{"@type":"SearchAction","target":{"@type":"EntryPoint","urlTemplate":"https:\/\/everybrainmatters.org\/es\/?s={search_term_string}"},"query-input":{"@type":"PropertyValueSpecification","valueRequired":true,"valueName":"search_term_string"}}],"inLanguage":"es-ES"},{"@type":"Organization","@id":"https:\/\/everybrainmatters.org\/es\/#organization","name":"Every Brain Matters","url":"https:\/\/everybrainmatters.org\/es\/","logo":{"@type":"ImageObject","inLanguage":"es-ES","@id":"https:\/\/everybrainmatters.org\/es\/#\/schema\/logo\/image\/","url":"https:\/\/everybrainmatters.org\/wp-content\/uploads\/AllBrains_3.jpg","contentUrl":"https:\/\/everybrainmatters.org\/wp-content\/uploads\/AllBrains_3.jpg","width":1000,"height":1087,"caption":"Every Brain Matters"},"image":{"@id":"https:\/\/everybrainmatters.org\/es\/#\/schema\/logo\/image\/"}}]}},"_links":{"self":[{"href":"https:\/\/everybrainmatters.org\/es\/wp-json\/wp\/v2\/pages\/46768","targetHints":{"allow":["GET"]}}],"collection":[{"href":"https:\/\/everybrainmatters.org\/es\/wp-json\/wp\/v2\/pages"}],"about":[{"href":"https:\/\/everybrainmatters.org\/es\/wp-json\/wp\/v2\/types\/page"}],"author":[{"embeddable":true,"href":"https:\/\/everybrainmatters.org\/es\/wp-json\/wp\/v2\/users\/12"}],"replies":[{"embeddable":true,"href":"https:\/\/everybrainmatters.org\/es\/wp-json\/wp\/v2\/comments?post=46768"}],"version-history":[{"count":0,"href":"https:\/\/everybrainmatters.org\/es\/wp-json\/wp\/v2\/pages\/46768\/revisions"}],"up":[{"embeddable":true,"href":"https:\/\/everybrainmatters.org\/es\/wp-json\/wp\/v2\/pages\/46247"}],"wp:attachment":[{"href":"https:\/\/everybrainmatters.org\/es\/wp-json\/wp\/v2\/media?parent=46768"}],"curies":[{"name":"wp","href":"https:\/\/api.w.org\/{rel}","templated":true}]}}