{"id":46817,"date":"2024-01-01T10:45:25","date_gmt":"2024-01-01T16:45:25","guid":{"rendered":"https:\/\/everybrainmatters.org\/memorial-para-honrar-a-los-que-han-muerto-por-los-efectos-de-la-marihuana\/"},"modified":"2025-10-21T09:04:12","modified_gmt":"2025-10-21T14:04:12","slug":"memorial-para-honrar-a-los-que-han-muerto-por-los-efectos-de-la-marihuana","status":"publish","type":"page","link":"https:\/\/everybrainmatters.org\/es\/memorial-para-honrar-a-los-que-han-muerto-por-los-efectos-de-la-marihuana\/","title":{"rendered":"Memorial para honrar a los que han muerto por los efectos de la marihuana"},"content":{"rendered":"<p class=\"has-text-align-center has-medium-font-size\"><strong>Siempre Recordado, Siempre Amado, Nunca Olvidado<\/strong><\/p>\n<p><!-- \/wp:post-content --><!-- wp:paragraph {\"align\":\"center\",\"fontSize\":\"medium\"} --><\/p>\n<p class=\"has-text-align-center has-medium-font-size\">Gracias por compartir a tu ser querido con nosotros. Pretendemos honrar y recordar a tu ser querido, as\u00ed como hacer una declaraci\u00f3n p\u00fablica de que los efectos de la marihuana cambian la vida. Por favor, rellena todas las casillas marcadas con *. El resto de la informaci\u00f3n queda a tu discreci\u00f3n. Entendemos que esto puede ser dif\u00edcil, as\u00ed que env\u00edanos un correo electr\u00f3nico a info@everybrainmatters.org con cualquier pregunta o duda.      <\/p>\n<p><!-- \/wp:paragraph --><!-- wp:paragraph {\"align\":\"center\"} --><\/p>\n<p class=\"has-text-align-center\">Cuando recibamos este formulario, un miembro experimentado del personal se pondr\u00e1 en contacto contigo en el plazo de una semana laborable. Ten por seguro que no compartiremos ninguna informaci\u00f3n sin tu aprobaci\u00f3n. Tu privacidad es importante para nosotros.  <\/p>\n<p><!-- wp:gravityforms\/form {\"formId\":\"8\",\"description\":false,\"inputPrimaryColor\":\"#204ce5\"} \/--><\/p>\n","protected":false},"excerpt":{"rendered":"<p>Siempre Recordado, Siempre Amado, Nunca Olvidado Gracias por compartir a tu ser querido con nosotros. Pretendemos honrar y recordar a&#8230;<\/p>\n","protected":false},"author":11,"featured_media":46818,"parent":0,"menu_order":0,"comment_status":"closed","ping_status":"closed","template":"","meta":{"_acf_changed":false,"_editorskit_title_hidden":false,"_editorskit_reading_time":0,"_editorskit_is_block_options_detached":false,"_editorskit_block_options_position":"{}","footnotes":""},"class_list":["post-46817","page","type-page","status-publish","has-post-thumbnail","hentry"],"acf":[],"yoast_head":"<!-- This site is optimized with the Yoast SEO plugin v26.1.1 - https:\/\/yoast.com\/wordpress\/plugins\/seo\/ -->\n<title>Memorial para honrar a los que han muerto por los efectos de la marihuana - Every Brain Matters<\/title>\n<meta name=\"robots\" content=\"index, follow, max-snippet:-1, max-image-preview:large, max-video-preview:-1\" \/>\n<link rel=\"canonical\" href=\"https:\/\/everybrainmatters.org\/es\/memorial-para-honrar-a-los-que-han-muerto-por-los-efectos-de-la-marihuana\/\" \/>\n<meta property=\"og:locale\" content=\"es_ES\" \/>\n<meta property=\"og:type\" content=\"article\" \/>\n<meta property=\"og:title\" content=\"Memorial para honrar a los que han muerto por los efectos de la marihuana - Every Brain Matters\" \/>\n<meta property=\"og:description\" content=\"Siempre Recordado, Siempre Amado, Nunca Olvidado Gracias por compartir a tu ser querido con nosotros. Pretendemos honrar y recordar a...\" \/>\n<meta property=\"og:url\" content=\"https:\/\/everybrainmatters.org\/es\/memorial-para-honrar-a-los-que-han-muerto-por-los-efectos-de-la-marihuana\/\" \/>\n<meta property=\"og:site_name\" content=\"Every Brain Matters\" \/>\n<meta property=\"article:modified_time\" content=\"2025-10-21T14:04:12+00:00\" \/>\n<meta property=\"og:image\" content=\"https:\/\/everybrainmatters.org\/wp-content\/uploads\/memorial-2.png\" \/>\n\t<meta property=\"og:image:width\" content=\"1080\" \/>\n\t<meta property=\"og:image:height\" content=\"1080\" \/>\n\t<meta property=\"og:image:type\" content=\"image\/png\" \/>\n<meta name=\"twitter:card\" content=\"summary_large_image\" \/>\n<meta name=\"twitter:label1\" content=\"Est. reading time\" \/>\n\t<meta name=\"twitter:data1\" content=\"1 minuto\" \/>\n<script type=\"application\/ld+json\" class=\"yoast-schema-graph\">{\"@context\":\"https:\/\/schema.org\",\"@graph\":[{\"@type\":\"WebPage\",\"@id\":\"https:\/\/everybrainmatters.org\/es\/memorial-para-honrar-a-los-que-han-muerto-por-los-efectos-de-la-marihuana\/\",\"url\":\"https:\/\/everybrainmatters.org\/es\/memorial-para-honrar-a-los-que-han-muerto-por-los-efectos-de-la-marihuana\/\",\"name\":\"Memorial para honrar a los que han muerto por los efectos de la marihuana - Every Brain Matters\",\"isPartOf\":{\"@id\":\"https:\/\/everybrainmatters.org\/es\/#website\"},\"primaryImageOfPage\":{\"@id\":\"https:\/\/everybrainmatters.org\/es\/memorial-para-honrar-a-los-que-han-muerto-por-los-efectos-de-la-marihuana\/#primaryimage\"},\"image\":{\"@id\":\"https:\/\/everybrainmatters.org\/es\/memorial-para-honrar-a-los-que-han-muerto-por-los-efectos-de-la-marihuana\/#primaryimage\"},\"thumbnailUrl\":\"https:\/\/everybrainmatters.org\/wp-content\/uploads\/memorial-2.png\",\"datePublished\":\"2024-01-01T16:45:25+00:00\",\"dateModified\":\"2025-10-21T14:04:12+00:00\",\"breadcrumb\":{\"@id\":\"https:\/\/everybrainmatters.org\/es\/memorial-para-honrar-a-los-que-han-muerto-por-los-efectos-de-la-marihuana\/#breadcrumb\"},\"inLanguage\":\"es-ES\",\"potentialAction\":[{\"@type\":\"ReadAction\",\"target\":[\"https:\/\/everybrainmatters.org\/es\/memorial-para-honrar-a-los-que-han-muerto-por-los-efectos-de-la-marihuana\/\"]}]},{\"@type\":\"ImageObject\",\"inLanguage\":\"es-ES\",\"@id\":\"https:\/\/everybrainmatters.org\/es\/memorial-para-honrar-a-los-que-han-muerto-por-los-efectos-de-la-marihuana\/#primaryimage\",\"url\":\"https:\/\/everybrainmatters.org\/wp-content\/uploads\/memorial-2.png\",\"contentUrl\":\"https:\/\/everybrainmatters.org\/wp-content\/uploads\/memorial-2.png\",\"width\":1080,\"height\":1080},{\"@type\":\"BreadcrumbList\",\"@id\":\"https:\/\/everybrainmatters.org\/es\/memorial-para-honrar-a-los-que-han-muerto-por-los-efectos-de-la-marihuana\/#breadcrumb\",\"itemListElement\":[{\"@type\":\"ListItem\",\"position\":1,\"name\":\"Home\",\"item\":\"https:\/\/everybrainmatters.org\/es\/\"},{\"@type\":\"ListItem\",\"position\":2,\"name\":\"Memorial para honrar a los que han muerto por los efectos de la marihuana\"}]},{\"@type\":\"WebSite\",\"@id\":\"https:\/\/everybrainmatters.org\/es\/#website\",\"url\":\"https:\/\/everybrainmatters.org\/es\/\",\"name\":\"Every Brain Matters\",\"description\":\"\",\"publisher\":{\"@id\":\"https:\/\/everybrainmatters.org\/es\/#organization\"},\"potentialAction\":[{\"@type\":\"SearchAction\",\"target\":{\"@type\":\"EntryPoint\",\"urlTemplate\":\"https:\/\/everybrainmatters.org\/es\/?s={search_term_string}\"},\"query-input\":{\"@type\":\"PropertyValueSpecification\",\"valueRequired\":true,\"valueName\":\"search_term_string\"}}],\"inLanguage\":\"es-ES\"},{\"@type\":\"Organization\",\"@id\":\"https:\/\/everybrainmatters.org\/es\/#organization\",\"name\":\"Every Brain Matters\",\"url\":\"https:\/\/everybrainmatters.org\/es\/\",\"logo\":{\"@type\":\"ImageObject\",\"inLanguage\":\"es-ES\",\"@id\":\"https:\/\/everybrainmatters.org\/es\/#\/schema\/logo\/image\/\",\"url\":\"https:\/\/everybrainmatters.org\/wp-content\/uploads\/AllBrains_3.jpg\",\"contentUrl\":\"https:\/\/everybrainmatters.org\/wp-content\/uploads\/AllBrains_3.jpg\",\"width\":1000,\"height\":1087,\"caption\":\"Every Brain Matters\"},\"image\":{\"@id\":\"https:\/\/everybrainmatters.org\/es\/#\/schema\/logo\/image\/\"}}]}<\/script>\n<!-- \/ Yoast SEO plugin. -->","yoast_head_json":{"title":"Memorial para honrar a los que han muerto por los efectos de la marihuana - Every Brain Matters","robots":{"index":"index","follow":"follow","max-snippet":"max-snippet:-1","max-image-preview":"max-image-preview:large","max-video-preview":"max-video-preview:-1"},"canonical":"https:\/\/everybrainmatters.org\/es\/memorial-para-honrar-a-los-que-han-muerto-por-los-efectos-de-la-marihuana\/","og_locale":"es_ES","og_type":"article","og_title":"Memorial para honrar a los que han muerto por los efectos de la marihuana - Every Brain Matters","og_description":"Siempre Recordado, Siempre Amado, Nunca Olvidado Gracias por compartir a tu ser querido con nosotros. Pretendemos honrar y recordar a...","og_url":"https:\/\/everybrainmatters.org\/es\/memorial-para-honrar-a-los-que-han-muerto-por-los-efectos-de-la-marihuana\/","og_site_name":"Every Brain Matters","article_modified_time":"2025-10-21T14:04:12+00:00","og_image":[{"width":1080,"height":1080,"url":"https:\/\/everybrainmatters.org\/wp-content\/uploads\/memorial-2.png","type":"image\/png"}],"twitter_card":"summary_large_image","twitter_misc":{"Est. reading time":"1 minuto"},"schema":{"@context":"https:\/\/schema.org","@graph":[{"@type":"WebPage","@id":"https:\/\/everybrainmatters.org\/es\/memorial-para-honrar-a-los-que-han-muerto-por-los-efectos-de-la-marihuana\/","url":"https:\/\/everybrainmatters.org\/es\/memorial-para-honrar-a-los-que-han-muerto-por-los-efectos-de-la-marihuana\/","name":"Memorial para honrar a los que han muerto por los efectos de la marihuana - Every Brain Matters","isPartOf":{"@id":"https:\/\/everybrainmatters.org\/es\/#website"},"primaryImageOfPage":{"@id":"https:\/\/everybrainmatters.org\/es\/memorial-para-honrar-a-los-que-han-muerto-por-los-efectos-de-la-marihuana\/#primaryimage"},"image":{"@id":"https:\/\/everybrainmatters.org\/es\/memorial-para-honrar-a-los-que-han-muerto-por-los-efectos-de-la-marihuana\/#primaryimage"},"thumbnailUrl":"https:\/\/everybrainmatters.org\/wp-content\/uploads\/memorial-2.png","datePublished":"2024-01-01T16:45:25+00:00","dateModified":"2025-10-21T14:04:12+00:00","breadcrumb":{"@id":"https:\/\/everybrainmatters.org\/es\/memorial-para-honrar-a-los-que-han-muerto-por-los-efectos-de-la-marihuana\/#breadcrumb"},"inLanguage":"es-ES","potentialAction":[{"@type":"ReadAction","target":["https:\/\/everybrainmatters.org\/es\/memorial-para-honrar-a-los-que-han-muerto-por-los-efectos-de-la-marihuana\/"]}]},{"@type":"ImageObject","inLanguage":"es-ES","@id":"https:\/\/everybrainmatters.org\/es\/memorial-para-honrar-a-los-que-han-muerto-por-los-efectos-de-la-marihuana\/#primaryimage","url":"https:\/\/everybrainmatters.org\/wp-content\/uploads\/memorial-2.png","contentUrl":"https:\/\/everybrainmatters.org\/wp-content\/uploads\/memorial-2.png","width":1080,"height":1080},{"@type":"BreadcrumbList","@id":"https:\/\/everybrainmatters.org\/es\/memorial-para-honrar-a-los-que-han-muerto-por-los-efectos-de-la-marihuana\/#breadcrumb","itemListElement":[{"@type":"ListItem","position":1,"name":"Home","item":"https:\/\/everybrainmatters.org\/es\/"},{"@type":"ListItem","position":2,"name":"Memorial para honrar a los que han muerto por los efectos de la marihuana"}]},{"@type":"WebSite","@id":"https:\/\/everybrainmatters.org\/es\/#website","url":"https:\/\/everybrainmatters.org\/es\/","name":"Every Brain Matters","description":"","publisher":{"@id":"https:\/\/everybrainmatters.org\/es\/#organization"},"potentialAction":[{"@type":"SearchAction","target":{"@type":"EntryPoint","urlTemplate":"https:\/\/everybrainmatters.org\/es\/?s={search_term_string}"},"query-input":{"@type":"PropertyValueSpecification","valueRequired":true,"valueName":"search_term_string"}}],"inLanguage":"es-ES"},{"@type":"Organization","@id":"https:\/\/everybrainmatters.org\/es\/#organization","name":"Every Brain Matters","url":"https:\/\/everybrainmatters.org\/es\/","logo":{"@type":"ImageObject","inLanguage":"es-ES","@id":"https:\/\/everybrainmatters.org\/es\/#\/schema\/logo\/image\/","url":"https:\/\/everybrainmatters.org\/wp-content\/uploads\/AllBrains_3.jpg","contentUrl":"https:\/\/everybrainmatters.org\/wp-content\/uploads\/AllBrains_3.jpg","width":1000,"height":1087,"caption":"Every Brain Matters"},"image":{"@id":"https:\/\/everybrainmatters.org\/es\/#\/schema\/logo\/image\/"}}]}},"_links":{"self":[{"href":"https:\/\/everybrainmatters.org\/es\/wp-json\/wp\/v2\/pages\/46817","targetHints":{"allow":["GET"]}}],"collection":[{"href":"https:\/\/everybrainmatters.org\/es\/wp-json\/wp\/v2\/pages"}],"about":[{"href":"https:\/\/everybrainmatters.org\/es\/wp-json\/wp\/v2\/types\/page"}],"author":[{"embeddable":true,"href":"https:\/\/everybrainmatters.org\/es\/wp-json\/wp\/v2\/users\/11"}],"replies":[{"embeddable":true,"href":"https:\/\/everybrainmatters.org\/es\/wp-json\/wp\/v2\/comments?post=46817"}],"version-history":[{"count":0,"href":"https:\/\/everybrainmatters.org\/es\/wp-json\/wp\/v2\/pages\/46817\/revisions"}],"wp:featuredmedia":[{"embeddable":true,"href":"https:\/\/everybrainmatters.org\/es\/wp-json\/wp\/v2\/media\/46818"}],"wp:attachment":[{"href":"https:\/\/everybrainmatters.org\/es\/wp-json\/wp\/v2\/media?parent=46817"}],"curies":[{"name":"wp","href":"https:\/\/api.w.org\/{rel}","templated":true}]}}