{"id":46820,"date":"2023-12-31T23:37:15","date_gmt":"2024-01-01T05:37:15","guid":{"rendered":"https:\/\/everybrainmatters.org\/voces-de-los-danos-de-la-marihuana-los-efectos-de-la-marihuana-son-peligrosos-y-van-en-aumento\/"},"modified":"2025-12-02T22:07:28","modified_gmt":"2025-12-03T04:07:28","slug":"voces-de-los-danos-de-la-marihuana-los-efectos-de-la-marihuana-son-peligrosos-y-van-en-aumento","status":"publish","type":"page","link":"https:\/\/everybrainmatters.org\/es\/voces-de-los-danos-de-la-marihuana-los-efectos-de-la-marihuana-son-peligrosos-y-van-en-aumento\/","title":{"rendered":"Voces de los Da\u00f1os de la Marihuana: Los efectos de la marihuana son peligrosos y van en aumento"},"content":{"rendered":"\n<p class=\"has-text-align-center has-large-font-size\"><strong>Cada Cerebro Importa \u00a1Necesita TUS HISTORIAS!<\/strong><\/p>\n\n<p class=\"has-text-align-center has-black-color has-text-color has-link-color wp-elements-a4613d9ea8c58530c392f95da7bf5ead\"><strong>Este proyecto, \u00abVoces de los da\u00f1os de la marihuana\u00bb, te ofrece una plataforma para que compartas tus historias. Tanto si se trata de tu hijo, c\u00f3nyuge, padre, familiar o amigo, te animamos a que hables y pongas de relieve los costes humanos asociados a la legalizaci\u00f3n de la marihuana. <\/strong><\/p>\n\n<p class=\"has-text-align-center\"><\/p>\n<div class=\"wp-block-image is-style-editorskit-shadow\">\n<figure class=\"aligncenter size-large is-resized\"><a href=\"https:\/\/everybrainmatters.org\/wp-content\/uploads\/Voices-of-marijuana-harms-THE-MOST-RED-WITH-NEW-WORDS.png\"><img loading=\"lazy\" decoding=\"async\" width=\"1024\" height=\"819\" src=\"https:\/\/everybrainmatters.org\/wp-content\/uploads\/Voices-of-marijuana-harms-THE-MOST-RED-WITH-NEW-WORDS-1024x819.png\" alt=\"\" class=\"wp-image-36033\" style=\"width:694px;height:auto\" srcset=\"https:\/\/everybrainmatters.org\/wp-content\/uploads\/Voices-of-marijuana-harms-THE-MOST-RED-WITH-NEW-WORDS-1024x819.png 1024w, https:\/\/everybrainmatters.org\/wp-content\/uploads\/Voices-of-marijuana-harms-THE-MOST-RED-WITH-NEW-WORDS-300x240.png 300w, https:\/\/everybrainmatters.org\/wp-content\/uploads\/Voices-of-marijuana-harms-THE-MOST-RED-WITH-NEW-WORDS-768x614.png 768w, https:\/\/everybrainmatters.org\/wp-content\/uploads\/Voices-of-marijuana-harms-THE-MOST-RED-WITH-NEW-WORDS-600x480.png 600w, https:\/\/everybrainmatters.org\/wp-content\/uploads\/Voices-of-marijuana-harms-THE-MOST-RED-WITH-NEW-WORDS.png 1350w\" sizes=\"auto, (max-width: 1024px) 100vw, 1024px\" \/><\/a><\/figure><\/div>\n<p><\/p>\n\n<p>La marihuana se ha extendido tanto que se ignoran sus peligros, pero el da\u00f1o se acelera. Ni\u00f1os, adolescentes y adultos sufren adicci\u00f3n, psicosis, comportamientos violentos, enfermedades debilitantes y accidentes mortales por conducir bajo los efectos de los potentes productos actuales con THC. Incluso quienes nunca consumen marihuana se ven perjudicados por el humo de segunda mano, el aumento de la violencia en la comunidad y la inseguridad de las carreteras.  <\/p>\n\n<p>No se trata s\u00f3lo de una tragedia personal: es una emergencia de salud p\u00fablica que exige una acci\u00f3n inmediata.<\/p>\n\n<p>Cada Cerebro Importa amplifica las voces de las v\u00edctimas y las familias cuyas vidas han quedado destrozadas por estos da\u00f1os. Sus historias revelan lo que los datos por s\u00ed solos no pueden: nuestras pol\u00edticas actuales no protegen a la poblaci\u00f3n. <\/p>\n\n<div class=\"wp-block-columns is-layout-flex wp-container-core-columns-is-layout-9d6595d7 wp-block-columns-is-layout-flex\">\n<div class=\"wp-block-column is-layout-flow wp-block-column-is-layout-flow\">\n<p class=\"has-text-align-center\"><strong><a href=\"https:\/\/everybrainmatters.org\/es\/46263-2\/\" class=\"ek-link\">HISTORIAS<\/a><\/strong><\/p>\n<\/div>\n\n\n\n<div class=\"wp-block-column is-layout-flow wp-block-column-is-layout-flow\">\n<p class=\"has-text-align-center\"><strong><a href=\"https:\/\/everybrainmatters.org\/es\/memorial-4\/memorial-cada-cerebro-importa\/\" class=\"ek-link\">MEMORIAL<\/a><\/strong><\/p>\n<\/div>\n<\/div>\n\n<div class=\"wp-block-columns is-layout-flex wp-container-core-columns-is-layout-9d6595d7 wp-block-columns-is-layout-flex\">\n<div class=\"wp-block-column is-layout-flow wp-block-column-is-layout-flow\">\n<p class=\"has-text-align-center\">Estamos informando al p\u00fablico y a los funcionarios gubernamentales compartiendo nuestras historias aut\u00e9nticas de familias afectadas por la marihuana (THC).<\/p>\n<\/div>\n\n\n\n<div class=\"wp-block-column is-layout-flow wp-block-column-is-layout-flow\">\n<p class=\"has-text-align-center\">Este memorial reconoce p\u00fablicamente los efectos de la marihuana que cambian la vida. Honramos a los que han fallecido. <\/p>\n<\/div>\n<\/div>\n\n<div class=\"wp-block-columns is-layout-flex wp-container-core-columns-is-layout-9d6595d7 wp-block-columns-is-layout-flex\">\n<div class=\"wp-block-column is-layout-flow wp-block-column-is-layout-flow\">\n<figure class=\"wp-block-image size-large is-style-editorskit-shadow\"><a href=\"https:\/\/everybrainmatters.org\/es\/compartir-la-historia-de-los-danos-de-la-marihuana\/\"><img loading=\"lazy\" decoding=\"async\" width=\"1024\" height=\"1024\" src=\"https:\/\/everybrainmatters.org\/wp-content\/uploads\/Supporting-Graphic-3-1024x1024.png\" alt=\"\" class=\"wp-image-36939\" srcset=\"https:\/\/everybrainmatters.org\/wp-content\/uploads\/Supporting-Graphic-3-1024x1024.png 1024w, https:\/\/everybrainmatters.org\/wp-content\/uploads\/Supporting-Graphic-3-300x300.png 300w, https:\/\/everybrainmatters.org\/wp-content\/uploads\/Supporting-Graphic-3-150x150.png 150w, https:\/\/everybrainmatters.org\/wp-content\/uploads\/Supporting-Graphic-3-768x768.png 768w, https:\/\/everybrainmatters.org\/wp-content\/uploads\/Supporting-Graphic-3-600x600.png 600w, https:\/\/everybrainmatters.org\/wp-content\/uploads\/Supporting-Graphic-3-100x100.png 100w, https:\/\/everybrainmatters.org\/wp-content\/uploads\/Supporting-Graphic-3.png 1080w\" sizes=\"auto, (max-width: 1024px) 100vw, 1024px\" \/><\/a><\/figure>\n<\/div>\n\n\n\n<div class=\"wp-block-column is-layout-flow wp-block-column-is-layout-flow\">\n<figure class=\"wp-block-image size-large is-style-editorskit-shadow\"><a href=\"https:\/\/everybrainmatters.org\/es\/memorial-4\/memorial-cada-cerebro-importa\/\"><img loading=\"lazy\" decoding=\"async\" width=\"1024\" height=\"1024\" src=\"https:\/\/everybrainmatters.org\/wp-content\/uploads\/MEMORIAL--1024x1024.png\" alt=\"\" class=\"wp-image-35561\" srcset=\"https:\/\/everybrainmatters.org\/wp-content\/uploads\/MEMORIAL--1024x1024.png 1024w, https:\/\/everybrainmatters.org\/wp-content\/uploads\/MEMORIAL--300x300.png 300w, https:\/\/everybrainmatters.org\/wp-content\/uploads\/MEMORIAL--150x150.png 150w, https:\/\/everybrainmatters.org\/wp-content\/uploads\/MEMORIAL--768x768.png 768w, https:\/\/everybrainmatters.org\/wp-content\/uploads\/MEMORIAL--600x600.png 600w, https:\/\/everybrainmatters.org\/wp-content\/uploads\/MEMORIAL--100x100.png 100w, https:\/\/everybrainmatters.org\/wp-content\/uploads\/MEMORIAL-.png 1080w\" sizes=\"auto, (max-width: 1024px) 100vw, 1024px\" \/><\/a><\/figure>\n<\/div>\n<\/div>\n\n<hr class=\"wp-block-separator has-alpha-channel-opacity\"\/>\n\n<div class=\"wp-block-columns is-layout-flex wp-container-core-columns-is-layout-9d6595d7 wp-block-columns-is-layout-flex\">\n<div class=\"wp-block-column is-layout-flow wp-block-column-is-layout-flow\">\n<figure class=\"wp-block-image size-large is-style-editorskit-shadow\"><a href=\"https:\/\/everybrainmatters.org\/es\/compartir-la-historia-de-los-danos-de-la-marihuana\/\"><img loading=\"lazy\" decoding=\"async\" width=\"1024\" height=\"1024\" src=\"https:\/\/everybrainmatters.org\/wp-content\/uploads\/STORY-1-1-1024x1024.png\" alt=\"\" class=\"wp-image-35555\" srcset=\"https:\/\/everybrainmatters.org\/wp-content\/uploads\/STORY-1-1-1024x1024.png 1024w, https:\/\/everybrainmatters.org\/wp-content\/uploads\/STORY-1-1-300x300.png 300w, https:\/\/everybrainmatters.org\/wp-content\/uploads\/STORY-1-1-150x150.png 150w, https:\/\/everybrainmatters.org\/wp-content\/uploads\/STORY-1-1-768x768.png 768w, https:\/\/everybrainmatters.org\/wp-content\/uploads\/STORY-1-1-600x600.png 600w, https:\/\/everybrainmatters.org\/wp-content\/uploads\/STORY-1-1-100x100.png 100w, https:\/\/everybrainmatters.org\/wp-content\/uploads\/STORY-1-1.png 1080w\" sizes=\"auto, (max-width: 1024px) 100vw, 1024px\" \/><\/a><\/figure>\n<\/div>\n\n\n\n<div class=\"wp-block-column is-layout-flow wp-block-column-is-layout-flow\">\n<figure class=\"wp-block-image size-large is-resized is-style-editorskit-shadow\"><a href=\"https:\/\/everybrainmatters.org\/es\/46487-2\/\"><img loading=\"lazy\" decoding=\"async\" width=\"1024\" height=\"1024\" src=\"https:\/\/everybrainmatters.org\/wp-content\/uploads\/MEMORIAL-1-1-1024x1024.png\" alt=\"\" class=\"wp-image-35740\" style=\"aspect-ratio:1;width:415px;height:auto\" srcset=\"https:\/\/everybrainmatters.org\/wp-content\/uploads\/MEMORIAL-1-1-1024x1024.png 1024w, https:\/\/everybrainmatters.org\/wp-content\/uploads\/MEMORIAL-1-1-300x300.png 300w, https:\/\/everybrainmatters.org\/wp-content\/uploads\/MEMORIAL-1-1-150x150.png 150w, https:\/\/everybrainmatters.org\/wp-content\/uploads\/MEMORIAL-1-1-768x768.png 768w, https:\/\/everybrainmatters.org\/wp-content\/uploads\/MEMORIAL-1-1-600x600.png 600w, https:\/\/everybrainmatters.org\/wp-content\/uploads\/MEMORIAL-1-1-100x100.png 100w, https:\/\/everybrainmatters.org\/wp-content\/uploads\/MEMORIAL-1-1.png 1080w\" sizes=\"auto, (max-width: 1024px) 100vw, 1024px\" \/><\/a><\/figure>\n<\/div>\n<\/div>\n\n<p><\/p>\n","protected":false},"excerpt":{"rendered":"<p>Cada Cerebro Importa \u00a1Necesita TUS HISTORIAS! Este proyecto, \u00abVoces de los da\u00f1os de la marihuana\u00bb, te ofrece una plataforma para&#8230;<\/p>\n","protected":false},"author":11,"featured_media":46841,"parent":0,"menu_order":0,"comment_status":"closed","ping_status":"closed","template":"","meta":{"_acf_changed":false,"_editorskit_title_hidden":false,"_editorskit_reading_time":0,"_editorskit_is_block_options_detached":false,"_editorskit_block_options_position":"{}","footnotes":""},"class_list":["post-46820","page","type-page","status-publish","has-post-thumbnail","hentry"],"acf":[],"yoast_head":"<!-- This site is optimized with the Yoast SEO plugin v26.1.1 - https:\/\/yoast.com\/wordpress\/plugins\/seo\/ -->\n<title>Voces de los Da\u00f1os de la Marihuana: Los efectos de la marihuana son peligrosos y van en aumento - Every Brain Matters<\/title>\n<meta name=\"robots\" content=\"index, follow, max-snippet:-1, max-image-preview:large, max-video-preview:-1\" \/>\n<link rel=\"canonical\" href=\"https:\/\/everybrainmatters.org\/es\/voces-de-los-danos-de-la-marihuana-los-efectos-de-la-marihuana-son-peligrosos-y-van-en-aumento\/\" \/>\n<meta property=\"og:locale\" content=\"es_ES\" \/>\n<meta property=\"og:type\" content=\"article\" \/>\n<meta property=\"og:title\" content=\"Voces de los Da\u00f1os de la Marihuana: Los efectos de la marihuana son peligrosos y van en aumento - Every Brain Matters\" \/>\n<meta property=\"og:description\" content=\"Cada Cerebro Importa \u00a1Necesita TUS HISTORIAS! Este proyecto, \u00abVoces de los da\u00f1os de la marihuana\u00bb, te ofrece una plataforma para...\" \/>\n<meta property=\"og:url\" content=\"https:\/\/everybrainmatters.org\/es\/voces-de-los-danos-de-la-marihuana-los-efectos-de-la-marihuana-son-peligrosos-y-van-en-aumento\/\" \/>\n<meta property=\"og:site_name\" content=\"Every Brain Matters\" \/>\n<meta property=\"article:modified_time\" content=\"2025-12-03T04:07:28+00:00\" \/>\n<meta property=\"og:image\" content=\"https:\/\/everybrainmatters.org\/wp-content\/uploads\/OPTION-2-1.png\" \/>\n\t<meta property=\"og:image:width\" content=\"1080\" \/>\n\t<meta property=\"og:image:height\" content=\"1080\" \/>\n\t<meta property=\"og:image:type\" content=\"image\/png\" \/>\n<meta name=\"twitter:card\" content=\"summary_large_image\" \/>\n<meta name=\"twitter:label1\" content=\"Est. reading time\" \/>\n\t<meta name=\"twitter:data1\" content=\"1 minuto\" \/>\n<script type=\"application\/ld+json\" class=\"yoast-schema-graph\">{\"@context\":\"https:\/\/schema.org\",\"@graph\":[{\"@type\":\"WebPage\",\"@id\":\"https:\/\/everybrainmatters.org\/es\/voces-de-los-danos-de-la-marihuana-los-efectos-de-la-marihuana-son-peligrosos-y-van-en-aumento\/\",\"url\":\"https:\/\/everybrainmatters.org\/es\/voces-de-los-danos-de-la-marihuana-los-efectos-de-la-marihuana-son-peligrosos-y-van-en-aumento\/\",\"name\":\"Voces de los Da\u00f1os de la Marihuana: Los efectos de la marihuana son peligrosos y van en aumento - Every Brain Matters\",\"isPartOf\":{\"@id\":\"https:\/\/everybrainmatters.org\/es\/#website\"},\"primaryImageOfPage\":{\"@id\":\"https:\/\/everybrainmatters.org\/es\/voces-de-los-danos-de-la-marihuana-los-efectos-de-la-marihuana-son-peligrosos-y-van-en-aumento\/#primaryimage\"},\"image\":{\"@id\":\"https:\/\/everybrainmatters.org\/es\/voces-de-los-danos-de-la-marihuana-los-efectos-de-la-marihuana-son-peligrosos-y-van-en-aumento\/#primaryimage\"},\"thumbnailUrl\":\"https:\/\/everybrainmatters.org\/wp-content\/uploads\/OPTION-2-1.png\",\"datePublished\":\"2024-01-01T05:37:15+00:00\",\"dateModified\":\"2025-12-03T04:07:28+00:00\",\"breadcrumb\":{\"@id\":\"https:\/\/everybrainmatters.org\/es\/voces-de-los-danos-de-la-marihuana-los-efectos-de-la-marihuana-son-peligrosos-y-van-en-aumento\/#breadcrumb\"},\"inLanguage\":\"es-ES\",\"potentialAction\":[{\"@type\":\"ReadAction\",\"target\":[\"https:\/\/everybrainmatters.org\/es\/voces-de-los-danos-de-la-marihuana-los-efectos-de-la-marihuana-son-peligrosos-y-van-en-aumento\/\"]}]},{\"@type\":\"ImageObject\",\"inLanguage\":\"es-ES\",\"@id\":\"https:\/\/everybrainmatters.org\/es\/voces-de-los-danos-de-la-marihuana-los-efectos-de-la-marihuana-son-peligrosos-y-van-en-aumento\/#primaryimage\",\"url\":\"https:\/\/everybrainmatters.org\/wp-content\/uploads\/OPTION-2-1.png\",\"contentUrl\":\"https:\/\/everybrainmatters.org\/wp-content\/uploads\/OPTION-2-1.png\",\"width\":1080,\"height\":1080},{\"@type\":\"BreadcrumbList\",\"@id\":\"https:\/\/everybrainmatters.org\/es\/voces-de-los-danos-de-la-marihuana-los-efectos-de-la-marihuana-son-peligrosos-y-van-en-aumento\/#breadcrumb\",\"itemListElement\":[{\"@type\":\"ListItem\",\"position\":1,\"name\":\"Home\",\"item\":\"https:\/\/everybrainmatters.org\/es\/\"},{\"@type\":\"ListItem\",\"position\":2,\"name\":\"Voces de los Da\u00f1os de la Marihuana: Los efectos de la marihuana son peligrosos y van en aumento\"}]},{\"@type\":\"WebSite\",\"@id\":\"https:\/\/everybrainmatters.org\/es\/#website\",\"url\":\"https:\/\/everybrainmatters.org\/es\/\",\"name\":\"Every Brain Matters\",\"description\":\"\",\"publisher\":{\"@id\":\"https:\/\/everybrainmatters.org\/es\/#organization\"},\"potentialAction\":[{\"@type\":\"SearchAction\",\"target\":{\"@type\":\"EntryPoint\",\"urlTemplate\":\"https:\/\/everybrainmatters.org\/es\/?s={search_term_string}\"},\"query-input\":{\"@type\":\"PropertyValueSpecification\",\"valueRequired\":true,\"valueName\":\"search_term_string\"}}],\"inLanguage\":\"es-ES\"},{\"@type\":\"Organization\",\"@id\":\"https:\/\/everybrainmatters.org\/es\/#organization\",\"name\":\"Every Brain Matters\",\"url\":\"https:\/\/everybrainmatters.org\/es\/\",\"logo\":{\"@type\":\"ImageObject\",\"inLanguage\":\"es-ES\",\"@id\":\"https:\/\/everybrainmatters.org\/es\/#\/schema\/logo\/image\/\",\"url\":\"https:\/\/everybrainmatters.org\/wp-content\/uploads\/AllBrains_3.jpg\",\"contentUrl\":\"https:\/\/everybrainmatters.org\/wp-content\/uploads\/AllBrains_3.jpg\",\"width\":1000,\"height\":1087,\"caption\":\"Every Brain Matters\"},\"image\":{\"@id\":\"https:\/\/everybrainmatters.org\/es\/#\/schema\/logo\/image\/\"}}]}<\/script>\n<!-- \/ Yoast SEO plugin. -->","yoast_head_json":{"title":"Voces de los Da\u00f1os de la Marihuana: Los efectos de la marihuana son peligrosos y van en aumento - Every Brain Matters","robots":{"index":"index","follow":"follow","max-snippet":"max-snippet:-1","max-image-preview":"max-image-preview:large","max-video-preview":"max-video-preview:-1"},"canonical":"https:\/\/everybrainmatters.org\/es\/voces-de-los-danos-de-la-marihuana-los-efectos-de-la-marihuana-son-peligrosos-y-van-en-aumento\/","og_locale":"es_ES","og_type":"article","og_title":"Voces de los Da\u00f1os de la Marihuana: Los efectos de la marihuana son peligrosos y van en aumento - Every Brain Matters","og_description":"Cada Cerebro Importa \u00a1Necesita TUS HISTORIAS! Este proyecto, \u00abVoces de los da\u00f1os de la marihuana\u00bb, te ofrece una plataforma para...","og_url":"https:\/\/everybrainmatters.org\/es\/voces-de-los-danos-de-la-marihuana-los-efectos-de-la-marihuana-son-peligrosos-y-van-en-aumento\/","og_site_name":"Every Brain Matters","article_modified_time":"2025-12-03T04:07:28+00:00","og_image":[{"width":1080,"height":1080,"url":"https:\/\/everybrainmatters.org\/wp-content\/uploads\/OPTION-2-1.png","type":"image\/png"}],"twitter_card":"summary_large_image","twitter_misc":{"Est. reading time":"1 minuto"},"schema":{"@context":"https:\/\/schema.org","@graph":[{"@type":"WebPage","@id":"https:\/\/everybrainmatters.org\/es\/voces-de-los-danos-de-la-marihuana-los-efectos-de-la-marihuana-son-peligrosos-y-van-en-aumento\/","url":"https:\/\/everybrainmatters.org\/es\/voces-de-los-danos-de-la-marihuana-los-efectos-de-la-marihuana-son-peligrosos-y-van-en-aumento\/","name":"Voces de los Da\u00f1os de la Marihuana: Los efectos de la marihuana son peligrosos y van en aumento - Every Brain Matters","isPartOf":{"@id":"https:\/\/everybrainmatters.org\/es\/#website"},"primaryImageOfPage":{"@id":"https:\/\/everybrainmatters.org\/es\/voces-de-los-danos-de-la-marihuana-los-efectos-de-la-marihuana-son-peligrosos-y-van-en-aumento\/#primaryimage"},"image":{"@id":"https:\/\/everybrainmatters.org\/es\/voces-de-los-danos-de-la-marihuana-los-efectos-de-la-marihuana-son-peligrosos-y-van-en-aumento\/#primaryimage"},"thumbnailUrl":"https:\/\/everybrainmatters.org\/wp-content\/uploads\/OPTION-2-1.png","datePublished":"2024-01-01T05:37:15+00:00","dateModified":"2025-12-03T04:07:28+00:00","breadcrumb":{"@id":"https:\/\/everybrainmatters.org\/es\/voces-de-los-danos-de-la-marihuana-los-efectos-de-la-marihuana-son-peligrosos-y-van-en-aumento\/#breadcrumb"},"inLanguage":"es-ES","potentialAction":[{"@type":"ReadAction","target":["https:\/\/everybrainmatters.org\/es\/voces-de-los-danos-de-la-marihuana-los-efectos-de-la-marihuana-son-peligrosos-y-van-en-aumento\/"]}]},{"@type":"ImageObject","inLanguage":"es-ES","@id":"https:\/\/everybrainmatters.org\/es\/voces-de-los-danos-de-la-marihuana-los-efectos-de-la-marihuana-son-peligrosos-y-van-en-aumento\/#primaryimage","url":"https:\/\/everybrainmatters.org\/wp-content\/uploads\/OPTION-2-1.png","contentUrl":"https:\/\/everybrainmatters.org\/wp-content\/uploads\/OPTION-2-1.png","width":1080,"height":1080},{"@type":"BreadcrumbList","@id":"https:\/\/everybrainmatters.org\/es\/voces-de-los-danos-de-la-marihuana-los-efectos-de-la-marihuana-son-peligrosos-y-van-en-aumento\/#breadcrumb","itemListElement":[{"@type":"ListItem","position":1,"name":"Home","item":"https:\/\/everybrainmatters.org\/es\/"},{"@type":"ListItem","position":2,"name":"Voces de los Da\u00f1os de la Marihuana: Los efectos de la marihuana son peligrosos y van en aumento"}]},{"@type":"WebSite","@id":"https:\/\/everybrainmatters.org\/es\/#website","url":"https:\/\/everybrainmatters.org\/es\/","name":"Every Brain Matters","description":"","publisher":{"@id":"https:\/\/everybrainmatters.org\/es\/#organization"},"potentialAction":[{"@type":"SearchAction","target":{"@type":"EntryPoint","urlTemplate":"https:\/\/everybrainmatters.org\/es\/?s={search_term_string}"},"query-input":{"@type":"PropertyValueSpecification","valueRequired":true,"valueName":"search_term_string"}}],"inLanguage":"es-ES"},{"@type":"Organization","@id":"https:\/\/everybrainmatters.org\/es\/#organization","name":"Every Brain Matters","url":"https:\/\/everybrainmatters.org\/es\/","logo":{"@type":"ImageObject","inLanguage":"es-ES","@id":"https:\/\/everybrainmatters.org\/es\/#\/schema\/logo\/image\/","url":"https:\/\/everybrainmatters.org\/wp-content\/uploads\/AllBrains_3.jpg","contentUrl":"https:\/\/everybrainmatters.org\/wp-content\/uploads\/AllBrains_3.jpg","width":1000,"height":1087,"caption":"Every Brain Matters"},"image":{"@id":"https:\/\/everybrainmatters.org\/es\/#\/schema\/logo\/image\/"}}]}},"_links":{"self":[{"href":"https:\/\/everybrainmatters.org\/es\/wp-json\/wp\/v2\/pages\/46820","targetHints":{"allow":["GET"]}}],"collection":[{"href":"https:\/\/everybrainmatters.org\/es\/wp-json\/wp\/v2\/pages"}],"about":[{"href":"https:\/\/everybrainmatters.org\/es\/wp-json\/wp\/v2\/types\/page"}],"author":[{"embeddable":true,"href":"https:\/\/everybrainmatters.org\/es\/wp-json\/wp\/v2\/users\/11"}],"replies":[{"embeddable":true,"href":"https:\/\/everybrainmatters.org\/es\/wp-json\/wp\/v2\/comments?post=46820"}],"version-history":[{"count":0,"href":"https:\/\/everybrainmatters.org\/es\/wp-json\/wp\/v2\/pages\/46820\/revisions"}],"wp:featuredmedia":[{"embeddable":true,"href":"https:\/\/everybrainmatters.org\/es\/wp-json\/wp\/v2\/media\/46841"}],"wp:attachment":[{"href":"https:\/\/everybrainmatters.org\/es\/wp-json\/wp\/v2\/media?parent=46820"}],"curies":[{"name":"wp","href":"https:\/\/api.w.org\/{rel}","templated":true}]}}