{"id":46857,"date":"2023-03-30T18:08:41","date_gmt":"2023-03-30T23:08:41","guid":{"rendered":"https:\/\/everybrainmatters.org\/reunion-de-apoyo-familiar\/"},"modified":"2025-10-21T09:04:50","modified_gmt":"2025-10-21T14:04:50","slug":"reunion-de-apoyo-familiar","status":"publish","type":"page","link":"https:\/\/everybrainmatters.org\/es\/reunion-de-apoyo-familiar\/","title":{"rendered":"Reuni\u00f3n de apoyo familiar"},"content":{"rendered":"\n<p>El mundo actual est\u00e1 adoptando un mayor consumo de marihuana mientras las familias pagan un alto precio.<\/p>\n\n<p class=\"has-small-font-size\">El p\u00fablico en general y muchos grupos de apoyo no comprenden los efectos devastadores de la marihuana. Muchas veces, nos resulta dif\u00edcil compartir c\u00f3mo la marihuana actual, m\u00e1s potente y peligrosa, ha afectado a nuestras vidas y a nuestras familias. La Comunidad de Apoyo Cada Cerebro Importa ofrece un lugar para estas familias.    <\/p>\n\n<p class=\"has-small-font-size\">Las familias afectadas por la adicci\u00f3n<a aria-label=\"cannabis use disorder (opens in a new tab)\" href=\"https:\/\/everybrainmatters.org\/education-about-effects-marijuana\/what-is-cannabis-use-disorder\/\" target=\"_blank\" rel=\"noreferrer noopener\" class=\"ek-link\">(trastorno por consumo de cannabis<\/a>), <a aria-label=\"cannabis induces-psychosis (opens in a new tab)\" href=\"https:\/\/everybrainmatters.org\/what-is-cannabis-induced-psychosis\/\" target=\"_blank\" rel=\"noreferrer noopener\" class=\"ek-link\">la psicosis inducida por el cannabis<\/a> y los efectos t\u00f3xicos como <a aria-label=\"cannabinoid hyperemesis syndrome (opens in a new tab)\" href=\"https:\/\/everybrainmatters.org\/what-is-cannabinoid-hyperemesis-syndrome\/\" target=\"_blank\" rel=\"noreferrer noopener\" class=\"ek-link\">el s\u00edndrome de hiper\u00e9mesis cannabinoide<\/a> pueden encontrar aqu\u00ed libertad y esperanza.  <\/p>\n\n<p class=\"has-small-font-size\">Proporcionamos reuniones de apoyo familiar, recursos y soluciones.  <\/p>\n\n<div class=\"wp-block-columns is-layout-flex wp-container-core-columns-is-layout-9d6595d7 wp-block-columns-is-layout-flex\">\n<div class=\"wp-block-column is-layout-flow wp-block-column-is-layout-flow\">\n<figure class=\"wp-block-image size-large\"><a href=\"https:\/\/everybrainmatters.org\/meetings\/\" target=\"_blank\" rel=\"noreferrer noopener\"><img loading=\"lazy\" decoding=\"async\" width=\"1024\" height=\"576\" src=\"https:\/\/everybrainmatters.org\/wp-content\/uploads\/Climbers-meeting-1024x576.png\" alt=\"\" class=\"wp-image-33243\" srcset=\"https:\/\/everybrainmatters.org\/wp-content\/uploads\/Climbers-meeting-1024x576.png 1024w, https:\/\/everybrainmatters.org\/wp-content\/uploads\/Climbers-meeting-300x169.png 300w, https:\/\/everybrainmatters.org\/wp-content\/uploads\/Climbers-meeting-768x432.png 768w, https:\/\/everybrainmatters.org\/wp-content\/uploads\/Climbers-meeting-403x226.png 403w, https:\/\/everybrainmatters.org\/wp-content\/uploads\/Climbers-meeting-600x338.png 600w, https:\/\/everybrainmatters.org\/wp-content\/uploads\/Climbers-meeting.png 1280w\" sizes=\"auto, (max-width: 1024px) 100vw, 1024px\" \/><\/a><\/figure>\n<\/div>\n\n\n\n<div class=\"wp-block-column is-layout-flow wp-block-column-is-layout-flow\">\n<figure class=\"wp-block-image size-large\"><a href=\"https:\/\/everybrainmatters.org\/meetings\/\" target=\"_blank\" rel=\"noreferrer noopener\"><img loading=\"lazy\" decoding=\"async\" width=\"1024\" height=\"576\" src=\"https:\/\/everybrainmatters.org\/wp-content\/uploads\/Speakers-meeting-1024x576.png\" alt=\"\" class=\"wp-image-33244\" srcset=\"https:\/\/everybrainmatters.org\/wp-content\/uploads\/Speakers-meeting-1024x576.png 1024w, https:\/\/everybrainmatters.org\/wp-content\/uploads\/Speakers-meeting-300x169.png 300w, https:\/\/everybrainmatters.org\/wp-content\/uploads\/Speakers-meeting-768x432.png 768w, https:\/\/everybrainmatters.org\/wp-content\/uploads\/Speakers-meeting-403x226.png 403w, https:\/\/everybrainmatters.org\/wp-content\/uploads\/Speakers-meeting-600x338.png 600w, https:\/\/everybrainmatters.org\/wp-content\/uploads\/Speakers-meeting.png 1280w\" sizes=\"auto, (max-width: 1024px) 100vw, 1024px\" \/><\/a><\/figure>\n<\/div>\n<\/div>\n\n<div class=\"wp-block-columns is-layout-flex wp-container-core-columns-is-layout-9d6595d7 wp-block-columns-is-layout-flex\">\n<div class=\"wp-block-column is-layout-flow wp-block-column-is-layout-flow\">\n<p>Grupo de Apoyo a los Escaladores EBM con Joe Parker y Cole Carol. Esta reuni\u00f3n es un grupo educativo interactivo para que los familiares afectados por la marihuana aporten sus problemas, preguntas o preocupaciones y reciban informaci\u00f3n directa de un consejero y de sus compa\u00f1eros. <\/p>\n\n\n\n<p>Se re\u00fane todos los mi\u00e9rcoles durante 90 minutos.<\/p>\n\n\n\n<p><strong><em>19 h HORA CENTRAL.<\/em><\/strong><\/p>\n\n\n\n<p>El coste es de 20,00 $ por persona o 35,00 $ por pareja.<\/p>\n\n\n\n<p>Encuentra la pr\u00f3xima reuni\u00f3n de escaladores en este <a href=\"https:\/\/everybrainmatters.org\/meetings\/month\/\" target=\"_blank\" rel=\"noreferrer noopener\">enlace.<\/a><\/p>\n<\/div>\n\n\n\n<div class=\"wp-block-column is-layout-flow wp-block-column-is-layout-flow\">\n<p>\u00danete a nosotros el primer viernes de cada mes para escuchar mensajes de esperanza y curaci\u00f3n de los impactos de la marihuana.<\/p>\n\n\n\n<p>Cada mes, damos la bienvenida a un ponente diferente que compartir\u00e1 su experiencia, fortaleza y esperanza, y que nos proporcionar\u00e1 v\u00edas para encontrar la serenidad mientras navegamos por la actual cultura pro marihuana\/droga. Tanto si est\u00e1s sufriendo la p\u00e9rdida de un ser querido como si intentas recuperarte t\u00fa mismo, esta reuni\u00f3n es para ti. <\/p>\n\n\n\n<p>Reuni\u00f3n gratuita el primer viernes de cada mes, <strong><em>18 h TIM CENTRAL<\/em><\/strong><em><strong>E.<\/strong><\/em><\/p>\n\n\n\n<p>Encuentra la pr\u00f3xima Reuni\u00f3n mensual de Oradores en este <a href=\"https:\/\/everybrainmatters.org\/meetings\/month\/\" target=\"_blank\" rel=\"noreferrer noopener\">enlace.<\/a><\/p>\n<\/div>\n<\/div>\n\n<p class=\"has-small-font-size\"><\/p>\n\n<hr class=\"wp-block-separator has-alpha-channel-opacity\"\/>\n\n<div class=\"wp-block-columns is-layout-flex wp-container-core-columns-is-layout-9d6595d7 wp-block-columns-is-layout-flex\">\n<div class=\"wp-block-column is-layout-flow wp-block-column-is-layout-flow\" style=\"flex-basis:33.33%\">\n<figure class=\"wp-block-image size-full\"><a href=\"https:\/\/mar-anon.com\/\"><img loading=\"lazy\" decoding=\"async\" width=\"450\" height=\"450\" src=\"https:\/\/everybrainmatters.org\/wp-content\/uploads\/Mar-Anon-Logo-small.jpg\" alt=\"\" class=\"wp-image-18907\" srcset=\"https:\/\/everybrainmatters.org\/wp-content\/uploads\/Mar-Anon-Logo-small.jpg 450w, https:\/\/everybrainmatters.org\/wp-content\/uploads\/Mar-Anon-Logo-small-300x300.jpg 300w, https:\/\/everybrainmatters.org\/wp-content\/uploads\/Mar-Anon-Logo-small-150x150.jpg 150w, https:\/\/everybrainmatters.org\/wp-content\/uploads\/Mar-Anon-Logo-small-100x100.jpg 100w\" sizes=\"auto, (max-width: 450px) 100vw, 450px\" \/><\/a><\/figure>\n<\/div>\n\n\n\n<div class=\"wp-block-column is-layout-flow wp-block-column-is-layout-flow\" style=\"flex-basis:66.66%\">\n<p><a href=\"https:\/\/mar-anon.com\/\" class=\"ek-link\">Mar-Anon<\/a> es una confraternidad de afectados por el consumo de marihuana de otra persona. Su fundamento son los Doce Pasos, adaptados de Marihuana An\u00f3nimos, que pueden ser una herramienta poderosa que cambia la vida. Nos reunimos para trabajar los pasos y ofrecer esperanza, consuelo y apoyo a otros miembros. No somos un grupo religioso. En su lugar, utilizamos los pasos como un camino de autodescubrimiento y cambio personal.    <\/p>\n<\/div>\n<\/div>\n","protected":false},"excerpt":{"rendered":"<p>El mundo actual est\u00e1 adoptando un mayor consumo de marihuana mientras las familias pagan un alto precio. El p\u00fablico en&#8230;<\/p>\n","protected":false},"author":11,"featured_media":46873,"parent":0,"menu_order":0,"comment_status":"closed","ping_status":"closed","template":"","meta":{"_acf_changed":false,"_editorskit_title_hidden":false,"_editorskit_reading_time":0,"_editorskit_is_block_options_detached":false,"_editorskit_block_options_position":"{}","footnotes":""},"class_list":["post-46857","page","type-page","status-publish","has-post-thumbnail","hentry"],"acf":[],"yoast_head":"<!-- This site is optimized with the Yoast SEO plugin v26.1.1 - https:\/\/yoast.com\/wordpress\/plugins\/seo\/ -->\n<title>Reuni\u00f3n de apoyo familiar - Every Brain Matters<\/title>\n<meta name=\"robots\" content=\"index, follow, max-snippet:-1, max-image-preview:large, max-video-preview:-1\" \/>\n<link rel=\"canonical\" href=\"https:\/\/everybrainmatters.org\/es\/reunion-de-apoyo-familiar\/\" \/>\n<meta property=\"og:locale\" content=\"es_ES\" \/>\n<meta property=\"og:type\" content=\"article\" \/>\n<meta property=\"og:title\" content=\"Reuni\u00f3n de apoyo familiar - Every Brain Matters\" \/>\n<meta property=\"og:description\" content=\"El mundo actual est\u00e1 adoptando un mayor consumo de marihuana mientras las familias pagan un alto precio. El p\u00fablico en...\" \/>\n<meta property=\"og:url\" content=\"https:\/\/everybrainmatters.org\/es\/reunion-de-apoyo-familiar\/\" \/>\n<meta property=\"og:site_name\" content=\"Every Brain Matters\" \/>\n<meta property=\"article:modified_time\" content=\"2025-10-21T14:04:50+00:00\" \/>\n<meta property=\"og:image\" content=\"https:\/\/everybrainmatters.org\/wp-content\/uploads\/EBM-Support-meetings.png\" \/>\n\t<meta property=\"og:image:width\" content=\"1280\" \/>\n\t<meta property=\"og:image:height\" content=\"720\" \/>\n\t<meta property=\"og:image:type\" content=\"image\/png\" \/>\n<meta name=\"twitter:card\" content=\"summary_large_image\" \/>\n<meta name=\"twitter:label1\" content=\"Est. reading time\" \/>\n\t<meta name=\"twitter:data1\" content=\"2 minutos\" \/>\n<script type=\"application\/ld+json\" class=\"yoast-schema-graph\">{\"@context\":\"https:\/\/schema.org\",\"@graph\":[{\"@type\":\"WebPage\",\"@id\":\"https:\/\/everybrainmatters.org\/es\/reunion-de-apoyo-familiar\/\",\"url\":\"https:\/\/everybrainmatters.org\/es\/reunion-de-apoyo-familiar\/\",\"name\":\"Reuni\u00f3n de apoyo familiar - Every Brain Matters\",\"isPartOf\":{\"@id\":\"https:\/\/everybrainmatters.org\/es\/#website\"},\"primaryImageOfPage\":{\"@id\":\"https:\/\/everybrainmatters.org\/es\/reunion-de-apoyo-familiar\/#primaryimage\"},\"image\":{\"@id\":\"https:\/\/everybrainmatters.org\/es\/reunion-de-apoyo-familiar\/#primaryimage\"},\"thumbnailUrl\":\"https:\/\/everybrainmatters.org\/wp-content\/uploads\/EBM-Support-meetings.png\",\"datePublished\":\"2023-03-30T23:08:41+00:00\",\"dateModified\":\"2025-10-21T14:04:50+00:00\",\"breadcrumb\":{\"@id\":\"https:\/\/everybrainmatters.org\/es\/reunion-de-apoyo-familiar\/#breadcrumb\"},\"inLanguage\":\"es-ES\",\"potentialAction\":[{\"@type\":\"ReadAction\",\"target\":[\"https:\/\/everybrainmatters.org\/es\/reunion-de-apoyo-familiar\/\"]}]},{\"@type\":\"ImageObject\",\"inLanguage\":\"es-ES\",\"@id\":\"https:\/\/everybrainmatters.org\/es\/reunion-de-apoyo-familiar\/#primaryimage\",\"url\":\"https:\/\/everybrainmatters.org\/wp-content\/uploads\/EBM-Support-meetings.png\",\"contentUrl\":\"https:\/\/everybrainmatters.org\/wp-content\/uploads\/EBM-Support-meetings.png\",\"width\":1280,\"height\":720},{\"@type\":\"BreadcrumbList\",\"@id\":\"https:\/\/everybrainmatters.org\/es\/reunion-de-apoyo-familiar\/#breadcrumb\",\"itemListElement\":[{\"@type\":\"ListItem\",\"position\":1,\"name\":\"Home\",\"item\":\"https:\/\/everybrainmatters.org\/es\/\"},{\"@type\":\"ListItem\",\"position\":2,\"name\":\"Reuni\u00f3n de apoyo familiar\"}]},{\"@type\":\"WebSite\",\"@id\":\"https:\/\/everybrainmatters.org\/es\/#website\",\"url\":\"https:\/\/everybrainmatters.org\/es\/\",\"name\":\"Every Brain Matters\",\"description\":\"\",\"publisher\":{\"@id\":\"https:\/\/everybrainmatters.org\/es\/#organization\"},\"potentialAction\":[{\"@type\":\"SearchAction\",\"target\":{\"@type\":\"EntryPoint\",\"urlTemplate\":\"https:\/\/everybrainmatters.org\/es\/?s={search_term_string}\"},\"query-input\":{\"@type\":\"PropertyValueSpecification\",\"valueRequired\":true,\"valueName\":\"search_term_string\"}}],\"inLanguage\":\"es-ES\"},{\"@type\":\"Organization\",\"@id\":\"https:\/\/everybrainmatters.org\/es\/#organization\",\"name\":\"Every Brain Matters\",\"url\":\"https:\/\/everybrainmatters.org\/es\/\",\"logo\":{\"@type\":\"ImageObject\",\"inLanguage\":\"es-ES\",\"@id\":\"https:\/\/everybrainmatters.org\/es\/#\/schema\/logo\/image\/\",\"url\":\"https:\/\/everybrainmatters.org\/wp-content\/uploads\/AllBrains_3.jpg\",\"contentUrl\":\"https:\/\/everybrainmatters.org\/wp-content\/uploads\/AllBrains_3.jpg\",\"width\":1000,\"height\":1087,\"caption\":\"Every Brain Matters\"},\"image\":{\"@id\":\"https:\/\/everybrainmatters.org\/es\/#\/schema\/logo\/image\/\"}}]}<\/script>\n<!-- \/ Yoast SEO plugin. -->","yoast_head_json":{"title":"Reuni\u00f3n de apoyo familiar - Every Brain Matters","robots":{"index":"index","follow":"follow","max-snippet":"max-snippet:-1","max-image-preview":"max-image-preview:large","max-video-preview":"max-video-preview:-1"},"canonical":"https:\/\/everybrainmatters.org\/es\/reunion-de-apoyo-familiar\/","og_locale":"es_ES","og_type":"article","og_title":"Reuni\u00f3n de apoyo familiar - Every Brain Matters","og_description":"El mundo actual est\u00e1 adoptando un mayor consumo de marihuana mientras las familias pagan un alto precio. El p\u00fablico en...","og_url":"https:\/\/everybrainmatters.org\/es\/reunion-de-apoyo-familiar\/","og_site_name":"Every Brain Matters","article_modified_time":"2025-10-21T14:04:50+00:00","og_image":[{"width":1280,"height":720,"url":"https:\/\/everybrainmatters.org\/wp-content\/uploads\/EBM-Support-meetings.png","type":"image\/png"}],"twitter_card":"summary_large_image","twitter_misc":{"Est. reading time":"2 minutos"},"schema":{"@context":"https:\/\/schema.org","@graph":[{"@type":"WebPage","@id":"https:\/\/everybrainmatters.org\/es\/reunion-de-apoyo-familiar\/","url":"https:\/\/everybrainmatters.org\/es\/reunion-de-apoyo-familiar\/","name":"Reuni\u00f3n de apoyo familiar - Every Brain Matters","isPartOf":{"@id":"https:\/\/everybrainmatters.org\/es\/#website"},"primaryImageOfPage":{"@id":"https:\/\/everybrainmatters.org\/es\/reunion-de-apoyo-familiar\/#primaryimage"},"image":{"@id":"https:\/\/everybrainmatters.org\/es\/reunion-de-apoyo-familiar\/#primaryimage"},"thumbnailUrl":"https:\/\/everybrainmatters.org\/wp-content\/uploads\/EBM-Support-meetings.png","datePublished":"2023-03-30T23:08:41+00:00","dateModified":"2025-10-21T14:04:50+00:00","breadcrumb":{"@id":"https:\/\/everybrainmatters.org\/es\/reunion-de-apoyo-familiar\/#breadcrumb"},"inLanguage":"es-ES","potentialAction":[{"@type":"ReadAction","target":["https:\/\/everybrainmatters.org\/es\/reunion-de-apoyo-familiar\/"]}]},{"@type":"ImageObject","inLanguage":"es-ES","@id":"https:\/\/everybrainmatters.org\/es\/reunion-de-apoyo-familiar\/#primaryimage","url":"https:\/\/everybrainmatters.org\/wp-content\/uploads\/EBM-Support-meetings.png","contentUrl":"https:\/\/everybrainmatters.org\/wp-content\/uploads\/EBM-Support-meetings.png","width":1280,"height":720},{"@type":"BreadcrumbList","@id":"https:\/\/everybrainmatters.org\/es\/reunion-de-apoyo-familiar\/#breadcrumb","itemListElement":[{"@type":"ListItem","position":1,"name":"Home","item":"https:\/\/everybrainmatters.org\/es\/"},{"@type":"ListItem","position":2,"name":"Reuni\u00f3n de apoyo familiar"}]},{"@type":"WebSite","@id":"https:\/\/everybrainmatters.org\/es\/#website","url":"https:\/\/everybrainmatters.org\/es\/","name":"Every Brain Matters","description":"","publisher":{"@id":"https:\/\/everybrainmatters.org\/es\/#organization"},"potentialAction":[{"@type":"SearchAction","target":{"@type":"EntryPoint","urlTemplate":"https:\/\/everybrainmatters.org\/es\/?s={search_term_string}"},"query-input":{"@type":"PropertyValueSpecification","valueRequired":true,"valueName":"search_term_string"}}],"inLanguage":"es-ES"},{"@type":"Organization","@id":"https:\/\/everybrainmatters.org\/es\/#organization","name":"Every Brain Matters","url":"https:\/\/everybrainmatters.org\/es\/","logo":{"@type":"ImageObject","inLanguage":"es-ES","@id":"https:\/\/everybrainmatters.org\/es\/#\/schema\/logo\/image\/","url":"https:\/\/everybrainmatters.org\/wp-content\/uploads\/AllBrains_3.jpg","contentUrl":"https:\/\/everybrainmatters.org\/wp-content\/uploads\/AllBrains_3.jpg","width":1000,"height":1087,"caption":"Every Brain Matters"},"image":{"@id":"https:\/\/everybrainmatters.org\/es\/#\/schema\/logo\/image\/"}}]}},"_links":{"self":[{"href":"https:\/\/everybrainmatters.org\/es\/wp-json\/wp\/v2\/pages\/46857","targetHints":{"allow":["GET"]}}],"collection":[{"href":"https:\/\/everybrainmatters.org\/es\/wp-json\/wp\/v2\/pages"}],"about":[{"href":"https:\/\/everybrainmatters.org\/es\/wp-json\/wp\/v2\/types\/page"}],"author":[{"embeddable":true,"href":"https:\/\/everybrainmatters.org\/es\/wp-json\/wp\/v2\/users\/11"}],"replies":[{"embeddable":true,"href":"https:\/\/everybrainmatters.org\/es\/wp-json\/wp\/v2\/comments?post=46857"}],"version-history":[{"count":0,"href":"https:\/\/everybrainmatters.org\/es\/wp-json\/wp\/v2\/pages\/46857\/revisions"}],"wp:featuredmedia":[{"embeddable":true,"href":"https:\/\/everybrainmatters.org\/es\/wp-json\/wp\/v2\/media\/46873"}],"wp:attachment":[{"href":"https:\/\/everybrainmatters.org\/es\/wp-json\/wp\/v2\/media?parent=46857"}],"curies":[{"name":"wp","href":"https:\/\/api.w.org\/{rel}","templated":true}]}}