{"id":46876,"date":"2023-02-27T21:40:31","date_gmt":"2023-02-28T03:40:31","guid":{"rendered":"https:\/\/everybrainmatters.org\/conferencias\/"},"modified":"2026-03-20T12:01:10","modified_gmt":"2026-03-20T17:01:10","slug":"conferencias","status":"publish","type":"page","link":"https:\/\/everybrainmatters.org\/es\/conferencias\/","title":{"rendered":"Conferencias"},"content":{"rendered":"\n<p class=\"has-text-align-center has-medium-font-size\"><strong>Presentaciones y discursos<\/strong><\/p>\n\n<p><strong>5 de marzo de 2026<\/strong> &#8211; Aubree present\u00f3 \u00abEsperanza para la eNueva Era de la Marihuana Comercial\u00bb a los L\u00edderes de la Coalici\u00f3n de Concienciaci\u00f3n sobre Sustancias de Arizona (SACLAz).  <\/p>\n\n<p>2025 -2 presentaciones para la Coalici\u00f3n de Prevenci\u00f3n de Drogas de Connecticut<\/p>\n\n<p><strong>2 de junio de 2025<\/strong> &#8211; Conferencia de prensa en Texas &#8211; <a href=\"https:\/\/youtu.be\/tewYyalrYrk?si=Bd-FBkut49TkMOEa\">Ciudadanos por un Texas Seguro y Saludable instan al gobernador Abbott a firmar la ley SB3 que salva vidas<\/a><\/p>\n\n<p><strong>20 de enero de 2025 &#8211; <\/strong><a href=\"http:\/\/Building%20Resiliency%20-%20Welcome%20to%20the%20Unnecessary%20Harm%20Podcast\">Construir la resiliencia &#8211; Bienvenidos al Podcast de Da\u00f1os Innecesarios<\/a><\/p>\n\n<p><a href=\"https:\/\/unnecessaryharm.com.au\/audio\/cannabis-war-on-the-brain\" target=\"_blank\" rel=\"noreferrer noopener\">Tercera Temporada &#8211; Episodio Uno \u00abLa guerra del cannabis contra el cerebro\u00bb con Aubree Adams<\/a><\/p>\n\n<ul class=\"wp-block-list\">\n<li><strong><a href=\"https:\/\/www.youtube.com\/shorts\/m_WUCE-bbQs\" target=\"_blank\" rel=\"noreferrer noopener\">Los Dang<\/a><\/strong><a href=\"https:\/\/www.youtube.com\/shorts\/m_WUCE-bbQs\" target=\"_blank\" rel=\"noreferrer noopener\">ers of Dabbing: El viaje de Aubree Adams a trav\u00e9s de la salud mental y la tragedia<\/a><\/li>\n\n\n\n<li><a href=\"https:\/\/www.youtube.com\/shorts\/mTHB8J91WH4\" target=\"_blank\" rel=\"noreferrer noopener\">La lucha de una madre: Servicios Sociales, Polic\u00eda y un Hijo en Crisis<\/a><\/li>\n\n\n\n<li><a href=\"https:\/\/www.youtube.com\/shorts\/wrHou5hCosE\" target=\"_blank\" rel=\"noreferrer noopener\">La emotiva historia de Aubree Adams: Cuando la marihuana destroz\u00f3 a mi familia<\/a><\/li>\n\n\n\n<li><a href=\"https:\/\/www.youtube.com\/shorts\/XAQED9_hnhg\" target=\"_blank\" rel=\"noreferrer noopener\">Lo perd\u00ed todo, pero encontr\u00e9 la fuerza para seguir adelante #Esperanza #Resiliencia<\/a><\/li>\n<\/ul>\n\n<figure class=\"wp-block-video\"><video controls=\"\" src=\"Building Resiliency - Welcome to the Unnecessary Harm Podcast\"><\/video><\/figure>\n\n<hr class=\"wp-block-separator has-alpha-channel-opacity\"\/>\n\n<p>31 de Diciembre de 2024 &#8211; Podcast del Dr. Phil &#8211; <a href=\"https:\/\/youtu.be\/t-aYRY8e9LY?si=JFM56GVuKSlb3Ak-\">Psicosis por adicci\u00f3n, visitas a Urgencias y suicidio: \u00bfSigue siendo \u00abs\u00f3lo hierba\u00bb?<\/a><\/p>\n\n<p><strong>Diciembre de 2024 <\/strong>&#8211; <a href=\"https:\/\/www.pys.org\/kroj-101-5-fm-radio-ollin\">KROJ 101.5 FM Ollin RADIO<\/a> &#8211; <a href=\"https:\/\/drive.google.com\/file\/d\/12KUurNiQAlCQfMfafoVH4XW0FyYGHaTW\/view\">Enlace a la emisi\u00f3n de radio<\/a>.<\/p>\n\n<hr class=\"wp-block-separator has-alpha-channel-opacity\"\/>\n\n<p><strong>14 de noviembre de 2024 <\/strong>&#8211; Mentalidad adictiva, \u00bfQu\u00e9 pasa con la hierba de hoy?<\/p>\n\n<figure class=\"wp-block-embed is-type-video is-provider-youtube wp-block-embed-youtube wp-embed-aspect-16-9 wp-has-aspect-ratio\"><div class=\"wp-block-embed__wrapper\">\n<iframe loading=\"lazy\" title=\"WTF IS GOING ON WITH TODAYS WEED??\" width=\"500\" height=\"281\" src=\"https:\/\/www.youtube.com\/embed\/qy8hkpiHQ1k?feature=oembed\" frameborder=\"0\" allow=\"accelerometer; autoplay; clipboard-write; encrypted-media; gyroscope; picture-in-picture; web-share\" referrerpolicy=\"strict-origin-when-cross-origin\" allowfullscreen><\/iframe>\n<\/div><\/figure>\n\n<hr class=\"wp-block-separator has-alpha-channel-opacity\"\/>\n\n<p><strong>21 de noviembre de 2024<\/strong><\/p>\n\n<figure class=\"wp-block-image size-large is-resized\"><a href=\"https:\/\/everybrainmatters.org\/wp-content\/uploads\/Aubree-and-Paul-1.png\"><img loading=\"lazy\" decoding=\"async\" width=\"791\" height=\"1024\" src=\"https:\/\/everybrainmatters.org\/wp-content\/uploads\/Aubree-and-Paul-1-791x1024.png\" alt=\"\" class=\"wp-image-36795\" style=\"width:548px;height:auto\" srcset=\"https:\/\/everybrainmatters.org\/wp-content\/uploads\/Aubree-and-Paul-1-791x1024.png 791w, https:\/\/everybrainmatters.org\/wp-content\/uploads\/Aubree-and-Paul-1-232x300.png 232w, https:\/\/everybrainmatters.org\/wp-content\/uploads\/Aubree-and-Paul-1-768x994.png 768w, https:\/\/everybrainmatters.org\/wp-content\/uploads\/Aubree-and-Paul-1-1187x1536.png 1187w, https:\/\/everybrainmatters.org\/wp-content\/uploads\/Aubree-and-Paul-1-600x777.png 600w, https:\/\/everybrainmatters.org\/wp-content\/uploads\/Aubree-and-Paul-1.png 1545w\" sizes=\"auto, (max-width: 791px) 100vw, 791px\" \/><\/a><\/figure>\n\n<p><\/p>\n\n<hr class=\"wp-block-separator has-alpha-channel-opacity\"\/>\n\n<p>15 de mayo de 2024- <a href=\"https:\/\/youtu.be\/nf-0BA_O39k?si=M0W_ajKonnp5L5Ev\" class=\"ek-link\">Mi hijo utiliza Mariuana. \u00bfY Ahora Qu\u00e9?<\/a> ARC Educaci\u00f3n para la Prevenci\u00f3n (Addiction Resource Council, Inc. -Wisconsin <\/p>\n\n<p>8 de abril de 2024 &#8211; <a href=\"https:\/\/youtu.be\/hH5iDghXgOc?si=jUJHod7oXK0r297U\" class=\"ek-link\">Sesi\u00f3n de trabajo del Ayuntamiento de Pueblo Colorado.<\/a> Comienza a los 20 minutos.<\/p>\n\n<p>5 de marzo de 2024- <a href=\"https:\/\/hightruths.com\/podcast\/episode-170-high-truths-with-aubree-adams-and-every-brain-matters\/\" class=\"ek-link\">Episodio n\u00ba 170 Grandes verdades sobre las drogas y la adicci\u00f3n -Dr. Roneet Lev con Aubree Adams y Every Brain Matters<\/a><\/p>\n\n<p>23 de enero de 2024<\/p>\n\n<div class=\"wp-block-columns is-layout-flex wp-container-core-columns-is-layout-9d6595d7 wp-block-columns-is-layout-flex\">\n<div class=\"wp-block-column is-layout-flow wp-block-column-is-layout-flow\">\n<figure class=\"wp-block-image size-full is-resized\"><a href=\"https:\/\/everybrainmatters.org\/wp-content\/uploads\/Screenshot-2024-02-04-203459.png\"><img loading=\"lazy\" decoding=\"async\" width=\"801\" height=\"959\" src=\"https:\/\/everybrainmatters.org\/wp-content\/uploads\/Screenshot-2024-02-04-203459.png\" alt=\"\" class=\"wp-image-35268\" style=\"aspect-ratio:0.75;width:289px;height:auto\" srcset=\"https:\/\/everybrainmatters.org\/wp-content\/uploads\/Screenshot-2024-02-04-203459.png 801w, https:\/\/everybrainmatters.org\/wp-content\/uploads\/Screenshot-2024-02-04-203459-251x300.png 251w, https:\/\/everybrainmatters.org\/wp-content\/uploads\/Screenshot-2024-02-04-203459-768x919.png 768w, https:\/\/everybrainmatters.org\/wp-content\/uploads\/Screenshot-2024-02-04-203459-600x718.png 600w\" sizes=\"auto, (max-width: 801px) 100vw, 801px\" \/><\/a><\/figure>\n<\/div>\n\n\n\n<div class=\"wp-block-column is-layout-flow wp-block-column-is-layout-flow\">\n<figure class=\"wp-block-image size-large\"><a href=\"https:\/\/everybrainmatters.org\/wp-content\/uploads\/Family-Ties-Graphic-1.png\"><img loading=\"lazy\" decoding=\"async\" width=\"1024\" height=\"576\" src=\"https:\/\/everybrainmatters.org\/wp-content\/uploads\/Family-Ties-Graphic-1-1024x576.png\" alt=\"\" class=\"wp-image-35269\" srcset=\"https:\/\/everybrainmatters.org\/wp-content\/uploads\/Family-Ties-Graphic-1-1024x576.png 1024w, https:\/\/everybrainmatters.org\/wp-content\/uploads\/Family-Ties-Graphic-1-300x169.png 300w, https:\/\/everybrainmatters.org\/wp-content\/uploads\/Family-Ties-Graphic-1-768x432.png 768w, https:\/\/everybrainmatters.org\/wp-content\/uploads\/Family-Ties-Graphic-1-1536x864.png 1536w, https:\/\/everybrainmatters.org\/wp-content\/uploads\/Family-Ties-Graphic-1-1300x731.png 1300w, https:\/\/everybrainmatters.org\/wp-content\/uploads\/Family-Ties-Graphic-1-403x226.png 403w, https:\/\/everybrainmatters.org\/wp-content\/uploads\/Family-Ties-Graphic-1-600x338.png 600w, https:\/\/everybrainmatters.org\/wp-content\/uploads\/Family-Ties-Graphic-1.png 1921w\" sizes=\"auto, (max-width: 1024px) 100vw, 1024px\" \/><\/a><\/figure>\n<\/div>\n<\/div>\n\n<hr class=\"wp-block-separator has-alpha-channel-opacity\"\/>\n\n<p class=\"has-text-align-center\"><strong>2023<\/strong><\/p>\n\n<p>5 de diciembre de 2023 &#8211; Corinne LaMarca y Aubree Adams declaran ante <a href=\"https:\/\/ohiosenate.gov\/committees\/general-government\/video\/ohio-senate-general-government-committee-12-5-2023-191104\" class=\"ek-link\">el Comit\u00e9 del Gobierno General del Senado de Ohio. timestamp: 1:25<\/a><\/p>\n\n<p>11 de noviembre 2023 &#8211; La marihuana cambi\u00f3 mi hogar en Colorado; ahora el c\u00e1\u00f1amo est\u00e1 cambiando Texas <\/p>\n\n<figure class=\"wp-block-image size-large is-resized is-style-editorskit-shadow\"><a href=\"https:\/\/everybrainmatters.org\/wp-content\/uploads\/texas-Nov-2023.png\"><img loading=\"lazy\" decoding=\"async\" width=\"791\" height=\"1024\" src=\"https:\/\/everybrainmatters.org\/wp-content\/uploads\/texas-Nov-2023-791x1024.png\" alt=\"\" class=\"wp-image-34624\" style=\"width:207px;height:268px\" srcset=\"https:\/\/everybrainmatters.org\/wp-content\/uploads\/texas-Nov-2023-791x1024.png 791w, https:\/\/everybrainmatters.org\/wp-content\/uploads\/texas-Nov-2023-232x300.png 232w, https:\/\/everybrainmatters.org\/wp-content\/uploads\/texas-Nov-2023-768x994.png 768w, https:\/\/everybrainmatters.org\/wp-content\/uploads\/texas-Nov-2023-1187x1536.png 1187w, https:\/\/everybrainmatters.org\/wp-content\/uploads\/texas-Nov-2023-600x777.png 600w, https:\/\/everybrainmatters.org\/wp-content\/uploads\/texas-Nov-2023.png 1545w\" sizes=\"auto, (max-width: 791px) 100vw, 791px\" \/><\/a><\/figure>\n\n<p>25 de octubre de 2023 &#8211; Instituto Buckeye Valley de Delaware, Ohio<\/p>\n\n<p>22 de octubre de 2023 &#8211; Iglesia Bautista Keystone en Kettering, Ohio<\/p>\n\n<p>19 de octubre de 2023 &#8211; Junta de Recuperaci\u00f3n de Salud Mental, condados de Clark, Green y Madison &#8211; Beavercreek, Ohio.  <\/p>\n\n<div class=\"wp-block-columns is-layout-flex wp-container-core-columns-is-layout-9d6595d7 wp-block-columns-is-layout-flex\">\n<div class=\"wp-block-column is-layout-flow wp-block-column-is-layout-flow\"><div class=\"wp-block-image is-style-editorskit-shadow\">\n<figure class=\"aligncenter size-full is-resized\"><a href=\"https:\/\/everybrainmatters.org\/wp-content\/uploads\/Screenshot-2023-10-10-193544.png\"><img loading=\"lazy\" decoding=\"async\" width=\"668\" height=\"844\" src=\"https:\/\/everybrainmatters.org\/wp-content\/uploads\/Screenshot-2023-10-10-193544.png\" alt=\"\" class=\"wp-image-34619\" style=\"width:187px;height:237px\" srcset=\"https:\/\/everybrainmatters.org\/wp-content\/uploads\/Screenshot-2023-10-10-193544.png 668w, https:\/\/everybrainmatters.org\/wp-content\/uploads\/Screenshot-2023-10-10-193544-237x300.png 237w, https:\/\/everybrainmatters.org\/wp-content\/uploads\/Screenshot-2023-10-10-193544-600x758.png 600w\" sizes=\"auto, (max-width: 668px) 100vw, 668px\" \/><\/a><\/figure><\/div><\/div>\n\n\n\n<div class=\"wp-block-column is-layout-flow wp-block-column-is-layout-flow\"><div class=\"wp-block-image is-style-editorskit-shadow\">\n<figure class=\"alignleft size-full is-resized\"><a href=\"https:\/\/everybrainmatters.org\/wp-content\/uploads\/Screenshot-2023-10-10-193459-2.png\"><img loading=\"lazy\" decoding=\"async\" width=\"642\" height=\"839\" src=\"https:\/\/everybrainmatters.org\/wp-content\/uploads\/Screenshot-2023-10-10-193459-2.png\" alt=\"\" class=\"wp-image-34628\" style=\"width:194px;height:235px\" srcset=\"https:\/\/everybrainmatters.org\/wp-content\/uploads\/Screenshot-2023-10-10-193459-2.png 642w, https:\/\/everybrainmatters.org\/wp-content\/uploads\/Screenshot-2023-10-10-193459-2-230x300.png 230w, https:\/\/everybrainmatters.org\/wp-content\/uploads\/Screenshot-2023-10-10-193459-2-600x784.png 600w\" sizes=\"auto, (max-width: 642px) 100vw, 642px\" \/><\/a><\/figure><\/div><\/div>\n<\/div>\n\n<p>17 de octubre de 2023 &#8211; Condado de ClayCoalici\u00f3n Antidroga del Condado de Clay, Tennesse<\/p>\n\n<p>26 de septiembre de 2023 &#8211; <a href=\"https:\/\/youtu.be\/8sj5pfLAHN8?si=LbIcUYMYAPqoPHJS\" class=\"ek-link\">Red de Acci\u00f3n de Padres &#8211; Navegando por las Opciones de Recuperaci\u00f3n para Personas con Trastorno por Consumo de Marihuana\u00bb<\/a> <\/p>\n\n<p>14 de septiembre de 2023 &#8211; <a href=\"https:\/\/www.nationalacademies.org\/event\/40660_09-2023_public-health-consequences-of-changes-in-the-cannabis-policy-landscape-committee-meeting-1\" class=\"ek-link\">Aubree Adams y Corinne LaMarca comentan p\u00fablicamente en las Academias Nacionales de Ciencias, Ingenier\u00eda y Medicina. Marca de tiempo 2:38<\/a><\/p>\n\n<p>2 de agosto de 2023 &#8211; Coalici\u00f3n Antidroga del Condado de Roane &#8211; Kingston, Tennessee<\/p>\n\n<p>2 de junio de 2023 &#8211; Agencia Nacional Antidroga de Nigeria<\/p>\n\n<p>29 de mayo 2023 -Mi<a href=\"https:\/\/youtu.be\/MEaLnM8UfXU?si=k63muavKBCtPMgM8\" class=\"ek-link\">\u00faltimo podcast conjunto<\/a> <\/p>\n\n<p>20 de abril de 2023 -Comit\u00e9 Judicial de New Hampshire, en contra de la legalizaci\u00f3n de la marihuana HB -639 y cena de presentaci\u00f3n con legisladores y la coalici\u00f3n antidroga<br\/>18 de abril de 2023 &#8211; Aubree Adams aparece en la Radio P\u00fablica de Minnesota<br\/>21 de marzo de 2023 &#8211; <a class=\"ek-link\" href=\"https:\/\/centraltexasteaparty.com\/events\/\">Central Texas TEA Party <\/a> Harris Community Center &#8211; Belton, Texas<br\/>16 de marzo de 2023 &#8211; <a href=\"https:\/\/www.bcsteaparty.com\/post\/2023-march-every-brain-matters\/\">College Station TEA Party- Outback Steak House -College Station, Texas<\/a><br\/>14 de marzo de 2023 &#8211; Lakeview Country Club, Houston, Texas<br\/>24 de febrero de 2023 &#8211; <a class=\"ek-link\" href=\"https:\/\/northlandcoalition.com\/northland-prevention-conference\/\">2023 Northland Prevention Conference \u00abShape the Future\u00bb <\/a><br\/>Northland Coalition, Kansas City, Missouri<\/p>\n\n<p><\/p>\n","protected":false},"excerpt":{"rendered":"<p>Presentaciones y discursos 5 de marzo de 2026 &#8211; Aubree present\u00f3 \u00abEsperanza para la eNueva Era de la Marihuana Comercial\u00bb&#8230;<\/p>\n","protected":false},"author":14,"featured_media":0,"parent":0,"menu_order":0,"comment_status":"closed","ping_status":"closed","template":"","meta":{"_acf_changed":false,"_editorskit_title_hidden":false,"_editorskit_reading_time":0,"_editorskit_is_block_options_detached":false,"_editorskit_block_options_position":"{}","footnotes":""},"class_list":["post-46876","page","type-page","status-publish","hentry"],"acf":[],"yoast_head":"<!-- This site is optimized with the Yoast SEO plugin v26.1.1 - https:\/\/yoast.com\/wordpress\/plugins\/seo\/ -->\n<title>Conferencias - Every Brain Matters<\/title>\n<meta name=\"robots\" content=\"index, follow, max-snippet:-1, max-image-preview:large, max-video-preview:-1\" \/>\n<link rel=\"canonical\" href=\"https:\/\/everybrainmatters.org\/es\/conferencias\/\" \/>\n<meta property=\"og:locale\" content=\"es_ES\" \/>\n<meta property=\"og:type\" content=\"article\" \/>\n<meta property=\"og:title\" content=\"Conferencias - Every Brain Matters\" \/>\n<meta property=\"og:description\" content=\"Presentaciones y discursos 5 de marzo de 2026 &#8211; Aubree present\u00f3 \u00abEsperanza para la eNueva Era de la Marihuana Comercial\u00bb...\" \/>\n<meta property=\"og:url\" content=\"https:\/\/everybrainmatters.org\/es\/conferencias\/\" \/>\n<meta property=\"og:site_name\" content=\"Every Brain Matters\" \/>\n<meta property=\"article:modified_time\" content=\"2026-03-20T17:01:10+00:00\" \/>\n<meta property=\"og:image\" content=\"https:\/\/everybrainmatters.org\/wp-content\/uploads\/Aubree-and-Paul-1.png\" \/>\n\t<meta property=\"og:image:width\" content=\"1545\" \/>\n\t<meta property=\"og:image:height\" content=\"2000\" \/>\n\t<meta property=\"og:image:type\" content=\"image\/png\" \/>\n<meta name=\"twitter:card\" content=\"summary_large_image\" \/>\n<meta name=\"twitter:label1\" content=\"Est. reading time\" \/>\n\t<meta name=\"twitter:data1\" content=\"3 minutos\" \/>\n<script type=\"application\/ld+json\" class=\"yoast-schema-graph\">{\"@context\":\"https:\/\/schema.org\",\"@graph\":[{\"@type\":\"WebPage\",\"@id\":\"https:\/\/everybrainmatters.org\/es\/conferencias\/\",\"url\":\"https:\/\/everybrainmatters.org\/es\/conferencias\/\",\"name\":\"Conferencias - Every Brain Matters\",\"isPartOf\":{\"@id\":\"https:\/\/everybrainmatters.org\/es\/#website\"},\"primaryImageOfPage\":{\"@id\":\"https:\/\/everybrainmatters.org\/es\/conferencias\/#primaryimage\"},\"image\":{\"@id\":\"https:\/\/everybrainmatters.org\/es\/conferencias\/#primaryimage\"},\"thumbnailUrl\":\"https:\/\/everybrainmatters.org\/wp-content\/uploads\/Aubree-and-Paul-1-791x1024.png\",\"datePublished\":\"2023-02-28T03:40:31+00:00\",\"dateModified\":\"2026-03-20T17:01:10+00:00\",\"breadcrumb\":{\"@id\":\"https:\/\/everybrainmatters.org\/es\/conferencias\/#breadcrumb\"},\"inLanguage\":\"es-ES\",\"potentialAction\":[{\"@type\":\"ReadAction\",\"target\":[\"https:\/\/everybrainmatters.org\/es\/conferencias\/\"]}]},{\"@type\":\"ImageObject\",\"inLanguage\":\"es-ES\",\"@id\":\"https:\/\/everybrainmatters.org\/es\/conferencias\/#primaryimage\",\"url\":\"https:\/\/everybrainmatters.org\/wp-content\/uploads\/Aubree-and-Paul-1-791x1024.png\",\"contentUrl\":\"https:\/\/everybrainmatters.org\/wp-content\/uploads\/Aubree-and-Paul-1-791x1024.png\"},{\"@type\":\"BreadcrumbList\",\"@id\":\"https:\/\/everybrainmatters.org\/es\/conferencias\/#breadcrumb\",\"itemListElement\":[{\"@type\":\"ListItem\",\"position\":1,\"name\":\"Home\",\"item\":\"https:\/\/everybrainmatters.org\/es\/\"},{\"@type\":\"ListItem\",\"position\":2,\"name\":\"Conferencias\"}]},{\"@type\":\"WebSite\",\"@id\":\"https:\/\/everybrainmatters.org\/es\/#website\",\"url\":\"https:\/\/everybrainmatters.org\/es\/\",\"name\":\"Every Brain Matters\",\"description\":\"\",\"publisher\":{\"@id\":\"https:\/\/everybrainmatters.org\/es\/#organization\"},\"potentialAction\":[{\"@type\":\"SearchAction\",\"target\":{\"@type\":\"EntryPoint\",\"urlTemplate\":\"https:\/\/everybrainmatters.org\/es\/?s={search_term_string}\"},\"query-input\":{\"@type\":\"PropertyValueSpecification\",\"valueRequired\":true,\"valueName\":\"search_term_string\"}}],\"inLanguage\":\"es-ES\"},{\"@type\":\"Organization\",\"@id\":\"https:\/\/everybrainmatters.org\/es\/#organization\",\"name\":\"Every Brain Matters\",\"url\":\"https:\/\/everybrainmatters.org\/es\/\",\"logo\":{\"@type\":\"ImageObject\",\"inLanguage\":\"es-ES\",\"@id\":\"https:\/\/everybrainmatters.org\/es\/#\/schema\/logo\/image\/\",\"url\":\"https:\/\/everybrainmatters.org\/wp-content\/uploads\/AllBrains_3.jpg\",\"contentUrl\":\"https:\/\/everybrainmatters.org\/wp-content\/uploads\/AllBrains_3.jpg\",\"width\":1000,\"height\":1087,\"caption\":\"Every Brain Matters\"},\"image\":{\"@id\":\"https:\/\/everybrainmatters.org\/es\/#\/schema\/logo\/image\/\"}}]}<\/script>\n<!-- \/ Yoast SEO plugin. -->","yoast_head_json":{"title":"Conferencias - Every Brain Matters","robots":{"index":"index","follow":"follow","max-snippet":"max-snippet:-1","max-image-preview":"max-image-preview:large","max-video-preview":"max-video-preview:-1"},"canonical":"https:\/\/everybrainmatters.org\/es\/conferencias\/","og_locale":"es_ES","og_type":"article","og_title":"Conferencias - Every Brain Matters","og_description":"Presentaciones y discursos 5 de marzo de 2026 &#8211; Aubree present\u00f3 \u00abEsperanza para la eNueva Era de la Marihuana Comercial\u00bb...","og_url":"https:\/\/everybrainmatters.org\/es\/conferencias\/","og_site_name":"Every Brain Matters","article_modified_time":"2026-03-20T17:01:10+00:00","og_image":[{"width":1545,"height":2000,"url":"https:\/\/everybrainmatters.org\/wp-content\/uploads\/Aubree-and-Paul-1.png","type":"image\/png"}],"twitter_card":"summary_large_image","twitter_misc":{"Est. reading time":"3 minutos"},"schema":{"@context":"https:\/\/schema.org","@graph":[{"@type":"WebPage","@id":"https:\/\/everybrainmatters.org\/es\/conferencias\/","url":"https:\/\/everybrainmatters.org\/es\/conferencias\/","name":"Conferencias - Every Brain Matters","isPartOf":{"@id":"https:\/\/everybrainmatters.org\/es\/#website"},"primaryImageOfPage":{"@id":"https:\/\/everybrainmatters.org\/es\/conferencias\/#primaryimage"},"image":{"@id":"https:\/\/everybrainmatters.org\/es\/conferencias\/#primaryimage"},"thumbnailUrl":"https:\/\/everybrainmatters.org\/wp-content\/uploads\/Aubree-and-Paul-1-791x1024.png","datePublished":"2023-02-28T03:40:31+00:00","dateModified":"2026-03-20T17:01:10+00:00","breadcrumb":{"@id":"https:\/\/everybrainmatters.org\/es\/conferencias\/#breadcrumb"},"inLanguage":"es-ES","potentialAction":[{"@type":"ReadAction","target":["https:\/\/everybrainmatters.org\/es\/conferencias\/"]}]},{"@type":"ImageObject","inLanguage":"es-ES","@id":"https:\/\/everybrainmatters.org\/es\/conferencias\/#primaryimage","url":"https:\/\/everybrainmatters.org\/wp-content\/uploads\/Aubree-and-Paul-1-791x1024.png","contentUrl":"https:\/\/everybrainmatters.org\/wp-content\/uploads\/Aubree-and-Paul-1-791x1024.png"},{"@type":"BreadcrumbList","@id":"https:\/\/everybrainmatters.org\/es\/conferencias\/#breadcrumb","itemListElement":[{"@type":"ListItem","position":1,"name":"Home","item":"https:\/\/everybrainmatters.org\/es\/"},{"@type":"ListItem","position":2,"name":"Conferencias"}]},{"@type":"WebSite","@id":"https:\/\/everybrainmatters.org\/es\/#website","url":"https:\/\/everybrainmatters.org\/es\/","name":"Every Brain Matters","description":"","publisher":{"@id":"https:\/\/everybrainmatters.org\/es\/#organization"},"potentialAction":[{"@type":"SearchAction","target":{"@type":"EntryPoint","urlTemplate":"https:\/\/everybrainmatters.org\/es\/?s={search_term_string}"},"query-input":{"@type":"PropertyValueSpecification","valueRequired":true,"valueName":"search_term_string"}}],"inLanguage":"es-ES"},{"@type":"Organization","@id":"https:\/\/everybrainmatters.org\/es\/#organization","name":"Every Brain Matters","url":"https:\/\/everybrainmatters.org\/es\/","logo":{"@type":"ImageObject","inLanguage":"es-ES","@id":"https:\/\/everybrainmatters.org\/es\/#\/schema\/logo\/image\/","url":"https:\/\/everybrainmatters.org\/wp-content\/uploads\/AllBrains_3.jpg","contentUrl":"https:\/\/everybrainmatters.org\/wp-content\/uploads\/AllBrains_3.jpg","width":1000,"height":1087,"caption":"Every Brain Matters"},"image":{"@id":"https:\/\/everybrainmatters.org\/es\/#\/schema\/logo\/image\/"}}]}},"_links":{"self":[{"href":"https:\/\/everybrainmatters.org\/es\/wp-json\/wp\/v2\/pages\/46876","targetHints":{"allow":["GET"]}}],"collection":[{"href":"https:\/\/everybrainmatters.org\/es\/wp-json\/wp\/v2\/pages"}],"about":[{"href":"https:\/\/everybrainmatters.org\/es\/wp-json\/wp\/v2\/types\/page"}],"author":[{"embeddable":true,"href":"https:\/\/everybrainmatters.org\/es\/wp-json\/wp\/v2\/users\/14"}],"replies":[{"embeddable":true,"href":"https:\/\/everybrainmatters.org\/es\/wp-json\/wp\/v2\/comments?post=46876"}],"version-history":[{"count":5,"href":"https:\/\/everybrainmatters.org\/es\/wp-json\/wp\/v2\/pages\/46876\/revisions"}],"predecessor-version":[{"id":54811,"href":"https:\/\/everybrainmatters.org\/es\/wp-json\/wp\/v2\/pages\/46876\/revisions\/54811"}],"wp:attachment":[{"href":"https:\/\/everybrainmatters.org\/es\/wp-json\/wp\/v2\/media?parent=46876"}],"curies":[{"name":"wp","href":"https:\/\/api.w.org\/{rel}","templated":true}]}}