{"id":46889,"date":"2022-11-23T21:53:51","date_gmt":"2022-11-24T03:53:51","guid":{"rendered":"https:\/\/everybrainmatters.org\/efectos-del-thc-en-los-adultos\/"},"modified":"2025-10-21T09:05:52","modified_gmt":"2025-10-21T14:05:52","slug":"efectos-del-thc-en-los-adultos","status":"publish","type":"page","link":"https:\/\/everybrainmatters.org\/es\/efectos-del-thc-en-los-adultos\/","title":{"rendered":"Efectos del THC en los adultos"},"content":{"rendered":"\n<p><a href=\"https:\/\/www.ajpmonline.org\/article\/S0749-3797(23)00388-4\/fulltext\" target=\"_blank\" rel=\"noreferrer noopener\">Cambios en el consumo de cannabis de 2014 a 2019 entre los adultos j\u00f3venes del estado de Washington<\/a>, 2023, 2 de octubre<\/p>\n\n<p><a aria-label=\"Trends in emergency department visits associated with cannabis use among older adults in California, 2005&#x2013;2019 (opens in a new tab)\" href=\"https:\/\/agsjournals.onlinelibrary.wiley.com\/doi\/abs\/10.1111\/jgs.18180?mod=ANLink\" target=\"_blank\" rel=\"noreferrer noopener\" class=\"ek-link\">Tendencias de las visitas a urgencias asociadas al consumo de cannabis entre los adultos mayores de California, 2005-2019<\/a> 2023, enero 09<\/p>\n\n<p>La tasa de visitas a urgencias relacionadas con el cannabis aument\u00f3 significativamente en los adultos de edad \u226565 a\u00f1os y en todos los subgrupos<em>(p<\/em> &lt; 0,001). La tasa global aument\u00f3 de 20,7 por 100.000 visitas en 2005 a 395,0 por 100.000 visitas a urgencias en 2019, un aumento relativo del 1804%. <\/p>\n\n<hr class=\"wp-block-separator has-alpha-channel-opacity is-style-wide\"\/>\n\n<p><a aria-label=\"Long-Term Outcomes of Adolescent THC Exposure on Translational Cognitive Measures in Adulthood in an Animal Model and Computational Assessment of Human Data (opens in a new tab)\" href=\"https:\/\/jamanetwork.com\/journals\/jamapsychiatry\/article-abstract\/2799065\" target=\"_blank\" rel=\"noreferrer noopener\" class=\"ek-link\">Resultados a largo plazo de la exposici\u00f3n al THC en la adolescencia sobre medidas cognitivas traslacionales en la edad adulta en un modelo animal y evaluaci\u00f3n computacional de datos humanos<\/a>, 2022, 23 de noviembre<\/p>\n\n<p><strong>Conclusiones y relevancia<\/strong> En este estudio traslacional, la exposici\u00f3n a altas dosis de THC en la adolescencia se asoci\u00f3 con la vulnerabilidad cognitiva en la edad adulta, especialmente con la reexposici\u00f3n al THC. Estos datos tambi\u00e9n sugieren un v\u00ednculo entre los astrocitos y la cognici\u00f3n que, en conjunto, proporciona importantes conocimientos sobre la g\u00e9nesis neurobiol\u00f3gica del consumo de riesgo de cannabis que pueden ayudar a promover los esfuerzos de prevenci\u00f3n y tratamiento. <\/p>\n\n<hr class=\"wp-block-separator has-alpha-channel-opacity\"\/>\n\n<h6 class=\"wp-block-heading\"><a aria-label=\"Cannabis: An Emerging Treatment for Common Symptoms in Older Adults (opens in a new tab)\" href=\"An%20Emerging%20Treatment%20for%20Common%20Symptoms%20in%20Older%20Adults\" target=\"_blank\" rel=\"noreferrer noopener\" class=\"ek-link\">Cannabis: Un Tratamiento Emergente para S\u00edntomas Comunes en Adultos Mayores<\/a>, 2020, cot. 07<\/h6>\n","protected":false},"excerpt":{"rendered":"<p>Cambios en el consumo de cannabis de 2014 a 2019 entre los adultos j\u00f3venes del estado de Washington, 2023, 2&#8230;<\/p>\n","protected":false},"author":11,"featured_media":0,"parent":0,"menu_order":0,"comment_status":"closed","ping_status":"closed","template":"","meta":{"_acf_changed":false,"_editorskit_title_hidden":false,"_editorskit_reading_time":0,"_editorskit_is_block_options_detached":false,"_editorskit_block_options_position":"{}","footnotes":""},"class_list":["post-46889","page","type-page","status-publish","hentry"],"acf":[],"yoast_head":"<!-- This site is optimized with the Yoast SEO plugin v26.1.1 - https:\/\/yoast.com\/wordpress\/plugins\/seo\/ -->\n<title>Efectos del THC en los adultos - Every Brain Matters<\/title>\n<meta name=\"robots\" content=\"index, follow, max-snippet:-1, max-image-preview:large, max-video-preview:-1\" \/>\n<link rel=\"canonical\" href=\"https:\/\/everybrainmatters.org\/es\/efectos-del-thc-en-los-adultos\/\" \/>\n<meta property=\"og:locale\" content=\"es_ES\" \/>\n<meta property=\"og:type\" content=\"article\" \/>\n<meta property=\"og:title\" content=\"Efectos del THC en los adultos - Every Brain Matters\" \/>\n<meta property=\"og:description\" content=\"Cambios en el consumo de cannabis de 2014 a 2019 entre los adultos j\u00f3venes del estado de Washington, 2023, 2...\" \/>\n<meta property=\"og:url\" content=\"https:\/\/everybrainmatters.org\/es\/efectos-del-thc-en-los-adultos\/\" \/>\n<meta property=\"og:site_name\" content=\"Every Brain Matters\" \/>\n<meta property=\"article:modified_time\" content=\"2025-10-21T14:05:52+00:00\" \/>\n<meta property=\"og:image\" content=\"https:\/\/everybrainmatters.org\/wp-content\/uploads\/AllBrains_3.jpg\" \/>\n\t<meta property=\"og:image:width\" content=\"1000\" \/>\n\t<meta property=\"og:image:height\" content=\"1087\" \/>\n\t<meta property=\"og:image:type\" content=\"image\/jpeg\" \/>\n<meta name=\"twitter:card\" content=\"summary_large_image\" \/>\n<meta name=\"twitter:label1\" content=\"Est. reading time\" \/>\n\t<meta name=\"twitter:data1\" content=\"1 minuto\" \/>\n<script type=\"application\/ld+json\" class=\"yoast-schema-graph\">{\"@context\":\"https:\/\/schema.org\",\"@graph\":[{\"@type\":\"WebPage\",\"@id\":\"https:\/\/everybrainmatters.org\/es\/efectos-del-thc-en-los-adultos\/\",\"url\":\"https:\/\/everybrainmatters.org\/es\/efectos-del-thc-en-los-adultos\/\",\"name\":\"Efectos del THC en los adultos - Every Brain Matters\",\"isPartOf\":{\"@id\":\"https:\/\/everybrainmatters.org\/es\/#website\"},\"datePublished\":\"2022-11-24T03:53:51+00:00\",\"dateModified\":\"2025-10-21T14:05:52+00:00\",\"breadcrumb\":{\"@id\":\"https:\/\/everybrainmatters.org\/es\/efectos-del-thc-en-los-adultos\/#breadcrumb\"},\"inLanguage\":\"es-ES\",\"potentialAction\":[{\"@type\":\"ReadAction\",\"target\":[\"https:\/\/everybrainmatters.org\/es\/efectos-del-thc-en-los-adultos\/\"]}]},{\"@type\":\"BreadcrumbList\",\"@id\":\"https:\/\/everybrainmatters.org\/es\/efectos-del-thc-en-los-adultos\/#breadcrumb\",\"itemListElement\":[{\"@type\":\"ListItem\",\"position\":1,\"name\":\"Home\",\"item\":\"https:\/\/everybrainmatters.org\/es\/\"},{\"@type\":\"ListItem\",\"position\":2,\"name\":\"Efectos del THC en los adultos\"}]},{\"@type\":\"WebSite\",\"@id\":\"https:\/\/everybrainmatters.org\/es\/#website\",\"url\":\"https:\/\/everybrainmatters.org\/es\/\",\"name\":\"Every Brain Matters\",\"description\":\"\",\"publisher\":{\"@id\":\"https:\/\/everybrainmatters.org\/es\/#organization\"},\"potentialAction\":[{\"@type\":\"SearchAction\",\"target\":{\"@type\":\"EntryPoint\",\"urlTemplate\":\"https:\/\/everybrainmatters.org\/es\/?s={search_term_string}\"},\"query-input\":{\"@type\":\"PropertyValueSpecification\",\"valueRequired\":true,\"valueName\":\"search_term_string\"}}],\"inLanguage\":\"es-ES\"},{\"@type\":\"Organization\",\"@id\":\"https:\/\/everybrainmatters.org\/es\/#organization\",\"name\":\"Every Brain Matters\",\"url\":\"https:\/\/everybrainmatters.org\/es\/\",\"logo\":{\"@type\":\"ImageObject\",\"inLanguage\":\"es-ES\",\"@id\":\"https:\/\/everybrainmatters.org\/es\/#\/schema\/logo\/image\/\",\"url\":\"https:\/\/everybrainmatters.org\/wp-content\/uploads\/AllBrains_3.jpg\",\"contentUrl\":\"https:\/\/everybrainmatters.org\/wp-content\/uploads\/AllBrains_3.jpg\",\"width\":1000,\"height\":1087,\"caption\":\"Every Brain Matters\"},\"image\":{\"@id\":\"https:\/\/everybrainmatters.org\/es\/#\/schema\/logo\/image\/\"}}]}<\/script>\n<!-- \/ Yoast SEO plugin. -->","yoast_head_json":{"title":"Efectos del THC en los adultos - Every Brain Matters","robots":{"index":"index","follow":"follow","max-snippet":"max-snippet:-1","max-image-preview":"max-image-preview:large","max-video-preview":"max-video-preview:-1"},"canonical":"https:\/\/everybrainmatters.org\/es\/efectos-del-thc-en-los-adultos\/","og_locale":"es_ES","og_type":"article","og_title":"Efectos del THC en los adultos - Every Brain Matters","og_description":"Cambios en el consumo de cannabis de 2014 a 2019 entre los adultos j\u00f3venes del estado de Washington, 2023, 2...","og_url":"https:\/\/everybrainmatters.org\/es\/efectos-del-thc-en-los-adultos\/","og_site_name":"Every Brain Matters","article_modified_time":"2025-10-21T14:05:52+00:00","og_image":[{"width":1000,"height":1087,"url":"https:\/\/everybrainmatters.org\/wp-content\/uploads\/AllBrains_3.jpg","type":"image\/jpeg"}],"twitter_card":"summary_large_image","twitter_misc":{"Est. reading time":"1 minuto"},"schema":{"@context":"https:\/\/schema.org","@graph":[{"@type":"WebPage","@id":"https:\/\/everybrainmatters.org\/es\/efectos-del-thc-en-los-adultos\/","url":"https:\/\/everybrainmatters.org\/es\/efectos-del-thc-en-los-adultos\/","name":"Efectos del THC en los adultos - Every Brain Matters","isPartOf":{"@id":"https:\/\/everybrainmatters.org\/es\/#website"},"datePublished":"2022-11-24T03:53:51+00:00","dateModified":"2025-10-21T14:05:52+00:00","breadcrumb":{"@id":"https:\/\/everybrainmatters.org\/es\/efectos-del-thc-en-los-adultos\/#breadcrumb"},"inLanguage":"es-ES","potentialAction":[{"@type":"ReadAction","target":["https:\/\/everybrainmatters.org\/es\/efectos-del-thc-en-los-adultos\/"]}]},{"@type":"BreadcrumbList","@id":"https:\/\/everybrainmatters.org\/es\/efectos-del-thc-en-los-adultos\/#breadcrumb","itemListElement":[{"@type":"ListItem","position":1,"name":"Home","item":"https:\/\/everybrainmatters.org\/es\/"},{"@type":"ListItem","position":2,"name":"Efectos del THC en los adultos"}]},{"@type":"WebSite","@id":"https:\/\/everybrainmatters.org\/es\/#website","url":"https:\/\/everybrainmatters.org\/es\/","name":"Every Brain Matters","description":"","publisher":{"@id":"https:\/\/everybrainmatters.org\/es\/#organization"},"potentialAction":[{"@type":"SearchAction","target":{"@type":"EntryPoint","urlTemplate":"https:\/\/everybrainmatters.org\/es\/?s={search_term_string}"},"query-input":{"@type":"PropertyValueSpecification","valueRequired":true,"valueName":"search_term_string"}}],"inLanguage":"es-ES"},{"@type":"Organization","@id":"https:\/\/everybrainmatters.org\/es\/#organization","name":"Every Brain Matters","url":"https:\/\/everybrainmatters.org\/es\/","logo":{"@type":"ImageObject","inLanguage":"es-ES","@id":"https:\/\/everybrainmatters.org\/es\/#\/schema\/logo\/image\/","url":"https:\/\/everybrainmatters.org\/wp-content\/uploads\/AllBrains_3.jpg","contentUrl":"https:\/\/everybrainmatters.org\/wp-content\/uploads\/AllBrains_3.jpg","width":1000,"height":1087,"caption":"Every Brain Matters"},"image":{"@id":"https:\/\/everybrainmatters.org\/es\/#\/schema\/logo\/image\/"}}]}},"_links":{"self":[{"href":"https:\/\/everybrainmatters.org\/es\/wp-json\/wp\/v2\/pages\/46889","targetHints":{"allow":["GET"]}}],"collection":[{"href":"https:\/\/everybrainmatters.org\/es\/wp-json\/wp\/v2\/pages"}],"about":[{"href":"https:\/\/everybrainmatters.org\/es\/wp-json\/wp\/v2\/types\/page"}],"author":[{"embeddable":true,"href":"https:\/\/everybrainmatters.org\/es\/wp-json\/wp\/v2\/users\/11"}],"replies":[{"embeddable":true,"href":"https:\/\/everybrainmatters.org\/es\/wp-json\/wp\/v2\/comments?post=46889"}],"version-history":[{"count":0,"href":"https:\/\/everybrainmatters.org\/es\/wp-json\/wp\/v2\/pages\/46889\/revisions"}],"wp:attachment":[{"href":"https:\/\/everybrainmatters.org\/es\/wp-json\/wp\/v2\/media?parent=46889"}],"curies":[{"name":"wp","href":"https:\/\/api.w.org\/{rel}","templated":true}]}}