{"id":46890,"date":"2023-02-06T23:01:20","date_gmt":"2023-02-07T05:01:20","guid":{"rendered":"https:\/\/everybrainmatters.org\/paranoia-disforia-con-el-consumo-de-marihuana\/"},"modified":"2025-10-21T09:05:49","modified_gmt":"2025-10-21T14:05:49","slug":"paranoia-disforia-con-el-consumo-de-marihuana","status":"publish","type":"page","link":"https:\/\/everybrainmatters.org\/es\/paranoia-disforia-con-el-consumo-de-marihuana\/","title":{"rendered":"Paranoia \/ disforia con el consumo de Marihuana"},"content":{"rendered":"\n<ul class=\"wp-block-list\">\n<li><a href=\"https:\/\/pubmed.ncbi.nlm.nih.gov\/34717186\/\" class=\"ek-link\">La disforia\/paranoia inducida por el cannabis media el v\u00ednculo entre el trauma infantil y las experiencias de tipo psic\u00f3tico en j\u00f3venes consumidores de cannabis<\/a> 2021, diciembre<\/li>\n<\/ul>\n\n<hr class=\"wp-block-separator has-alpha-channel-opacity\"\/>\n\n<div class=\"wp-block-columns is-layout-flex wp-container-core-columns-is-layout-9d6595d7 wp-block-columns-is-layout-flex\">\n<div class=\"wp-block-column is-layout-flow wp-block-column-is-layout-flow\">\n<p style=\"font-size:16px\"><a href=\"https:\/\/pubmed.ncbi.nlm.nih.gov\/34717186\/\">La disforia\/paranoia inducida por el cannabis media el v\u00ednculo entre el trauma infantil y las experiencias de tipo psic\u00f3tico en j\u00f3venes consumidores de cannabis<\/a> <br\/><em>Centro Nacional<\/em> de <em>Informaci\u00f3n Biotecnol\u00f3gica<\/em> 2021, diciembre<\/p>\n\n\n\n<p style=\"font-size:16px\">Los traumas infantiles (abuso y negligencia) son un factor de riesgo importante para el trastorno por consumo de cannabis y los trastornos del espectro psic\u00f3tico. Las experiencias de tipo psic\u00f3tico (PLE) en j\u00f3venes que consumen cannabis pueden ser un indicador precoz del riesgo de psicosis tras el consumo de cannabis. Examinamos si (i) el trauma infantil modera la asociaci\u00f3n entre el consumo de cannabis y las PLEs, (ii) la asociaci\u00f3n entre el trauma infantil y el consumo de cannabis est\u00e1 mediada por los efectos subjetivos del cannabis (euforia y disforia\/paranoia), y (iii) la asociaci\u00f3n entre el trauma infantil y las PLEs tambi\u00e9n est\u00e1 mediada por estos efectos subjetivos&#8230;.     <\/p>\n<\/div>\n\n\n\n<div class=\"wp-block-column is-layout-flow wp-block-column-is-layout-flow\">\n<p><\/p>\n<\/div>\n<\/div>\n","protected":false},"excerpt":{"rendered":"<p>La disforia\/paranoia inducida por el cannabis media el v\u00ednculo entre el trauma infantil y las experiencias de tipo psic\u00f3tico en&#8230;<\/p>\n","protected":false},"author":14,"featured_media":0,"parent":0,"menu_order":0,"comment_status":"closed","ping_status":"closed","template":"","meta":{"_acf_changed":false,"_editorskit_title_hidden":false,"_editorskit_reading_time":0,"_editorskit_is_block_options_detached":false,"_editorskit_block_options_position":"{}","footnotes":""},"class_list":["post-46890","page","type-page","status-publish","hentry"],"acf":[],"yoast_head":"<!-- This site is optimized with the Yoast SEO plugin v26.1.1 - https:\/\/yoast.com\/wordpress\/plugins\/seo\/ -->\n<title>Paranoia \/ disforia con el consumo de Marihuana - Every Brain Matters<\/title>\n<meta name=\"robots\" content=\"index, follow, max-snippet:-1, max-image-preview:large, max-video-preview:-1\" \/>\n<link rel=\"canonical\" href=\"https:\/\/everybrainmatters.org\/es\/paranoia-disforia-con-el-consumo-de-marihuana\/\" \/>\n<meta property=\"og:locale\" content=\"es_ES\" \/>\n<meta property=\"og:type\" content=\"article\" \/>\n<meta property=\"og:title\" content=\"Paranoia \/ disforia con el consumo de Marihuana - Every Brain Matters\" \/>\n<meta property=\"og:description\" content=\"La disforia\/paranoia inducida por el cannabis media el v\u00ednculo entre el trauma infantil y las experiencias de tipo psic\u00f3tico en...\" \/>\n<meta property=\"og:url\" content=\"https:\/\/everybrainmatters.org\/es\/paranoia-disforia-con-el-consumo-de-marihuana\/\" \/>\n<meta property=\"og:site_name\" content=\"Every Brain Matters\" \/>\n<meta property=\"article:modified_time\" content=\"2025-10-21T14:05:49+00:00\" \/>\n<meta property=\"og:image\" content=\"https:\/\/everybrainmatters.org\/wp-content\/uploads\/AllBrains_3.jpg\" \/>\n\t<meta property=\"og:image:width\" content=\"1000\" \/>\n\t<meta property=\"og:image:height\" content=\"1087\" \/>\n\t<meta property=\"og:image:type\" content=\"image\/jpeg\" \/>\n<meta name=\"twitter:card\" content=\"summary_large_image\" \/>\n<meta name=\"twitter:label1\" content=\"Est. reading time\" \/>\n\t<meta name=\"twitter:data1\" content=\"1 minuto\" \/>\n<script type=\"application\/ld+json\" class=\"yoast-schema-graph\">{\"@context\":\"https:\/\/schema.org\",\"@graph\":[{\"@type\":\"WebPage\",\"@id\":\"https:\/\/everybrainmatters.org\/es\/paranoia-disforia-con-el-consumo-de-marihuana\/\",\"url\":\"https:\/\/everybrainmatters.org\/es\/paranoia-disforia-con-el-consumo-de-marihuana\/\",\"name\":\"Paranoia \/ disforia con el consumo de Marihuana - Every Brain Matters\",\"isPartOf\":{\"@id\":\"https:\/\/everybrainmatters.org\/es\/#website\"},\"datePublished\":\"2023-02-07T05:01:20+00:00\",\"dateModified\":\"2025-10-21T14:05:49+00:00\",\"breadcrumb\":{\"@id\":\"https:\/\/everybrainmatters.org\/es\/paranoia-disforia-con-el-consumo-de-marihuana\/#breadcrumb\"},\"inLanguage\":\"es-ES\",\"potentialAction\":[{\"@type\":\"ReadAction\",\"target\":[\"https:\/\/everybrainmatters.org\/es\/paranoia-disforia-con-el-consumo-de-marihuana\/\"]}]},{\"@type\":\"BreadcrumbList\",\"@id\":\"https:\/\/everybrainmatters.org\/es\/paranoia-disforia-con-el-consumo-de-marihuana\/#breadcrumb\",\"itemListElement\":[{\"@type\":\"ListItem\",\"position\":1,\"name\":\"Home\",\"item\":\"https:\/\/everybrainmatters.org\/es\/\"},{\"@type\":\"ListItem\",\"position\":2,\"name\":\"Paranoia \/ disforia con el consumo de Marihuana\"}]},{\"@type\":\"WebSite\",\"@id\":\"https:\/\/everybrainmatters.org\/es\/#website\",\"url\":\"https:\/\/everybrainmatters.org\/es\/\",\"name\":\"Every Brain Matters\",\"description\":\"\",\"publisher\":{\"@id\":\"https:\/\/everybrainmatters.org\/es\/#organization\"},\"potentialAction\":[{\"@type\":\"SearchAction\",\"target\":{\"@type\":\"EntryPoint\",\"urlTemplate\":\"https:\/\/everybrainmatters.org\/es\/?s={search_term_string}\"},\"query-input\":{\"@type\":\"PropertyValueSpecification\",\"valueRequired\":true,\"valueName\":\"search_term_string\"}}],\"inLanguage\":\"es-ES\"},{\"@type\":\"Organization\",\"@id\":\"https:\/\/everybrainmatters.org\/es\/#organization\",\"name\":\"Every Brain Matters\",\"url\":\"https:\/\/everybrainmatters.org\/es\/\",\"logo\":{\"@type\":\"ImageObject\",\"inLanguage\":\"es-ES\",\"@id\":\"https:\/\/everybrainmatters.org\/es\/#\/schema\/logo\/image\/\",\"url\":\"https:\/\/everybrainmatters.org\/wp-content\/uploads\/AllBrains_3.jpg\",\"contentUrl\":\"https:\/\/everybrainmatters.org\/wp-content\/uploads\/AllBrains_3.jpg\",\"width\":1000,\"height\":1087,\"caption\":\"Every Brain Matters\"},\"image\":{\"@id\":\"https:\/\/everybrainmatters.org\/es\/#\/schema\/logo\/image\/\"}}]}<\/script>\n<!-- \/ Yoast SEO plugin. -->","yoast_head_json":{"title":"Paranoia \/ disforia con el consumo de Marihuana - Every Brain Matters","robots":{"index":"index","follow":"follow","max-snippet":"max-snippet:-1","max-image-preview":"max-image-preview:large","max-video-preview":"max-video-preview:-1"},"canonical":"https:\/\/everybrainmatters.org\/es\/paranoia-disforia-con-el-consumo-de-marihuana\/","og_locale":"es_ES","og_type":"article","og_title":"Paranoia \/ disforia con el consumo de Marihuana - Every Brain Matters","og_description":"La disforia\/paranoia inducida por el cannabis media el v\u00ednculo entre el trauma infantil y las experiencias de tipo psic\u00f3tico en...","og_url":"https:\/\/everybrainmatters.org\/es\/paranoia-disforia-con-el-consumo-de-marihuana\/","og_site_name":"Every Brain Matters","article_modified_time":"2025-10-21T14:05:49+00:00","og_image":[{"width":1000,"height":1087,"url":"https:\/\/everybrainmatters.org\/wp-content\/uploads\/AllBrains_3.jpg","type":"image\/jpeg"}],"twitter_card":"summary_large_image","twitter_misc":{"Est. reading time":"1 minuto"},"schema":{"@context":"https:\/\/schema.org","@graph":[{"@type":"WebPage","@id":"https:\/\/everybrainmatters.org\/es\/paranoia-disforia-con-el-consumo-de-marihuana\/","url":"https:\/\/everybrainmatters.org\/es\/paranoia-disforia-con-el-consumo-de-marihuana\/","name":"Paranoia \/ disforia con el consumo de Marihuana - Every Brain Matters","isPartOf":{"@id":"https:\/\/everybrainmatters.org\/es\/#website"},"datePublished":"2023-02-07T05:01:20+00:00","dateModified":"2025-10-21T14:05:49+00:00","breadcrumb":{"@id":"https:\/\/everybrainmatters.org\/es\/paranoia-disforia-con-el-consumo-de-marihuana\/#breadcrumb"},"inLanguage":"es-ES","potentialAction":[{"@type":"ReadAction","target":["https:\/\/everybrainmatters.org\/es\/paranoia-disforia-con-el-consumo-de-marihuana\/"]}]},{"@type":"BreadcrumbList","@id":"https:\/\/everybrainmatters.org\/es\/paranoia-disforia-con-el-consumo-de-marihuana\/#breadcrumb","itemListElement":[{"@type":"ListItem","position":1,"name":"Home","item":"https:\/\/everybrainmatters.org\/es\/"},{"@type":"ListItem","position":2,"name":"Paranoia \/ disforia con el consumo de Marihuana"}]},{"@type":"WebSite","@id":"https:\/\/everybrainmatters.org\/es\/#website","url":"https:\/\/everybrainmatters.org\/es\/","name":"Every Brain Matters","description":"","publisher":{"@id":"https:\/\/everybrainmatters.org\/es\/#organization"},"potentialAction":[{"@type":"SearchAction","target":{"@type":"EntryPoint","urlTemplate":"https:\/\/everybrainmatters.org\/es\/?s={search_term_string}"},"query-input":{"@type":"PropertyValueSpecification","valueRequired":true,"valueName":"search_term_string"}}],"inLanguage":"es-ES"},{"@type":"Organization","@id":"https:\/\/everybrainmatters.org\/es\/#organization","name":"Every Brain Matters","url":"https:\/\/everybrainmatters.org\/es\/","logo":{"@type":"ImageObject","inLanguage":"es-ES","@id":"https:\/\/everybrainmatters.org\/es\/#\/schema\/logo\/image\/","url":"https:\/\/everybrainmatters.org\/wp-content\/uploads\/AllBrains_3.jpg","contentUrl":"https:\/\/everybrainmatters.org\/wp-content\/uploads\/AllBrains_3.jpg","width":1000,"height":1087,"caption":"Every Brain Matters"},"image":{"@id":"https:\/\/everybrainmatters.org\/es\/#\/schema\/logo\/image\/"}}]}},"_links":{"self":[{"href":"https:\/\/everybrainmatters.org\/es\/wp-json\/wp\/v2\/pages\/46890","targetHints":{"allow":["GET"]}}],"collection":[{"href":"https:\/\/everybrainmatters.org\/es\/wp-json\/wp\/v2\/pages"}],"about":[{"href":"https:\/\/everybrainmatters.org\/es\/wp-json\/wp\/v2\/types\/page"}],"author":[{"embeddable":true,"href":"https:\/\/everybrainmatters.org\/es\/wp-json\/wp\/v2\/users\/14"}],"replies":[{"embeddable":true,"href":"https:\/\/everybrainmatters.org\/es\/wp-json\/wp\/v2\/comments?post=46890"}],"version-history":[{"count":0,"href":"https:\/\/everybrainmatters.org\/es\/wp-json\/wp\/v2\/pages\/46890\/revisions"}],"wp:attachment":[{"href":"https:\/\/everybrainmatters.org\/es\/wp-json\/wp\/v2\/media?parent=46890"}],"curies":[{"name":"wp","href":"https:\/\/api.w.org\/{rel}","templated":true}]}}