{"id":46891,"date":"2022-11-18T14:06:48","date_gmt":"2022-11-18T20:06:48","guid":{"rendered":"https:\/\/everybrainmatters.org\/canamo\/"},"modified":"2025-10-21T09:05:58","modified_gmt":"2025-10-21T14:05:58","slug":"canamo","status":"publish","type":"page","link":"https:\/\/everybrainmatters.org\/es\/canamo\/","title":{"rendered":"C\u00e1\u00f1amo"},"content":{"rendered":"\n<p><\/p>\n\n<ul class=\"wp-block-list\"><li><a aria-label=\"Transfer of cannabinoids into the milk of dairy cows fed with industrial hemp could lead to &#x394;9-THC exposure that exceeds acute reference dose (opens in a new tab)\" href=\"https:\/\/www.nature.com\/articles\/s43016-022-00623-7\" target=\"_blank\" rel=\"noreferrer noopener\" class=\"ek-link\">La transferencia de cannabinoides a la leche de vacas lecheras alimentadas con c\u00e1\u00f1amo industrial podr\u00eda provocar una exposici\u00f3n al <sup>\u03949-THC<\/sup> superior a la dosis aguda de referencia<\/a> 2022, Nov 14<\/li><li><a aria-label=\"Closing the Loophole on Hemp-Derived Cannabis Products - A Public Health Priority (opens in a new tab)\" href=\"https:\/\/jamanetwork.com\/journals\/jama\/fullarticle\/2798426?widget=personalizedcontent&amp;previousarticle=2681630\" target=\"_blank\" rel=\"noreferrer noopener\" class=\"ek-link\">Cerrar la laguna legal sobre los productos de cannabis derivados del c\u00e1\u00f1amo: una prioridad de salud p\u00fablica<\/a> 2022. 4 de noviembre <\/li><li><a aria-label=\"Cannabinoid Content and Label Accuracy of Hemp-Derived Topical Products Available Online and at National Retail Stores (opens in a new tab)\" href=\"https:\/\/jamanetwork.com\/journals\/jamanetworkopen\/fullarticle\/2794440\" target=\"_blank\" rel=\"noreferrer noopener\" class=\"ek-link\">Contenido de cannabinoides y exactitud de las etiquetas de los productos t\u00f3picos derivados del c\u00e1\u00f1amo disponibles en Internet y en las tiendas minoristas<\/a> nacionales 2022, 20 de julio<\/li><\/ul>\n","protected":false},"excerpt":{"rendered":"<p>La transferencia de cannabinoides a la leche de vacas lecheras alimentadas con c\u00e1\u00f1amo industrial podr\u00eda provocar una exposici\u00f3n al \u03949-THC&#8230;<\/p>\n","protected":false},"author":11,"featured_media":0,"parent":0,"menu_order":0,"comment_status":"closed","ping_status":"closed","template":"","meta":{"_acf_changed":false,"_editorskit_title_hidden":false,"_editorskit_reading_time":0,"_editorskit_is_block_options_detached":false,"_editorskit_block_options_position":"{}","footnotes":""},"class_list":["post-46891","page","type-page","status-publish","hentry"],"acf":[],"yoast_head":"<!-- This site is optimized with the Yoast SEO plugin v26.1.1 - https:\/\/yoast.com\/wordpress\/plugins\/seo\/ -->\n<title>C\u00e1\u00f1amo - Every Brain Matters<\/title>\n<meta name=\"robots\" content=\"index, follow, max-snippet:-1, max-image-preview:large, max-video-preview:-1\" \/>\n<link rel=\"canonical\" href=\"https:\/\/everybrainmatters.org\/es\/canamo\/\" \/>\n<meta property=\"og:locale\" content=\"es_ES\" \/>\n<meta property=\"og:type\" content=\"article\" \/>\n<meta property=\"og:title\" content=\"C\u00e1\u00f1amo - Every Brain Matters\" \/>\n<meta property=\"og:description\" content=\"La transferencia de cannabinoides a la leche de vacas lecheras alimentadas con c\u00e1\u00f1amo industrial podr\u00eda provocar una exposici\u00f3n al \u03949-THC...\" \/>\n<meta property=\"og:url\" content=\"https:\/\/everybrainmatters.org\/es\/canamo\/\" \/>\n<meta property=\"og:site_name\" content=\"Every Brain Matters\" \/>\n<meta property=\"article:modified_time\" content=\"2025-10-21T14:05:58+00:00\" \/>\n<meta property=\"og:image\" content=\"https:\/\/everybrainmatters.org\/wp-content\/uploads\/AllBrains_3.jpg\" \/>\n\t<meta property=\"og:image:width\" content=\"1000\" \/>\n\t<meta property=\"og:image:height\" content=\"1087\" \/>\n\t<meta property=\"og:image:type\" content=\"image\/jpeg\" \/>\n<meta name=\"twitter:card\" content=\"summary_large_image\" \/>\n<script type=\"application\/ld+json\" class=\"yoast-schema-graph\">{\"@context\":\"https:\/\/schema.org\",\"@graph\":[{\"@type\":\"WebPage\",\"@id\":\"https:\/\/everybrainmatters.org\/es\/canamo\/\",\"url\":\"https:\/\/everybrainmatters.org\/es\/canamo\/\",\"name\":\"C\u00e1\u00f1amo - Every Brain Matters\",\"isPartOf\":{\"@id\":\"https:\/\/everybrainmatters.org\/es\/#website\"},\"datePublished\":\"2022-11-18T20:06:48+00:00\",\"dateModified\":\"2025-10-21T14:05:58+00:00\",\"breadcrumb\":{\"@id\":\"https:\/\/everybrainmatters.org\/es\/canamo\/#breadcrumb\"},\"inLanguage\":\"es-ES\",\"potentialAction\":[{\"@type\":\"ReadAction\",\"target\":[\"https:\/\/everybrainmatters.org\/es\/canamo\/\"]}]},{\"@type\":\"BreadcrumbList\",\"@id\":\"https:\/\/everybrainmatters.org\/es\/canamo\/#breadcrumb\",\"itemListElement\":[{\"@type\":\"ListItem\",\"position\":1,\"name\":\"Home\",\"item\":\"https:\/\/everybrainmatters.org\/es\/\"},{\"@type\":\"ListItem\",\"position\":2,\"name\":\"C\u00e1\u00f1amo\"}]},{\"@type\":\"WebSite\",\"@id\":\"https:\/\/everybrainmatters.org\/es\/#website\",\"url\":\"https:\/\/everybrainmatters.org\/es\/\",\"name\":\"Every Brain Matters\",\"description\":\"\",\"publisher\":{\"@id\":\"https:\/\/everybrainmatters.org\/es\/#organization\"},\"potentialAction\":[{\"@type\":\"SearchAction\",\"target\":{\"@type\":\"EntryPoint\",\"urlTemplate\":\"https:\/\/everybrainmatters.org\/es\/?s={search_term_string}\"},\"query-input\":{\"@type\":\"PropertyValueSpecification\",\"valueRequired\":true,\"valueName\":\"search_term_string\"}}],\"inLanguage\":\"es-ES\"},{\"@type\":\"Organization\",\"@id\":\"https:\/\/everybrainmatters.org\/es\/#organization\",\"name\":\"Every Brain Matters\",\"url\":\"https:\/\/everybrainmatters.org\/es\/\",\"logo\":{\"@type\":\"ImageObject\",\"inLanguage\":\"es-ES\",\"@id\":\"https:\/\/everybrainmatters.org\/es\/#\/schema\/logo\/image\/\",\"url\":\"https:\/\/everybrainmatters.org\/wp-content\/uploads\/AllBrains_3.jpg\",\"contentUrl\":\"https:\/\/everybrainmatters.org\/wp-content\/uploads\/AllBrains_3.jpg\",\"width\":1000,\"height\":1087,\"caption\":\"Every Brain Matters\"},\"image\":{\"@id\":\"https:\/\/everybrainmatters.org\/es\/#\/schema\/logo\/image\/\"}}]}<\/script>\n<!-- \/ Yoast SEO plugin. -->","yoast_head_json":{"title":"C\u00e1\u00f1amo - Every Brain Matters","robots":{"index":"index","follow":"follow","max-snippet":"max-snippet:-1","max-image-preview":"max-image-preview:large","max-video-preview":"max-video-preview:-1"},"canonical":"https:\/\/everybrainmatters.org\/es\/canamo\/","og_locale":"es_ES","og_type":"article","og_title":"C\u00e1\u00f1amo - Every Brain Matters","og_description":"La transferencia de cannabinoides a la leche de vacas lecheras alimentadas con c\u00e1\u00f1amo industrial podr\u00eda provocar una exposici\u00f3n al \u03949-THC...","og_url":"https:\/\/everybrainmatters.org\/es\/canamo\/","og_site_name":"Every Brain Matters","article_modified_time":"2025-10-21T14:05:58+00:00","og_image":[{"width":1000,"height":1087,"url":"https:\/\/everybrainmatters.org\/wp-content\/uploads\/AllBrains_3.jpg","type":"image\/jpeg"}],"twitter_card":"summary_large_image","schema":{"@context":"https:\/\/schema.org","@graph":[{"@type":"WebPage","@id":"https:\/\/everybrainmatters.org\/es\/canamo\/","url":"https:\/\/everybrainmatters.org\/es\/canamo\/","name":"C\u00e1\u00f1amo - Every Brain Matters","isPartOf":{"@id":"https:\/\/everybrainmatters.org\/es\/#website"},"datePublished":"2022-11-18T20:06:48+00:00","dateModified":"2025-10-21T14:05:58+00:00","breadcrumb":{"@id":"https:\/\/everybrainmatters.org\/es\/canamo\/#breadcrumb"},"inLanguage":"es-ES","potentialAction":[{"@type":"ReadAction","target":["https:\/\/everybrainmatters.org\/es\/canamo\/"]}]},{"@type":"BreadcrumbList","@id":"https:\/\/everybrainmatters.org\/es\/canamo\/#breadcrumb","itemListElement":[{"@type":"ListItem","position":1,"name":"Home","item":"https:\/\/everybrainmatters.org\/es\/"},{"@type":"ListItem","position":2,"name":"C\u00e1\u00f1amo"}]},{"@type":"WebSite","@id":"https:\/\/everybrainmatters.org\/es\/#website","url":"https:\/\/everybrainmatters.org\/es\/","name":"Every Brain Matters","description":"","publisher":{"@id":"https:\/\/everybrainmatters.org\/es\/#organization"},"potentialAction":[{"@type":"SearchAction","target":{"@type":"EntryPoint","urlTemplate":"https:\/\/everybrainmatters.org\/es\/?s={search_term_string}"},"query-input":{"@type":"PropertyValueSpecification","valueRequired":true,"valueName":"search_term_string"}}],"inLanguage":"es-ES"},{"@type":"Organization","@id":"https:\/\/everybrainmatters.org\/es\/#organization","name":"Every Brain Matters","url":"https:\/\/everybrainmatters.org\/es\/","logo":{"@type":"ImageObject","inLanguage":"es-ES","@id":"https:\/\/everybrainmatters.org\/es\/#\/schema\/logo\/image\/","url":"https:\/\/everybrainmatters.org\/wp-content\/uploads\/AllBrains_3.jpg","contentUrl":"https:\/\/everybrainmatters.org\/wp-content\/uploads\/AllBrains_3.jpg","width":1000,"height":1087,"caption":"Every Brain Matters"},"image":{"@id":"https:\/\/everybrainmatters.org\/es\/#\/schema\/logo\/image\/"}}]}},"_links":{"self":[{"href":"https:\/\/everybrainmatters.org\/es\/wp-json\/wp\/v2\/pages\/46891","targetHints":{"allow":["GET"]}}],"collection":[{"href":"https:\/\/everybrainmatters.org\/es\/wp-json\/wp\/v2\/pages"}],"about":[{"href":"https:\/\/everybrainmatters.org\/es\/wp-json\/wp\/v2\/types\/page"}],"author":[{"embeddable":true,"href":"https:\/\/everybrainmatters.org\/es\/wp-json\/wp\/v2\/users\/11"}],"replies":[{"embeddable":true,"href":"https:\/\/everybrainmatters.org\/es\/wp-json\/wp\/v2\/comments?post=46891"}],"version-history":[{"count":0,"href":"https:\/\/everybrainmatters.org\/es\/wp-json\/wp\/v2\/pages\/46891\/revisions"}],"wp:attachment":[{"href":"https:\/\/everybrainmatters.org\/es\/wp-json\/wp\/v2\/media?parent=46891"}],"curies":[{"name":"wp","href":"https:\/\/api.w.org\/{rel}","templated":true}]}}