{"id":46902,"date":"2022-11-30T16:15:56","date_gmt":"2022-11-30T22:15:56","guid":{"rendered":"https:\/\/everybrainmatters.org\/equipo-cada-cerebro-importa-2\/"},"modified":"2026-03-20T12:26:36","modified_gmt":"2026-03-20T17:26:36","slug":"equipo-cada-cerebro-importa-2","status":"publish","type":"page","link":"https:\/\/everybrainmatters.org\/es\/equipo-cada-cerebro-importa-2\/","title":{"rendered":"Equipo Cada Cerebro Importa"},"content":{"rendered":"\n<p>Contacta con nosotros en info@everybrainmatters.org<\/p>\n\n<div class=\"wp-block-columns is-layout-flex wp-container-core-columns-is-layout-9d6595d7 wp-block-columns-is-layout-flex\">\n<div class=\"wp-block-column is-layout-flow wp-block-column-is-layout-flow\" style=\"flex-basis:33.33%\"><div class=\"wp-block-image caption-align-center is-style-editorskit-rounded\">\n<figure class=\"aligncenter size-large\"><img loading=\"lazy\" decoding=\"async\" width=\"768\" height=\"1024\" src=\"https:\/\/everybrainmatters.org\/wp-content\/uploads\/Protait-for-USA-Today-10.08.2021-768x1024.jpg\" alt=\"\" class=\"wp-image-34655\" srcset=\"https:\/\/everybrainmatters.org\/wp-content\/uploads\/Protait-for-USA-Today-10.08.2021-768x1024.jpg 768w, https:\/\/everybrainmatters.org\/wp-content\/uploads\/Protait-for-USA-Today-10.08.2021-225x300.jpg 225w, https:\/\/everybrainmatters.org\/wp-content\/uploads\/Protait-for-USA-Today-10.08.2021-1152x1536.jpg 1152w, https:\/\/everybrainmatters.org\/wp-content\/uploads\/Protait-for-USA-Today-10.08.2021-1536x2048.jpg 1536w, https:\/\/everybrainmatters.org\/wp-content\/uploads\/Protait-for-USA-Today-10.08.2021-600x800.jpg 600w, https:\/\/everybrainmatters.org\/wp-content\/uploads\/Protait-for-USA-Today-10.08.2021-scaled.jpg 1920w\" sizes=\"auto, (max-width: 768px) 100vw, 768px\" \/><figcaption class=\"wp-element-caption\"><strong>Aubree Adams<\/strong><br\/><br\/>Directora de Cada Cerebro Importa<\/figcaption><\/figure><\/div><\/div>\n\n\n\n<div class=\"wp-block-column is-layout-flow wp-block-column-is-layout-flow\" style=\"flex-basis:66.66%\">\n<p>Aubree Adams es una defensora nacional dedicada a concienciar sobre las repercusiones en la salud p\u00fablica de la industria moderna de la marihuana. Es licenciada en Ciencias del Ejercicio y Promoci\u00f3n de la Salud por la Universidad Estatal de Colorado, Pueblo, y tiene licencia de asistente de fisioterapeuta. <\/p>\n\n\n\n<p>Afincada en Pueblo, Colorado, Aubree fue testigo directo de la r\u00e1pida expansi\u00f3n de la industria de la marihuana y de sus efectos en su familia y su comunidad. Esta experiencia la llev\u00f3 a dirigir <a href=\"https:\/\/everybrainmatters.org\/es\/\">Every Brain Matters (EBM<\/a>), una organizaci\u00f3n sin \u00e1nimo de lucro comprometida con la educaci\u00f3n de las comunidades a trav\u00e9s de las historias reales de familias afectadas por los da\u00f1os relacionados con la marihuana. Every Brain Matters proporciona educaci\u00f3n, apoyo familiar compasivo y esfuerzos de defensa para abordar el creciente impacto del panorama actual de la marihuana. Estas historias se comparten a trav\u00e9s de la plataforma de la organizaci\u00f3n <a href=\"https:\/\/everybrainmatters.org\/es\/46263-2\/\">Voces de los Da\u00f1os de la Marihuana<\/a>, el <a href=\"https:\/\/www.youtube.com\/@EveryBrainMatters\">canal de EBM en YouTube<\/a> y el podcast <em><a href=\"https:\/\/podcast.everybrainmatters.org\/\">\u00abS\u00f3lo es Marihuana: \u00bfCu\u00e1l es el Problema?<\/a>\u00ab.<\/em> Every Brain Matters tambi\u00e9n ha estrenado recientemente el documental <a href=\"https:\/\/youtu.be\/GvhtWGW9czg?si=0RuHg22i7GupFQRI\"><em>Colorado&#8217;s Cannabis Crisis: Profit or<\/em> Loss, que<\/a> pone a\u00fan m\u00e1s de relieve las repercusiones humanas y sociales de la marihuana actual.   <\/p>\n\n\n\n<p>Tras el viaje de recuperaci\u00f3n de su familia en Houston (Texas), Aubree fund\u00f3 <em><a href=\"https:\/\/www.safehealthytexas.org\/\">Citizens for a Safe and Healthy Texas (Ciudadanos por un Texas Seguro y Saludable<\/a><\/em>), una organizaci\u00f3n dedicada a la educaci\u00f3n y defensa de la comunidad en torno a la marihuana y los productos de THC derivados del c\u00e1\u00f1amo, incluidos los legalizados en virtud de la Ley Agraria de 2018. Durante este tiempo, se implic\u00f3 activamente en una comunidad de recuperaci\u00f3n familiar, donde ejerci\u00f3 de madre de acogida para j\u00f3venes y desarroll\u00f3 una profunda comprensi\u00f3n de los principios de la recuperaci\u00f3n. Esta experiencia molde\u00f3 profundamente su perspectiva sobre la curaci\u00f3n familiar y la importancia de los sistemas de apoyo s\u00f3lidos. En \u00faltima instancia, la llev\u00f3 a facilitar reuniones familiares de recuperaci\u00f3n a trav\u00e9s de Every Brain Matters y a convertirse en miembro fundador de <a href=\"https:\/\/mar-anon.com\/\">Mar-Anon<\/a>, un programa de 12 pasos que apoya a las personas afectadas por el consumo de marihuana de otra persona.   <\/p>\n\n\n\n<p>Aubree ha aparecido en medios de comunicaci\u00f3n nacionales como <em><a href=\"https:\/\/youtu.be\/UEhYlo2Z6cs?si=nSwXO75eKEpeVjlB\">Dr. Phil en horario de m\u00e1xima audiencia<\/a><\/em><a href=\"https:\/\/www.foxnews.com\/video\/6311621324112\">Fox News<\/a> y Newsmax. Su trabajo escrito ha aparecido en <em><a href=\"https:\/\/news.yahoo.com\/marijuana-legalization-mistake-highly-concentrated-120034871.html?\">USA Today<\/a><\/em> y en el <em><a href=\"https:\/\/gazette.com\/denver-gazette\/guest-column-standing-up-to-the-threat-of-marijuana\/article_4be51864-e5c3-11ed-afdd-b783db099997.html\">Gaceta de Denver<\/a><\/em>donde aborda las preocupaciones emergentes en torno al cannabis. Tambi\u00e9n ha presentado sus puntos de vista personales y profesionales ante la FDA, la Academia Nacional de Ciencias y en el documental <em><a href=\"https:\/\/vimeo.com\/280127474\">Estado Cr\u00f3nico<\/a><\/em>y ha testificado en m\u00faltiples asambleas legislativas estatales sobre cuestiones relacionadas con la pol\u00edtica de drogas y la salud p\u00fablica.  <\/p>\n\n\n\n<p>A trav\u00e9s de su trabajo, Aubree hace hincapi\u00e9 en la necesidad de una mayor concienciaci\u00f3n, recursos de prevenci\u00f3n y sistemas de apoyo para las familias que se enfrentan a problemas de adicci\u00f3n y salud mental derivados de afecciones relacionadas con el cannabis. Se compromete a promover la toma de decisiones informadas y a proteger a las familias de los riesgos asociados a los potentes productos de la marihuana actuales. <\/p>\n\n\n\n<p>Para dar conferencias o m\u00e1s informaci\u00f3n, ponte en contacto con <strong><a>info@everybrainmatters.org<\/a><\/strong>.<\/p>\n<\/div>\n<\/div>\n\n<hr class=\"wp-block-separator has-alpha-channel-opacity\"\/>\n","protected":false},"excerpt":{"rendered":"<p>Contacta con nosotros en info@everybrainmatters.org Aubree Adams es una defensora nacional dedicada a concienciar sobre las repercusiones en la salud&#8230;<\/p>\n","protected":false},"author":11,"featured_media":0,"parent":0,"menu_order":0,"comment_status":"closed","ping_status":"closed","template":"","meta":{"_acf_changed":false,"_editorskit_title_hidden":false,"_editorskit_reading_time":0,"_editorskit_is_block_options_detached":false,"_editorskit_block_options_position":"{}","footnotes":""},"class_list":["post-46902","page","type-page","status-publish","hentry"],"acf":[],"yoast_head":"<!-- This site is optimized with the Yoast SEO plugin v26.1.1 - https:\/\/yoast.com\/wordpress\/plugins\/seo\/ -->\n<title>Equipo Cada Cerebro Importa - Every Brain Matters<\/title>\n<meta name=\"robots\" content=\"index, follow, max-snippet:-1, max-image-preview:large, max-video-preview:-1\" \/>\n<link rel=\"canonical\" href=\"https:\/\/everybrainmatters.org\/es\/equipo-cada-cerebro-importa-2\/\" \/>\n<meta property=\"og:locale\" content=\"es_ES\" \/>\n<meta property=\"og:type\" content=\"article\" \/>\n<meta property=\"og:title\" content=\"Equipo Cada Cerebro Importa - Every Brain Matters\" \/>\n<meta property=\"og:description\" content=\"Contacta con nosotros en info@everybrainmatters.org Aubree Adams es una defensora nacional dedicada a concienciar sobre las repercusiones en la salud...\" \/>\n<meta property=\"og:url\" content=\"https:\/\/everybrainmatters.org\/es\/equipo-cada-cerebro-importa-2\/\" \/>\n<meta property=\"og:site_name\" content=\"Every Brain Matters\" \/>\n<meta property=\"article:modified_time\" content=\"2026-03-20T17:26:36+00:00\" \/>\n<meta property=\"og:image\" content=\"https:\/\/everybrainmatters.org\/wp-content\/uploads\/Protait-for-USA-Today-10.08.2021-scaled.jpg\" \/>\n\t<meta property=\"og:image:width\" content=\"1920\" \/>\n\t<meta property=\"og:image:height\" content=\"2560\" \/>\n\t<meta property=\"og:image:type\" content=\"image\/jpeg\" \/>\n<meta name=\"twitter:card\" content=\"summary_large_image\" \/>\n<meta name=\"twitter:label1\" content=\"Est. reading time\" \/>\n\t<meta name=\"twitter:data1\" content=\"3 minutos\" \/>\n<script type=\"application\/ld+json\" class=\"yoast-schema-graph\">{\"@context\":\"https:\/\/schema.org\",\"@graph\":[{\"@type\":\"WebPage\",\"@id\":\"https:\/\/everybrainmatters.org\/es\/equipo-cada-cerebro-importa-2\/\",\"url\":\"https:\/\/everybrainmatters.org\/es\/equipo-cada-cerebro-importa-2\/\",\"name\":\"Equipo Cada Cerebro Importa - Every Brain Matters\",\"isPartOf\":{\"@id\":\"https:\/\/everybrainmatters.org\/es\/#website\"},\"primaryImageOfPage\":{\"@id\":\"https:\/\/everybrainmatters.org\/es\/equipo-cada-cerebro-importa-2\/#primaryimage\"},\"image\":{\"@id\":\"https:\/\/everybrainmatters.org\/es\/equipo-cada-cerebro-importa-2\/#primaryimage\"},\"thumbnailUrl\":\"https:\/\/everybrainmatters.org\/wp-content\/uploads\/Protait-for-USA-Today-10.08.2021-768x1024.jpg\",\"datePublished\":\"2022-11-30T22:15:56+00:00\",\"dateModified\":\"2026-03-20T17:26:36+00:00\",\"breadcrumb\":{\"@id\":\"https:\/\/everybrainmatters.org\/es\/equipo-cada-cerebro-importa-2\/#breadcrumb\"},\"inLanguage\":\"es-ES\",\"potentialAction\":[{\"@type\":\"ReadAction\",\"target\":[\"https:\/\/everybrainmatters.org\/es\/equipo-cada-cerebro-importa-2\/\"]}]},{\"@type\":\"ImageObject\",\"inLanguage\":\"es-ES\",\"@id\":\"https:\/\/everybrainmatters.org\/es\/equipo-cada-cerebro-importa-2\/#primaryimage\",\"url\":\"https:\/\/everybrainmatters.org\/wp-content\/uploads\/Protait-for-USA-Today-10.08.2021-768x1024.jpg\",\"contentUrl\":\"https:\/\/everybrainmatters.org\/wp-content\/uploads\/Protait-for-USA-Today-10.08.2021-768x1024.jpg\"},{\"@type\":\"BreadcrumbList\",\"@id\":\"https:\/\/everybrainmatters.org\/es\/equipo-cada-cerebro-importa-2\/#breadcrumb\",\"itemListElement\":[{\"@type\":\"ListItem\",\"position\":1,\"name\":\"Home\",\"item\":\"https:\/\/everybrainmatters.org\/es\/\"},{\"@type\":\"ListItem\",\"position\":2,\"name\":\"Equipo Cada Cerebro Importa\"}]},{\"@type\":\"WebSite\",\"@id\":\"https:\/\/everybrainmatters.org\/es\/#website\",\"url\":\"https:\/\/everybrainmatters.org\/es\/\",\"name\":\"Every Brain Matters\",\"description\":\"\",\"publisher\":{\"@id\":\"https:\/\/everybrainmatters.org\/es\/#organization\"},\"potentialAction\":[{\"@type\":\"SearchAction\",\"target\":{\"@type\":\"EntryPoint\",\"urlTemplate\":\"https:\/\/everybrainmatters.org\/es\/?s={search_term_string}\"},\"query-input\":{\"@type\":\"PropertyValueSpecification\",\"valueRequired\":true,\"valueName\":\"search_term_string\"}}],\"inLanguage\":\"es-ES\"},{\"@type\":\"Organization\",\"@id\":\"https:\/\/everybrainmatters.org\/es\/#organization\",\"name\":\"Every Brain Matters\",\"url\":\"https:\/\/everybrainmatters.org\/es\/\",\"logo\":{\"@type\":\"ImageObject\",\"inLanguage\":\"es-ES\",\"@id\":\"https:\/\/everybrainmatters.org\/es\/#\/schema\/logo\/image\/\",\"url\":\"https:\/\/everybrainmatters.org\/wp-content\/uploads\/AllBrains_3.jpg\",\"contentUrl\":\"https:\/\/everybrainmatters.org\/wp-content\/uploads\/AllBrains_3.jpg\",\"width\":1000,\"height\":1087,\"caption\":\"Every Brain Matters\"},\"image\":{\"@id\":\"https:\/\/everybrainmatters.org\/es\/#\/schema\/logo\/image\/\"}}]}<\/script>\n<!-- \/ Yoast SEO plugin. -->","yoast_head_json":{"title":"Equipo Cada Cerebro Importa - Every Brain Matters","robots":{"index":"index","follow":"follow","max-snippet":"max-snippet:-1","max-image-preview":"max-image-preview:large","max-video-preview":"max-video-preview:-1"},"canonical":"https:\/\/everybrainmatters.org\/es\/equipo-cada-cerebro-importa-2\/","og_locale":"es_ES","og_type":"article","og_title":"Equipo Cada Cerebro Importa - Every Brain Matters","og_description":"Contacta con nosotros en info@everybrainmatters.org Aubree Adams es una defensora nacional dedicada a concienciar sobre las repercusiones en la salud...","og_url":"https:\/\/everybrainmatters.org\/es\/equipo-cada-cerebro-importa-2\/","og_site_name":"Every Brain Matters","article_modified_time":"2026-03-20T17:26:36+00:00","og_image":[{"width":1920,"height":2560,"url":"https:\/\/everybrainmatters.org\/wp-content\/uploads\/Protait-for-USA-Today-10.08.2021-scaled.jpg","type":"image\/jpeg"}],"twitter_card":"summary_large_image","twitter_misc":{"Est. reading time":"3 minutos"},"schema":{"@context":"https:\/\/schema.org","@graph":[{"@type":"WebPage","@id":"https:\/\/everybrainmatters.org\/es\/equipo-cada-cerebro-importa-2\/","url":"https:\/\/everybrainmatters.org\/es\/equipo-cada-cerebro-importa-2\/","name":"Equipo Cada Cerebro Importa - Every Brain Matters","isPartOf":{"@id":"https:\/\/everybrainmatters.org\/es\/#website"},"primaryImageOfPage":{"@id":"https:\/\/everybrainmatters.org\/es\/equipo-cada-cerebro-importa-2\/#primaryimage"},"image":{"@id":"https:\/\/everybrainmatters.org\/es\/equipo-cada-cerebro-importa-2\/#primaryimage"},"thumbnailUrl":"https:\/\/everybrainmatters.org\/wp-content\/uploads\/Protait-for-USA-Today-10.08.2021-768x1024.jpg","datePublished":"2022-11-30T22:15:56+00:00","dateModified":"2026-03-20T17:26:36+00:00","breadcrumb":{"@id":"https:\/\/everybrainmatters.org\/es\/equipo-cada-cerebro-importa-2\/#breadcrumb"},"inLanguage":"es-ES","potentialAction":[{"@type":"ReadAction","target":["https:\/\/everybrainmatters.org\/es\/equipo-cada-cerebro-importa-2\/"]}]},{"@type":"ImageObject","inLanguage":"es-ES","@id":"https:\/\/everybrainmatters.org\/es\/equipo-cada-cerebro-importa-2\/#primaryimage","url":"https:\/\/everybrainmatters.org\/wp-content\/uploads\/Protait-for-USA-Today-10.08.2021-768x1024.jpg","contentUrl":"https:\/\/everybrainmatters.org\/wp-content\/uploads\/Protait-for-USA-Today-10.08.2021-768x1024.jpg"},{"@type":"BreadcrumbList","@id":"https:\/\/everybrainmatters.org\/es\/equipo-cada-cerebro-importa-2\/#breadcrumb","itemListElement":[{"@type":"ListItem","position":1,"name":"Home","item":"https:\/\/everybrainmatters.org\/es\/"},{"@type":"ListItem","position":2,"name":"Equipo Cada Cerebro Importa"}]},{"@type":"WebSite","@id":"https:\/\/everybrainmatters.org\/es\/#website","url":"https:\/\/everybrainmatters.org\/es\/","name":"Every Brain Matters","description":"","publisher":{"@id":"https:\/\/everybrainmatters.org\/es\/#organization"},"potentialAction":[{"@type":"SearchAction","target":{"@type":"EntryPoint","urlTemplate":"https:\/\/everybrainmatters.org\/es\/?s={search_term_string}"},"query-input":{"@type":"PropertyValueSpecification","valueRequired":true,"valueName":"search_term_string"}}],"inLanguage":"es-ES"},{"@type":"Organization","@id":"https:\/\/everybrainmatters.org\/es\/#organization","name":"Every Brain Matters","url":"https:\/\/everybrainmatters.org\/es\/","logo":{"@type":"ImageObject","inLanguage":"es-ES","@id":"https:\/\/everybrainmatters.org\/es\/#\/schema\/logo\/image\/","url":"https:\/\/everybrainmatters.org\/wp-content\/uploads\/AllBrains_3.jpg","contentUrl":"https:\/\/everybrainmatters.org\/wp-content\/uploads\/AllBrains_3.jpg","width":1000,"height":1087,"caption":"Every Brain Matters"},"image":{"@id":"https:\/\/everybrainmatters.org\/es\/#\/schema\/logo\/image\/"}}]}},"_links":{"self":[{"href":"https:\/\/everybrainmatters.org\/es\/wp-json\/wp\/v2\/pages\/46902","targetHints":{"allow":["GET"]}}],"collection":[{"href":"https:\/\/everybrainmatters.org\/es\/wp-json\/wp\/v2\/pages"}],"about":[{"href":"https:\/\/everybrainmatters.org\/es\/wp-json\/wp\/v2\/types\/page"}],"author":[{"embeddable":true,"href":"https:\/\/everybrainmatters.org\/es\/wp-json\/wp\/v2\/users\/11"}],"replies":[{"embeddable":true,"href":"https:\/\/everybrainmatters.org\/es\/wp-json\/wp\/v2\/comments?post=46902"}],"version-history":[{"count":5,"href":"https:\/\/everybrainmatters.org\/es\/wp-json\/wp\/v2\/pages\/46902\/revisions"}],"predecessor-version":[{"id":54822,"href":"https:\/\/everybrainmatters.org\/es\/wp-json\/wp\/v2\/pages\/46902\/revisions\/54822"}],"wp:attachment":[{"href":"https:\/\/everybrainmatters.org\/es\/wp-json\/wp\/v2\/media?parent=46902"}],"curies":[{"name":"wp","href":"https:\/\/api.w.org\/{rel}","templated":true}]}}